{"id":61,"date":"2021-09-29T10:21:36","date_gmt":"2021-09-29T14:21:36","guid":{"rendered":"https:\/\/carleton.ca\/esim22\/?page_id=61"},"modified":"2021-09-29T13:19:27","modified_gmt":"2021-09-29T17:19:27","slug":"accueil","status":"publish","type":"page","link":"https:\/\/carleton.ca\/esim22\/accueil\/","title":{"rendered":"Accueil"},"content":{"rendered":"<p><img decoding=\"async\" loading=\"lazy\" class=\"alignnone wp-image-65\" src=\"https:\/\/carleton.ca\/esim22\/wp-content\/uploads\/logo_fr-240x70.png\" alt=\"\" width=\"480\" height=\"140\" srcset=\"https:\/\/carleton.ca\/esim22\/wp-content\/uploads\/logo_fr-240x70.png 240w, https:\/\/carleton.ca\/esim22\/wp-content\/uploads\/logo_fr-400x116.png 400w, https:\/\/carleton.ca\/esim22\/wp-content\/uploads\/logo_fr-160x46.png 160w, https:\/\/carleton.ca\/esim22\/wp-content\/uploads\/logo_fr-360x105.png 360w, https:\/\/carleton.ca\/esim22\/wp-content\/uploads\/logo_fr.png 768w\" sizes=\"(max-width: 480px) 100vw, 480px\" \/><\/p>\n<p>Nous sommes ravis d&#8217;annoncer que la 12e conf\u00e9rence biennale sur la simulation de b\u00e2timent eSim se tiendra les <strong>22 et 23 juin 2022<\/strong> \u00e0 l&#8217;Universit\u00e9 Carleton \u00e0 Ottawa, Canada &#8211; organis\u00e9e dans le cadre d&#8217;un effort conjoint entre l&#8217;Universit\u00e9 Carleton, le Conseil national de recherches Canada et Ressources naturelles Canada. Le th\u00e8me d&#8217;eSim 2022 Ottawa est : \u00ab Simuler des b\u00e2timents pour la nouvelle normalit\u00e9 \u00bb. L&#8217;accent sera mis sur l&#8217;utilisation de la simulation de la performance des b\u00e2timents pour mod\u00e9liser et rechercher la qualit\u00e9 de l&#8217;air int\u00e9rieur et d&#8217;autres strat\u00e9gies pour att\u00e9nuer les risques li\u00e9s \u00e0 la transmission de maladies infectieuses. Compte tenu des \u00e9v\u00e9nements mondiaux de l&#8217;ann\u00e9e \u00e9coul\u00e9e, l&#8217;importance et la justification de ce th\u00e8me sont \u00e9videntes. Les \u00e9tudes examinant les impacts des changements post-pand\u00e9miques dans l&#8217;occupation, l&#8217;exploitation et les pratiques de conception des b\u00e2timents sur les mesures de performance des b\u00e2timents, telles que la conservation de l&#8217;\u00e9nergie et les r\u00e9ductions d&#8217;\u00e9missions de GES, sont \u00e9galement int\u00e9ressantes.<\/p>\n<p>Les conf\u00e9rences eSim sont les \u00e9v\u00e9nements phare <a href=\"https:\/\/ibpsa.ca\/\">d&#8217;IBPSA Canada<\/a> depuis 2001. Elles rassemblent les professionnels de la performance du b\u00e2timent au Canada et \u00e0 l&#8217;\u00e9tranger. Les d\u00e9l\u00e9gu\u00e9s repr\u00e9sentent un groupe diversifi\u00e9 d&#8217;universitaires, de chercheurs gouvernementaux et de professionnels de l&#8217;industrie. Les sujets des articles sont tout aussi divers et varient des syst\u00e8mes d&#8217;\u00e9nergie renouvelable, du comportement des occupants, de la lumi\u00e8re du jour et de la mod\u00e9lisation CVC, aux questions de code, de pratique et de politique. La conf\u00e9rence se d\u00e9roule sur deux jours avec environs 75 pr\u00e9sentations d&#8217;articles \u00e9valu\u00e9s par les pairs, plus de 200 d\u00e9l\u00e9gu\u00e9s, ainsi que deux jours d&#8217;ateliers th\u00e9oriques et logiciels, une visite technique, une r\u00e9ception et un banquet.<\/p>\n<style type=\"text\/css\">\n.tg  {border-collapse:collapse;border-spacing:0;}<br \/>.tg td{border-color:black;border-style:solid;border-width:1px;font-family:Arial, sans-serif;font-size:14px;<br \/>  overflow:hidden;padding:10px 5px;word-break:normal;}<br \/>.tg th{border-color:black;border-style:solid;border-width:1px;font-family:Arial, sans-serif;font-size:14px;<br \/>  font-weight:normal;overflow:hidden;padding:10px 5px;word-break:normal;}<br \/>.tg .tg-v0zy{background-color:#efefef;color:#000000;font-weight:bold;text-align:center;vertical-align:top}<br \/>.tg .tg-ncfi{background-color:#efefef;font-weight:bold;text-align:center;vertical-align:middle}<br \/>.tg .tg-baqh{text-align:center;vertical-align:top}<br \/>.tg .tg-h1hy{background-color:#fe996b;font-weight:bold;text-align:center;vertical-align:middle}<br \/>.tg .tg-scrz{background-color:#ffffff;color:#000000;font-weight:bold;text-align:center;vertical-align:top}<br \/>.tg .tg-gg2i{background-color:#fe996b;color:#000000;font-weight:bold;text-align:center;vertical-align:top}<br \/><\/style>\n<table class=\"tg\" style=\"width: 99.0824%; height: 137px;\">\n<thead>\n<tr style=\"height: 21px;\">\n<th class=\"tg-scrz\" style=\"height: 21px; width: 17.6044%;\"><\/th>\n<th class=\"tg-v0zy\" style=\"height: 21px; width: 17.4251%;\"><span style=\"font-style: normal; text-decoration: none;\">Mardi, 21 Juin<\/span><\/th>\n<th class=\"tg-gg2i\" style=\"height: 21px; width: 27.1041%;\"><span style=\"font-style: normal; text-decoration: none;\">Mercredi, 22 Juin<\/span><\/th>\n<th class=\"tg-gg2i\" style=\"height: 21px; width: 22.8085%;\"><span style=\"font-style: normal; text-decoration: none;\">Jeudi, 23 Juin<\/span><\/th>\n<th class=\"tg-v0zy\" style=\"height: 21px; width: 58.297%;\"><span style=\"font-style: normal; text-decoration: none;\">Vendredi, 24 Juin<\/span><\/th>\n<\/tr>\n<\/thead>\n<tbody>\n<tr style=\"height: 47px;\">\n<td class=\"tg-baqh\" style=\"height: 47px; width: 17.6044%;\">8h30 to 12h00<\/td>\n<td class=\"tg-ncfi\" style=\"height: 93px; width: 17.4251%;\" rowspan=\"3\"><span style=\"font-weight: 400; font-style: normal; text-decoration: none; color: #000;\">Ateliers &amp; <\/span><br \/>\nVisite technique<\/td>\n<td class=\"tg-h1hy\" style=\"height: 47px; width: 27.1041%;\">Discours liminaire<br \/>\nPr\u00e9sentations d&#8217;articles<\/td>\n<td class=\"tg-h1hy\" style=\"height: 47px; width: 22.8085%;\">Discours liminaire<br \/>\nPr\u00e9sentations d&#8217;articles<\/td>\n<td class=\"tg-ncfi\" style=\"height: 93px; width: 58.297%;\" rowspan=\"3\"><span style=\"font-weight: 400; font-style: normal; text-decoration: none; color: #000;\">Ateliers <\/span><\/td>\n<\/tr>\n<tr style=\"height: 23px;\">\n<td class=\"tg-baqh\" style=\"height: 23px; width: 17.6044%;\">12h00 to 13h00<\/td>\n<td class=\"tg-h1hy\" style=\"height: 23px; width: 27.1041%;\">D\u00e9jeuner<\/td>\n<td class=\"tg-h1hy\" style=\"height: 23px; width: 22.8085%;\">D\u00e9jeuner<\/td>\n<\/tr>\n<tr style=\"height: 23px;\">\n<td class=\"tg-baqh\" style=\"height: 23px; width: 17.6044%;\"><span style=\"font-style: normal; text-decoration: none; color: #000; background-color: transparent;\">13h00 to 17h00<\/span><\/td>\n<td class=\"tg-h1hy\" style=\"height: 23px; width: 27.1041%;\">Pr\u00e9sentations d&#8217;articles<\/td>\n<td class=\"tg-h1hy\" style=\"height: 23px; width: 22.8085%;\">Pr\u00e9sentations d&#8217;articles<\/td>\n<\/tr>\n<tr style=\"height: 23px;\">\n<td class=\"tg-baqh\" style=\"height: 23px; width: 17.6044%;\">17h00 to 22h00<\/td>\n<td class=\"tg-ncfi\" style=\"height: 23px; width: 17.4251%;\">R\u00e9ception<\/td>\n<td class=\"tg-h1hy\" style=\"height: 23px; width: 27.1041%;\"><span style=\"font-weight: 400; font-style: normal; text-decoration: none; color: #000;\">Banquet<\/span><\/td>\n<td class=\"tg-h1hy\" style=\"height: 23px; width: 22.8085%;\">&#8211;<\/td>\n<td class=\"tg-ncfi\" style=\"height: 23px; width: 58.297%;\">&#8211;<\/td>\n<\/tr>\n<\/tbody>\n<\/table>\n<p><\/p>\n","protected":false},"excerpt":{"rendered":"<p>Nous sommes ravis d&#8217;annoncer que la 12e conf\u00e9rence biennale sur la simulation de b\u00e2timent eSim se tiendra les 22 et 23 juin 2022 \u00e0 l&#8217;Universit\u00e9 Carleton \u00e0 Ottawa, Canada &#8211; organis\u00e9e dans le cadre d&#8217;un effort conjoint entre l&#8217;Universit\u00e9 Carleton, le Conseil national de recherches Canada et Ressources naturelles Canada. Le th\u00e8me d&#8217;eSim 2022 Ottawa [&hellip;]<\/p>\n","protected":false},"author":7,"featured_media":0,"parent":0,"menu_order":0,"comment_status":"closed","ping_status":"closed","template":"","meta":{"_relevanssi_hide_post":"","_relevanssi_hide_content":"","_relevanssi_pin_for_all":"","_relevanssi_pin_keywords":"","_relevanssi_unpin_keywords":"","_relevanssi_related_keywords":"","_relevanssi_related_include_ids":"","_relevanssi_related_exclude_ids":"","_relevanssi_related_no_append":"","_relevanssi_related_not_related":"","_relevanssi_related_posts":"","_relevanssi_noindex_reason":"","_mi_skip_tracking":false,"_exactmetrics_sitenote_active":false,"_exactmetrics_sitenote_note":"","_exactmetrics_sitenote_category":0,"_monsterinsights_sitenote_active":false,"_monsterinsights_sitenote_note":"","_monsterinsights_sitenote_category":0,"footnotes":"","_links_to":"","_links_to_target":""},"yoast_head":"<!-- This site is optimized with the Yoast SEO plugin v21.2 - https:\/\/yoast.com\/wordpress\/plugins\/seo\/ -->\n<title>Accueil - eSim 2022<\/title>\n<meta name=\"description\" content=\"Nous sommes ravis d&#039;annoncer que la 12e conf\u00e9rence biennale sur la simulation de b\u00e2timent eSim se tiendra les 22 et 23 juin 2022 \u00e0 l&#039;Universit\u00e9 Carleton \u00e0\" \/>\n<meta name=\"robots\" content=\"index, follow, max-snippet:-1, max-image-preview:large, max-video-preview:-1\" \/>\n<link rel=\"canonical\" href=\"https:\/\/carleton.ca\/esim22\/accueil\/\" \/>\n<meta name=\"twitter:label1\" content=\"Est. reading time\" \/>\n\t<meta name=\"twitter:data1\" content=\"2 minutes\" \/>\n<script type=\"application\/ld+json\" class=\"yoast-schema-graph\">{\"@context\":\"https:\/\/schema.org\",\"@graph\":[{\"@type\":\"WebPage\",\"@id\":\"https:\/\/carleton.ca\/esim22\/accueil\/\",\"url\":\"https:\/\/carleton.ca\/esim22\/accueil\/\",\"name\":\"Accueil - eSim 2022\",\"isPartOf\":{\"@id\":\"https:\/\/carleton.ca\/esim22\/#website\"},\"datePublished\":\"2021-09-29T14:21:36+00:00\",\"dateModified\":\"2021-09-29T17:19:27+00:00\",\"description\":\"Nous sommes ravis d'annoncer que la 12e conf\u00e9rence biennale sur la simulation de b\u00e2timent eSim se tiendra les 22 et 23 juin 2022 \u00e0 l'Universit\u00e9 Carleton \u00e0\",\"breadcrumb\":{\"@id\":\"https:\/\/carleton.ca\/esim22\/accueil\/#breadcrumb\"},\"inLanguage\":\"en-US\",\"potentialAction\":[{\"@type\":\"ReadAction\",\"target\":[\"https:\/\/carleton.ca\/esim22\/accueil\/\"]}]},{\"@type\":\"BreadcrumbList\",\"@id\":\"https:\/\/carleton.ca\/esim22\/accueil\/#breadcrumb\",\"itemListElement\":[{\"@type\":\"ListItem\",\"position\":1,\"name\":\"Home\",\"item\":\"https:\/\/carleton.ca\/esim22\/\"},{\"@type\":\"ListItem\",\"position\":2,\"name\":\"Accueil\"}]},{\"@type\":\"WebSite\",\"@id\":\"https:\/\/carleton.ca\/esim22\/#website\",\"url\":\"https:\/\/carleton.ca\/esim22\/\",\"name\":\"eSim 2022\",\"description\":\"Carleton University\",\"potentialAction\":[{\"@type\":\"SearchAction\",\"target\":{\"@type\":\"EntryPoint\",\"urlTemplate\":\"https:\/\/carleton.ca\/esim22\/?s={search_term_string}\"},\"query-input\":\"required name=search_term_string\"}],\"inLanguage\":\"en-US\"}]}<\/script>\n<!-- \/ Yoast SEO plugin. -->","yoast_head_json":{"title":"Accueil - eSim 2022","description":"Nous sommes ravis d'annoncer que la 12e conf\u00e9rence biennale sur la simulation de b\u00e2timent eSim se tiendra les 22 et 23 juin 2022 \u00e0 l'Universit\u00e9 Carleton \u00e0","robots":{"index":"index","follow":"follow","max-snippet":"max-snippet:-1","max-image-preview":"max-image-preview:large","max-video-preview":"max-video-preview:-1"},"canonical":"https:\/\/carleton.ca\/esim22\/accueil\/","twitter_misc":{"Est. reading time":"2 minutes"},"schema":{"@context":"https:\/\/schema.org","@graph":[{"@type":"WebPage","@id":"https:\/\/carleton.ca\/esim22\/accueil\/","url":"https:\/\/carleton.ca\/esim22\/accueil\/","name":"Accueil - eSim 2022","isPartOf":{"@id":"https:\/\/carleton.ca\/esim22\/#website"},"datePublished":"2021-09-29T14:21:36+00:00","dateModified":"2021-09-29T17:19:27+00:00","description":"Nous sommes ravis d'annoncer que la 12e conf\u00e9rence biennale sur la simulation de b\u00e2timent eSim se tiendra les 22 et 23 juin 2022 \u00e0 l'Universit\u00e9 Carleton \u00e0","breadcrumb":{"@id":"https:\/\/carleton.ca\/esim22\/accueil\/#breadcrumb"},"inLanguage":"en-US","potentialAction":[{"@type":"ReadAction","target":["https:\/\/carleton.ca\/esim22\/accueil\/"]}]},{"@type":"BreadcrumbList","@id":"https:\/\/carleton.ca\/esim22\/accueil\/#breadcrumb","itemListElement":[{"@type":"ListItem","position":1,"name":"Home","item":"https:\/\/carleton.ca\/esim22\/"},{"@type":"ListItem","position":2,"name":"Accueil"}]},{"@type":"WebSite","@id":"https:\/\/carleton.ca\/esim22\/#website","url":"https:\/\/carleton.ca\/esim22\/","name":"eSim 2022","description":"Carleton University","potentialAction":[{"@type":"SearchAction","target":{"@type":"EntryPoint","urlTemplate":"https:\/\/carleton.ca\/esim22\/?s={search_term_string}"},"query-input":"required name=search_term_string"}],"inLanguage":"en-US"}]}},"acf":{"banner_image_type":"hosted","banner_button":"no","banner_hosted_image":"aerial","banner_opacity":"default"},"_links":{"self":[{"href":"https:\/\/carleton.ca\/esim22\/wp-json\/wp\/v2\/pages\/61"}],"collection":[{"href":"https:\/\/carleton.ca\/esim22\/wp-json\/wp\/v2\/pages"}],"about":[{"href":"https:\/\/carleton.ca\/esim22\/wp-json\/wp\/v2\/types\/page"}],"author":[{"embeddable":true,"href":"https:\/\/carleton.ca\/esim22\/wp-json\/wp\/v2\/users\/7"}],"replies":[{"embeddable":true,"href":"https:\/\/carleton.ca\/esim22\/wp-json\/wp\/v2\/comments?post=61"}],"version-history":[{"count":2,"href":"https:\/\/carleton.ca\/esim22\/wp-json\/wp\/v2\/pages\/61\/revisions"}],"predecessor-version":[{"id":70,"href":"https:\/\/carleton.ca\/esim22\/wp-json\/wp\/v2\/pages\/61\/revisions\/70"}],"wp:attachment":[{"href":"https:\/\/carleton.ca\/esim22\/wp-json\/wp\/v2\/media?parent=61"}],"curies":[{"name":"wp","href":"https:\/\/api.w.org\/{rel}","templated":true}]}}