{"id":71,"date":"2021-09-29T10:46:22","date_gmt":"2021-09-29T14:46:22","guid":{"rendered":"https:\/\/carleton.ca\/esim22\/?page_id=71"},"modified":"2022-03-12T10:36:18","modified_gmt":"2022-03-12T15:36:18","slug":"appel_contributions","status":"publish","type":"page","link":"https:\/\/carleton.ca\/esim22\/accueil\/appel_contributions\/","title":{"rendered":"Appel \u00e0 contributions"},"content":{"rendered":"<p>Nous acceptons les soumissions d&#8217;articles sur les sujets suivants :<\/p>\n<ul>\n<li>Impact et r\u00e9ponse reli\u00e9 \u00e0 la COVID dans la conception et l&#8217;exploitation des b\u00e2timents<\/li>\n<li>Mod\u00e9lisation et simulation thermique, a\u00e9raulique, hygrom\u00e9trique, lumineuse, acoustique<\/li>\n<li>Mod\u00e9lisation des syst\u00e8mes de conversion, de stockage, de distribution et de contr\u00f4le de l&#8217;\u00e9nergie<\/li>\n<li>Occupation, comportement des occupants et mod\u00e9lisation du confort<\/li>\n<li>\u00c9valuation de l&#8217;incertitude, analyse de sensibilit\u00e9 pour la performance des b\u00e2timents<\/li>\n<li>\u00c9talonnage des mod\u00e8les de simulation de performance des b\u00e2timents<\/li>\n<li>Mod\u00e9lisation des interactions b\u00e2timent-r\u00e9seau<\/li>\n<li>Mod\u00e9lisation ax\u00e9e sur les contr\u00f4les<\/li>\n<li>Commande pr\u00e9dictive \u00e0 base de mod\u00e8le<\/li>\n<li>D\u00e9tection et diagnostic des pannes<\/li>\n<li>\u00c9valuation comparative des performances et mod\u00e9lisation inverse<\/li>\n<li>\u00c9tudes des cas r\u00e9els utilisant de nouveaux aspects de la simulation de la performance des b\u00e2timents<\/li>\n<\/ul>\n<h2>Directives de Soumission<\/h2>\n<p>Pour eSim 2022, nous sollicitons deux types de soumissions:<\/p>\n<ul>\n<li>Articles r\u00e9guliers (max 8 pages)<\/li>\n<li>Articles courts (max 4 pages)<\/li>\n<\/ul>\n<p>Les articles courts sont destin\u00e9s \u00e0 discuter des r\u00e9sultats de recherche pr\u00e9liminaires, \u00e0 pr\u00e9senter de nouvelles directions de recherche, \u00e0 d\u00e9crire de nouveaux logiciels ou ensembles de donn\u00e9es. Les articles courts sont un nouveau type de soumission d&#8217;articles \u00e0 eSim pour encourager les jeunes chercheurs et \u00e9quipes de recherche entrant dans ce domaine de recherche \u00e0 partager leurs travaux et les participants de l&#8217;industrie qui pourraient ne pas \u00eatre en mesure de consacrer des ressources \u00e0 un article plus long. Les articles courts seront \u00e9valu\u00e9es en fonction de la nouveaut\u00e9 des id\u00e9es, du potentiel d&#8217;impact et de la qualit\u00e9 de la pr\u00e9sentation.<\/p>\n<p>Les articles soumis doivent \u00eatre non-publi\u00e9s et ne pas \u00eatre en cours de r\u00e9vision pour une autre publication. Les soumissions doivent \u00eatre des articles complets, en format US Letter \u00e0 simple interligne (8,5 &#8220;x 11&#8221;), y compris les figures, les tableaux, les r\u00e9f\u00e9rences et les annexes. Toutes les soumissions doivent suivre le mod\u00e8le <a href=\"https:\/\/carleton.ca\/esim22\/wp-content\/uploads\/Paper-Preparation-Guide-and-Submission-Instructions-for-eSim-2022-Conference.docx\">Word<\/a> ou le mod\u00e8le <a href=\"https:\/\/carleton.ca\/esim22\/wp-content\/uploads\/eSim2022_LatexTemplate.zip\">LaTeX<\/a>.<\/p>\n<h2>Dates Importantes<\/h2>\n<ul>\n<li>Soumission des r\u00e9sum\u00e9s : <s>30 octobre 2021<\/s> 12 novembre 2021<\/li>\n<li>Soumission de l\u2019article: <span style=\"font-weight: 400;\"><s>15 f\u00e9vrier 2022<\/s> 1er mars 2022<\/span><\/li>\n<li>Notification pour l\u2019article : 7 avril 2022<\/li>\n<li>Soumission de l\u2019article pour publication : 15 mai 2022<\/li>\n<\/ul>\n<h2 id=\"tw-target-text\" class=\"tw-data-text tw-text-large XcVN5d tw-ta\" dir=\"ltr\" data-placeholder=\"Translation\"><span class=\"Y2IQFc\" lang=\"fr\">Lien de soumission<\/span><\/h2>\n<p>Nous accueillons actuellement la soumission de r\u00e9sum\u00e9s jusqu&#8217;au 12 novembre 2021 \u00e0 partir du formulaire de <a href=\"https:\/\/www.conftool.com\/esim2022\/\">soumission Web<\/a>.<\/p>\n","protected":false},"excerpt":{"rendered":"<p>Nous acceptons les soumissions d&#8217;articles sur les sujets suivants : Impact et r\u00e9ponse reli\u00e9 \u00e0 la COVID dans la conception et l&#8217;exploitation des b\u00e2timents Mod\u00e9lisation et simulation thermique, a\u00e9raulique, hygrom\u00e9trique, lumineuse, acoustique Mod\u00e9lisation des syst\u00e8mes de conversion, de stockage, de distribution et de contr\u00f4le de l&#8217;\u00e9nergie Occupation, comportement des occupants et mod\u00e9lisation du confort \u00c9valuation [&hellip;]<\/p>\n","protected":false},"author":7,"featured_media":0,"parent":61,"menu_order":1,"comment_status":"closed","ping_status":"closed","template":"","meta":{"_relevanssi_hide_post":"","_relevanssi_hide_content":"","_relevanssi_pin_for_all":"","_relevanssi_pin_keywords":"","_relevanssi_unpin_keywords":"","_relevanssi_related_keywords":"","_relevanssi_related_include_ids":"","_relevanssi_related_exclude_ids":"","_relevanssi_related_no_append":"","_relevanssi_related_not_related":"","_relevanssi_related_posts":"","_relevanssi_noindex_reason":"","_mi_skip_tracking":false,"_exactmetrics_sitenote_active":false,"_exactmetrics_sitenote_note":"","_exactmetrics_sitenote_category":0,"_monsterinsights_sitenote_active":false,"_monsterinsights_sitenote_note":"","_monsterinsights_sitenote_category":0,"footnotes":"","_links_to":"","_links_to_target":""},"yoast_head":"<!-- This site is optimized with the Yoast SEO plugin v21.2 - https:\/\/yoast.com\/wordpress\/plugins\/seo\/ -->\n<title>Appel \u00e0 contributions - eSim 2022<\/title>\n<meta name=\"description\" content=\"Nous acceptons les soumissions d&#039;articles sur les sujets suivants : Impact et r\u00e9ponse reli\u00e9 \u00e0 la COVID dans la conception et l&#039;exploitation des b\u00e2timents\" \/>\n<meta name=\"robots\" content=\"index, follow, max-snippet:-1, max-image-preview:large, max-video-preview:-1\" \/>\n<link rel=\"canonical\" href=\"https:\/\/carleton.ca\/esim22\/accueil\/appel_contributions\/\" \/>\n<meta name=\"twitter:label1\" content=\"Est. reading time\" \/>\n\t<meta name=\"twitter:data1\" content=\"2 minutes\" \/>\n<script type=\"application\/ld+json\" class=\"yoast-schema-graph\">{\"@context\":\"https:\/\/schema.org\",\"@graph\":[{\"@type\":\"WebPage\",\"@id\":\"https:\/\/carleton.ca\/esim22\/accueil\/appel_contributions\/\",\"url\":\"https:\/\/carleton.ca\/esim22\/accueil\/appel_contributions\/\",\"name\":\"Appel \u00e0 contributions - eSim 2022\",\"isPartOf\":{\"@id\":\"https:\/\/carleton.ca\/esim22\/#website\"},\"datePublished\":\"2021-09-29T14:46:22+00:00\",\"dateModified\":\"2022-03-12T15:36:18+00:00\",\"description\":\"Nous acceptons les soumissions d'articles sur les sujets suivants : Impact et r\u00e9ponse reli\u00e9 \u00e0 la COVID dans la conception et l'exploitation des b\u00e2timents\",\"breadcrumb\":{\"@id\":\"https:\/\/carleton.ca\/esim22\/accueil\/appel_contributions\/#breadcrumb\"},\"inLanguage\":\"en-US\",\"potentialAction\":[{\"@type\":\"ReadAction\",\"target\":[\"https:\/\/carleton.ca\/esim22\/accueil\/appel_contributions\/\"]}]},{\"@type\":\"BreadcrumbList\",\"@id\":\"https:\/\/carleton.ca\/esim22\/accueil\/appel_contributions\/#breadcrumb\",\"itemListElement\":[{\"@type\":\"ListItem\",\"position\":1,\"name\":\"Home\",\"item\":\"https:\/\/carleton.ca\/esim22\/\"},{\"@type\":\"ListItem\",\"position\":2,\"name\":\"Accueil\",\"item\":\"https:\/\/carleton.ca\/esim22\/accueil\/\"},{\"@type\":\"ListItem\",\"position\":3,\"name\":\"Appel \u00e0 contributions\"}]},{\"@type\":\"WebSite\",\"@id\":\"https:\/\/carleton.ca\/esim22\/#website\",\"url\":\"https:\/\/carleton.ca\/esim22\/\",\"name\":\"eSim 2022\",\"description\":\"Carleton University\",\"potentialAction\":[{\"@type\":\"SearchAction\",\"target\":{\"@type\":\"EntryPoint\",\"urlTemplate\":\"https:\/\/carleton.ca\/esim22\/?s={search_term_string}\"},\"query-input\":\"required name=search_term_string\"}],\"inLanguage\":\"en-US\"}]}<\/script>\n<!-- \/ Yoast SEO plugin. -->","yoast_head_json":{"title":"Appel \u00e0 contributions - eSim 2022","description":"Nous acceptons les soumissions d'articles sur les sujets suivants : Impact et r\u00e9ponse reli\u00e9 \u00e0 la COVID dans la conception et l'exploitation des b\u00e2timents","robots":{"index":"index","follow":"follow","max-snippet":"max-snippet:-1","max-image-preview":"max-image-preview:large","max-video-preview":"max-video-preview:-1"},"canonical":"https:\/\/carleton.ca\/esim22\/accueil\/appel_contributions\/","twitter_misc":{"Est. reading time":"2 minutes"},"schema":{"@context":"https:\/\/schema.org","@graph":[{"@type":"WebPage","@id":"https:\/\/carleton.ca\/esim22\/accueil\/appel_contributions\/","url":"https:\/\/carleton.ca\/esim22\/accueil\/appel_contributions\/","name":"Appel \u00e0 contributions - eSim 2022","isPartOf":{"@id":"https:\/\/carleton.ca\/esim22\/#website"},"datePublished":"2021-09-29T14:46:22+00:00","dateModified":"2022-03-12T15:36:18+00:00","description":"Nous acceptons les soumissions d'articles sur les sujets suivants : Impact et r\u00e9ponse reli\u00e9 \u00e0 la COVID dans la conception et l'exploitation des b\u00e2timents","breadcrumb":{"@id":"https:\/\/carleton.ca\/esim22\/accueil\/appel_contributions\/#breadcrumb"},"inLanguage":"en-US","potentialAction":[{"@type":"ReadAction","target":["https:\/\/carleton.ca\/esim22\/accueil\/appel_contributions\/"]}]},{"@type":"BreadcrumbList","@id":"https:\/\/carleton.ca\/esim22\/accueil\/appel_contributions\/#breadcrumb","itemListElement":[{"@type":"ListItem","position":1,"name":"Home","item":"https:\/\/carleton.ca\/esim22\/"},{"@type":"ListItem","position":2,"name":"Accueil","item":"https:\/\/carleton.ca\/esim22\/accueil\/"},{"@type":"ListItem","position":3,"name":"Appel \u00e0 contributions"}]},{"@type":"WebSite","@id":"https:\/\/carleton.ca\/esim22\/#website","url":"https:\/\/carleton.ca\/esim22\/","name":"eSim 2022","description":"Carleton University","potentialAction":[{"@type":"SearchAction","target":{"@type":"EntryPoint","urlTemplate":"https:\/\/carleton.ca\/esim22\/?s={search_term_string}"},"query-input":"required name=search_term_string"}],"inLanguage":"en-US"}]}},"acf":{"banner_image_type":"none","banner_button":"no"},"_links":{"self":[{"href":"https:\/\/carleton.ca\/esim22\/wp-json\/wp\/v2\/pages\/71"}],"collection":[{"href":"https:\/\/carleton.ca\/esim22\/wp-json\/wp\/v2\/pages"}],"about":[{"href":"https:\/\/carleton.ca\/esim22\/wp-json\/wp\/v2\/types\/page"}],"author":[{"embeddable":true,"href":"https:\/\/carleton.ca\/esim22\/wp-json\/wp\/v2\/users\/7"}],"replies":[{"embeddable":true,"href":"https:\/\/carleton.ca\/esim22\/wp-json\/wp\/v2\/comments?post=71"}],"version-history":[{"count":4,"href":"https:\/\/carleton.ca\/esim22\/wp-json\/wp\/v2\/pages\/71\/revisions"}],"predecessor-version":[{"id":199,"href":"https:\/\/carleton.ca\/esim22\/wp-json\/wp\/v2\/pages\/71\/revisions\/199"}],"up":[{"embeddable":true,"href":"https:\/\/carleton.ca\/esim22\/wp-json\/wp\/v2\/pages\/61"}],"wp:attachment":[{"href":"https:\/\/carleton.ca\/esim22\/wp-json\/wp\/v2\/media?parent=71"}],"curies":[{"name":"wp","href":"https:\/\/api.w.org\/{rel}","templated":true}]}}