{"id":74,"date":"2021-09-29T10:49:18","date_gmt":"2021-09-29T14:49:18","guid":{"rendered":"https:\/\/carleton.ca\/esim22\/?page_id=74"},"modified":"2022-06-06T08:15:28","modified_gmt":"2022-06-06T12:15:28","slug":"evenement","status":"publish","type":"page","link":"https:\/\/carleton.ca\/esim22\/accueil\/evenement\/","title":{"rendered":"Lieu de l&#8217;\u00e9v\u00e9nement"},"content":{"rendered":"<p>L&#8217;Universit\u00e9 Carleton se trouve dans la capitale nationale et est entour\u00e9e de paysages pittoresques par la rivi\u00e8re Rideau et le canal Rideau, un site du patrimoine mondial de l&#8217;UNESCO. Le canal Rideau est \u00e9galement la plus grande patinoire au monde. Cependant, les temp\u00e9ratures maximales de juin avoisinent les 25\u00b0C, donc les randonn\u00e9es le long du canal et dans les parcs \u00e0 proximit\u00e9 seraient plus saisonni\u00e8res! En tant que capitale nationale, Ottawa est une ville de 1,2 million d&#8217;habitants avec des mus\u00e9es de classe mondiale et de vols directs vers la plupart des villes canadiennes et des plaques tournantes europ\u00e9ennes et am\u00e9ricaines. C&#8217;est \u00e9galement un court trajet en train de Montr\u00e9al, Toronto et Qu\u00e9bec.<\/p>\n<p>Les sessions parall\u00e8les de la conf\u00e9rence auront lieu au Richcraft Hall et au Tory Building de l&#8217;Universit\u00e9 Carleton. L&#8217;emplacement du Richcraft Hall est indiqu\u00e9 sur <a href=\"http:\/\/carleton.ca\/campus\/map\/#RB\">cette carte interactive<\/a> et le Tory Building est \u00e0 quelques pas du Richcraft Hall (voir sur la <a href=\"http:\/\/carleton.ca\/campus\/map\/#TB\">carte<\/a>)!<\/p>\n<p>La r\u00e9ception du 21 juin aura lieu \u00e0 <a href=\"https:\/\/www.google.com\/maps\/place\/\/data=!4m2!3m1!1s0x4cce043deedd95cd:0x2524dfbe456a84b2?source=g.page.share\">Beyond the Pale Brewery<\/a>. C&#8217;est une agr\u00e9able promenade de 40 minutes \u00e0 travers <a href=\"https:\/\/friendsofthefarm.ca\/plan-your-visit\/attractions\/\">l&#8217;Arboretum<\/a> si vous venez de Carleton et juste \u00e0 c\u00f4t\u00e9 d&#8217;un important centre de transport en commun (<a href=\"https:\/\/www.octranspo.com\/en\/ready-for-rail\/bayview\">la station Bayview<\/a>) si vous utilisez le service de train l\u00e9ger sur rail d&#8217;OC Transpo depuis le centre-ville, ou les autobus d&#8217;ailleurs.Le banquet du 22 juin aura lieu au <a href=\"https:\/\/www.google.com\/maps\/place\/Mill+St.+Brew+Pub\/@45.4192706,-75.7136083,18z\/data=!4m5!3m4!1s0x0:0x513a7abaaf8d76!8m2!3d45.4196775!4d-75.7126517?shorturl=1\">Mill Street Brew Pub<\/a>, un \u00e9difice patrimonial sur la rivi\u00e8re des Outaouais &#8211; \u00e0 quelques pas seulement du lieu de r\u00e9ception!<\/p>\n<p>Veuillez adresser vos questions au pr\u00e9sident eSim 2022, Burak Gunay (<a href=\"&#x6d;&#97;&#105;l&#x74;&#x6f;&#58;b&#x75;&#x72;&#97;k&#46;&#x67;&#117;&#110;a&#x79;&#x40;&#99;a&#x72;&#x6c;&#101;&#116;o&#x6e;&#x2e;&#99;a\">&#x62;&#117;r&#x61;&#107;&#46;&#x67;&#117;n&#x61;&#x79;&#64;&#x63;&#x61;&#114;l&#x65;&#116;o&#x6e;&#46;c&#x61;<\/a>).<\/p>\n<p><img decoding=\"async\" loading=\"lazy\" class=\"alignnone size-medium wp-image-40\" src=\"https:\/\/carleton.ca\/esim22\/wp-content\/uploads\/carleton-university-skyview-sept-2020-1600w-2-240x105.jpg\" alt=\"\" width=\"600\" height=\"262\" srcset=\"https:\/\/carleton.ca\/esim22\/wp-content\/uploads\/carleton-university-skyview-sept-2020-1600w-2-240x105.jpg 240w, https:\/\/carleton.ca\/esim22\/wp-content\/uploads\/carleton-university-skyview-sept-2020-1600w-2-400x175.jpg 400w, https:\/\/carleton.ca\/esim22\/wp-content\/uploads\/carleton-university-skyview-sept-2020-1600w-2-160x70.jpg 160w, https:\/\/carleton.ca\/esim22\/wp-content\/uploads\/carleton-university-skyview-sept-2020-1600w-2-768x336.jpg 768w, https:\/\/carleton.ca\/esim22\/wp-content\/uploads\/carleton-university-skyview-sept-2020-1600w-2-1536x672.jpg 1536w, https:\/\/carleton.ca\/esim22\/wp-content\/uploads\/carleton-university-skyview-sept-2020-1600w-2-360x158.jpg 360w, https:\/\/carleton.ca\/esim22\/wp-content\/uploads\/carleton-university-skyview-sept-2020-1600w-2.jpg 1600w\" sizes=\"(max-width: 600px) 100vw, 600px\" \/><\/p>\n<p><img decoding=\"async\" loading=\"lazy\" class=\"alignnone size-medium wp-image-41\" src=\"https:\/\/carleton.ca\/esim22\/wp-content\/uploads\/Rideau_Canal-240x180.jpg\" alt=\"\" width=\"600\" height=\"450\" srcset=\"https:\/\/carleton.ca\/esim22\/wp-content\/uploads\/Rideau_Canal-240x180.jpg 240w, https:\/\/carleton.ca\/esim22\/wp-content\/uploads\/Rideau_Canal-400x300.jpg 400w, https:\/\/carleton.ca\/esim22\/wp-content\/uploads\/Rideau_Canal-160x120.jpg 160w, https:\/\/carleton.ca\/esim22\/wp-content\/uploads\/Rideau_Canal-768x576.jpg 768w, https:\/\/carleton.ca\/esim22\/wp-content\/uploads\/Rideau_Canal-800x600.jpg 800w, https:\/\/carleton.ca\/esim22\/wp-content\/uploads\/Rideau_Canal-360x270.jpg 360w, https:\/\/carleton.ca\/esim22\/wp-content\/uploads\/Rideau_Canal.jpg 1280w\" sizes=\"(max-width: 600px) 100vw, 600px\" \/><\/p>\n<p><iframe loading=\"lazy\" style=\"border: 0;\" src=\"https:\/\/www.google.com\/maps\/embed?pb=!1m18!1m12!1m3!1d8391.900410171182!2d-75.70101414038196!3d45.38881310353107!2m3!1f0!2f0!3f0!3m2!1i1024!2i768!4f13.1!3m3!1m2!1s0x4cce05d8d37fecc3%3A0xbf5d8d7821b8dcdc!2sCarleton%20University!5e1!3m2!1sen!2sca!4v1632222183843!5m2!1sen!2sca\" width=\"600\" height=\"450\" allowfullscreen=\"allowfullscreen\"><\/iframe><\/p>\n","protected":false},"excerpt":{"rendered":"<p>L&#8217;Universit\u00e9 Carleton se trouve dans la capitale nationale et est entour\u00e9e de paysages pittoresques par la rivi\u00e8re Rideau et le canal Rideau, un site du patrimoine mondial de l&#8217;UNESCO. Le canal Rideau est \u00e9galement la plus grande patinoire au monde. Cependant, les temp\u00e9ratures maximales de juin avoisinent les 25\u00b0C, donc les randonn\u00e9es le long du [&hellip;]<\/p>\n","protected":false},"author":7,"featured_media":0,"parent":61,"menu_order":2,"comment_status":"closed","ping_status":"closed","template":"","meta":{"_relevanssi_hide_post":"","_relevanssi_hide_content":"","_relevanssi_pin_for_all":"","_relevanssi_pin_keywords":"","_relevanssi_unpin_keywords":"","_relevanssi_related_keywords":"","_relevanssi_related_include_ids":"","_relevanssi_related_exclude_ids":"","_relevanssi_related_no_append":"","_relevanssi_related_not_related":"","_relevanssi_related_posts":"","_relevanssi_noindex_reason":"","_mi_skip_tracking":false,"_exactmetrics_sitenote_active":false,"_exactmetrics_sitenote_note":"","_exactmetrics_sitenote_category":0,"_monsterinsights_sitenote_active":false,"_monsterinsights_sitenote_note":"","_monsterinsights_sitenote_category":0,"footnotes":"","_links_to":"","_links_to_target":""},"yoast_head":"<!-- This site is optimized with the Yoast SEO plugin v21.2 - https:\/\/yoast.com\/wordpress\/plugins\/seo\/ -->\n<title>Lieu de l&#039;\u00e9v\u00e9nement - eSim 2022<\/title>\n<meta name=\"description\" content=\"L&#039;Universit\u00e9 Carleton se trouve dans la capitale nationale et est entour\u00e9e de paysages pittoresques par la rivi\u00e8re Rideau et le canal Rideau, un site du\" \/>\n<meta name=\"robots\" content=\"index, follow, max-snippet:-1, max-image-preview:large, max-video-preview:-1\" \/>\n<link rel=\"canonical\" href=\"https:\/\/carleton.ca\/esim22\/accueil\/evenement\/\" \/>\n<meta name=\"twitter:label1\" content=\"Est. reading time\" \/>\n\t<meta name=\"twitter:data1\" content=\"1 minute\" \/>\n<script type=\"application\/ld+json\" class=\"yoast-schema-graph\">{\"@context\":\"https:\/\/schema.org\",\"@graph\":[{\"@type\":\"WebPage\",\"@id\":\"https:\/\/carleton.ca\/esim22\/accueil\/evenement\/\",\"url\":\"https:\/\/carleton.ca\/esim22\/accueil\/evenement\/\",\"name\":\"Lieu de l'\u00e9v\u00e9nement - eSim 2022\",\"isPartOf\":{\"@id\":\"https:\/\/carleton.ca\/esim22\/#website\"},\"datePublished\":\"2021-09-29T14:49:18+00:00\",\"dateModified\":\"2022-06-06T12:15:28+00:00\",\"description\":\"L'Universit\u00e9 Carleton se trouve dans la capitale nationale et est entour\u00e9e de paysages pittoresques par la rivi\u00e8re Rideau et le canal Rideau, un site du\",\"breadcrumb\":{\"@id\":\"https:\/\/carleton.ca\/esim22\/accueil\/evenement\/#breadcrumb\"},\"inLanguage\":\"en-US\",\"potentialAction\":[{\"@type\":\"ReadAction\",\"target\":[\"https:\/\/carleton.ca\/esim22\/accueil\/evenement\/\"]}]},{\"@type\":\"BreadcrumbList\",\"@id\":\"https:\/\/carleton.ca\/esim22\/accueil\/evenement\/#breadcrumb\",\"itemListElement\":[{\"@type\":\"ListItem\",\"position\":1,\"name\":\"Home\",\"item\":\"https:\/\/carleton.ca\/esim22\/\"},{\"@type\":\"ListItem\",\"position\":2,\"name\":\"Accueil\",\"item\":\"https:\/\/carleton.ca\/esim22\/accueil\/\"},{\"@type\":\"ListItem\",\"position\":3,\"name\":\"Lieu de l&#8217;\u00e9v\u00e9nement\"}]},{\"@type\":\"WebSite\",\"@id\":\"https:\/\/carleton.ca\/esim22\/#website\",\"url\":\"https:\/\/carleton.ca\/esim22\/\",\"name\":\"eSim 2022\",\"description\":\"Carleton University\",\"potentialAction\":[{\"@type\":\"SearchAction\",\"target\":{\"@type\":\"EntryPoint\",\"urlTemplate\":\"https:\/\/carleton.ca\/esim22\/?s={search_term_string}\"},\"query-input\":\"required name=search_term_string\"}],\"inLanguage\":\"en-US\"}]}<\/script>\n<!-- \/ Yoast SEO plugin. -->","yoast_head_json":{"title":"Lieu de l'\u00e9v\u00e9nement - eSim 2022","description":"L'Universit\u00e9 Carleton se trouve dans la capitale nationale et est entour\u00e9e de paysages pittoresques par la rivi\u00e8re Rideau et le canal Rideau, un site du","robots":{"index":"index","follow":"follow","max-snippet":"max-snippet:-1","max-image-preview":"max-image-preview:large","max-video-preview":"max-video-preview:-1"},"canonical":"https:\/\/carleton.ca\/esim22\/accueil\/evenement\/","twitter_misc":{"Est. reading time":"1 minute"},"schema":{"@context":"https:\/\/schema.org","@graph":[{"@type":"WebPage","@id":"https:\/\/carleton.ca\/esim22\/accueil\/evenement\/","url":"https:\/\/carleton.ca\/esim22\/accueil\/evenement\/","name":"Lieu de l'\u00e9v\u00e9nement - eSim 2022","isPartOf":{"@id":"https:\/\/carleton.ca\/esim22\/#website"},"datePublished":"2021-09-29T14:49:18+00:00","dateModified":"2022-06-06T12:15:28+00:00","description":"L'Universit\u00e9 Carleton se trouve dans la capitale nationale et est entour\u00e9e de paysages pittoresques par la rivi\u00e8re Rideau et le canal Rideau, un site du","breadcrumb":{"@id":"https:\/\/carleton.ca\/esim22\/accueil\/evenement\/#breadcrumb"},"inLanguage":"en-US","potentialAction":[{"@type":"ReadAction","target":["https:\/\/carleton.ca\/esim22\/accueil\/evenement\/"]}]},{"@type":"BreadcrumbList","@id":"https:\/\/carleton.ca\/esim22\/accueil\/evenement\/#breadcrumb","itemListElement":[{"@type":"ListItem","position":1,"name":"Home","item":"https:\/\/carleton.ca\/esim22\/"},{"@type":"ListItem","position":2,"name":"Accueil","item":"https:\/\/carleton.ca\/esim22\/accueil\/"},{"@type":"ListItem","position":3,"name":"Lieu de l&#8217;\u00e9v\u00e9nement"}]},{"@type":"WebSite","@id":"https:\/\/carleton.ca\/esim22\/#website","url":"https:\/\/carleton.ca\/esim22\/","name":"eSim 2022","description":"Carleton University","potentialAction":[{"@type":"SearchAction","target":{"@type":"EntryPoint","urlTemplate":"https:\/\/carleton.ca\/esim22\/?s={search_term_string}"},"query-input":"required name=search_term_string"}],"inLanguage":"en-US"}]}},"acf":{"banner_image_type":"none","banner_button":"no"},"_links":{"self":[{"href":"https:\/\/carleton.ca\/esim22\/wp-json\/wp\/v2\/pages\/74"}],"collection":[{"href":"https:\/\/carleton.ca\/esim22\/wp-json\/wp\/v2\/pages"}],"about":[{"href":"https:\/\/carleton.ca\/esim22\/wp-json\/wp\/v2\/types\/page"}],"author":[{"embeddable":true,"href":"https:\/\/carleton.ca\/esim22\/wp-json\/wp\/v2\/users\/7"}],"replies":[{"embeddable":true,"href":"https:\/\/carleton.ca\/esim22\/wp-json\/wp\/v2\/comments?post=74"}],"version-history":[{"count":4,"href":"https:\/\/carleton.ca\/esim22\/wp-json\/wp\/v2\/pages\/74\/revisions"}],"predecessor-version":[{"id":263,"href":"https:\/\/carleton.ca\/esim22\/wp-json\/wp\/v2\/pages\/74\/revisions\/263"}],"up":[{"embeddable":true,"href":"https:\/\/carleton.ca\/esim22\/wp-json\/wp\/v2\/pages\/61"}],"wp:attachment":[{"href":"https:\/\/carleton.ca\/esim22\/wp-json\/wp\/v2\/media?parent=74"}],"curies":[{"name":"wp","href":"https:\/\/api.w.org\/{rel}","templated":true}]}}