{"id":201,"date":"2017-10-01T00:57:57","date_gmt":"2017-10-01T04:57:57","guid":{"rendered":"https:\/\/carleton.ca\/essaislinguistiques\/?page_id=201"},"modified":"2018-01-01T21:52:52","modified_gmt":"2018-01-02T02:52:52","slug":"une-evolution-probable-de-la-communication-humaine-un-documentaire","status":"publish","type":"page","link":"https:\/\/carleton.ca\/essaislinguistiques\/une-evolution-probable-de-la-communication-humaine-un-documentaire\/","title":{"rendered":"Une \u00e9volution probable de la communication humaine. Un documentaire."},"content":{"rendered":"<p><strong>Robert Fournier: Une \u00e9volution probable de la communication humaine. Un documentaire. \u00a92017<\/strong><\/p>\n<p style=\"text-align: center;\"><strong>Table des Mati\u00e8res<\/strong><\/p>\n<ul>\n<li><a href=\"https:\/\/carleton.ca\/essaislinguistiques\/dedicace-remerciements-2\/\" rel=\"noopener\">D\u00e9dicaces &amp; Remerciements<\/a><\/li>\n<li><a href=\"https:\/\/carleton.ca\/essaislinguistiques\/avant-propos-2\/\" rel=\"noopener\">Avant-propos<\/a><\/li>\n<li><a href=\"https:\/\/carleton.ca\/essaislinguistiques\/chapitre-un-aux-origines-de-la-communication-humaine-du-gestuel-au-gestuel\/\">Chapitre un: Aux origines de la communication humaine<\/a><\/li>\n<li><a href=\"https:\/\/carleton.ca\/essaislinguistiques\/chapitre-deux-lhomme-daujourdhui\/\">Chapitre deux: L&#8217;Homme d&#8217;aujourd&#8217;hui<\/a><\/li>\n<li><a href=\"https:\/\/carleton.ca\/essaislinguistiques\/chapitre-trois-raison-scientifique-et-mysticisme\/\">Chapitre trois: Raison scientifique et mysticisme<\/a><\/li>\n<li><a href=\"https:\/\/carleton.ca\/essaislinguistiques\/infatio\/\">Infatio<\/a><\/li>\n<li><a href=\"https:\/\/carleton.ca\/essaislinguistiques\/chapitre-quatre-enchevetrement\/\">Chapitre quatre: Enchev\u00eatrement<\/a><\/li>\n<li><a href=\"https:\/\/carleton.ca\/essaislinguistiques\/chapitre-cinq-lhumanite-se-cephalise\/\">Chapitre cinq: L&#8217;humanit\u00e9 se c\u00e9phalise<\/a><\/li>\n<li><a href=\"https:\/\/carleton.ca\/essaislinguistiques\/perspectives\/\">Perspectives<\/a><\/li>\n<\/ul>\n","protected":false},"excerpt":{"rendered":"<p>Robert Fournier: Une \u00e9volution probable de la communication humaine. Un documentaire. \u00a92017 Table des Mati\u00e8res D\u00e9dicaces &amp; Remerciements Avant-propos Chapitre un: Aux origines de la communication humaine Chapitre deux: L&#8217;Homme d&#8217;aujourd&#8217;hui Chapitre trois: Raison scientifique et mysticisme Infatio Chapitre quatre: Enchev\u00eatrement Chapitre cinq: L&#8217;humanit\u00e9 se c\u00e9phalise Perspectives<\/p>\n","protected":false},"author":5,"featured_media":0,"parent":0,"menu_order":0,"comment_status":"closed","ping_status":"closed","template":"","meta":{"_relevanssi_hide_post":"","_relevanssi_hide_content":"","_relevanssi_pin_for_all":"","_relevanssi_pin_keywords":"","_relevanssi_unpin_keywords":"","_relevanssi_related_keywords":"","_relevanssi_related_include_ids":"","_relevanssi_related_exclude_ids":"","_relevanssi_related_no_append":"","_relevanssi_related_not_related":"","_relevanssi_related_posts":"","_relevanssi_noindex_reason":"","_mi_skip_tracking":false,"_exactmetrics_sitenote_active":false,"_exactmetrics_sitenote_note":"","_exactmetrics_sitenote_category":0,"footnotes":"","_links_to":"","_links_to_target":""},"yoast_head":"<!-- This site is optimized with the Yoast SEO plugin v21.2 - https:\/\/yoast.com\/wordpress\/plugins\/seo\/ -->\n<title>Une \u00e9volution probable de la communication humaine. Un documentaire. - Essais Linguistiques<\/title>\n<meta name=\"description\" content=\"Robert Fournier: Une \u00e9volution probable de la communication humaine. Un documentaire. \u00a92017 Table des Mati\u00e8res D\u00e9dicaces &amp; Remerciements Avant-propos\" \/>\n<meta name=\"robots\" content=\"index, follow, max-snippet:-1, max-image-preview:large, max-video-preview:-1\" \/>\n<link rel=\"canonical\" href=\"https:\/\/carleton.ca\/essaislinguistiques\/une-evolution-probable-de-la-communication-humaine-un-documentaire\/\" \/>\n<script type=\"application\/ld+json\" class=\"yoast-schema-graph\">{\"@context\":\"https:\/\/schema.org\",\"@graph\":[{\"@type\":\"WebPage\",\"@id\":\"https:\/\/carleton.ca\/essaislinguistiques\/une-evolution-probable-de-la-communication-humaine-un-documentaire\/\",\"url\":\"https:\/\/carleton.ca\/essaislinguistiques\/une-evolution-probable-de-la-communication-humaine-un-documentaire\/\",\"name\":\"Une \u00e9volution probable de la communication humaine. Un documentaire. - Essais Linguistiques\",\"isPartOf\":{\"@id\":\"https:\/\/carleton.ca\/essaislinguistiques\/#website\"},\"datePublished\":\"2017-10-01T04:57:57+00:00\",\"dateModified\":\"2018-01-02T02:52:52+00:00\",\"description\":\"Robert Fournier: Une \u00e9volution probable de la communication humaine. Un documentaire. \u00a92017 Table des Mati\u00e8res D\u00e9dicaces &amp; Remerciements Avant-propos\",\"breadcrumb\":{\"@id\":\"https:\/\/carleton.ca\/essaislinguistiques\/une-evolution-probable-de-la-communication-humaine-un-documentaire\/#breadcrumb\"},\"inLanguage\":\"en-US\",\"potentialAction\":[{\"@type\":\"ReadAction\",\"target\":[\"https:\/\/carleton.ca\/essaislinguistiques\/une-evolution-probable-de-la-communication-humaine-un-documentaire\/\"]}]},{\"@type\":\"BreadcrumbList\",\"@id\":\"https:\/\/carleton.ca\/essaislinguistiques\/une-evolution-probable-de-la-communication-humaine-un-documentaire\/#breadcrumb\",\"itemListElement\":[{\"@type\":\"ListItem\",\"position\":1,\"name\":\"Home\",\"item\":\"https:\/\/carleton.ca\/essaislinguistiques\/\"},{\"@type\":\"ListItem\",\"position\":2,\"name\":\"Une \u00e9volution probable de la communication humaine. Un documentaire.\"}]},{\"@type\":\"WebSite\",\"@id\":\"https:\/\/carleton.ca\/essaislinguistiques\/#website\",\"url\":\"https:\/\/carleton.ca\/essaislinguistiques\/\",\"name\":\"Essais Linguistiques\",\"description\":\"Carleton University\",\"potentialAction\":[{\"@type\":\"SearchAction\",\"target\":{\"@type\":\"EntryPoint\",\"urlTemplate\":\"https:\/\/carleton.ca\/essaislinguistiques\/?s={search_term_string}\"},\"query-input\":\"required name=search_term_string\"}],\"inLanguage\":\"en-US\"}]}<\/script>\n<!-- \/ Yoast SEO plugin. -->","yoast_head_json":{"title":"Une \u00e9volution probable de la communication humaine. Un documentaire. - Essais Linguistiques","description":"Robert Fournier: Une \u00e9volution probable de la communication humaine. Un documentaire. \u00a92017 Table des Mati\u00e8res D\u00e9dicaces &amp; Remerciements Avant-propos","robots":{"index":"index","follow":"follow","max-snippet":"max-snippet:-1","max-image-preview":"max-image-preview:large","max-video-preview":"max-video-preview:-1"},"canonical":"https:\/\/carleton.ca\/essaislinguistiques\/une-evolution-probable-de-la-communication-humaine-un-documentaire\/","schema":{"@context":"https:\/\/schema.org","@graph":[{"@type":"WebPage","@id":"https:\/\/carleton.ca\/essaislinguistiques\/une-evolution-probable-de-la-communication-humaine-un-documentaire\/","url":"https:\/\/carleton.ca\/essaislinguistiques\/une-evolution-probable-de-la-communication-humaine-un-documentaire\/","name":"Une \u00e9volution probable de la communication humaine. Un documentaire. - Essais Linguistiques","isPartOf":{"@id":"https:\/\/carleton.ca\/essaislinguistiques\/#website"},"datePublished":"2017-10-01T04:57:57+00:00","dateModified":"2018-01-02T02:52:52+00:00","description":"Robert Fournier: Une \u00e9volution probable de la communication humaine. Un documentaire. \u00a92017 Table des Mati\u00e8res D\u00e9dicaces &amp; Remerciements Avant-propos","breadcrumb":{"@id":"https:\/\/carleton.ca\/essaislinguistiques\/une-evolution-probable-de-la-communication-humaine-un-documentaire\/#breadcrumb"},"inLanguage":"en-US","potentialAction":[{"@type":"ReadAction","target":["https:\/\/carleton.ca\/essaislinguistiques\/une-evolution-probable-de-la-communication-humaine-un-documentaire\/"]}]},{"@type":"BreadcrumbList","@id":"https:\/\/carleton.ca\/essaislinguistiques\/une-evolution-probable-de-la-communication-humaine-un-documentaire\/#breadcrumb","itemListElement":[{"@type":"ListItem","position":1,"name":"Home","item":"https:\/\/carleton.ca\/essaislinguistiques\/"},{"@type":"ListItem","position":2,"name":"Une \u00e9volution probable de la communication humaine. Un documentaire."}]},{"@type":"WebSite","@id":"https:\/\/carleton.ca\/essaislinguistiques\/#website","url":"https:\/\/carleton.ca\/essaislinguistiques\/","name":"Essais Linguistiques","description":"Carleton University","potentialAction":[{"@type":"SearchAction","target":{"@type":"EntryPoint","urlTemplate":"https:\/\/carleton.ca\/essaislinguistiques\/?s={search_term_string}"},"query-input":"required name=search_term_string"}],"inLanguage":"en-US"}]}},"acf":{"banner_image_type":"upload","banner_uploaded_image":{"ID":127,"id":127,"title":"Background","filename":"Background.jpg","filesize":501269,"url":"https:\/\/carleton.ca\/essaislinguistiques\/wp-content\/uploads\/Background.jpg","link":"https:\/\/carleton.ca\/essaislinguistiques\/cu-home\/homepage\/background\/","alt":"Background","author":"4","description":"","caption":"","name":"background","status":"inherit","uploaded_to":14,"date":"2017-05-26 18:26:01","modified":"2017-11-26 05:16:16","menu_order":0,"mime_type":"image\/jpeg","type":"image","subtype":"jpeg","icon":"https:\/\/carleton.ca\/essaislinguistiques\/wp\/wp-includes\/images\/media\/default.png","width":1600,"height":700,"sizes":{"thumbnail":"https:\/\/carleton.ca\/essaislinguistiques\/wp-content\/uploads\/Background-160x70.jpg","thumbnail-width":160,"thumbnail-height":70,"medium":"https:\/\/carleton.ca\/essaislinguistiques\/wp-content\/uploads\/Background-240x105.jpg","medium-width":240,"medium-height":105,"medium_large":"https:\/\/carleton.ca\/essaislinguistiques\/wp-content\/uploads\/Background-768x336.jpg","medium_large-width":768,"medium_large-height":336,"large":"https:\/\/carleton.ca\/essaislinguistiques\/wp-content\/uploads\/Background-400x175.jpg","large-width":400,"large-height":175,"gallery-thumb":"https:\/\/carleton.ca\/essaislinguistiques\/wp-content\/uploads\/Background.jpg","gallery-thumb-width":300,"gallery-thumb-height":131,"1536x1536":"https:\/\/carleton.ca\/essaislinguistiques\/wp-content\/uploads\/Background.jpg","1536x1536-width":1536,"1536x1536-height":672,"2048x2048":"https:\/\/carleton.ca\/essaislinguistiques\/wp-content\/uploads\/Background.jpg","2048x2048-width":1600,"2048x2048-height":700,"banner":"https:\/\/carleton.ca\/essaislinguistiques\/wp-content\/uploads\/Background.jpg","banner-width":1600,"banner-height":700,"people":"https:\/\/carleton.ca\/essaislinguistiques\/wp-content\/uploads\/Background-200x200.jpg","people-width":200,"people-height":200,"post-thumb":"https:\/\/carleton.ca\/essaislinguistiques\/wp-content\/uploads\/Background-300x230.jpg","post-thumb-width":300,"post-thumb-height":230,"rotator-image":"https:\/\/carleton.ca\/essaislinguistiques\/wp-content\/uploads\/Background.jpg","rotator-image-width":800,"rotator-image-height":350,"video-thumb":"https:\/\/carleton.ca\/essaislinguistiques\/wp-content\/uploads\/Background-360x158.jpg","video-thumb-width":360,"video-thumb-height":158}},"banner_opacity":"dark"},"_links":{"self":[{"href":"https:\/\/carleton.ca\/essaislinguistiques\/wp-json\/wp\/v2\/pages\/201"}],"collection":[{"href":"https:\/\/carleton.ca\/essaislinguistiques\/wp-json\/wp\/v2\/pages"}],"about":[{"href":"https:\/\/carleton.ca\/essaislinguistiques\/wp-json\/wp\/v2\/types\/page"}],"author":[{"embeddable":true,"href":"https:\/\/carleton.ca\/essaislinguistiques\/wp-json\/wp\/v2\/users\/5"}],"replies":[{"embeddable":true,"href":"https:\/\/carleton.ca\/essaislinguistiques\/wp-json\/wp\/v2\/comments?post=201"}],"version-history":[{"count":3,"href":"https:\/\/carleton.ca\/essaislinguistiques\/wp-json\/wp\/v2\/pages\/201\/revisions"}],"predecessor-version":[{"id":326,"href":"https:\/\/carleton.ca\/essaislinguistiques\/wp-json\/wp\/v2\/pages\/201\/revisions\/326"}],"wp:attachment":[{"href":"https:\/\/carleton.ca\/essaislinguistiques\/wp-json\/wp\/v2\/media?parent=201"}],"curies":[{"name":"wp","href":"https:\/\/api.w.org\/{rel}","templated":true}]}}