{"id":217,"date":"2017-10-08T22:48:48","date_gmt":"2017-10-09T02:48:48","guid":{"rendered":"https:\/\/carleton.ca\/essaislinguistiques\/?page_id=217"},"modified":"2018-01-01T21:55:06","modified_gmt":"2018-01-02T02:55:06","slug":"dedicace-remerciements-2","status":"publish","type":"page","link":"https:\/\/carleton.ca\/essaislinguistiques\/dedicace-remerciements-2\/","title":{"rendered":"D\u00e9dicaces &#038; Remerciements"},"content":{"rendered":"<p><strong>Robert Fournier: Une \u00e9volution probable de la communication humaine. Un documentaire. \u00a92017<\/strong><\/p>\n<p style=\"text-align: right;\">\u00c0 AlexBF, une jeune anthropologue g\u00e9niale,<\/p>\n<p style=\"text-align: right;\">\u00c0 \u00c9z\u00e9chiel, qui a toujours pr\u00e9f\u00e9r\u00e9 le non-verbal \u00e9loquent,<\/p>\n<p style=\"text-align: right;\">\u00c0 tous les petits-enfants de mes petits-enfants, qui verront un jour ceci se produire&#8230;<\/p>\n<p><\/p>\n<p><\/p>\n<p>Je remercie Annamaria Coppola, Alexandrine Boudreault-Fournier, Marie-Pierre Dagenais, et Yves Fournaise pour avoir lu et comment\u00e9 des versions pr\u00e9liminaires de ce texte. Comme il est d&#8217;usage de dire en pareil cas, ils ne sauraient \u00eatre tenus responsables des erreurs, manquements et \u00e9garements que contient ce texte.<\/p>\n<p><center>\n<div class=\"u-center-text\">\n\t<p>\n\t\t<a class=\"button__red button__red--solid\" href=\"https:\/\/carleton.ca\/essaislinguistiques\/une-evolution-probable-de-la-communication-humaine-un-documentaire\/\"  rel=\"noopener noreferrer\">Table des mati\u00e8res<\/a>\n\t<\/p>\n<\/div>\n<\/p>\n<p><\/p>\n<p><\/p>\n<p><\/center><\/p>\n","protected":false},"excerpt":{"rendered":"<p>Robert Fournier: Une \u00e9volution probable de la communication humaine. Un documentaire. \u00a92017 \u00c0 AlexBF, une jeune anthropologue g\u00e9niale, \u00c0 \u00c9z\u00e9chiel, qui a toujours pr\u00e9f\u00e9r\u00e9 le non-verbal \u00e9loquent, \u00c0 tous les petits-enfants de mes petits-enfants, qui verront un jour ceci se produire&#8230; Je remercie Annamaria Coppola, Alexandrine Boudreault-Fournier, Marie-Pierre Dagenais, et Yves Fournaise pour avoir lu [&hellip;]<\/p>\n","protected":false},"author":5,"featured_media":0,"parent":0,"menu_order":0,"comment_status":"closed","ping_status":"closed","template":"","meta":{"_relevanssi_hide_post":"","_relevanssi_hide_content":"","_relevanssi_pin_for_all":"","_relevanssi_pin_keywords":"","_relevanssi_unpin_keywords":"","_relevanssi_related_keywords":"","_relevanssi_related_include_ids":"","_relevanssi_related_exclude_ids":"","_relevanssi_related_no_append":"","_relevanssi_related_not_related":"","_relevanssi_related_posts":"","_relevanssi_noindex_reason":"","_mi_skip_tracking":false,"_exactmetrics_sitenote_active":false,"_exactmetrics_sitenote_note":"","_exactmetrics_sitenote_category":0,"footnotes":"","_links_to":"","_links_to_target":""},"yoast_head":"<!-- This site is optimized with the Yoast SEO plugin v21.2 - https:\/\/yoast.com\/wordpress\/plugins\/seo\/ -->\n<title>D\u00e9dicaces &amp; Remerciements - Essais Linguistiques<\/title>\n<meta name=\"description\" content=\"Robert Fournier: Une \u00e9volution probable de la communication humaine. Un documentaire. \u00a92017 \u00c0 AlexBF, une jeune anthropologue g\u00e9niale, \u00c0 \u00c9z\u00e9chiel, qui a\" \/>\n<meta name=\"robots\" content=\"index, follow, max-snippet:-1, max-image-preview:large, max-video-preview:-1\" \/>\n<link rel=\"canonical\" href=\"https:\/\/carleton.ca\/essaislinguistiques\/dedicace-remerciements-2\/\" \/>\n<meta name=\"twitter:label1\" content=\"Est. reading time\" \/>\n\t<meta name=\"twitter:data1\" content=\"1 minute\" \/>\n<script type=\"application\/ld+json\" class=\"yoast-schema-graph\">{\"@context\":\"https:\/\/schema.org\",\"@graph\":[{\"@type\":\"WebPage\",\"@id\":\"https:\/\/carleton.ca\/essaislinguistiques\/dedicace-remerciements-2\/\",\"url\":\"https:\/\/carleton.ca\/essaislinguistiques\/dedicace-remerciements-2\/\",\"name\":\"D\u00e9dicaces & Remerciements - Essais Linguistiques\",\"isPartOf\":{\"@id\":\"https:\/\/carleton.ca\/essaislinguistiques\/#website\"},\"datePublished\":\"2017-10-09T02:48:48+00:00\",\"dateModified\":\"2018-01-02T02:55:06+00:00\",\"description\":\"Robert Fournier: Une \u00e9volution probable de la communication humaine. Un documentaire. \u00a92017 \u00c0 AlexBF, une jeune anthropologue g\u00e9niale, \u00c0 \u00c9z\u00e9chiel, qui a\",\"breadcrumb\":{\"@id\":\"https:\/\/carleton.ca\/essaislinguistiques\/dedicace-remerciements-2\/#breadcrumb\"},\"inLanguage\":\"en-US\",\"potentialAction\":[{\"@type\":\"ReadAction\",\"target\":[\"https:\/\/carleton.ca\/essaislinguistiques\/dedicace-remerciements-2\/\"]}]},{\"@type\":\"BreadcrumbList\",\"@id\":\"https:\/\/carleton.ca\/essaislinguistiques\/dedicace-remerciements-2\/#breadcrumb\",\"itemListElement\":[{\"@type\":\"ListItem\",\"position\":1,\"name\":\"Home\",\"item\":\"https:\/\/carleton.ca\/essaislinguistiques\/\"},{\"@type\":\"ListItem\",\"position\":2,\"name\":\"D\u00e9dicaces &#038; Remerciements\"}]},{\"@type\":\"WebSite\",\"@id\":\"https:\/\/carleton.ca\/essaislinguistiques\/#website\",\"url\":\"https:\/\/carleton.ca\/essaislinguistiques\/\",\"name\":\"Essais Linguistiques\",\"description\":\"Carleton University\",\"potentialAction\":[{\"@type\":\"SearchAction\",\"target\":{\"@type\":\"EntryPoint\",\"urlTemplate\":\"https:\/\/carleton.ca\/essaislinguistiques\/?s={search_term_string}\"},\"query-input\":\"required name=search_term_string\"}],\"inLanguage\":\"en-US\"}]}<\/script>\n<!-- \/ Yoast SEO plugin. -->","yoast_head_json":{"title":"D\u00e9dicaces & Remerciements - Essais Linguistiques","description":"Robert Fournier: Une \u00e9volution probable de la communication humaine. Un documentaire. \u00a92017 \u00c0 AlexBF, une jeune anthropologue g\u00e9niale, \u00c0 \u00c9z\u00e9chiel, qui a","robots":{"index":"index","follow":"follow","max-snippet":"max-snippet:-1","max-image-preview":"max-image-preview:large","max-video-preview":"max-video-preview:-1"},"canonical":"https:\/\/carleton.ca\/essaislinguistiques\/dedicace-remerciements-2\/","twitter_misc":{"Est. reading time":"1 minute"},"schema":{"@context":"https:\/\/schema.org","@graph":[{"@type":"WebPage","@id":"https:\/\/carleton.ca\/essaislinguistiques\/dedicace-remerciements-2\/","url":"https:\/\/carleton.ca\/essaislinguistiques\/dedicace-remerciements-2\/","name":"D\u00e9dicaces & Remerciements - Essais Linguistiques","isPartOf":{"@id":"https:\/\/carleton.ca\/essaislinguistiques\/#website"},"datePublished":"2017-10-09T02:48:48+00:00","dateModified":"2018-01-02T02:55:06+00:00","description":"Robert Fournier: Une \u00e9volution probable de la communication humaine. Un documentaire. \u00a92017 \u00c0 AlexBF, une jeune anthropologue g\u00e9niale, \u00c0 \u00c9z\u00e9chiel, qui a","breadcrumb":{"@id":"https:\/\/carleton.ca\/essaislinguistiques\/dedicace-remerciements-2\/#breadcrumb"},"inLanguage":"en-US","potentialAction":[{"@type":"ReadAction","target":["https:\/\/carleton.ca\/essaislinguistiques\/dedicace-remerciements-2\/"]}]},{"@type":"BreadcrumbList","@id":"https:\/\/carleton.ca\/essaislinguistiques\/dedicace-remerciements-2\/#breadcrumb","itemListElement":[{"@type":"ListItem","position":1,"name":"Home","item":"https:\/\/carleton.ca\/essaislinguistiques\/"},{"@type":"ListItem","position":2,"name":"D\u00e9dicaces &#038; Remerciements"}]},{"@type":"WebSite","@id":"https:\/\/carleton.ca\/essaislinguistiques\/#website","url":"https:\/\/carleton.ca\/essaislinguistiques\/","name":"Essais Linguistiques","description":"Carleton University","potentialAction":[{"@type":"SearchAction","target":{"@type":"EntryPoint","urlTemplate":"https:\/\/carleton.ca\/essaislinguistiques\/?s={search_term_string}"},"query-input":"required name=search_term_string"}],"inLanguage":"en-US"}]}},"acf":{"banner_image_type":"upload","banner_uploaded_image":{"ID":127,"id":127,"title":"Background","filename":"Background.jpg","filesize":501269,"url":"https:\/\/carleton.ca\/essaislinguistiques\/wp-content\/uploads\/Background.jpg","link":"https:\/\/carleton.ca\/essaislinguistiques\/cu-home\/homepage\/background\/","alt":"Background","author":"4","description":"","caption":"","name":"background","status":"inherit","uploaded_to":14,"date":"2017-05-26 18:26:01","modified":"2017-11-26 05:16:16","menu_order":0,"mime_type":"image\/jpeg","type":"image","subtype":"jpeg","icon":"https:\/\/carleton.ca\/essaislinguistiques\/wp\/wp-includes\/images\/media\/default.png","width":1600,"height":700,"sizes":{"thumbnail":"https:\/\/carleton.ca\/essaislinguistiques\/wp-content\/uploads\/Background-160x70.jpg","thumbnail-width":160,"thumbnail-height":70,"medium":"https:\/\/carleton.ca\/essaislinguistiques\/wp-content\/uploads\/Background-240x105.jpg","medium-width":240,"medium-height":105,"medium_large":"https:\/\/carleton.ca\/essaislinguistiques\/wp-content\/uploads\/Background-768x336.jpg","medium_large-width":768,"medium_large-height":336,"large":"https:\/\/carleton.ca\/essaislinguistiques\/wp-content\/uploads\/Background-400x175.jpg","large-width":400,"large-height":175,"gallery-thumb":"https:\/\/carleton.ca\/essaislinguistiques\/wp-content\/uploads\/Background.jpg","gallery-thumb-width":300,"gallery-thumb-height":131,"1536x1536":"https:\/\/carleton.ca\/essaislinguistiques\/wp-content\/uploads\/Background.jpg","1536x1536-width":1536,"1536x1536-height":672,"2048x2048":"https:\/\/carleton.ca\/essaislinguistiques\/wp-content\/uploads\/Background.jpg","2048x2048-width":1600,"2048x2048-height":700,"banner":"https:\/\/carleton.ca\/essaislinguistiques\/wp-content\/uploads\/Background.jpg","banner-width":1600,"banner-height":700,"people":"https:\/\/carleton.ca\/essaislinguistiques\/wp-content\/uploads\/Background-200x200.jpg","people-width":200,"people-height":200,"post-thumb":"https:\/\/carleton.ca\/essaislinguistiques\/wp-content\/uploads\/Background-300x230.jpg","post-thumb-width":300,"post-thumb-height":230,"rotator-image":"https:\/\/carleton.ca\/essaislinguistiques\/wp-content\/uploads\/Background.jpg","rotator-image-width":800,"rotator-image-height":350,"video-thumb":"https:\/\/carleton.ca\/essaislinguistiques\/wp-content\/uploads\/Background-360x158.jpg","video-thumb-width":360,"video-thumb-height":158}},"banner_opacity":"dark"},"_links":{"self":[{"href":"https:\/\/carleton.ca\/essaislinguistiques\/wp-json\/wp\/v2\/pages\/217"}],"collection":[{"href":"https:\/\/carleton.ca\/essaislinguistiques\/wp-json\/wp\/v2\/pages"}],"about":[{"href":"https:\/\/carleton.ca\/essaislinguistiques\/wp-json\/wp\/v2\/types\/page"}],"author":[{"embeddable":true,"href":"https:\/\/carleton.ca\/essaislinguistiques\/wp-json\/wp\/v2\/users\/5"}],"replies":[{"embeddable":true,"href":"https:\/\/carleton.ca\/essaislinguistiques\/wp-json\/wp\/v2\/comments?post=217"}],"version-history":[{"count":3,"href":"https:\/\/carleton.ca\/essaislinguistiques\/wp-json\/wp\/v2\/pages\/217\/revisions"}],"predecessor-version":[{"id":327,"href":"https:\/\/carleton.ca\/essaislinguistiques\/wp-json\/wp\/v2\/pages\/217\/revisions\/327"}],"wp:attachment":[{"href":"https:\/\/carleton.ca\/essaislinguistiques\/wp-json\/wp\/v2\/media?parent=217"}],"curies":[{"name":"wp","href":"https:\/\/api.w.org\/{rel}","templated":true}]}}