{"id":289,"date":"2017-11-18T09:30:44","date_gmt":"2017-11-18T14:30:44","guid":{"rendered":"https:\/\/carleton.ca\/essaislinguistiques\/?page_id=289"},"modified":"2018-01-01T22:00:34","modified_gmt":"2018-01-02T03:00:34","slug":"infatio","status":"publish","type":"page","link":"https:\/\/carleton.ca\/essaislinguistiques\/infatio\/","title":{"rendered":"Infatio"},"content":{"rendered":"<p><strong>Robert Fournier: Une \u00e9volution probable de la communication humaine. Un documentaire. \u00a92017<\/strong><\/p>\n<p style=\"text-align: center;\"><strong>Infatio<\/strong><a href=\"#_ftn1\" name=\"_ftnref1\">[1]<\/a><\/p>\n<p><\/p>\n<p>Essayons d&#8217;envisager d&#8217;une mani\u00e8re tr\u00e8s g\u00e9n\u00e9rale ce qui a \u00e9t\u00e9 pos\u00e9 au cours des trois chapitres pr\u00e9c\u00e9dents; cela nous permettra de r\u00e9sumer l&#8217;\u00e9volution de la communication telle qu&#8217;on l&#8217;a connue jusqu&#8217;ici, et d&#8217;envisager son probable d\u00e9veloppement pour le futur.<\/p>\n<p><\/p>\n<p>La premi\u00e8re grande r\u00e9volution dans l&#8217;histoire de l&#8217;Humanit\u00e9 en ce qui a trait \u00e0 la communication, vue sous l&#8217;angle de la transmission de l&#8217;information entre individus, a \u00e9t\u00e9 l&#8217;apparition du langage articul\u00e9, langage d&#8217;abord proprement gestuel ext\u00e9rioris\u00e9 \u00e0 partir des mains, puis, tout en conservant son caract\u00e8re fondamentalement gestuel (McNeil, 2012)<a href=\"#_ftn2\" name=\"_ftnref2\">[2]<\/a>, ext\u00e9rioris\u00e9 \u00e0 partir de l&#8217;appareil phonatoire. Cette premi\u00e8re r\u00e9volution, qui s&#8217;est produite il y a environ 100 000 ans, a permis l&#8217;\u00e9mergence ult\u00e9rieure d&#8217;une multitude de langues, dont on en conserve aujourd&#8217;hui quelques milliers.<\/p>\n<p>Le premier pas technologique d&#8217;importance dans l&#8217;\u00e9volution de la communication, repr\u00e9sent\u00e9 par l&#8217;apparition des diverses formes d&#8217;\u00e9criture il y a environ 6000 ans, nous a donn\u00e9 la seconde r\u00e9volution, une premi\u00e8re \u00ab r\u00e9volution technologique \u00bb dans le registre des arts du langage (Auroux 1994)<a href=\"#_ftn3\" name=\"_ftnref3\">[3]<\/a>. L&#8217;invention de l&#8217;imprim\u00e9 typographique beaucoup plus tard au cours du 15e si\u00e8cle a par la suite largement contribu\u00e9 \u00e0 la diffusion des textes et du savoir. \u00c0 partir de la Renaissance, Il devenait progressivement impossible de s&#8217;opposer \u00e0 la diffusion de connaissances nouvelles du fait de ce nouveau\u00a0m\u00e9dia (McLuhan 1962)<a href=\"#_ftn4\" name=\"_ftnref4\">[4]<\/a>. C&#8217;est avec l&#8217;\u00e9crit, et davantage avec l&#8217;imprim\u00e9, que la communication acqu\u00e8rait sa qualit\u00e9 de permanence et d&#8217;intemporalit\u00e9.<\/p>\n<p>La derni\u00e8re r\u00e9volution, technologique celle-l\u00e0 aussi, qui, gr\u00e2ce \u00e0 l&#8217;\u00e9volution de l&#8217;informatique au cours de l&#8217;\u00e8re \u00e9lectronique du 20e si\u00e8cle, nous a men\u00e9 jusqu&#8217;\u00e0 Internet, et qui continuera encore pour un bon moment \u00e0 accompagner notre \u00e9volution, nous a donn\u00e9 acc\u00e8s \u00e0 la quasi-totalit\u00e9 des connaissances humaines, et la capacit\u00e9 d&#8217;\u00e9changer de grandes quantit\u00e9s d&#8217;information \u00e0 une vitesse toujours de plus en plus inou\u00efe. Cette derni\u00e8re r\u00e9volution trouve sa source \u00e0 partir des ann\u00e9es 1830 o\u00f9 on a commenc\u00e9 \u00e0 utiliser des moyens de t\u00e9l\u00e9communications recourant \u00e0 des techniques \u00e9lectriques (t\u00e9l\u00e9graphe), puis \u00e9lectromagn\u00e9tiques (Hertz, Marconi, radiodiffusion, t\u00e9l\u00e9diffusion). Internet a engendr\u00e9 \u00e0 son tour des r\u00e9seaux de communications denses de plus en plus \u00e9tendus et interreli\u00e9s. Pour la premi\u00e8re fois de son histoire, l&#8217;\u00eatre humain b\u00e9n\u00e9ficait d&#8217;une communication\u00a0<em>alocalis\u00e9e<\/em>, c&#8217;est-\u00e0-dire disponible de n&#8217;importe quel endroit.<\/p>\n<p><\/p>\n<p>L&#8217;\u00e8re \u00e9lectronique, dont nous ne connaissons sans doute pas encore l&#8217;apog\u00e9e, nous a dot\u00e9 d&#8217;un outil formidable, une \u00abmachine lib\u00e9ratrice\u00bb, qui nous a permis de rapprocher singuli\u00e8rement nos id\u00e9es et nos \u00e9changes. \u00c0 quoi devons-nous nous attendre pour la prochaine r\u00e9volution? Y en aura-t-il m\u00eame une suivante? Et si oui, sera-t-elle technologique, comme les pr\u00e9c\u00e9dentes, depuis la premi\u00e8re avec l&#8217;apparition du langage \u00e9crit? Quand on consid\u00e8re la quantit\u00e9 ph\u00e9nom\u00e9nale toujours croissante d&#8217;informations \u00e9crites auxquelles Internet nous donne acc\u00e8s, force est d&#8217;admettre que le m\u00e9dium \u00e9crit n&#8217;est pas pr\u00eat de dispara\u00eetre. Mais qu&#8217;en sera-t-il de la communication verbale dont nous linguistes d\u00e9fendons la primaut\u00e9? Je ne crois pas qu&#8217;il faille attendre une prochaine r\u00e9volution technologique qui viendra substituer \u00e0 Internet un nouveau m\u00e9dium d&#8217;\u00e9change et de partage d&#8217;information, et remplacer les gigantesques ordinateurs et serveurs centraux actuels par de nouveaux outils de conservation de cette information. Sans doute des appareils, \u00e9quip\u00e9s de supports miniaturis\u00e9s de capacit\u00e9 m\u00e9morielle encore plus pouss\u00e9e que ceux que nous connaissons actuellement, qui deviendront de plus en plus nombreux et puissants par leur capacit\u00e9 de traitement et de stockage de l&#8217;information, oui.<\/p>\n<p><\/p>\n<p>La prochaine grande r\u00e9volution ne sera pas technologique, non, elle sera c\u00e9r\u00e9brale, elle fera \u00e9voluer l&#8217;esprit humain. Quand on y regarde bien, la communication humaine\u00a0<em>non \u00e9crite<\/em>\u00a0n&#8217;a que peu \u00e9volu\u00e9: elle est demeur\u00e9e gestuelle,\u00a0<em>from hand to mouth<\/em>, comme le souligne Corballis (2002) dans le titre de son livre<a href=\"#_ftn5\" name=\"_ftnref5\">[5]<\/a>. Ma pr\u00e9diction est que cette prochaine r\u00e9volution affranchira le langage de son mode articulatoire mill\u00e9naire.<\/p>\n<p><\/p>\n<p>Teilhard de Chardin croyait qu&#8217;\u00e0 cause de la forme sph\u00e9rique de la Plan\u00e8te, des id\u00e9es finiraient par rencontrer d&#8217;autres id\u00e9es, et que cette rencontre r\u00e9sulterait en une convergence culturelle mondiale de pens\u00e9e. Ceci, pensait-il, conduirait \u00e9ventuellement au d\u00e9veloppement d&#8217;une structure unique de pens\u00e9e pure encerclant la Terre, une no\u00f6sph\u00e8re. Telle qu&#8217;il la percevait, la no\u00f6sph\u00e8re recouvre ce que nous appelons la biosph\u00e8re, c&#8217;est-\u00e0-dire la sph\u00e8re de la vie. Teilhard de Chardin voyait dans l&#8217;\u00e9volution continue de l&#8217;esp\u00e8ce humaine des changements qui allaient se manifester davantage dans l&#8217;esprit que dans le corps. En d&#8217;autres mots, l&#8217;\u00e9volution humaine prendrait place principalement dans la no\u00f6sph\u00e8re.<\/p>\n<p>Comme l&#8217;\u00e9crit Sir Julian Huxley dans son introduction \u00e0 la traduction anglaise de\u00a0<em>Le Ph\u00e9nom\u00e8ne humain<\/em>:<\/p>\n<p><\/p>\n<p>[Chardin was] deeply concerned with establishing a global unification of human awareness as a necesssary prerequisite for any real future progress of mankind.<\/p>\n<p><\/p>\n<p>Huxley poursuit:<\/p>\n<p><\/p>\n<p>In P\u00e8re Teilhard&#8217;s view, the increase of human numbers\u00a0<em>combined with the improvement of human communications<\/em>\u00a0has fused all the parts of the noosphere together &#8230; But when it is confined to spreading out over the surface of a sphere, idea will encounter idea, and the result will be\u00a0<em>an organized web of thought<\/em>, a noectic system operating high tension,\u00a0<em>a piece of evolutionary machinery<\/em>\u00a0capable of generating high psychosocial energy<a href=\"#_ftn6\" name=\"_ftnref6\">[6]<\/a>. [Emphasis added]<a href=\"#_ftn7\" name=\"_ftnref7\">[7]<\/a><\/p>\n<p><\/p>\n<p>Ceci est une parfaite description de ce qui se produit maintenant sur la Toile mondiale (le World Wide Web), note Hagerty (2000:26-27), qui ajoute: tous ceux qui sont concern\u00e9s par Internet et qui sont familiers avec\u00a0<em>Le Ph\u00e9nom\u00e8ne humain<\/em>\u00a0acceptent le fait qu&#8217;Internet et la noosph\u00e8re sont reli\u00e9s d&#8217;une fa\u00e7on ou d&#8217;une autre. Cependant, tout comme Hagerty, je d\u00e9fends qu&#8217;Internet\u00a0<em>n<\/em>&#8216;est\u00a0<em>pas<\/em>\u00a0la no\u00f6sph\u00e8re; une connexion \u00e0 Internet n&#8217;est pas requise, puisque toute l&#8217;humanit\u00e9 fait d\u00e9j\u00e0 partie int\u00e9grante de la no\u00f6sph\u00e8re. M\u00eame si dans la pens\u00e9e de plusieurs, Internet et la no\u00f6sph\u00e8re sont ins\u00e9parables, ils ne sont pas la m\u00eame chose. Tout au plus, Internet est un appareil m\u00e9canique, une \u00abmachine\u00bb, faisant partie de la no\u00f6sph\u00e8re.<\/p>\n<p>Il ne faut pas perdre de vue que les fondements de la pens\u00e9e de Teilhard de Chardin portaient davantage sur l&#8217;\u00e9closion d&#8217;une super-conscience universelle que sur les moyens m\u00e9caniques pour l&#8217;atteindre. Au moment o\u00f9 il \u00e9crivait sa th\u00e9orie au cours de la premi\u00e8re moiti\u00e9 du 20e si\u00e8cle, l&#8217;infrastructure m\u00e9canique qu&#8217;il avait sous les yeux \u00e9tait constitu\u00e9e d&#8217;appareils \u00e9lectromagn\u00e9tiques (radio, t\u00e9l\u00e9vision naissante), et d&#8217;aucune fa\u00e7on il n&#8217;aurait pu envisager un\u00a0<em>objet<\/em>\u00a0tel Internet. C&#8217;est \u00e0 travers ces appareils de son \u00e9poque qu&#8217;il voyait l&#8217;annonce de la mise en place de communications inter-humaines dynamiques. Trop de gourous et de disciples d&#8217;Internet voient dans la no\u00f6sph\u00e8re de Teilhard de Chardin la proph\u00e9tie de l&#8217;annonce de cette \u00abmachine lib\u00e9ratrice\u00bb, je l&#8217;ai soulign\u00e9 au chapitre pr\u00e9c\u00e9dent, mais tr\u00e8s peu ont compris que la machine entrevue par\u00a0<em>le visionnaire<\/em>\u00a0\u00e9tait d&#8217;ordre c\u00e9r\u00e9bral,\u00a0<em>no\u00e9tique<\/em>. L&#8217;esprit humain va bient\u00f4t cesser de s&#8217;\u00e9merveiller par l&#8217;\u00e8re \u00e9lectronique qui a accouch\u00e9 d&#8217;Internet.<\/p>\n<p>Comment se fera cette r\u00e9volution no\u00e9tique? Une \u00e9volution de la conscience mondiale, une mutation du cerveau humain, la constitution d&#8217;un cerveau plan\u00e9taire organique &#8230;<\/p>\n<p>Quelle cons\u00e9quence cela aura-t-il sur l&#8217;\u00e9volution de la communication? C&#8217;est ce que je tenterai d&#8217;\u00e9tablir dans le chapite cinq. Mais accordons-nous d&#8217;abord quelques r\u00e9flexions pr\u00e9liminaires sur les sujets suivants: la t\u00e9l\u00e9portation, les \u00e9motions, les sensations, la conscience, et le cerveau humain; sujets \u00e0 prime abord \u00e9pars, mais qui sont tous imbriqu\u00e9s dans un concept que j&#8217;appelerai simplement\u00a0<em>Enchev\u00eatrement<\/em>.<\/p>\n<p><\/p>\n<p><a href=\"#_ftnref1\" name=\"_ftn1\">[1]<\/a>\u00a0N\u00e9ologisme cr\u00e9\u00e9 \u00e0 partir du latin classique\u00a0<em>in-<\/em>\u00a0et\u00a0<em>fari<\/em>\u00a0\u00abparler, dire\u00bb, pour signifier \u00ab<em>entre deux propos<\/em>\u00bb sur le mod\u00e8le de\u00a0<em>praefatio<\/em>\u00a0qui a donn\u00e9\u00a0<em>pr\u00e9face<\/em>, et plus tard\u00a0<em>postface<\/em>, par substitution de\u00a0<em>post-<\/em>\u00a0\u00e0\u00a0<em>pr\u00e9-<\/em>.<\/p>\n<p><a href=\"#_ftnref2\" name=\"_ftn2\">[2]<\/a>\u00a0McNeil, D.\u00a0\u00a02012.\u00a0\u00a0How Language began: Gesture and Speech in Human Evolution. Cambridge University Press.<\/p>\n<p><a href=\"#_ftnref3\" name=\"_ftn3\">[3]<\/a>\u00a0Auroux, S.\u00a0\u00a01994.\u00a0\u00a0La r\u00e9volution technologique de la grammatisation.\u00a0Li\u00e8ge-Bruxelles: Pierre Mardaga \u00c9diteur.<\/p>\n<p><a href=\"#_ftnref4\" name=\"_ftn4\">[4]<\/a>\u00a0McLuhan, M.\u00a0\u00a01962.\u00a0\u00a0The Gutenberg Galaxy: The Making of Typographical Man. University of Toronto Press.<\/p>\n<p><a href=\"#_ftnref5\" name=\"_ftn5\">[5]<\/a>\u00a0Op. cit., voir chapitre un.<\/p>\n<p><a href=\"#_ftnref6\" name=\"_ftn6\">[6]<\/a>\u00a0Julian Huxley&#8217;s &#8220;Introduction&#8221; to Teilhard de Chardin&#8217;s\u00a0<em>The Phenomenon of Man<\/em>, p. 17 (New York: Harper &amp; Row, 1959).<\/p>\n<p><a href=\"#_ftnref7\" name=\"_ftn7\">[7]<\/a>\u00a0Citations extraites de Hagerty, L.\u00a0\u00a02000.\u00a0\u00a0The Spirit of the Internet. Vol. I: Speculations on the Evolution of Global Consciousness, p. 26. Tampa: Matrix Masters, Inc.<\/p>\n<p><\/p>\n<p><\/p>\n<p><center>\n<div class=\"u-center-text\">\n\t<p>\n\t\t<a class=\"button__red button__red--solid\" href=\"https:\/\/carleton.ca\/essaislinguistiques\/une-evolution-probable-de-la-communication-humaine-un-documentaire\/\"  rel=\"noopener noreferrer\">Table des mati\u00e8res<\/a>\n\t<\/p>\n<\/div>\n<\/p>\n<p><\/p>\n<p><\/p>\n<p><\/p>\n<p><\/p>\n<p><\/p>\n<p><\/p>\n<p><\/p>\n<p><\/center><\/p>\n","protected":false},"excerpt":{"rendered":"<p>Robert Fournier: Une \u00e9volution probable de la communication humaine. Un documentaire. \u00a92017 Infatio[1] Essayons d&#8217;envisager d&#8217;une mani\u00e8re tr\u00e8s g\u00e9n\u00e9rale ce qui a \u00e9t\u00e9 pos\u00e9 au cours des trois chapitres pr\u00e9c\u00e9dents; cela nous permettra de r\u00e9sumer l&#8217;\u00e9volution de la communication telle qu&#8217;on l&#8217;a connue jusqu&#8217;ici, et d&#8217;envisager son probable d\u00e9veloppement pour le futur. La premi\u00e8re grande [&hellip;]<\/p>\n","protected":false},"author":5,"featured_media":0,"parent":0,"menu_order":0,"comment_status":"closed","ping_status":"closed","template":"","meta":{"_relevanssi_hide_post":"","_relevanssi_hide_content":"","_relevanssi_pin_for_all":"","_relevanssi_pin_keywords":"","_relevanssi_unpin_keywords":"","_relevanssi_related_keywords":"","_relevanssi_related_include_ids":"","_relevanssi_related_exclude_ids":"","_relevanssi_related_no_append":"","_relevanssi_related_not_related":"","_relevanssi_related_posts":"","_relevanssi_noindex_reason":"","_mi_skip_tracking":false,"_exactmetrics_sitenote_active":false,"_exactmetrics_sitenote_note":"","_exactmetrics_sitenote_category":0,"footnotes":"","_links_to":"","_links_to_target":""},"yoast_head":"<!-- This site is optimized with the Yoast SEO plugin v21.2 - https:\/\/yoast.com\/wordpress\/plugins\/seo\/ -->\n<title>Infatio - Essais Linguistiques<\/title>\n<meta name=\"description\" content=\"Robert Fournier: Une \u00e9volution probable de la communication humaine. Un documentaire. \u00a92017 Infatio &nbsp; Essayons d&#039;envisager d&#039;une mani\u00e8re tr\u00e8s\" \/>\n<meta name=\"robots\" content=\"index, follow, max-snippet:-1, max-image-preview:large, max-video-preview:-1\" \/>\n<link rel=\"canonical\" href=\"https:\/\/carleton.ca\/essaislinguistiques\/infatio\/\" \/>\n<meta name=\"twitter:label1\" content=\"Est. reading time\" \/>\n\t<meta name=\"twitter:data1\" content=\"7 minutes\" \/>\n<script type=\"application\/ld+json\" class=\"yoast-schema-graph\">{\"@context\":\"https:\/\/schema.org\",\"@graph\":[{\"@type\":\"WebPage\",\"@id\":\"https:\/\/carleton.ca\/essaislinguistiques\/infatio\/\",\"url\":\"https:\/\/carleton.ca\/essaislinguistiques\/infatio\/\",\"name\":\"Infatio - Essais Linguistiques\",\"isPartOf\":{\"@id\":\"https:\/\/carleton.ca\/essaislinguistiques\/#website\"},\"datePublished\":\"2017-11-18T14:30:44+00:00\",\"dateModified\":\"2018-01-02T03:00:34+00:00\",\"description\":\"Robert Fournier: Une \u00e9volution probable de la communication humaine. Un documentaire. \u00a92017 Infatio &nbsp; Essayons d'envisager d'une mani\u00e8re tr\u00e8s\",\"breadcrumb\":{\"@id\":\"https:\/\/carleton.ca\/essaislinguistiques\/infatio\/#breadcrumb\"},\"inLanguage\":\"en-US\",\"potentialAction\":[{\"@type\":\"ReadAction\",\"target\":[\"https:\/\/carleton.ca\/essaislinguistiques\/infatio\/\"]}]},{\"@type\":\"BreadcrumbList\",\"@id\":\"https:\/\/carleton.ca\/essaislinguistiques\/infatio\/#breadcrumb\",\"itemListElement\":[{\"@type\":\"ListItem\",\"position\":1,\"name\":\"Home\",\"item\":\"https:\/\/carleton.ca\/essaislinguistiques\/\"},{\"@type\":\"ListItem\",\"position\":2,\"name\":\"Infatio\"}]},{\"@type\":\"WebSite\",\"@id\":\"https:\/\/carleton.ca\/essaislinguistiques\/#website\",\"url\":\"https:\/\/carleton.ca\/essaislinguistiques\/\",\"name\":\"Essais Linguistiques\",\"description\":\"Carleton University\",\"potentialAction\":[{\"@type\":\"SearchAction\",\"target\":{\"@type\":\"EntryPoint\",\"urlTemplate\":\"https:\/\/carleton.ca\/essaislinguistiques\/?s={search_term_string}\"},\"query-input\":\"required name=search_term_string\"}],\"inLanguage\":\"en-US\"}]}<\/script>\n<!-- \/ Yoast SEO plugin. -->","yoast_head_json":{"title":"Infatio - Essais Linguistiques","description":"Robert Fournier: Une \u00e9volution probable de la communication humaine. Un documentaire. \u00a92017 Infatio &nbsp; Essayons d'envisager d'une mani\u00e8re tr\u00e8s","robots":{"index":"index","follow":"follow","max-snippet":"max-snippet:-1","max-image-preview":"max-image-preview:large","max-video-preview":"max-video-preview:-1"},"canonical":"https:\/\/carleton.ca\/essaislinguistiques\/infatio\/","twitter_misc":{"Est. reading time":"7 minutes"},"schema":{"@context":"https:\/\/schema.org","@graph":[{"@type":"WebPage","@id":"https:\/\/carleton.ca\/essaislinguistiques\/infatio\/","url":"https:\/\/carleton.ca\/essaislinguistiques\/infatio\/","name":"Infatio - Essais Linguistiques","isPartOf":{"@id":"https:\/\/carleton.ca\/essaislinguistiques\/#website"},"datePublished":"2017-11-18T14:30:44+00:00","dateModified":"2018-01-02T03:00:34+00:00","description":"Robert Fournier: Une \u00e9volution probable de la communication humaine. Un documentaire. \u00a92017 Infatio &nbsp; Essayons d'envisager d'une mani\u00e8re tr\u00e8s","breadcrumb":{"@id":"https:\/\/carleton.ca\/essaislinguistiques\/infatio\/#breadcrumb"},"inLanguage":"en-US","potentialAction":[{"@type":"ReadAction","target":["https:\/\/carleton.ca\/essaislinguistiques\/infatio\/"]}]},{"@type":"BreadcrumbList","@id":"https:\/\/carleton.ca\/essaislinguistiques\/infatio\/#breadcrumb","itemListElement":[{"@type":"ListItem","position":1,"name":"Home","item":"https:\/\/carleton.ca\/essaislinguistiques\/"},{"@type":"ListItem","position":2,"name":"Infatio"}]},{"@type":"WebSite","@id":"https:\/\/carleton.ca\/essaislinguistiques\/#website","url":"https:\/\/carleton.ca\/essaislinguistiques\/","name":"Essais Linguistiques","description":"Carleton University","potentialAction":[{"@type":"SearchAction","target":{"@type":"EntryPoint","urlTemplate":"https:\/\/carleton.ca\/essaislinguistiques\/?s={search_term_string}"},"query-input":"required name=search_term_string"}],"inLanguage":"en-US"}]}},"acf":{"banner_image_type":"upload","banner_uploaded_image":{"ID":127,"id":127,"title":"Background","filename":"Background.jpg","filesize":501269,"url":"https:\/\/carleton.ca\/essaislinguistiques\/wp-content\/uploads\/Background.jpg","link":"https:\/\/carleton.ca\/essaislinguistiques\/cu-home\/homepage\/background\/","alt":"Background","author":"4","description":"","caption":"","name":"background","status":"inherit","uploaded_to":14,"date":"2017-05-26 18:26:01","modified":"2017-11-26 05:16:16","menu_order":0,"mime_type":"image\/jpeg","type":"image","subtype":"jpeg","icon":"https:\/\/carleton.ca\/essaislinguistiques\/wp\/wp-includes\/images\/media\/default.png","width":1600,"height":700,"sizes":{"thumbnail":"https:\/\/carleton.ca\/essaislinguistiques\/wp-content\/uploads\/Background-160x70.jpg","thumbnail-width":160,"thumbnail-height":70,"medium":"https:\/\/carleton.ca\/essaislinguistiques\/wp-content\/uploads\/Background-240x105.jpg","medium-width":240,"medium-height":105,"medium_large":"https:\/\/carleton.ca\/essaislinguistiques\/wp-content\/uploads\/Background-768x336.jpg","medium_large-width":768,"medium_large-height":336,"large":"https:\/\/carleton.ca\/essaislinguistiques\/wp-content\/uploads\/Background-400x175.jpg","large-width":400,"large-height":175,"gallery-thumb":"https:\/\/carleton.ca\/essaislinguistiques\/wp-content\/uploads\/Background.jpg","gallery-thumb-width":300,"gallery-thumb-height":131,"1536x1536":"https:\/\/carleton.ca\/essaislinguistiques\/wp-content\/uploads\/Background.jpg","1536x1536-width":1536,"1536x1536-height":672,"2048x2048":"https:\/\/carleton.ca\/essaislinguistiques\/wp-content\/uploads\/Background.jpg","2048x2048-width":1600,"2048x2048-height":700,"banner":"https:\/\/carleton.ca\/essaislinguistiques\/wp-content\/uploads\/Background.jpg","banner-width":1600,"banner-height":700,"people":"https:\/\/carleton.ca\/essaislinguistiques\/wp-content\/uploads\/Background-200x200.jpg","people-width":200,"people-height":200,"post-thumb":"https:\/\/carleton.ca\/essaislinguistiques\/wp-content\/uploads\/Background-300x230.jpg","post-thumb-width":300,"post-thumb-height":230,"rotator-image":"https:\/\/carleton.ca\/essaislinguistiques\/wp-content\/uploads\/Background.jpg","rotator-image-width":800,"rotator-image-height":350,"video-thumb":"https:\/\/carleton.ca\/essaislinguistiques\/wp-content\/uploads\/Background-360x158.jpg","video-thumb-width":360,"video-thumb-height":158}},"banner_opacity":"dark"},"_links":{"self":[{"href":"https:\/\/carleton.ca\/essaislinguistiques\/wp-json\/wp\/v2\/pages\/289"}],"collection":[{"href":"https:\/\/carleton.ca\/essaislinguistiques\/wp-json\/wp\/v2\/pages"}],"about":[{"href":"https:\/\/carleton.ca\/essaislinguistiques\/wp-json\/wp\/v2\/types\/page"}],"author":[{"embeddable":true,"href":"https:\/\/carleton.ca\/essaislinguistiques\/wp-json\/wp\/v2\/users\/5"}],"replies":[{"embeddable":true,"href":"https:\/\/carleton.ca\/essaislinguistiques\/wp-json\/wp\/v2\/comments?post=289"}],"version-history":[{"count":3,"href":"https:\/\/carleton.ca\/essaislinguistiques\/wp-json\/wp\/v2\/pages\/289\/revisions"}],"predecessor-version":[{"id":330,"href":"https:\/\/carleton.ca\/essaislinguistiques\/wp-json\/wp\/v2\/pages\/289\/revisions\/330"}],"wp:attachment":[{"href":"https:\/\/carleton.ca\/essaislinguistiques\/wp-json\/wp\/v2\/media?parent=289"}],"curies":[{"name":"wp","href":"https:\/\/api.w.org\/{rel}","templated":true}]}}