{"id":403,"date":"2023-07-28T11:41:56","date_gmt":"2023-07-28T15:41:56","guid":{"rendered":"https:\/\/carleton.ca\/eu-governance-videos\/?page_id=403"},"modified":"2023-07-28T11:43:25","modified_gmt":"2023-07-28T15:43:25","slug":"contributors","status":"publish","type":"page","link":"https:\/\/carleton.ca\/eu-governance-videos\/contributors\/","title":{"rendered":"Contributors"},"content":{"rendered":"<p>The following experts have been interviewed for the EU Governance Videos:<\/p>\n<ul>\n<li>Emmanuel Brunet-Jailly, Professor of Public Policy, University of Victoria<\/li>\n<li>Assem Dandashly, Assistant Professor of Political Science, Maastricht University<\/li>\n<li>Joan DeBardeleben, Chancellor\u2019s Professor in the Institute of European, Russian and Eurasian Studies, Carleton University<\/li>\n<li>Valerie D\u2019Erman, Instructor at the Department of Political Science and at the European Studies Program, University of Victoria<\/li>\n<li>Achim Hurrelmann, Professor of Political Science, Carleton University<\/li>\n<li>Julia J\u00e4nisch, PhD student, University of M\u00fcnster (and visiting PhD student, University of Victoria)<\/li>\n<li>Heather MacRae, Associate Professor of Political Science, York University<\/li>\n<li>Fr\u00e9d\u00e9ric M\u00e9rand, Professor of Political Science, Universit\u00e9 de Montr\u00e9al<\/li>\n<li>Martha O\u2019Brien, Professor emerita of Law, University of Victoria<\/li>\n<li>Oliver Schmidtke, Professor of Political Science, University of Victoria<\/li>\n<li>Ingeborg T\u00f6mmel, Professor emerita in International Politics, University of Osnabr\u00fcck<\/li>\n<li>Amy Verdun, Professor of Political Science, University of Victoria<\/li>\n<li>Crina Viju-Miljusevic, Associate Professor in the Institute of European, Russian and Eurasian Studies, Carleton University<\/li>\n<\/ul>\n","protected":false},"excerpt":{"rendered":"<p>The following experts have been interviewed for the EU Governance Videos: Emmanuel Brunet-Jailly, Professor of Public Policy, University of Victoria Assem Dandashly, Assistant Professor of Political Science, Maastricht University Joan DeBardeleben, Chancellor\u2019s Professor in the Institute of European, Russian and Eurasian Studies, Carleton University Valerie D\u2019Erman, Instructor at the Department of Political Science and at [&hellip;]<\/p>\n","protected":false},"author":6,"featured_media":0,"parent":0,"menu_order":0,"comment_status":"closed","ping_status":"closed","template":"","meta":{"_relevanssi_hide_post":"","_relevanssi_hide_content":"","_relevanssi_pin_for_all":"","_relevanssi_pin_keywords":"","_relevanssi_unpin_keywords":"","_relevanssi_related_keywords":"","_relevanssi_related_include_ids":"","_relevanssi_related_exclude_ids":"","_relevanssi_related_no_append":"","_relevanssi_related_not_related":"","_relevanssi_related_posts":"","_relevanssi_noindex_reason":"","_mi_skip_tracking":false,"_exactmetrics_sitenote_active":false,"_exactmetrics_sitenote_note":"","_exactmetrics_sitenote_category":0,"_monsterinsights_sitenote_active":false,"_monsterinsights_sitenote_note":"","_monsterinsights_sitenote_category":0,"footnotes":"","_links_to":"","_links_to_target":""},"yoast_head":"<!-- This site is optimized with the Yoast SEO plugin v21.2 - https:\/\/yoast.com\/wordpress\/plugins\/seo\/ -->\n<title>Contributors - EU Governance Videos<\/title>\n<meta name=\"description\" content=\"The following experts have been interviewed for the EU Governance Videos: Emmanuel Brunet-Jailly, Professor of Public Policy, University of Victoria Assem\" \/>\n<meta name=\"robots\" content=\"index, follow, max-snippet:-1, max-image-preview:large, max-video-preview:-1\" \/>\n<link rel=\"canonical\" href=\"https:\/\/carleton.ca\/eu-governance-videos\/contributors\/\" \/>\n<meta name=\"twitter:label1\" content=\"Est. reading time\" \/>\n\t<meta name=\"twitter:data1\" content=\"1 minute\" \/>\n<script type=\"application\/ld+json\" class=\"yoast-schema-graph\">{\"@context\":\"https:\/\/schema.org\",\"@graph\":[{\"@type\":\"WebPage\",\"@id\":\"https:\/\/carleton.ca\/eu-governance-videos\/contributors\/\",\"url\":\"https:\/\/carleton.ca\/eu-governance-videos\/contributors\/\",\"name\":\"Contributors - EU Governance Videos\",\"isPartOf\":{\"@id\":\"https:\/\/carleton.ca\/eu-governance-videos\/#website\"},\"datePublished\":\"2023-07-28T15:41:56+00:00\",\"dateModified\":\"2023-07-28T15:43:25+00:00\",\"description\":\"The following experts have been interviewed for the EU Governance Videos: Emmanuel Brunet-Jailly, Professor of Public Policy, University of Victoria Assem\",\"breadcrumb\":{\"@id\":\"https:\/\/carleton.ca\/eu-governance-videos\/contributors\/#breadcrumb\"},\"inLanguage\":\"en-US\",\"potentialAction\":[{\"@type\":\"ReadAction\",\"target\":[\"https:\/\/carleton.ca\/eu-governance-videos\/contributors\/\"]}]},{\"@type\":\"BreadcrumbList\",\"@id\":\"https:\/\/carleton.ca\/eu-governance-videos\/contributors\/#breadcrumb\",\"itemListElement\":[{\"@type\":\"ListItem\",\"position\":1,\"name\":\"Home\",\"item\":\"https:\/\/carleton.ca\/eu-governance-videos\/\"},{\"@type\":\"ListItem\",\"position\":2,\"name\":\"Contributors\"}]},{\"@type\":\"WebSite\",\"@id\":\"https:\/\/carleton.ca\/eu-governance-videos\/#website\",\"url\":\"https:\/\/carleton.ca\/eu-governance-videos\/\",\"name\":\"EU Governance Videos\",\"description\":\"Carleton University\",\"potentialAction\":[{\"@type\":\"SearchAction\",\"target\":{\"@type\":\"EntryPoint\",\"urlTemplate\":\"https:\/\/carleton.ca\/eu-governance-videos\/?s={search_term_string}\"},\"query-input\":\"required name=search_term_string\"}],\"inLanguage\":\"en-US\"}]}<\/script>\n<!-- \/ Yoast SEO plugin. -->","yoast_head_json":{"title":"Contributors - EU Governance Videos","description":"The following experts have been interviewed for the EU Governance Videos: Emmanuel Brunet-Jailly, Professor of Public Policy, University of Victoria Assem","robots":{"index":"index","follow":"follow","max-snippet":"max-snippet:-1","max-image-preview":"max-image-preview:large","max-video-preview":"max-video-preview:-1"},"canonical":"https:\/\/carleton.ca\/eu-governance-videos\/contributors\/","twitter_misc":{"Est. reading time":"1 minute"},"schema":{"@context":"https:\/\/schema.org","@graph":[{"@type":"WebPage","@id":"https:\/\/carleton.ca\/eu-governance-videos\/contributors\/","url":"https:\/\/carleton.ca\/eu-governance-videos\/contributors\/","name":"Contributors - EU Governance Videos","isPartOf":{"@id":"https:\/\/carleton.ca\/eu-governance-videos\/#website"},"datePublished":"2023-07-28T15:41:56+00:00","dateModified":"2023-07-28T15:43:25+00:00","description":"The following experts have been interviewed for the EU Governance Videos: Emmanuel Brunet-Jailly, Professor of Public Policy, University of Victoria Assem","breadcrumb":{"@id":"https:\/\/carleton.ca\/eu-governance-videos\/contributors\/#breadcrumb"},"inLanguage":"en-US","potentialAction":[{"@type":"ReadAction","target":["https:\/\/carleton.ca\/eu-governance-videos\/contributors\/"]}]},{"@type":"BreadcrumbList","@id":"https:\/\/carleton.ca\/eu-governance-videos\/contributors\/#breadcrumb","itemListElement":[{"@type":"ListItem","position":1,"name":"Home","item":"https:\/\/carleton.ca\/eu-governance-videos\/"},{"@type":"ListItem","position":2,"name":"Contributors"}]},{"@type":"WebSite","@id":"https:\/\/carleton.ca\/eu-governance-videos\/#website","url":"https:\/\/carleton.ca\/eu-governance-videos\/","name":"EU Governance Videos","description":"Carleton University","potentialAction":[{"@type":"SearchAction","target":{"@type":"EntryPoint","urlTemplate":"https:\/\/carleton.ca\/eu-governance-videos\/?s={search_term_string}"},"query-input":"required name=search_term_string"}],"inLanguage":"en-US"}]}},"acf":{"banner_image_type":"hosted","banner_hosted_image":"eng-civil","banner_opacity":"default","banner_button":"no"},"_links":{"self":[{"href":"https:\/\/carleton.ca\/eu-governance-videos\/wp-json\/wp\/v2\/pages\/403"}],"collection":[{"href":"https:\/\/carleton.ca\/eu-governance-videos\/wp-json\/wp\/v2\/pages"}],"about":[{"href":"https:\/\/carleton.ca\/eu-governance-videos\/wp-json\/wp\/v2\/types\/page"}],"author":[{"embeddable":true,"href":"https:\/\/carleton.ca\/eu-governance-videos\/wp-json\/wp\/v2\/users\/6"}],"replies":[{"embeddable":true,"href":"https:\/\/carleton.ca\/eu-governance-videos\/wp-json\/wp\/v2\/comments?post=403"}],"version-history":[{"count":2,"href":"https:\/\/carleton.ca\/eu-governance-videos\/wp-json\/wp\/v2\/pages\/403\/revisions"}],"predecessor-version":[{"id":406,"href":"https:\/\/carleton.ca\/eu-governance-videos\/wp-json\/wp\/v2\/pages\/403\/revisions\/406"}],"wp:attachment":[{"href":"https:\/\/carleton.ca\/eu-governance-videos\/wp-json\/wp\/v2\/media?parent=403"}],"curies":[{"name":"wp","href":"https:\/\/api.w.org\/{rel}","templated":true}]}}