{"id":69,"date":"2022-09-06T11:19:39","date_gmt":"2022-09-06T15:19:39","guid":{"rendered":"https:\/\/carleton.ca\/eu-governance-videos\/?page_id=69"},"modified":"2023-07-27T11:18:23","modified_gmt":"2023-07-27T15:18:23","slug":"chapter-9","status":"publish","type":"page","link":"https:\/\/carleton.ca\/eu-governance-videos\/chapter-9\/","title":{"rendered":"EU Foreign, Security and Defence Policies"},"content":{"rendered":"<div class=\"content__video\"><iframe loading=\"lazy\" title=\"EU Foreign, Security and Defence Policies: Interview with Fr\u00e9d\u00e9ric M\u00e9rand\" width=\"500\" height=\"281\" src=\"https:\/\/www.youtube.com\/embed\/GdKcWwpR-h8?feature=oembed\" frameborder=\"0\" allow=\"accelerometer; autoplay; clipboard-write; encrypted-media; gyroscope; picture-in-picture; web-share\" allowfullscreen><\/iframe><\/div>\n<div class=\"content__video\"><iframe loading=\"lazy\" title=\"EU Foreign, Security and Defence Policies: Comments by Fr\u00e9d\u00e9ric M\u00e9rand\" width=\"500\" height=\"281\" src=\"https:\/\/www.youtube.com\/embed\/yZv66gQ-GhM?feature=oembed\" frameborder=\"0\" allow=\"accelerometer; autoplay; clipboard-write; encrypted-media; gyroscope; picture-in-picture; web-share\" allowfullscreen><\/iframe><\/div>\n<p><\/p>\n<p><strong>Please find a selection of further video resources on this topic below:\u00a0<\/strong><\/p>\n<table style=\"border-collapse: collapse; width: 100%; height: 170px;\">\n<tbody>\n<tr style=\"height: 96px;\">\n<td style=\"width: 50%; height: 96px;\"><p><a href=\"https:\/\/www.youtube.com\/watch?v=FkqDmm9D4PE\" class=\"ccms__fancybox\" data-caption=\"A brief history of the European Union\">European Foreign Policy: The Birth of the CFSP<\/a><\/p><\/td>\n<td style=\"width: 50%; height: 96px;\">Video produced by the <a class=\"yt-simple-endpoint style-scope yt-formatted-string\" dir=\"auto\" spellcheck=\"false\" href=\"https:\/\/www.youtube.com\/@tepsaeu\">Trans European Policy Studies Association (TEPSA)<\/a> explaining the development of Common Foreign and Security Policy (CFSP).<\/p>\n<p>Date: 2023<\/p>\n<p>Length: 10:43<\/td>\n<\/tr>\n<tr style=\"height: 74px;\">\n<td style=\"width: 50%; height: 74px;\"><p><a href=\"https:\/\/www.youtube.com\/watch?v=uj385Rq_66I\" class=\"ccms__fancybox\" data-caption=\"Crash course history of Europe\">European Defence<\/a><\/p><\/td>\n<td style=\"width: 50%; height: 74px;\">Video produced by the <a href=\"https:\/\/www.youtube.com\/@EuroparlResearchService\/about\" target=\"_blank\" rel=\"noopener noreferrer\">European Parliamentary Research Service<\/a> that discusses the emergence of the Common Security and Defence Policy (CSDP) and the initiation of Permanent Structured Cooperation (PESCO).<\/p>\n<p>Date: 2018<\/p>\n<p>Length: 3:41<\/td>\n<\/tr>\n<tr>\n<td style=\"width: 50%;\"><p><a href=\"https:\/\/www.youtube.com\/watch?v=mVdz0vDOKuc\" class=\"ccms__fancybox\" data-caption=\"EU Common Security and Defence Policy in action\">EU Common Security and Defence Policy in action<\/a><\/p><\/td>\n<td style=\"width: 50%;\">Video produced by the <a href=\"https:\/\/www.youtube.com\/@EUExternalAction\/about\" target=\"_blank\" rel=\"noopener noreferrer\">European External Action Service (EEAS)<\/a> illustrating CSDP missions in Eastern Africa. While a piece of EU public relations, the video gives a useful illustration of how CSDP missions work.<\/p>\n<p>Date: 2014 (NB: This video is slightly dated.)<\/p>\n<p>Length: 10:43<\/td>\n<\/tr>\n<\/tbody>\n<\/table>\n<p><\/p>\n<p><\/p>\n","protected":false},"excerpt":{"rendered":"<p>Please find a selection of further video resources on this topic below:\u00a0 Video produced by the Trans European Policy Studies Association (TEPSA) explaining the development of Common Foreign and Security Policy (CFSP). Date: 2023 Length: 10:43 Video produced by the European Parliamentary Research Service that discusses the emergence of the Common Security and Defence Policy [&hellip;]<\/p>\n","protected":false},"author":7,"featured_media":0,"parent":0,"menu_order":0,"comment_status":"closed","ping_status":"closed","template":"","meta":{"_relevanssi_hide_post":"","_relevanssi_hide_content":"","_relevanssi_pin_for_all":"","_relevanssi_pin_keywords":"","_relevanssi_unpin_keywords":"","_relevanssi_related_keywords":"","_relevanssi_related_include_ids":"","_relevanssi_related_exclude_ids":"","_relevanssi_related_no_append":"","_relevanssi_related_not_related":"","_relevanssi_related_posts":"","_relevanssi_noindex_reason":"","_mi_skip_tracking":false,"_exactmetrics_sitenote_active":false,"_exactmetrics_sitenote_note":"","_exactmetrics_sitenote_category":0,"_monsterinsights_sitenote_active":false,"_monsterinsights_sitenote_note":"","_monsterinsights_sitenote_category":0,"footnotes":"","_links_to":"","_links_to_target":""},"yoast_head":"<!-- This site is optimized with the Yoast SEO plugin v21.2 - https:\/\/yoast.com\/wordpress\/plugins\/seo\/ -->\n<title>EU Foreign, Security and Defence Policies - EU Governance Videos<\/title>\n<meta name=\"description\" content=\"https:\/\/www.youtube.com\/watch?v=GdKcWwpR-h8 https:\/\/www.youtube.com\/watch?v=yZv66gQ-GhM &nbsp; Please find a selection of further video resources on this\" \/>\n<meta name=\"robots\" content=\"index, follow, max-snippet:-1, max-image-preview:large, max-video-preview:-1\" \/>\n<link rel=\"canonical\" href=\"https:\/\/carleton.ca\/eu-governance-videos\/chapter-9\/\" \/>\n<meta name=\"twitter:label1\" content=\"Est. reading time\" \/>\n\t<meta name=\"twitter:data1\" content=\"1 minute\" \/>\n<script type=\"application\/ld+json\" class=\"yoast-schema-graph\">{\"@context\":\"https:\/\/schema.org\",\"@graph\":[{\"@type\":\"WebPage\",\"@id\":\"https:\/\/carleton.ca\/eu-governance-videos\/chapter-9\/\",\"url\":\"https:\/\/carleton.ca\/eu-governance-videos\/chapter-9\/\",\"name\":\"EU Foreign, Security and Defence Policies - EU Governance Videos\",\"isPartOf\":{\"@id\":\"https:\/\/carleton.ca\/eu-governance-videos\/#website\"},\"datePublished\":\"2022-09-06T15:19:39+00:00\",\"dateModified\":\"2023-07-27T15:18:23+00:00\",\"description\":\"https:\/\/www.youtube.com\/watch?v=GdKcWwpR-h8 https:\/\/www.youtube.com\/watch?v=yZv66gQ-GhM &nbsp; Please find a selection of further video resources on this\",\"breadcrumb\":{\"@id\":\"https:\/\/carleton.ca\/eu-governance-videos\/chapter-9\/#breadcrumb\"},\"inLanguage\":\"en-US\",\"potentialAction\":[{\"@type\":\"ReadAction\",\"target\":[\"https:\/\/carleton.ca\/eu-governance-videos\/chapter-9\/\"]}]},{\"@type\":\"BreadcrumbList\",\"@id\":\"https:\/\/carleton.ca\/eu-governance-videos\/chapter-9\/#breadcrumb\",\"itemListElement\":[{\"@type\":\"ListItem\",\"position\":1,\"name\":\"Home\",\"item\":\"https:\/\/carleton.ca\/eu-governance-videos\/\"},{\"@type\":\"ListItem\",\"position\":2,\"name\":\"EU Foreign, Security and Defence Policies\"}]},{\"@type\":\"WebSite\",\"@id\":\"https:\/\/carleton.ca\/eu-governance-videos\/#website\",\"url\":\"https:\/\/carleton.ca\/eu-governance-videos\/\",\"name\":\"EU Governance Videos\",\"description\":\"Carleton University\",\"potentialAction\":[{\"@type\":\"SearchAction\",\"target\":{\"@type\":\"EntryPoint\",\"urlTemplate\":\"https:\/\/carleton.ca\/eu-governance-videos\/?s={search_term_string}\"},\"query-input\":\"required name=search_term_string\"}],\"inLanguage\":\"en-US\"}]}<\/script>\n<!-- \/ Yoast SEO plugin. -->","yoast_head_json":{"title":"EU Foreign, Security and Defence Policies - EU Governance Videos","description":"https:\/\/www.youtube.com\/watch?v=GdKcWwpR-h8 https:\/\/www.youtube.com\/watch?v=yZv66gQ-GhM &nbsp; Please find a selection of further video resources on this","robots":{"index":"index","follow":"follow","max-snippet":"max-snippet:-1","max-image-preview":"max-image-preview:large","max-video-preview":"max-video-preview:-1"},"canonical":"https:\/\/carleton.ca\/eu-governance-videos\/chapter-9\/","twitter_misc":{"Est. reading time":"1 minute"},"schema":{"@context":"https:\/\/schema.org","@graph":[{"@type":"WebPage","@id":"https:\/\/carleton.ca\/eu-governance-videos\/chapter-9\/","url":"https:\/\/carleton.ca\/eu-governance-videos\/chapter-9\/","name":"EU Foreign, Security and Defence Policies - EU Governance Videos","isPartOf":{"@id":"https:\/\/carleton.ca\/eu-governance-videos\/#website"},"datePublished":"2022-09-06T15:19:39+00:00","dateModified":"2023-07-27T15:18:23+00:00","description":"https:\/\/www.youtube.com\/watch?v=GdKcWwpR-h8 https:\/\/www.youtube.com\/watch?v=yZv66gQ-GhM &nbsp; Please find a selection of further video resources on this","breadcrumb":{"@id":"https:\/\/carleton.ca\/eu-governance-videos\/chapter-9\/#breadcrumb"},"inLanguage":"en-US","potentialAction":[{"@type":"ReadAction","target":["https:\/\/carleton.ca\/eu-governance-videos\/chapter-9\/"]}]},{"@type":"BreadcrumbList","@id":"https:\/\/carleton.ca\/eu-governance-videos\/chapter-9\/#breadcrumb","itemListElement":[{"@type":"ListItem","position":1,"name":"Home","item":"https:\/\/carleton.ca\/eu-governance-videos\/"},{"@type":"ListItem","position":2,"name":"EU Foreign, Security and Defence Policies"}]},{"@type":"WebSite","@id":"https:\/\/carleton.ca\/eu-governance-videos\/#website","url":"https:\/\/carleton.ca\/eu-governance-videos\/","name":"EU Governance Videos","description":"Carleton University","potentialAction":[{"@type":"SearchAction","target":{"@type":"EntryPoint","urlTemplate":"https:\/\/carleton.ca\/eu-governance-videos\/?s={search_term_string}"},"query-input":"required name=search_term_string"}],"inLanguage":"en-US"}]}},"acf":{"banner_image_type":"upload","banner_button":"no","banner_uploaded_image":{"ID":236,"id":236,"title":"35904225_1006","filename":"35904225_1006.jpg","filesize":114825,"url":"https:\/\/carleton.ca\/eu-governance-videos\/wp-content\/uploads\/35904225_1006.jpg","link":"https:\/\/carleton.ca\/eu-governance-videos\/chapter-9\/35904225_1006\/","alt":"","author":"7","description":"","caption":"","name":"35904225_1006","status":"inherit","uploaded_to":69,"date":"2023-07-10 18:19:49","modified":"2023-07-10 18:19:49","menu_order":0,"mime_type":"image\/jpeg","type":"image","subtype":"jpeg","icon":"https:\/\/carleton.ca\/eu-governance-videos\/wp\/wp-includes\/images\/media\/default.png","width":1600,"height":700,"sizes":{"thumbnail":"https:\/\/carleton.ca\/eu-governance-videos\/wp-content\/uploads\/35904225_1006-160x70.jpg","thumbnail-width":160,"thumbnail-height":70,"medium":"https:\/\/carleton.ca\/eu-governance-videos\/wp-content\/uploads\/35904225_1006-240x105.jpg","medium-width":240,"medium-height":105,"medium_large":"https:\/\/carleton.ca\/eu-governance-videos\/wp-content\/uploads\/35904225_1006-768x336.jpg","medium_large-width":768,"medium_large-height":336,"large":"https:\/\/carleton.ca\/eu-governance-videos\/wp-content\/uploads\/35904225_1006-400x175.jpg","large-width":400,"large-height":175,"gallery-thumb":"https:\/\/carleton.ca\/eu-governance-videos\/wp-content\/uploads\/35904225_1006-300x230.jpg","gallery-thumb-width":300,"gallery-thumb-height":230,"1536x1536":"https:\/\/carleton.ca\/eu-governance-videos\/wp-content\/uploads\/35904225_1006-1536x672.jpg","1536x1536-width":1536,"1536x1536-height":672,"2048x2048":"https:\/\/carleton.ca\/eu-governance-videos\/wp-content\/uploads\/35904225_1006.jpg","2048x2048-width":1600,"2048x2048-height":700,"banner":"https:\/\/carleton.ca\/eu-governance-videos\/wp-content\/uploads\/35904225_1006.jpg","banner-width":1600,"banner-height":700,"people":"https:\/\/carleton.ca\/eu-governance-videos\/wp-content\/uploads\/35904225_1006-200x200.jpg","people-width":200,"people-height":200,"post-thumb":"https:\/\/carleton.ca\/eu-governance-videos\/wp-content\/uploads\/35904225_1006-300x230.jpg","post-thumb-width":300,"post-thumb-height":230,"rotator-image":"https:\/\/carleton.ca\/eu-governance-videos\/wp-content\/uploads\/35904225_1006-800x600.jpg","rotator-image-width":800,"rotator-image-height":600,"video-thumb":"https:\/\/carleton.ca\/eu-governance-videos\/wp-content\/uploads\/35904225_1006-360x158.jpg","video-thumb-width":360,"video-thumb-height":158}},"banner_opacity":"default"},"_links":{"self":[{"href":"https:\/\/carleton.ca\/eu-governance-videos\/wp-json\/wp\/v2\/pages\/69"}],"collection":[{"href":"https:\/\/carleton.ca\/eu-governance-videos\/wp-json\/wp\/v2\/pages"}],"about":[{"href":"https:\/\/carleton.ca\/eu-governance-videos\/wp-json\/wp\/v2\/types\/page"}],"author":[{"embeddable":true,"href":"https:\/\/carleton.ca\/eu-governance-videos\/wp-json\/wp\/v2\/users\/7"}],"replies":[{"embeddable":true,"href":"https:\/\/carleton.ca\/eu-governance-videos\/wp-json\/wp\/v2\/comments?post=69"}],"version-history":[{"count":4,"href":"https:\/\/carleton.ca\/eu-governance-videos\/wp-json\/wp\/v2\/pages\/69\/revisions"}],"predecessor-version":[{"id":384,"href":"https:\/\/carleton.ca\/eu-governance-videos\/wp-json\/wp\/v2\/pages\/69\/revisions\/384"}],"wp:attachment":[{"href":"https:\/\/carleton.ca\/eu-governance-videos\/wp-json\/wp\/v2\/media?parent=69"}],"curies":[{"name":"wp","href":"https:\/\/api.w.org\/{rel}","templated":true}]}}