{"id":361,"date":"2014-01-28T17:56:33","date_gmt":"2014-01-28T22:56:33","guid":{"rendered":"http:\/\/carleton.ca\/euce-network-canada\/?page_id=361"},"modified":"2014-11-19T13:30:31","modified_gmt":"2014-11-19T18:30:31","slug":"euce-consortium-montrealmcgill","status":"publish","type":"page","link":"https:\/\/carleton.ca\/euce-network-canada\/centres\/euce-consortium-montrealmcgill\/","title":{"rendered":"EUCE-Consortium Montr\u00e9al\/McGill"},"content":{"rendered":"<p><a title=\"mcgill\/montreal euce\" href=\"http:\/\/www.centreurope-montreal.ca\/en\/\" target=\"_blank\">European Centre of Excellence,\u00a0Montr\u00e9al\/ McGill\u00a0<\/a><\/p>\n<p>The European Union Centre of Excellence-Montr\u00e9al (CEUE\/EUCE-Montr\u00e9al) was established in September 2006 as a joint initiative between the Universit\u00e9 de Montr\u00e9al (UdeM) and McGill University. It brought together the Institute for European Studies at UdeM and McGill, the Jean Monnet Chair in European Integration at UdeM, and the Jean-Monnet Chair in the Law of International Economic Relations at McGill, and it functions as a truly joint and bilingual partnership.<\/p>\n<p>The EUCE-Montreal\u2019s funding has been renewed for the period 2014-2017, thus allowing for an extension of the activities undertaken since 2006. The EUCE-Montreal will further fulfil its mandate, which is to promote the understanding of the European Union in Montreal and to foster the EU-Canada relationship in Quebec. Through business, policy, and public outreach conferences, summer schools, research seminars, a public lecture series, and training programs, the EUCE-Montreal proposes numerous activities that will foster dialogue and enhance the visibility and understanding of EU affairs among academics, business circles, policy makers, the media, and youth.<\/p>\n<p><\/p>\n<p><\/p>\n<p><\/p>\n","protected":false},"excerpt":{"rendered":"<p>European Centre of Excellence,\u00a0Montr\u00e9al\/ McGill\u00a0 The European Union Centre of Excellence-Montr\u00e9al (CEUE\/EUCE-Montr\u00e9al) was established in September 2006 as a joint initiative between the Universit\u00e9 de Montr\u00e9al (UdeM) and McGill University. It brought together the Institute for European Studies at UdeM and McGill, the Jean Monnet Chair in European Integration at UdeM, and the Jean-Monnet Chair [&hellip;]<\/p>\n","protected":false},"author":17,"featured_media":0,"parent":41,"menu_order":0,"comment_status":"open","ping_status":"open","template":"","meta":{"_relevanssi_hide_post":"","_relevanssi_hide_content":"","_relevanssi_pin_for_all":"","_relevanssi_pin_keywords":"","_relevanssi_unpin_keywords":"","_relevanssi_related_keywords":"","_relevanssi_related_include_ids":"","_relevanssi_related_exclude_ids":"","_relevanssi_related_no_append":"","_relevanssi_related_not_related":"","_relevanssi_related_posts":"","_relevanssi_noindex_reason":"","_mi_skip_tracking":false,"_exactmetrics_sitenote_active":false,"_exactmetrics_sitenote_note":"","_exactmetrics_sitenote_category":0,"footnotes":"","_links_to":"","_links_to_target":""},"yoast_head":"<!-- This site is optimized with the Yoast SEO plugin v21.2 - https:\/\/yoast.com\/wordpress\/plugins\/seo\/ -->\n<title>EUCE-Consortium Montr\u00e9al\/McGill - Canadian Network of EU Centres of Excellence<\/title>\n<meta name=\"description\" content=\"European Centre of Excellence,\u00a0Montr\u00e9al\/ McGill\u00a0 The European Union Centre of Excellence-Montr\u00e9al (CEUE\/EUCE-Montr\u00e9al) was established in September 2006\" \/>\n<meta name=\"robots\" content=\"index, follow, max-snippet:-1, max-image-preview:large, max-video-preview:-1\" \/>\n<link rel=\"canonical\" href=\"https:\/\/carleton.ca\/euce-network-canada\/centres\/euce-consortium-montrealmcgill\/\" \/>\n<meta name=\"twitter:label1\" content=\"Est. reading time\" \/>\n\t<meta name=\"twitter:data1\" content=\"1 minute\" \/>\n<script type=\"application\/ld+json\" class=\"yoast-schema-graph\">{\"@context\":\"https:\/\/schema.org\",\"@graph\":[{\"@type\":\"WebPage\",\"@id\":\"https:\/\/carleton.ca\/euce-network-canada\/centres\/euce-consortium-montrealmcgill\/\",\"url\":\"https:\/\/carleton.ca\/euce-network-canada\/centres\/euce-consortium-montrealmcgill\/\",\"name\":\"EUCE-Consortium Montr\u00e9al\/McGill - Canadian Network of EU Centres of Excellence\",\"isPartOf\":{\"@id\":\"https:\/\/carleton.ca\/euce-network-canada\/#website\"},\"datePublished\":\"2014-01-28T22:56:33+00:00\",\"dateModified\":\"2014-11-19T18:30:31+00:00\",\"description\":\"European Centre of Excellence,\u00a0Montr\u00e9al\/ McGill\u00a0 The European Union Centre of Excellence-Montr\u00e9al (CEUE\/EUCE-Montr\u00e9al) was established in September 2006\",\"breadcrumb\":{\"@id\":\"https:\/\/carleton.ca\/euce-network-canada\/centres\/euce-consortium-montrealmcgill\/#breadcrumb\"},\"inLanguage\":\"en-US\",\"potentialAction\":[{\"@type\":\"ReadAction\",\"target\":[\"https:\/\/carleton.ca\/euce-network-canada\/centres\/euce-consortium-montrealmcgill\/\"]}]},{\"@type\":\"BreadcrumbList\",\"@id\":\"https:\/\/carleton.ca\/euce-network-canada\/centres\/euce-consortium-montrealmcgill\/#breadcrumb\",\"itemListElement\":[{\"@type\":\"ListItem\",\"position\":1,\"name\":\"Home\",\"item\":\"https:\/\/carleton.ca\/euce-network-canada\/\"},{\"@type\":\"ListItem\",\"position\":2,\"name\":\"European Union Centres in Canada\",\"item\":\"https:\/\/carleton.ca\/euce-network-canada\/centres\/\"},{\"@type\":\"ListItem\",\"position\":3,\"name\":\"EUCE-Consortium Montr\u00e9al\/McGill\"}]},{\"@type\":\"WebSite\",\"@id\":\"https:\/\/carleton.ca\/euce-network-canada\/#website\",\"url\":\"https:\/\/carleton.ca\/euce-network-canada\/\",\"name\":\"Canadian Network of EU Centres of Excellence\",\"description\":\"Carleton University\",\"potentialAction\":[{\"@type\":\"SearchAction\",\"target\":{\"@type\":\"EntryPoint\",\"urlTemplate\":\"https:\/\/carleton.ca\/euce-network-canada\/?s={search_term_string}\"},\"query-input\":\"required name=search_term_string\"}],\"inLanguage\":\"en-US\"}]}<\/script>\n<!-- \/ Yoast SEO plugin. -->","yoast_head_json":{"title":"EUCE-Consortium Montr\u00e9al\/McGill - Canadian Network of EU Centres of Excellence","description":"European Centre of Excellence,\u00a0Montr\u00e9al\/ McGill\u00a0 The European Union Centre of Excellence-Montr\u00e9al (CEUE\/EUCE-Montr\u00e9al) was established in September 2006","robots":{"index":"index","follow":"follow","max-snippet":"max-snippet:-1","max-image-preview":"max-image-preview:large","max-video-preview":"max-video-preview:-1"},"canonical":"https:\/\/carleton.ca\/euce-network-canada\/centres\/euce-consortium-montrealmcgill\/","twitter_misc":{"Est. reading time":"1 minute"},"schema":{"@context":"https:\/\/schema.org","@graph":[{"@type":"WebPage","@id":"https:\/\/carleton.ca\/euce-network-canada\/centres\/euce-consortium-montrealmcgill\/","url":"https:\/\/carleton.ca\/euce-network-canada\/centres\/euce-consortium-montrealmcgill\/","name":"EUCE-Consortium Montr\u00e9al\/McGill - Canadian Network of EU Centres of Excellence","isPartOf":{"@id":"https:\/\/carleton.ca\/euce-network-canada\/#website"},"datePublished":"2014-01-28T22:56:33+00:00","dateModified":"2014-11-19T18:30:31+00:00","description":"European Centre of Excellence,\u00a0Montr\u00e9al\/ McGill\u00a0 The European Union Centre of Excellence-Montr\u00e9al (CEUE\/EUCE-Montr\u00e9al) was established in September 2006","breadcrumb":{"@id":"https:\/\/carleton.ca\/euce-network-canada\/centres\/euce-consortium-montrealmcgill\/#breadcrumb"},"inLanguage":"en-US","potentialAction":[{"@type":"ReadAction","target":["https:\/\/carleton.ca\/euce-network-canada\/centres\/euce-consortium-montrealmcgill\/"]}]},{"@type":"BreadcrumbList","@id":"https:\/\/carleton.ca\/euce-network-canada\/centres\/euce-consortium-montrealmcgill\/#breadcrumb","itemListElement":[{"@type":"ListItem","position":1,"name":"Home","item":"https:\/\/carleton.ca\/euce-network-canada\/"},{"@type":"ListItem","position":2,"name":"European Union Centres in Canada","item":"https:\/\/carleton.ca\/euce-network-canada\/centres\/"},{"@type":"ListItem","position":3,"name":"EUCE-Consortium Montr\u00e9al\/McGill"}]},{"@type":"WebSite","@id":"https:\/\/carleton.ca\/euce-network-canada\/#website","url":"https:\/\/carleton.ca\/euce-network-canada\/","name":"Canadian Network of EU Centres of Excellence","description":"Carleton University","potentialAction":[{"@type":"SearchAction","target":{"@type":"EntryPoint","urlTemplate":"https:\/\/carleton.ca\/euce-network-canada\/?s={search_term_string}"},"query-input":"required name=search_term_string"}],"inLanguage":"en-US"}]}},"acf":{"banner_image_type":null,"banner_uploaded_image":null,"banner_hosted_image":null,"banner_opacity":null,"banner_button":null,"banner_buttons":null},"_links":{"self":[{"href":"https:\/\/carleton.ca\/euce-network-canada\/wp-json\/wp\/v2\/pages\/361"}],"collection":[{"href":"https:\/\/carleton.ca\/euce-network-canada\/wp-json\/wp\/v2\/pages"}],"about":[{"href":"https:\/\/carleton.ca\/euce-network-canada\/wp-json\/wp\/v2\/types\/page"}],"author":[{"embeddable":true,"href":"https:\/\/carleton.ca\/euce-network-canada\/wp-json\/wp\/v2\/users\/17"}],"replies":[{"embeddable":true,"href":"https:\/\/carleton.ca\/euce-network-canada\/wp-json\/wp\/v2\/comments?post=361"}],"version-history":[{"count":4,"href":"https:\/\/carleton.ca\/euce-network-canada\/wp-json\/wp\/v2\/pages\/361\/revisions"}],"predecessor-version":[{"id":881,"href":"https:\/\/carleton.ca\/euce-network-canada\/wp-json\/wp\/v2\/pages\/361\/revisions\/881"}],"up":[{"embeddable":true,"href":"https:\/\/carleton.ca\/euce-network-canada\/wp-json\/wp\/v2\/pages\/41"}],"wp:attachment":[{"href":"https:\/\/carleton.ca\/euce-network-canada\/wp-json\/wp\/v2\/media?parent=361"}],"curies":[{"name":"wp","href":"https:\/\/api.w.org\/{rel}","templated":true}]}}