{"id":9582,"date":"2018-05-23T11:49:16","date_gmt":"2018-05-23T15:49:16","guid":{"rendered":"https:\/\/carleton.ca\/eurus\/?page_id=9582"},"modified":"2025-11-19T10:46:56","modified_gmt":"2025-11-19T15:46:56","slug":"dual-ma-european-studies","status":"publish","type":"page","link":"https:\/\/carleton.ca\/eurus\/graduateprograms\/dual-ma-european-studies\/","title":{"rendered":"Dual Master in European Studies"},"content":{"rendered":"\n<section class=\"w-screen px-6 cu-section cu-section--white ml-offset-center md:px-8 lg:px-14\">\n    <div class=\"space-y-6 cu-max-w-child-5xl  md:space-y-10 cu-prose-first-last\">\n\n            <div class=\"cu-textmedia flex flex-col lg:flex-row mx-auto gap-6 md:gap-10 my-6 md:my-12 first:mt-0 max-w-5xl\">\n        <div class=\"justify-start cu-textmedia-content cu-prose-first-last\" style=\"flex: 0 0 100%;\">\n            <header class=\"font-light prose-xl cu-pageheader md:prose-2xl cu-component-updated cu-prose-first-last\">\n                                    <h1 class=\"cu-prose-first-last font-semibold !mt-2 mb-4 md:mb-6 relative after:absolute after:h-px after:bottom-0 after:bg-cu-red after:left-px text-3xl md:text-4xl lg:text-5xl lg:leading-[3.5rem] pb-5 after:w-10 text-cu-black-700 not-prose\">\n                        Dual Master in European Studies\n                    <\/h1>\n                \n                                \n                            <\/header>\n\n                    <\/div>\n\n            <\/div>\n\n    <\/div>\n<\/section>\n\n<p>Interested in studying Europe both at Carleton University and at the very heart of the European Union? The <strong>Dual Master in European Studies<\/strong> may be the right program for you. <a href=\"https:\/\/carleton.ca\/our-stories\/story\/dual-masters-program\/\">This programme was launched in 2018.&nbsp;<\/a><\/p>\n\n\n\n<p>The Dual Master is jointly offered by EURUS and by the <a href=\"https:\/\/uclouvain.be\/en\/faculties\/espo\/euro\/programs.html\">European Studies at Universit\u00e9 Catholique de Louvain<\/a> (UCL). UCL is located in in Louvain-la-Neuve, Belgium, a mere 30 kilometers from the core EU institutions in Brussels.<\/p>\n\n\n\n<p>Students accepted to the Dual Master pathway take courses at both institutions and will, at the end of their studies, be awarded two degrees, a Master of Arts in European, Russian and Eurasian Studies from Carleton and a&nbsp;<a href=\"https:\/\/uclouvain.be\/en\/faculties\/espo\/euro\/master.html\">Master 120 en \u00e9tudes europ\u00e9ennes \u00e0 finalit\u00e9 sp\u00e9cialis\u00e9e: Gouvernance et soci\u00e9t\u00e9s europ\u00e9ennes<\/a> from UCL.<\/p>\n\n\n\n<p>The Dual Master is a 6.0 credit program. Carleton students must first be admitted to the MA in European, Russian and Eurasian Studies and can then apply to be considered for the Dual Master pathway.<\/p>\n\n\n\n<p>Carleton students in the Dual Master pathway will spend the first year of their studies at Carleton University and at least two terms (fall and winter) of their second year at UCL. They must complete an MA Research Essay that is co-supervised by a professor from Carleton University and a professor from UCL.<\/p>\n\n\n\n<p>Course requirements for the Dual Master pathway are more specific than for the EURUS MA.&nbsp;Please see the <a href=\"https:\/\/carleton.ca\/eurus\/wp-content\/uploads\/sites\/186\/Dual-Master-Study-Plan.pdf\">Dual Master Study Plan<\/a> (to be updated February 2024) for required courses.<\/p>\n\n\n\n<p>The Dual Master is governed by Carleton University&#8217;s <a href=\"https:\/\/carleton.ca\/senate\/wp-content\/uploads\/Dual-Masters-Degree-Policy-Senate.pdf\">Dual&nbsp;Master&#8217;s Degree Policy<\/a>. Details of the Dual Master pathway are spelled out in the <a href=\"https:\/\/carleton.ca\/eurus\/wp-content\/uploads\/sites\/186\/Dual-Master-Degree-Agreement-CU-UCL-USLB-FINAL.pdf\">Dual Master Agreement<\/a> (to be updated upon renewal in February 2024) signed between Carleton and UCL.<\/p>\n\n\n\n<p>For more information, please contact the EURUS Administrator Heather Moulton per email (<a href=\"mailto:heather.moulton@carleton.ca\">heather.moulton@carleton.ca<\/a>).<\/p>\n\n\n\n<p>&nbsp;<\/p>\n","protected":false},"excerpt":{"rendered":"<p>Interested in studying Europe both at Carleton University and at the very heart of the European Union? The Dual Master in European Studies may be the right program for you. This programme was launched in 2018.&nbsp; The Dual Master is jointly offered by EURUS and by the European Studies at Universit\u00e9 Catholique de Louvain (UCL). [&hellip;]<\/p>\n","protected":false},"author":2,"featured_media":0,"parent":20,"menu_order":0,"comment_status":"closed","ping_status":"closed","template":"","meta":{"_acf_changed":false,"_cu_dining_location_slug":"","footnotes":"","_links_to":"","_links_to_target":""},"cu_page_type":[],"class_list":["post-9582","page","type-page","status-publish","hentry"],"acf":{"cu_post_thumbnail":false},"_links":{"self":[{"href":"https:\/\/carleton.ca\/eurus\/wp-json\/wp\/v2\/pages\/9582","targetHints":{"allow":["GET"]}}],"collection":[{"href":"https:\/\/carleton.ca\/eurus\/wp-json\/wp\/v2\/pages"}],"about":[{"href":"https:\/\/carleton.ca\/eurus\/wp-json\/wp\/v2\/types\/page"}],"author":[{"embeddable":true,"href":"https:\/\/carleton.ca\/eurus\/wp-json\/wp\/v2\/users\/2"}],"replies":[{"embeddable":true,"href":"https:\/\/carleton.ca\/eurus\/wp-json\/wp\/v2\/comments?post=9582"}],"version-history":[{"count":3,"href":"https:\/\/carleton.ca\/eurus\/wp-json\/wp\/v2\/pages\/9582\/revisions"}],"predecessor-version":[{"id":14383,"href":"https:\/\/carleton.ca\/eurus\/wp-json\/wp\/v2\/pages\/9582\/revisions\/14383"}],"up":[{"embeddable":true,"href":"https:\/\/carleton.ca\/eurus\/wp-json\/wp\/v2\/pages\/20"}],"wp:attachment":[{"href":"https:\/\/carleton.ca\/eurus\/wp-json\/wp\/v2\/media?parent=9582"}],"wp:term":[{"taxonomy":"cu_page_type","embeddable":true,"href":"https:\/\/carleton.ca\/eurus\/wp-json\/wp\/v2\/cu_page_type?post=9582"}],"curies":[{"name":"wp","href":"https:\/\/api.w.org\/{rel}","templated":true}]}}