{"id":41,"date":"2015-06-11T15:54:59","date_gmt":"2015-06-11T15:54:59","guid":{"rendered":"http:\/\/carleton.ca\/fahriglab\/?page_id=41"},"modified":"2024-10-24T15:53:00","modified_gmt":"2024-10-24T19:53:00","slug":"publications","status":"publish","type":"page","link":"https:\/\/carleton.ca\/fahriglab\/publications\/","title":{"rendered":"Publications"},"content":{"rendered":"<h3>A complete list of publications, including links to the papers, <span style=\"text-decoration: underline;\"><a href=\"https:\/\/carleton.ca\/glel\/publications\/\">can be found here<\/a><\/span><\/h3>\n<h4>Here is a sampling (students&#8217; and postdocs&#8217; names underlined):<\/h4>\n<p>Riva F, Martin C, <u>Gal<\/u><u>\u00e1<\/u><u>n-Acedo C<\/u>, Bellon E, Keil P, Mor\u00e1n-Ord\u00f3\u00f1ez A, <strong>Fahrig L<\/strong>, Guisan A. 2024. Incorporating effects of habitat patches in species distribution models. <em>Journal of Ecology <\/em>112: 2162\u20132182.<\/p>\n<p>Riva F, Haddad N, <strong>Fahrig L<\/strong>, Banks-Leite C. 2024. Principles for area-based biodiversity conservation. <em>Ecology Letters<\/em> 27: e14459.<\/p>\n<p>H\u00e4m\u00e4l\u00e4inen A, <strong>Fahrig L<\/strong>. 2024. Time-lag effects of habitat loss, but not fragmentation, on deadwood-dwelling lichens. <em>Landscape Ecology <\/em>39: art111.<\/p>\n<p><u>Tran Nguyen T<\/u>, Francis CM, Smith A, Metcalfe H, <strong>Fahrig L<\/strong>. 2024. Night-migratory songbird density is highest at stopover sites with intermediate forest cover and low proportion of forest in conifers in the surrounding landscape. <em>Avian Conservation and Ecology <\/em>19: art 19.<\/p>\n<p><u>Gal\u00e1n-Acedo C<\/u>, <strong>Fahrig L<\/strong>, Riva F, Schulz T. 2024. Positive effects of fragmentation per se on the most iconic metapopulation. <em>Conservation Letters <\/em>17: e13017.<\/p>\n<p>Riva F, Koper N, <strong>Fahrig L<\/strong>. 2024. Beyond confusion and stigma in habitat fragmentation research. <em>Biological Reviews<\/em> 99: 1411-1424.<\/p>\n<p><u>Anderson C<\/u>, <strong>Fahrig L<\/strong>, Rausch J, Smith P. 2024. Unexpected sources of uncertainty in projecting habitat shifts for Arctic shorebirds under climate change. <em>Diversity and Distributions <\/em>30: e13829.<\/p>\n<p>Soanes K, Rytwinski T, <strong>Fahrig L<\/strong>, Huijser M, Jaeger J, Teixeira F, van der Ree R, van der Grift E. 2024. Do wildlife crossing structures mitigate the barrier effect of roads on animal movement? A global assessment. <em>Journal of Applied Ecology<\/em> 61: 417-430.<\/p>\n<p><strong>Fahrig L<\/strong>. 2024. Patch-scale edge effects do not indicate landscape-scale fragmentation effects. <em>Conservation Letters <\/em>17: e12992<em>.<\/em><\/p>\n<p>Valente JJ, Gannon DG, Hightower J, Kim H, Leimberger KG, Macedo R, Rousseau J, Weldy M, Zitomer R, <strong>Fahrig L<\/strong>, Fletcher RJ, Wu J, Betts MG. 2023. Toward conciliation in the habitat fragmentation and biodiversity debate. <em>Landscape Ecology <\/em>38: 2717\u20132730.<\/p>\n<p><u>Attinello K<\/u>, Smith A, <strong>Fahrig L<\/strong>, Wilson S. 2024. Substituting space for time: Bird responses to forest loss in space provide a general picture of responses over time. <em>Ecological Applications <\/em>34: e2919<em>.<\/em><\/p>\n<p><u>Anderson CM<\/u>, <strong>Fahrig L<\/strong>, Rausch J, Smith PA. 2023. Climate variables are not the dominant predictor of Arctic shorebird distributions. <em>PLOS ONE<\/em>, e0285115<em>.<\/em><\/p>\n<p>H\u00e4m\u00e4l\u00e4inen A, <strong>Fahrig L<\/strong>, Strengbom J, Ranius T. 2023. Effective management for deadwood-dwelling lichen diversity requires landscape-scale habitat protection. <em>Journal of Applied Ecology<\/em> 60: 1597-1606<em>.<\/em><\/p>\n<p><u>Riva F<\/u>, <strong>Fahrig L<\/strong>. 2023. Obstruction of biodiversity conservation by minimum patch size criteria. <em>Conservation Biology <\/em>37: e14092.<\/p>\n<p><u>Rabbetts MA<\/u>, <strong>Fahrig L<\/strong>, Mitchell GW, Hannah KC, <u>Collins SJ<\/u>, Wilson S. 2023. Direct and indirect effects of agricultural land cover on avian biodiversity in eastern Canada. <em>Biodiversity and Conservation<\/em> 32: 1403-1421.<\/p>\n<p><u>Anderson CA<\/u>, <strong>Fahrig L<\/strong>, Rausch J, Martin J-L, Daufresne T, Smith PA. 2023. Climate-related range shifts in Arctic-breeding shorebirds. <em>Ecology and Evolution <\/em>13: e9797.<\/p>\n<p>Khan S, <strong>Fahrig L<\/strong>, Martin AE. 2023. Support for an area\u2013heterogeneity tradeoff for biodiversity in croplands. <em>Ecological Applications <\/em>33: e2820.<\/p>\n<p><u>Martin A<\/u>, <u>Lockhart JK<\/u>, <strong>Fahrig L<\/strong>. 2023. Are weak dispersers more vulnerable than strong dispersers to land use intensification? <em>Proceedings of the Royal Society B <\/em>290: 20220909.<\/p>\n<p>Arroyo-Rodriguez V, Mart\u00ednez-Ruiz M, Bezerra JS, Gal\u00e1n-Acedo C, San-Jos\u00e9 M, <strong>Fahrig L<\/strong>. 2023. Does a species\u2019 mobility determine the scale at which it is influenced by the surrounding landscape pattern? <em>Current Landscape Ecology Reports <\/em>8: 23\u201333.<\/p>\n<p><u>Riva F<\/u>, <strong>Fahrig L<\/strong>. 2023. Landscape-scale habitat fragmentation is positively related to biodiversity, despite patch-scale ecosystem decay. <em>Ecology Letters <\/em>26:268\u2013277. [IALE-NA Outstanding Paper Honorable Mention]<\/p>\n","protected":false},"excerpt":{"rendered":"<p>A complete list of publications, including links to the papers, can be found here Here is a sampling (students&#8217; and postdocs&#8217; names underlined): Riva F, Martin C, Gal\u00e1n-Acedo C, Bellon E, Keil P, Mor\u00e1n-Ord\u00f3\u00f1ez A, Fahrig L, Guisan A. 2024. Incorporating effects of habitat patches in species distribution models. Journal of Ecology 112: 2162\u20132182. Riva [&hellip;]<\/p>\n","protected":false},"author":5,"featured_media":0,"parent":0,"menu_order":0,"comment_status":"closed","ping_status":"closed","template":"","meta":{"_relevanssi_hide_post":"","_relevanssi_hide_content":"","_relevanssi_pin_for_all":"","_relevanssi_pin_keywords":"","_relevanssi_unpin_keywords":"","_relevanssi_related_keywords":"","_relevanssi_related_include_ids":"","_relevanssi_related_exclude_ids":"","_relevanssi_related_no_append":"","_relevanssi_related_not_related":"","_relevanssi_related_posts":"","_relevanssi_noindex_reason":"","_mi_skip_tracking":false,"_exactmetrics_sitenote_active":false,"_exactmetrics_sitenote_note":"","_exactmetrics_sitenote_category":0,"footnotes":"","_links_to":"","_links_to_target":""},"yoast_head":"<!-- This site is optimized with the Yoast SEO plugin v21.2 - https:\/\/yoast.com\/wordpress\/plugins\/seo\/ -->\n<title>Publications - Fahrig Lab<\/title>\n<meta name=\"description\" content=\"A complete list of publications, including links to the papers, can be found here Here is a sampling (students&#039; and postdocs&#039; names underlined): Riva F,\" \/>\n<meta name=\"robots\" content=\"index, follow, max-snippet:-1, max-image-preview:large, max-video-preview:-1\" \/>\n<link rel=\"canonical\" href=\"https:\/\/carleton.ca\/fahriglab\/publications\/\" \/>\n<meta name=\"twitter:label1\" content=\"Est. reading time\" \/>\n\t<meta name=\"twitter:data1\" content=\"3 minutes\" \/>\n<script type=\"application\/ld+json\" class=\"yoast-schema-graph\">{\"@context\":\"https:\/\/schema.org\",\"@graph\":[{\"@type\":\"WebPage\",\"@id\":\"https:\/\/carleton.ca\/fahriglab\/publications\/\",\"url\":\"https:\/\/carleton.ca\/fahriglab\/publications\/\",\"name\":\"Publications - Fahrig Lab\",\"isPartOf\":{\"@id\":\"https:\/\/carleton.ca\/fahriglab\/#website\"},\"datePublished\":\"2015-06-11T15:54:59+00:00\",\"dateModified\":\"2024-10-24T19:53:00+00:00\",\"description\":\"A complete list of publications, including links to the papers, can be found here Here is a sampling (students' and postdocs' names underlined): Riva F,\",\"breadcrumb\":{\"@id\":\"https:\/\/carleton.ca\/fahriglab\/publications\/#breadcrumb\"},\"inLanguage\":\"en-US\",\"potentialAction\":[{\"@type\":\"ReadAction\",\"target\":[\"https:\/\/carleton.ca\/fahriglab\/publications\/\"]}]},{\"@type\":\"BreadcrumbList\",\"@id\":\"https:\/\/carleton.ca\/fahriglab\/publications\/#breadcrumb\",\"itemListElement\":[{\"@type\":\"ListItem\",\"position\":1,\"name\":\"Home\",\"item\":\"https:\/\/carleton.ca\/fahriglab\/\"},{\"@type\":\"ListItem\",\"position\":2,\"name\":\"Publications\"}]},{\"@type\":\"WebSite\",\"@id\":\"https:\/\/carleton.ca\/fahriglab\/#website\",\"url\":\"https:\/\/carleton.ca\/fahriglab\/\",\"name\":\"Fahrig Lab\",\"description\":\"Carleton University\",\"potentialAction\":[{\"@type\":\"SearchAction\",\"target\":{\"@type\":\"EntryPoint\",\"urlTemplate\":\"https:\/\/carleton.ca\/fahriglab\/?s={search_term_string}\"},\"query-input\":\"required name=search_term_string\"}],\"inLanguage\":\"en-US\"}]}<\/script>\n<!-- \/ Yoast SEO plugin. -->","yoast_head_json":{"title":"Publications - Fahrig Lab","description":"A complete list of publications, including links to the papers, can be found here Here is a sampling (students' and postdocs' names underlined): Riva F,","robots":{"index":"index","follow":"follow","max-snippet":"max-snippet:-1","max-image-preview":"max-image-preview:large","max-video-preview":"max-video-preview:-1"},"canonical":"https:\/\/carleton.ca\/fahriglab\/publications\/","twitter_misc":{"Est. reading time":"3 minutes"},"schema":{"@context":"https:\/\/schema.org","@graph":[{"@type":"WebPage","@id":"https:\/\/carleton.ca\/fahriglab\/publications\/","url":"https:\/\/carleton.ca\/fahriglab\/publications\/","name":"Publications - Fahrig Lab","isPartOf":{"@id":"https:\/\/carleton.ca\/fahriglab\/#website"},"datePublished":"2015-06-11T15:54:59+00:00","dateModified":"2024-10-24T19:53:00+00:00","description":"A complete list of publications, including links to the papers, can be found here Here is a sampling (students' and postdocs' names underlined): Riva F,","breadcrumb":{"@id":"https:\/\/carleton.ca\/fahriglab\/publications\/#breadcrumb"},"inLanguage":"en-US","potentialAction":[{"@type":"ReadAction","target":["https:\/\/carleton.ca\/fahriglab\/publications\/"]}]},{"@type":"BreadcrumbList","@id":"https:\/\/carleton.ca\/fahriglab\/publications\/#breadcrumb","itemListElement":[{"@type":"ListItem","position":1,"name":"Home","item":"https:\/\/carleton.ca\/fahriglab\/"},{"@type":"ListItem","position":2,"name":"Publications"}]},{"@type":"WebSite","@id":"https:\/\/carleton.ca\/fahriglab\/#website","url":"https:\/\/carleton.ca\/fahriglab\/","name":"Fahrig Lab","description":"Carleton University","potentialAction":[{"@type":"SearchAction","target":{"@type":"EntryPoint","urlTemplate":"https:\/\/carleton.ca\/fahriglab\/?s={search_term_string}"},"query-input":"required name=search_term_string"}],"inLanguage":"en-US"}]}},"acf":{"banner_image_type":"none","banner_button":"no"},"_links":{"self":[{"href":"https:\/\/carleton.ca\/fahriglab\/wp-json\/wp\/v2\/pages\/41"}],"collection":[{"href":"https:\/\/carleton.ca\/fahriglab\/wp-json\/wp\/v2\/pages"}],"about":[{"href":"https:\/\/carleton.ca\/fahriglab\/wp-json\/wp\/v2\/types\/page"}],"author":[{"embeddable":true,"href":"https:\/\/carleton.ca\/fahriglab\/wp-json\/wp\/v2\/users\/5"}],"replies":[{"embeddable":true,"href":"https:\/\/carleton.ca\/fahriglab\/wp-json\/wp\/v2\/comments?post=41"}],"version-history":[{"count":3,"href":"https:\/\/carleton.ca\/fahriglab\/wp-json\/wp\/v2\/pages\/41\/revisions"}],"predecessor-version":[{"id":737,"href":"https:\/\/carleton.ca\/fahriglab\/wp-json\/wp\/v2\/pages\/41\/revisions\/737"}],"wp:attachment":[{"href":"https:\/\/carleton.ca\/fahriglab\/wp-json\/wp\/v2\/media?parent=41"}],"curies":[{"name":"wp","href":"https:\/\/api.w.org\/{rel}","templated":true}]}}