{"id":48700,"date":"2024-08-12T08:08:39","date_gmt":"2024-08-12T12:08:39","guid":{"rendered":"https:\/\/carleton.ca\/fass\/?page_id=48700"},"modified":"2026-01-27T13:13:51","modified_gmt":"2026-01-27T18:13:51","slug":"fass-research-bulletin-board","status":"publish","type":"page","link":"https:\/\/carleton.ca\/fass\/fass-research\/fass-research-bulletin-board\/","title":{"rendered":"Research Bulletin Board"},"content":{"rendered":"\n<section class=\"w-screen px-6 cu-section cu-section--white ml-offset-center md:px-8 lg:px-14\">\n    <div class=\"space-y-6 cu-max-w-child-max  md:space-y-10 cu-prose-first-last\">\n\n        \n                    \n                    \n            \n    <div class=\"cu-wideimage relative flex items-center justify-center mx-auto px-8 overflow-hidden md:px-16 rounded-xl not-prose  my-6 md:my-12 first:mt-0 bg-opacity-50 bg-cover bg-cu-black-50 py-24 md:py-28 lg:py-36 xl:py-48\" style=\"background-image: url(https:\/\/carleton.ca\/fass\/wp-content\/uploads\/sites\/46\/cropped-AdobeStock_259992227-scaled-1.jpeg); background-position: 50% 50%;\">\n\n                    <div class=\"absolute top-0 w-full h-screen\" style=\"background-color:rgba(0,0,0,0.600);\"><\/div>\n        \n        <div class=\"relative z-[2] max-w-4xl w-full flex flex-col items-center gap-2 cu-wideimage-image cu-zero-first-last\">\n            <header class=\"mx-auto mb-6 text-center text-white cu-pageheader cu-component-updated cu-pageheader--center md:mb-12\">\n\n                                    <h1 class=\"cu-prose-first-last font-semibold mb-2 text-3xl md:text-4xl lg:text-5xl lg:leading-[3.5rem] cu-pageheader--center text-center mx-auto after:left-px\">\n                        Research Bulletin Board\n                    <\/h1>\n                \n                                    \n\n<p>Discover the Latest Arts and Social Sciences Research<\/p>\n\n\n                            <\/header>\n        <\/div>\n\n            <\/div>\n\n    \n\n    <\/div>\n<\/section>\n\n\n\n<p><\/p>\n\n\n\n    \n\n\n                                                                                                                                                                                                                                                                                                                                                                                    \n\n\n\n<section class=\"w-screen px-6 cu-section cu-section--white cu-section--cards ml-offset-center md:px-8 lg:px-14\" data-attributes=\"&#x7B;&quot;numberOfPosts&quot;&#x3A;9,&quot;moreButton&quot;&#x3A;&quot;loadmore&quot;,&quot;showDates&quot;&#x3A;false,&quot;blockType&quot;&#x3A;&quot;cards&quot;,&quot;contentType&quot;&#x3A;&quot;post&quot;,&quot;currentPage&quot;&#x3A;1,&quot;blockBackground&quot;&#x3A;&quot;white&quot;,&quot;numberOfColumns&quot;&#x3A;3,&quot;showImages&quot;&#x3A;true,&quot;showTimeToRead&quot;&#x3A;true,&quot;showExcerpts&quot;&#x3A;true,&quot;showFilter&quot;&#x3A;false,&quot;taxName&quot;&#x3A;&quot;category&quot;,&quot;categories&quot;&#x3A;&quot;804&quot;,&quot;tags&quot;&#x3A;&quot;&quot;&#x7D;\" data-page=\"2\">\n    <div class=\"space-y-6 cu-max-w-child-5xl  md:space-y-10 cu-prose-first-last\">\n\n                \n                \n        <div class=\"cu-loading hidden text-center mx-auto h-6 w-6 animate-spin rounded-full border-4 border-solid border-current border-r-transparent align-[-0.125em] motion-reduce:animate-[spin_1.5s_linear_infinite]\" role=\"status\">\n    <span class=\"!absolute !-m-px !h-px !w-px !overflow-hidden !whitespace-nowrap !border-0 !p-0 ![clip:rect(0,0,0,0)]\">\n        Loading&#8230;\n    <\/span>\n<\/div>\n\n                                        \n        <p class=\"cu-no-posts hidden\">\n            No\n            category\n\n            posts are available.\n        <\/p>\n\n                <div class=\"cu-column cu-component not-contained mx-auto grid max-w-5xl md:grid-cols-3 gap-6 md:gap-10\">\n                        \n                    \n\n<div class=\"not-prose cu-card rounded-lg @container md:max-w-xl flex flex-col gap-3 bg-white shadow-lg shadow-cu-black-100 group duration-300 ease-in hover:scale-[1.02] hover:shadow-cu-black-200\">\n\n            <figure class=\"mb-2 overflow-hidden rounded-t-lg\">\n            <img loading=\"lazy\" decoding=\"async\" src=\"https:\/\/carleton.ca\/fass\/wp-content\/uploads\/sites\/46\/2024\/12\/HenryF1vmanicule-trefoil-750-150-copy-562x400.jpeg\" alt=\"Katherine Parr's \u201cPsalms or Prayers\u201d (1544)\" width=\"600\" height=\"400\" \/>\n        <\/figure>\n    \n    \n        <header class=\"flex flex-col gap-3  px-6 first:mt-6\">\n        <div class=\"flex flex-row w-full gap-1\">\n                    <\/div>        \n        \n    \n    <h2 class=\"line-clamp-3 text-lg font-semibold text-cu-black @sm:md:text-xl leading-6 @sm:md:leading-8\">\n        Katherine Parr\u2019s Giftbooks, Henry VIII\u2019s Marginalia, and the Display of Royal Power and Piety\n    <\/h2>\n\n            <\/header>\n\n\n            <div class=\"flex flex-col px-6 dark:text-white\">\n            <p class=\"text-base text-cu-black-700 dark:text-white \">\n                Dr. Micheline White&#8217;s (College of Humanities) article, Katherine Parr&#8217;s Giftbooks, Henry VIII&#8217;s Marginalia, and the Display of Royal Power and Piety, Renaissance Quarterly, 76 (2023),\n                                    &#8230;\n                            <\/p>\n        <\/div>\n    \n    <footer class=\"px-6 pt-3 mt-auto md:pt-5\">\n        <a href=\"https:\/\/carleton.ca\/fass\/2024\/katherine-parrs-giftbooks-henry-viiis-marginalia-and-the-display-of-royal-power-and-piety\/\" class=\"cu-button cu-button--red cu-button--small\">\n            Read news\n            <span class=\"sr-only\">\n                post\n                Katherine Parr\u2019s Giftbooks, Henry VIII\u2019s Marginalia, and the Display of Royal Power and Piety\n            <\/span>\n        <\/a>\n    <\/footer>\n<\/div>\n\n            \n                    \n\n<div class=\"not-prose cu-card rounded-lg @container md:max-w-xl flex flex-col gap-3 bg-white shadow-lg shadow-cu-black-100 group duration-300 ease-in hover:scale-[1.02] hover:shadow-cu-black-200\">\n\n            <figure class=\"mb-2 overflow-hidden rounded-t-lg\">\n            <img loading=\"lazy\" decoding=\"async\" src=\"https:\/\/carleton.ca\/fass\/wp-content\/uploads\/sites\/46\/2024\/12\/Courbet-cover-600x400.jpg\" alt=\"\" width=\"600\" height=\"400\" \/>\n        <\/figure>\n    \n    \n        <header class=\"flex flex-col gap-3  px-6 first:mt-6\">\n        <div class=\"flex flex-row w-full gap-1\">\n                    <\/div>        \n        \n    \n    <h2 class=\"line-clamp-3 text-lg font-semibold text-cu-black @sm:md:text-xl leading-6 @sm:md:leading-8\">\n        Scenes of Bohemian Life by Henry Murger\n    <\/h2>\n\n            <\/header>\n\n\n            <div class=\"flex flex-col px-6 dark:text-white\">\n            <p class=\"text-base text-cu-black-700 dark:text-white \">\n                Professor Robert Holton, Department of English Language and Literature, translated and edited Scenes of Bohemian Life by Henry Murger. This 1851 set of stories is\n                                    &#8230;\n                            <\/p>\n        <\/div>\n    \n    <footer class=\"px-6 pt-3 mt-auto md:pt-5\">\n        <a href=\"https:\/\/carleton.ca\/fass\/2024\/scenes-of-bohemian-life-by-henry-murger\/\" class=\"cu-button cu-button--red cu-button--small\">\n            Read news\n            <span class=\"sr-only\">\n                post\n                Scenes of Bohemian Life by Henry Murger\n            <\/span>\n        <\/a>\n    <\/footer>\n<\/div>\n\n            \n                    \n\n<div class=\"not-prose cu-card rounded-lg @container md:max-w-xl flex flex-col gap-3 bg-white shadow-lg shadow-cu-black-100 group duration-300 ease-in hover:scale-[1.02] hover:shadow-cu-black-200\">\n\n            <figure class=\"mb-2 overflow-hidden rounded-t-lg\">\n            <img loading=\"lazy\" decoding=\"async\" src=\"https:\/\/carleton.ca\/fass\/wp-content\/uploads\/sites\/46\/2024\/12\/IMG_4136-600x400.jpeg\" alt=\"\" width=\"600\" height=\"400\" \/>\n        <\/figure>\n    \n    \n        <header class=\"flex flex-col gap-3  px-6 first:mt-6\">\n        <div class=\"flex flex-row w-full gap-1\">\n                    <\/div>        \n        \n    \n    <h2 class=\"line-clamp-3 text-lg font-semibold text-cu-black @sm:md:text-xl leading-6 @sm:md:leading-8\">\n        Special Theme Issue\n    <\/h2>\n\n            <\/header>\n\n\n            <div class=\"flex flex-col px-6 dark:text-white\">\n            <p class=\"text-base text-cu-black-700 dark:text-white \">\n                With seven articles, this special Theme Issue invites our readers to conversations with our writers from the Global South about knowledge of disability from the\n                                    &#8230;\n                            <\/p>\n        <\/div>\n    \n    <footer class=\"px-6 pt-3 mt-auto md:pt-5\">\n        <a href=\"https:\/\/carleton.ca\/fass\/2024\/special-theme-issue\/\" class=\"cu-button cu-button--red cu-button--small\">\n            Read news\n            <span class=\"sr-only\">\n                post\n                Special Theme Issue\n            <\/span>\n        <\/a>\n    <\/footer>\n<\/div>\n\n            \n                    \n\n<div class=\"not-prose cu-card rounded-lg @container md:max-w-xl flex flex-col gap-3 bg-white shadow-lg shadow-cu-black-100 group duration-300 ease-in hover:scale-[1.02] hover:shadow-cu-black-200\">\n\n            <figure class=\"mb-2 overflow-hidden rounded-t-lg\">\n            <img loading=\"lazy\" decoding=\"async\" src=\"https:\/\/carleton.ca\/fass\/wp-content\/uploads\/sites\/46\/London-British-Library-MS-Harley-2252-fol.-50v-scaled.jpeg\" alt=\"an old book\" width=\"600\" height=\"400\" \/>\n        <\/figure>\n    \n    \n        <header class=\"flex flex-col gap-3  px-6 first:mt-6\">\n        <div class=\"flex flex-row w-full gap-1\">\n                    <\/div>        \n        \n    \n    <h2 class=\"line-clamp-3 text-lg font-semibold text-cu-black @sm:md:text-xl leading-6 @sm:md:leading-8\">\n        Passion Relic Devotion, an Implanted Relic, and a Prostheticized Body: Rethinking Matter and Agency in \u201cA Grete Myracle of a Knyghte Good Callyd Syr Roger Wallysborow\u201d\n    <\/h2>\n\n            <\/header>\n\n\n            <div class=\"flex flex-col px-6 dark:text-white\">\n            <p class=\"text-base text-cu-black-700 dark:text-white \">\n                Dr. Siobhain Bly Calkin, Department of English Language and Literature. Passion Relic Devotion, an Implanted Relic, and a Prostheticized Body: Rethinking Matter and Agency in\n                                    &#8230;\n                            <\/p>\n        <\/div>\n    \n    <footer class=\"px-6 pt-3 mt-auto md:pt-5\">\n        <a href=\"https:\/\/carleton.ca\/fass\/2024\/passion-relic-devotion-an-implanted-relic-and-a-prostheticized-body-rethinking-matter-and-agency-in-a-grete-myracle-of-a-knyghte-good-callyd-syr-roger-wallysborow\/\" class=\"cu-button cu-button--red cu-button--small\">\n            Read news\n            <span class=\"sr-only\">\n                post\n                Passion Relic Devotion, an Implanted Relic, and a Prostheticized Body: Rethinking Matter and Agency in \u201cA Grete Myracle of a Knyghte Good Callyd Syr Roger Wallysborow\u201d\n            <\/span>\n        <\/a>\n    <\/footer>\n<\/div>\n\n            \n                    \n\n<div class=\"not-prose cu-card rounded-lg @container md:max-w-xl flex flex-col gap-3 bg-white shadow-lg shadow-cu-black-100 group duration-300 ease-in hover:scale-[1.02] hover:shadow-cu-black-200\">\n\n            <figure class=\"mb-2 overflow-hidden rounded-t-lg\">\n            <img loading=\"lazy\" decoding=\"async\" src=\"https:\/\/carleton.ca\/fass\/wp-content\/uploads\/sites\/46\/i4theplanet.jpg\" alt=\"i4theplanet mobile app\" width=\"600\" height=\"400\" \/>\n        <\/figure>\n    \n    \n        <header class=\"flex flex-col gap-3  px-6 first:mt-6\">\n        <div class=\"flex flex-row w-full gap-1\">\n                    <\/div>        \n        \n    \n    <h2 class=\"line-clamp-3 text-lg font-semibold text-cu-black @sm:md:text-xl leading-6 @sm:md:leading-8\">\n        MeWeRTH Funded Projects. Learn more about projects funded by the Mental Health and Well-being Research and Training Hub\n    <\/h2>\n\n            <\/header>\n\n\n            <div class=\"flex flex-col px-6 dark:text-white\">\n            <p class=\"text-base text-cu-black-700 dark:text-white \">\n                \n                            <\/p>\n        <\/div>\n    \n    <footer class=\"px-6 pt-3 mt-auto md:pt-5\">\n        <a href=\"https:\/\/carleton.ca\/mental-health\/mewerth-funded-projects\/\" class=\"cu-button cu-button--red cu-button--small\">\n            Read news\n            <span class=\"sr-only\">\n                post\n                MeWeRTH Funded Projects. Learn more about projects funded by the Mental Health and Well-being Research and Training Hub\n            <\/span>\n        <\/a>\n    <\/footer>\n<\/div>\n\n            \n                    \n\n<div class=\"not-prose cu-card rounded-lg @container md:max-w-xl flex flex-col gap-3 bg-white shadow-lg shadow-cu-black-100 group duration-300 ease-in hover:scale-[1.02] hover:shadow-cu-black-200\">\n\n            <figure class=\"mb-2 overflow-hidden rounded-t-lg\">\n            <img loading=\"lazy\" decoding=\"async\" src=\"https:\/\/carleton.ca\/fass\/wp-content\/uploads\/sites\/46\/image-8.jpeg\" alt=\"child and parent playing video games\" width=\"600\" height=\"400\" \/>\n        <\/figure>\n    \n    \n        <header class=\"flex flex-col gap-3  px-6 first:mt-6\">\n        <div class=\"flex flex-row w-full gap-1\">\n                    <\/div>        \n        \n    \n    <h2 class=\"line-clamp-3 text-lg font-semibold text-cu-black @sm:md:text-xl leading-6 @sm:md:leading-8\">\n        2024 MeWeRTH Projects. Learn more about the current projects Mental Health and Well-being Research and Training Hub members are working on\n    <\/h2>\n\n            <\/header>\n\n\n            <div class=\"flex flex-col px-6 dark:text-white\">\n            <p class=\"text-base text-cu-black-700 dark:text-white \">\n                Learn more about the current projects MeWeRTH members are working on.\n                            <\/p>\n        <\/div>\n    \n    <footer class=\"px-6 pt-3 mt-auto md:pt-5\">\n        <a href=\"https:\/\/carleton.ca\/mental-health\/research\/current-projects\/\" class=\"cu-button cu-button--red cu-button--small\">\n            Read news\n            <span class=\"sr-only\">\n                post\n                2024 MeWeRTH Projects. Learn more about the current projects Mental Health and Well-being Research and Training Hub members are working on\n            <\/span>\n        <\/a>\n    <\/footer>\n<\/div>\n\n            \n                    \n\n<div class=\"not-prose cu-card rounded-lg @container md:max-w-xl flex flex-col gap-3 bg-white shadow-lg shadow-cu-black-100 group duration-300 ease-in hover:scale-[1.02] hover:shadow-cu-black-200\">\n\n            <figure class=\"mb-2 overflow-hidden rounded-t-lg\">\n            <img loading=\"lazy\" decoding=\"async\" src=\"https:\/\/carleton.ca\/fass\/wp-content\/uploads\/sites\/46\/Anne-Trepanier-640.jpg\" alt=\"Professor Anne Trepanier\" width=\"600\" height=\"400\" \/>\n        <\/figure>\n    \n    \n        <header class=\"flex flex-col gap-3  px-6 first:mt-6\">\n        <div class=\"flex flex-row w-full gap-1\">\n                    <\/div>        \n        \n    \n    <h2 class=\"line-clamp-3 text-lg font-semibold text-cu-black @sm:md:text-xl leading-6 @sm:md:leading-8\">\n        De l\u2019hydre au castor. Repr\u00e9sentations de la Conf\u00e9d\u00e9ration dans la presse de l\u2019Am\u00e9rique du Nord britannique (1844-1867), (Anne Tr\u00e9panier, Department of French, School of Canadian Studies)\n    <\/h2>\n\n            <\/header>\n\n\n            <div class=\"flex flex-col px-6 dark:text-white\">\n            <p class=\"text-base text-cu-black-700 dark:text-white \">\n                Dr. Anne Tr\u00e9panier&#8217;s new book De l&#8217;hydre au castor. Repr\u00e9sentations de la Conf\u00e9d\u00e9ration dans la presse de l&#8217;Am\u00e9rique du Nord britannique (1844-1867)&nbsp;will be released Frebruary\n                                    &#8230;\n                            <\/p>\n        <\/div>\n    \n    <footer class=\"px-6 pt-3 mt-auto md:pt-5\">\n        <a href=\"https:\/\/carleton.ca\/fass\/2024\/de-lhydre-au-castor-representations-de-la-confederation-dans-la-presse-de-lamerique-du-nord-britannique-1844-1867-anne-trepanier-department-of-french-school-of-canadian-studies\/\" class=\"cu-button cu-button--red cu-button--small\">\n            Read news\n            <span class=\"sr-only\">\n                post\n                De l\u2019hydre au castor. Repr\u00e9sentations de la Conf\u00e9d\u00e9ration dans la presse de l\u2019Am\u00e9rique du Nord britannique (1844-1867), (Anne Tr\u00e9panier, Department of French, School of Canadian Studies)\n            <\/span>\n        <\/a>\n    <\/footer>\n<\/div>\n\n            \n                    \n\n<div class=\"not-prose cu-card rounded-lg @container md:max-w-xl flex flex-col gap-3 bg-white shadow-lg shadow-cu-black-100 group duration-300 ease-in hover:scale-[1.02] hover:shadow-cu-black-200\">\n\n            <figure class=\"mb-2 overflow-hidden rounded-t-lg\">\n            <img loading=\"lazy\" decoding=\"async\" src=\"https:\/\/carleton.ca\/fass\/wp-content\/uploads\/sites\/46\/Ajjiliurlagit.jpg\" alt=\"Ajjiliurlagit, two Indigenous men with a camera\" width=\"600\" height=\"400\" \/>\n        <\/figure>\n    \n    \n        <header class=\"flex flex-col gap-3  px-6 first:mt-6\">\n        <div class=\"flex flex-row w-full gap-1\">\n                    <\/div>        \n        \n    \n    <h2 class=\"line-clamp-3 text-lg font-semibold text-cu-black @sm:md:text-xl leading-6 @sm:md:leading-8\">\n        Ajjiliurlagit: The Photographs of Joseph Idlout \/ Augatnaaq Eccles (Carol Payne, SSAC) and Department of History\n    <\/h2>\n\n            <\/header>\n\n\n            <div class=\"flex flex-col px-6 dark:text-white\">\n            <p class=\"text-base text-cu-black-700 dark:text-white \">\n                Ajjiliurlagit (&#8220;let me take your picture&#8221;) is an online exhibition of photographs from the 1950s by Inuk hunter Joseph Idlout. The exhibition is organized thematically\n                                    &#8230;\n                            <\/p>\n        <\/div>\n    \n    <footer class=\"px-6 pt-3 mt-auto md:pt-5\">\n        <a href=\"https:\/\/carleton.ca\/fass\/2024\/ajjiliurlagit-the-photographs-of-joseph-idlout-augatnaaq-eccles-carol-payne-ssac-and-department-of-history\/\" class=\"cu-button cu-button--red cu-button--small\">\n            Read news\n            <span class=\"sr-only\">\n                post\n                Ajjiliurlagit: The Photographs of Joseph Idlout \/ Augatnaaq Eccles (Carol Payne, SSAC) and Department of History\n            <\/span>\n        <\/a>\n    <\/footer>\n<\/div>\n\n            \n                    \n\n<div class=\"not-prose cu-card rounded-lg @container md:max-w-xl flex flex-col gap-3 bg-white shadow-lg shadow-cu-black-100 group duration-300 ease-in hover:scale-[1.02] hover:shadow-cu-black-200\">\n\n            <figure class=\"mb-2 overflow-hidden rounded-t-lg\">\n            <img loading=\"lazy\" decoding=\"async\" src=\"https:\/\/carleton.ca\/fass\/wp-content\/uploads\/sites\/46\/Emilie.jpg\" alt=\"APPARTENANCES, MARCH\u00c9S ET MOBILIT\u00c9S Penser la valeur des langues\" width=\"600\" height=\"400\" \/>\n        <\/figure>\n    \n    \n        <header class=\"flex flex-col gap-3  px-6 first:mt-6\">\n        <div class=\"flex flex-row w-full gap-1\">\n                    <\/div>        \n        \n    \n    <h2 class=\"line-clamp-3 text-lg font-semibold text-cu-black @sm:md:text-xl leading-6 @sm:md:leading-8\">\n        \u201cAppartenances, march\u00e9s et mobilit\u00e9s. Penser la valeur des langues\u201d (Emilie Urbain, Department of French)\n    <\/h2>\n\n            <\/header>\n\n\n            <div class=\"flex flex-col px-6 dark:text-white\">\n            <p class=\"text-base text-cu-black-700 dark:text-white \">\n                Our peer review edited collection, &#8220;Appartenances, march\u00e9s et mobilit\u00e9s. Penser la valeur des langues&#8221; published in 2023, presents current research in French Sociolinguistics on the\n                                    &#8230;\n                            <\/p>\n        <\/div>\n    \n    <footer class=\"px-6 pt-3 mt-auto md:pt-5\">\n        <a href=\"https:\/\/carleton.ca\/fass\/2024\/appartenances-marches-et-mobilites-penser-la-valeur-des-langues-emilie-urbain-department-of-french\/\" class=\"cu-button cu-button--red cu-button--small\">\n            Read news\n            <span class=\"sr-only\">\n                post\n                \u201cAppartenances, march\u00e9s et mobilit\u00e9s. Penser la valeur des langues\u201d (Emilie Urbain, Department of French)\n            <\/span>\n        <\/a>\n    <\/footer>\n<\/div>\n\n                    \n        <\/div>\n        \n                                            <button aria-label=\"Load More\" class=\"loadMore cu-button not-prose cu-button--dark-grey cu-button--center \" type=\"button\">\n    <div class=\"block load-more-button\">\n        Load More\n    <\/div>\n    <div class=\"hidden no-more-posts\">\n        No more to load\n    <\/div>\n    <div class=\"items-center justify-center hidden load-more-spinner cu-pageloader\">\n    <div class=\"inline-block h-6 w-6 animate-spin rounded-full border-4 border-solid border-current border-r-transparent align-[-0.125em] motion-reduce:animate-[spin_1.5s_linear_infinite]\" role=\"status\">\n        <span class=\"!absolute !-m-px !h-px !w-px !overflow-hidden !whitespace-nowrap !border-0 !p-0 ![clip:rect(0,0,0,0)]\">\n            Loading&#8230;\n        <\/span>\n    <\/div>\n<\/div>\n<\/button>\n                    \n    <\/div>\n<\/section>\n\n\n\n<p class=\"has-text-align-center\"><\/p>\n\n\n\n<p><\/p>\n","protected":false},"excerpt":{"rendered":"","protected":false},"author":120,"featured_media":40754,"parent":49398,"menu_order":18,"comment_status":"closed","ping_status":"closed","template":"","meta":{"_acf_changed":false,"_cu_dining_location_slug":"","footnotes":"","_links_to":"","_links_to_target":""},"cu_page_type":[822],"class_list":["post-48700","page","type-page","status-publish","has-post-thumbnail","hentry","cu_page_type-research"],"acf":{"cu_post_thumbnail":""},"_links":{"self":[{"href":"https:\/\/carleton.ca\/fass\/wp-json\/wp\/v2\/pages\/48700","targetHints":{"allow":["GET"]}}],"collection":[{"href":"https:\/\/carleton.ca\/fass\/wp-json\/wp\/v2\/pages"}],"about":[{"href":"https:\/\/carleton.ca\/fass\/wp-json\/wp\/v2\/types\/page"}],"author":[{"embeddable":true,"href":"https:\/\/carleton.ca\/fass\/wp-json\/wp\/v2\/users\/120"}],"replies":[{"embeddable":true,"href":"https:\/\/carleton.ca\/fass\/wp-json\/wp\/v2\/comments?post=48700"}],"version-history":[{"count":5,"href":"https:\/\/carleton.ca\/fass\/wp-json\/wp\/v2\/pages\/48700\/revisions"}],"predecessor-version":[{"id":53344,"href":"https:\/\/carleton.ca\/fass\/wp-json\/wp\/v2\/pages\/48700\/revisions\/53344"}],"up":[{"embeddable":true,"href":"https:\/\/carleton.ca\/fass\/wp-json\/wp\/v2\/pages\/49398"}],"wp:featuredmedia":[{"embeddable":true,"href":"https:\/\/carleton.ca\/fass\/wp-json\/wp\/v2\/media\/40754"}],"wp:attachment":[{"href":"https:\/\/carleton.ca\/fass\/wp-json\/wp\/v2\/media?parent=48700"}],"wp:term":[{"taxonomy":"cu_page_type","embeddable":true,"href":"https:\/\/carleton.ca\/fass\/wp-json\/wp\/v2\/cu_page_type?post=48700"}],"curies":[{"name":"wp","href":"https:\/\/api.w.org\/{rel}","templated":true}]}}