{"id":208,"date":"2024-02-06T15:35:10","date_gmt":"2024-02-06T20:35:10","guid":{"rendered":"https:\/\/carleton.ca\/fd-chairs-net\/?page_id=208"},"modified":"2025-03-21T15:20:07","modified_gmt":"2025-03-21T19:20:07","slug":"events","status":"publish","type":"page","link":"https:\/\/carleton.ca\/fd-chairs-net\/events\/","title":{"rendered":"Events"},"content":{"rendered":"<h2>Upcoming Events<\/h2>\n<section class=\"content-wrapper content-wrapper--shortcode\"><div class=\"event-wrapper\"><div class=\"u-post-reload\"><p>There are no upcoming events scheduled at this time.<\/p><\/div><div class=\"button button--events button--more u-center-text\"><a class=\"load-more button__red button__red--outline\" data-numposts=\"12\" data-offset=\"12\" data-selector=\"events\" data-catid=\"53\" data-order=\"order\" data-nonce=\"b914be3038\" data-startdate=\"\" data-enddate=\"\">Load More &rarr;<\/a><\/div><\/div><\/section>\n<h2>Past Events<\/h2>\n<section class=\"content-wrapper content-wrapper--shortcode\"><div class=\"u-post-reload\"><div class=\"news news--archive u-width-limited\"><a class=\"news__link  news__link--archive\" href=\"https:\/\/carleton.ca\/fd-chairs-net\/2025\/idrc-lerrn-webinar-global-south-reflections-on-a-routes-based-approach-to-migration\/\"><p class=\"news__date news__date--archive\">Thursday, July 17, 2025<\/p><h3 class=\"news__heading u-hide-in-toc news__heading--archive\" rel=\"bookmark\">IDRC-LERRN Webinar: Global South Reflections on a Routes-Based Approach to Migration<\/h3><p class=\"news__excerpt news__excerpt--archive\">&nbsp; On December 11, 2024, a panel discussion titled \u201cGlobal South Reflections on a Routes-Based Approach to Migration\u201d took place online. The event, hosted by the IDRC Research Chairs Network on Forced Migration and supported by LERRN: The Local Engagement Refugee Research Network, featured Madeline Garlick from UNHCR and two IDRC Research... <span class=\"news__more-link\">More<\/span><\/p><\/a><\/div><div class=\"news news--archive u-width-limited\"><a class=\"news__link  news__link--archive\" href=\"https:\/\/carleton.ca\/fd-chairs-net\/2025\/idrc-learn-webinar-gender-geopolitics-and-forced-displacement-global-south-perspectives\/\"><p class=\"news__date news__date--archive\">Friday, May 23, 2025<\/p><h3 class=\"news__heading u-hide-in-toc news__heading--archive\" rel=\"bookmark\">IDRC-LEARN Webinar: Gender, Geopolitics and Forced Displacement: Global South Perspectives<\/h3><p class=\"news__excerpt news__excerpt--archive\">On March 27th, 2025, a panel discussion titled \u201cGender, Geopolitics and Forced Displacement: Global South Perspectives\u201d took place online. This fourth and final webinar of the series, hosted by the IDRC Research Chairs Network on Forced Displacement and supported by LERRN: The Local Engagement Refugee Research Network, featured Susan Martin,... <span class=\"news__more-link\">More<\/span><\/p><\/a><\/div><div class=\"news news--archive u-width-limited\"><a class=\"news__link  news__link--archive\" href=\"https:\/\/carleton.ca\/fd-chairs-net\/2025\/idrc-lerrn-webinar-global-south-perspective-on-internally-displaced-persons\/\"><p class=\"news__date news__date--archive\">Friday, April 4, 2025<\/p><h3 class=\"news__heading u-hide-in-toc news__heading--archive\" rel=\"bookmark\">IDRC-LERRN Webinar : Global South Perspective on Internally Displaced Persons<\/h3><p class=\"news__excerpt news__excerpt--archive\">On February 13th, 2025, a panel discussion titled \u201cGlobal South Perspectives on Internally Displaced Persons\u201d took place online. This event, hosted by the IDRC Research Chairs Network on Forced Migration and supported by LERRN: The Local Engagement Refugee Research Network, featured Paula Gaviria Betancur, UN Special Rapporteur on the human... <span class=\"news__more-link\">More<\/span><\/p><\/a><\/div><div class=\"news news--archive u-width-limited\"><a class=\"news__link  news__link--archive\" href=\"https:\/\/carleton.ca\/fd-chairs-net\/2025\/idrc-lerrn-webinar-global-south-perspectives-on-climate-change-and-displacement\/\"><p class=\"news__date news__date--archive\">Monday, February 24, 2025<\/p><h3 class=\"news__heading u-hide-in-toc news__heading--archive\" rel=\"bookmark\">IDRC-LERRN Webinar: Global South Perspectives on Climate Change and Displacement<\/h3><p class=\"news__excerpt news__excerpt--archive\">&nbsp; For the Spanish version, please scroll to the bottom of this page. On January 30, 2025, a panel discussion titled \u201cGlobal South Perspectives on Climate Change and Displacement\u201d took place online. This event is the second webinar hosted by the IDRC Research Chairs on Forced Migration and supported by LERRN: The Local Engagement... <span class=\"news__more-link\">More<\/span><\/p><\/a><\/div><div class=\"news news--archive u-width-limited\"><a class=\"news__link  news__link--archive\" href=\"https:\/\/carleton.ca\/fd-chairs-net\/2024\/catedra-en-migracion-internacional-forzada-udeg-boletin-informativo-3\/\"><p class=\"news__date news__date--archive\">Thursday, April 11, 2024<\/p><h3 class=\"news__heading u-hide-in-toc news__heading--archive\" rel=\"bookmark\">C\u00e1tedra en Migraci\u00f3n Internacional Forzada-UdeG &#8211; Bolet\u00edn informativo #3<\/h3><p class=\"news__excerpt news__excerpt--archive\">Los temas m\u00e1s relevantes sobre la movilidad humana ocurridos en el \u00faltimo... <span class=\"news__more-link\">More<\/span><\/p><\/a><\/div><div class=\"news news--archive u-width-limited\"><a class=\"news__link  news__link--archive\" href=\"https:\/\/carleton.ca\/fd-chairs-net\/2024\/internal-displacement-and-solutions-conference\/\"><p class=\"news__date news__date--archive\">Saturday, March 16, 2024<\/p><h3 class=\"news__heading u-hide-in-toc news__heading--archive\" rel=\"bookmark\">Internal Displacement and Solutions Conference<\/h3><p class=\"news__excerpt news__excerpt--archive\">The online &quot;Internal Displacement and Solutions&quot; conference took place from March 14-15, 2024 and marks the culmination of five years of increasing international engagement with the pressing challenge of \u2018solutions\u2019 to internal displacement. In 2024, the UN Secretary-General\u2019s Special Adviser on Solutions to Internal Displacement will wrap... <span class=\"news__more-link\">More<\/span><\/p><\/a><\/div><div class=\"news news--archive u-width-limited\"><a class=\"news__link  news__link--archive\" href=\"https:\/\/carleton.ca\/fd-chairs-net\/2024\/gender-geopolitics-and-forced-migration-centre-on-gender-and-forced-displace\/\"><p class=\"news__date news__date--archive\">Wednesday, March 6, 2024<\/p><h3 class=\"news__heading u-hide-in-toc news__heading--archive\" rel=\"bookmark\">Gender, Geopolitics and Forced Migration conference at AIT, Thailand<\/h3><p class=\"news__excerpt news__excerpt--archive\">The international conference on &quot;Gender, Geopolitics, and Forced Migration&quot; took place on March 4-5, 2024, in Bangkok, Thailand. Aligned with International Women\u2019s Month 2024&#039;s theme of &quot;Inspire Inclusion,&quot; the conference aimed to advocate for Gender Equality through advocating for a gender-sensitive approach to geopolitics in international... <span class=\"news__more-link\">More<\/span><\/p><\/a><\/div><div class=\"news news--archive u-width-limited\"><a class=\"news__link  news__link--archive\" href=\"https:\/\/carleton.ca\/fd-chairs-net\/2024\/roundtable-discussion-and-workshop-promotion-of-solutions-for-displaced-people-and-migrants\/\"><p class=\"news__date news__date--archive\">Saturday, February 17, 2024<\/p><h3 class=\"news__heading u-hide-in-toc news__heading--archive\" rel=\"bookmark\">Roundtable Discussion and Workshop: Promotion of Solutions for Displaced People and Migrants<\/h3><p class=\"news__excerpt news__excerpt--archive\">&quot;Towards a Network of Academic Researchers in East, Horn and Great Lakes Region of Africa for the Promotion of Solutions for Displaced People and Migrants&quot; is a roundtable discussion and workshop hosted by Addis Ababa University in Ethiopia from February 15-16,... <span class=\"news__more-link\">More<\/span><\/p><\/a><\/div><div class=\"news news--archive u-width-limited\"><a class=\"news__link  news__link--archive\" href=\"https:\/\/carleton.ca\/fd-chairs-net\/2024\/public-lecture-series-displacement-economies-and-livelihood\/\"><p class=\"news__date news__date--archive\">Thursday, January 4, 2024<\/p><h3 class=\"news__heading u-hide-in-toc news__heading--archive\" rel=\"bookmark\">Public Lecture Series: Displacement Economies and Livelihood<\/h3><p class=\"news__excerpt news__excerpt--archive\">Date:\u00a004 January 2024 Time:\u00a0Time: 9:000AM\u201411:00AM Location: AAU Registrar RN 304 The Research Chair for Forced Displacement and Migration Studies at AAU, Abebaw Minaye, hosted at the College of Education and behavioral Studies, invites all interested to attend its second Monthly public lecture series for the year. The lecture will be held on... <span class=\"news__more-link\">More<\/span><\/p><\/a><\/div><div class=\"news news--archive u-width-limited\"><a class=\"news__link  news__link--archive\" href=\"https:\/\/carleton.ca\/fd-chairs-net\/2023\/global-refugee-forum-the-idrc-research-chairs-demonstrate-the-importance-of-localization\/\"><p class=\"news__date news__date--archive\">Saturday, December 9, 2023<\/p><h3 class=\"news__heading u-hide-in-toc news__heading--archive\" rel=\"bookmark\">Global Refugee Forum: the IDRC Research Chairs Demonstrate the Importance of Localization<\/h3><p class=\"news__excerpt news__excerpt--archive\">&nbsp; Last week, it was my privilege to accompany the twelve IDRC Research Chairs on Forced Displacement to the 2023 Global Refugee Forum (GRF) in Geneva. Organized by UNHCR, the goal of the GRF is to get member states to make pledges to help refugees, both within their countries and abroad. In the past,... <span class=\"news__more-link\">More<\/span><\/p><\/a><\/div><\/div><div class=\"button button--news button--more\"><a class=\"load-more button__red button__red--outline\"\n\t\t\t\tdata-numposts=\"12\"\n\t\t\t\tdata-offset=\"12\"\n\t\t\t\tdata-selector=\"blog\" data-catid=\"55\"\n\t\t\t\tdata-nonce=\"b914be3038\"\n\t\t\t\tdata-thumbnail=\"false\">Load More &rarr;<\/a><\/div><\/section>\n","protected":false},"excerpt":{"rendered":"<p>Upcoming Events Past Events<\/p>\n","protected":false},"author":8,"featured_media":0,"parent":0,"menu_order":0,"comment_status":"closed","ping_status":"closed","template":"","meta":{"_relevanssi_hide_post":"","_relevanssi_hide_content":"","_relevanssi_pin_for_all":"","_relevanssi_pin_keywords":"","_relevanssi_unpin_keywords":"","_relevanssi_related_keywords":"","_relevanssi_related_include_ids":"","_relevanssi_related_exclude_ids":"","_relevanssi_related_no_append":"","_relevanssi_related_not_related":"","_relevanssi_related_posts":"","_relevanssi_noindex_reason":"","_mi_skip_tracking":false,"_exactmetrics_sitenote_active":false,"_exactmetrics_sitenote_note":"","_exactmetrics_sitenote_category":0,"footnotes":"","_links_to":"","_links_to_target":""},"yoast_head":"<!-- This site is optimized with the Yoast SEO plugin v21.2 - https:\/\/yoast.com\/wordpress\/plugins\/seo\/ -->\n<title>Events - IDRC Research Chairs Network on Forced Displacement<\/title>\n<meta name=\"description\" content=\"Upcoming Events  Past Events\" \/>\n<meta name=\"robots\" content=\"index, follow, max-snippet:-1, max-image-preview:large, max-video-preview:-1\" \/>\n<link rel=\"canonical\" href=\"https:\/\/carleton.ca\/fd-chairs-net\/events\/\" \/>\n<meta name=\"twitter:label1\" content=\"Est. reading time\" \/>\n\t<meta name=\"twitter:data1\" content=\"1 minute\" \/>\n<script type=\"application\/ld+json\" class=\"yoast-schema-graph\">{\"@context\":\"https:\/\/schema.org\",\"@graph\":[{\"@type\":\"WebPage\",\"@id\":\"https:\/\/carleton.ca\/fd-chairs-net\/events\/\",\"url\":\"https:\/\/carleton.ca\/fd-chairs-net\/events\/\",\"name\":\"Events - IDRC Research Chairs Network on Forced Displacement\",\"isPartOf\":{\"@id\":\"https:\/\/carleton.ca\/fd-chairs-net\/#website\"},\"datePublished\":\"2024-02-06T20:35:10+00:00\",\"dateModified\":\"2025-03-21T19:20:07+00:00\",\"description\":\"Upcoming Events Past Events\",\"breadcrumb\":{\"@id\":\"https:\/\/carleton.ca\/fd-chairs-net\/events\/#breadcrumb\"},\"inLanguage\":\"en-US\",\"potentialAction\":[{\"@type\":\"ReadAction\",\"target\":[\"https:\/\/carleton.ca\/fd-chairs-net\/events\/\"]}]},{\"@type\":\"BreadcrumbList\",\"@id\":\"https:\/\/carleton.ca\/fd-chairs-net\/events\/#breadcrumb\",\"itemListElement\":[{\"@type\":\"ListItem\",\"position\":1,\"name\":\"Home\",\"item\":\"https:\/\/carleton.ca\/fd-chairs-net\/\"},{\"@type\":\"ListItem\",\"position\":2,\"name\":\"Events\"}]},{\"@type\":\"WebSite\",\"@id\":\"https:\/\/carleton.ca\/fd-chairs-net\/#website\",\"url\":\"https:\/\/carleton.ca\/fd-chairs-net\/\",\"name\":\"IDRC Research Chairs Network on Forced Displacement\",\"description\":\"Carleton University\",\"potentialAction\":[{\"@type\":\"SearchAction\",\"target\":{\"@type\":\"EntryPoint\",\"urlTemplate\":\"https:\/\/carleton.ca\/fd-chairs-net\/?s={search_term_string}\"},\"query-input\":\"required name=search_term_string\"}],\"inLanguage\":\"en-US\"}]}<\/script>\n<!-- \/ Yoast SEO plugin. -->","yoast_head_json":{"title":"Events - IDRC Research Chairs Network on Forced Displacement","description":"Upcoming Events  Past Events","robots":{"index":"index","follow":"follow","max-snippet":"max-snippet:-1","max-image-preview":"max-image-preview:large","max-video-preview":"max-video-preview:-1"},"canonical":"https:\/\/carleton.ca\/fd-chairs-net\/events\/","twitter_misc":{"Est. reading time":"1 minute"},"schema":{"@context":"https:\/\/schema.org","@graph":[{"@type":"WebPage","@id":"https:\/\/carleton.ca\/fd-chairs-net\/events\/","url":"https:\/\/carleton.ca\/fd-chairs-net\/events\/","name":"Events - IDRC Research Chairs Network on Forced Displacement","isPartOf":{"@id":"https:\/\/carleton.ca\/fd-chairs-net\/#website"},"datePublished":"2024-02-06T20:35:10+00:00","dateModified":"2025-03-21T19:20:07+00:00","description":"Upcoming Events Past Events","breadcrumb":{"@id":"https:\/\/carleton.ca\/fd-chairs-net\/events\/#breadcrumb"},"inLanguage":"en-US","potentialAction":[{"@type":"ReadAction","target":["https:\/\/carleton.ca\/fd-chairs-net\/events\/"]}]},{"@type":"BreadcrumbList","@id":"https:\/\/carleton.ca\/fd-chairs-net\/events\/#breadcrumb","itemListElement":[{"@type":"ListItem","position":1,"name":"Home","item":"https:\/\/carleton.ca\/fd-chairs-net\/"},{"@type":"ListItem","position":2,"name":"Events"}]},{"@type":"WebSite","@id":"https:\/\/carleton.ca\/fd-chairs-net\/#website","url":"https:\/\/carleton.ca\/fd-chairs-net\/","name":"IDRC Research Chairs Network on Forced Displacement","description":"Carleton University","potentialAction":[{"@type":"SearchAction","target":{"@type":"EntryPoint","urlTemplate":"https:\/\/carleton.ca\/fd-chairs-net\/?s={search_term_string}"},"query-input":"required name=search_term_string"}],"inLanguage":"en-US"}]}},"acf":{"banner_image_type":"hosted","banner_button":"no","banner_hosted_image":"global","banner_opacity":"darker","banner_uploaded_image":{"ID":979,"id":979,"title":"Untitled design (26)","filename":"Untitled-design-26.png","filesize":1755256,"url":"https:\/\/carleton.ca\/fd-chairs-net\/wp-content\/uploads\/Untitled-design-26.png","link":"https:\/\/carleton.ca\/fd-chairs-net\/events\/untitled-design-26\/","alt":"","author":"8","description":"","caption":"","name":"untitled-design-26","status":"inherit","uploaded_to":208,"date":"2024-02-22 07:55:31","modified":"2024-02-22 07:55:31","menu_order":0,"mime_type":"image\/png","type":"image","subtype":"png","icon":"https:\/\/carleton.ca\/fd-chairs-net\/wp\/wp-includes\/images\/media\/default.png","width":1600,"height":700,"sizes":{"thumbnail":"https:\/\/carleton.ca\/fd-chairs-net\/wp-content\/uploads\/Untitled-design-26-160x70.png","thumbnail-width":160,"thumbnail-height":70,"medium":"https:\/\/carleton.ca\/fd-chairs-net\/wp-content\/uploads\/Untitled-design-26-240x105.png","medium-width":240,"medium-height":105,"medium_large":"https:\/\/carleton.ca\/fd-chairs-net\/wp-content\/uploads\/Untitled-design-26-768x336.png","medium_large-width":768,"medium_large-height":336,"large":"https:\/\/carleton.ca\/fd-chairs-net\/wp-content\/uploads\/Untitled-design-26-400x175.png","large-width":400,"large-height":175,"gallery-thumb":"https:\/\/carleton.ca\/fd-chairs-net\/wp-content\/uploads\/Untitled-design-26-300x230.png","gallery-thumb-width":300,"gallery-thumb-height":230,"1536x1536":"https:\/\/carleton.ca\/fd-chairs-net\/wp-content\/uploads\/Untitled-design-26-1536x672.png","1536x1536-width":1536,"1536x1536-height":672,"2048x2048":"https:\/\/carleton.ca\/fd-chairs-net\/wp-content\/uploads\/Untitled-design-26.png","2048x2048-width":1600,"2048x2048-height":700,"banner":"https:\/\/carleton.ca\/fd-chairs-net\/wp-content\/uploads\/Untitled-design-26.png","banner-width":1600,"banner-height":700,"people":"https:\/\/carleton.ca\/fd-chairs-net\/wp-content\/uploads\/Untitled-design-26-200x200.png","people-width":200,"people-height":200,"post-thumb":"https:\/\/carleton.ca\/fd-chairs-net\/wp-content\/uploads\/Untitled-design-26-300x230.png","post-thumb-width":300,"post-thumb-height":230,"rotator-image":"https:\/\/carleton.ca\/fd-chairs-net\/wp-content\/uploads\/Untitled-design-26-800x600.png","rotator-image-width":800,"rotator-image-height":600,"video-thumb":"https:\/\/carleton.ca\/fd-chairs-net\/wp-content\/uploads\/Untitled-design-26-360x158.png","video-thumb-width":360,"video-thumb-height":158}}},"_links":{"self":[{"href":"https:\/\/carleton.ca\/fd-chairs-net\/wp-json\/wp\/v2\/pages\/208"}],"collection":[{"href":"https:\/\/carleton.ca\/fd-chairs-net\/wp-json\/wp\/v2\/pages"}],"about":[{"href":"https:\/\/carleton.ca\/fd-chairs-net\/wp-json\/wp\/v2\/types\/page"}],"author":[{"embeddable":true,"href":"https:\/\/carleton.ca\/fd-chairs-net\/wp-json\/wp\/v2\/users\/8"}],"replies":[{"embeddable":true,"href":"https:\/\/carleton.ca\/fd-chairs-net\/wp-json\/wp\/v2\/comments?post=208"}],"version-history":[{"count":3,"href":"https:\/\/carleton.ca\/fd-chairs-net\/wp-json\/wp\/v2\/pages\/208\/revisions"}],"predecessor-version":[{"id":1299,"href":"https:\/\/carleton.ca\/fd-chairs-net\/wp-json\/wp\/v2\/pages\/208\/revisions\/1299"}],"wp:attachment":[{"href":"https:\/\/carleton.ca\/fd-chairs-net\/wp-json\/wp\/v2\/media?parent=208"}],"curies":[{"name":"wp","href":"https:\/\/api.w.org\/{rel}","templated":true}]}}