{"id":2591,"date":"2016-07-14T13:31:25","date_gmt":"2016-07-14T17:31:25","guid":{"rendered":"https:\/\/carleton.ca\/filmstudies\/?page_id=2591"},"modified":"2025-07-23T10:28:58","modified_gmt":"2025-07-23T14:28:58","slug":"resources-and-forms","status":"publish","type":"page","link":"https:\/\/carleton.ca\/filmstudies\/graduate\/resources-and-forms\/","title":{"rendered":"Resources and Forms"},"content":{"rendered":"\n<section class=\"w-screen px-6 cu-section cu-section--white ml-offset-center md:px-8 lg:px-14\">\n    <div class=\"space-y-6 cu-max-w-child-5xl  md:space-y-10 cu-prose-first-last\">\n\n            <div class=\"cu-textmedia flex flex-col lg:flex-row mx-auto gap-6 md:gap-10 my-6 md:my-12 first:mt-0 max-w-5xl\">\n        <div class=\"justify-start cu-textmedia-content cu-prose-first-last\" style=\"flex: 0 0 100%;\">\n            <header class=\"font-light prose-xl cu-pageheader md:prose-2xl cu-component-updated cu-prose-first-last\">\n                                    <h1 class=\"cu-prose-first-last font-semibold !mt-2 mb-4 md:mb-6 relative after:absolute after:h-px after:bottom-0 after:bg-cu-red after:left-px text-3xl md:text-4xl lg:text-5xl lg:leading-[3.5rem] pb-5 after:w-10 text-cu-black-700 not-prose\">\n                        Resources and Forms\n                    <\/h1>\n                \n                                \n                            <\/header>\n\n                    <\/div>\n\n            <\/div>\n\n    <\/div>\n<\/section>\n\n\n\n<h3 id=\"the-capital-advantage\" class=\"wp-block-heading\"><strong>The Capital Advantage<\/strong><\/h3>\n\n\n\n<p>The Film Studies program takes full advantage of its location in Ottawa and its national institutions which offer opportunities for practica, internships and access to research materials unparalleled in Canada.<\/p>\n\n\n\n<p>Links with the following institutions enhance the program\u2019s academic and cultural profile locally, nationally and internationally:<\/p>\n\n\n\n<ul class=\"wp-block-list\">\n<li>Moving Image and Sound Archives of the National Archives of Canada<\/li>\n\n\n\n<li>Ottawa International Silent and Early Sound Film Festival<\/li>\n<\/ul>\n\n\n\n<h3 id=\"local-partners\" class=\"wp-block-heading\"><strong>Local Partners<\/strong><\/h3>\n\n\n\n<p>The following is a list of links to some of our \u201ccommunity\u201d partners.<\/p>\n\n\n\n<p>We are also grateful to some of these organizations for providing us with practica\/internship placements.<\/p>\n\n\n\n<ul class=\"wp-block-list\">\n<li><a href=\"http:\/\/www.cfi-icf.ca\/\" target=\"_blank\" rel=\"noopener noreferrer\">Canadian Film Institute (CFI)<\/a><\/li>\n\n\n\n<li><a href=\"http:\/\/www.animationfestival.ca\/index.php\" target=\"_blank\" rel=\"noopener noreferrer\">Ottawa International Animation Festival<\/a><\/li>\n\n\n\n<li><a href=\"http:\/\/www.sawvideo.com\/\" target=\"_blank\" rel=\"noopener noreferrer\">Saw Video<\/a><\/li>\n\n\n\n<li><a href=\"http:\/\/artengine.ca\/\" target=\"_blank\" rel=\"noopener noreferrer\">Artengine <\/a><\/li>\n\n\n\n<li><a href=\"http:\/\/www.ifco.ca\/\" target=\"_blank\" rel=\"noopener noreferrer\">Independent Filmmaking Coop of Ottawa (IFCO)<\/a><\/li>\n\n\n\n<li><a href=\"https:\/\/ingeniumcanada.org\/scitech\" target=\"_blank\" rel=\"noopener noreferrer\">Canada Science and Technology Museum<\/a><\/li>\n\n\n\n<li><a href=\"http:\/\/oneworldarts.ca\/\" target=\"_blank\" rel=\"noopener noreferrer\">One World Film Festival\u00a0 (at One World Arts)<\/a><\/li>\n<\/ul>\n\n\n\n<h3 id=\"resources\" class=\"wp-block-heading\"><strong>Resources<\/strong><\/h3>\n\n\n\n<p>As students in the MA program, you will have access to our substantial film, videotape and DVD holdings that are housed in the Audio-Visual Resource Centre, 460 St. Patrick\u2019s Building. Please contact Diane Berezowski, the Assistant Coordinator, Circulation, for information. <a href=\"http:\/\/carleton.ca\/avrc\/policies\/borrowing\/\" target=\"_blank\" rel=\"noopener noreferrer\">Click here for AVRC borrowing policies and procedures.<\/a><\/p>\n\n\n\n<p>In addition to these materials, make use of the substantial research collection that was donated to the program by the National Film Archives, the National Film Board Reference Library and Prof. Peter Harcourt. This collection consists of a wide range of printed materials, such as film journals, periodicals, trade publications and newsletters, reference books, industry indexes, guides to resources and books. It is available for on-site consultation in the Audio-Visual Resource Centre (SP460).<\/p>\n\n\n\n<h3 id=\"film-research-collections\" class=\"wp-block-heading\"><strong>Film Research Collections<\/strong><\/h3>\n\n\n\n<p>The Film Studies program has a substantial research collection that was donated by individuals and institutions, specifically by Prof. Peter Harcourt (Emeritus) and the National Film Archives and the National Film Board Reference Library. It is available for on-site consultation to graduate students and faculty in the Graduate Study Room on the 4<sup>th<\/sup> floor of the St. Patrick\u2019s Building.&nbsp; It consists of a wide range of printed materials, such as film journals, periodicals, trade publications and newsletters, reference books, industry indexes, guides to resources and books, in addition to catalogues of the major Canadian film festivals.<\/p>\n\n\n\n<p>Very valuable to this collection are the full runs of Canadian publications like <em>Motion, The Canadian<\/em> <em>Cinematographer Newsletter, Cinema Canada, S\u00e9quences, Cin\u00e9ma Qu\u00e9bec, New Canadian Cinema\/Nouveau Cin\u00e9ma Canadien<\/em> and the first <em>Take One<\/em>.&nbsp; Large sets of international publications are also available.&nbsp; They include, among others, <em>Screen, Educational Screen, Sight and Sound, Films<\/em> <em>Criticism, Films and Filming from Great Britain; Media International and Cinema Papers from Australia; American Radio and Television, Velvet Light Trap<\/em> and <em>Wide Angle<\/em> from the United States; <em>Cahiers du Cin\u00e9ma<\/em>, <em>Cahiers de la Cin\u00e9matheque<\/em> and <em>Film Francais<\/em> from France.<\/p>\n\n\n\n<h3 id=\"carletons-macodrum-library\" class=\"wp-block-heading\"><strong>Carleton\u2019s MacOdrum Library<\/strong><\/h3>\n\n\n\n<p>The University\u2019s main library, the MacOdrum, has over 7,000 books and over 200 hundred periodicals in its collections related to the study of cinema. The collections are strong in holdings of film criticism, theory and aesthetics, national cinemas, film scripts, and in material by and about individual filmmakers. The library has film-specific monographs and journals in English, French, Spanish, German, Italian and Russian. There are excellent inter-library loan services.<\/p>\n\n\n\n<h3 id=\"off-campus-library-holdings-and-resources\" class=\"wp-block-heading\"><strong>Off-campus library holdings and resources <\/strong><\/h3>\n\n\n\n<p>Its Ottawa location provides the Film Studies program with research facilities unequalled anywhere in Canada.<\/p>\n\n\n\n<p>The film archive, library and documentation centre of the National Library and Archives Canada is a major complementary resource. The film archive is a full member of the International Federation of Film Archives and is recognized as a world-class film archive and has ties with other film archives around the world for the purposes of loan, exchange and purchase of materials. It is the deposit archive and library for all films produced in Canada and is responsible for preserving and disseminating Canada\u2019s entire film heritage. In addition, it has extensive public and private documentation relating to the history and production of film in Canada. The Cin\u00e9math\u00e8que qu\u00e9b\u00e9coise, with its materials on French and Quebec cinema, is not out of reach in Montreal. At the University of Ottawa, some periodical holdings, and some imprints, especially in French, supplement the MacOdrum Library\u2019s collections.<\/p>\n\n\n\n<p>The collections of the Canada Museum of Science and Technology offer opportunities to research the history and development of image and sound technologies, including film, radio and television broadcasting. The National Gallery of Canada has a collection of films by Canadian artists, many of whom are important figures in avant-garde cinema (Michael Snow, Jack Chambers, Joyce Wieland, et al). The National Gallery and the Canada Council Art Bank also continue to showcase and acquire Canadian and international video art and both have significant libraries on the subject. The extraordinary resources of the Ottawa area are a particular incentive to research and study in the field of Canadian film and video.<\/p>\n","protected":false},"excerpt":{"rendered":"<p>The Capital Advantage The Film Studies program takes full advantage of its location in Ottawa and its national institutions which offer opportunities for practica, internships and access to research materials unparalleled in Canada. Links with the following institutions enhance the program\u2019s academic and cultural profile locally, nationally and internationally: Local Partners The following is a [&hellip;]<\/p>\n","protected":false},"author":2,"featured_media":0,"parent":2587,"menu_order":0,"comment_status":"closed","ping_status":"closed","template":"","meta":{"_acf_changed":false,"_cu_dining_location_slug":"","footnotes":"","_links_to":"","_links_to_target":""},"cu_page_type":[37],"class_list":["post-2591","page","type-page","status-publish","hentry","cu_page_type-general"],"acf":{"cu_post_thumbnail":""},"_links":{"self":[{"href":"https:\/\/carleton.ca\/filmstudies\/wp-json\/wp\/v2\/pages\/2591","targetHints":{"allow":["GET"]}}],"collection":[{"href":"https:\/\/carleton.ca\/filmstudies\/wp-json\/wp\/v2\/pages"}],"about":[{"href":"https:\/\/carleton.ca\/filmstudies\/wp-json\/wp\/v2\/types\/page"}],"author":[{"embeddable":true,"href":"https:\/\/carleton.ca\/filmstudies\/wp-json\/wp\/v2\/users\/2"}],"replies":[{"embeddable":true,"href":"https:\/\/carleton.ca\/filmstudies\/wp-json\/wp\/v2\/comments?post=2591"}],"version-history":[{"count":5,"href":"https:\/\/carleton.ca\/filmstudies\/wp-json\/wp\/v2\/pages\/2591\/revisions"}],"predecessor-version":[{"id":6127,"href":"https:\/\/carleton.ca\/filmstudies\/wp-json\/wp\/v2\/pages\/2591\/revisions\/6127"}],"up":[{"embeddable":true,"href":"https:\/\/carleton.ca\/filmstudies\/wp-json\/wp\/v2\/pages\/2587"}],"wp:attachment":[{"href":"https:\/\/carleton.ca\/filmstudies\/wp-json\/wp\/v2\/media?parent=2591"}],"wp:term":[{"taxonomy":"cu_page_type","embeddable":true,"href":"https:\/\/carleton.ca\/filmstudies\/wp-json\/wp\/v2\/cu_page_type?post=2591"}],"curies":[{"name":"wp","href":"https:\/\/api.w.org\/{rel}","templated":true}]}}