{"id":492,"date":"2009-12-18T15:51:19","date_gmt":"2009-12-18T19:51:19","guid":{"rendered":"http:\/\/carleton.ca\/filmstudies\/?page_id=492"},"modified":"2025-04-21T10:22:18","modified_gmt":"2025-04-21T14:22:18","slug":"film-studies-resources","status":"publish","type":"page","link":"https:\/\/carleton.ca\/filmstudies\/community\/film-studies-resources\/","title":{"rendered":"Film and Media Resources at Carleton"},"content":{"rendered":"\n<section class=\"w-screen px-6 cu-section cu-section--white ml-offset-center md:px-8 lg:px-14\">\n    <div class=\"space-y-6 cu-max-w-child-5xl  md:space-y-10 cu-prose-first-last\">\n\n            <div class=\"cu-textmedia flex flex-col lg:flex-row mx-auto gap-6 md:gap-10 my-6 md:my-12 first:mt-0 max-w-5xl\">\n        <div class=\"justify-start cu-textmedia-content cu-prose-first-last\" style=\"flex: 0 0 100%;\">\n            <header class=\"font-light prose-xl cu-pageheader md:prose-2xl cu-component-updated cu-prose-first-last\">\n                                    <h1 class=\"cu-prose-first-last font-semibold !mt-2 mb-4 md:mb-6 relative after:absolute after:h-px after:bottom-0 after:bg-cu-red after:left-px text-3xl md:text-4xl lg:text-5xl lg:leading-[3.5rem] pb-5 after:w-10 text-cu-black-700 not-prose\">\n                        Film and Media Resources at Carleton\n                    <\/h1>\n                \n                                \n                            <\/header>\n\n                    <\/div>\n\n            <\/div>\n\n    <\/div>\n<\/section>\n\n<p><strong>Resources on campus<\/strong><\/p>\n\n\n\n<p>On campus, the World Cinema Forum each year brings international guest speakers and visiting artists to campus. In 2012, for example, we hosted a week-long visit from the world-famous British-Ghanaian filmmaker John Akomfrah, founder of the Black Audio Film Collective. Other campus events of relevance to Film Studies include the annual New Sun Conference, where promotion of contemporary First Nations art and artists includes film, video and other moving-image media. The Carleton University Art Gallery also incorporates film and video into its programming, as in the recent screenings of work by acclaimed First Nations filmmakers Kent Monkman and Rebecca Belmore, and by the dynamic young team of Daniel Young and Christian Giroux. A major asset with respect to film culture on campus is the new River Building Theatre: a state-of-the-art movie theatre that doubles as a classroom.<\/p>\n\n\n\n<p><strong>Film Research Collections<\/strong><\/p>\n\n\n\n<p>The Film Studies program has a substantial research collection that was donated by individuals and institutions, specifically by the late Prof. Peter Harcourt (Emeritus) and the National Film Archives and the National Film Board Reference Library. It is available for on-site consultation to graduate students and faculty in the Graduate Study Room on the fourth floor of the St. Patrick\u2019s Building.&nbsp; It consists of a wide range of printed materials, such as film journals, periodicals, trade publications and newsletters, reference books, industry indexes, guides to resources and books, in addition to catalogues of the major Canadian film festivals.<\/p>\n\n\n\n<p>Very valuable to this collection are the full runs of Canadian publications like <em>Motion, The Canadian<\/em> <em>Cinematographer Newsletter, Cinema Canada, S\u00e9quences, Cin\u00e9ma Qu\u00e9bec, New Canadian Cinema\/Nouveau Cin\u00e9ma Canadien<\/em> and the first <em>Take One<\/em>.&nbsp; Large sets of international publications are also available.&nbsp; They include, among others, <em>Screen, Educational Screen, Sight and Sound, Films<\/em> <em>Criticism, Films and Filming from Great Britain; Media International and Cinema Papers from Australia; American Radio and Television, Velvet Light Trap<\/em> and <em>Wide Angle<\/em> from the United States; <em>Cahiers du Cin\u00e9ma<\/em>, <em>Cahiers de la Cin\u00e9matheque<\/em> and <em>Film Francais<\/em> from France.<\/p>\n\n\n\n<p><strong>Carleton\u2019s MacOdrum Library<\/strong><\/p>\n\n\n\n<p>The University\u2019s main library, the MacOdrum, has over 7,000 books and over 200 hundred periodicals in its collections related to the study of cinema. The collections are strong in holdings of film criticism, theory and aesthetics, national cinemas, film scripts, and in material by and about individual filmmakers. The library has film-specific monographs and journals in English, French, Spanish, German, Italian and Russian. There are excellent inter-library loan services.<\/p>\n\n\n\n<p><a href=\"https:\/\/avrc.carleton.ca\/\" target=\"_blank\" rel=\"noopener noreferrer\"><strong>Audio Visual Resource Centre<\/strong><\/a><\/p>\n\n\n\n<p><a href=\"http:\/\/www.filmstudies.ca\/journal\" target=\"_blank\" rel=\"noopener noreferrer\"><strong>Canadian Journal of Film Studies<\/strong><\/a><\/p>\n","protected":false},"excerpt":{"rendered":"<p>Resources on campus On campus, the World Cinema Forum each year brings international guest speakers and visiting artists to campus. In 2012, for example, we hosted a week-long visit from the world-famous British-Ghanaian filmmaker John Akomfrah, founder of the Black Audio Film Collective. Other campus events of relevance to Film Studies include the annual New [&hellip;]<\/p>\n","protected":false},"author":2,"featured_media":0,"parent":2690,"menu_order":14,"comment_status":"closed","ping_status":"closed","template":"","meta":{"_acf_changed":false,"_cu_dining_location_slug":"","footnotes":"","_links_to":"","_links_to_target":""},"cu_page_type":[37],"class_list":["post-492","page","type-page","status-publish","hentry","cu_page_type-general"],"acf":{"cu_post_thumbnail":false},"_links":{"self":[{"href":"https:\/\/carleton.ca\/filmstudies\/wp-json\/wp\/v2\/pages\/492","targetHints":{"allow":["GET"]}}],"collection":[{"href":"https:\/\/carleton.ca\/filmstudies\/wp-json\/wp\/v2\/pages"}],"about":[{"href":"https:\/\/carleton.ca\/filmstudies\/wp-json\/wp\/v2\/types\/page"}],"author":[{"embeddable":true,"href":"https:\/\/carleton.ca\/filmstudies\/wp-json\/wp\/v2\/users\/2"}],"replies":[{"embeddable":true,"href":"https:\/\/carleton.ca\/filmstudies\/wp-json\/wp\/v2\/comments?post=492"}],"version-history":[{"count":4,"href":"https:\/\/carleton.ca\/filmstudies\/wp-json\/wp\/v2\/pages\/492\/revisions"}],"predecessor-version":[{"id":4597,"href":"https:\/\/carleton.ca\/filmstudies\/wp-json\/wp\/v2\/pages\/492\/revisions\/4597"}],"up":[{"embeddable":true,"href":"https:\/\/carleton.ca\/filmstudies\/wp-json\/wp\/v2\/pages\/2690"}],"wp:attachment":[{"href":"https:\/\/carleton.ca\/filmstudies\/wp-json\/wp\/v2\/media?parent=492"}],"wp:term":[{"taxonomy":"cu_page_type","embeddable":true,"href":"https:\/\/carleton.ca\/filmstudies\/wp-json\/wp\/v2\/cu_page_type?post=492"}],"curies":[{"name":"wp","href":"https:\/\/api.w.org\/{rel}","templated":true}]}}