{"id":22,"date":"2009-11-24T13:52:12","date_gmt":"2009-11-24T17:52:12","guid":{"rendered":"http:\/\/carleton.ca\/fist\/?page_id=22"},"modified":"2026-02-20T11:34:27","modified_gmt":"2026-02-20T16:34:27","slug":"resources-and-links","status":"publish","type":"page","link":"https:\/\/carleton.ca\/fist\/resources-and-links\/","title":{"rendered":"Resources and Links"},"content":{"rendered":"\n<section class=\"w-screen px-6 cu-section cu-section--white ml-offset-center md:px-8 lg:px-14\">\n    <div class=\"space-y-6 cu-max-w-child-5xl  md:space-y-10 cu-prose-first-last\">\n\n            <div class=\"cu-textmedia flex flex-col lg:flex-row mx-auto gap-6 md:gap-10 my-6 md:my-12 first:mt-0 max-w-5xl\">\n        <div class=\"justify-start cu-textmedia-content cu-prose-first-last\" style=\"flex: 0 0 100%;\">\n            <header class=\"font-light prose-xl cu-pageheader md:prose-2xl cu-component-updated cu-prose-first-last\">\n                                    <h1 class=\"cu-prose-first-last font-semibold !mt-2 mb-4 md:mb-6 relative after:absolute after:h-px after:bottom-0 after:bg-cu-red after:left-px text-3xl md:text-4xl lg:text-5xl lg:leading-[3.5rem] pb-5 after:w-10 text-cu-black-700 not-prose\">\n                        Resources and Links\n                    <\/h1>\n                \n                                \n                            <\/header>\n\n                    <\/div>\n\n            <\/div>\n\n    <\/div>\n<\/section>\n\n\n\n\n<div class=\"w-full max-w-xl mx-auto overflow-hidden bg-white rounded-lg shadow-lg cu-stackedlist cu-component not-contained not-prose\">\n    <h2 class=\"px-6 py-4 text-base font-semibold border-b rounded-t-lg md:text-xl bg-gray-50 text-cu-black-800\">\n        Table of Contents\n    <\/h2>\n    <div class=\"grid cu-scrollto cu-stackedlist--toc cu-stackedlist--1 md:grid-cols-1\">\n            <div class=\"space-y-1\">\n                    \n            <div class=\"pl-4 text-cu-red-700\">\n                <div class=\"flex gap-2 pb-3 text-base md:text-lg\">\n                    <span class=\"font-light text-cu-black-700\">\n                        1.\n                    <\/span>\n\n                    <a href=\"#academic-and-campus-supports\" class=\"font-medium hover:underline\">\n                        Academic and Campus Supports:\n                    <\/a>\n                <\/div>\n\n                            <\/div>\n                    \n            <div class=\"pl-4 text-cu-red-700\">\n                <div class=\"flex gap-2 pb-3 text-base md:text-lg\">\n                    <span class=\"font-light text-cu-black-700\">\n                        2.\n                    <\/span>\n\n                    <a href=\"#non-governmental-resources\" class=\"font-medium hover:underline\">\n                        Non-Governmental Resources:\n                    <\/a>\n                <\/div>\n\n                            <\/div>\n                    \n            <div class=\"pl-4 text-cu-red-700\">\n                <div class=\"flex gap-2 pb-3 text-base md:text-lg\">\n                    <span class=\"font-light text-cu-black-700\">\n                        3.\n                    <\/span>\n\n                    <a href=\"#government-resources\" class=\"font-medium hover:underline\">\n                        Government Resources:\n                    <\/a>\n                <\/div>\n\n                            <\/div>\n                    \n            <div class=\"pl-4 text-cu-red-700\">\n                <div class=\"flex gap-2 pb-3 text-base md:text-lg\">\n                    <span class=\"font-light text-cu-black-700\">\n                        4.\n                    <\/span>\n\n                    <a href=\"#chairs-in-womens-studies\" class=\"font-medium hover:underline\">\n                        Chairs in Women\u2019s Studies:\n                    <\/a>\n                <\/div>\n\n                                        <div class=\"space-y-1\">\n                    \n            <div class=\"pl-10 text-cu-red-700\">\n                <div class=\"flex gap-2 pb-3 text-base md:text-lg\">\n                    <span class=\"font-light text-cu-black-700\">\n                        4.1\n                    <\/span>\n\n                    <a href=\"#ressources-et-liens-utiles-en-francais\" class=\"font-medium hover:underline\">\n                        Ressources et liens utiles (en fran\u00e7ais)\n                    <\/a>\n                <\/div>\n\n                            <\/div>\n            <\/div>\n\n                            <\/div>\n            <\/div>\n\n    <\/div>\n<\/div>\n\n\n\n<h2 id=\"academic-and-campus-supports\" class=\"wp-block-heading\">Academic and Campus Supports:<\/h2>\n\n\n\n<ul class=\"wp-block-list\">\n<li><a href=\"https:\/\/carleton.ca\/equity\/focus\/sexual-violence-prevention-survivor-support\/\" target=\"_blank\" rel=\"noreferrer noopener\">Carleton University Sexual Assault Support Centre (CUSASC)<\/a><\/li>\n\n\n\n<li><a href=\"https:\/\/www.cusaonline.ca\/service-centres\/womens-centre\/\" id=\"https:\/\/www.cusaonline.ca\/service-centres\/womens-centre\/\">Carleton University Women&#8217;s Centre<\/a><\/li>\n\n\n\n<li><a href=\"https:\/\/admissions.carleton.ca\/student-life\/clubsandsocieties\/\" target=\"_blank\" rel=\"noreferrer noopener\">Clubs and Societies<\/a><\/li>\n\n\n\n<li><a href=\"https:\/\/carleton.ca\/equity\/\" id=\"https:\/\/carleton.ca\/equity\/\">Equity Services<\/a><\/li>\n\n\n\n<li><a href=\"https:\/\/socialsciences.uottawa.ca\/feminist-gender-studies\/\">Institute of Feminist and Gender Studies, University of Ottawa<\/a><\/li>\n\n\n\n<li><a href=\"https:\/\/carleton.ca\/seo\/\" id=\"https:\/\/carleton.ca\/seo\/\">Student Experience Office<\/a><\/li>\n\n\n\n<li><a href=\"https:\/\/carletonwgstlibrarian.wordpress.com\/\">Women&#8217;s and Gender Studies&#8217; Librarian&#8217;s Blog<\/a><\/li>\n\n\n\n<li><a href=\"https:\/\/students.carleton.ca\/\" id=\"https:\/\/students.carleton.ca\/\">Where to get help<\/a><\/li>\n<\/ul>\n\n\n\n<h2 id=\"non-governmental-resources\" class=\"wp-block-heading\">Non-Governmental Resources:<\/h2>\n\n\n\n<ul class=\"wp-block-list\">\n<li><a href=\"https:\/\/www.abilityfirstottawa.com\/\" type=\"link\" id=\"https:\/\/www.abilityfirstottawa.com\/\">Ability First Ottawa<\/a><\/li>\n\n\n\n<li><a>Centre d\u2019aide et de lutte contre les agressions \u00e0 caract\u00e8re sexuel d\u2019Ottawa (CALACS)<\/a><\/li>\n\n\n\n<li><a href=\"https:\/\/www.centretownchc.org\">Centretown Community Health Centre<\/a><\/li>\n\n\n\n<li><a href=\"https:\/\/coalitionottawa.ca\">Coalition of Community Health and Resource Centres of Ottawa (CHRCs)<\/a><\/li>\n\n\n\n<li><a href=\"https:\/\/enchantenetwork.ca\">Enchant\u00e9 Network<\/a><\/li>\n\n\n\n<li><a href=\"https:\/\/immigrantwomenservices.com\">Immigrant Women Services Ottawa (IWSO)<\/a><\/li>\n\n\n\n<li><a href=\"https:\/\/maxottawa.ca\">MAX Ottawa<\/a><\/li>\n\n\n\n<li><a>Ottawa Coalition to End Violence Against Women (OCTEVAW)<\/a><\/li>\n\n\n\n<li><a href=\"https:\/\/ociso.org\">Ottawa Community Immigrant Services Organization (OCISO)<\/a><\/li>\n\n\n\n<li><a href=\"https:\/\/www.dcottawa.on.ca\">Ottawa Distress Centre<\/a><\/li>\n\n\n\n<li><a href=\"https:\/\/olip-plio.ca\">Ottawa Local Immigration Partnership (OLIP)<\/a><\/li>\n\n\n\n<li><a href=\"https:\/\/orcc.net\">Ottawa Rape Crisis Centre<\/a><\/li>\n\n\n\n<li><a href=\"https:\/\/ottawatranslibrary.ca\">Ottawa Trans Library<\/a><\/li>\n\n\n\n<li><a href=\"https:\/\/ovs-svo.com\">Ottawa Victim Services<\/a><\/li>\n\n\n\n<li><a>PFLAG Ottawa<\/a><\/li>\n\n\n\n<li><a href=\"https:\/\/www.probeottawa.ca\">Probe Ottawa<\/a><\/li>\n\n\n\n<li><a href=\"https:\/\/www.rainbowrefugee.com\">Rainbow Refugee<\/a><\/li>\n\n\n\n<li><a>Rainbow Service Providers Network (RSPN)<\/a><\/li>\n\n\n\n<li><a>Refugee 613<\/a><\/li>\n\n\n\n<li><a href=\"https:\/\/www.probeottawa.ca\">Probe Ottawa<\/a><\/li>\n\n\n\n<li><a href=\"https:\/\/sascottawa.com\">Sexual Assault Support Centre of Ottawa<\/a><\/li>\n\n\n\n<li><a>Somali Centre for Family Services<\/a><\/li>\n\n\n\n<li><a>Ten Oaks Project<\/a><\/li>\n\n\n\n<li><a href=\"https:\/\/www.transwellness.ca\">Trans Wellness Ontario<\/a><\/li>\n\n\n\n<li><a href=\"https:\/\/cscvanier.com\">Vanier Community Service Centre<\/a><\/li>\n\n\n\n<li><a>Youth Services Bureau of Ottawa (YSB)<\/a><\/li>\n\n\n\n<li><a>YWCA National Capital Region<\/a><\/li>\n<\/ul>\n\n\n\n<h2 id=\"government-resources\" class=\"wp-block-heading\">Government Resources:<\/h2>\n\n\n\n<ul class=\"wp-block-list\">\n<li>Municipal\n<ul class=\"wp-block-list\">\n<li><a href=\"https:\/\/ottawa.ca\/en\/city-hall\/council-committees-and-boards\/committees-and-boards\/advisory-committees\/community-safety-and-well-being-advisory-committee\/members\">Community Safety and Well-Being Advisory Committee<\/a><\/li>\n\n\n\n<li><a href=\"https:\/\/engage.ottawa.ca\/women-and-gender-equity\" id=\"https:\/\/engage.ottawa.ca\/women-and-gender-equity\">Women and Gender Equity Strategy<\/a> <\/li>\n\n\n\n<li><a href=\"https:\/\/engage.ottawa.ca\/anti-racism-and-ethnocultural-relations-initiatives\" id=\"https:\/\/engage.ottawa.ca\/anti-racism-and-ethnocultural-relations-initiatives\">Anti-Racism and Ethnocultural Relations Initiatives<\/a><\/li>\n<\/ul>\n<\/li>\n\n\n\n<li>Provincial\n<ul class=\"wp-block-list\">\n<li><a href=\"https:\/\/www.aoda.ca\/\" id=\"https:\/\/www.aoda.ca\/\">Accessibility for Ontarians with Disabilities Act (AODA)<\/a><\/li>\n\n\n\n<li><a href=\"https:\/\/www.ontario.ca\/page\/ministry-citizenship-and-multiculturalism?utm_source=chatgpt.com\">Ministry of Citizenship and Multiculturalism<\/a><\/li>\n\n\n\n<li><a href=\"https:\/\/www.ontario.ca\/page\/building-stronger-and-more-inclusive-ontario-ontarios-anti-racism-strategic-plan?utm_source=chatgpt.com\">Ontario\u2019s Anti-Racism Strategic Plan<\/a><\/li>\n<\/ul>\n<\/li>\n\n\n\n<li>Federal\n<ul class=\"wp-block-list\">\n<li><a href=\"https:\/\/www.canada.ca\/en.html?utm_medium=decommissioned+site&amp;utm_campaign=Canada+Site+Redirect+Tracking&amp;utm_source=canada.gc.ca\/home.html&amp;utm_content=Launch+Tracking\">Government of Canada<\/a><\/li>\n\n\n\n<li><a href=\"https:\/\/www.canada.ca\/en\/women-gender-equality.html\" target=\"_blank\" rel=\"noreferrer noopener\">Women and Gender Equality Canada (WAGE)<\/a><\/li>\n<\/ul>\n<\/li>\n<\/ul>\n\n\n\n<h2 id=\"chairs-in-womens-studies\" class=\"wp-block-heading\">Chairs in Women\u2019s Studies:<\/h2>\n\n\n\n<p><a href=\"https:\/\/www.chaireclairebonenfant.ca\/\" target=\"_blank\" rel=\"noreferrer noopener\">Chaire d\u2019\u00e9tude Claire-Bonenfant sur la condition des femmes, de l\u2019Universit\u00e9 Laval, Qu\u00e9bec, Qu\u00e9bec<\/a><\/p>\n\n\n\n<p><a href=\"http:\/\/www.sfu.ca\/gsws\/research\/ruth-wynn-woodward-chair.html\">Ruth Wynn Woodard Chair in Gender, Sexuality, and Women&#8217;s Studies, Simon Fraser University, Burnaby, British Columbia<\/a><\/p>\n\n\n\n<p><a href=\"https:\/\/www.uwinnipeg.ca\/wgs\/\" target=\"_blank\" rel=\"noreferrer noopener\">The Margaret Laurence Endowment in Women\u2019s Studies (the other Joint Chair), University of Winnipeg\/University of Manitoba <\/a><\/p>\n\n\n\n<p><strong>Other Links<\/strong>:<\/p>\n\n\n\n<ul class=\"wp-block-list\">\n<li><a href=\"https:\/\/wgsj.ca\/\" target=\"_blank\" rel=\"noreferrer noopener\">Women&#8217;s and Gender Studies et Recherches f\u00e9ministes (WGSRF)<\/a><\/li>\n\n\n\n<li><a href=\"http:\/\/www2.unb.ca\/parl\/\">Policy Action Research List (PAR-L)<\/a><\/li>\n\n\n\n<li><a href=\"http:\/\/www.criaw-icref.ca\/en\/\">Canadian Research Institute for the Advancement of Women (CRIAW)<\/a><\/li>\n<\/ul>\n\n\n\n<h3 id=\"ressources-et-liens-utiles-en-francais\" class=\"wp-block-heading\">Ressources et liens utiles (en fran\u00e7ais)<\/h3>\n\n\n\n<p><a href=\"https:\/\/sciencessociales.uottawa.ca\/etudes-feministes-genre\/\">Institut d\u2019\u00e9tudes f\u00e9ministes et de genre, Universit\u00e9 d\u2019Ottawa<\/a><\/p>\n\n\n\n<p><strong>Chaires en \u00e9tudes des femmes:<\/strong><\/p>\n\n\n\n<p><a href=\"https:\/\/www.chaireclairebonenfant.ca\/\" target=\"_blank\" rel=\"noreferrer noopener\">Chaire d\u2019\u00e9tude Claire-Bonenfant sur la condition des femmes, de l\u2019Universit\u00e9 Laval, Qu\u00e9bec, Qu\u00e9bec <\/a><\/p>\n\n\n\n<p><a href=\"https:\/\/www.sfu.ca\/gsws\/research\/ruth-wynn-woodward-chair.html\" target=\"_blank\" rel=\"noopener noreferrer\">Ruth Wynn Woodard Chair in Gender, Sexuality, and Women&#8217;s Studies, Simon Fraser University, Burnaby, Colombie-Britannique<\/a><\/p>\n\n\n\n<p><a href=\"https:\/\/www.uwinnipeg.ca\/wgs\/\" target=\"_blank\" rel=\"noreferrer noopener\">The Margaret Laurence Endowment in Women\u2019s Studies (l\u2019autre chaire conjointe), Universit\u00e9 de Winnipeg\/Universit\u00e9 du Manitoba <\/a><\/p>\n\n\n\n<p><strong>Autres:<\/strong><\/p>\n\n\n\n<ul class=\"wp-block-list\">\n<li><a href=\"https:\/\/wgsj.ca\/\" target=\"_blank\" rel=\"noreferrer noopener\">Women&#8217;s and Gender Studies et Recherches f\u00e9ministes (WGSRF)<\/a><\/li>\n\n\n\n<li><a href=\"http:\/\/www2.unb.ca\/parl\/\">Politique Action Recherche List (PAR-L)<\/a><\/li>\n\n\n\n<li><a href=\"http:\/\/www.criaw-icref.ca\/fr\/\">Institut canadien de recherches sur les femmes (ICREF)<\/a><\/li>\n<\/ul>\n","protected":false},"excerpt":{"rendered":"<p>Academic and Campus Supports: Non-Governmental Resources: Government Resources: Chairs in Women\u2019s Studies: Chaire d\u2019\u00e9tude Claire-Bonenfant sur la condition des femmes, de l\u2019Universit\u00e9 Laval, Qu\u00e9bec, Qu\u00e9bec Ruth Wynn Woodard Chair in Gender, Sexuality, and Women&#8217;s Studies, Simon Fraser University, Burnaby, British Columbia The Margaret Laurence Endowment in Women\u2019s Studies (the other Joint Chair), University of Winnipeg\/University [&hellip;]<\/p>\n","protected":false},"author":2,"featured_media":0,"parent":0,"menu_order":14,"comment_status":"closed","ping_status":"closed","template":"","meta":{"_acf_changed":false,"_cu_dining_location_slug":"","footnotes":"","_links_to":"","_links_to_target":""},"cu_page_type":[],"class_list":["post-22","page","type-page","status-publish","hentry"],"acf":{"cu_post_thumbnail":""},"_links":{"self":[{"href":"https:\/\/carleton.ca\/fist\/wp-json\/wp\/v2\/pages\/22","targetHints":{"allow":["GET"]}}],"collection":[{"href":"https:\/\/carleton.ca\/fist\/wp-json\/wp\/v2\/pages"}],"about":[{"href":"https:\/\/carleton.ca\/fist\/wp-json\/wp\/v2\/types\/page"}],"author":[{"embeddable":true,"href":"https:\/\/carleton.ca\/fist\/wp-json\/wp\/v2\/users\/2"}],"replies":[{"embeddable":true,"href":"https:\/\/carleton.ca\/fist\/wp-json\/wp\/v2\/comments?post=22"}],"version-history":[{"count":4,"href":"https:\/\/carleton.ca\/fist\/wp-json\/wp\/v2\/pages\/22\/revisions"}],"predecessor-version":[{"id":18827,"href":"https:\/\/carleton.ca\/fist\/wp-json\/wp\/v2\/pages\/22\/revisions\/18827"}],"wp:attachment":[{"href":"https:\/\/carleton.ca\/fist\/wp-json\/wp\/v2\/media?parent=22"}],"wp:term":[{"taxonomy":"cu_page_type","embeddable":true,"href":"https:\/\/carleton.ca\/fist\/wp-json\/wp\/v2\/cu_page_type?post=22"}],"curies":[{"name":"wp","href":"https:\/\/api.w.org\/{rel}","templated":true}]}}