{"id":835,"date":"2024-05-17T23:30:06","date_gmt":"2024-05-18T03:30:06","guid":{"rendered":"https:\/\/carleton.ca\/foodstudies\/?page_id=835"},"modified":"2025-11-09T17:36:31","modified_gmt":"2025-11-09T22:36:31","slug":"lets-move-beyond-charity-2024","status":"publish","type":"page","link":"https:\/\/carleton.ca\/foodstudies\/lets-move-beyond-charity-2024\/","title":{"rendered":"Let&#8217;s Move Beyond Charity! Allons au-del\u00e0 de la charit\u00e9! 2024"},"content":{"rendered":"<h2 class=\"elementToProof\">2024 Event &#8211; Food insecurity: Let\u2019s move beyond charity!<\/h2>\n<p>This bilingual pan-Canadian event will included <b>a roundtable<\/b>\u00a0featuring four non-profit food groups, each of which combats food insecurity in Canada in its own way. What they share are actions and communication practices that seek to 1) raise awareness about the root causes of food insecurity and thereby reframe our approaches to the issue in Canada; 2) propose systemic and structural solutions that address food insecurity in a more sustainable way.<\/p>\n<p>This roundtable was followed by an <b>interdisciplinary<\/b>\u00a0<b>panel of researchers<\/b>\u00a0whose work dovetails with the food groups\u2019 actions and propositions.<\/p>\n<p>Consult <u><a id=\"OWA559b66d6-d57c-0e81-b438-89d5c7b3923c\" class=\"OWAAutoLink\" href=\"https:\/\/carleton.ca\/movebeyondcharity\/\">the event website<\/a><\/u>\u00a0for more information.<\/p>\n<h2 class=\"elementToProof\">\u00c9v\u00e9nement 2024 &#8211; L\u2019ins\u00e9curit\u00e9 alimentaire : allons au-del\u00e0 de la charit\u00e9!<\/h2>\n<p>Cet \u00e9v\u00e9nement bilingue pancanadien a compris une <strong>table ronde<\/strong>\u00a0r\u00e9unissant des groupes alimentaires \u00e0 but non lucratif du Canada qui luttent, de diff\u00e9rentes mani\u00e8res, contre l\u2019ins\u00e9curit\u00e9 alimentaire. Ces groupes ont en commun d\u2019avoir entrepris des actions vari\u00e9es et des pratiques communicationnelles pour, d\u2019une part, faire conna\u00eetre les causes profondes de l\u2019ins\u00e9curit\u00e9 alimentaire et ainsi recadrer comment celle-ci est approch\u00e9e au Canada et, d\u2019autre part, proposer des changements syst\u00e9miques et structurants afin d\u2019aborder l\u2019ins\u00e9curit\u00e9 alimentaire d\u2019une fa\u00e7on plus durable.<\/p>\n<p>Cette table ronde \u00e9tait suivie par un <strong>panel interdisciplinaire de chercheures<\/strong>\u00a0dont les travaux s\u2019alignent avec les actions et propositions des groupes.<\/p>\n<p>Consultez <u><a id=\"OWA8874998a-1b28-0149-7340-7e05e9d846ae\" class=\"OWAAutoLink\" href=\"https:\/\/carleton.ca\/movebeyondcharity\/\">le site internet de l\u2019\u00e9v\u00e9nement<\/a><\/u> pour plus d\u2019informations.<\/p>\n","protected":false},"excerpt":{"rendered":"<p>2024 Event &#8211; Food insecurity: Let\u2019s move beyond charity! This bilingual pan-Canadian event will included a roundtable\u00a0featuring four non-profit food groups, each of which combats food insecurity in Canada in its own way. What they share are actions and communication practices that seek to 1) raise awareness about the root causes of food insecurity and [&hellip;]<\/p>\n","protected":false},"author":19,"featured_media":0,"parent":0,"menu_order":0,"comment_status":"closed","ping_status":"closed","template":"","meta":{"_relevanssi_hide_post":"","_relevanssi_hide_content":"","_relevanssi_pin_for_all":"","_relevanssi_pin_keywords":"","_relevanssi_unpin_keywords":"","_relevanssi_related_keywords":"","_relevanssi_related_include_ids":"","_relevanssi_related_exclude_ids":"","_relevanssi_related_no_append":"","_relevanssi_related_not_related":"","_relevanssi_related_posts":"","_relevanssi_noindex_reason":"","_mi_skip_tracking":false,"_exactmetrics_sitenote_active":false,"_exactmetrics_sitenote_note":"","_exactmetrics_sitenote_category":0,"footnotes":"","_links_to":"","_links_to_target":""},"yoast_head":"<!-- This site is optimized with the Yoast SEO plugin v21.2 - https:\/\/yoast.com\/wordpress\/plugins\/seo\/ -->\n<title>Let&#039;s Move Beyond Charity! Allons au-del\u00e0 de la charit\u00e9! 2024 - Food Studies<\/title>\n<meta name=\"description\" content=\"2024 Event - Food insecurity: Let\u2019s move beyond charity! This bilingual pan-Canadian event will included a roundtable\u00a0featuring four non-profit food\" \/>\n<meta name=\"robots\" content=\"index, follow, max-snippet:-1, max-image-preview:large, max-video-preview:-1\" \/>\n<link rel=\"canonical\" href=\"https:\/\/carleton.ca\/foodstudies\/lets-move-beyond-charity-2024\/\" \/>\n<meta name=\"twitter:label1\" content=\"Est. reading time\" \/>\n\t<meta name=\"twitter:data1\" content=\"1 minute\" \/>\n<script type=\"application\/ld+json\" class=\"yoast-schema-graph\">{\"@context\":\"https:\/\/schema.org\",\"@graph\":[{\"@type\":\"WebPage\",\"@id\":\"https:\/\/carleton.ca\/foodstudies\/lets-move-beyond-charity-2024\/\",\"url\":\"https:\/\/carleton.ca\/foodstudies\/lets-move-beyond-charity-2024\/\",\"name\":\"Let's Move Beyond Charity! Allons au-del\u00e0 de la charit\u00e9! 2024 - Food Studies\",\"isPartOf\":{\"@id\":\"https:\/\/carleton.ca\/foodstudies\/#website\"},\"datePublished\":\"2024-05-18T03:30:06+00:00\",\"dateModified\":\"2025-11-09T22:36:31+00:00\",\"description\":\"2024 Event - Food insecurity: Let\u2019s move beyond charity! This bilingual pan-Canadian event will included a roundtable\u00a0featuring four non-profit food\",\"breadcrumb\":{\"@id\":\"https:\/\/carleton.ca\/foodstudies\/lets-move-beyond-charity-2024\/#breadcrumb\"},\"inLanguage\":\"en-US\",\"potentialAction\":[{\"@type\":\"ReadAction\",\"target\":[\"https:\/\/carleton.ca\/foodstudies\/lets-move-beyond-charity-2024\/\"]}]},{\"@type\":\"BreadcrumbList\",\"@id\":\"https:\/\/carleton.ca\/foodstudies\/lets-move-beyond-charity-2024\/#breadcrumb\",\"itemListElement\":[{\"@type\":\"ListItem\",\"position\":1,\"name\":\"Home\",\"item\":\"https:\/\/carleton.ca\/foodstudies\/\"},{\"@type\":\"ListItem\",\"position\":2,\"name\":\"Let&#8217;s Move Beyond Charity! Allons au-del\u00e0 de la charit\u00e9! 2024\"}]},{\"@type\":\"WebSite\",\"@id\":\"https:\/\/carleton.ca\/foodstudies\/#website\",\"url\":\"https:\/\/carleton.ca\/foodstudies\/\",\"name\":\"Food Studies\",\"description\":\"Carleton University\",\"potentialAction\":[{\"@type\":\"SearchAction\",\"target\":{\"@type\":\"EntryPoint\",\"urlTemplate\":\"https:\/\/carleton.ca\/foodstudies\/?s={search_term_string}\"},\"query-input\":\"required name=search_term_string\"}],\"inLanguage\":\"en-US\"}]}<\/script>\n<!-- \/ Yoast SEO plugin. -->","yoast_head_json":{"title":"Let's Move Beyond Charity! Allons au-del\u00e0 de la charit\u00e9! 2024 - Food Studies","description":"2024 Event - Food insecurity: Let\u2019s move beyond charity! This bilingual pan-Canadian event will included a roundtable\u00a0featuring four non-profit food","robots":{"index":"index","follow":"follow","max-snippet":"max-snippet:-1","max-image-preview":"max-image-preview:large","max-video-preview":"max-video-preview:-1"},"canonical":"https:\/\/carleton.ca\/foodstudies\/lets-move-beyond-charity-2024\/","twitter_misc":{"Est. reading time":"1 minute"},"schema":{"@context":"https:\/\/schema.org","@graph":[{"@type":"WebPage","@id":"https:\/\/carleton.ca\/foodstudies\/lets-move-beyond-charity-2024\/","url":"https:\/\/carleton.ca\/foodstudies\/lets-move-beyond-charity-2024\/","name":"Let's Move Beyond Charity! Allons au-del\u00e0 de la charit\u00e9! 2024 - Food Studies","isPartOf":{"@id":"https:\/\/carleton.ca\/foodstudies\/#website"},"datePublished":"2024-05-18T03:30:06+00:00","dateModified":"2025-11-09T22:36:31+00:00","description":"2024 Event - Food insecurity: Let\u2019s move beyond charity! This bilingual pan-Canadian event will included a roundtable\u00a0featuring four non-profit food","breadcrumb":{"@id":"https:\/\/carleton.ca\/foodstudies\/lets-move-beyond-charity-2024\/#breadcrumb"},"inLanguage":"en-US","potentialAction":[{"@type":"ReadAction","target":["https:\/\/carleton.ca\/foodstudies\/lets-move-beyond-charity-2024\/"]}]},{"@type":"BreadcrumbList","@id":"https:\/\/carleton.ca\/foodstudies\/lets-move-beyond-charity-2024\/#breadcrumb","itemListElement":[{"@type":"ListItem","position":1,"name":"Home","item":"https:\/\/carleton.ca\/foodstudies\/"},{"@type":"ListItem","position":2,"name":"Let&#8217;s Move Beyond Charity! Allons au-del\u00e0 de la charit\u00e9! 2024"}]},{"@type":"WebSite","@id":"https:\/\/carleton.ca\/foodstudies\/#website","url":"https:\/\/carleton.ca\/foodstudies\/","name":"Food Studies","description":"Carleton University","potentialAction":[{"@type":"SearchAction","target":{"@type":"EntryPoint","urlTemplate":"https:\/\/carleton.ca\/foodstudies\/?s={search_term_string}"},"query-input":"required name=search_term_string"}],"inLanguage":"en-US"}]}},"acf":{"banner_image_type":"none","banner_button":"no","banner_buttons":[{"button_text":"Let's Move Beyond Charity!","button_link_type":"page","button_page_link":{"ID":835,"post_author":"19","post_date":"2024-05-17 23:30:06","post_date_gmt":"2024-05-18 03:30:06","post_content":"<h2 class=\"elementToProof\">2024 Event - Food insecurity: Let\u2019s move beyond charity!<\/h2>\r\nThis bilingual pan-Canadian event will included <b>a roundtable<\/b>\u00a0featuring four non-profit food groups, each of which combats food insecurity in Canada in its own way. What they share are actions and communication practices that seek to 1) raise awareness about the root causes of food insecurity and thereby reframe our approaches to the issue in Canada; 2) propose systemic and structural solutions that address food insecurity in a more sustainable way.\r\n\r\nThis roundtable was followed by an <b>interdisciplinary<\/b>\u00a0<b>panel of researchers<\/b>\u00a0whose work dovetails with the food groups\u2019 actions and propositions.\r\n\r\nConsult <u><a id=\"OWA559b66d6-d57c-0e81-b438-89d5c7b3923c\" class=\"OWAAutoLink\" href=\"https:\/\/carleton.ca\/movebeyondcharity\/\">the event website<\/a><\/u>\u00a0for more information.\r\n<h2 class=\"elementToProof\">\u00c9v\u00e9nement 2024 - L\u2019ins\u00e9curit\u00e9 alimentaire : allons au-del\u00e0 de la charit\u00e9!<\/h2>\r\nCet \u00e9v\u00e9nement bilingue pancanadien a compris une <strong>table ronde<\/strong>\u00a0r\u00e9unissant des groupes alimentaires \u00e0 but non lucratif du Canada qui luttent, de diff\u00e9rentes mani\u00e8res, contre l\u2019ins\u00e9curit\u00e9 alimentaire. Ces groupes ont en commun d\u2019avoir entrepris des actions vari\u00e9es et des pratiques communicationnelles pour, d\u2019une part, faire conna\u00eetre les causes profondes de l\u2019ins\u00e9curit\u00e9 alimentaire et ainsi recadrer comment celle-ci est approch\u00e9e au Canada et, d\u2019autre part, proposer des changements syst\u00e9miques et structurants afin d\u2019aborder l\u2019ins\u00e9curit\u00e9 alimentaire d\u2019une fa\u00e7on plus durable.\r\n\r\nCette table ronde \u00e9tait suivie par un <strong>panel interdisciplinaire de chercheures<\/strong>\u00a0dont les travaux s\u2019alignent avec les actions et propositions des groupes.\r\n\r\nConsultez <u><a id=\"OWA8874998a-1b28-0149-7340-7e05e9d846ae\" class=\"OWAAutoLink\" href=\"https:\/\/carleton.ca\/movebeyondcharity\/\">le site internet de l\u2019\u00e9v\u00e9nement<\/a><\/u> pour plus d\u2019informations.","post_title":"Let's Move Beyond Charity! Allons au-del\u00e0 de la charit\u00e9! 2024","post_excerpt":"","post_status":"publish","comment_status":"closed","ping_status":"closed","post_password":"","post_name":"lets-move-beyond-charity-2024","to_ping":"","pinged":"","post_modified":"2025-11-09 17:36:31","post_modified_gmt":"2025-11-09 22:36:31","post_content_filtered":"","post_parent":0,"guid":"https:\/\/carleton.ca\/foodstudies\/?page_id=835","menu_order":0,"post_type":"page","post_mime_type":"","comment_count":"0","filter":"raw"},"button_post_link":false,"button_event_link":false,"button_video_link":false,"button_external_link":""}]},"_links":{"self":[{"href":"https:\/\/carleton.ca\/foodstudies\/wp-json\/wp\/v2\/pages\/835"}],"collection":[{"href":"https:\/\/carleton.ca\/foodstudies\/wp-json\/wp\/v2\/pages"}],"about":[{"href":"https:\/\/carleton.ca\/foodstudies\/wp-json\/wp\/v2\/types\/page"}],"author":[{"embeddable":true,"href":"https:\/\/carleton.ca\/foodstudies\/wp-json\/wp\/v2\/users\/19"}],"replies":[{"embeddable":true,"href":"https:\/\/carleton.ca\/foodstudies\/wp-json\/wp\/v2\/comments?post=835"}],"version-history":[{"count":3,"href":"https:\/\/carleton.ca\/foodstudies\/wp-json\/wp\/v2\/pages\/835\/revisions"}],"predecessor-version":[{"id":923,"href":"https:\/\/carleton.ca\/foodstudies\/wp-json\/wp\/v2\/pages\/835\/revisions\/923"}],"wp:attachment":[{"href":"https:\/\/carleton.ca\/foodstudies\/wp-json\/wp\/v2\/media?parent=835"}],"curies":[{"name":"wp","href":"https:\/\/api.w.org\/{rel}","templated":true}]}}