{"id":18,"date":"2025-07-18T13:44:10","date_gmt":"2025-07-18T17:44:10","guid":{"rendered":"https:\/\/carleton.ca\/francophonieetcolonialisme\/?page_id=18"},"modified":"2026-03-23T07:25:25","modified_gmt":"2026-03-23T11:25:25","slug":"our-team","status":"publish","type":"page","link":"https:\/\/carleton.ca\/francophonieetcolonialisme\/our-team\/","title":{"rendered":"Notre \u00e9quipe &#8211; Our team"},"content":{"rendered":"\n<section class=\"w-screen px-6 cu-section cu-section--white ml-offset-center md:px-8 lg:px-14\">\n    <div class=\"space-y-6 cu-max-w-child-5xl  md:space-y-10 cu-prose-first-last\">\n\n            <div class=\"cu-textmedia flex flex-col lg:flex-row mx-auto gap-6 md:gap-10 my-6 md:my-12 first:mt-0 max-w-5xl\">\n        <div class=\"justify-start cu-textmedia-content cu-prose-first-last\" style=\"flex: 0 0 100%;\">\n            <header class=\"font-light prose-xl cu-pageheader md:prose-2xl cu-component-updated cu-prose-first-last\">\n                                    <h1 class=\"cu-prose-first-last font-semibold !mt-2 mb-4 md:mb-6 relative after:absolute after:h-px after:bottom-0 after:bg-cu-red after:left-px text-3xl md:text-4xl lg:text-5xl lg:leading-[3.5rem] pb-5 after:w-10 text-cu-black-700 not-prose\">\n                        Notre \u00e9quipe &#8211; Our team\n                    <\/h1>\n                \n                                \n                                    \n\n<p>Notre \u00e9quipe est ancr\u00e9e \u00e0 Carleton et \u00e0 l&#8217;Universit\u00e9 du Qu\u00e9bec \u00e0 Chicoutimi et inclut des auxiliaires de recherche affili\u00e9\u00b7e\u00b7s \u00e0 plusieurs universit\u00e9s.  <\/p>\n\n\n\n<p><\/p>\n\n\n                            <\/header>\n\n                    <\/div>\n\n            <\/div>\n\n    <\/div>\n<\/section>\n\n\n\n<h2 id=\"chercheuses-researchers\" class=\"wp-block-heading\">Chercheuses &#8211; Researchers<\/h2>\n\n\n\n<figure class=\"wp-block-image size-full is-resized\"><img loading=\"lazy\" decoding=\"async\" width=\"1707\" height=\"2560\" src=\"https:\/\/carleton.ca\/francophonieetcolonialisme\/wp-content\/uploads\/sites\/145\/2026\/03\/AEC_5454-scaled.jpg\" alt=\"\" class=\"wp-image-123\" style=\"width:242px;height:auto\" srcset=\"https:\/\/carleton.ca\/francophonieetcolonialisme\/wp-content\/uploads\/sites\/145\/2026\/03\/AEC_5454-scaled.jpg 1707w, https:\/\/carleton.ca\/francophonieetcolonialisme\/wp-content\/uploads\/sites\/145\/2026\/03\/AEC_5454-512x768.jpg 512w, https:\/\/carleton.ca\/francophonieetcolonialisme\/wp-content\/uploads\/sites\/145\/2026\/03\/AEC_5454-1024x1536.jpg 1024w, https:\/\/carleton.ca\/francophonieetcolonialisme\/wp-content\/uploads\/sites\/145\/2026\/03\/AEC_5454-320x480.jpg 320w, https:\/\/carleton.ca\/francophonieetcolonialisme\/wp-content\/uploads\/sites\/145\/2026\/03\/AEC_5454-768x1152.jpg 768w, https:\/\/carleton.ca\/francophonieetcolonialisme\/wp-content\/uploads\/sites\/145\/2026\/03\/AEC_5454-1365x2048.jpg 1365w\" sizes=\"auto, (max-width: 1707px) 100vw, 1707px\" \/><\/figure>\n\n\n\n<p><a href=\"https:\/\/carleton.ca\/french\/people\/emilie-urbain\/\">Emilie Urbain<\/a>, Carleton University, Department of French<\/p>\n\n\n\n<figure class=\"wp-block-image size-full is-resized\"><img loading=\"lazy\" decoding=\"async\" width=\"300\" height=\"300\" src=\"https:\/\/carleton.ca\/francophonieetcolonialisme\/wp-content\/uploads\/sites\/145\/2025\/07\/Sandrine-Tailleur.jpg\" alt=\"Photo de Sandrine Tailleur\" class=\"wp-image-48\" style=\"width:243px;height:auto\" srcset=\"https:\/\/carleton.ca\/francophonieetcolonialisme\/wp-content\/uploads\/sites\/145\/2025\/07\/Sandrine-Tailleur.jpg 300w, https:\/\/carleton.ca\/francophonieetcolonialisme\/wp-content\/uploads\/sites\/145\/2025\/07\/Sandrine-Tailleur-200x200.jpg 200w\" sizes=\"auto, (max-width: 300px) 100vw, 300px\" \/><\/figure>\n\n\n\n<p>Sandrine Tailleur, Universit\u00e9 du Qu\u00e9bec \u00e0 Chicoutimi<\/p>\n\n\n\n<h2 id=\"auxiliaires-de-recherche-research-assistants\" class=\"wp-block-heading\">Auxiliaires de recherche &#8211; Research assistants<\/h2>\n\n\n\n<p><em class=\"myprefix-text-italic\">La recherche en archives est un travail chronophage (et parfois ingrat). Nous sommes tr\u00e8s reconnaissantes de l&#8217;aide pr\u00e9cieuse que notre \u00e9quipe nous a fournie \u00e0 toutes les \u00e9tapes de la recherche et de la constitution de nos corpus de donn\u00e9es, de la lecture et du d\u00e9pouillement des journaux historiques et des textes d&#8217;archive, \u00e0 la transcription et au codage des donn\u00e9es<\/em>.<\/p>\n\n\n\n<p>Ce projet n&#8217;aurait pu voir le jour sans le travail pr\u00e9cieux de notre \u00e9quipe d&#8217;auxiliaires de recherche \u00e0 travers les ann\u00e9es, des plus r\u00e9centes Victoria Roberts (Universit\u00e9 Laval), Erykah Mackie (Carleton University) et Maude Harvey (UQAC) comme de leurs pr\u00e9d\u00e9cesseur\u00b7e\u00b7s, Lacy Berasngar (Universit\u00e9 de Moncton), Miary Raininoro (Universit\u00e9 de Moncton), Na\u00f6ren Vernouillet (Universit\u00e9 de Moncton), Xavier Saint-Gelais (UQAC), Claudie Ottawa (UQAC), Marie-\u00c8ve Rouillard (UQAC), Xavier Nicolas (UQAC), Andr\u00e9anne H\u00e9bert (Carleton University), Ann-Sophie Boily (UQAC) et Jia Noseworthy (Carleton University).<\/p>\n\n\n\n<p>Erykah revient sur son exp\u00e9rience \u00e0 travailler sur notre projet dans la vid\u00e9o ci-dessous&nbsp;:<\/p>\n\n\n\n<div class=\"cu-section cu-section--white w-screen ml-offset-center px-4 md:px-6 lg:px-12\"><div class=\"cu-max-w-child-5xl space-y-6 md:space-y-10   cu-prose-first-last\"><figure class=\"cu-figure not-prose  max-w-full\"><div class=\"not-prose overflow-hidden bg-white shadow-lg max-w-full rounded-none\"><div class=\"relative none overflow-hidden w-full pb-[56.25%] border border-cu-black-100\"><iframe title=\"Videos Embed\" src=\"https:\/\/www.youtube.com\/embed\/bSxVQv9_DJ4\" class=\"cu-embed-iframe\" allow=\"accelerometer; autoplay; clipboard-write; encrypted-media; gyroscope; picture-in-picture; web-share\" allowfullscreen><\/iframe><\/div><\/div><\/figure><\/div><\/div>\n","protected":false},"excerpt":{"rendered":"<p>Chercheuses &#8211; Researchers Emilie Urbain, Carleton University, Department of French Sandrine Tailleur, Universit\u00e9 du Qu\u00e9bec \u00e0 Chicoutimi Auxiliaires de recherche &#8211; Research assistants La recherche en archives est un travail chronophage (et parfois ingrat). Nous sommes tr\u00e8s reconnaissantes de l&#8217;aide pr\u00e9cieuse que notre \u00e9quipe nous a fournie \u00e0 toutes les \u00e9tapes de la recherche et [&hellip;]<\/p>\n","protected":false},"author":385,"featured_media":0,"parent":0,"menu_order":0,"comment_status":"closed","ping_status":"closed","template":"","meta":{"_acf_changed":false,"_cu_dining_location_slug":"","footnotes":"","_links_to":"","_links_to_target":""},"cu_page_type":[],"class_list":["post-18","page","type-page","status-publish","hentry"],"acf":{"cu_post_thumbnail":""},"_links":{"self":[{"href":"https:\/\/carleton.ca\/francophonieetcolonialisme\/wp-json\/wp\/v2\/pages\/18","targetHints":{"allow":["GET"]}}],"collection":[{"href":"https:\/\/carleton.ca\/francophonieetcolonialisme\/wp-json\/wp\/v2\/pages"}],"about":[{"href":"https:\/\/carleton.ca\/francophonieetcolonialisme\/wp-json\/wp\/v2\/types\/page"}],"author":[{"embeddable":true,"href":"https:\/\/carleton.ca\/francophonieetcolonialisme\/wp-json\/wp\/v2\/users\/385"}],"replies":[{"embeddable":true,"href":"https:\/\/carleton.ca\/francophonieetcolonialisme\/wp-json\/wp\/v2\/comments?post=18"}],"version-history":[{"count":5,"href":"https:\/\/carleton.ca\/francophonieetcolonialisme\/wp-json\/wp\/v2\/pages\/18\/revisions"}],"predecessor-version":[{"id":124,"href":"https:\/\/carleton.ca\/francophonieetcolonialisme\/wp-json\/wp\/v2\/pages\/18\/revisions\/124"}],"wp:attachment":[{"href":"https:\/\/carleton.ca\/francophonieetcolonialisme\/wp-json\/wp\/v2\/media?parent=18"}],"wp:term":[{"taxonomy":"cu_page_type","embeddable":true,"href":"https:\/\/carleton.ca\/francophonieetcolonialisme\/wp-json\/wp\/v2\/cu_page_type?post=18"}],"curies":[{"name":"wp","href":"https:\/\/api.w.org\/{rel}","templated":true}]}}