{"id":21,"date":"2025-07-18T13:45:22","date_gmt":"2025-07-18T17:45:22","guid":{"rendered":"https:\/\/carleton.ca\/francophonieetcolonialisme\/?page_id=21"},"modified":"2026-03-23T07:22:11","modified_gmt":"2026-03-23T11:22:11","slug":"conferences-and-publications","status":"publish","type":"page","link":"https:\/\/carleton.ca\/francophonieetcolonialisme\/conferences-and-publications\/","title":{"rendered":"Conf\u00e9rences et publications"},"content":{"rendered":"\n<section class=\"w-screen px-6 cu-section cu-section--white ml-offset-center md:px-8 lg:px-14\">\n    <div class=\"space-y-6 cu-max-w-child-5xl  md:space-y-10 cu-prose-first-last\">\n\n            <div class=\"cu-textmedia flex flex-col lg:flex-row mx-auto gap-6 md:gap-10 my-6 md:my-12 first:mt-0 max-w-5xl\">\n        <div class=\"justify-start cu-textmedia-content cu-prose-first-last\" style=\"flex: 0 0 100%;\">\n            <header class=\"font-light prose-xl cu-pageheader md:prose-2xl cu-component-updated cu-prose-first-last\">\n                                    <h1 class=\"cu-prose-first-last font-semibold !mt-2 mb-4 md:mb-6 relative after:absolute after:h-px after:bottom-0 after:bg-cu-red after:left-px text-3xl md:text-4xl lg:text-5xl lg:leading-[3.5rem] pb-5 after:w-10 text-cu-black-700 not-prose\">\n                        Conf\u00e9rences et publications\n                    <\/h1>\n                \n                                \n                                    \n\n<p>Retrouvez ci-dessous la liste des publications et des pr\u00e9sentations \u00e0 des conf\u00e9rences reli\u00e9es au projet. <em class=\"myprefix-text-italic\">Please find below a list of conference presentations and publications related to our project.<\/em><\/p>\n\n\n\n<p>Plusieurs publications (en fran\u00e7ais et en anglais) sont en cours de r\u00e9vision et de pr\u00e9paration.<\/p>\n\n\n                            <\/header>\n\n                    <\/div>\n\n            <\/div>\n\n    <\/div>\n<\/section>\n\n\n\n<h2 id=\"publications\" class=\"wp-block-heading\">Publications<\/h2>\n\n\n\n<p>Urbain \u00c9milie et Sandrine Tailleur (2020), \u00ab&nbsp;L\u2019Autre autochtone&nbsp;: une analyse des processus de diff\u00e9renciation dans la presse canadienne francophone&nbsp;\u00bb, in Karine Gauvin and Isabelle Violette (ed.).&nbsp;<em>Minorisation linguistique et in\u00e9galit\u00e9s sociales<\/em>. Frankfurt a.M, Peter Lang (Sprache, Identit\u00e4t, Kultur)&nbsp;: 85-106.<\/p>\n\n\n\n<p>Urbain, \u00c9. et S. Tailleur (in press), \u00ab\u00a0Les langues autochtones dans l\u2019imaginaire linguistique francophone. Une \u00e9tude de cas comparative et historique Acadie\/Saguenay-Lac-Saint-Jean\u00a0\u00bb, <em class=\"myprefix-text-italic\">Revue de l&#8217;Universit\u00e9 de Moncton<\/em><em>.<\/em><\/p>\n\n\n\n<h2 id=\"presentation-a-des-conferences-conference-presentations\" class=\"wp-block-heading\">Pr\u00e9sentation \u00e0 des conf\u00e9rences \/ Conference presentations<\/h2>\n\n\n\n<p>Urbain, \u00c9milie and Sandrine Tailleur, \u00ab&nbsp;What\u2019s in a name? Language ideologies and indigenous language naming in French Canadian communities&nbsp;\u00bb, Session (<em>Post)colonialism and Naming Practices<\/em>, Historical Sociolinguistics Network (HiSoN) 2025 Conference, University of Bristol, Bristol, UK, June 2025.<\/p>\n\n\n\n<p>Urbain, \u00c9milie and Sandrine Tailleur, \u00ab&nbsp;Langues autochtones et id\u00e9ologies linguistiques dans les communaut\u00e9s francophones canadiennes (Acadie et Saguenay)&nbsp;\u00bb, Session&nbsp;<em>Discours sur soi \u2013 Discours sur l\u2019autre<\/em>,&nbsp;6th International Conference Les Id\u00e9ologies linguistiques dans la presse \u00e9crite (ILPE), Moncton, Universit\u00e9 de Moncton, October 2024.&nbsp;<\/p>\n\n\n\n<p>Urbain, \u00c9milie, \u00ab&nbsp;L\u2019histoire (socio)linguistique minoritaire en question&nbsp;:&nbsp;l\u2019exemple des communaut\u00e9s francophones d\u2019Am\u00e9rique du Nord&nbsp;\u00bb, Session&nbsp;<em>Travailler la mati\u00e8re historique lorsqu\u2019on est sociolinguiste,&nbsp;<\/em>6<sup>th<\/sup>&nbsp;Congr\u00e8s international du R\u00e9seau francophone de Sociolinguistique (RFS), UCLouvain, Louvain-La-Neuve, Belgium, May 2024.<\/p>\n\n\n\n<p>Urbain \u00c9milie and Sandrine Tailleur, \u00ab&nbsp;Attitudes towards indigenous languages in French Canadian Newspapers&nbsp;: the cases of Acadia and Saguenay (1867-1939)&nbsp;\u00bb, paper presented at the 12th Historical Sociolinguistics Network Conference 2023, Brussels, May 2023.<\/p>\n\n\n\n<p>Urbain, \u00c9milie and Sandrine Tailleur, \u00ab&nbsp;Les langues autochtones dans la presse francophone : une comparaison historique de l\u2019Acadie et du Saguenay (1867-1939)&nbsp;\u00bb, paper presented at the Conference&nbsp;<em>Identit\u00e9s francophones contemporaines dans les espaces nord-am\u00e9ricains<\/em>, Carleton University, Ottawa, March 2023.&nbsp;<\/p>\n\n\n\n<p>Urbain, \u00c9milie,&nbsp;Roundtable \u00ab&nbsp;Recherches, enseignement et repr\u00e9sentations&nbsp;\u00bb, s\u00e9rie de conf\u00e9rences-midis sur la d\u00e9colonisation et l\u2019autochtonisation, Institut d\u2019\u00e9tudes acadiennes, Universit\u00e9 de Moncton (online), November 2020.<\/p>\n\n\n\n<p>Urbain \u00c9milie, \u00ab&nbsp;Colonisation, colonialisme et diff\u00e9renciation sociale en Acadie&nbsp;: une analyse du discours de presse de 1867 \u00e0 1930&nbsp;\u00bb,&nbsp;paper presented at the 2020 Convention,&nbsp;Northeast Modern Language Association (NeMLA), Session Rhetoric of Othering and Nationalism in North-America French communities, Boston, Massachussetts, March 2020.<\/p>\n\n\n\n<p>Urbain, \u00c9milie,&nbsp;\u00ab&nbsp;Nationalisme, colonialisme et diff\u00e9renciation sociale en Acadie&nbsp;: une analyse du discours de presse de 1867 \u00e0 1930&nbsp;\u00bb, invited talk, Institut d\u2019\u00e9tudes acadiennes, December 2019.<\/p>\n\n\n\n<p>Urbain, \u00c9milie,&nbsp;\u00ab&nbsp;Construction de la diff\u00e9rence et nationalisme en Acadie&nbsp;: une \u00e9tude historique des discours de la presse acadienne sur les peuples et les langues autochtones&nbsp;\u00bb,&nbsp;invited conference, s\u00e9rie de conf\u00e9rences \u00ab&nbsp;Point de mire sur l\u2019Acadie&nbsp;\u00bb presented by Astheure, Universit\u00e9 d\u2019Ottawa, January 2019.<\/p>\n\n\n\n<p>Urbain \u00c9milie and Sandrine Tailleur, \u201cNative Voices in Canadian French Newspapers (1870-1920): Hearing the Inaudible\u201d,<em>&nbsp;<\/em>\u00ab&nbsp;2<sup>nd<\/sup>&nbsp;International Conference on Sociolinguistics&nbsp;\u00bb, Budapest, Hungary, September 2018.<\/p>\n\n\n\n<p>Urbain, \u00c9milie and Sandrine Tailleur, \u00ab&nbsp;Le discours sur les premi\u00e8res nations dans la presse : l\u2019exemple de corpus acadien et saguen\u00e9en&nbsp;\u00bb, invited talk, Universit\u00e9 de Sherbrooke, February 2018.<\/p>\n\n\n\n<p>Urbain, \u00c9milie and Sandrine Tailleur, \u00ab&nbsp;Voix autochtones, parole oubli\u00e9e : une \u00e9tude sociolinguistique des id\u00e9ologies langagi\u00e8res dans les \u00e9crits acadiens et qu\u00e9b\u00e9cois de 1867 \u00e0 1939&nbsp;\u00bb, paper presented at the International Conference&nbsp;\u00ab&nbsp;Minorisation linguistique et in\u00e9galit\u00e9s sociales&nbsp;\u00bb, Universit\u00e9 de Moncton, October 2017.<\/p>\n\n\n\n<h2 id=\"\" class=\"wp-block-heading\"><\/h2>\n","protected":false},"excerpt":{"rendered":"<p>Publications Urbain \u00c9milie et Sandrine Tailleur (2020), \u00ab&nbsp;L\u2019Autre autochtone&nbsp;: une analyse des processus de diff\u00e9renciation dans la presse canadienne francophone&nbsp;\u00bb, in Karine Gauvin and Isabelle Violette (ed.).&nbsp;Minorisation linguistique et in\u00e9galit\u00e9s sociales. Frankfurt a.M, Peter Lang (Sprache, Identit\u00e4t, Kultur)&nbsp;: 85-106. Urbain, \u00c9. et S. Tailleur (in press), \u00ab\u00a0Les langues autochtones dans l\u2019imaginaire linguistique francophone. Une \u00e9tude [&hellip;]<\/p>\n","protected":false},"author":385,"featured_media":0,"parent":0,"menu_order":0,"comment_status":"closed","ping_status":"closed","template":"","meta":{"_acf_changed":false,"_cu_dining_location_slug":"","footnotes":"","_links_to":"","_links_to_target":""},"cu_page_type":[],"class_list":["post-21","page","type-page","status-publish","hentry"],"acf":{"cu_post_thumbnail":""},"_links":{"self":[{"href":"https:\/\/carleton.ca\/francophonieetcolonialisme\/wp-json\/wp\/v2\/pages\/21","targetHints":{"allow":["GET"]}}],"collection":[{"href":"https:\/\/carleton.ca\/francophonieetcolonialisme\/wp-json\/wp\/v2\/pages"}],"about":[{"href":"https:\/\/carleton.ca\/francophonieetcolonialisme\/wp-json\/wp\/v2\/types\/page"}],"author":[{"embeddable":true,"href":"https:\/\/carleton.ca\/francophonieetcolonialisme\/wp-json\/wp\/v2\/users\/385"}],"replies":[{"embeddable":true,"href":"https:\/\/carleton.ca\/francophonieetcolonialisme\/wp-json\/wp\/v2\/comments?post=21"}],"version-history":[{"count":4,"href":"https:\/\/carleton.ca\/francophonieetcolonialisme\/wp-json\/wp\/v2\/pages\/21\/revisions"}],"predecessor-version":[{"id":121,"href":"https:\/\/carleton.ca\/francophonieetcolonialisme\/wp-json\/wp\/v2\/pages\/21\/revisions\/121"}],"wp:attachment":[{"href":"https:\/\/carleton.ca\/francophonieetcolonialisme\/wp-json\/wp\/v2\/media?parent=21"}],"wp:term":[{"taxonomy":"cu_page_type","embeddable":true,"href":"https:\/\/carleton.ca\/francophonieetcolonialisme\/wp-json\/wp\/v2\/cu_page_type?post=21"}],"curies":[{"name":"wp","href":"https:\/\/api.w.org\/{rel}","templated":true}]}}