{"id":3,"date":"2025-07-17T15:46:12","date_gmt":"2025-07-17T19:46:12","guid":{"rendered":"https:\/\/carleton.ca\/francophonieetcolonialisme\/homepage\/"},"modified":"2025-11-21T10:22:05","modified_gmt":"2025-11-21T15:22:05","slug":"homepage","status":"publish","type":"page","link":"https:\/\/carleton.ca\/francophonieetcolonialisme\/","title":{"rendered":"Bienvenue &#8211; Welcome"},"content":{"rendered":"\n<section class=\"w-screen px-6 cu-section cu-section--white ml-offset-center md:px-8 lg:px-14\">\n    <div class=\"space-y-6 cu-max-w-child-5xl  md:space-y-10 cu-prose-first-last\">\n\n            <div class=\"cu-textmedia flex flex-col lg:flex-row mx-auto gap-6 md:gap-10 my-6 md:my-12 first:mt-0 max-w-5xl\">\n        <div class=\"justify-start cu-textmedia-content cu-prose-first-last\" style=\"flex: 0 0 100%;\">\n            <header class=\"font-light prose-xl cu-pageheader md:prose-2xl cu-component-updated cu-prose-first-last\">\n                                    <h1 class=\"cu-prose-first-last font-semibold !mt-2 mb-4 md:mb-6 relative after:absolute after:h-px after:bottom-0 after:bg-cu-red after:left-px text-3xl md:text-4xl lg:text-5xl lg:leading-[3.5rem] pb-5 after:w-10 text-cu-black-700 not-prose\">\n                        Bienvenue &#8211; Welcome\n                    <\/h1>\n                \n                                \n                                    \n\n<p>This website presents the ongoing project <em class=\"myprefix-text-italic\">Langue, nationalisme et colonialisme en Acadie et au Saguenay-Lac-Saint-Jean : une \u00e9tude comparative de la construction de la diff\u00e9rence autochtone (1867-1971)<\/em> led by prof. \u00c9milie Urbain (Department of French) and Sandrine Tailleur (UQAC).<\/p>\n\n\n\n<p><\/p>\n\n\n                            <\/header>\n\n                    <\/div>\n\n            <\/div>\n\n    <\/div>\n<\/section>\n\n\n\n<p><\/p>\n\n\n\n<section class=\"w-screen px-6 cu-section cu-section--white ml-offset-center md:px-8 lg:px-14\">\n    <div class=\"space-y-6 cu-max-w-child-5xl  md:space-y-10 cu-prose-first-last\">\n\n            <div class=\"cu-textmedia flex flex-col lg:flex-row mx-auto gap-6 md:gap-10 my-6 md:my-12 first:mt-0 max-w-5xl\">\n        <div class=\"justify-start cu-textmedia-content cu-prose-first-last\" style=\"flex: 0 0 60%;\">\n            <header class=\"font-light prose-xl cu-pageheader md:prose-2xl cu-component-updated cu-prose-first-last\">\n                                    <h2 class=\"cu-prose-first-last font-semibold !mt-2 mb-4 md:mb-6 relative after:absolute after:h-px after:bottom-0 after:bg-cu-red after:left-px text-2xl md:text-3xl lg:text-4xl lg:leading-[3rem] pb-4 after:w-8 text-cu-black-700 not-prose\">\n                        Une analyse des discours sur les langues autochtones dans la francophonie canadienne\n                    <\/h2>\n                \n                                \n                            <\/header>\n\n                            \n\n<p>Cette recherche, men\u00e9e dans une perspective historique, est centr\u00e9e autour du travail dans les archives. En d\u00e9pouillant de fa\u00e7on exhaustive le contenu de journaux acadiens et qu\u00e9b\u00e9cois (de la r\u00e9gion du Saguenay-Lac-Saint-Jean), nous avons constitu\u00e9 des corpus de textes reprenant tous les articles mentionnant les langues et les peuples autochtones, que ce soient de simples mentions, des commentaires plus longs ou des articles dont c&#8217;est la th\u00e9matique principale comme l&#8217;exemple que vous voyez ici.<\/p>\n\n\n                    <\/div>\n\n                    <div class=\"cu-textmedia-bgimg flex-1 rounded-xl bg-no-repeat bg-cover \" style=\"background-image: url(https:\/\/carleton.ca\/francophonieetcolonialisme\/wp-content\/uploads\/sites\/145\/2025\/07\/Capture-decran-le-2025-07-18-a-17.26.02-768x795.png); background-position: 50% 50%; transform: scale(1);\"><\/div>\n            <\/div>\n\n    <\/div>\n<\/section>\n\n\n    \n<section class=\"w-screen px-6 cu-section cu-section--grey ml-offset-center md:px-8 lg:px-14\">\n    <div class=\"space-y-6 cu-max-w-child-7xl bg-cu-black-50 max-w-screen-2xl mx-auto rounded-xl px-6 py-5 md:px-14 md:py-12 md:space-y-10 cu-prose-first-last\">\n\n                            \n\n\n<header class=\"mb-6 cu-pageheader cu-component-updated md:mb-12\">\n    <h2 id=\"website-content\" class=\"cu-prose-first-last font-semibold !mt-2 mb-4 md:mb-6 relative text-2xl md:text-3xl lg:text-4xl lg:leading-[3rem] pb-4 after:w-8 after:absolute after:h-px after:bottom-0 after:bg-cu-red after:left-px\">\n        Website content\n    <\/h2>\n\n    <\/header>\n        \n        <div class=\"cu-column cu-component not-contained mx-auto grid max-w-7xl md:grid-cols-2 lg:grid-cols-4 gap-6 md:gap-10\">\n            \n\n<div class=\"not-prose cu-card rounded-lg @container md:max-w-xl flex flex-col gap-3 bg-white shadow-lg shadow-cu-black-100   \">\n            <figure class=\"mx-6 mt-6 mb-2 overflow-hidden max-w-[45%] @xl:md:max-w-[25%] rounded-md aspect-[4\/2.7]\">\n            <img loading=\"lazy\" decoding=\"async\" src=\"https:\/\/carleton.ca\/francophonieetcolonialisme\/wp-content\/uploads\/sites\/145\/2025\/07\/10_moniteur-300x200.jpg\" alt=\"\" width=\"200\" height=\"133\"><\/figure>\n        \n                        <header class=\"flex flex-col gap-3  px-6 first:mt-6\">\n                \n        \n    \n    <h2 class=\"line-clamp-3 text-lg font-semibold text-cu-black @sm:md:text-xl leading-6 @sm:md:leading-8\">\n        About our project\n    <\/h2>\n\n            <\/header>\n\n        \n                    <div class=\"flex flex-col px-6\">\n                <p class=\"text-base text-cu-black-700\">\n                    Click below to find out more about our project\n                <\/p>\n            <\/div>\n        \n                                \n            <footer class=\"px-6 pt-3 mt-auto text-white md:pt-5\">\n                <a  href=\"https:\/\/carleton.ca\/francophonieetcolonialisme\/a-propos-about\/\" class=\"cu-button cu-button--red cu-button--small\">\n                    More info\n                <\/a>\n            <\/footer>\n            <\/div>\n    \n\n\n<div class=\"not-prose cu-card rounded-lg @container md:max-w-xl flex flex-col gap-3 bg-white shadow-lg shadow-cu-black-100   \">\n            <figure class=\"mx-6 mt-6 mb-2 overflow-hidden max-w-[45%] @xl:md:max-w-[25%] rounded-md aspect-[4\/2.7]\">\n            <img loading=\"lazy\" decoding=\"async\" src=\"https:\/\/carleton.ca\/francophonieetcolonialisme\/wp-content\/uploads\/sites\/145\/2025\/07\/large.webp-300x200.webp\" alt=\"\" width=\"200\" height=\"133\"><\/figure>\n        \n                        <header class=\"flex flex-col gap-3  px-6 first:mt-6\">\n                \n        \n    \n    <h2 class=\"line-clamp-3 text-lg font-semibold text-cu-black @sm:md:text-xl leading-6 @sm:md:leading-8\">\n        Conferences and publications\n    <\/h2>\n\n            <\/header>\n\n        \n                    <div class=\"flex flex-col px-6\">\n                <p class=\"text-base text-cu-black-700\">\n                    Find a list of all related presentations and publications\n                <\/p>\n            <\/div>\n        \n                                \n            <footer class=\"px-6 pt-3 mt-auto text-white md:pt-5\">\n                <a  href=\"https:\/\/carleton.ca\/francophonieetcolonialisme\/conferences-and-publications\/\" class=\"cu-button cu-button--red cu-button--small\">\n                    More info\n                <\/a>\n            <\/footer>\n            <\/div>\n    \n\n\n<div class=\"not-prose cu-card rounded-lg @container md:max-w-xl flex flex-col gap-3 bg-white shadow-lg shadow-cu-black-100   \">\n            <figure class=\"mx-6 mt-6 mb-2 overflow-hidden max-w-[45%] @xl:md:max-w-[25%] rounded-md aspect-[4\/2.7]\">\n            <img loading=\"lazy\" decoding=\"async\" src=\"https:\/\/carleton.ca\/francophonieetcolonialisme\/wp-content\/uploads\/sites\/145\/2025\/07\/IMG_1778-300x200.jpeg\" alt=\"\" width=\"200\" height=\"133\"><\/figure>\n        \n                        <header class=\"flex flex-col gap-3  px-6 first:mt-6\">\n                \n        \n    \n    <h2 class=\"line-clamp-3 text-lg font-semibold text-cu-black @sm:md:text-xl leading-6 @sm:md:leading-8\">\n        Meet our team!\n    <\/h2>\n\n            <\/header>\n\n        \n        \n                                \n            <footer class=\"px-6 pt-3 mt-auto text-white md:pt-5\">\n                <a  href=\"https:\/\/carleton.ca\/francophonieetcolonialisme\/our-team\/\" class=\"cu-button cu-button--red cu-button--small\">\n                    More info\n                <\/a>\n            <\/footer>\n            <\/div>\n    \n\n        <\/div>\n\n        \n    <\/div>\n<\/section>\n\n\n    \n\n\n\n                                                                                                                                                                                                                                                                                                                                                                                                                                    \n\n\n\n<section class=\"w-screen px-6 cu-section cu-section--grey cu-section--cards ml-offset-center md:px-8 lg:px-14\" data-attributes=\"&#x7B;&quot;blockHeader&quot;&#x3A;&quot;Recent&#x20;News&quot;,&quot;blockBackground&quot;&#x3A;&quot;grey&quot;,&quot;numberOfPosts&quot;&#x3A;3,&quot;moreButton&quot;&#x3A;&quot;viewmore&quot;,&quot;pageLink&quot;&#x3A;&quot;https&#x3A;&#x5C;&#x2F;&#x5C;&#x2F;carleton.ca&#x5C;&#x2F;dev&#x5C;&#x2F;card-grid&#x5C;&#x2F;news-cards&#x5C;&#x2F;&quot;,&quot;showImages&quot;&#x3A;false,&quot;blockType&quot;&#x3A;&quot;cards&quot;,&quot;contentType&quot;&#x3A;&quot;post&quot;,&quot;currentPage&quot;&#x3A;1,&quot;numberOfColumns&quot;&#x3A;3,&quot;showDates&quot;&#x3A;true,&quot;showTimeToRead&quot;&#x3A;true,&quot;showExcerpts&quot;&#x3A;true,&quot;showFilter&quot;&#x3A;false,&quot;taxName&quot;&#x3A;&quot;category&quot;,&quot;categories&quot;&#x3A;&quot;&quot;,&quot;tags&quot;&#x3A;&quot;&quot;&#x7D;\" data-page=\"2\">\n    <div class=\"space-y-6 cu-max-w-child-5xl bg-cu-black-50 max-w-screen-2xl mx-auto rounded-xl px-6 py-5 md:px-14 md:py-12 md:space-y-10 cu-prose-first-last\">\n\n                            \n\n\n<header class=\"mb-6 cu-pageheader cu-component-updated md:mb-12\">\n    <h2 id=\"recent-news\" class=\"cu-prose-first-last font-semibold !mt-2 mb-4 md:mb-6 relative text-2xl md:text-3xl lg:text-4xl lg:leading-[3rem] pb-4 after:w-8 after:absolute after:h-px after:bottom-0 after:bg-cu-red after:left-px\">\n        Recent News\n    <\/h2>\n\n    <\/header>\n        \n                \n        <div class=\"cu-loading hidden text-center mx-auto h-6 w-6 animate-spin rounded-full border-4 border-solid border-current border-r-transparent align-[-0.125em] motion-reduce:animate-[spin_1.5s_linear_infinite]\" role=\"status\">\n    <span class=\"!absolute !-m-px !h-px !w-px !overflow-hidden !whitespace-nowrap !border-0 !p-0 ![clip:rect(0,0,0,0)]\">\n        Loading&#8230;\n    <\/span>\n<\/div>\n\n                                        \n        <p class=\"cu-no-posts hidden\">\n            No\n            category\n\n            posts are available.\n        <\/p>\n\n                <div class=\"cu-column cu-component not-contained mx-auto grid max-w-5xl md:grid-cols-3 gap-6 md:gap-10\">\n                        \n                    \n\n<div class=\"not-prose cu-card rounded-lg @container md:max-w-xl flex flex-col gap-3 bg-white shadow-lg shadow-cu-black-100 group duration-300 ease-in hover:scale-[1.02] hover:shadow-cu-black-200\">\n\n    \n    \n        <header class=\"flex flex-col gap-3  px-6 first:mt-6\">\n        <div class=\"flex flex-row w-full gap-1\">\n                        <time datetime=\"2025-07-17T20:00:00-04:00\" class=\"block italic text-sm text-cu-black-600\">\n        July 18, 2025\n    <\/time>\n\n                    <\/div>        \n        \n    \n    <h3 class=\"line-clamp-3 text-lg font-semibold text-cu-black @sm:md:text-xl leading-6 @sm:md:leading-8\">\n        Bienvenue sur notre site!\n    <\/h3>\n\n            <\/header>\n\n\n            <div class=\"flex flex-col px-6 dark:text-white\">\n            <p class=\"text-base text-cu-black-700 dark:text-white \">\n                Bienvenue sur notre site, nous vous invitons \u00e0 explorer son contenu pour d\u00e9couvrir notre projet. Nous continuerons \u00e0 y d\u00e9poser nos r\u00e9sultats les plus r\u00e9cents\n                                    &#8230;\n                            <\/p>\n        <\/div>\n    \n    <footer class=\"px-6 pt-3 mt-auto md:pt-5\">\n        <a href=\"https:\/\/carleton.ca\/francophonieetcolonialisme\/2025\/your-first-news-story\/\" class=\"cu-button cu-button--red cu-button--small\">\n            Read news\n            <span class=\"sr-only\">\n                post\n                Bienvenue sur notre site!\n            <\/span>\n        <\/a>\n    <\/footer>\n<\/div>\n\n                    \n        <\/div>\n        \n                                            <div class=\"flex flex-wrap justify-center gap-5 cu-buttongroup md:flex-1\">\n    <a href=\"https:\/\/carleton.ca\/dev\/card-grid\/news-cards\/\" class=\"cu-view-more cu-button not-prose cu-button--dark-grey\">\n        View More\n    <\/a>\n<\/div>\n                    \n    <\/div>\n<\/section>\n","protected":false},"excerpt":{"rendered":"","protected":false},"author":6,"featured_media":0,"parent":0,"menu_order":0,"comment_status":"closed","ping_status":"closed","template":"","meta":{"_acf_changed":false,"_cu_dining_location_slug":"","footnotes":"","_links_to":"","_links_to_target":""},"cu_page_type":[],"class_list":["post-3","page","type-page","status-publish","hentry"],"acf":{"cu_post_thumbnail":""},"_links":{"self":[{"href":"https:\/\/carleton.ca\/francophonieetcolonialisme\/wp-json\/wp\/v2\/pages\/3","targetHints":{"allow":["GET"]}}],"collection":[{"href":"https:\/\/carleton.ca\/francophonieetcolonialisme\/wp-json\/wp\/v2\/pages"}],"about":[{"href":"https:\/\/carleton.ca\/francophonieetcolonialisme\/wp-json\/wp\/v2\/types\/page"}],"author":[{"embeddable":true,"href":"https:\/\/carleton.ca\/francophonieetcolonialisme\/wp-json\/wp\/v2\/users\/6"}],"replies":[{"embeddable":true,"href":"https:\/\/carleton.ca\/francophonieetcolonialisme\/wp-json\/wp\/v2\/comments?post=3"}],"version-history":[{"count":5,"href":"https:\/\/carleton.ca\/francophonieetcolonialisme\/wp-json\/wp\/v2\/pages\/3\/revisions"}],"predecessor-version":[{"id":119,"href":"https:\/\/carleton.ca\/francophonieetcolonialisme\/wp-json\/wp\/v2\/pages\/3\/revisions\/119"}],"wp:attachment":[{"href":"https:\/\/carleton.ca\/francophonieetcolonialisme\/wp-json\/wp\/v2\/media?parent=3"}],"wp:term":[{"taxonomy":"cu_page_type","embeddable":true,"href":"https:\/\/carleton.ca\/francophonieetcolonialisme\/wp-json\/wp\/v2\/cu_page_type?post=3"}],"curies":[{"name":"wp","href":"https:\/\/api.w.org\/{rel}","templated":true}]}}