{"id":10224,"date":"2025-11-21T10:38:07","date_gmt":"2025-11-21T15:38:07","guid":{"rendered":"https:\/\/carleton.ca\/french\/?page_id=10224"},"modified":"2025-11-24T11:21:35","modified_gmt":"2025-11-24T16:21:35","slug":"french-and-francophone-literatures","status":"publish","type":"page","link":"https:\/\/carleton.ca\/french\/french-and-francophone-literatures\/","title":{"rendered":"French and Francophone Literatures"},"content":{"rendered":"\n<section class=\"w-screen px-6 cu-section cu-section--white ml-offset-center md:px-8 lg:px-14\">\n    <div class=\"space-y-6 cu-max-w-child-7xl  md:space-y-10 cu-prose-first-last\">\n\n            <div class=\"cu-textmedia flex flex-col lg:flex-row mx-auto gap-6 md:gap-10 my-6 md:my-12 first:mt-0 max-w-7xl\">\n        <div class=\"justify-start cu-textmedia-content cu-prose-first-last\" style=\"flex: 0 0 60%;\">\n            <header class=\"font-light prose-xl cu-pageheader md:prose-2xl cu-component-updated cu-prose-first-last\">\n                                    <h1 class=\"cu-prose-first-last font-semibold !mt-2 mb-4 md:mb-6 relative after:absolute after:h-px after:bottom-0 after:bg-cu-red after:left-px text-3xl md:text-4xl lg:text-5xl lg:leading-[3.5rem] pb-5 after:w-10 text-cu-black-700 not-prose\">\n                        French and Francophone Literatures\n                    <\/h1>\n                \n                                \n                                    \n\n<p>After reaching an intermediate level in French, you will also be introduced in our programs to the world of French and Francophone Literatures with a range of courses taught <em class=\"myprefix-text-italic\">in French<\/em> about francophone literary studies and theories, with topics such as literary movements, authors and works from diverse historical periods and from different regions of the francophone world.<\/p>\n\n\n                            <\/header>\n\n                    <\/div>\n\n                    <div class=\"cu-textmedia-bgimg flex-1 rounded-xl bg-no-repeat bg-cover \" style=\"background-image: url(https:\/\/carleton.ca\/french\/wp-content\/uploads\/sites\/160\/2025\/11\/passage-library-bookcases-768x513.png); background-position: 66% 75%; transform: scale(1);\"><\/div>\n            <\/div>\n\n    <\/div>\n<\/section>\n\n\n\n<section class=\"w-screen px-6 cu-section cu-section--white ml-offset-center md:px-8 lg:px-14\">\n    <div class=\"space-y-6 cu-max-w-child-4xl  md:space-y-10 cu-prose-first-last\">\n\n        \n    \n    <div class=\"cu-callout cu-callout--center cu-component border-8 md:border-[12px] border-solid border-cu-black-50 px-8 pt-5 pb-6 md:px-16 md:pt-8 md:py-10 rounded-lg cu-prose-first-last\">\n                    <header class=\"cu-pageheader cu-component cu-prose-first-last  cu-pageheader--center text-center mx-auto\">\n                <h2 id=\"our-french-and-francophone-literatures-team\" class=\"cu-prose-first-last font-semibold !mt-2 mb-4 md:mb-6 text-2xl md:text-3xl lg:text-4xl lg:leading-[3rem] relative cu-pageheader--center text-center mx-auto after:left-1\/2 after:-ml-5 after:absolute after:h-px after:bottom-0 pb-4 after:w-8 after:bg-cu-red\">\n                    Our French and Francophone Literatures Team\n                <\/h2>\n            <\/header>\n        \n        \n\n<p><a href=\"https:\/\/carleton.ca\/sics\/people\/trepanier-anne\/\">Anne Tr\u00e9panier<\/a><\/p>\n\n\n\n<p><a href=\"https:\/\/carleton.ca\/french\/people\/catherine-khordoc\/\">Catherine Khordoc<\/a><\/p>\n\n\n\n<p><a href=\"https:\/\/carleton.ca\/french\/people\/christine-duff\/\">Christine Duff<\/a><\/p>\n\n\n\n<p><a href=\"https:\/\/carleton.ca\/french\/people\/pascal-gin\/\">Pascal Gin<\/a><\/p>\n\n\n\n<p><a href=\"https:\/\/carleton.ca\/french\/people\/sebastien-cote\/\">S\u00e9bastien C\u00f4t\u00e9<\/a><\/p>\n\n\n\n<p><em class=\"myprefix-text-italic\">Our professors of literature have a variety of ongoing research projects. Don&#8217;t hesitate to reach out to them to learn more about their current work!<\/em><\/p>\n\n\n    <\/div>\n\n\n    <\/div>\n<\/section>\n\n\n\n<h2 id=\"french-and-francophone-literatures-at-carleton\" class=\"wp-block-heading\">French and Francophone Literatures at Carleton<\/h2>\n\n\n\n<p>Studying literature is a great way to put your language skills into practice. It\u2019s also a window into the many Francophone cultures that you\u2019ll learn about at Carleton through our literature courses. By reading poetry, novels, and plays from Qu\u00e9bec and Canada, the Caribbean, Africa, Asia, and France, you\u2019ll grapple with current and historical issues like migration, colonialism, nationalism, and identity, and develop an appreciation for the ways in which different cultures express themselves through language and the literary arts.<\/p>\n\n\n\n<h2 id=\"our-course-offering-in-french-and-francophone-literatures\" class=\"wp-block-heading\">Our course offering in French and Francophone Literatures:<\/h2>\n\n\n\n<p><em class=\"myprefix-text-italic\">Please note that not all courses listed are offered in a given year. Some of the courses are rotated depending on professors&#8217; availability. To know what courses are being offered this year, please consult our <a href=\"#Current-course-offering\">current offering<\/a>.<\/em><\/p>\n\n\n\n<figure class=\"wp-block-table\"><table class=\"has-fixed-layout\"><thead><tr><th class=\"has-text-align-left\" data-align=\"left\">Course code and name<\/th><th class=\"has-text-align-left\" data-align=\"left\">Course description<\/th><\/tr><\/thead><tbody><tr><td class=\"has-text-align-left\" data-align=\"left\">FREN 2202 Introduction aux \u00e9tudes litt\u00e9raires: \u0153uvres fran\u00e7aises et francophones<\/td><td class=\"has-text-align-left\" data-align=\"left\">Survol historique des litt\u00e9ratures d&#8217;expression fran\u00e7aise: principaux auteurs, grands mouvements, \u00e9volution des genres. Initiation aux m\u00e9thodes et notions d&#8217;analyse litt\u00e9raire.<\/td><\/tr><tr><td class=\"has-text-align-left\" data-align=\"left\">FREN 2203 Introduction aux \u00e9tudes litt\u00e9raires: \u0153uvres qu\u00e9b\u00e9coises et canadiennes<\/td><td class=\"has-text-align-left\" data-align=\"left\">Survol historique des litt\u00e9ratures d&#8217;expression fran\u00e7aise au Qu\u00e9bec et au Canada: principaux auteurs, grands mouvements, \u00e9volution des genres. Initiation aux m\u00e9thodes et notions d&#8217;analyse litt\u00e9raire.<\/td><\/tr><tr><td class=\"has-text-align-left\" data-align=\"left\">FREN 3212 Des manuscrits aux belles-lettres : de la litt\u00e9rature m\u00e9di\u00e9vale \u00e0 l&#8217;humanisme<\/td><td class=\"has-text-align-left\" data-align=\"left\">\u00c9tude d&#8217;une s\u00e9lection de textes, tir\u00e9s de divers genres, permettant d&#8217;explorer les origines de la litt\u00e9rature fran\u00e7aise : oralit\u00e9 et \u00e9criture; chansons de geste; courtoisie; r\u00e9cits de voyages; litt\u00e9rature de la cour; humanisme. Diff\u00e9rentes approches th\u00e9oriques du texte litt\u00e9raire.<\/td><\/tr><tr><td class=\"has-text-align-left\" data-align=\"left\">FREN 3213 Du Baroque aux Lumi\u00e8res<\/td><td class=\"has-text-align-left\" data-align=\"left\">\u00c9tude des 17e et 18e si\u00e8cles : raison et universalisme, encyclop\u00e9disme, construction et repr\u00e9sentation de l&#8217;alt\u00e9rit\u00e9, colonialisme et esclavagisme. Analyse d&#8217;importants d\u00e9veloppements litt\u00e9raires : essai et conte philosophiques, th\u00e9\u00e2tre et critique sociale, \u00e9volution du discours romanesque. Approches th\u00e9oriques du texte litt\u00e9raire.<\/td><\/tr><tr><td class=\"has-text-align-left\" data-align=\"left\">FREN 3214 R\u00e9volutions, avant-gardes et ruptures : du 19e si\u00e8cle aux ann\u00e9es 1950<\/td><td class=\"has-text-align-left\" data-align=\"left\">\u00c9tude de quelques grands mouvements ayant rythm\u00e9 la vie des lettres francophones : romantisme, r\u00e9alisme, naturalisme, symbolisme, surr\u00e9alisme, modernisme. La litt\u00e9rature de la d\u00e9colonisation et l&#8217;\u00e9mergence de la litt\u00e9rature canadienne-fran\u00e7aise. Analyse des genres et de leur \u00e9volution. Approches th\u00e9oriques du texte litt\u00e9raire.<\/td><\/tr><tr><td class=\"has-text-align-left\" data-align=\"left\">FREN 3215 Les \u00e8res du soup\u00e7on : contemporan\u00e9it\u00e9 de la litt\u00e9rature<\/td><td class=\"has-text-align-left\" data-align=\"left\">\u00c9tudes des principales orientations d\u00e9finissant les litt\u00e9ratures francophones contemporaines depuis la fin de la Seconde Guerre mondiale : litt\u00e9rature engag\u00e9e, existentialisme, nouveau roman. Litt\u00e9rature du Qu\u00e9bec et du Canada fran\u00e7ais. Litt\u00e9ratures postcoloniales, \u00e9mergentes, transnationales. Approches th\u00e9oriques du texte litt\u00e9raire.<\/td><\/tr><tr><td class=\"has-text-align-left\" data-align=\"left\">FREN 3216 Probl\u00e9matique litt\u00e9raire<\/td><td class=\"has-text-align-left\" data-align=\"left\">\u00c9tude approfondie d\u2019une probl\u00e9matique dans le champ des \u00e9tudes litt\u00e9raires. Lectures critiques, r\u00e9flexion th\u00e9orique et \u00e9tudes d\u2019\u0153uvres litt\u00e9raires. Contenu variable selon les ann\u00e9es.<em class=\"myprefix-text-italic\"> Repeatable for credit when the topic changes.<\/em><\/td><\/tr><tr><td class=\"has-text-align-left\" data-align=\"left\">FREN 3217 Oeuvre et auteur-e(s)<\/td><td class=\"has-text-align-left\" data-align=\"left\">\u00c9tude approfondie d\u2019un(e) auteur(e) ou groupe d\u2019auteur(e)s et de leur \u0153uvre. Lectures critiques, th\u00e9oriques et litt\u00e9raires. Contenu variable selon les ann\u00e9es. <em class=\"myprefix-text-italic\">Repeatable for credit when the topic changes.<\/em><\/td><\/tr><tr><td class=\"has-text-align-left\" data-align=\"left\">FREN 3218 Genre et mouvement<\/td><td class=\"has-text-align-left\" data-align=\"left\">\u00c9tude approfondie d\u2019un genre ou mouvement litt\u00e9raire. Conditions d&#8217;\u00e9mergence (contextes: historique, social, artistique, etc). Textes th\u00e9oriques et manifestes. Principaux repr\u00e9sentants. Influence (continuations, ruptures). Contenu variable selon les ann\u00e9es. <em class=\"myprefix-text-italic\">Repeatable for credit when the topic changes<\/em>.<\/td><\/tr><tr><td class=\"has-text-align-left\" data-align=\"left\">FREN 3219 Litt\u00e9ratures canadiennes de langue fran\u00e7aise<\/td><td class=\"has-text-align-left\" data-align=\"left\">\u00c9tude approfondie d\u2019un(e) auteur(e) ou groupe d\u2019auteur(e)s canadien(ne)s et de leurs \u0153uvres de langue fran\u00e7aise. Lectures critiques, th\u00e9oriques et litt\u00e9raires. Contenu variable selon les ann\u00e9es. <em class=\"myprefix-text-italic\">Repeatable for credit when topic changes<\/em>.<\/td><\/tr><tr><td class=\"has-text-align-left\" data-align=\"left\">FREN 3251 Introduction aux m\u00e9thodes d&#8217;analyse litt\u00e9raire<\/td><td class=\"has-text-align-left\" data-align=\"left\">Pr\u00e9sentation et application de diverses approches th\u00e9oriques du texte litt\u00e9raire ou \u00e9tude approfondie d\u2019une approche th\u00e9orique particuli\u00e8re (analyses structurelles, m\u00e9thodes d&#8217;interpr\u00e9tation, contextualisation sociohistorique, po\u00e9tique, etc.).<\/td><\/tr><tr><td class=\"has-text-align-left\" data-align=\"left\">FREN 4212 Litt\u00e9ratures francophones<\/td><td class=\"has-text-align-left\" data-align=\"left\">Analyse de probl\u00e9matiques li\u00e9es \u00e0 la francophonie litt\u00e9raire. Contenu variable selon les ann\u00e9es. <em class=\"myprefix-text-italic\">Repeatable for credit when the topic changes.<\/em><\/td><\/tr><tr><td class=\"has-text-align-left\" data-align=\"left\">FREN 4213 Litt\u00e9rature qu\u00e9b\u00e9coise et canadienne d&#8217;expression fran\u00e7aise<\/td><td class=\"has-text-align-left\" data-align=\"left\">\u00c9tude approfondie portant sur un ou plusieurs aspects des litt\u00e9ratures d&#8217;expression fran\u00e7aise au Canada. Contenu variable selon les ann\u00e9es. <em class=\"myprefix-text-italic\">Repeatable for credit when the topic changes.<\/em><\/td><\/tr><tr><td class=\"has-text-align-left\" data-align=\"left\">FREN 4214 Genre et mouvement<\/td><td class=\"has-text-align-left\" data-align=\"left\">\u00c9tude approfondie d&#8217;un th\u00e8me, d&#8217;un mouvement, d&#8217;un genre dans le champ litt\u00e9raire. Contenu variable selon les ann\u00e9es. <em class=\"myprefix-text-italic\">Repeatable for credit when the topic changes.<\/em><\/td><\/tr><tr><td class=\"has-text-align-left\" data-align=\"left\">FREN 4215 Probl\u00e9matiques contemporaines<\/td><td class=\"has-text-align-left\" data-align=\"left\">\u00c9tude de questions contemporaines dans le domaine litt\u00e9raire. Contenu variable selon les ann\u00e9es. <em class=\"myprefix-text-italic\">Repeatable for credit when the topic changes.<\/em><\/td><\/tr><\/tbody><\/table><\/figure>\n","protected":false},"excerpt":{"rendered":"<p>French and Francophone Literatures at Carleton Studying literature is a great way to put your language skills into practice. It\u2019s also a window into the many Francophone cultures that you\u2019ll learn about at Carleton through our literature courses. By reading poetry, novels, and plays from Qu\u00e9bec and Canada, the Caribbean, Africa, Asia, and France, you\u2019ll [&hellip;]<\/p>\n","protected":false},"author":385,"featured_media":10228,"parent":0,"menu_order":0,"comment_status":"closed","ping_status":"closed","template":"","meta":{"_acf_changed":false,"_cu_dining_location_slug":"","footnotes":"","_links_to":"","_links_to_target":""},"cu_page_type":[],"class_list":["post-10224","page","type-page","status-publish","has-post-thumbnail","hentry"],"acf":{"cu_post_thumbnail":""},"_links":{"self":[{"href":"https:\/\/carleton.ca\/french\/wp-json\/wp\/v2\/pages\/10224","targetHints":{"allow":["GET"]}}],"collection":[{"href":"https:\/\/carleton.ca\/french\/wp-json\/wp\/v2\/pages"}],"about":[{"href":"https:\/\/carleton.ca\/french\/wp-json\/wp\/v2\/types\/page"}],"author":[{"embeddable":true,"href":"https:\/\/carleton.ca\/french\/wp-json\/wp\/v2\/users\/385"}],"replies":[{"embeddable":true,"href":"https:\/\/carleton.ca\/french\/wp-json\/wp\/v2\/comments?post=10224"}],"version-history":[{"count":5,"href":"https:\/\/carleton.ca\/french\/wp-json\/wp\/v2\/pages\/10224\/revisions"}],"predecessor-version":[{"id":10262,"href":"https:\/\/carleton.ca\/french\/wp-json\/wp\/v2\/pages\/10224\/revisions\/10262"}],"wp:featuredmedia":[{"embeddable":true,"href":"https:\/\/carleton.ca\/french\/wp-json\/wp\/v2\/media\/10228"}],"wp:attachment":[{"href":"https:\/\/carleton.ca\/french\/wp-json\/wp\/v2\/media?parent=10224"}],"wp:term":[{"taxonomy":"cu_page_type","embeddable":true,"href":"https:\/\/carleton.ca\/french\/wp-json\/wp\/v2\/cu_page_type?post=10224"}],"curies":[{"name":"wp","href":"https:\/\/api.w.org\/{rel}","templated":true}]}}