{"id":3459,"date":"2014-11-08T10:59:12","date_gmt":"2014-11-08T15:59:12","guid":{"rendered":"http:\/\/carleton.ca\/french\/?page_id=3459"},"modified":"2025-10-22T13:09:48","modified_gmt":"2025-10-22T17:09:48","slug":"temoignagestestimonials","status":"publish","type":"page","link":"https:\/\/carleton.ca\/french\/temoignagestestimonials\/","title":{"rendered":"T\u00e9moignages\/Testimonials"},"content":{"rendered":"\n<section class=\"w-screen px-6 cu-section cu-section--white ml-offset-center md:px-8 lg:px-14\">\n    <div class=\"space-y-6 cu-max-w-child-max  md:space-y-10 cu-prose-first-last\">\n\n        \n                    \n                    \n            \n    <div class=\"cu-wideimage relative flex items-center justify-center mx-auto px-8 overflow-hidden md:px-16 rounded-xl not-prose  my-6 md:my-12 first:mt-0 bg-opacity-50 bg-cover bg-cu-black-50 py-24 md:py-28 lg:py-36 xl:py-48\" style=\"background-image: url(https:\/\/carleton.ca\/french\/wp-content\/uploads\/sites\/160\/2025\/10\/nathan-feyssat-tKhphNkxK00-unsplash-768x432.jpg); background-position: 49% 32%;\">\n\n                    <div class=\"absolute top-0 w-full h-screen\" style=\"background-color:rgba(0,0,0,0.600);\"><\/div>\n        \n        <div class=\"relative z-[2] max-w-4xl w-full flex flex-col items-center gap-2 cu-wideimage-image cu-zero-first-last\">\n            <header class=\"mx-auto mb-6 text-center text-white cu-pageheader cu-component-updated cu-pageheader--center md:mb-12\">\n\n                                    <h1 class=\"cu-prose-first-last font-semibold mb-2 text-3xl md:text-4xl lg:text-5xl lg:leading-[3.5rem] cu-pageheader--center text-center mx-auto after:left-px\">\n                        T\u00e9moignages\/Testimonials\n                    <\/h1>\n                \n                            <\/header>\n        <\/div>\n\n            <\/div>\n\n    \n\n    <\/div>\n<\/section>\n\n\n\n<h2 id=\"voici-quelques-temoignages-detudiantes-ayant-participe-au-seminaire-depuis-2012\" class=\"wp-block-heading\">Voici quelques t\u00e9moignages d&#8217;\u00e9tudiant(e)s ayant particip\u00e9 au s\u00e9minaire depuis 2012<\/h2>\n\n\n\n<p>\u00c0 toi, cher \u00e9tudiant,<\/p>\n\n\n\n<p>Je ne saurais comment t\u2019exprimer ce que le S\u00e9minaire d\u2019\u00e9t\u00e9 \u00e0 Qu\u00e9bec de M.&nbsp;C\u00f4t\u00e9 m\u2019a apport\u00e9 dans mon cursus universitaire et dans mon futur plan de carri\u00e8re. En toute honn\u00eatet\u00e9, si j\u2019avais la possibilit\u00e9 de le refaire, c\u2019est sans h\u00e9sitation que je me replongerais dans l\u2019aventure.&nbsp;En ce qui me concerne, cette exp\u00e9rience m\u2019a permis de me d\u00e9couvrir. Elle m\u2019a aussi permis de trouver ma passion et d\u2019en faire ma carri\u00e8re. Contrairement \u00e0 ce que l\u2019on aurait tendance \u00e0 penser, c\u2019est beaucoup plus qu\u2019un cours et mille mois mieux que des cr\u00e9dits. C\u2019est une d\u00e9couverte de l\u2019histoire, un retour dans le pass\u00e9 et la connaissance d\u2019une ville que l\u2019on pensait conna\u00eetre, alors que pas du tout. Sans compter les souvenirs que tu graveras \u00e0 jamais dans ta m\u00e9moire, les d\u00e9couvertes que tu y feras te suivront jusqu\u2019\u00e0 la fin de ta vie. Crois-moi.<\/p>\n\n\n\n<p>Bien \u00e0 toi,<br>\u2014<strong>Pamela Pascal <\/strong><\/p>\n\n\n\n<p><strong class=\"myprefix-text-bold\">S\u00e9minaire d\u2019\u00e9t\u00e9 \u00e0 Qu\u00e9bec, \u00c9dition\u00a02017<\/strong><\/p>\n\n\n\n<p>&nbsp;<\/p>\n\n\n\n<p>Comme \u00e9tudiante en \u00e9ducation maintenant, le s\u00e9minaire d&#8217;\u00e9t\u00e9 \u00e0 Qu\u00e9bec m\u2019a enseign\u00e9 deux choses importantes en particulier&nbsp;: le contenu \u2013 c\u2019est-\u00e0-dire le lien entre la litt\u00e9rature et l\u2019histoire \u2013 mais aussi comment rendre ces sujets vivants et int\u00e9ressants aux yeux des apprenants. Le cours offre l\u2019occasion unique de marcher l\u00e0 o\u00f9 des conflits, des r\u00e9solutions et de grands changements se sont pass\u00e9s dans la formation du Qu\u00e9bec et du Canada. Les concepts \u00e9tudi\u00e9s ne se voient pas seulement en cours, mais \u00e0 travers l\u2019architecture, l\u2019art, des costumes, etc., et ils continuent d&#8217;\u00eatre des sujets de discussion captivants \u00e0 table, en prenant une bi\u00e8re ou avant de s\u2019endormir. Ce s\u00e9minaire permet cela tout en donnant l\u2019occasion de partager et d\u2019apprendre avec des camarades de classe enthousiastes d\u2019am\u00e9liorer leurs capacit\u00e9s et leur compr\u00e9hension de la langue fran\u00e7aise et de la culture qu\u00e9b\u00e9coise. Je suis tr\u00e8s reconnaissante de cette exp\u00e9rience et j\u2019esp\u00e8re que d\u2019autres \u00e9tudiants pourront avoir la m\u00eame chance d\u2019enrichir leur \u00e9ducation de cette mani\u00e8re.<\/p>\n\n\n\n<p>\u2014<strong>Elena Copeland<\/strong><\/p>\n\n\n\n<p>&nbsp;<\/p>\n\n\n\n<p>Le s\u00e9minaire d&#8217;\u00e9t\u00e9 \u00e0 Qu\u00e9bec est magnifique! Je l&#8217;ai tellement appr\u00e9ci\u00e9! Je me suis inscrite toute seule et je ne connaissais personne, mais je suis sortie du cours avec douze amis. Le s\u00e9minaire nous a donn\u00e9 une appr\u00e9ciation de l&#8217;histoire du fran\u00e7ais au Qu\u00e9bec, ce qui permet de comprendre pourquoi la ville de Qu\u00e9bec est si diff\u00e9rente du Canada. Je pense que les \u00e9tudiants de fran\u00e7ais \u00e0 Carleton vont manquer toute une exp\u00e9rience si ce cours dispara\u00eet.<\/p>\n\n\n\n<p>\u2014<strong>Jessica Byles<\/strong><\/p>\n\n\n\n<p>&nbsp;<\/p>\n\n\n\n<p>It was love at first sight! From the train journey to the plains of Abraham, through the Place Royale to the island of Orleans and so much more\u2026 Walking through the old streets of old Quebec, I let my mind wander; let myself imagine how it was for Champlain or Montcalm or Wolfe, not so long ago. Every turn of every street cherished so many memories and carried significance; one only needed the expert knowledge that came from adorable Dr. Doutrelepont to grasp the beauty. For the very first time in my life, I felt history; I lived through it so close. Main reason being, Quebec is, to this day, left untouched in many ways. The Citadelle, Chateau Frontenac and the battlefield all reflect the richness they semi-hide in them, and that is only the tip of the iceberg. Quebec City is indeed a jewel, a place that makes you believe you\u2019ve stepped in an entirely different world and in a different era. The impact of the two weeks spent there was rather deep to me as, to this day, I sometimes fall asleep thinking where Champlain could be buried!<\/p>\n\n\n\n<p>\u2014<strong>Sarah Parvaiz<\/strong><\/p>\n\n\n\n<p>&nbsp;<\/p>\n\n\n\n<p>Le S\u00e9minaire d\u2019\u00e9t\u00e9 \u00e0 Qu\u00e9bec a \u00e9t\u00e9 pour moi une exp\u00e9rience inoubliable et tr\u00e8s enrichissante. Le voyage organis\u00e9 a donn\u00e9 la chance aux \u00e9tudiant(e)s de se familiariser, dans un environnement enti\u00e8rement francophone, avec un tr\u00e8s grand \u00e9v\u00e8nement historique, soit la Conqu\u00eate, et a contribu\u00e9 \u00e0 une vie sociale tr\u00e8s proche pour tous et toutes. J\u2019ai \u00e9t\u00e9 frapp\u00e9e de voir comment la ville de Qu\u00e9bec est demeur\u00e9e francophone malgr\u00e9 la d\u00e9faite des Fran\u00e7ais aux Britanniques. Les visites de sites historiques tels que les Archives, les Ursulines et surtout les Plaines d\u2019Abraham ne pouvaient pas \u00eatre \u00e9gal\u00e9es par de simples r\u00e9cits dans des livres ou des films. \u00catre pr\u00e9sents sur les lieux m\u00eames de l\u2019histoire \u00e9tait par moment tr\u00e8s \u00e9motionnel. En marchant sur les Plaines d\u2019Abraham, je ne pouvais r\u00e9sister \u00e0 essayer d\u2019imaginer ce que c\u2019\u00e9tait lors de la Bataille. Enfin la lecture d\u2019un roman tel que <em>Les Anciens Canadiens <\/em>a ajout\u00e9 beaucoup \u00e0 ce voyage sur le plan litt\u00e9raire. En plus de servir comme lecture, l\u2019histoire du temps de la Conqu\u00eate m\u2019a beaucoup instruite sur les m\u0153urs de ce temps-l\u00e0. Une visite par moi-m\u00eame ou avec un tour organis\u00e9 de la ville de Qu\u00e9bec n\u2019aurait jamais \u00e9t\u00e9 aussi enrichissante. Rien au monde ne pouvait \u00e9galer les connaissances du professeur qui nous \u00e9taient donn\u00e9es sur le champ au fur et \u00e0 mesure de la visite universitaire.<\/p>\n\n\n\n<p>\u2014<strong>Ghislaine Poirier<\/strong><\/p>\n\n\n\n<p>&nbsp;<\/p>\n\n\n\n<p>In 2013 I joined the French Department\u2019s trip to Qu\u00e9bec City. The course, as taught by professor Doutrelepont, was one of the absolute highlights of my academic career at Carleton. By reading the entirety of <em>Les Anciens Canadiens<\/em>, I gained invaluable contextual understanding of Canadian history. Moreover, by going to Quebec City and seeing for myself the Plains of Abraham, the remains of the Citadel, and the Ile-d\u2019Orl\u00e9ans, I could fully appreciated the magnitude of La Conqu\u00eate. There is no substitute for&nbsp;going on the trip. The course work and French immersion in&nbsp;the old city was one of the most lasting academic influences in my&nbsp;4th year at Carleton. I could write about the subject material, the course work, or the innumerable tours we went on, but those were not the most important part of the trip. In the ten days we spent in Quebec, my French language skills improved markedly. I regained a fluency I had thought lost. I won back the ability to speak French at a level I had not enjoyed in years. I remain deeply grateful to Professor Doutrelepont and the French Department for organizing that trip.<\/p>\n\n\n\n<p>\u2014<strong>Gabriel Gosselin<\/strong>, <\/p>\n\n\n\n<p><strong>S\u00e9minaire d\u2019\u00e9t\u00e9 \u00e0 Qu\u00e9bec<\/strong><strong class=\"myprefix-text-bold\">, \u00c9dition 2013<\/strong><\/p>\n\n\n\n<p>&nbsp;<\/p>\n\n\n\n<p>Je suis une des participantes au s\u00e9minaire d&#8217;\u00e9t\u00e9 \u00e0 Qu\u00e9bec de 2013. Le cours \u00e9tait vraiment instructif et bien organis\u00e9. J\u2019ai vraiment aim\u00e9 la diversit\u00e9: du cours en classe aux visites des endroits historiques de Qu\u00e9bec. Le cours vaut vraiment la peine d\u2019\u00eatre suivi \u00e0 cause de cette vari\u00e9t\u00e9 dans les modes d\u2019apprentissage. \u00c7a cr\u00e9e aussi des souvenirs et une bonne relation avec l\u2019instructeur, \u00e9tant donn\u00e9 que vous n&#8217;\u00eates pas en salle de classe tous les jours. Les visites \u00e9taient mes parties pr\u00e9f\u00e9r\u00e9es. De plus, comme le cours se donne en \u00e9t\u00e9, cela donne des vacances \u00e0 ceux qui ne planifient pas en prendre.<\/p>\n\n\n\n<p>\u2014<strong>Florianne Uwera<\/strong><\/p>\n\n\n\n<p><strong>S\u00e9minaire d\u2019\u00e9t\u00e9 \u00e0 Qu\u00e9bec<\/strong><strong class=\"myprefix-text-bold\">, \u00c9dition 2013<\/strong><\/p>\n\n\n\n<p>&nbsp;<\/p>\n\n\n\n<p>&nbsp;<\/p>\n\n\n\n<p>&nbsp;<\/p>\n","protected":false},"excerpt":{"rendered":"<p>Voici quelques t\u00e9moignages d&#8217;\u00e9tudiant(e)s ayant particip\u00e9 au s\u00e9minaire depuis 2012 \u00c0 toi, cher \u00e9tudiant, Je ne saurais comment t\u2019exprimer ce que le S\u00e9minaire d\u2019\u00e9t\u00e9 \u00e0 Qu\u00e9bec de M.&nbsp;C\u00f4t\u00e9 m\u2019a apport\u00e9 dans mon cursus universitaire et dans mon futur plan de carri\u00e8re. En toute honn\u00eatet\u00e9, si j\u2019avais la possibilit\u00e9 de le refaire, c\u2019est sans h\u00e9sitation que [&hellip;]<\/p>\n","protected":false},"author":410,"featured_media":0,"parent":0,"menu_order":1,"comment_status":"open","ping_status":"closed","template":"","meta":{"_acf_changed":false,"_cu_dining_location_slug":"","footnotes":"","_links_to":"","_links_to_target":""},"cu_page_type":[],"class_list":["post-3459","page","type-page","status-publish","hentry"],"acf":{"cu_post_thumbnail":""},"_links":{"self":[{"href":"https:\/\/carleton.ca\/french\/wp-json\/wp\/v2\/pages\/3459","targetHints":{"allow":["GET"]}}],"collection":[{"href":"https:\/\/carleton.ca\/french\/wp-json\/wp\/v2\/pages"}],"about":[{"href":"https:\/\/carleton.ca\/french\/wp-json\/wp\/v2\/types\/page"}],"author":[{"embeddable":true,"href":"https:\/\/carleton.ca\/french\/wp-json\/wp\/v2\/users\/410"}],"replies":[{"embeddable":true,"href":"https:\/\/carleton.ca\/french\/wp-json\/wp\/v2\/comments?post=3459"}],"version-history":[{"count":4,"href":"https:\/\/carleton.ca\/french\/wp-json\/wp\/v2\/pages\/3459\/revisions"}],"predecessor-version":[{"id":10104,"href":"https:\/\/carleton.ca\/french\/wp-json\/wp\/v2\/pages\/3459\/revisions\/10104"}],"wp:attachment":[{"href":"https:\/\/carleton.ca\/french\/wp-json\/wp\/v2\/media?parent=3459"}],"wp:term":[{"taxonomy":"cu_page_type","embeddable":true,"href":"https:\/\/carleton.ca\/french\/wp-json\/wp\/v2\/cu_page_type?post=3459"}],"curies":[{"name":"wp","href":"https:\/\/api.w.org\/{rel}","templated":true}]}}