{"id":39,"date":"2010-02-25T12:03:34","date_gmt":"2010-02-25T16:03:34","guid":{"rendered":"http:\/\/carleton.ca\/french\/?page_id=39"},"modified":"2026-03-11T17:27:32","modified_gmt":"2026-03-11T21:27:32","slug":"courses","status":"publish","type":"page","link":"https:\/\/carleton.ca\/french\/courses\/","title":{"rendered":"Courses"},"content":{"rendered":"\n<section class=\"w-screen px-6 cu-section cu-section--white ml-offset-center md:px-8 lg:px-14\">\n    <div class=\"space-y-6 cu-max-w-child-max  md:space-y-10 cu-prose-first-last\">\n\n        \n                    \n                    \n            \n    <div class=\"cu-wideimage relative flex items-center justify-center mx-auto px-8 overflow-hidden md:px-16 rounded-xl not-prose  my-6 md:my-12 first:mt-0 bg-opacity-50 bg-cover bg-cu-black-50 py-24 md:py-28 lg:py-36 xl:py-48\" style=\"background-image: url(https:\/\/carleton.ca\/french\/wp-content\/uploads\/sites\/160\/2025\/10\/course-768x576.jpg); background-position: 31% 53%;\">\n\n                    <div class=\"absolute top-0 w-full h-screen\" style=\"background-color:rgba(0,0,0,0.600);\"><\/div>\n        \n        <div class=\"relative z-[2] max-w-4xl w-full flex flex-col items-center gap-2 cu-wideimage-image cu-zero-first-last\">\n            <header class=\"mx-auto mb-6 text-center text-white cu-pageheader cu-component-updated cu-pageheader--center md:mb-12\">\n\n                                    <h1 class=\"cu-prose-first-last font-semibold mb-2 text-3xl md:text-4xl lg:text-5xl lg:leading-[3.5rem] cu-pageheader--center text-center mx-auto after:left-px\">\n                        Courses and Course Outlines\n                    <\/h1>\n                \n                                    \n\n<p>Current courses are listed on this page. <\/p>\n\n\n\n<div class=\"wp-block-buttons is-content-justification-center is-layout-flex wp-container-core-buttons-is-layout-16018d1d wp-block-buttons-is-layout-flex\">\n<div class=\"wp-block-button\"><a class=\"wp-block-button__link wp-element-button\" href=\"https:\/\/carleton.ca\/french\/course-outlines\/\" target=\"_blank\" rel=\"noreferrer noopener\">Course Outline Archive<\/a><\/div>\n<\/div>\n\n\n                            <\/header>\n        <\/div>\n\n            <\/div>\n\n    \n\n    <\/div>\n<\/section>\n\n\n\n<h3 id=\"course-offering-in-french\" class=\"wp-block-heading\">Course Offering in French<\/h3>\n\n\n\n<p>Our course offering includes courses in three areas :&nbsp;<strong class=\"myprefix-text-bold\">French as a second <strong>l<\/strong><\/strong><strong>anguage <\/strong>courses&nbsp;to improve your language fluency, courses in <strong>French litterature<\/strong>&nbsp;(taught in French) to discover the rich world of francophone literatures in Canada and around the globe, courses in<strong>&nbsp;French linguistics<\/strong>&nbsp;(taught in French) to learn more about language structures and the diversity of French spoken around the world.<\/p>\n\n\n\n<p>After taking our&nbsp;<a href=\"https:\/\/carleton.ca\/french\/french-language-placement-test\/\">Language placement test<\/a>, you will receive a list of tailored courses offered for your current language proficiency level. Professors will further assess your French level in-person during the first week of class to ensure that you are placed in courses that are right for you. We offer French courses for all level, from total beginner to more advanced classes for former immersion students or students with a francophone background.<\/p>\n\n\n\n<h3 id=\"how-to-choose-your-courses-for-the-major-or-minor-in-french\" class=\"wp-block-heading\">How to Choose Your Courses for the Major or Minor in French&#8230;<\/h3>\n\n\n\n<p>Course selection is one of the most important decisions facing all undergraduate students. Program requirements, course prerequisites, limited enrolments, balanced study loads are some of the issues that must be carefully considered. To help you with this process, we recommend you follow the three steps below:<\/p>\n\n\n\n<ul class=\"wp-block-list\">\n<li>Step 1: Familiarize yourself with the requirements and options for your the program of French as described in the&nbsp;<a href=\"http:\/\/calendar.carleton.ca\/undergrad\/undergradprograms\/french\/\" target=\"_blank\" rel=\"noreferrer noopener\">Undergraduate Calendar<\/a>. For example, some more advanced courses might have specific prerequisites.<\/li>\n\n\n\n<li>Step 2: In the winter term, plan your course selection for the next academic year.<\/li>\n\n\n\n<li>Step 3: Meet early with an advisor, either during the March Advising period, or by appointment with the&nbsp;<a href=\"https:\/\/carleton.ca\/french\/admin-team\/\">Honours, Majors &amp; Minors Supervisor<\/a>.<\/li>\n<\/ul>\n\n\n\n<h2 id=\"planned-undergraduate-course-offerings-2026-2027\" class=\"wp-block-heading\">Planned Undergraduate Course Offerings 2026-2027<\/h2>\n\n\n\n<p>Courses offered vary from one year to the next to encompass a variety of subjects and approaches to French studies. Please note that this list is provided for information only and that the final list of courses might change.<\/p>\n\n\n\n<figure class=\"wp-block-image size-large\"><img loading=\"lazy\" decoding=\"async\" width=\"1024\" height=\"1326\" src=\"https:\/\/carleton.ca\/french\/wp-content\/uploads\/sites\/160\/2026\/03\/1-1024x1326.png\" alt=\"Course offering\" class=\"wp-image-10421\" srcset=\"https:\/\/carleton.ca\/french\/wp-content\/uploads\/sites\/160\/2026\/03\/1-1024x1326.png 1024w, https:\/\/carleton.ca\/french\/wp-content\/uploads\/sites\/160\/2026\/03\/1-512x663.png 512w, https:\/\/carleton.ca\/french\/wp-content\/uploads\/sites\/160\/2026\/03\/1-320x414.png 320w, https:\/\/carleton.ca\/french\/wp-content\/uploads\/sites\/160\/2026\/03\/1-768x994.png 768w, https:\/\/carleton.ca\/french\/wp-content\/uploads\/sites\/160\/2026\/03\/1-1187x1536.png 1187w, https:\/\/carleton.ca\/french\/wp-content\/uploads\/sites\/160\/2026\/03\/1.png 1545w\" sizes=\"auto, (max-width: 1024px) 100vw, 1024px\" \/><\/figure>\n\n\n\n<figure class=\"wp-block-image size-large\"><img loading=\"lazy\" decoding=\"async\" width=\"1024\" height=\"1326\" src=\"https:\/\/carleton.ca\/french\/wp-content\/uploads\/sites\/160\/2026\/03\/2-1024x1326.png\" alt=\"Course offering 3rd and 4th year\" class=\"wp-image-10424\" srcset=\"https:\/\/carleton.ca\/french\/wp-content\/uploads\/sites\/160\/2026\/03\/2-1024x1326.png 1024w, https:\/\/carleton.ca\/french\/wp-content\/uploads\/sites\/160\/2026\/03\/2-512x663.png 512w, https:\/\/carleton.ca\/french\/wp-content\/uploads\/sites\/160\/2026\/03\/2-320x414.png 320w, https:\/\/carleton.ca\/french\/wp-content\/uploads\/sites\/160\/2026\/03\/2-768x994.png 768w, https:\/\/carleton.ca\/french\/wp-content\/uploads\/sites\/160\/2026\/03\/2-1187x1536.png 1187w, https:\/\/carleton.ca\/french\/wp-content\/uploads\/sites\/160\/2026\/03\/2.png 1545w\" sizes=\"auto, (max-width: 1024px) 100vw, 1024px\" \/><\/figure>\n\n\n\n<h2 class=\"wp-block-heading\" id=\"Current-course-offering\">Undergraduate Course Offerings 2025-2026<\/h2>\n\n\n\n<p>Courses offered vary from one year to the next to encompass a variety of subjects and approaches to French studies. Course outlines from past academic years can be found&nbsp;<a href=\"http:\/\/carleton.ca\/french\/course-outlines\/\" target=\"_blank\" rel=\"noreferrer noopener\">on this page<\/a>.<\/p>\n\n\n\n<p>Courses offered this year are listed below:<\/p>\n\n\n\n<figure class=\"wp-block-table\"><table class=\"has-fixed-layout\"><thead><tr><th><\/th><th><\/th><th><\/th><th><\/th><\/tr><\/thead><tbody><tr><td><strong>COURSE<\/strong><\/td><td><strong>SEC<\/strong><\/td><td><strong>Course Title<br>\n<\/strong><\/td><td><strong>Instructor<\/strong><\/td><\/tr><tr><td><a href=\"https:\/\/carleton.ca\/french\/wp-content\/uploads\/sites\/160\/202530-FREN-1001A-A.-Kabo.pdf\">FREN 1001<\/a><\/td><td>A<\/td><td>French 1<\/td><td>Ann Kabo<\/td><\/tr><tr><td><a href=\"https:\/\/carleton.ca\/french\/wp-content\/uploads\/sites\/160\/202530-FREN-1001B-A.-Kabo.pdf\">FREN 1001<\/a><\/td><td>B<\/td><td>French 1<\/td><td>Ann Kabo<\/td><\/tr><tr><td><a href=\"https:\/\/carleton.ca\/french\/wp-content\/uploads\/sites\/160\/202530-FREN-1001D-A.-Gvero.pdf\">FREN 1001<\/a><\/td><td>D<\/td><td>French 1<\/td><td>Aleksandra Gvero<\/td><\/tr><tr><td><a href=\"https:\/\/carleton.ca\/french\/wp-content\/uploads\/sites\/160\/202530-FREN-1002A-A.-Medjhoum.pdf\">FREN 1002<\/a><\/td><td>A<\/td><td>French 2<\/td><td>Abderahim Medjhoum<\/td><\/tr><tr><td><a href=\"https:\/\/carleton.ca\/french\/wp-content\/uploads\/sites\/160\/202530-FREN-1002B-A.-Medjhoum.pdf\">FREN 1002<\/a><\/td><td>B<\/td><td>French 2<\/td><td>Abderahim Medjhoum<\/td><\/tr><tr><td><a href=\"https:\/\/carleton.ca\/french\/wp-content\/uploads\/sites\/160\/2025\/10\/FREN-1002-C-Plan-de-cours-Soumaya-automne-2025-Final.pdf\">FREN 1002<\/a><\/td><td>C<\/td><td>French 2<\/td><td>Soumaya Neggaz\/Francine Benny<\/td><\/tr><tr><td><a href=\"https:\/\/carleton.ca\/french\/wp-content\/uploads\/sites\/160\/202530-FREN-1002D-M.-Brahim.pdf\">FREN 1002<\/a><\/td><td>D<\/td><td>French 2<\/td><td>Monia Brahim<\/td><\/tr><tr><td><a href=\"https:\/\/carleton.ca\/french\/wp-content\/uploads\/sites\/160\/202530-FREN-1002Y-F.-Benny-Intensive-Fall.pdf\">FREN 1002F<\/a><\/td><td>Y<\/td><td>French 2 Intensive<\/td><td>Francine Benny<\/td><\/tr><tr><td><a href=\"https:\/\/carleton.ca\/french\/wp-content\/uploads\/sites\/160\/202530-FREN-1050A-F.-Benny.pdf\">FREN 1050<\/a><\/td><td>A<\/td><td>Le fran\u00e7ais en classe et dans le monde<\/td><td>Francine Benny<\/td><\/tr><tr><td><a href=\"https:\/\/carleton.ca\/french\/wp-content\/uploads\/sites\/160\/202530-FREN-1100A-F.-Adou.pdf\">FREN 1100<\/a><\/td><td>A<\/td><td>French 3<\/td><td>Frank Adou<\/td><\/tr><tr><td><a href=\"https:\/\/carleton.ca\/french\/wp-content\/uploads\/sites\/160\/202530-FREN-1100B-A.-Ghaharbeighi-M.pdf\">FREN 1100<\/a><\/td><td>B<\/td><td>French 3<\/td><td>Ali Ghaharbeighi<\/td><\/tr><tr><td><a href=\"https:\/\/carleton.ca\/french\/wp-content\/uploads\/sites\/160\/202530-FREN-1100C-A.-Ghaharbeighi-M.pdf\">FREN 1100<\/a><\/td><td>C<\/td><td>French 3<\/td><td>Ali Ghaharbeighi<\/td><\/tr><tr><td><a href=\"https:\/\/carleton.ca\/french\/wp-content\/uploads\/sites\/160\/202530-FREN-1100D-F.-Adou.pdf\">FREN 1100<\/a><\/td><td>D<\/td><td>French 3<\/td><td>Frank Adou<\/td><\/tr><tr><td><a href=\"https:\/\/carleton.ca\/french\/wp-content\/uploads\/sites\/160\/2025\/12\/202610-FREN-1100Z-G.-Toumilovitch.pdf\">FREN 1100W<\/a><\/td><td>Z<\/td><td>French 3 Intensive<\/td><td>Galina Toumilovitch<\/td><\/tr><tr><td><a href=\"https:\/\/carleton.ca\/french\/wp-content\/uploads\/sites\/160\/202530-FREN-2100A-F.-Leger.pdf\">FREN 2100<\/a><\/td><td>A<\/td><td>French 4<\/td><td>Frenand L\u00e9ger<\/td><\/tr><tr><td><a href=\"https:\/\/carleton.ca\/french\/wp-content\/uploads\/sites\/160\/202530-FREN-2100B.-F.-Benny.pdf\">FREN 2100<\/a><\/td><td>B<\/td><td>French 4<\/td><td>Francine Benny<\/td><\/tr><tr><td><a href=\"https:\/\/carleton.ca\/french\/wp-content\/uploads\/sites\/160\/202530-FREN-2100C.-G.-Toumilovitch.pdf\">FREN 2100<\/a><\/td><td>C<\/td><td>French 4<\/td><td>Galina Toumilovitch<\/td><\/tr><tr><td><a href=\"https:\/\/carleton.ca\/french\/wp-content\/uploads\/sites\/160\/202530-FREN-2110A-F.-Leger.pdf\">FREN 2110<\/a><\/td><td>A<\/td><td>French 4: Writing<\/td><td>Frenand L\u00e9ger<\/td><\/tr><tr><td><a href=\"https:\/\/carleton.ca\/french\/wp-content\/uploads\/sites\/160\/202530-FREN-2202A-C.-Duff.pdf\">FREN 2202F<\/a><\/td><td>A<\/td><td>Introduction aux \u00e9tudes litt\u00e9raires: \u0153uvres fran\u00e7aises et francophones<\/td><td>Christine Duff<\/td><\/tr><tr><td><a href=\"https:\/\/carleton.ca\/french\/wp-content\/uploads\/sites\/160\/2025\/12\/202610-FREN-2202B-C.-Duff.pdf\">FREN 2202W<\/a><\/td><td>B<\/td><td>Introduction aux \u00e9tudes litt\u00e9raires: \u0153uvres fran\u00e7aises et francophones<\/td><td>Christine Duff<\/td><\/tr><tr><td><a href=\"https:\/\/carleton.ca\/french\/wp-content\/uploads\/sites\/160\/202530-FREN-2203A-S.-Cote.pdf\">FREN 2203F<\/a><\/td><td>A<\/td><td>Introduction aux \u00e9tudes litt\u00e9raires: \u0153uvres qu\u00e9b\u00e9coises et canadiennes<\/td><td>S\u00e9bastien C\u00f4t\u00e9<\/td><\/tr><tr><td><a href=\"https:\/\/carleton.ca\/french\/wp-content\/uploads\/sites\/160\/2026\/01\/20210-FREN-2203B-S.-Cote.pdf\">FREN 2203W<\/a><\/td><td>B<\/td><td>Introduction aux \u00e9tudes litt\u00e9raires: \u0153uvres qu\u00e9b\u00e9coises et canadiennes<\/td><td>S\u00e9bastien C\u00f4t\u00e9<\/td><\/tr><tr><td><a href=\"https:\/\/carleton.ca\/french\/wp-content\/uploads\/sites\/160\/202530-FREN-2401A-E.-Anonby.pdf\">FREN 2401<\/a><\/td><td>A<\/td><td>Introduction \u00e0 la linguistique fran\u00e7aise<\/td><td>Erik Anonby<\/td><\/tr><tr><td><a href=\"https:\/\/carleton.ca\/french\/wp-content\/uploads\/sites\/160\/202530-FREN-2401B-S.-Digesto.pdf\">FREN 2401<\/a><\/td><td>B<\/td><td>Introduction \u00e0 la linguistique fran\u00e7aise<\/td><td>Salvio Digesto<\/td><\/tr><tr><td><a href=\"https:\/\/carleton.ca\/french\/wp-content\/uploads\/sites\/160\/202530-FREN-3050A-C.-Duff.pdf\">FREN 3050F<\/a><\/td><td>A<\/td><td>Comp\u00e9tences critiques<\/td><td>Christine Duff<\/td><\/tr><tr><td><a href=\"https:\/\/carleton.ca\/french\/wp-content\/uploads\/sites\/160\/202530-FREN-3060A-M.-Erfani.pdf\">FREN 3060F<\/a><\/td><td>A<\/td><td>Perfectionnement de la grammaire par la pratique<\/td><td>Mahmoud Erfani<\/td><\/tr><tr><td><a href=\"https:\/\/carleton.ca\/french\/wp-content\/uploads\/sites\/160\/2026\/01\/202610-FREN-3216-P.-GIn.pdf\">FREN 3216W<\/a><\/td><td>A<\/td><td>Probl\u00e9matique litt\u00e9raire<\/td><td>Pascal GIn<\/td><\/tr><tr><td><a href=\"https:\/\/carleton.ca\/french\/wp-content\/uploads\/sites\/160\/202530-FREN-3218A-A.-Trepanier.pdf\">FREN 3218F<\/a><\/td><td>A<\/td><td>Genre et mouvement<br><em class=\"myprefix-text-italic\">De l&#8217;\u00e9crit \u00e0 l&#8217;\u00e9cran<\/em><\/td><td>Anne Tr\u00e9panier<\/td><\/tr><tr><td><a href=\"https:\/\/carleton.ca\/french\/wp-content\/uploads\/sites\/160\/2025\/12\/202610-FREN-3414-E.-Urbain.pdf\">FREN 3414W<\/a><\/td><td>A<\/td><td><span class=\"courseblocktitle\">Sociolinguistique du fran\u00e7ais<\/span><\/td><td><span class=\"courseblocktitle\">\u00c9milie Urbain<\/span><\/td><\/tr><tr><td><a href=\"https:\/\/carleton.ca\/french\/wp-content\/uploads\/sites\/160\/202530-FREN-3415A-S.-Digesto.pdf\">FREN 3415F<\/a><\/td><td>A<\/td><td><span class=\"courseblocktitle\">Histoire du fran\u00e7ais<\/span><\/td><td><span class=\"courseblocktitle\">Salvio Digesto<\/span><\/td><\/tr><tr><td><a href=\"https:\/\/carleton.ca\/french\/wp-content\/uploads\/sites\/160\/2025\/12\/202610-FREN-3451-S.-Digesto.pdf\">FREN 3451W<\/a><\/td><td>A<\/td><td><span class=\"courseblocktitle\">Th\u00e8me en linguistique<\/span><\/td><td><span class=\"courseblocktitle\">Salvio Digesto<\/span><\/td><\/tr><tr><td><a href=\"https:\/\/carleton.ca\/french\/wp-content\/uploads\/sites\/160\/2025\/12\/202610-FREN-3511-G.-Gentil-for-website.pdf\">FREN 3511W<\/a><\/td><td>A<\/td><td><span class=\"courseblocktitle\">Expression \u00e9crite et traduction<\/span><\/td><td><span class=\"courseblocktitle\">Guillaume Gentil<\/span><\/td><\/tr><tr><td><a href=\"https:\/\/carleton.ca\/french\/wp-content\/uploads\/sites\/160\/202530-FREN-3701A-A.-Glais.pdf\">FREN 3701F<\/a><\/td><td>A<\/td><td>Fran\u00e7ais oral<\/td><td>Apolline Glais<\/td><\/tr><tr><td><a href=\"https:\/\/carleton.ca\/french\/wp-content\/uploads\/sites\/160\/2025\/12\/202610-FREN-4212A-C.-Duff.pdf\">FREN 4212W<\/a><\/td><td>A<\/td><td>Litt\u00e9ratures francophones<br><em class=\"myprefix-text-italic\">\u00c9criture de la diaspora ha\u00eftienne au Canada<\/em><\/td><td><span class=\"courseblocktitle\">Christine Duff<\/span><\/td><\/tr><tr><td><a href=\"https:\/\/carleton.ca\/french\/wp-content\/uploads\/sites\/160\/202530-FREN-4214A-S.-Cote.pdf\">FREN 4214F<\/a><\/td><td>A<\/td><td><span class=\"courseblocktitle\">Genre et mouvement<\/span><br><em class=\"myprefix-text-italic\">L&#8217;aventure du roman qu\u00e9b\u00e9cois au 19e si\u00e8cle<\/em><\/td><td><span class=\"courseblocktitle\">S\u00e9bastien C\u00f4t\u00e9<\/span><\/td><\/tr><tr><td><a href=\"https:\/\/carleton.ca\/french\/wp-content\/uploads\/sites\/160\/202530-FREN-4415A-S.-Digesto.pdf\">FREN 4415F<\/a><\/td><td>A<\/td><td>Variation du fran\u00e7ais<br><em class=\"myprefix-text-italic\">Fran\u00e7ais, entre usage et prescription<\/em><\/td><td>Salvio Digesto<\/td><\/tr><\/tbody><\/table><\/figure>\n\n\n\n<p><\/p>\n","protected":false},"excerpt":{"rendered":"<p>Course Offering in French Our course offering includes courses in three areas :&nbsp;French as a second language courses&nbsp;to improve your language fluency, courses in French litterature&nbsp;(taught in French) to discover the rich world of francophone literatures in Canada and around the globe, courses in&nbsp;French linguistics&nbsp;(taught in French) to learn more about language structures and the [&hellip;]<\/p>\n","protected":false},"author":410,"featured_media":0,"parent":0,"menu_order":3,"comment_status":"closed","ping_status":"closed","template":"","meta":{"_acf_changed":false,"_cu_dining_location_slug":"","footnotes":"","_links_to":"","_links_to_target":""},"cu_page_type":[],"class_list":["post-39","page","type-page","status-publish","hentry"],"acf":{"cu_post_thumbnail":""},"_links":{"self":[{"href":"https:\/\/carleton.ca\/french\/wp-json\/wp\/v2\/pages\/39","targetHints":{"allow":["GET"]}}],"collection":[{"href":"https:\/\/carleton.ca\/french\/wp-json\/wp\/v2\/pages"}],"about":[{"href":"https:\/\/carleton.ca\/french\/wp-json\/wp\/v2\/types\/page"}],"author":[{"embeddable":true,"href":"https:\/\/carleton.ca\/french\/wp-json\/wp\/v2\/users\/410"}],"replies":[{"embeddable":true,"href":"https:\/\/carleton.ca\/french\/wp-json\/wp\/v2\/comments?post=39"}],"version-history":[{"count":5,"href":"https:\/\/carleton.ca\/french\/wp-json\/wp\/v2\/pages\/39\/revisions"}],"predecessor-version":[{"id":10425,"href":"https:\/\/carleton.ca\/french\/wp-json\/wp\/v2\/pages\/39\/revisions\/10425"}],"wp:attachment":[{"href":"https:\/\/carleton.ca\/french\/wp-json\/wp\/v2\/media?parent=39"}],"wp:term":[{"taxonomy":"cu_page_type","embeddable":true,"href":"https:\/\/carleton.ca\/french\/wp-json\/wp\/v2\/cu_page_type?post=39"}],"curies":[{"name":"wp","href":"https:\/\/api.w.org\/{rel}","templated":true}]}}