{"id":7675,"date":"2021-09-28T15:49:09","date_gmt":"2021-09-28T19:49:09","guid":{"rendered":"https:\/\/carleton.ca\/french\/?page_id=7675"},"modified":"2025-09-16T15:06:21","modified_gmt":"2025-09-16T19:06:21","slug":"course-outlines-2018-2019","status":"publish","type":"page","link":"https:\/\/carleton.ca\/french\/course-outlines-2018-2019\/","title":{"rendered":"Course Outlines 2018-2019"},"content":{"rendered":"\n<section class=\"w-screen px-6 cu-section cu-section--white ml-offset-center md:px-8 lg:px-14\">\n    <div class=\"space-y-6 cu-max-w-child-5xl  md:space-y-10 cu-prose-first-last\">\n\n            <div class=\"cu-textmedia flex flex-col lg:flex-row mx-auto gap-6 md:gap-10 my-6 md:my-12 first:mt-0 max-w-5xl\">\n        <div class=\"justify-start cu-textmedia-content cu-prose-first-last\" style=\"flex: 0 0 100%;\">\n            <header class=\"font-light prose-xl cu-pageheader md:prose-2xl cu-component-updated cu-prose-first-last\">\n                                    <h1 class=\"cu-prose-first-last font-semibold !mt-2 mb-4 md:mb-6 relative after:absolute after:h-px after:bottom-0 after:bg-cu-red after:left-px text-3xl md:text-4xl lg:text-5xl lg:leading-[3.5rem] pb-5 after:w-10 text-cu-black-700 not-prose\">\n                        Course Outlines 2018-2019\n                    <\/h1>\n                \n                                \n                            <\/header>\n\n                    <\/div>\n\n            <\/div>\n\n    <\/div>\n<\/section>\n\n\n\n<h2 id=\"course-outlines-fall-winter-2018-2019\" class=\"wp-block-heading\">Course Outlines: Fall\/Winter 2018-2019<\/h2>\n\n\n\n<figure class=\"wp-block-table\"><table class=\"has-fixed-layout\"><thead><tr><th><\/th><th><\/th><th><\/th><th><\/th><\/tr><\/thead><tbody><tr><td><strong>COURSE<\/strong><\/td><td><strong>SEC<\/strong><\/td><td><strong>Course Title<\/strong><\/td><td><strong>INSTRUCTOR<\/strong><\/td><\/tr><tr><td>FYSM 1408<\/td><td>A<\/td><td><a href=\"https:\/\/carleton.ca\/french\/wp-content\/uploads\/201830-FYSM-1408A-Christine-Duff.pdf\">World Literature in French<\/a><\/td><td>Christine Duff<\/td><\/tr><tr><td>FINS 2105F<\/td><td>W<\/td><td><a href=\"https:\/\/carleton.ca\/french\/wp-content\/uploads\/201830-FINS-2105W-Nandini-Sarma.pdf\">French Reading I<\/a><\/td><td>Nandini Sarma<\/td><\/tr><tr><td>FINS 3105W<\/td><td>W<\/td><td><a href=\"https:\/\/carleton.ca\/french\/wp-content\/uploads\/201910-FINS-3105A-Nandini-Sarma.pdf\">French Reading II<\/a><\/td><td>Nandini Sarma<\/td><\/tr><tr><td>FREN 1001F<\/td><td>A<\/td><td><a href=\"https:\/\/carleton.ca\/french\/wp-content\/uploads\/201830-FREN-1001A-Marla-Arbach.pdf\">Elementary French Intensive<\/a><\/td><td>Marla Arbach<\/td><\/tr><tr><td>FREN 1001<\/td><td>B<\/td><td><a href=\"https:\/\/carleton.ca\/french\/wp-content\/uploads\/201830-FREN-1001B-Ann-Kabo.pdf\">Elementary French<\/a><\/td><td>Ann Kabo<\/td><\/tr><tr><td>FREN 1001<\/td><td>C<\/td><td><a href=\"https:\/\/carleton.ca\/french\/wp-content\/uploads\/201830-FREN-1001C-Marla-Arbach.pdf\">Elementary French<\/a><\/td><td>M. Arbach\/C. Duff<\/td><\/tr><tr><td>FREN 1001<\/td><td>D<\/td><td><a href=\"https:\/\/carleton.ca\/french\/wp-content\/uploads\/201830-FREN-1001D-Ann-Kabo.pdf\">Elementary French<\/a><\/td><td>Ann Kabo<\/td><\/tr><tr><td>FREN 1002F<\/td><td>A<\/td><td><a href=\"https:\/\/carleton.ca\/french\/wp-content\/uploads\/201830-FREN-1002A-Francine-Benny.pdf\">Low Intermediate French Intensive<\/a><\/td><td>Francine Benny<\/td><\/tr><tr><td>FREN 1002W<\/td><td>B<\/td><td><a href=\"https:\/\/carleton.ca\/french\/wp-content\/uploads\/201910-FREN-1002B-Claire-Owen.pdf\">Low Intermediate French Intensive<\/a><\/td><td>Claire Owen<\/td><\/tr><tr><td>FREN 1002<\/td><td>C<\/td><td><a href=\"https:\/\/carleton.ca\/french\/wp-content\/uploads\/201830-FREN-1002C-Stephane-Goyette.pdf\">Low Intermediate French<\/a><\/td><td>St\u00e9phane Goyette<\/td><\/tr><tr><td>FREN 1002<\/td><td>D<\/td><td><a href=\"https:\/\/carleton.ca\/french\/wp-content\/uploads\/201830-FREN-1002D-Boussad-Berrichi.pdf\">Low Intermediate French<\/a><\/td><td>B.Berrichi\/A. Medjhoum<\/td><\/tr><tr><td>FREN 1002<\/td><td>E<\/td><td><a href=\"https:\/\/carleton.ca\/french\/wp-content\/uploads\/201830-FREN-1002E-Natalie-Mezey.pdf\">Low Intermediate French<\/a><\/td><td>Natalie Mezey<\/td><\/tr><tr><td>FREN 1002<\/td><td>F<\/td><td><a href=\"https:\/\/carleton.ca\/french\/wp-content\/uploads\/201830-FREN-1002F-Nabila-Djaafer.pdf\">Low Intermediate French<\/a><\/td><td>Nabila Djaafer<\/td><\/tr><tr><td>FREN 1002<\/td><td>G<\/td><td><a href=\"https:\/\/carleton.ca\/french\/wp-content\/uploads\/201830-FREN-1002G-Therese-Gagnon.pdf\">Low Intermediate French<\/a><\/td><td>Th\u00e9r\u00e8se Gagnon<\/td><\/tr><tr><td>FREN 1002<\/td><td>H<\/td><td><a href=\"https:\/\/carleton.ca\/french\/wp-content\/uploads\/201830-FREN-1002H-Aleksandra-Gacesa.pdf\">Low Intermediate French<\/a><\/td><td>Aleksandra Gacesa<\/td><\/tr><tr><td>FREN 1002<\/td><td>I<\/td><td><a href=\"https:\/\/carleton.ca\/french\/wp-content\/uploads\/201830-FREN-1002I-Marie-Veilleux-Sukunda.pdf\">Low Intermediate French<\/a><\/td><td>Marie Veilleux-Sukunda<\/td><\/tr><tr><td>FREN 1002<\/td><td>J<\/td><td><a href=\"https:\/\/carleton.ca\/french\/wp-content\/uploads\/201830-FREN-1002J-Therese-Gagnon.pdf\">Low Intermediate French<\/a><\/td><td>Th\u00e9r\u00e8se Gagnon<\/td><\/tr><tr><td>FREN 1002<\/td><td>L<\/td><td><a href=\"https:\/\/carleton.ca\/french\/wp-content\/uploads\/201830-FREN-1002L-Stephane-Goyette.pdf\">Low Intermediate French<\/a><\/td><td>St\u00e9phane Goyette<\/td><\/tr><tr><td>FREN 1100<\/td><td>A<\/td><td><a href=\"https:\/\/carleton.ca\/french\/wp-content\/uploads\/201830-FREN-1100A-Nandini-Sarma.pdf\">Intermediate French<\/a><\/td><td>Nandini Sarma<\/td><\/tr><tr><td>FREN 1100<\/td><td>B<\/td><td><a href=\"https:\/\/carleton.ca\/french\/wp-content\/uploads\/201830-FREN-1100B-Mahmoud-Erfani.pdf\">Intermediate French<\/a><\/td><td>Mahmoud Erfani<\/td><\/tr><tr><td>FREN 1100W<\/td><td>C<\/td><td><a href=\"https:\/\/carleton.ca\/french\/wp-content\/uploads\/201910-FREN-1100C-Mahmoud-Erfani.pdf\">Intermediate French Intensive<\/a><\/td><td>Mahmoud Erfani<\/td><\/tr><tr><td>FREN 1100<\/td><td>D<\/td><td><a href=\"https:\/\/carleton.ca\/french\/wp-content\/uploads\/201830-FREN-1100D-Nandini-Sarma.pdf\">Intermediate French<\/a><\/td><td>Nandini Sarma<\/td><\/tr><tr><td>FREN 1100F<\/td><td>E<\/td><td><a href=\"https:\/\/carleton.ca\/french\/wp-content\/uploads\/201830-FREN-1100-E-Abderahim-Medjhoum.pdf\">Intermediate French&nbsp; Intensive<\/a><\/td><td>AbdeRahim Medjhoum<\/td><\/tr><tr><td>FREN 1100<\/td><td>F<\/td><td><a href=\"https:\/\/carleton.ca\/french\/wp-content\/uploads\/201830-FREN-1100F-Ali-Ghaharbeighi.pdf\">Intermediate French<\/a><\/td><td>Ali Ghaharbeighi<\/td><\/tr><tr><td>FREN 1100<\/td><td>G<\/td><td><a href=\"https:\/\/carleton.ca\/french\/wp-content\/uploads\/201830-FREN-1100G-Ali-Ghaharbeighi.pdf\">Intermediate French<\/a><\/td><td>Ali Ghaharbeighi<\/td><\/tr><tr><td>FREN 1100<\/td><td>H<\/td><td><a href=\"https:\/\/carleton.ca\/french\/wp-content\/uploads\/201830-FREN-1100H-Frank-Adou.pdf\">Intermediate French<\/a><\/td><td>Frank Adou<\/td><\/tr><tr><td>FREN 1100<\/td><td>I<\/td><td><a href=\"https:\/\/carleton.ca\/french\/wp-content\/uploads\/201830-FREN-1100I-Frank-Adou.pdf\">Intermediate French<\/a><\/td><td>Frank Adou<\/td><\/tr><tr><td>FREN 1100<\/td><td>J<\/td><td><a href=\"https:\/\/carleton.ca\/french\/wp-content\/uploads\/201830-FREN-1100J-Brahim-Amrendi.pdf\">Intermediate French<\/a><\/td><td>Brahim Amrendi<\/td><\/tr><tr><td>FREN 1110<\/td><td>A<\/td><td><a href=\"https:\/\/carleton.ca\/french\/wp-content\/uploads\/201830-FREN-1110A-Monia-Brahim.pdf\">Written French 1<\/a><\/td><td>Monia Brahim<\/td><\/tr><tr><td>FREN 2100<\/td><td>A<\/td><td><a href=\"https:\/\/carleton.ca\/french\/wp-content\/uploads\/201830-FREN-2100A-Brahim-Amrendi.pdf\">Advanced French<\/a><\/td><td>Brahim Amrendi<\/td><\/tr><tr><td>FREN 2100<\/td><td>B<\/td><td><a href=\"https:\/\/carleton.ca\/french\/wp-content\/uploads\/201830-FREN-2100B-Frenand-Leger.pdf\">Advanced French<\/a><\/td><td>Frenand L\u00e9ger<\/td><\/tr><tr><td>FREN 2100<\/td><td>C<\/td><td><a href=\"https:\/\/carleton.ca\/french\/wp-content\/uploads\/201830-FREN-2100C-Galina-Toumilovitch.pdf\">Advanced French<\/a><\/td><td>Galina Toumilovitch<\/td><\/tr><tr><td>FREN 2100<\/td><td>D<\/td><td><a href=\"https:\/\/carleton.ca\/french\/wp-content\/uploads\/201830-FREN-2100D-Monia-Brahim.pdf\">Advanced French<\/a><\/td><td>Monia Brahim<\/td><\/tr><tr><td>FREN 2100W<\/td><td>E<\/td><td><a href=\"https:\/\/carleton.ca\/french\/wp-content\/uploads\/201910-FREN-2100E-Francine-Benny.pdf\">Advanced French Intensive<\/a><\/td><td>Francine Benny<\/td><\/tr><tr><td>FREN 2100<\/td><td>F<\/td><td><a href=\"https:\/\/carleton.ca\/french\/wp-content\/uploads\/201830-FREN-2100F-Francine-Benny.pdf\">Advanced French<\/a><\/td><td>Francine Benny<\/td><\/tr><tr><td>FREN 2100<\/td><td>G<\/td><td><a href=\"https:\/\/carleton.ca\/french\/wp-content\/uploads\/201830-FREN-2100G-Galina-Toumilovitch.pdf\">Advanced French<\/a><\/td><td>Galina Toumilovitch<\/td><\/tr><tr><td>FREN 2100<\/td><td>H<\/td><td><a href=\"https:\/\/carleton.ca\/french\/wp-content\/uploads\/201830-FREN-2100H-Frenand-Le%CC%81ger.pdf\">Advanced French<\/a><\/td><td>Frenand L\u00e9ger<\/td><\/tr><tr><td>FREN 2110<\/td><td>A<\/td><td><a href=\"https:\/\/carleton.ca\/french\/wp-content\/uploads\/201830-FREN-2110A-Frenand-Le%CC%81ger.pdf\">Written French 2<\/a><\/td><td>Frenand L\u00e9ger<\/td><\/tr><tr><td>FREN 2202F<\/td><td>A<\/td><td><a href=\"https:\/\/carleton.ca\/french\/wp-content\/uploads\/201830-FREN-2202A-Marla-Arbach.pdf\">Introduction aux \u00e9tudes litt\u00e9raires 1<\/a><\/td><td>Marla Arbach<\/td><\/tr><tr><td>FREN 2202W<\/td><td>B<\/td><td><a href=\"https:\/\/carleton.ca\/french\/wp-content\/uploads\/201910-FREN2202B-Charles-Doutrelepont.pdf\">Introduction aux \u00e9tudes litt\u00e9raires 1<\/a><\/td><td>Charles Doutrelepont<\/td><\/tr><tr><td>FREN 2203F<\/td><td>A<\/td><td><a href=\"https:\/\/carleton.ca\/french\/wp-content\/uploads\/201830-FREN-2203A-Sebastien-Cote.pdf\">Introduction aux \u00e9tudes litt\u00e9raires 2<\/a><\/td><td>S\u00e9bastien C\u00f4t\u00e9<\/td><\/tr><tr><td>FREN 2203W<\/td><td>B<\/td><td><a href=\"https:\/\/carleton.ca\/french\/wp-content\/uploads\/201910-FREN-2203B-Sebastien-Cote.pdf\">Introduction aux \u00e9tudes litt\u00e9raires 2<\/a><\/td><td>C. Doutrelepont\/S. C\u00f4t\u00e9<\/td><\/tr><tr><td>FREN 2401<\/td><td>A<\/td><td><a href=\"https:\/\/carleton.ca\/french\/wp-content\/uploads\/201830-FREN-2401A-Erik-Anonby.pdf\">Fonctionnement d\u2019une langue: le fran\u00e7ais<\/a><\/td><td>Erik Anonby<\/td><\/tr><tr><td>FREN 2401<\/td><td>B<\/td><td><a href=\"https:\/\/carleton.ca\/french\/wp-content\/uploads\/201830-FREN-2401B-Emilie-Urbain.pdf\">Fonctionnement d\u2019une langue: le fran\u00e7ais<\/a><\/td><td>Emilie Urbain<\/td><\/tr><tr><td>FREN 3050F<\/td><td>A<\/td><td><a href=\"https:\/\/carleton.ca\/french\/wp-content\/uploads\/201830-FREN-3050A-Carmen-LeBlanc.pdf\">Comp\u00e9tences critiques<\/a><\/td><td>Carmen LeBlanc<\/td><\/tr><tr><td>FREN 3213F<\/td><td>A<\/td><td><a href=\"https:\/\/carleton.ca\/french\/wp-content\/uploads\/201830-FREN-3213A-Sebastien-Cote.pdf\">Du Baroque aux Lumi\u00e8res<\/a><\/td><td>S\u00e9bastien C\u00f4t\u00e9<\/td><\/tr><tr><td>FREN 3215W<\/td><td>A<\/td><td><a href=\"https:\/\/carleton.ca\/french\/wp-content\/uploads\/201910-FREN-3215A-Pascal-Gin.pdf\">Les \u00e8res du soup\u00e7on: contemporan\u00e9it\u00e9s de la litt\u00e9rature<\/a><\/td><td>Pascal Gin<\/td><\/tr><tr><td>FREN 3217W<\/td><td>A<\/td><td><a href=\"https:\/\/carleton.ca\/french\/wp-content\/uploads\/201910-FREN-3217A-Catherine-Khordoc.pdf\">Oeuvre et auteur-e(s)<\/a><\/td><td>Catherine Khordoc<\/td><\/tr><tr><td>FREN 3412W<\/td><td>A<\/td><td><a href=\"https:\/\/carleton.ca\/french\/wp-content\/uploads\/201910-FREN-3412A-Erik-Anonby-provisoire.pdf\">Morphologie et s\u00e9mantique<\/a><\/td><td>Erik anonby<\/td><\/tr><tr><td>FREN 3414W<\/td><td>A<\/td><td><a href=\"https:\/\/carleton.ca\/french\/wp-content\/uploads\/201910-FREN-3414A-Carmen-Leblanc.pdf\">Sociolinguistique du fran\u00e7ais<\/a><\/td><td>Carmen LeBlanc<\/td><\/tr><tr><td>FREN 3415F<\/td><td>A<\/td><td><a href=\"https:\/\/carleton.ca\/french\/wp-content\/uploads\/201830-FREN-3415A-Emilie-Urbain.pdf\">La fabrique du fran\u00e7ais<\/a><\/td><td>Emilie Urbain<\/td><\/tr><tr><td>FREN 3451F<\/td><td>A<\/td><td><a href=\"https:\/\/carleton.ca\/french\/wp-content\/uploads\/201830-FREN-3451A-Randall-Gess.pdf\">Analyse linguistique du fran\u00e7ais<\/a><\/td><td>Randall Gess<\/td><\/tr><tr><td>FREN 3511F<\/td><td>A<\/td><td><a href=\"https:\/\/carleton.ca\/french\/wp-content\/uploads\/201830-FREN-3511A-Guillaume-Gentil.pdf\">Expression \u00e9crite et traduction<\/a><\/td><td>Guillaume Gentil<\/td><\/tr><tr><td>FREN 3701F<\/td><td>B<\/td><td><a href=\"https:\/\/carleton.ca\/french\/wp-content\/uploads\/201830-FREN-3701A-Marie-Veilleux-Sukunda.pdf\">Fran\u00e7ais oral<\/a><\/td><td>Marie Veilleux Sukunda<\/td><\/tr><tr><td>FREN 3701W<\/td><td>A<\/td><td><a href=\"https:\/\/carleton.ca\/french\/wp-content\/uploads\/201910-FREN-3701B-Marie-Veilleux-Sukunda.pdf\">Fran\u00e7ais oral<\/a><\/td><td>Marie Veilleux Sukunda<\/td><\/tr><tr><td>FREN 3702W<\/td><td>A<\/td><td><a href=\"https:\/\/carleton.ca\/french\/wp-content\/uploads\/201910-FREN3702B-Boussad-Berrichi.pdf\">Fran\u00e7ais \u00e9crit<\/a><\/td><td>Boussad Berrichi<\/td><\/tr><tr><td>FREN 4212<\/td><td><a href=\"https:\/\/carleton.ca\/french\/wp-content\/uploads\/201830-FREN-5600A-Christine-Duff.pdf\">5600<\/a><\/td><td><a href=\"https:\/\/carleton.ca\/french\/wp-content\/uploads\/201830-FREN-4212A-Christine-Duff.pdf\">Litt\u00e9ratures francophones<\/a><\/td><td>Christine Duff<\/td><\/tr><tr><td>FREN 4214W<\/td><td>5405<\/td><td><a href=\"https:\/\/carleton.ca\/french\/wp-content\/uploads\/201910-FREN4214A-Charles-Doutrelepont.pdf\">Genre et mouvement<\/a><\/td><td>Charles Doutrelepont<\/td><\/tr><tr><td>FREN 4412F<\/td><td>5003<\/td><td><a href=\"https:\/\/carleton.ca\/french\/wp-content\/uploads\/201830-FREN-4412A-Erik-Anonby.pdf\">Diversit\u00e9 du fran\u00e7ais<\/a><\/td><td>Erik Anonby<\/td><\/tr><tr><td>FREN 4413W<\/td><td>5200<\/td><td><a href=\"https:\/\/carleton.ca\/french\/wp-content\/uploads\/201910-FREN-4413A-Emilie-Urbain.pdf\">Diachronie du fran\u00e7ais<\/a><\/td><td>\u00c9milie Urbain<\/td><\/tr><tr><td>FREN 4415F<\/td><td>5002<\/td><td><a href=\"https:\/\/carleton.ca\/french\/wp-content\/uploads\/201830-FREN-4415A-Carmen-LeBlanc.pdf\">Variation du fran\u00e7ais<\/a><\/td><td>Carmen LeBlanc<\/td><\/tr><\/tbody><\/table><\/figure>\n","protected":false},"excerpt":{"rendered":"<p>Course Outlines: Fall\/Winter 2018-2019 COURSE SEC Course Title INSTRUCTOR FYSM 1408 A World Literature in French Christine Duff FINS 2105F W French Reading I Nandini Sarma FINS 3105W W French Reading II Nandini Sarma FREN 1001F A Elementary French Intensive Marla Arbach FREN 1001 B Elementary French Ann Kabo FREN 1001 C Elementary French M. [&hellip;]<\/p>\n","protected":false},"author":410,"featured_media":0,"parent":0,"menu_order":0,"comment_status":"closed","ping_status":"closed","template":"","meta":{"_acf_changed":false,"_cu_dining_location_slug":"","footnotes":"","_links_to":"","_links_to_target":""},"cu_page_type":[],"class_list":["post-7675","page","type-page","status-publish","hentry"],"acf":{"cu_post_thumbnail":""},"_links":{"self":[{"href":"https:\/\/carleton.ca\/french\/wp-json\/wp\/v2\/pages\/7675","targetHints":{"allow":["GET"]}}],"collection":[{"href":"https:\/\/carleton.ca\/french\/wp-json\/wp\/v2\/pages"}],"about":[{"href":"https:\/\/carleton.ca\/french\/wp-json\/wp\/v2\/types\/page"}],"author":[{"embeddable":true,"href":"https:\/\/carleton.ca\/french\/wp-json\/wp\/v2\/users\/410"}],"replies":[{"embeddable":true,"href":"https:\/\/carleton.ca\/french\/wp-json\/wp\/v2\/comments?post=7675"}],"version-history":[{"count":4,"href":"https:\/\/carleton.ca\/french\/wp-json\/wp\/v2\/pages\/7675\/revisions"}],"predecessor-version":[{"id":9601,"href":"https:\/\/carleton.ca\/french\/wp-json\/wp\/v2\/pages\/7675\/revisions\/9601"}],"wp:attachment":[{"href":"https:\/\/carleton.ca\/french\/wp-json\/wp\/v2\/media?parent=7675"}],"wp:term":[{"taxonomy":"cu_page_type","embeddable":true,"href":"https:\/\/carleton.ca\/french\/wp-json\/wp\/v2\/cu_page_type?post=7675"}],"curies":[{"name":"wp","href":"https:\/\/api.w.org\/{rel}","templated":true}]}}