{"id":7677,"date":"2021-09-28T15:49:07","date_gmt":"2021-09-28T19:49:07","guid":{"rendered":"https:\/\/carleton.ca\/french\/?page_id=7677"},"modified":"2025-09-16T15:05:16","modified_gmt":"2025-09-16T19:05:16","slug":"course-outlines-2017-2018","status":"publish","type":"page","link":"https:\/\/carleton.ca\/french\/course-outlines-2017-2018\/","title":{"rendered":"Course Outlines 2017-2018"},"content":{"rendered":"\n<section class=\"w-screen px-6 cu-section cu-section--white ml-offset-center md:px-8 lg:px-14\">\n    <div class=\"space-y-6 cu-max-w-child-5xl  md:space-y-10 cu-prose-first-last\">\n\n            <div class=\"cu-textmedia flex flex-col lg:flex-row mx-auto gap-6 md:gap-10 my-6 md:my-12 first:mt-0 max-w-5xl\">\n        <div class=\"justify-start cu-textmedia-content cu-prose-first-last\" style=\"flex: 0 0 100%;\">\n            <header class=\"font-light prose-xl cu-pageheader md:prose-2xl cu-component-updated cu-prose-first-last\">\n                                    <h1 class=\"cu-prose-first-last font-semibold !mt-2 mb-4 md:mb-6 relative after:absolute after:h-px after:bottom-0 after:bg-cu-red after:left-px text-3xl md:text-4xl lg:text-5xl lg:leading-[3.5rem] pb-5 after:w-10 text-cu-black-700 not-prose\">\n                        Course Outlines 2017-2018\n                    <\/h1>\n                \n                                \n                            <\/header>\n\n                    <\/div>\n\n            <\/div>\n\n    <\/div>\n<\/section>\n\n\n\n<h2 id=\"course-outlines-fall-winter-2017-2018\" class=\"wp-block-heading\">Course Outlines: Fall\/Winter 2017-2018<\/h2>\n\n\n\n<figure class=\"wp-block-table\"><table class=\"has-fixed-layout\"><thead><tr><th><\/th><th><\/th><th><\/th><th><\/th><\/tr><\/thead><tbody><tr><td><strong>COURSE<\/strong><\/td><td><strong>SEC<\/strong><\/td><td><strong>Course Title<\/strong><\/td><td><strong>INSTRUCTOR<\/strong><\/td><\/tr><tr><td>FINS 2105F<\/td><td>W<\/td><td><a href=\"https:\/\/carleton.ca\/french\/wp-content\/uploads\/201810-FINS-2105-W-Nandini-Sarma.pdf\">Written Comprehension I<\/a><\/td><td>Nandini Sarma<\/td><\/tr><tr><td>FREN 1001F<\/td><td>A<\/td><td><a href=\"https:\/\/carleton.ca\/french\/wp-content\/uploads\/201730-FREN-1001-A-Matthew-Rushton.pdf\">Elementary French Intensive<\/a><\/td><td>Matthew Rushton<\/td><\/tr><tr><td>FREN 1001<\/td><td>B<\/td><td><a href=\"https:\/\/carleton.ca\/french\/wp-content\/uploads\/201730-FREN-1001-B-Ann-Kabo.pdf\">Elementary French<\/a><\/td><td>Ann Kabo<\/td><\/tr><tr><td>FREN 1001<\/td><td>C<\/td><td><a href=\"https:\/\/carleton.ca\/french\/wp-content\/uploads\/201730-FREN-1001-C-Ann-Kabo.pdf\">Elementary French<\/a><\/td><td>Ann Kabo<\/td><\/tr><tr><td>FREN 1001<\/td><td>D<\/td><td><a href=\"https:\/\/carleton.ca\/french\/wp-content\/uploads\/201730-FREN-1001-D-Marla-Arbach.pdf\">Elementary French<\/a><\/td><td>Marla Arbach<\/td><\/tr><tr><td>FREN 1002F<\/td><td>A<\/td><td><a href=\"https:\/\/carleton.ca\/french\/wp-content\/uploads\/201730-FREN-1002-A-Francine-Benny.pdf\">Low Intermediate French Intensive<\/a><\/td><td>Francine Benny<\/td><\/tr><tr><td>FREN 1002W<\/td><td>B<\/td><td><a href=\"https:\/\/carleton.ca\/french\/wp-content\/uploads\/201810-FREN-1002-B-Matt-Rushton.pdf\">Low Intermediate French Intensive<\/a><\/td><td>Matthew Rushton<\/td><\/tr><tr><td>FREN 1002<\/td><td>C<\/td><td><a href=\"https:\/\/carleton.ca\/french\/wp-content\/uploads\/201730-FREN-1002-CD-Brahim-Amrendi.pdf\">Low Intermediate French<\/a><\/td><td>Brahim Amrendi<\/td><\/tr><tr><td>FREN 1002<\/td><td>D<\/td><td><a href=\"https:\/\/carleton.ca\/french\/wp-content\/uploads\/201730-FREN-1002-CD-Brahim-Amrendi.pdf\">Low Intermediate French<\/a><\/td><td>Brahim Amrendi<\/td><\/tr><tr><td>FREN 1002<\/td><td>E<\/td><td><a href=\"https:\/\/carleton.ca\/french\/wp-content\/uploads\/201730-FREN-1002-E-Natalie-Mezey.pdf\">Low Intermediate French<\/a><\/td><td>Natalie Mezey<\/td><\/tr><tr><td>FREN 1002<\/td><td>F<\/td><td><a href=\"https:\/\/carleton.ca\/french\/wp-content\/uploads\/201730-FREN-1002-F-Nabila-Djaafer.pdf\">Low Intermediate French<\/a><\/td><td>Nabila Djaafer<\/td><\/tr><tr><td>FREN 1002<\/td><td>G<\/td><td><a href=\"https:\/\/carleton.ca\/french\/wp-content\/uploads\/201730-FREN-1002-G-Frank-Adou.pdf\">Low Intermediate French<\/a><\/td><td>Frank Adou<\/td><\/tr><tr><td>FREN 1002<\/td><td>H<\/td><td><a href=\"https:\/\/carleton.ca\/french\/wp-content\/uploads\/201730-FREN-1002-H-Marla-Arbach.pdf\">Low Intermediate French<\/a><\/td><td>Marla Arbach<\/td><\/tr><tr><td>FREN 1002<\/td><td>I<\/td><td><a href=\"https:\/\/carleton.ca\/french\/wp-content\/uploads\/201730-FREN-1002-IL-Therese-Gagnon.pdf\">Low Intermediate French<\/a><\/td><td>Th\u00e9r\u00e8se Gagnon<\/td><\/tr><tr><td>FREN 1002<\/td><td>J<\/td><td><a href=\"https:\/\/carleton.ca\/french\/wp-content\/uploads\/201730-FREN-1002-J-Marie-Veuilleux-Sukunda.pdf\">Low Intermediate French<\/a><\/td><td>M. Veilleux-Sukunda\/A. Gacesa<\/td><\/tr><tr><td>FREN 1002<\/td><td>L<\/td><td><a href=\"https:\/\/carleton.ca\/french\/wp-content\/uploads\/201730-FREN-1002-IL-Therese-Gagnon.pdf\">Low Intermediate French<\/a><\/td><td>Th\u00e9r\u00e8se Gagnon<\/td><\/tr><tr><td>FREN 1100<\/td><td>A<\/td><td><a href=\"https:\/\/carleton.ca\/french\/wp-content\/uploads\/201730-FREN-1100-A-Ali-Ghaharbeighi.pdf\">Intermediate French<\/a><\/td><td>Ali Ghaharbeighi<\/td><\/tr><tr><td>FREN 1100<\/td><td>B<\/td><td><a href=\"https:\/\/carleton.ca\/french\/wp-content\/uploads\/201730-FREN-1100-B-Frenand-Leger.pdf\">Intermediate French<\/a><\/td><td>Frenand L\u00e9ger<\/td><\/tr><tr><td>FREN 1100W<\/td><td>C<\/td><td><a href=\"https:\/\/carleton.ca\/french\/wp-content\/uploads\/201810-FREN1100-C-Nandini-Sarma.pdf\">Intermediate French Intensive<\/a><\/td><td>Nandini Sarma<\/td><\/tr><tr><td>FREN 1100<\/td><td>D<\/td><td><a href=\"https:\/\/carleton.ca\/french\/wp-content\/uploads\/201730-FREN-1100-D-Ali-Ghaharbeighi.pdf\">Intermediate French<\/a><\/td><td>Ali Ghaharbeighi<\/td><\/tr><tr><td>FREN 1100F<\/td><td>E<\/td><td><a href=\"https:\/\/carleton.ca\/french\/wp-content\/uploads\/201730-FREN-1100-E-Abderahim-Medjhoum.pdf\">Intermediate French&nbsp; Intensive<\/a><\/td><td>AbdeRahim Medjhoum<\/td><\/tr><tr><td>FREN 1100<\/td><td>F<\/td><td><a href=\"https:\/\/carleton.ca\/french\/wp-content\/uploads\/201730-FREN-1100-F-Mahmoud-Erfani.pdf\">Intermediate French<\/a><\/td><td>Mahmoud Erfani<\/td><\/tr><tr><td>FREN 1100<\/td><td>G<\/td><td><a href=\"https:\/\/carleton.ca\/french\/wp-content\/uploads\/201730-FREN-1100-G-Monia-Brahim.pdf\">Intermediate French<\/a><\/td><td>Monia Brahim<\/td><\/tr><tr><td>FREN 1100<\/td><td>H<\/td><td><a href=\"https:\/\/carleton.ca\/french\/wp-content\/uploads\/201730-FREN-1100-H-Nabila-Djaafer.pdf\">Intermediate French<\/a><\/td><td>Nabila Djaafer<\/td><\/tr><tr><td>FREN 1100<\/td><td>I<\/td><td><a href=\"https:\/\/carleton.ca\/french\/wp-content\/uploads\/201730-FREN-1100-I-Frank-Adou.pdf\">Intermediate French<\/a><\/td><td>Frank Adou<\/td><\/tr><tr><td>FREN 1110<\/td><td>A<\/td><td><a href=\"https:\/\/carleton.ca\/french\/wp-content\/uploads\/201730-FREN-1110-A-Monia-Brahim.pdf\">Written French 1<\/a><\/td><td>Monia Brahim<\/td><\/tr><tr><td>FREN 2100<\/td><td>A<\/td><td><a href=\"https:\/\/carleton.ca\/french\/wp-content\/uploads\/201730-FREN-2100-A-Frenand-Le%CC%81ger.pdf\">Advanced French<\/a><\/td><td>Frenand L\u00e9ger<\/td><\/tr><tr><td>FREN 2100<\/td><td>B<\/td><td><a href=\"https:\/\/carleton.ca\/french\/wp-content\/uploads\/201730-FREN-2100-B-Frenand-Le%CC%81ger.pdf\">Advanced French<\/a><\/td><td>Frenand L\u00e9ger<\/td><\/tr><tr><td>FREN 2100<\/td><td>C<\/td><td><a href=\"https:\/\/carleton.ca\/french\/wp-content\/uploads\/201730-FREN-2100-C-Marie-Veuilleux-Sukunda.pdf\">Advanced French<\/a><\/td><td>Marie Veilleux-Sukunda<\/td><\/tr><tr><td>FREN 2100<\/td><td>D<\/td><td><a href=\"https:\/\/carleton.ca\/french\/wp-content\/uploads\/201730-FREN-2100-D-G-Galina-Toumilovitch.pdf\">Advanced French<\/a><\/td><td>Galina Toumilovitch<\/td><\/tr><tr><td>FREN 2100W<\/td><td>E<\/td><td><a href=\"https:\/\/carleton.ca\/french\/wp-content\/uploads\/201810-FREN-2100-E-Francine-Benny.pdf\">Advanced French Intensive<\/a><\/td><td>Francine Benny<\/td><\/tr><tr><td>FREN 2100<\/td><td>F<\/td><td><a href=\"https:\/\/carleton.ca\/french\/wp-content\/uploads\/201730-FREN-2100-F-Francine-Benny.pdf\">Advanced French<\/a><\/td><td>Francine Benny<\/td><\/tr><tr><td>FREN 2100<\/td><td>G<\/td><td><a href=\"https:\/\/carleton.ca\/french\/wp-content\/uploads\/201730-FREN-2100-D-G-Galina-Toumilovitch.pdf\">Advanced French<\/a><\/td><td>Galina Toumilovitch<\/td><\/tr><tr><td>FREN 2100<\/td><td>H<\/td><td><a href=\"https:\/\/carleton.ca\/french\/wp-content\/uploads\/201730-FREN-2100-H-Abderahim-Medjhoum.pdf\">Advanced French<\/a><\/td><td>AbdeRahim Medjhoum<\/td><\/tr><tr><td>FREN 2110<\/td><td>A<\/td><td><a href=\"https:\/\/carleton.ca\/french\/wp-content\/uploads\/201730-FREN-2110-A-Mamoud-Erfani.pdf\">Written French 2<\/a><\/td><td>Mahmoud Erfani<\/td><\/tr><tr><td>FREN 2201F<\/td><td>A<\/td><td><a href=\"https:\/\/carleton.ca\/french\/wp-content\/uploads\/201730-FREN-2201-A-Charles-Doutrelepont.pdf\">Introduction aux \u00e9tudes litt\u00e9raires<\/a><\/td><td>Charles Doutrelepont<\/td><\/tr><tr><td>FREN 2401<\/td><td>A<\/td><td><a href=\"https:\/\/carleton.ca\/french\/wp-content\/uploads\/201730-FREN-2401-A-Marie-Odile-Junker.pdf\">Fonctionnement d\u2019une langue: le fran\u00e7ais<\/a><\/td><td>Marie-Odile Junker<\/td><\/tr><tr><td>FREN 3050F<\/td><td>A<\/td><td><a href=\"https:\/\/carleton.ca\/french\/wp-content\/uploads\/201730-FREN-3050-A-Boussad-Berrichi.pdf\">Comp\u00e9tences critiques<\/a><\/td><td>Boussad Berrichi<\/td><\/tr><tr><td>FREN 3212F<\/td><td>A<\/td><td><a href=\"https:\/\/carleton.ca\/french\/wp-content\/uploads\/201730-FREN-3212-A-Charles-Doutrelepont.pdf\">Des manuscrits aux belles-lettres: de la litt\u00e9rature m\u00e9di\u00e9vale \u00e0 l\u2019humanisme<\/a><\/td><td>Charles Doutrelepont<\/td><\/tr><tr><td>FREN 3213W<\/td><td>A<\/td><td><a href=\"https:\/\/carleton.ca\/french\/wp-content\/uploads\/201810-FREN-3213-A-Sebastien-Cote.pdf\">Du Baroque aux Lumi\u00e8res<\/a><\/td><td>S\u00e9bastien C\u00f4t\u00e9<\/td><\/tr><tr><td>FREN 3214F<\/td><td>A<\/td><td><a href=\"https:\/\/carleton.ca\/french\/wp-content\/uploads\/201730-FREN-3214-A-Boussad-Berrichi.pdf\">R\u00e9volutions, avant-gardes et ruptures<\/a><\/td><td>Boussad Berrichi<\/td><\/tr><tr><td>FREN 3251W<\/td><td>A<\/td><td><a href=\"https:\/\/carleton.ca\/french\/wp-content\/uploads\/201810-FREN-3251-A-Boussad-Berrichi.pdf\">Introduction aux m\u00e9thodes d\u2019analyse litt\u00e9raire<\/a><\/td><td>Boussad Berrichi<\/td><\/tr><tr><td>FREN 3412F<\/td><td>A<\/td><td><a href=\"https:\/\/carleton.ca\/french\/wp-content\/uploads\/201730-FREN-3412-A-Carmen-LeBlanc.pdf\">Morphologie et s\u00e9mantique<\/a><\/td><td>Carmen LeBlanc<\/td><\/tr><tr><td>FREN 3413W<\/td><td>A<\/td><td><a href=\"https:\/\/carleton.ca\/french\/wp-content\/uploads\/201810-FREN-3413-A-Gustavo-Freire.pdf\">Lexique et syntaxe<\/a><\/td><td>Gustavo Freire<\/td><\/tr><tr><td>FREN 3414F<\/td><td>A<\/td><td><a href=\"https:\/\/carleton.ca\/french\/wp-content\/uploads\/201810-FREN-3414-A-Carmen-Leblanc.pdf\">Sociolinguistique du fran\u00e7ais<\/a><\/td><td>Carmen LeBlanc<\/td><\/tr><tr><td>FREN 3451F<\/td><td>A<\/td><td><a href=\"https:\/\/carleton.ca\/french\/wp-content\/uploads\/201730-FREN-3451-A-Randall-Gess.pdf\">Analyse linguistique du fran\u00e7ais<\/a><\/td><td>Randall Gess<\/td><\/tr><tr><td>FREN 3701F<\/td><td>A<\/td><td><a href=\"https:\/\/carleton.ca\/french\/wp-content\/uploads\/201730-FREN-3701-A-Marie-Veilleux-Sukunda.pdf\">Fran\u00e7ais oral<\/a><\/td><td>Marie Veilleux-Sukunda<\/td><\/tr><tr><td>FREN 3702W<\/td><td>A<\/td><td><a href=\"https:\/\/carleton.ca\/french\/wp-content\/uploads\/201810-FREN-3702-A-Chantal-Dion.pdf\">Fran\u00e7ais \u00e9crit<\/a><\/td><td>Chantal Dion<\/td><\/tr><tr><td>FRN 3900F<\/td><td>A<\/td><td><a href=\"https:\/\/carleton.ca\/french\/wp-content\/uploads\/201730-FREN-3900-A-Chantal-Dion.pdf\">Apprentissage et enseignement du fran\u00e7ais langue seconde<\/a><\/td><td>Chantal Dion<\/td><\/tr><tr><td>FREN 4212F<\/td><td>5600<\/td><td><a href=\"https:\/\/carleton.ca\/french\/wp-content\/uploads\/201730-FREN-4212-5600-Sebastien-Cote.pdf\">Litt\u00e9ratures francophones<\/a><\/td><td>S\u00e9bastien C\u00f4t\u00e9<\/td><\/tr><tr><td>FREN 4214W<\/td><td>5405<\/td><td><a href=\"https:\/\/carleton.ca\/french\/wp-content\/uploads\/201810-FREN-4214-A-5405-Charles-Doutrelepont.pdf\">Genre et mouvement<\/a><\/td><td>Charles Doutrelepont<\/td><\/tr><tr><td>FREN 4215F<\/td><td>5700<\/td><td><a href=\"https:\/\/carleton.ca\/french\/wp-content\/uploads\/201730-FREN-4215-5700-Boussad-Berrichi.pdf\">Probl\u00e9matiques contemporaines<\/a><\/td><td>Boussad Berrichi<\/td><\/tr><tr><td>FREN 4412W<\/td><td>5003<\/td><td><a href=\"https:\/\/carleton.ca\/french\/wp-content\/uploads\/201810-FREN-4412-5003-A-Randall-Gess.pdf\">Diversit\u00e9 du fran\u00e7ais<\/a><\/td><td>Randall Gess<\/td><\/tr><tr><td>FREN 4413F<\/td><td>5200<\/td><td><a href=\"https:\/\/carleton.ca\/french\/wp-content\/uploads\/201730-FREN-4413-A-Stephane-Goyette.pdf\">Diachronie du fran\u00e7ais<\/a><\/td><td>St\u00e9phane Goyette<\/td><\/tr><tr><td>FREN 4414W<\/td><td>5001<\/td><td><a href=\"https:\/\/carleton.ca\/french\/wp-content\/uploads\/201810-FREN-4414-5001-Emilie-Urbain.pdf\">Analyse du fran\u00e7ais<\/a><\/td><td>\u00c9milie Urbain<\/td><\/tr><\/tbody><\/table><\/figure>\n","protected":false},"excerpt":{"rendered":"<p>Course Outlines: Fall\/Winter 2017-2018 COURSE SEC Course Title INSTRUCTOR FINS 2105F W Written Comprehension I Nandini Sarma FREN 1001F A Elementary French Intensive Matthew Rushton FREN 1001 B Elementary French Ann Kabo FREN 1001 C Elementary French Ann Kabo FREN 1001 D Elementary French Marla Arbach FREN 1002F A Low Intermediate French Intensive Francine Benny [&hellip;]<\/p>\n","protected":false},"author":410,"featured_media":0,"parent":0,"menu_order":0,"comment_status":"closed","ping_status":"closed","template":"","meta":{"_acf_changed":false,"_cu_dining_location_slug":"","footnotes":"","_links_to":"","_links_to_target":""},"cu_page_type":[],"class_list":["post-7677","page","type-page","status-publish","hentry"],"acf":{"cu_post_thumbnail":""},"_links":{"self":[{"href":"https:\/\/carleton.ca\/french\/wp-json\/wp\/v2\/pages\/7677","targetHints":{"allow":["GET"]}}],"collection":[{"href":"https:\/\/carleton.ca\/french\/wp-json\/wp\/v2\/pages"}],"about":[{"href":"https:\/\/carleton.ca\/french\/wp-json\/wp\/v2\/types\/page"}],"author":[{"embeddable":true,"href":"https:\/\/carleton.ca\/french\/wp-json\/wp\/v2\/users\/410"}],"replies":[{"embeddable":true,"href":"https:\/\/carleton.ca\/french\/wp-json\/wp\/v2\/comments?post=7677"}],"version-history":[{"count":4,"href":"https:\/\/carleton.ca\/french\/wp-json\/wp\/v2\/pages\/7677\/revisions"}],"predecessor-version":[{"id":9600,"href":"https:\/\/carleton.ca\/french\/wp-json\/wp\/v2\/pages\/7677\/revisions\/9600"}],"wp:attachment":[{"href":"https:\/\/carleton.ca\/french\/wp-json\/wp\/v2\/media?parent=7677"}],"wp:term":[{"taxonomy":"cu_page_type","embeddable":true,"href":"https:\/\/carleton.ca\/french\/wp-json\/wp\/v2\/cu_page_type?post=7677"}],"curies":[{"name":"wp","href":"https:\/\/api.w.org\/{rel}","templated":true}]}}