{"id":7831,"date":"2021-09-28T15:49:25","date_gmt":"2021-09-28T19:49:25","guid":{"rendered":"https:\/\/carleton.ca\/french\/?page_id=7831"},"modified":"2025-09-16T10:41:42","modified_gmt":"2025-09-16T14:41:42","slug":"course-outlines-summer-2019","status":"publish","type":"page","link":"https:\/\/carleton.ca\/french\/course-outlines-summer-2019\/","title":{"rendered":"Course Outlines Summer 2019"},"content":{"rendered":"\n<section class=\"w-screen px-6 cu-section cu-section--white ml-offset-center md:px-8 lg:px-14\">\n    <div class=\"space-y-6 cu-max-w-child-5xl  md:space-y-10 cu-prose-first-last\">\n\n            <div class=\"cu-textmedia flex flex-col lg:flex-row mx-auto gap-6 md:gap-10 my-6 md:my-12 first:mt-0 max-w-5xl\">\n        <div class=\"justify-start cu-textmedia-content cu-prose-first-last\" style=\"flex: 0 0 100%;\">\n            <header class=\"font-light prose-xl cu-pageheader md:prose-2xl cu-component-updated cu-prose-first-last\">\n                                    <h1 class=\"cu-prose-first-last font-semibold !mt-2 mb-4 md:mb-6 relative after:absolute after:h-px after:bottom-0 after:bg-cu-red after:left-px text-3xl md:text-4xl lg:text-5xl lg:leading-[3.5rem] pb-5 after:w-10 text-cu-black-700 not-prose\">\n                        Course Outlines Summer 2019\n                    <\/h1>\n                \n                                \n                            <\/header>\n\n                    <\/div>\n\n            <\/div>\n\n    <\/div>\n<\/section>\n\n\n\n<h2 id=\"course-outlines-summer-2019\" class=\"wp-block-heading\">Course Outlines: Summer 2019<\/h2>\n\n\n\n<p><em>Course outlines will be posted as they become available.<\/em><\/p>\n\n\n\n<figure class=\"wp-block-table\"><table class=\"has-fixed-layout\"><thead><tr><th><\/th><th><\/th><th><\/th><th><\/th><th><\/th><\/tr><\/thead><tbody><tr><td>FREN 1001<\/td><td>A<\/td><td>May-June<\/td><td>&nbsp;<a href=\"https:\/\/carleton.ca\/french\/wp-content\/uploads\/sites\/160\/1001A-Syllabus-summer-2019-06.pdf\">Elementary French<\/a><\/td><td>Ann Kabo<\/td><\/tr><tr><td>FREN 1002<\/td><td>A<\/td><td>May-June<\/td><td>&nbsp;<a href=\"https:\/\/carleton.ca\/french\/wp-content\/uploads\/sites\/160\/FREN-1002-printemps-2019-final-1-1.pdf\">Low Intermediate French<\/a><\/td><td>Francine Benny<\/td><\/tr><tr><td>FREN 1002<\/td><td>B<\/td><td>July-Aug<\/td><td>&nbsp;<a href=\"https:\/\/carleton.ca\/french\/wp-content\/uploads\/sites\/160\/FREN-1002-Summer2019-Therese-1.pdf\">Low Intermediate French<\/a><\/td><td>Th\u00e9r\u00e8se Gagnon<\/td><\/tr><tr><td>FREN 1100<\/td><td>A<\/td><td>May-June<\/td><td>&nbsp;<a href=\"https:\/\/carleton.ca\/french\/wp-content\/uploads\/sites\/160\/Fren-1100_Plan-de-cours-\u00e9t\u00e9-2019-1.pdf\">Intermediate French<\/a><\/td><td>Ali Ghaharbeighi<\/td><\/tr><tr><td>FREN 2100<\/td><td>A<\/td><td>July-Aug<\/td><td>&nbsp;<a href=\"https:\/\/carleton.ca\/french\/wp-content\/uploads\/sites\/160\/FREN2100_Summer-2019-juillet-ao\u00fbt-course-outline-1.pdf\">Advanced French<\/a><\/td><td>Galina Toumilovitch<\/td><\/tr><tr><td>FREN 4300\/5501<\/td><td>A<\/td><td>May-June<\/td><td>&nbsp;<a href=\"https:\/\/carleton.ca\/french\/wp-content\/uploads\/sites\/160\/QC2019_Syllabus.pdf\">S\u00e9minaire d&#8217;\u00e9t\u00e9 \u00e0 Qu\u00e9bec<\/a><\/td><td>S\u00e9bastien C\u00f4t\u00e9<\/td><\/tr><\/tbody><\/table><\/figure>\n","protected":false},"excerpt":{"rendered":"<p>Course Outlines: Summer 2019 Course outlines will be posted as they become available. FREN 1001 A May-June &nbsp;Elementary French Ann Kabo FREN 1002 A May-June &nbsp;Low Intermediate French Francine Benny FREN 1002 B July-Aug &nbsp;Low Intermediate French Th\u00e9r\u00e8se Gagnon FREN 1100 A May-June &nbsp;Intermediate French Ali Ghaharbeighi FREN 2100 A July-Aug &nbsp;Advanced French Galina Toumilovitch [&hellip;]<\/p>\n","protected":false},"author":410,"featured_media":0,"parent":0,"menu_order":0,"comment_status":"closed","ping_status":"closed","template":"","meta":{"_acf_changed":false,"_cu_dining_location_slug":"","footnotes":"","_links_to":"","_links_to_target":""},"cu_page_type":[],"class_list":["post-7831","page","type-page","status-publish","hentry"],"acf":{"cu_post_thumbnail":""},"_links":{"self":[{"href":"https:\/\/carleton.ca\/french\/wp-json\/wp\/v2\/pages\/7831","targetHints":{"allow":["GET"]}}],"collection":[{"href":"https:\/\/carleton.ca\/french\/wp-json\/wp\/v2\/pages"}],"about":[{"href":"https:\/\/carleton.ca\/french\/wp-json\/wp\/v2\/types\/page"}],"author":[{"embeddable":true,"href":"https:\/\/carleton.ca\/french\/wp-json\/wp\/v2\/users\/410"}],"replies":[{"embeddable":true,"href":"https:\/\/carleton.ca\/french\/wp-json\/wp\/v2\/comments?post=7831"}],"version-history":[{"count":4,"href":"https:\/\/carleton.ca\/french\/wp-json\/wp\/v2\/pages\/7831\/revisions"}],"predecessor-version":[{"id":9571,"href":"https:\/\/carleton.ca\/french\/wp-json\/wp\/v2\/pages\/7831\/revisions\/9571"}],"wp:attachment":[{"href":"https:\/\/carleton.ca\/french\/wp-json\/wp\/v2\/media?parent=7831"}],"wp:term":[{"taxonomy":"cu_page_type","embeddable":true,"href":"https:\/\/carleton.ca\/french\/wp-json\/wp\/v2\/cu_page_type?post=7831"}],"curies":[{"name":"wp","href":"https:\/\/api.w.org\/{rel}","templated":true}]}}