{"id":8057,"date":"2022-03-11T08:55:05","date_gmt":"2022-03-11T13:55:05","guid":{"rendered":"https:\/\/carleton.ca\/french\/?page_id=8057"},"modified":"2025-09-16T10:40:15","modified_gmt":"2025-09-16T14:40:15","slug":"course-outlines-summer-2024","status":"publish","type":"page","link":"https:\/\/carleton.ca\/french\/course-outlines-summer-2024\/","title":{"rendered":"Course Outlines Summer 2024"},"content":{"rendered":"\n<section class=\"w-screen px-6 cu-section cu-section--white ml-offset-center md:px-8 lg:px-14\">\n    <div class=\"space-y-6 cu-max-w-child-5xl  md:space-y-10 cu-prose-first-last\">\n\n            <div class=\"cu-textmedia flex flex-col lg:flex-row mx-auto gap-6 md:gap-10 my-6 md:my-12 first:mt-0 max-w-5xl\">\n        <div class=\"justify-start cu-textmedia-content cu-prose-first-last\" style=\"flex: 0 0 100%;\">\n            <header class=\"font-light prose-xl cu-pageheader md:prose-2xl cu-component-updated cu-prose-first-last\">\n                                    <h1 class=\"cu-prose-first-last font-semibold !mt-2 mb-4 md:mb-6 relative after:absolute after:h-px after:bottom-0 after:bg-cu-red after:left-px text-3xl md:text-4xl lg:text-5xl lg:leading-[3.5rem] pb-5 after:w-10 text-cu-black-700 not-prose\">\n                        Course Outlines Summer 2024\n                    <\/h1>\n                \n                                \n                            <\/header>\n\n                    <\/div>\n\n            <\/div>\n\n    <\/div>\n<\/section>\n\n\n\n<h2 id=\"course-outlines-spring-2024\" class=\"wp-block-heading\">Course Outlines: Spring 2024<\/h2>\n\n\n\n<p><em class=\"myprefix-text-italic\">Course outlines will be posted as they become available.<\/em><\/p>\n\n\n\n<figure class=\"wp-block-table\"><table class=\"has-fixed-layout\"><thead><tr><th><\/th><th><\/th><th><\/th><th><\/th><th><\/th><\/tr><\/thead><tbody><tr><td>FREN 4301\/5502<\/td><td>A<\/td><td>May-June<\/td><td><a href=\"https:\/\/carleton.ca\/french\/wp-content\/uploads\/sites\/160\/202420-FREN-4301-Anne-Trepanier-SH.pdf\" target=\"_blank\" rel=\"noopener noreferrer\">S\u00e9minaire d\u2019\u00e9t\u00e9 \u00e0 Qu\u00e9bec<\/a><\/td><td>Anne Tr\u00e9panier<\/td><\/tr><\/tbody><\/table><\/figure>\n","protected":false},"excerpt":{"rendered":"<p>Course Outlines: Spring 2024 Course outlines will be posted as they become available. FREN 4301\/5502 A May-June S\u00e9minaire d\u2019\u00e9t\u00e9 \u00e0 Qu\u00e9bec Anne Tr\u00e9panier<\/p>\n","protected":false},"author":410,"featured_media":0,"parent":0,"menu_order":0,"comment_status":"closed","ping_status":"closed","template":"","meta":{"_acf_changed":false,"_cu_dining_location_slug":"","footnotes":"","_links_to":"","_links_to_target":""},"cu_page_type":[],"class_list":["post-8057","page","type-page","status-publish","hentry"],"acf":{"cu_post_thumbnail":""},"_links":{"self":[{"href":"https:\/\/carleton.ca\/french\/wp-json\/wp\/v2\/pages\/8057","targetHints":{"allow":["GET"]}}],"collection":[{"href":"https:\/\/carleton.ca\/french\/wp-json\/wp\/v2\/pages"}],"about":[{"href":"https:\/\/carleton.ca\/french\/wp-json\/wp\/v2\/types\/page"}],"author":[{"embeddable":true,"href":"https:\/\/carleton.ca\/french\/wp-json\/wp\/v2\/users\/410"}],"replies":[{"embeddable":true,"href":"https:\/\/carleton.ca\/french\/wp-json\/wp\/v2\/comments?post=8057"}],"version-history":[{"count":5,"href":"https:\/\/carleton.ca\/french\/wp-json\/wp\/v2\/pages\/8057\/revisions"}],"predecessor-version":[{"id":9569,"href":"https:\/\/carleton.ca\/french\/wp-json\/wp\/v2\/pages\/8057\/revisions\/9569"}],"wp:attachment":[{"href":"https:\/\/carleton.ca\/french\/wp-json\/wp\/v2\/media?parent=8057"}],"wp:term":[{"taxonomy":"cu_page_type","embeddable":true,"href":"https:\/\/carleton.ca\/french\/wp-json\/wp\/v2\/cu_page_type?post=8057"}],"curies":[{"name":"wp","href":"https:\/\/api.w.org\/{rel}","templated":true}]}}