{"id":8119,"date":"2022-05-17T09:40:11","date_gmt":"2022-05-17T13:40:11","guid":{"rendered":"https:\/\/carleton.ca\/french\/?page_id=8119"},"modified":"2025-09-16T10:39:57","modified_gmt":"2025-09-16T14:39:57","slug":"course-outlines-fallwinter-22-23","status":"publish","type":"page","link":"https:\/\/carleton.ca\/french\/course-outlines-fallwinter-22-23\/","title":{"rendered":"Course Outlines 2022-2023"},"content":{"rendered":"\n<section class=\"w-screen px-6 cu-section cu-section--white ml-offset-center md:px-8 lg:px-14\">\n    <div class=\"space-y-6 cu-max-w-child-5xl  md:space-y-10 cu-prose-first-last\">\n\n            <div class=\"cu-textmedia flex flex-col lg:flex-row mx-auto gap-6 md:gap-10 my-6 md:my-12 first:mt-0 max-w-5xl\">\n        <div class=\"justify-start cu-textmedia-content cu-prose-first-last\" style=\"flex: 0 0 100%;\">\n            <header class=\"font-light prose-xl cu-pageheader md:prose-2xl cu-component-updated cu-prose-first-last\">\n                                    <h1 class=\"cu-prose-first-last font-semibold !mt-2 mb-4 md:mb-6 relative after:absolute after:h-px after:bottom-0 after:bg-cu-red after:left-px text-3xl md:text-4xl lg:text-5xl lg:leading-[3.5rem] pb-5 after:w-10 text-cu-black-700 not-prose\">\n                        Course Outlines 2022-2023\n                    <\/h1>\n                \n                                \n                            <\/header>\n\n                    <\/div>\n\n            <\/div>\n\n    <\/div>\n<\/section>\n\n\n\n<h2 id=\"course-outlines-fall-winter-2022-2023\" class=\"wp-block-heading\">Course Outlines: Fall\/Winter 2022-2023<\/h2>\n\n\n\n<p>Some courses have preliminary outlines available, other course outlines will be posted as they become available.<br><br>**<strong class=\"myprefix-text-bold\">Please consult\u00a0<a href=\"http:\/\/brightspace.carleton.ca\" target=\"_blank\" rel=\"noopener noreferrer\">Brightspace<\/a> for\u00a0final information.<\/strong>**<\/p>\n\n\n\n<figure class=\"wp-block-table\"><table class=\"has-fixed-layout\"><thead><tr><th><\/th><th><\/th><th><\/th><th><\/th><\/tr><\/thead><tbody><tr><td><strong>COURSE<\/strong><\/td><td><strong>SEC<\/strong><\/td><td><strong>Course Title<br>\n<\/strong><\/td><td><strong>INSTRUCTOR<\/strong><\/td><\/tr><tr><td><a href=\"https:\/\/carleton.ca\/french\/wp-content\/uploads\/sites\/160\/202230-FINS-2105R-Aleksandra-Gvero.pdf\" target=\"_blank\" rel=\"noopener noreferrer\">FINS 2105F<\/a><\/td><td>W<\/td><td>French Reading I<\/td><td>Aleksandra Gvero<\/td><\/tr><tr><td><a href=\"https:\/\/carleton.ca\/french\/wp-content\/uploads\/sites\/160\/202310-FINS-3105A-Aleksandra-Gvero.pdf\" target=\"_blank\" rel=\"noopener noreferrer\">FINS 3105W<\/a><\/td><td>W<\/td><td>French Reading II<\/td><td>Aleksandra Gvero<\/td><\/tr><tr><td><a href=\"https:\/\/carleton.ca\/french\/wp-content\/uploads\/sites\/160\/202230-FREN-1001A-Soumaya-Neggaz.pdf\" target=\"_blank\" rel=\"noopener noreferrer\">FREN 1001F<\/a><\/td><td>A<\/td><td>French 1 Intensive<\/td><td>Soumaya Neggaz<\/td><\/tr><tr><td><a href=\"https:\/\/carleton.ca\/french\/wp-content\/uploads\/sites\/160\/202230-FREN-1001B-Soumaya-Neggaz.pdf\" target=\"_blank\" rel=\"noopener noreferrer\">FREN 1001<\/a><\/td><td>B<\/td><td>French 1<\/td><td>Soumaya Neggaz<\/td><\/tr><tr><td><a href=\"https:\/\/carleton.ca\/french\/wp-content\/uploads\/sites\/160\/202230-FREN-1001C-Stephane-Goyette.pdf\" target=\"_blank\" rel=\"noopener noreferrer\">FREN 1001<\/a><\/td><td>C<\/td><td>French 1<\/td><td>St\u00e9phane Goyette<\/td><\/tr><tr><td><a href=\"https:\/\/carleton.ca\/french\/wp-content\/uploads\/sites\/160\/202230-FREN-1001D-Stephane-Goyette.pdf\" target=\"_blank\" rel=\"noopener noreferrer\">FREN 1001<\/a><\/td><td>D<\/td><td>French 1<\/td><td>St\u00e9phane Goyette<\/td><\/tr><tr><td><a href=\"https:\/\/carleton.ca\/french\/wp-content\/uploads\/sites\/160\/202230-FREN-1002A-Nabila-Djaafer.pdf\" target=\"_blank\" rel=\"noopener noreferrer\">FREN 1002F<\/a><\/td><td>A<\/td><td>French 2 Intensive<\/td><td>Nabila Djaafer<\/td><\/tr><tr><td><a href=\"https:\/\/carleton.ca\/french\/wp-content\/uploads\/sites\/160\/202310-FREN-1002B-Georges-Lafortune.pdf\" target=\"_blank\" rel=\"noopener noreferrer\">FREN 1002W<\/a><\/td><td>B<\/td><td>French 2 Intensive<\/td><td>Georges Lafortune<\/td><\/tr><tr><td><a href=\"https:\/\/carleton.ca\/french\/wp-content\/uploads\/sites\/160\/202230-FREN-1002C-Nabila-Djaafer.pdf\" target=\"_blank\" rel=\"noopener noreferrer\">FREN 1002<\/a><\/td><td>C<\/td><td>French 2<\/td><td>Nabila Djaafer<\/td><\/tr><tr><td><a href=\"https:\/\/carleton.ca\/french\/wp-content\/uploads\/sites\/160\/202230-FREN-1002D-Boussad-Berrichi.pdf\" target=\"_blank\" rel=\"noopener noreferrer\">FREN 1002<\/a><\/td><td>D<\/td><td>French 2<\/td><td>Boussad Berrichi<\/td><\/tr><tr><td><a href=\"https:\/\/carleton.ca\/french\/wp-content\/uploads\/sites\/160\/202230-FREN-1002E-Celine-Bonnotte-Hoover.pdf\" target=\"_blank\" rel=\"noopener noreferrer\">FREN 1002<\/a><\/td><td>E<\/td><td>French 2<\/td><td>C\u00e9line Bonnotte-Hoover<\/td><\/tr><tr><td><a href=\"https:\/\/carleton.ca\/french\/wp-content\/uploads\/sites\/160\/202230-FREN-1002G-Frank-Adou.pdf\" target=\"_blank\" rel=\"noopener noreferrer\">FREN 1002<\/a><\/td><td>G<\/td><td>French 2<\/td><td>Frank Adou<\/td><\/tr><tr><td><a href=\"https:\/\/carleton.ca\/french\/wp-content\/uploads\/sites\/160\/202230-FREN-1002H-Apolline-Glais.pdf\" target=\"_blank\" rel=\"noopener noreferrer\">FREN 1002<\/a><\/td><td>H<\/td><td>French 2<\/td><td>Apolline Glais \/ Caroline Prud&#8217;homme<\/td><\/tr><tr><td><a href=\"https:\/\/carleton.ca\/french\/wp-content\/uploads\/sites\/160\/202230-FREN-1002I-Apolline-Glais.pdf\" target=\"_blank\" rel=\"noopener noreferrer\">FREN 1002<\/a><\/td><td>I<\/td><td>French 2<\/td><td>Apolline Glais<\/td><\/tr><tr><td><a href=\"https:\/\/carleton.ca\/french\/wp-content\/uploads\/sites\/160\/202230-FREN-1100A-Frank-Adou.pdf\" target=\"_blank\" rel=\"noopener noreferrer\">FREN 1100<\/a><\/td><td>A<\/td><td>French 3<\/td><td>Frank Adou<\/td><\/tr><tr><td><a href=\"https:\/\/carleton.ca\/french\/wp-content\/uploads\/sites\/160\/202230-FREN-1100B-Mahmoud-Erfani.pdf\" target=\"_blank\" rel=\"noopener noreferrer\">FREN 1100<\/a><\/td><td>B<\/td><td>French 3<\/td><td>Mahmoud Erfani<\/td><\/tr><tr><td><a href=\"https:\/\/carleton.ca\/french\/wp-content\/uploads\/sites\/160\/202310-FREN-1100C-AbdeRahim-Medjhoum.pdf\" target=\"_blank\" rel=\"noopener noreferrer\">FREN 1100W<\/a><\/td><td>C<\/td><td>French 3 Intensive<\/td><td>Abderahim Medjhoum<\/td><\/tr><tr><td><a href=\"https:\/\/carleton.ca\/french\/wp-content\/uploads\/sites\/160\/202230-FREN-1100D-Ali-Ghaharbeighi.pdf\" target=\"_blank\" rel=\"noopener noreferrer\">FREN 1100<\/a><\/td><td>D<\/td><td>French 3<\/td><td>Ali Ghaharbeighi<\/td><\/tr><tr><td><a href=\"https:\/\/carleton.ca\/french\/wp-content\/uploads\/sites\/160\/202230-FREN-1100E-AbdeRahim-Medjhoum.pdf\" target=\"_blank\" rel=\"noopener noreferrer\">FREN 1100F<\/a><\/td><td>E<\/td><td>French 3 Intensive<\/td><td>Abderahim Medjhoum<\/td><\/tr><tr><td><a href=\"https:\/\/carleton.ca\/french\/wp-content\/uploads\/sites\/160\/202230-FREN-1100F-Ali-Ghaharbeighi.pdf\" target=\"_blank\" rel=\"noopener noreferrer\">FREN 1100<\/a><\/td><td>F<\/td><td>French 3<\/td><td>Ali Ghaharbeighi<\/td><\/tr><tr><td><a href=\"https:\/\/carleton.ca\/french\/wp-content\/uploads\/sites\/160\/202230-FREN-1100G-Mahmoud-Erfani.pdf\" target=\"_blank\" rel=\"noopener noreferrer\">FREN 1100<\/a><\/td><td>G<\/td><td>French 3<\/td><td>Mahmoud Erfani<\/td><\/tr><tr><td><a href=\"https:\/\/carleton.ca\/french\/wp-content\/uploads\/sites\/160\/202230-FREN-1100H-Galina-Toumilovitch.pdf\" target=\"_blank\" rel=\"noopener noreferrer\">FREN 1100<\/a><\/td><td>H<\/td><td>French 3<\/td><td>Galina Toumilovitch<\/td><\/tr><tr><td><a href=\"https:\/\/carleton.ca\/french\/wp-content\/uploads\/sites\/160\/202230-FREN-1100J-Caroline-Prudhomme.pdf\" target=\"_blank\" rel=\"noopener noreferrer\">FREN 1100<\/a><\/td><td>J<\/td><td>French 3<\/td><td>Caroline Prud&#8217;homme \/ C\u00e9line Bonnotte-Hoover<\/td><\/tr><tr><td><a href=\"https:\/\/carleton.ca\/french\/wp-content\/uploads\/sites\/160\/202230-FREN-2100A-Monia-Brahim.pdf\" target=\"_blank\" rel=\"noopener noreferrer\">FREN 2100<\/a><\/td><td>A<\/td><td>French 4<\/td><td>Monia Brahim<\/td><\/tr><tr><td><a href=\"https:\/\/carleton.ca\/french\/wp-content\/uploads\/sites\/160\/202230-FREN-2100C-Nesrine-El-Zine.pdf\" target=\"_blank\" rel=\"noopener noreferrer\">FREN 2100<\/a><\/td><td>C<\/td><td>French 4<\/td><td>Nesrine El-Zine<\/td><\/tr><tr><td><a href=\"https:\/\/carleton.ca\/french\/wp-content\/uploads\/sites\/160\/202230-FREN-2100D-F-Brahim-Amrendi.pdf\" target=\"_blank\" rel=\"noopener noreferrer\">FREN 2100<\/a><\/td><td>D<\/td><td>French 4<\/td><td>Brahim Amrendi<\/td><\/tr><tr><td><a href=\"https:\/\/carleton.ca\/french\/wp-content\/uploads\/sites\/160\/202310-FREN-2100E-Francine-Benny-1.pdf\" target=\"_blank\" rel=\"noopener noreferrer\">FREN 2100W<\/a><\/td><td>E<\/td><td>French 4 Intensive<\/td><td>Francine Benny<\/td><\/tr><tr><td><a href=\"https:\/\/carleton.ca\/french\/wp-content\/uploads\/sites\/160\/202230-FREN-2100D-F-Brahim-Amrendi.pdf\" target=\"_blank\" rel=\"noopener noreferrer\">FREN 2100<\/a><\/td><td>F<\/td><td>French 4<\/td><td>Brahim Amrendi<\/td><\/tr><tr><td><a href=\"https:\/\/carleton.ca\/french\/wp-content\/uploads\/sites\/160\/202230-FREN-2100G-Monia-Brahim.pdf\" target=\"_blank\" rel=\"noopener noreferrer\">FREN 2100<\/a><\/td><td>G<\/td><td>French 4<\/td><td>Monia Brahim<\/td><\/tr><tr><td><a href=\"https:\/\/carleton.ca\/french\/wp-content\/uploads\/sites\/160\/202230-FREN-2110A-Boussad-Berrichi.pdf\" target=\"_blank\" rel=\"noopener noreferrer\">FREN 2110<\/a><\/td><td>A<\/td><td>French 4: Writing<\/td><td>Boussad Berrichi<\/td><\/tr><tr><td><a href=\"https:\/\/carleton.ca\/french\/wp-content\/uploads\/sites\/160\/202230-FREN-2202A-Caroline-Prudhomme.pdf\" target=\"_blank\" rel=\"noopener noreferrer\">FREN 2202F<\/a><\/td><td>A<\/td><td>Introduction aux \u00e9tudes litt\u00e9raires 1<\/td><td>Caroline Prud&#8217;Homme<\/td><\/tr><tr><td><a href=\"https:\/\/carleton.ca\/french\/wp-content\/uploads\/sites\/160\/202310-FREN-2202B-Sebastien-Cote.pdf\" target=\"_blank\" rel=\"noopener noreferrer\">FREN 2202W<\/a><\/td><td>B<\/td><td>Introduction aux \u00e9tudes litt\u00e9raires 1<\/td><td>S\u00e9bastien C\u00f4t\u00e9<\/td><\/tr><tr><td><a href=\"https:\/\/carleton.ca\/french\/wp-content\/uploads\/sites\/160\/202230-FREN-2203A-Francine-Benny.pdf\" target=\"_blank\" rel=\"noopener noreferrer\">FREN 2203F<\/a><\/td><td>A<\/td><td>Introduction aux \u00e9tudes litt\u00e9raires 2<\/td><td>Francine Benny<\/td><\/tr><tr><td><a href=\"https:\/\/carleton.ca\/french\/wp-content\/uploads\/sites\/160\/202310-FREN-2203B-Francine-Benny.pdf\" target=\"_blank\" rel=\"noopener noreferrer\">FREN 2203W<\/a><\/td><td>B<\/td><td>Introduction aux \u00e9tudes litt\u00e9raires 2<\/td><td>Francine Benny<\/td><\/tr><tr><td><a href=\"https:\/\/carleton.ca\/french\/wp-content\/uploads\/sites\/160\/202310-FREN-2401A-Randall-Gess.pdf\" target=\"_blank\" rel=\"noopener noreferrer\">FREN 2401<\/a><\/td><td>A<\/td><td>Introduction \u00e0 la linguistique fran\u00e7aise<\/td><td>Randall Gess<\/td><\/tr><tr><td><a href=\"https:\/\/carleton.ca\/french\/wp-content\/uploads\/sites\/160\/202230-FREN-2401B-Emilie-Urbain.pdf\" target=\"_blank\" rel=\"noopener noreferrer\">FREN 2401<\/a><\/td><td>B<\/td><td>Introduction \u00e0 la linguistique fran\u00e7aise<\/td><td>\u00c9milie Urbain<\/td><\/tr><tr><td><a href=\"https:\/\/carleton.ca\/french\/wp-content\/uploads\/sites\/160\/202230-FREN-2701A-Randall-Gess.pdf\" target=\"_blank\" rel=\"noopener noreferrer\">FREN 2701F<\/a><\/td><td>A<\/td><td>Travaux pratiques en fran\u00e7ais oral<\/td><td>Randall Gess<\/td><\/tr><tr><td><a href=\"https:\/\/carleton.ca\/french\/wp-content\/uploads\/sites\/160\/202230-FREN-3050A-Guillaume-Gentil.pdf\" target=\"_blank\" rel=\"noopener noreferrer\">FREN 3050F<\/a><\/td><td>A<\/td><td>Comp\u00e9tences critiques<\/td><td>Guillaume Gentil<\/td><\/tr><tr><td><a href=\"https:\/\/carleton.ca\/french\/wp-content\/uploads\/sites\/160\/202310-FREN-3060A-Celine-Bonnotte-Hoover.pdf\" target=\"_blank\" rel=\"noopener noreferrer\">FREN 3060W<\/a><\/td><td>A<\/td><td>Perfectionnement de la grammaire par la pratique<\/td><td>C\u00e9line Bonnotte-Hoover<\/td><\/tr><tr><td><a href=\"https:\/\/carleton.ca\/french\/wp-content\/uploads\/sites\/160\/202310-FREN-3213A-Sebastien-Cote.pdf\" target=\"_blank\" rel=\"noopener noreferrer\">FREN 3213W<\/a><\/td><td>A<\/td><td>Du Baroque aux Lumi\u00e8res<\/td><td>Sebastien C\u00f4t\u00e9<\/td><\/tr><tr><td><a href=\"https:\/\/carleton.ca\/french\/wp-content\/uploads\/sites\/160\/202230-FREN-3218A-Anne-Trepanier.pdf\" target=\"_blank\" rel=\"noopener noreferrer\">FREN 3218F<\/a><\/td><td>A<\/td><td><a href=\"https:\/\/carleton.ca\/french\/wp-content\/uploads\/sites\/160\/FREN3218-Genres-et-mouvements.pdf\" target=\"_blank\" rel=\"noopener noreferrer\">Genre et mouvement<\/a><\/td><td>Anne Tr\u00e9panier<\/td><\/tr><tr><td><a href=\"https:\/\/carleton.ca\/french\/wp-content\/uploads\/sites\/160\/202310-FREN-3411-Randall-Gess.pdf\" target=\"_blank\" rel=\"noopener noreferrer\">FREN 3411W<\/a><\/td><td>A<\/td><td>Phon\u00e9tique et phonologie du fran\u00e7ais<\/td><td>Randall Gess<\/td><\/tr><tr><td><a href=\"https:\/\/carleton.ca\/french\/wp-content\/uploads\/sites\/160\/202230-FREN-3414A-Emilie-Urbain.pdf\" target=\"_blank\" rel=\"noopener noreferrer\">FREN 3414F<\/a><\/td><td>A<\/td><td>Sociolinguistique du fran\u00e7ais<\/td><td>\u00c9milie Urbain<\/td><\/tr><tr><td><a href=\"https:\/\/carleton.ca\/french\/wp-content\/uploads\/sites\/160\/202310-FREN-3451-Emilie-Urbain.pdf\" target=\"_blank\" rel=\"noopener noreferrer\">FREN 3451W<\/a><\/td><td>A<\/td><td>Th\u00e8me en linguistique<\/td><td>\u00c9milie Urbain<\/td><\/tr><tr><td><a href=\"https:\/\/carleton.ca\/french\/wp-content\/uploads\/sites\/160\/202310-FREN-3701A-Apolline-Glais.pdf\" target=\"_blank\" rel=\"noopener noreferrer\">FREN 3701W<\/a><\/td><td>A<\/td><td>Fran\u00e7ais oral<\/td><td>Apolline Glais<\/td><\/tr><tr><td><a href=\"https:\/\/carleton.ca\/french\/wp-content\/uploads\/sites\/160\/202230-FREN-3702A-Celine-Bonnotte-Hoover.pdf\" target=\"_blank\" rel=\"noopener noreferrer\">FREN 3702F<\/a><\/td><td>A<\/td><td>Fran\u00e7ais \u00e9crit<\/td><td>C\u00e9line Bonnotte-Hoover<\/td><\/tr><tr><td><a href=\"https:\/\/carleton.ca\/french\/wp-content\/uploads\/sites\/160\/202310-FREN-3702B-Chantal-Dion.pdf\" target=\"_blank\" rel=\"noopener noreferrer\">FREN 3702W<\/a><\/td><td>B<\/td><td>Fran\u00e7ais \u00e9crit<\/td><td>Chantal Dion<\/td><\/tr><tr><td><a href=\"https:\/\/carleton.ca\/french\/wp-content\/uploads\/sites\/160\/202230-FREN-4212A-5212A-Sebastien-Cote.pdf\" target=\"_blank\" rel=\"noopener noreferrer\">FREN 4212F<\/a> \/ FREN 5212<\/td><td>5212<\/td><td><a href=\"https:\/\/carleton.ca\/french\/wp-content\/uploads\/sites\/160\/FREN4212_longue.pdf\" target=\"_blank\" rel=\"noopener noreferrer\">Litt\u00e9ratures francophones<\/a><\/td><td>S\u00e9bastien C\u00f4t\u00e9<\/td><\/tr><tr><td><a href=\"https:\/\/carleton.ca\/french\/wp-content\/uploads\/sites\/160\/202230-FREN-4414A-Carmen-LeBlanc.pdf\" target=\"_blank\" rel=\"noopener noreferrer\">FREN 4414F<\/a> \/ <a href=\"https:\/\/carleton.ca\/french\/wp-content\/uploads\/sites\/160\/202230-FREN-5414A-Carmen-LeBlanc.pdf\" target=\"_blank\" rel=\"noopener noreferrer\">FREN 5414<\/a><\/td><td>5414<\/td><td><a href=\"https:\/\/carleton.ca\/french\/wp-content\/uploads\/sites\/160\/FREN4414-Poster.pdf\" target=\"_blank\" rel=\"noopener noreferrer\">Analyse du fran\u00e7ais<\/a><\/td><td>Carmen LeBlanc<\/td><\/tr><\/tbody><\/table><\/figure>\n","protected":false},"excerpt":{"rendered":"<p>Course Outlines: Fall\/Winter 2022-2023 Some courses have preliminary outlines available, other course outlines will be posted as they become available. **Please consult\u00a0Brightspace for\u00a0final information.** COURSE SEC Course Title INSTRUCTOR FINS 2105F W French Reading I Aleksandra Gvero FINS 3105W W French Reading II Aleksandra Gvero FREN 1001F A French 1 Intensive Soumaya Neggaz FREN 1001 [&hellip;]<\/p>\n","protected":false},"author":410,"featured_media":0,"parent":0,"menu_order":0,"comment_status":"closed","ping_status":"closed","template":"","meta":{"_acf_changed":false,"_cu_dining_location_slug":"","footnotes":"","_links_to":"","_links_to_target":""},"cu_page_type":[],"class_list":["post-8119","page","type-page","status-publish","hentry"],"acf":{"cu_post_thumbnail":""},"_links":{"self":[{"href":"https:\/\/carleton.ca\/french\/wp-json\/wp\/v2\/pages\/8119","targetHints":{"allow":["GET"]}}],"collection":[{"href":"https:\/\/carleton.ca\/french\/wp-json\/wp\/v2\/pages"}],"about":[{"href":"https:\/\/carleton.ca\/french\/wp-json\/wp\/v2\/types\/page"}],"author":[{"embeddable":true,"href":"https:\/\/carleton.ca\/french\/wp-json\/wp\/v2\/users\/410"}],"replies":[{"embeddable":true,"href":"https:\/\/carleton.ca\/french\/wp-json\/wp\/v2\/comments?post=8119"}],"version-history":[{"count":5,"href":"https:\/\/carleton.ca\/french\/wp-json\/wp\/v2\/pages\/8119\/revisions"}],"predecessor-version":[{"id":9567,"href":"https:\/\/carleton.ca\/french\/wp-json\/wp\/v2\/pages\/8119\/revisions\/9567"}],"wp:attachment":[{"href":"https:\/\/carleton.ca\/french\/wp-json\/wp\/v2\/media?parent=8119"}],"wp:term":[{"taxonomy":"cu_page_type","embeddable":true,"href":"https:\/\/carleton.ca\/french\/wp-json\/wp\/v2\/cu_page_type?post=8119"}],"curies":[{"name":"wp","href":"https:\/\/api.w.org\/{rel}","templated":true}]}}