{"id":9191,"date":"2025-06-03T10:32:07","date_gmt":"2025-06-03T14:32:07","guid":{"rendered":"https:\/\/carleton.ca\/french\/?page_id=9191"},"modified":"2025-09-16T10:36:38","modified_gmt":"2025-09-16T14:36:38","slug":"course-outlines-fall-winter-2024-2025","status":"publish","type":"page","link":"https:\/\/carleton.ca\/french\/course-outlines-fall-winter-2024-2025\/","title":{"rendered":"Course Outlines: Fall\/Winter 2024-2025"},"content":{"rendered":"\n<section class=\"w-screen px-6 cu-section cu-section--white ml-offset-center md:px-8 lg:px-14\">\n    <div class=\"space-y-6 cu-max-w-child-5xl  md:space-y-10 cu-prose-first-last\">\n\n            <div class=\"cu-textmedia flex flex-col lg:flex-row mx-auto gap-6 md:gap-10 my-6 md:my-12 first:mt-0 max-w-5xl\">\n        <div class=\"justify-start cu-textmedia-content cu-prose-first-last\" style=\"flex: 0 0 100%;\">\n            <header class=\"font-light prose-xl cu-pageheader md:prose-2xl cu-component-updated cu-prose-first-last\">\n                                    <h1 class=\"cu-prose-first-last font-semibold !mt-2 mb-4 md:mb-6 relative after:absolute after:h-px after:bottom-0 after:bg-cu-red after:left-px text-3xl md:text-4xl lg:text-5xl lg:leading-[3.5rem] pb-5 after:w-10 text-cu-black-700 not-prose\">\n                        Course Outlines: Fall\/Winter 2024-2025\n                    <\/h1>\n                \n                                \n                            <\/header>\n\n                    <\/div>\n\n            <\/div>\n\n    <\/div>\n<\/section>\n\n\n\n<h2 id=\"course-outlines-fall-winter-2024-2025\" class=\"wp-block-heading\">Course Outlines: Fall\/Winter 2024-2025<\/h2>\n\n\n\n<p><em>Some courses have preliminary outlines available, other course outlines will be posted as they become available.<br>\n**<strong>Please consult&nbsp;<a href=\"http:\/\/brightspace.carleton.ca\/\" target=\"_blank\" rel=\"noopener noreferrer\">Brightspace<\/a> for&nbsp;<span style=\"text-decoration: underline;\">final<\/span> information.**<\/strong><\/em><\/p>\n\n\n\n<figure class=\"wp-block-table\"><table class=\"has-fixed-layout\"><thead><tr><th><\/th><th><\/th><th><\/th><th><\/th><\/tr><\/thead><tbody><tr><td><strong>COURSE<\/strong><\/td><td><strong>SEC<\/strong><\/td><td><strong>Course Title<br>\n<\/strong><\/td><td><strong>Instructor<\/strong><\/td><\/tr><tr><td><a href=\"https:\/\/carleton.ca\/french\/wp-content\/uploads\/sites\/160\/202430-FINS-2105R-Aleksandra-Gvero.pdf\" target=\"_blank\" rel=\"noopener\">FINS 2105F<\/a><\/td><td>W<\/td><td>French Reading I<\/td><td>Aleksandra Gvero<\/td><\/tr><tr><td><a href=\"https:\/\/carleton.ca\/french\/wp-content\/uploads\/sites\/160\/202510-FINS-3105A-Aleksandra-Gvero.pdf\">FINS 3105W<\/a><\/td><td>W<\/td><td>French Reading II<\/td><td>Aleksandra Gvero<\/td><\/tr><tr><td><a href=\"https:\/\/carleton.ca\/french\/wp-content\/uploads\/sites\/160\/202430-FREN-1001A-Ann-Kabo.pdf\" target=\"_blank\" rel=\"noopener\">FREN 1001<\/a><\/td><td>A<\/td><td>French 1<\/td><td>Ann Kabo<\/td><\/tr><tr><td><a href=\"https:\/\/carleton.ca\/french\/wp-content\/uploads\/sites\/160\/202430-FREN-1001B-Ann-Kabo.pdf\" target=\"_blank\" rel=\"noopener\">FREN 1001<\/a><\/td><td>B<\/td><td>French 1<\/td><td>Ann Kabo<\/td><\/tr><tr><td><a href=\"https:\/\/carleton.ca\/french\/wp-content\/uploads\/sites\/160\/202430-FREN-1001C-Soumaya-Neggaz.pdf\" target=\"_blank\" rel=\"noopener\">FREN 1001<\/a><\/td><td>C<\/td><td>French 1<\/td><td>Soumaya Neggaz<\/td><\/tr><tr><td><a href=\"https:\/\/carleton.ca\/french\/wp-content\/uploads\/sites\/160\/202430-FREN-1002A-Frank-Adou.pdf\" target=\"_blank\" rel=\"noopener\">FREN 1002<\/a><\/td><td>A<\/td><td>French 2<\/td><td>Frank Adou<\/td><\/tr><tr><td><a href=\"https:\/\/carleton.ca\/french\/wp-content\/uploads\/sites\/160\/202430-FREN-1002B-AbdeRahim-Medjhoum.pdf\" target=\"_blank\" rel=\"noopener\">FREN 1002<\/a><\/td><td>B<\/td><td>French 2<\/td><td>AbdeRahim Medjhoum<\/td><\/tr><tr><td><a href=\"https:\/\/carleton.ca\/french\/wp-content\/uploads\/sites\/160\/202430-FREN-1002C-Francine-Benny.pdf\" target=\"_blank\" rel=\"noopener\">FREN 1002<\/a><\/td><td>C<\/td><td>French 2<\/td><td>Francine Benny<\/td><\/tr><tr><td><a href=\"https:\/\/carleton.ca\/french\/wp-content\/uploads\/sites\/160\/202430-FREN-1002D-Francine-Benny.pdf\" target=\"_blank\" rel=\"noopener\">FREN 1002<\/a><\/td><td>D<\/td><td>French 2<\/td><td>Francine Benny\/Nabila Djaafer<\/td><\/tr><tr><td><a href=\"https:\/\/carleton.ca\/french\/wp-content\/uploads\/sites\/160\/202430-FREN-1002E-AbdeRahim-Medjhoum.pdf\" target=\"_blank\" rel=\"noopener\">FREN 1002<\/a><\/td><td>E<\/td><td>French 2<\/td><td>AbdeRahim Medjhoum<\/td><\/tr><tr><td><a href=\"https:\/\/carleton.ca\/french\/wp-content\/uploads\/sites\/160\/202430-FREN-1002Y-Nabila-Djaafer.pdf\" target=\"_blank\" rel=\"noopener\">FREN 1002F<\/a><\/td><td>Y<\/td><td>French 2 Intensive<\/td><td>Nabila Djaafer<\/td><\/tr><tr><td><a href=\"https:\/\/carleton.ca\/french\/wp-content\/uploads\/sites\/160\/202430-FREN-1050A-Carmen-LeBlanc.pdf\" target=\"_blank\" rel=\"noopener\">FREN 1050<\/a><\/td><td>A<\/td><td>Le fran\u00e7ais en classe et dans le monde<\/td><td>Carmen LeBlanc<\/td><\/tr><tr><td><a href=\"https:\/\/carleton.ca\/french\/wp-content\/uploads\/sites\/160\/202430-FREN-1100A-Ali-Ghaharbeighi.pdf\" target=\"_blank\" rel=\"noopener\">FREN 1100<\/a><\/td><td>A<\/td><td>French 3<\/td><td>Ali Ghaharbeighi<\/td><\/tr><tr><td><a href=\"https:\/\/carleton.ca\/french\/wp-content\/uploads\/sites\/160\/202430-FREN-1100B-Ali-Ghaharbeighi.pdf\" target=\"_blank\" rel=\"noopener\">FREN 1100<\/a><\/td><td>B<\/td><td>French 3<\/td><td>Ali Ghaharbeighi<\/td><\/tr><tr><td><a href=\"https:\/\/carleton.ca\/french\/wp-content\/uploads\/sites\/160\/202430-FREN-1100C-Celine-Bonnotte.pdf\" target=\"_blank\" rel=\"noopener\">FREN 1100<\/a><\/td><td>C<\/td><td>French 3<\/td><td>C\u00e9line Bonnotte<\/td><\/tr><tr><td><a href=\"https:\/\/carleton.ca\/french\/wp-content\/uploads\/sites\/160\/202430-FREN-1100D-Frank-Adou.pdf\" target=\"_blank\" rel=\"noopener\">FREN 1100<\/a><\/td><td>D<\/td><td>French 3<\/td><td>Frank Adou<\/td><\/tr><tr><td><a href=\"https:\/\/carleton.ca\/french\/wp-content\/uploads\/sites\/160\/202510-FREN-1100Z-Mahmoud-Erfani.pdf\">FREN 1100W<\/a><\/td><td>Z<\/td><td>French 3 Intensive<\/td><td>Mahmoud Erfani<\/td><\/tr><tr><td><a href=\"https:\/\/carleton.ca\/french\/wp-content\/uploads\/sites\/160\/202430-FREN-2100B-Brahim-Amrendi.pdf\" target=\"_blank\" rel=\"noopener\">FREN 2100<\/a><\/td><td>B<\/td><td>French 4<\/td><td>Brahim Amrendi<\/td><\/tr><tr><td><a href=\"https:\/\/carleton.ca\/french\/wp-content\/uploads\/sites\/160\/202430-FREN-2100C-Frenand-L\u00e9ger.pdf\" target=\"_blank\" rel=\"noopener\">FREN 2100<\/a><\/td><td>C<\/td><td>French 4<\/td><td>Frenand L\u00e9ger<\/td><\/tr><tr><td><a href=\"https:\/\/carleton.ca\/french\/wp-content\/uploads\/sites\/160\/202430-FREN-2100D-Monia-Brahim.pdf\" target=\"_blank\" rel=\"noopener\">FREN 2100<\/a><\/td><td>D<\/td><td>French 4<\/td><td>Monia Brahim<\/td><\/tr><tr><td><a href=\"https:\/\/carleton.ca\/french\/wp-content\/uploads\/sites\/160\/202430-FREN-2100E-Soumaya-Neggaz.pdf\" target=\"_blank\" rel=\"noopener\">FREN 2100<\/a><\/td><td>E<\/td><td>French 4<\/td><td>Soumaya Neggaz<\/td><\/tr><tr><td><a href=\"https:\/\/carleton.ca\/french\/wp-content\/uploads\/sites\/160\/202430-FREN-2110A-Frenand-L\u00e9ger.pdf\" target=\"_blank\" rel=\"noopener\">FREN 2110<\/a><\/td><td>A<\/td><td>French 4: Writing<\/td><td>Frenand L\u00e9ger<\/td><\/tr><tr><td><a href=\"https:\/\/carleton.ca\/french\/wp-content\/uploads\/sites\/160\/202430-FREN-2202A-Christine-Duff.pdf\" target=\"_blank\" rel=\"noopener\">FREN 2202F<\/a><\/td><td>A<\/td><td>Introduction aux \u00e9tudes litt\u00e9raires 1<\/td><td>Christine Duff<\/td><\/tr><tr><td><a href=\"https:\/\/carleton.ca\/french\/wp-content\/uploads\/sites\/160\/202510-FREN-2202B-Christine-Duff.pdf\">FREN 2202W<\/a><\/td><td>B<\/td><td>Introduction aux \u00e9tudes litt\u00e9raires 1<\/td><td>Christine Duff<\/td><\/tr><tr><td><a href=\"https:\/\/carleton.ca\/french\/wp-content\/uploads\/sites\/160\/202430-FREN-2203A-Francine-Benny.pdf\" target=\"_blank\" rel=\"noopener\">FREN 2203F<\/a><\/td><td>A<\/td><td>Introduction aux \u00e9tudes litt\u00e9raires 2<\/td><td>Francine Benny<\/td><\/tr><tr><td><a href=\"https:\/\/carleton.ca\/french\/wp-content\/uploads\/sites\/160\/202510-FREN-2203B-Francine-Benny.pdf\">FREN 2203W<\/a><\/td><td>B<\/td><td>Introduction aux \u00e9tudes litt\u00e9raires 2<\/td><td>Francine Benny<\/td><\/tr><tr><td><a href=\"https:\/\/carleton.ca\/french\/wp-content\/uploads\/sites\/160\/202430-FREN-2401A-Randall-Gess.pdf\" target=\"_blank\" rel=\"noopener\">FREN 2401<\/a><\/td><td>A<\/td><td>Introduction \u00e0 la linguistique fran\u00e7aise<\/td><td>Randall Gess<\/td><\/tr><tr><td><a href=\"https:\/\/carleton.ca\/french\/wp-content\/uploads\/sites\/160\/202430-FREN-2401B-Salvio-Digesto.pdf\" target=\"_blank\" rel=\"noopener\">FREN 2401<\/a><\/td><td>B<\/td><td>Introduction \u00e0 la linguistique fran\u00e7aise<\/td><td>Salvio Digesto<\/td><\/tr><tr><td><a href=\"https:\/\/carleton.ca\/french\/wp-content\/uploads\/sites\/160\/202510-FREN-2701A-Randall-Gess-1.pdf\">FREN 2701W<\/a><\/td><td>A<\/td><td>Travaux pratiques en fran\u00e7ais oral<\/td><td>Randall Gess<\/td><\/tr><tr><td><a href=\"https:\/\/carleton.ca\/french\/wp-content\/uploads\/sites\/160\/202430-FREN-3050A-Christine-Duff.pdf\" target=\"_blank\" rel=\"noopener\">FREN 3050F<\/a><\/td><td>A<\/td><td>Comp\u00e9tences critiques<\/td><td>Christine Duff<\/td><\/tr><tr><td><a href=\"https:\/\/carleton.ca\/french\/wp-content\/uploads\/sites\/160\/202510-FREN-3060A-Celine-Bonnotte.pdf\">FREN 3060W<\/a><\/td><td>A<\/td><td>Perfectionnement de la grammaire par la pratique<\/td><td>C\u00e9line Bonnotte<\/td><\/tr><tr><td><a href=\"https:\/\/carleton.ca\/french\/wp-content\/uploads\/sites\/160\/202430-FREN-3213A-Sebastien-Cote.pdf\" target=\"_blank\" rel=\"noopener\">FREN 3213F<\/a><\/td><td>A<\/td><td><span class=\"courseblocktitle\">Du Baroque aux Lumi\u00e8res<\/span><\/td><td>S\u00e9bastien C\u00f4t\u00e9<\/td><\/tr><tr><td><a href=\"https:\/\/carleton.ca\/french\/wp-content\/uploads\/sites\/160\/202510-FREN-3216A-Sebastien-Cote.pdf\">FREN 3216W<\/a><\/td><td>A<\/td><td>Probl\u00e9matique litt\u00e9raire<\/td><td>S\u00e9bastien C\u00f4t\u00e9<\/td><\/tr><tr><td><a href=\"https:\/\/carleton.ca\/french\/wp-content\/uploads\/sites\/160\/202430-FREN-3411A-Randall-Gess.pdf\" target=\"_blank\" rel=\"noopener\">FREN 3411F<\/a><\/td><td>A<\/td><td>Phon\u00e9tique et phonologie du fran\u00e7ais<\/td><td>Randall Gess<\/td><\/tr><tr><td><a href=\"https:\/\/carleton.ca\/french\/wp-content\/uploads\/sites\/160\/202430-FREN-3412A-SalvioDigesto.pdf\" target=\"_blank\" rel=\"noopener\">FREN 3412F<\/a><\/td><td>A<\/td><td><span class=\"courseblocktitle\">Morphologie du fran\u00e7ais<\/span><\/td><td>Salvio Digesto<\/td><\/tr><tr><td><a href=\"https:\/\/carleton.ca\/french\/wp-content\/uploads\/sites\/160\/202510-FREN-3414A-Salvio-Digesto.pdf\">FREN 3414W<\/a><\/td><td>A<\/td><td><span class=\"courseblocktitle\">Sociolinguistique du fran\u00e7ais<\/span><\/td><td>Salvio Digesto<\/td><\/tr><tr><td><a href=\"https:\/\/carleton.ca\/french\/wp-content\/uploads\/sites\/160\/202430-FREN-3701A-Apolline-Glais.pdf\" target=\"_blank\" rel=\"noopener\">FREN 3701F<\/a><\/td><td>A<\/td><td>Fran\u00e7ais oral<\/td><td>Apolline Glais<\/td><\/tr><tr><td><a href=\"https:\/\/carleton.ca\/french\/wp-content\/uploads\/sites\/160\/202430-FREN-3702A-Celine-Bonnotte.pdf\" target=\"_blank\" rel=\"noopener\">FREN 3702F<\/a><\/td><td>A<\/td><td>Fran\u00e7ais \u00e9crit<\/td><td>C\u00e9line Bonnotte<\/td><\/tr><tr><td><a href=\"https:\/\/carleton.ca\/french\/wp-content\/uploads\/sites\/160\/202510-FREN-3900A-Frenand-Leger.pdf\">FREN 3900W<\/a><\/td><td>A<\/td><td><span class=\"courseblocktitle\">Apprentissage et enseignement du fran\u00e7ais langue seconde<\/span><\/td><td>Frenand L\u00e9ger<\/td><\/tr><tr><td><a href=\"https:\/\/carleton.ca\/french\/wp-content\/uploads\/sites\/160\/202430-FREN-4213A-Sebastien-Cote.pdf\" target=\"_blank\" rel=\"noopener\">FREN 4213F<\/a> \/ FREN 5213<\/td><td>A<\/td><td><span class=\"courseblocktitle\">Litt\u00e9rature qu\u00e9b\u00e9coise et canadienne d\u2019expression fran\u00e7aise<\/span><\/td><td>S\u00e9bastien C\u00f4t\u00e9<\/td><\/tr><tr><td><a href=\"https:\/\/carleton.ca\/french\/wp-content\/uploads\/sites\/160\/202430-FREN-LING-4412-5412-Salvio-Digesto.pdf\" target=\"_blank\" rel=\"noopener\">FREN 4412F<\/a> \/ FREN 5412<\/td><td>A<\/td><td>Diversit\u00e9 du fran\u00e7ais<\/td><td>Salvio Digesto<\/td><\/tr><\/tbody><\/table><\/figure>\n","protected":false},"excerpt":{"rendered":"<p>Course Outlines: Fall\/Winter 2024-2025 Some courses have preliminary outlines available, other course outlines will be posted as they become available. **Please consult&nbsp;Brightspace for&nbsp;final information.** COURSE SEC Course Title Instructor FINS 2105F W French Reading I Aleksandra Gvero FINS 3105W W French Reading II Aleksandra Gvero FREN 1001 A French 1 Ann Kabo FREN 1001 B [&hellip;]<\/p>\n","protected":false},"author":410,"featured_media":0,"parent":0,"menu_order":0,"comment_status":"closed","ping_status":"closed","template":"","meta":{"_acf_changed":false,"_cu_dining_location_slug":"","footnotes":"","_links_to":"","_links_to_target":""},"cu_page_type":[],"class_list":["post-9191","page","type-page","status-publish","hentry"],"acf":{"cu_post_thumbnail":""},"_links":{"self":[{"href":"https:\/\/carleton.ca\/french\/wp-json\/wp\/v2\/pages\/9191","targetHints":{"allow":["GET"]}}],"collection":[{"href":"https:\/\/carleton.ca\/french\/wp-json\/wp\/v2\/pages"}],"about":[{"href":"https:\/\/carleton.ca\/french\/wp-json\/wp\/v2\/types\/page"}],"author":[{"embeddable":true,"href":"https:\/\/carleton.ca\/french\/wp-json\/wp\/v2\/users\/410"}],"replies":[{"embeddable":true,"href":"https:\/\/carleton.ca\/french\/wp-json\/wp\/v2\/comments?post=9191"}],"version-history":[{"count":3,"href":"https:\/\/carleton.ca\/french\/wp-json\/wp\/v2\/pages\/9191\/revisions"}],"predecessor-version":[{"id":9561,"href":"https:\/\/carleton.ca\/french\/wp-json\/wp\/v2\/pages\/9191\/revisions\/9561"}],"wp:attachment":[{"href":"https:\/\/carleton.ca\/french\/wp-json\/wp\/v2\/media?parent=9191"}],"wp:term":[{"taxonomy":"cu_page_type","embeddable":true,"href":"https:\/\/carleton.ca\/french\/wp-json\/wp\/v2\/cu_page_type?post=9191"}],"curies":[{"name":"wp","href":"https:\/\/api.w.org\/{rel}","templated":true}]}}