{"id":9427,"date":"2025-09-08T12:42:35","date_gmt":"2025-09-08T16:42:35","guid":{"rendered":"https:\/\/carleton.ca\/french\/?page_id=9427"},"modified":"2026-02-20T15:35:49","modified_gmt":"2026-02-20T20:35:49","slug":"admin-team","status":"publish","type":"page","link":"https:\/\/carleton.ca\/french\/admin-team\/","title":{"rendered":"Admin Team"},"content":{"rendered":"\n<section class=\"w-screen px-6 cu-section cu-section--white ml-offset-center md:px-8 lg:px-14\">\n    <div class=\"space-y-6 cu-max-w-child-5xl  md:space-y-10 cu-prose-first-last\">\n\n            <div class=\"cu-textmedia flex flex-col lg:flex-row mx-auto gap-6 md:gap-10 my-6 md:my-12 first:mt-0 max-w-5xl\">\n        <div class=\"justify-start cu-textmedia-content cu-prose-first-last\" style=\"flex: 0 0 100%;\">\n            <header class=\"font-light prose-xl cu-pageheader md:prose-2xl cu-component-updated cu-prose-first-last\">\n                                    <h1 class=\"cu-prose-first-last font-semibold !mt-2 mb-4 md:mb-6 relative after:absolute after:h-px after:bottom-0 after:bg-cu-red after:left-px text-3xl md:text-4xl lg:text-5xl lg:leading-[3.5rem] pb-5 after:w-10 text-cu-black-700 not-prose\">\n                        Contact Us\n                    <\/h1>\n                \n                                \n                            <\/header>\n\n                    <\/div>\n\n            <\/div>\n\n    <\/div>\n<\/section>\n\n\n\n<h3 id=\"department-of-french\" class=\"wp-block-heading\">Department of French<\/h3>\n\n\n\n<section class=\"w-screen px-6 cu-section cu-section--white ml-offset-center md:px-8 lg:px-14\">\n    <div class=\"space-y-6 cu-max-w-child-5xl  md:space-y-10 cu-prose-first-last\">\n\n        \n    <div class=\"grid gap-6 mx-auto my-6 cu-column md:gap-10 md:grid-cols-2 md:my-10 first:mt-0\">\n        \n<div class=\"cu-column-content\">\n    \n\n<p class=\"has-text-align-left\">Department of French, Carleton University<br>1602 Dunton Tower<br>1125 Colonel By Drive<br>Ottawa, ON<br>K1S 5B6<\/p>\n\n\n\n<p class=\"has-text-align-left\"><strong class=\"myprefix-text-bold\">Phone<\/strong>: 613 520-2168<br><strong class=\"myprefix-text-bold\">Email<\/strong>:&nbsp;<a href=\"mailto:french@carleton.ca\" target=\"_blank\" rel=\"noreferrer noopener\">french@carleton.ca<\/a><br><strong class=\"myprefix-text-bold\">Office hours:<\/strong>&nbsp;(<em class=\"myprefix-text-italic\">Online on Fridays<\/em>)<br>8:30 am \u2013 12:00pm<br>1:00 pm \u2013 4:30 pm<\/p>\n\n\n<\/div>\n\n\n    <\/div>\n\n\n    <\/div>\n<\/section>\n\n\n\n<p><em><strong>The admin team is working a hybrid schedule so while walk-in inquiries are always welcome, for urgent matters we encourage you to reach out by email to set up an appointment. We are happy to meet with you either in person or virtually.<\/strong><\/em><\/p>\n\n\n\n<ul class=\"wp-block-list\">\n<li>For any questions regarding our programs, opportunities or course registration, please contact our wonderful Departmental Administrator at <a href=\"mailto:marieeve.couture@carleton.ca\" target=\"_blank\" rel=\"noreferrer noopener\">marieeve.couture@carleton.ca<\/a><\/li>\n\n\n\n<li>If you have specific questions about your audit or progression in our BA programs, please contact S\u00e9bastien C\u00f4t\u00e9, Undergraduate Supervisor, at&nbsp;<a href=\"mailto:sebastien.cote@carleton.ca\" target=\"_blank\" rel=\"noreferrer noopener\">sebastien.cote@carleton.ca<\/a>&nbsp;&nbsp;&nbsp;<\/li>\n\n\n\n<li>If you wish to contact the Chair, please do so at<a href=\"mailto:emilie.urbain@carleton.ca\" target=\"_blank\" rel=\"noreferrer noopener\"> emilie.urbain@carleton.ca<\/a>&nbsp;<\/li>\n\n\n\n<li>For general inquiries please contact&nbsp;<a href=\"mailto:french@carleton.ca\" target=\"_blank\" rel=\"noreferrer noopener\">french@carleton.ca<\/a>&nbsp;<\/li>\n<\/ul>\n\n\n\n<p><em><strong>Thank you for your co-operation and understanding.&nbsp;<\/strong><\/em><\/p>\n\n\n    \n<section class=\"w-screen px-6 cu-section cu-section--grey ml-offset-center md:px-8 lg:px-14\">\n    <div class=\"space-y-6 cu-max-w-child-5xl bg-cu-black-50 max-w-screen-2xl mx-auto rounded-xl px-6 py-5 md:px-14 md:py-12 md:space-y-10 cu-prose-first-last\">\n\n            <div class=\"cu-textmedia flex flex-col lg:flex-row mx-auto gap-6 md:gap-10 my-6 md:my-12 first:mt-0 max-w-5xl\">\n        <div class=\"justify-start cu-textmedia-content cu-prose-first-last\" style=\"flex: 0 0 60%;\">\n            <header class=\"font-light prose-xl cu-pageheader md:prose-2xl cu-component-updated cu-prose-first-last\">\n                                    <h2 class=\"cu-prose-first-last font-semibold !mt-2 mb-4 md:mb-6 relative after:absolute after:h-px after:bottom-0 after:bg-cu-red after:left-px text-2xl md:text-3xl lg:text-4xl lg:leading-[3rem] pb-4 after:w-8 text-cu-black-700 not-prose\">\n                        Departmental Administrator\n                    <\/h2>\n                \n                                \n                            <\/header>\n\n                            \n\n<p><strong>Marie-Eve Couture<br><\/strong>1602 Dunton Tower<br>613 520-8025<br><a href=\"mailto:marieeve.couture@carleton.ca\">marieeve.couture@carleton.ca<\/a><\/p>\n\n\n                    <\/div>\n\n                    <div class=\"cu-textmedia-bgimg flex-1 rounded-xl bg-no-repeat bg-cover \" style=\"background-image: url(https:\/\/carleton.ca\/french\/wp-content\/uploads\/sites\/160\/2025\/11\/AEC_5111-768x1152.jpg); background-position: 55% 28%; transform: scale(1);\"><\/div>\n            <\/div>\n\n    <\/div>\n<\/section>\n\n\n\n<h2 id=\"academic-administration\" class=\"wp-block-heading\">Academic Administration<\/h2>\n\n\n\n<section class=\"w-screen px-6 cu-section cu-section--white ml-offset-center md:px-8 lg:px-14\">\n    <div class=\"space-y-6 cu-max-w-child-5xl  md:space-y-10 cu-prose-first-last\">\n\n        \n    <div class=\"grid gap-6 mx-auto my-6 cu-column md:gap-10 md:grid-cols-2 md:my-10 first:mt-0\">\n        \n<div class=\"cu-column-content\">\n    \n\n<p class=\"has-text-align-left\"><a href=\"https:\/\/carleton.ca\/french\/people\/emilie-urbain\/\"><strong>\u00c9milie Urbain<\/strong><\/a><br><strong class=\"myprefix-text-bold\">Chair<\/strong><br>1611 Dunton Tower<br>613 520-2600 ext. 2173<br><a href=\"mailto:emilie.urbain@carleton.ca\">emilie.urbain@carleton.ca<\/a><\/p>\n\n\n<\/div>\n\n\n<div class=\"cu-column-content\">\n    \n\n<p class=\"has-text-align-left\"><strong><a href=\"https:\/\/carleton.ca\/french\/people\/sebastien-cote\/\">S\u00e9bastien C\u00f4t\u00e9<\/a><br><\/strong><strong class=\"myprefix-text-bold\">Undergraduate Supervisor<\/strong><br>1612 Dunton Tower<br>613 520-2600 ext. 2174<br><a href=\"mailto:sebastien.cote@carleton.ca\">sebastien.cote@carleton.ca<\/a><\/p>\n\n\n<\/div>\n\n\n<div class=\"cu-column-content\">\n    \n\n<p class=\"has-text-align-left\"><\/p>\n\n\n<\/div>\n\n\n<div class=\"cu-column-content\">\n    \n\n<p><\/p>\n\n\n<\/div>\n\n\n    <\/div>\n\n\n    <\/div>\n<\/section>\n\n\n\n<p><\/p>\n\n\n\n<p><\/p>\n","protected":false},"excerpt":{"rendered":"<p>Department of French The admin team is working a hybrid schedule so while walk-in inquiries are always welcome, for urgent matters we encourage you to reach out by email to set up an appointment. We are happy to meet with you either in person or virtually. Thank you for your co-operation and understanding.&nbsp; Academic Administration<\/p>\n","protected":false},"author":410,"featured_media":0,"parent":0,"menu_order":0,"comment_status":"closed","ping_status":"closed","template":"","meta":{"_acf_changed":false,"_cu_dining_location_slug":"","footnotes":"","_links_to":"","_links_to_target":""},"cu_page_type":[],"class_list":["post-9427","page","type-page","status-publish","hentry"],"acf":{"cu_post_thumbnail":""},"_links":{"self":[{"href":"https:\/\/carleton.ca\/french\/wp-json\/wp\/v2\/pages\/9427","targetHints":{"allow":["GET"]}}],"collection":[{"href":"https:\/\/carleton.ca\/french\/wp-json\/wp\/v2\/pages"}],"about":[{"href":"https:\/\/carleton.ca\/french\/wp-json\/wp\/v2\/types\/page"}],"author":[{"embeddable":true,"href":"https:\/\/carleton.ca\/french\/wp-json\/wp\/v2\/users\/410"}],"replies":[{"embeddable":true,"href":"https:\/\/carleton.ca\/french\/wp-json\/wp\/v2\/comments?post=9427"}],"version-history":[{"count":5,"href":"https:\/\/carleton.ca\/french\/wp-json\/wp\/v2\/pages\/9427\/revisions"}],"predecessor-version":[{"id":10405,"href":"https:\/\/carleton.ca\/french\/wp-json\/wp\/v2\/pages\/9427\/revisions\/10405"}],"wp:attachment":[{"href":"https:\/\/carleton.ca\/french\/wp-json\/wp\/v2\/media?parent=9427"}],"wp:term":[{"taxonomy":"cu_page_type","embeddable":true,"href":"https:\/\/carleton.ca\/french\/wp-json\/wp\/v2\/cu_page_type?post=9427"}],"curies":[{"name":"wp","href":"https:\/\/api.w.org\/{rel}","templated":true}]}}