{"id":9675,"date":"2025-09-25T15:25:31","date_gmt":"2025-09-25T19:25:31","guid":{"rendered":"https:\/\/carleton.ca\/french\/?page_id=9675"},"modified":"2025-10-15T15:17:44","modified_gmt":"2025-10-15T19:17:44","slug":"news-and-events","status":"publish","type":"page","link":"https:\/\/carleton.ca\/french\/news-and-events\/","title":{"rendered":"News and Events"},"content":{"rendered":"\n<section class=\"w-screen px-6 cu-section cu-section--white ml-offset-center md:px-8 lg:px-14\">\n    <div class=\"space-y-6 cu-max-w-child-max  md:space-y-10 cu-prose-first-last\">\n\n        \n                    \n                    \n            \n    <div class=\"cu-wideimage relative flex items-center justify-center mx-auto px-8 overflow-hidden md:px-16 rounded-xl not-prose  my-6 md:my-12 first:mt-0 bg-opacity-50 bg-cover bg-cu-black-50 py-24 md:py-28 lg:py-36 xl:py-48\" style=\"background-image: url(https:\/\/carleton.ca\/french\/wp-content\/uploads\/sites\/160\/2025\/10\/shubham-sharan-oa7OyUqNs5E-unsplash-768x363.jpg); background-position: 21% 38%;\">\n\n                    <div class=\"absolute top-0 w-full h-screen\" style=\"background-color:rgba(0,0,0,0.600);\"><\/div>\n        \n        <div class=\"relative z-[2] max-w-4xl w-full flex flex-col items-center gap-2 cu-wideimage-image cu-zero-first-last\">\n            <header class=\"mx-auto mb-6 text-center text-white cu-pageheader cu-component-updated cu-pageheader--center md:mb-12\">\n\n                                    <h1 class=\"cu-prose-first-last font-semibold mb-2 text-3xl md:text-4xl lg:text-5xl lg:leading-[3.5rem] cu-pageheader--center text-center mx-auto after:left-px\">\n                        News &amp; Events\n                    <\/h1>\n                \n                            <\/header>\n        <\/div>\n\n            <\/div>\n\n    \n\n    <\/div>\n<\/section>\n\n\n\n\n\n\n                                                                                                                                                                                                                                                                                                                                                                                                        \n\n\n\n<section class=\"w-screen px-6 cu-section cu-section--white cu-section--cards ml-offset-center md:px-8 lg:px-14\" data-attributes=\"&#x7B;&quot;blockHeader&quot;&#x3A;&quot;Department&#x20;News&quot;,&quot;moreButton&quot;&#x3A;&quot;loadmore&quot;,&quot;showDates&quot;&#x3A;false,&quot;blockType&quot;&#x3A;&quot;cards&quot;,&quot;contentType&quot;&#x3A;&quot;post&quot;,&quot;currentPage&quot;&#x3A;1,&quot;blockBackground&quot;&#x3A;&quot;white&quot;,&quot;numberOfColumns&quot;&#x3A;3,&quot;numberOfPosts&quot;&#x3A;6,&quot;showImages&quot;&#x3A;true,&quot;showTimeToRead&quot;&#x3A;true,&quot;showExcerpts&quot;&#x3A;true,&quot;showFilter&quot;&#x3A;false,&quot;taxName&quot;&#x3A;&quot;category&quot;,&quot;categories&quot;&#x3A;&quot;&quot;,&quot;tags&quot;&#x3A;&quot;&quot;&#x7D;\" data-page=\"2\">\n    <div class=\"space-y-6 cu-max-w-child-5xl  md:space-y-10 cu-prose-first-last\">\n\n                            \n\n\n<header class=\"mb-6 cu-pageheader cu-component-updated md:mb-12\">\n    <h2 id=\"department-news\" class=\"cu-prose-first-last font-semibold !mt-2 mb-4 md:mb-6 relative text-2xl md:text-3xl lg:text-4xl lg:leading-[3rem] pb-4 after:w-8 after:absolute after:h-px after:bottom-0 after:bg-cu-red after:left-px\">\n        Department News\n    <\/h2>\n\n    <\/header>\n        \n                \n        <div class=\"cu-loading hidden text-center mx-auto h-6 w-6 animate-spin rounded-full border-4 border-solid border-current border-r-transparent align-[-0.125em] motion-reduce:animate-[spin_1.5s_linear_infinite]\" role=\"status\">\n    <span class=\"!absolute !-m-px !h-px !w-px !overflow-hidden !whitespace-nowrap !border-0 !p-0 ![clip:rect(0,0,0,0)]\">\n        Loading&#8230;\n    <\/span>\n<\/div>\n\n                                        \n        <p class=\"cu-no-posts hidden\">\n            No\n            category\n\n            posts are available.\n        <\/p>\n\n                <div class=\"cu-column cu-component not-contained mx-auto grid max-w-5xl md:grid-cols-3 gap-6 md:gap-10\">\n                        \n                    \n\n<div class=\"not-prose cu-card rounded-lg @container md:max-w-xl flex flex-col gap-3 bg-white shadow-lg shadow-cu-black-100 group duration-300 ease-in hover:scale-[1.02] hover:shadow-cu-black-200\">\n\n            <figure class=\"mb-2 overflow-hidden rounded-t-lg\">\n            <img loading=\"lazy\" decoding=\"async\" src=\"https:\/\/its-production.s3.amazonaws.com\/gutenberg\/cutheme-plugin\/images\/thumb-fallbacks\/news-thumb-1.jpg\" alt=\"Randomly generated thumbnail\" width=\"600\" height=\"400\" \/>\n        <\/figure>\n    \n    \n        <header class=\"flex flex-col gap-3  px-6 first:mt-6\">\n        <div class=\"flex flex-row w-full gap-1\">\n                    <\/div>        \n        \n    \n    <h3 class=\"line-clamp-3 text-lg font-semibold text-cu-black @sm:md:text-xl leading-6 @sm:md:leading-8\">\n        Anne Tr\u00e9panier publie un entretien men\u00e9 avec les autrices Naomi Fontaine et Emmanuelle Dufour\n    <\/h3>\n\n            <\/header>\n\n\n            <div class=\"flex flex-col px-6 dark:text-white\">\n            <p class=\"text-base text-cu-black-700 dark:text-white \">\n                D\u00e9couvrez la publication r\u00e9cente de l&#8217;entretien men\u00e9 par Anne Tr\u00e9panier avec les autrices Naomi Fontaine et Emmanuelle Dufour (dans le cours de Pascale Puccini) sur\n                                    &#8230;\n                            <\/p>\n        <\/div>\n    \n    <footer class=\"px-6 pt-3 mt-auto md:pt-5\">\n        <a href=\"https:\/\/carleton.ca\/french\/2026\/anne-trepanier-publie-un-entretien-mene-avec-les-autrices-naomi-fontaine-et-emmanuelle-dufour\/\" class=\"cu-button cu-button--red cu-button--small\">\n            Read news\n            <span class=\"sr-only\">\n                post\n                Anne Tr\u00e9panier publie un entretien men\u00e9 avec les autrices Naomi Fontaine et Emmanuelle Dufour\n            <\/span>\n        <\/a>\n    <\/footer>\n<\/div>\n\n            \n                    \n\n<div class=\"not-prose cu-card rounded-lg @container md:max-w-xl flex flex-col gap-3 bg-white shadow-lg shadow-cu-black-100 group duration-300 ease-in hover:scale-[1.02] hover:shadow-cu-black-200\">\n\n            <figure class=\"mb-2 overflow-hidden rounded-t-lg\">\n            <img loading=\"lazy\" decoding=\"async\" src=\"https:\/\/carleton.ca\/french\/wp-content\/uploads\/sites\/160\/2026\/03\/istockphoto-2148856297-612x612-1-600x400.jpg\" alt=\"\" width=\"600\" height=\"400\" \/>\n        <\/figure>\n    \n    \n        <header class=\"flex flex-col gap-3  px-6 first:mt-6\">\n        <div class=\"flex flex-row w-full gap-1\">\n                    <\/div>        \n        \n    \n    <h3 class=\"line-clamp-3 text-lg font-semibold text-cu-black @sm:md:text-xl leading-6 @sm:md:leading-8\">\n        Le d\u00e9partement de fran\u00e7ais vous invite \u00e0 la Conf\u00e9rence de Mary Gallagher le 19 mars prochain\n    <\/h3>\n\n            <\/header>\n\n\n            <div class=\"flex flex-col px-6 dark:text-white\">\n            <p class=\"text-base text-cu-black-700 dark:text-white \">\n                \n                            <\/p>\n        <\/div>\n    \n    <footer class=\"px-6 pt-3 mt-auto md:pt-5\">\n        <a href=\"https:\/\/carleton.ca\/french\/2026\/le-departement-de-francais-vous-invite-a-la-conference-de-mary-gallagher\/\" class=\"cu-button cu-button--red cu-button--small\">\n            Read news\n            <span class=\"sr-only\">\n                post\n                Le d\u00e9partement de fran\u00e7ais vous invite \u00e0 la Conf\u00e9rence de Mary Gallagher le 19 mars prochain\n            <\/span>\n        <\/a>\n    <\/footer>\n<\/div>\n\n            \n                    \n\n<div class=\"not-prose cu-card rounded-lg @container md:max-w-xl flex flex-col gap-3 bg-white shadow-lg shadow-cu-black-100 group duration-300 ease-in hover:scale-[1.02] hover:shadow-cu-black-200\">\n\n            <figure class=\"mb-2 overflow-hidden rounded-t-lg\">\n            <img loading=\"lazy\" decoding=\"async\" src=\"https:\/\/carleton.ca\/french\/wp-content\/uploads\/sites\/160\/2026\/03\/image001-600x400.jpg\" alt=\"\" width=\"600\" height=\"400\" \/>\n        <\/figure>\n    \n    \n        <header class=\"flex flex-col gap-3  px-6 first:mt-6\">\n        <div class=\"flex flex-row w-full gap-1\">\n                    <\/div>        \n        \n    \n    <h3 class=\"line-clamp-3 text-lg font-semibold text-cu-black @sm:md:text-xl leading-6 @sm:md:leading-8\">\n        C\u00e9l\u00e9brez le mois de la Francophonie avec nous!\n    <\/h3>\n\n            <\/header>\n\n\n            <div class=\"flex flex-col px-6 dark:text-white\">\n            <p class=\"text-base text-cu-black-700 dark:text-white \">\n                \n                            <\/p>\n        <\/div>\n    \n    <footer class=\"px-6 pt-3 mt-auto md:pt-5\">\n        <a href=\"https:\/\/carleton.ca\/french\/2026\/celebrez-le-mois-de-la-francophonie-avec-nous\/\" class=\"cu-button cu-button--red cu-button--small\">\n            Read news\n            <span class=\"sr-only\">\n                post\n                C\u00e9l\u00e9brez le mois de la Francophonie avec nous!\n            <\/span>\n        <\/a>\n    <\/footer>\n<\/div>\n\n            \n                    \n\n<div class=\"not-prose cu-card rounded-lg @container md:max-w-xl flex flex-col gap-3 bg-white shadow-lg shadow-cu-black-100 group duration-300 ease-in hover:scale-[1.02] hover:shadow-cu-black-200\">\n\n            <figure class=\"mb-2 overflow-hidden rounded-t-lg\">\n            <img loading=\"lazy\" decoding=\"async\" src=\"https:\/\/carleton.ca\/french\/wp-content\/uploads\/sites\/160\/2025\/12\/1000026150-600x400.jpg\" alt=\"\" width=\"600\" height=\"400\" \/>\n        <\/figure>\n    \n    \n        <header class=\"flex flex-col gap-3  px-6 first:mt-6\">\n        <div class=\"flex flex-row w-full gap-1\">\n                    <\/div>        \n        \n    \n    <h3 class=\"line-clamp-3 text-lg font-semibold text-cu-black @sm:md:text-xl leading-6 @sm:md:leading-8\">\n        Le D\u00e9partement c\u00e9l\u00e8bre la retraite de Randall et Carmen!\n    <\/h3>\n\n            <\/header>\n\n\n            <div class=\"flex flex-col px-6 dark:text-white\">\n            <p class=\"text-base text-cu-black-700 dark:text-white \">\n                \n                            <\/p>\n        <\/div>\n    \n    <footer class=\"px-6 pt-3 mt-auto md:pt-5\">\n        <a href=\"https:\/\/carleton.ca\/french\/2025\/le-departement-celebre-la-retraite-de-randall-et-carmen\/\" class=\"cu-button cu-button--red cu-button--small\">\n            Read news\n            <span class=\"sr-only\">\n                post\n                Le D\u00e9partement c\u00e9l\u00e8bre la retraite de Randall et Carmen!\n            <\/span>\n        <\/a>\n    <\/footer>\n<\/div>\n\n            \n                    \n\n<div class=\"not-prose cu-card rounded-lg @container md:max-w-xl flex flex-col gap-3 bg-white shadow-lg shadow-cu-black-100 group duration-300 ease-in hover:scale-[1.02] hover:shadow-cu-black-200\">\n\n            <figure class=\"mb-2 overflow-hidden rounded-t-lg\">\n            <img loading=\"lazy\" decoding=\"async\" src=\"https:\/\/carleton.ca\/french\/wp-content\/uploads\/sites\/160\/2025\/11\/583191807_820179067394671_4660016536482661332_n-1-600x400.jpg\" alt=\"\" width=\"600\" height=\"400\" \/>\n        <\/figure>\n    \n    \n        <header class=\"flex flex-col gap-3  px-6 first:mt-6\">\n        <div class=\"flex flex-row w-full gap-1\">\n                    <\/div>        \n        \n    \n    <h3 class=\"line-clamp-3 text-lg font-semibold text-cu-black @sm:md:text-xl leading-6 @sm:md:leading-8\">\n        Join the Club francophone for a French Trivia next Thursday, Nov. 27th!\n    <\/h3>\n\n            <\/header>\n\n\n            <div class=\"flex flex-col px-6 dark:text-white\">\n            <p class=\"text-base text-cu-black-700 dark:text-white \">\n                \n                            <\/p>\n        <\/div>\n    \n    <footer class=\"px-6 pt-3 mt-auto md:pt-5\">\n        <a href=\"https:\/\/carleton.ca\/french\/2025\/trivia-night-by-the-club-francophone\/\" class=\"cu-button cu-button--red cu-button--small\">\n            Read news\n            <span class=\"sr-only\">\n                post\n                Join the Club francophone for a French Trivia next Thursday, Nov. 27th!\n            <\/span>\n        <\/a>\n    <\/footer>\n<\/div>\n\n            \n                    \n\n<div class=\"not-prose cu-card rounded-lg @container md:max-w-xl flex flex-col gap-3 bg-white shadow-lg shadow-cu-black-100 group duration-300 ease-in hover:scale-[1.02] hover:shadow-cu-black-200\">\n\n            <figure class=\"mb-2 overflow-hidden rounded-t-lg\">\n            <img loading=\"lazy\" decoding=\"async\" src=\"https:\/\/carleton.ca\/french\/wp-content\/uploads\/sites\/160\/2025\/10\/584725109_25465219963130546_1937987584707812728_n-600x400.jpg\" alt=\"\" width=\"600\" height=\"400\" \/>\n        <\/figure>\n    \n    \n        <header class=\"flex flex-col gap-3  px-6 first:mt-6\">\n        <div class=\"flex flex-row w-full gap-1\">\n                    <\/div>        \n        \n    \n    <h3 class=\"line-clamp-3 text-lg font-semibold text-cu-black @sm:md:text-xl leading-6 @sm:md:leading-8\">\n        Bravo Catherine! Her translation is shortlisted for the 2026 Andrew Carnegie Medals\n    <\/h3>\n\n            <\/header>\n\n\n            <div class=\"flex flex-col px-6 dark:text-white\">\n            <p class=\"text-base text-cu-black-700 dark:text-white \">\n                Bravo \u00e0 notre coll\u00e8gue Catherine Khordoc! Sa traduction en anglais de Baldwin, Styron and me, le livre de M\u00e9likah Abdelmoumen, a \u00e9t\u00e9 retenue comme finaliste\n                                    &#8230;\n                            <\/p>\n        <\/div>\n    \n    <footer class=\"px-6 pt-3 mt-auto md:pt-5\">\n        <a href=\"https:\/\/carleton.ca\/french\/2025\/catherine-khordocs-translation-finalist-for-the-governor-generals-award\/\" class=\"cu-button cu-button--red cu-button--small\">\n            Read news\n            <span class=\"sr-only\">\n                post\n                Bravo Catherine! Her translation is shortlisted for the 2026 Andrew Carnegie Medals\n            <\/span>\n        <\/a>\n    <\/footer>\n<\/div>\n\n                    \n        <\/div>\n        \n                                            <button aria-label=\"Load More\" class=\"loadMore cu-button not-prose cu-button--dark-grey cu-button--center \" type=\"button\">\n    <div class=\"block load-more-button\">\n        Load More\n    <\/div>\n    <div class=\"hidden no-more-posts\">\n        No more to load\n    <\/div>\n    <div class=\"items-center justify-center hidden load-more-spinner cu-pageloader\">\n    <div class=\"inline-block h-6 w-6 animate-spin rounded-full border-4 border-solid border-current border-r-transparent align-[-0.125em] motion-reduce:animate-[spin_1.5s_linear_infinite]\" role=\"status\">\n        <span class=\"!absolute !-m-px !h-px !w-px !overflow-hidden !whitespace-nowrap !border-0 !p-0 ![clip:rect(0,0,0,0)]\">\n            Loading&#8230;\n        <\/span>\n    <\/div>\n<\/div>\n<\/button>\n                    \n    <\/div>\n<\/section>\n\n\n\n\n\n\n                                                                                                                                                                                                                                                                                                                                                                                                                                    \n\n\n\n<section class=\"w-screen px-6 cu-section cu-section--white cu-section--cards ml-offset-center md:px-8 lg:px-14\" data-attributes=\"&#x7B;&quot;blockHeader&quot;&#x3A;&quot;Department&#x20;Events&quot;,&quot;moreButton&quot;&#x3A;&quot;loadmore&quot;,&quot;numberOfColumns&quot;&#x3A;3,&quot;blockBackground&quot;&#x3A;&quot;white&quot;,&quot;numberOfPosts&quot;&#x3A;6,&quot;currentPage&quot;&#x3A;1,&quot;blockType&quot;&#x3A;&quot;cards&quot;,&quot;contentType&quot;&#x3A;&quot;cu_event&quot;,&quot;taxName&quot;&#x3A;&quot;cu_event_type&quot;,&quot;order&quot;&#x3A;&quot;ASC&quot;,&quot;orderBy&quot;&#x3A;&quot;meta_value&quot;,&quot;metaCompare&quot;&#x3A;&quot;&gt;&#x3D;&quot;,&quot;metaField&quot;&#x3A;&quot;cu_event_end_date&quot;,&quot;showFilter&quot;&#x3A;false,&quot;hideEventMeta&quot;&#x3A;false,&quot;categories&quot;&#x3A;&quot;&quot;,&quot;tags&quot;&#x3A;&quot;&quot;&#x7D;\" data-page=\"2\">\n    <div class=\"space-y-6 cu-max-w-child-5xl  md:space-y-10 cu-prose-first-last\">\n\n                            \n\n\n<header class=\"mb-6 cu-pageheader cu-component-updated md:mb-12\">\n    <h2 id=\"department-events\" class=\"cu-prose-first-last font-semibold !mt-2 mb-4 md:mb-6 relative text-2xl md:text-3xl lg:text-4xl lg:leading-[3rem] pb-4 after:w-8 after:absolute after:h-px after:bottom-0 after:bg-cu-red after:left-px\">\n        Department Events\n    <\/h2>\n\n    <\/header>\n        \n                \n        <div class=\"cu-loading hidden text-center mx-auto h-6 w-6 animate-spin rounded-full border-4 border-solid border-current border-r-transparent align-[-0.125em] motion-reduce:animate-[spin_1.5s_linear_infinite]\" role=\"status\">\n    <span class=\"!absolute !-m-px !h-px !w-px !overflow-hidden !whitespace-nowrap !border-0 !p-0 ![clip:rect(0,0,0,0)]\">\n        Loading&#8230;\n    <\/span>\n<\/div>\n\n                                        \n        <p class=\"cu-no-posts \">\n            No\n            event\n\n            posts are available.\n        <\/p>\n\n                <div class=\"cu-column cu-component not-contained mx-auto grid max-w-5xl md:grid-cols-3 gap-6 md:gap-10\">\n                                \n        <\/div>\n        \n                                            <button aria-label=\"Load More\" class=\"loadMore cu-button not-prose cu-button--dark-grey cu-button--center cu-button--hide\" type=\"button\">\n    <div class=\"block load-more-button\">\n        Load More\n    <\/div>\n    <div class=\"hidden no-more-posts\">\n        No more to load\n    <\/div>\n    <div class=\"items-center justify-center hidden load-more-spinner cu-pageloader\">\n    <div class=\"inline-block h-6 w-6 animate-spin rounded-full border-4 border-solid border-current border-r-transparent align-[-0.125em] motion-reduce:animate-[spin_1.5s_linear_infinite]\" role=\"status\">\n        <span class=\"!absolute !-m-px !h-px !w-px !overflow-hidden !whitespace-nowrap !border-0 !p-0 ![clip:rect(0,0,0,0)]\">\n            Loading&#8230;\n        <\/span>\n    <\/div>\n<\/div>\n<\/button>\n                    \n    <\/div>\n<\/section>\n","protected":false},"excerpt":{"rendered":"","protected":false},"author":40,"featured_media":0,"parent":0,"menu_order":0,"comment_status":"closed","ping_status":"closed","template":"","meta":{"_acf_changed":false,"_cu_dining_location_slug":"","footnotes":"","_links_to":"","_links_to_target":""},"cu_page_type":[],"class_list":["post-9675","page","type-page","status-publish","hentry"],"acf":{"cu_post_thumbnail":""},"_links":{"self":[{"href":"https:\/\/carleton.ca\/french\/wp-json\/wp\/v2\/pages\/9675","targetHints":{"allow":["GET"]}}],"collection":[{"href":"https:\/\/carleton.ca\/french\/wp-json\/wp\/v2\/pages"}],"about":[{"href":"https:\/\/carleton.ca\/french\/wp-json\/wp\/v2\/types\/page"}],"author":[{"embeddable":true,"href":"https:\/\/carleton.ca\/french\/wp-json\/wp\/v2\/users\/40"}],"replies":[{"embeddable":true,"href":"https:\/\/carleton.ca\/french\/wp-json\/wp\/v2\/comments?post=9675"}],"version-history":[{"count":2,"href":"https:\/\/carleton.ca\/french\/wp-json\/wp\/v2\/pages\/9675\/revisions"}],"predecessor-version":[{"id":9989,"href":"https:\/\/carleton.ca\/french\/wp-json\/wp\/v2\/pages\/9675\/revisions\/9989"}],"wp:attachment":[{"href":"https:\/\/carleton.ca\/french\/wp-json\/wp\/v2\/media?parent=9675"}],"wp:term":[{"taxonomy":"cu_page_type","embeddable":true,"href":"https:\/\/carleton.ca\/french\/wp-json\/wp\/v2\/cu_page_type?post=9675"}],"curies":[{"name":"wp","href":"https:\/\/api.w.org\/{rel}","templated":true}]}}