{"id":9988,"date":"2025-10-15T15:27:53","date_gmt":"2025-10-15T19:27:53","guid":{"rendered":"https:\/\/carleton.ca\/french\/?page_id=9988"},"modified":"2025-10-22T12:56:31","modified_gmt":"2025-10-22T16:56:31","slug":"examen-oral","status":"publish","type":"page","link":"https:\/\/carleton.ca\/french\/examen-oral\/","title":{"rendered":"Examen oral"},"content":{"rendered":"\n<section class=\"w-screen px-6 cu-section cu-section--white ml-offset-center md:px-8 lg:px-14\">\n    <div class=\"space-y-6 cu-max-w-child-5xl  md:space-y-10 cu-prose-first-last\">\n\n            <div class=\"cu-textmedia flex flex-col lg:flex-row mx-auto gap-6 md:gap-10 my-6 md:my-12 first:mt-0 max-w-5xl\">\n        <div class=\"justify-start cu-textmedia-content cu-prose-first-last\" style=\"flex: 0 0 100%;\">\n            <header class=\"font-light prose-xl cu-pageheader md:prose-2xl cu-component-updated cu-prose-first-last\">\n                                    <h1 class=\"cu-prose-first-last font-semibold !mt-2 mb-4 md:mb-6 relative after:absolute after:h-px after:bottom-0 after:bg-cu-red after:left-px text-3xl md:text-4xl lg:text-5xl lg:leading-[3.5rem] pb-5 after:w-10 text-cu-black-700 not-prose\">\n                        Examen oral des finissants\n                    <\/h1>\n                \n                                \n                                    \n\n<p>If you are enrolled in our BA General or BA Honours in French, by the end of your degree, you will have to fill the program requirement for oral proficiency. Learn more about this process on this page.  <\/p>\n\n\n                            <\/header>\n\n                    <\/div>\n\n            <\/div>\n\n    <\/div>\n<\/section>\n\n\n\n<h2 id=\"qui-doit-faire-lexamen-oral-des-finissants\" class=\"wp-block-heading has-text-align-left\">Qui doit faire l&#8217;examen oral des finissants? <\/h2>\n\n\n\n<p>L\u2019examen oral est obligatoire pour tous les finissants du programme d\u2019\u00e9tudes fran\u00e7aises (BA General ou BA Honours\/Combined Honours).<\/p>\n\n\n\n<p>Le d\u00e9partement organise deux sessions d&#8217;examen : une \u00e0 l&#8217;automne et une \u00e0 l&#8217;hiver.&nbsp;&nbsp;<\/p>\n\n\n\n<p>Vous pouvez vous inscrire en troisi\u00e8me ou en quatri\u00e8me ann\u00e9e (<em>third year\/4th year standing<\/em>). \u00c0 la session d&#8217;automne, priorit\u00e9 est donn\u00e9e aux \u00e9tudiant\u00b7e\u00b7s qui sont dans la derni\u00e8re ann\u00e9e de leur programme.<\/p>\n\n\n\n<h2 id=\"deroulement-de-lexamen\" class=\"wp-block-heading has-text-align-left\">D\u00e9roulement de l&#8217;examen<\/h2>\n\n\n\n<p>L\u2019examen est d\u2019une dur\u00e9e de 30 minutes et comprend trois modules&nbsp;:<\/p>\n\n\n\n<ul class=\"wp-block-list\">\n<li>Module 1. Discussion libre portant sur l\u2019apprentissage du fran\u00e7ais.<\/li>\n\n\n\n<li><span style=\"font-family: var(--wp--preset--font-family--system);font-size: var(--wp--preset--font-size--medium)\">Module 2. Donner des conseils et convaincre un\u00b7e ami\u00b7e.<\/span><\/li>\n\n\n\n<li>Module 3. Pr\u00e9sentation argument\u00e9e \u00e0 partir d&#8217;un sujet impos\u00e9<\/li>\n<\/ul>\n\n\n\n<p>N.B. Vous aurez le choix entre trois sujets pour la pr\u00e9sentation et vous aurez 30 minutes pour pr\u00e9parer votre argumentation (un dictionnaire, le Bescherelle, du papier et des crayons vous seront fournis). Une fois les 30 minutes \u00e9coul\u00e9es, un membre du jury viendra vous chercher pour l\u2019examen.<\/p>\n\n\n\n<h2 id=\"criteres-devaluation-de-lexamen\" class=\"wp-block-heading has-text-align-left\">Crit\u00e8res d&#8217;\u00e9valuation de l&#8217;examen<\/h2>\n\n\n\n<p>Les crit\u00e8res d\u2019\u00e9valuation diff\u00e8rent l\u00e9g\u00e8rement entre le French B.A. et le French B.A. Honours.&nbsp;&nbsp;Il est attendu que les \u00e9tudiant\u00b7e\u00b7s finissant\u00b7e\u00b7s de nos programmes atteignent le niveau B2 du <a href=\"https:\/\/www.coe.int\/fr\/web\/common-european-framework-reference-languages\">CECR<\/a>.<\/p>\n\n\n\n<h3 id=\"\" class=\"wp-block-heading\"><\/h3>\n\n\n\n<figure class=\"wp-block-table\"><table class=\"has-fixed-layout\"><thead><tr><th>Comp\u00e9tences \u00e0 atteindre pour le niveau B2 du CECR<\/th><\/tr><\/thead><tbody><tr><td>Peut communiquer avec un niveau d\u2019aisance et de spontan\u00e9it\u00e9 tel qu\u2019une interaction soutenue avec des utilisateurs de la langue cible soit tout \u00e0 fait possible sans entra\u00eener de tension ni d\u2019une part ni de l\u2019autre.&nbsp;<br>Peut mettre en valeur la signification personnelle de faits et d\u2019exp\u00e9riences, exposer ses opinions et les d\u00e9fendre avec pertinence en fournissant explications et arguments.<br>Peut exprimer, justifier et d\u00e9fendre son opinion, \u00e9valuer d\u2019autres propositions ainsi que r\u00e9pondre \u00e0 des hypoth\u00e8ses et en faire.<br>Peut demander des explications et des \u00e9claircissements pour s\u2019assurer qu\u2019il\/elle comprend des id\u00e9es complexes et abstraites.<br>Peut esquisser clairement \u00e0 grands traits une question ou un probl\u00e8me, faire des hypoth\u00e8ses sur les causes et les cons\u00e9quences et mesurer les avantages et les inconv\u00e9nients des diff\u00e9rentes approches.&nbsp;<br>Peut prendre des initiatives dans un entretien et d\u00e9velopper ses id\u00e9es, sans grande aide ni simulation de la part de l\u2019interlocuteur.&nbsp;<\/td><\/tr><\/tbody><\/table><\/figure>\n","protected":false},"excerpt":{"rendered":"<p>Qui doit faire l&#8217;examen oral des finissants? L\u2019examen oral est obligatoire pour tous les finissants du programme d\u2019\u00e9tudes fran\u00e7aises (BA General ou BA Honours\/Combined Honours). Le d\u00e9partement organise deux sessions d&#8217;examen : une \u00e0 l&#8217;automne et une \u00e0 l&#8217;hiver.&nbsp;&nbsp; Vous pouvez vous inscrire en troisi\u00e8me ou en quatri\u00e8me ann\u00e9e (third year\/4th year standing). \u00c0 la [&hellip;]<\/p>\n","protected":false},"author":43,"featured_media":0,"parent":0,"menu_order":0,"comment_status":"closed","ping_status":"closed","template":"","meta":{"_acf_changed":false,"_cu_dining_location_slug":"","footnotes":"","_links_to":"","_links_to_target":""},"cu_page_type":[],"class_list":["post-9988","page","type-page","status-publish","hentry"],"acf":{"cu_post_thumbnail":""},"_links":{"self":[{"href":"https:\/\/carleton.ca\/french\/wp-json\/wp\/v2\/pages\/9988","targetHints":{"allow":["GET"]}}],"collection":[{"href":"https:\/\/carleton.ca\/french\/wp-json\/wp\/v2\/pages"}],"about":[{"href":"https:\/\/carleton.ca\/french\/wp-json\/wp\/v2\/types\/page"}],"author":[{"embeddable":true,"href":"https:\/\/carleton.ca\/french\/wp-json\/wp\/v2\/users\/43"}],"replies":[{"embeddable":true,"href":"https:\/\/carleton.ca\/french\/wp-json\/wp\/v2\/comments?post=9988"}],"version-history":[{"count":4,"href":"https:\/\/carleton.ca\/french\/wp-json\/wp\/v2\/pages\/9988\/revisions"}],"predecessor-version":[{"id":10098,"href":"https:\/\/carleton.ca\/french\/wp-json\/wp\/v2\/pages\/9988\/revisions\/10098"}],"wp:attachment":[{"href":"https:\/\/carleton.ca\/french\/wp-json\/wp\/v2\/media?parent=9988"}],"wp:term":[{"taxonomy":"cu_page_type","embeddable":true,"href":"https:\/\/carleton.ca\/french\/wp-json\/wp\/v2\/cu_page_type?post=9988"}],"curies":[{"name":"wp","href":"https:\/\/api.w.org\/{rel}","templated":true}]}}