{"id":504,"date":"2022-06-11T17:02:20","date_gmt":"2022-06-11T21:02:20","guid":{"rendered":"https:\/\/carleton.ca\/geirg\/?page_id=504"},"modified":"2023-03-16T11:47:58","modified_gmt":"2023-03-16T15:47:58","slug":"climate-change-effects-rideau-canal-skateway","status":"publish","type":"page","link":"https:\/\/carleton.ca\/geirg\/about\/climate-change-effects-rideau-canal-skateway\/","title":{"rendered":"Climate Change Effects on the Rideau Canal Skateway"},"content":{"rendered":"<table class=\" alignleft\" style=\"height: 72px; width: 90.36%; border-color: #000000;\">\n<tbody>\n<tr style=\"height: 24px;\">\n<td style=\"width: 163px; height: 24px;\"><strong>Funding Agency<\/strong><\/td>\n<td style=\"width: 621px; height: 24px;\"><a href=\"https:\/\/ncc-ccn.gc.ca\/places\/rideau-canal-skateway\">National Capital Commission Canada<\/a> &amp; <a href=\"https:\/\/www.nserc-crsng.gc.ca\/Innovate-Innover\/alliance-alliance\/\">Natural Sciences and Engineering Research Council<\/a><\/td>\n<\/tr>\n<tr style=\"height: 24px;\">\n<td style=\"width: 163px; height: 24px;\"><strong>Funding Program<\/strong><\/td>\n<td style=\"width: 621px; height: 24px;\">Research Contract<\/td>\n<\/tr>\n<tr style=\"height: 24px;\">\n<td style=\"width: 163px; height: 24px;\"><strong>Research Team<\/strong><\/td>\n<td style=\"width: 621px; height: 24px;\"><a href=\"https:\/\/www.linkedin.com\/in\/ellie-elham-nakhostin-b1657640\/\">Elham Nakhostin<\/a> (Post-Doctoral Fellow), <a href=\"https:\/\/carleton.ca\/cee\/people\/kenny-shawn\/\">Dr. Shawn Kenny<\/a> (PI), <a href=\"https:\/\/carleton.ca\/aircraftdesign\/about-prof-laliberte\/\">Dr. Jeremy Lalibert\u00e9<\/a>, <a href=\"https:\/\/carleton.ca\/geography\/people\/derek-mueller\/\">Dr. Derek Mueller<\/a>, and <a href=\"https:\/\/carleton.ca\/geography\/people\/richardson-murray\/\">Dr. Murray Richardson<\/a><\/td>\n<\/tr>\n<\/tbody>\n<\/table>\n<h3><\/h3>\n<p><\/p>\n<p><\/p>\n<h3>Background<\/h3>\n<div class=\"columns\"><div class=\"columns__two\"><p>Every winter since 1971, the National Capital Commission (NCC) has turned the frozen Rideau Canal into the world&#8217;s largest skating rink. The Rideau Canal Skateway is a 7.8-km ice path winding through Ottawa, the capital of Canada. The canal itself is a National Historic Site of Canada and a UNESCO World Heritage Site.<\/p>\n<p>Recent studies predict that, by 2050, winters in Ottawa will be five weeks shorter, with 35% fewer days below -10 \u00b0C. Such changes will have serious impacts on the Rideau Canal Skateway.<\/p>\n<p>The NCC and Carleton University are teaming up to look for solutions. This study will do the following:<\/p>\n<p>(1) improve the knowledge base on local weather, ice thickness and snow cover;<br \/>\n(2) assess the Skateway&#8217;s vulnerabilities to the effects of climate change (e.g. start of the skating season, ice thickness); and<br \/>\n(3) provide knowledge for the NCC to make informed decisions on building resilience and mitigating climate change effects on the Skateway.<\/p><\/div>\n<div class=\"columns__two\"><p>Chaque hiver depuis 1971, la Commission de la capitale nationale (CCN) transforme le canal Rideau gel\u00e9 en la plus grande patinoire du monde. La patinoire du canal Rideau est une voie de glace de 7,8 km qui traverse Ottawa, la capitale du Canada. Le canal en soi est un lieu historique national du Canada et un site du patrimoine mondial de l&#8217;UNESCO.<\/p>\n<p>Selon des \u00e9tudes r\u00e9centes, d&#8217;ici 2050, les hivers \u00e0 Ottawa seront plus courts de cinq semaines, et compteront 35% de jours en moins sous -10 \u00b0C. De tels changements auront de s\u00e9rieuses r\u00e9percussions sur la patinoire du canal Rideau.<\/p>\n<p>La CCN et l&#8217;Universit\u00e9 Carleton font \u00e9quipe pour trouver des solutions. L&#8217;\u00e9tude permettra :<\/p>\n<p>(1) d&#8217;am\u00e9liorer la base de connaissances sur les conditions m\u00e9t\u00e9orologiques locales, l&#8217;\u00e9paisseur de la glace et la couverture de neige;<br \/>\n(2) d&#8217;\u00e9valuer les vuln\u00e9rabilit\u00e9s de la patinoire aux effets des changements climatiques (par exemple, le d\u00e9but de la saison des glaces, l&#8217;\u00e9paisseur de la glace);<br \/>\n(3) de fournir les connaissances n\u00e9cessaires pour que la CCN puisse prendre des d\u00e9cisions \u00e9clair\u00e9es pour renforcer la r\u00e9silience et l&#8217;att\u00e9nuation des effets des changements climatiques sur la patinoire.<\/p><\/div><\/div>\n<div class=\"columns\"><div class=\"columns__two\"><div id=\"attachment_547\" class=\"wp-caption alignnone\" style=\"width: 400px\"><img decoding=\"async\" loading=\"lazy\" class=\"wp-image-547 size-large\" src=\"https:\/\/carleton.ca\/geirg\/wp-content\/uploads\/RCS-GPR-400x352.jpg\" alt=\"Ice thickness measurements along the Rideau Canal Skateway using ground penetrating radar (GPR)\" width=\"400\" height=\"352\" srcset=\"https:\/\/carleton.ca\/geirg\/wp-content\/uploads\/RCS-GPR-400x352.jpg 400w, https:\/\/carleton.ca\/geirg\/wp-content\/uploads\/RCS-GPR-240x211.jpg 240w, https:\/\/carleton.ca\/geirg\/wp-content\/uploads\/RCS-GPR-160x141.jpg 160w, https:\/\/carleton.ca\/geirg\/wp-content\/uploads\/RCS-GPR-768x676.jpg 768w, https:\/\/carleton.ca\/geirg\/wp-content\/uploads\/RCS-GPR-1536x1352.jpg 1536w, https:\/\/carleton.ca\/geirg\/wp-content\/uploads\/RCS-GPR-2048x1802.jpg 2048w, https:\/\/carleton.ca\/geirg\/wp-content\/uploads\/RCS-GPR-360x317.jpg 360w\" sizes=\"(max-width: 400px) 100vw, 400px\" \/><p class=\"wp-caption-text\">Ice thickness measurements along the Rideau Canal Skateway using ground penetrating radar (GPR)<\/p><\/div><\/div>\n<div class=\"columns__two\"><div id=\"attachment_539\" class=\"wp-caption alignnone\" style=\"width: 400px\"><img decoding=\"async\" loading=\"lazy\" class=\"wp-image-539 size-large\" src=\"https:\/\/carleton.ca\/geirg\/wp-content\/uploads\/IMG_2232-400x300.jpg\" alt=\"4 of the research team members including (left to right) (L-R): Dr. Murray Richardson, Frederic Brieger (Ph.D. Candidate DGES Carleton University), Sheida Majidi (Ph.D. Candidate DCEE Carleton University) and Dr. Shawn Kenny\" width=\"400\" height=\"300\" srcset=\"https:\/\/carleton.ca\/geirg\/wp-content\/uploads\/IMG_2232-400x300.jpg 400w, https:\/\/carleton.ca\/geirg\/wp-content\/uploads\/IMG_2232-240x180.jpg 240w, https:\/\/carleton.ca\/geirg\/wp-content\/uploads\/IMG_2232-160x120.jpg 160w, https:\/\/carleton.ca\/geirg\/wp-content\/uploads\/IMG_2232-768x576.jpg 768w, https:\/\/carleton.ca\/geirg\/wp-content\/uploads\/IMG_2232-1536x1152.jpg 1536w, https:\/\/carleton.ca\/geirg\/wp-content\/uploads\/IMG_2232-2048x1536.jpg 2048w, https:\/\/carleton.ca\/geirg\/wp-content\/uploads\/IMG_2232-800x600.jpg 800w, https:\/\/carleton.ca\/geirg\/wp-content\/uploads\/IMG_2232-360x270.jpg 360w\" sizes=\"(max-width: 400px) 100vw, 400px\" \/><p class=\"wp-caption-text\">Some member of the project team (L-R): Dr. Murray Richardson, Frederic Brieger (Ph.D. Candidate DGES Carleton University), Sheida Majidi (Ph.D. Candidate DCEE Carleton University) and Dr. Shawn Kenny<\/p><\/div><\/div><\/div>\n\n<div class=\"\">\n\t<p>\n\t\t<a class=\"button__red button__red--outline\" href=\"https:\/\/carleton.ca\"  rel=\"noopener noreferrer\">KTT<\/a>\n\t<\/p>\n<\/div>\n\n<h2>Knowledge Translation and Transfer (KTT)<\/h2>\n<p>The <a href=\"https:\/\/ncc-ccn.gc.ca\/places\/rideau-canal-skateway\">Rideau Canal Skateway<\/a> is an iconic venue that attracts both residents of Ottawa, as well as national and international visitors each year with an average of 21,000 per day experiencing the skateway. Since the beginning of this project there has been a concerted effort to engage with the public on the <a href=\"https:\/\/ncc-ccn.gc.ca\/blog\/rideau-canal-behind-the-ice\">science behind the Rideau Canal Skateway<\/a> and the adaptation strategies being developed to help inform the National Capital decision making for <a href=\"https:\/\/ncc-ccn.gc.ca\/blog\/tackling-climate-change-on-the-rideau-canal-skateway\">promoting resilience of the RCS to climate change effects<\/a>.<\/p>\n<ol>\n<li>23\/03\/01 Kenny, Shawn. \u201c<a href=\"https:\/\/www.npr.org\/2023\/03\/14\/1163301524\/canadas-rideau-canal-skateway-in-ottawa-is-closed-because-of-a-lack-of-ice\">Canada&#8217;s Rideau Canal Skateway in Ottawa is closed because of a lack of ice<\/a>.\u201d Interview by Emma Jacobs, National Public Radio (NPR).<\/li>\n<li>23\/03\/02 Kenny, Shawn. \u201c<a href=\"https:\/\/www.theguardian.com\/world\/2023\/mar\/02\/ottawa-grieves-lack-of-skate-able-rideau-canal-ice-climate-crisis\">\u2018A part of winter is missing\u2019: Ottawa grieves over lack of canal ice for skating<\/a>.\u201c Interview by Leyland Cecco, The Guardian.<\/li>\n<li>23\/03\/01 Kenny, Shawn. \u201c<a href=\"https:\/\/www.wsj.com\/articles\/for-first-time-in-more-than-50-years-no-ice-skating-on-ottawas-canal-3ccf861f\">For First Time in More Than 50 Years, No Ice Skating on Ottawa\u2019s Canal<\/a>\u201d, Interview by Paul Vieira, Wall Street Journal.<\/li>\n<li>23\/03\/01 Kenny, Shawn. Live Radio Interview by <a href=\"https:\/\/toronto.citynews.ca\/author\/james-munroe\">James Munroe<\/a>, Afternoon Drive Anchor, CityNews 680.<\/li>\n<li>23\/02\/27 \u201c<a href=\"https:\/\/ottawa.citynews.ca\/all-audio\/the-sam-laprade-show\/podcast-the-sam-laprade-show-for-february-27th-2023-6618252\">Look at strategies to build the ice early in the season<\/a>.\u201d Live Radio Interview by Sam Laprade, <a href=\"https:\/\/ottawa.citynews.ca\/all-audio\/the-sam-laprade-show\">The Sam Laprade Show<\/a>, CityNews 101.1.<\/li>\n<li>23\/02\/25 Kenny, Shawn. \u201c<a href=\"https:\/\/messaging-custom-newsletters.nytimes.com\/template\/oakv2?campaign_id=50&amp;emc=edit_cnda_20230225&amp;instance_id=86299&amp;nl=canada-letter&amp;productCode=CNDA&amp;regi_id=100423162&amp;segment_id=126284&amp;te=1&amp;uri=nyt%3A%2F%2Fnewsletter%2Fe4a7088d-b6a0-5c0f-8e65-df6b54d08ba1&amp;user_id=c9a943eea6cc236e857f66c1639783a7\">For the First Time in 52 Years, There\u2019s No Skating Through the Capital<\/a>\u201d, Interview by Ian Austen, The New York Times, Canada Letter.<\/li>\n<li>23\/02\/24 Kenny, Shawn. \u201c<a href=\"https:\/\/www.ledevoir.com\/environnement\/783091\/pas-de-patinoire-sur-le-canal-rideau-a-cause-d-un-hiver-trop-doux\">Pour la premi\u00e8re fois, la patinoire du canal Rideau n\u2019ouvrira pas<\/a>.\u201d Interviewed by Violette Cantin, Le Devoir.<\/li>\n<li>23\/02\/16 \u201c<a href=\"https:\/\/ottawacitizen.com\/news\/local-news\/rideau-canal-skateway-remains-closed-this-weekend\">Saving the Rideau Canal Skateway: &#8216;slush&#8217;cannons, robots \u2014 and maybe a bit of luck<\/a>.\u201d Interviewed by Anne-Marie Lemmolo, Ottawa Citizen\/Sun.<\/li>\n<li>23\/02\/17 Kenny, Shawn. Live Radio Interview, <a href=\"https:\/\/ottawa.citynews.ca\/all-audio\/the-rob-snow-show\/podcast-wake-up-with-rob-snow-february-17-2023-6573322\">Wake Up with Rob Snow<\/a>, CityNews Ottawa 101.1FM.<\/li>\n<li>23\/02\/17 Kenny, Shawn. \u201c<a href=\"https:\/\/theworld.org\/media\/2023-02-17\/ottawa-s-famous-skateway-may-be-closed-all-winter\">Ottawa\u2019s famous skateway may be closed all winter<\/a>.\u201d Interviewed by Anna Kusmer, <a href=\"https:\/\/theworld.org\/\">The World<\/a>.<\/li>\n<li>23\/02\/16 Kenny, Shawn. \u201c<a href=\"https:\/\/www.euronews.com\/green\/2023\/02\/16\/canadas-iconic-canal-ice-rink-hasnt-frozen-this-year-whats-going-on\">Canada&#8217;s iconic canal ice rink hasn&#8217;t frozen this year: What&#8217;s going on?<\/a>\u201d, Euronews Green, Rosie Frost, Agence France-Presse.<\/li>\n<li>23\/02\/15. Kenny, Shawn. <a href=\"https:\/\/www.theguardian.com\/world\/2023\/feb\/15\/rideau-canal-skateway-worlds-largest-skating-rink-ottowa-canada-warm-winter\">World\u2019s largest skating rink on thin ice as Canada\u2019s warm winter prevents opening<\/a>. Agence France-Presse, The Guardian.<\/li>\n<li>23\/02\/15 Kenny, Shawn \u201c<a href=\"https:\/\/www.24heures.ca\/2023\/02\/15\/hiver-trop-doux-la-patinoire-sur-le-canal-rideau-nouvrira-pas-cette-annee\">Hiver trop doux: la patinoire sur le canal Rideau n\u2019ouvrira pas cette ann\u00e9e<\/a>\u201d Agence France-Presse, 24heures.<\/li>\n<li>23\/02\/15 Kenny, Shawn \u201c<a href=\"https:\/\/www.dailymail.co.uk\/news\/article-11754139\/Canadas-iconic-Rideau-Canal-Skateway-not-open-winter-time-five-decades.html\">The world&#8217;s largest outdoor rink is melting: Canada&#8217;s iconic Rideau Canal Skateway may not open this winter for the first time in five decades because mild weather means there&#8217;s not enough ice<\/a>.\u201d Interviewed by David Averre and AFP, Daily Mail.<\/li>\n<li>23\/02\/15 \u201c<a href=\"https:\/\/www.cnn.com\/travel\/article\/rideau-canal-skateway-closed-climate-change\/index.html\">The world\u2019s largest outdoor ice rink is closed due to lack of ice<\/a>\u201d, Julia Buckley, CNN.<\/li>\n<li>23\/02\/14 \u201c<a href=\"https:\/\/phys.org\/news\/2023-02-canada-world-largest-ice-rink.html\">Too warm in Canada: world&#8217;s largest ice rink may not open<\/a>\u201d, Interviewed by Mathiew Leiser and Michel Comte, PhysOrg News.<\/li>\n<li>23\/02\/10 Kenny, Shawn. Live Radio Interview. Ben O\u2019Hara-Byrne, <a href=\"https:\/\/globalnews.ca\/national\/program\/a-little-more-conversation-with-ben-ohara-byrne\/\">A Little More Conversation With Ben O\u2019Hara-Byrne<\/a>, Corus\/Global News Radio Network.<\/li>\n<li>23\/02\/09 Kenny, Shawn \u201c<a href=\"https:\/\/www.cbc.ca\/news\/canada\/ottawa\/ottawa-weather-warm-canal-1.6742515\">Will this be the 1st time the Rideau Canal Skateway doesn&#8217;t open? The forecast is &#8216;not looking good&#8217;<\/a>.\u201d Interviewed by Nelly Alberola, CBC Radio-Canada.<\/li>\n<li>23\/02\/06 Kenny, Shawn. \u201c<a href=\"https:\/\/thelogic.co\/news\/engineering-ottawas-rideau-canal-skateway-for-a-changing-climate\/\">Engineering Ottawa&#8217;s Rideau Canal skateway for a changing climate<\/a>.\u201d David Reevely, The Logic.<\/li>\n<li>23\/01\/31 Kenny, Shawn, <a href=\"https:\/\/www.iheartradio.ca\/580-cfra\/shows\/the-morning-rush-with-bill-carroll-1.1867989\">Will the Rideau Canal open at all this year?<\/a>, Bill Carroll, <a href=\"https:\/\/www.iheartradio.ca\/580-cfra\/shows\/the-morning-rush-with-bill-carroll-1.1867989\">The Morning Rush with Bill Carroll<\/a>, 580 CFRA, Ottawa, Canada.<\/li>\n<li>23\/01\/10 Kenny, Shawn. \u201c<a href=\"https:\/\/www.cbc.ca\/player\/play\/2154799683581#:~:text=CBC%20Answers%3A%20How%20do%20you%20freeze%20the%20world%27s,extend%20the%20season%20for%20the%20Rideau%20Canal%20Skateway.\">CBC Answers: How do you freeze the world&#8217;s largest skating rink?<\/a>\u201d Interviewed by Omar Dabaghi-Pacheco, CBC Ottawa.<\/li>\n<li>23\/01\/13 Kenny, Shawn. \u201c<a href=\"https:\/\/www.theweathernetwork.com\/en\/news\/climate\/solutions\/how-the-rideau-canal-skating-season-will-survive-climate-change\">How the Rideau Canal skating season will survive in a warming world<\/a>.\u201d Isabella O\u2019Malley, The Weather Network.<\/li>\n<li>22\/12\/19 Kenny, Shawn. \u201c<a href=\"https:\/\/newsroom.carleton.ca\/story\/rideau-canal-skating-changing-climate\/\">Ice, Ice, Maybe, Boosting the Rideau Canal Skating Season in a Changing Climate<\/a>.\u201d, Interviewed by Dan Rubinstein, Carleton University.<\/li>\n<li>22\/03\/25 Kenny, Shawn. \u201c<a href=\"https:\/\/www.nytimes.com\/2022\/03\/19\/world\/canada\/ottawa-ice-skating-trails.html\">Ice Skating at a Rink Is Fun. Gliding Through a Forest? Glorious.<\/a>\u201d Interviewed by Ian Austen, Ottawa Dispatch, NY Times.<\/li>\n<li>22\/02\/16 Kenny, Shawn. \u201c<a href=\"https:\/\/ncc-ccn.gc.ca\/blog\/tackling-climate-change-on-the-rideau-canal-skateway\">Tackling Climate Change on the Rideau Canal Skateway<\/a>.\u201d Interviewed by Jo\u00eblle Tourangeau, National Capital Commission.<\/li>\n<li>22\/02\/04 <a href=\"http:\/\/keepingitcold.j-proj.com\/2022\/02\/04\/keepingitcold\/\">Keeping it Cold: A journey to preserve Ottawa\u2019s greatest landmark.<\/a> Algonquin College Journalism Project, Algonquin College.<\/li>\n<li>22\/01\/27 Kenny, Shawn. <a href=\"https:\/\/ottawa.ctvnews.ca\/video?clipId=2370167\">Extending the Life of the Rideau Canal Skateway<\/a>, Interviewed by Annette Goerner, CTV Morning Live Ottawa.<\/li>\n<li>22\/01\/21 Kenny, Shawn. <a href=\"https:\/\/www.cbc.ca\/listen\/live-radio\/1-100-ottawa-morning\/clip\/15890478-how-freeze-canallonger\">How to freeze the Canal longer<\/a>? Robyn Bresnahan, CBC Ottawa Morning.<\/li>\n<\/ol>\n","protected":false},"excerpt":{"rendered":"<p>Funding Agency National Capital Commission Canada &amp; Natural Sciences and Engineering Research Council Funding Program Research Contract Research Team Elham Nakhostin (Post-Doctoral Fellow), Dr. Shawn Kenny (PI), Dr. Jeremy Lalibert\u00e9, Dr. Derek Mueller, and Dr. Murray Richardson Background Knowledge Translation and Transfer (KTT) The Rideau Canal Skateway is an iconic venue that attracts both residents [&hellip;]<\/p>\n","protected":false},"author":5,"featured_media":0,"parent":124,"menu_order":0,"comment_status":"closed","ping_status":"closed","template":"","meta":{"_relevanssi_hide_post":"","_relevanssi_hide_content":"","_relevanssi_pin_for_all":"","_relevanssi_pin_keywords":"","_relevanssi_unpin_keywords":"","_relevanssi_related_keywords":"","_relevanssi_related_include_ids":"","_relevanssi_related_exclude_ids":"","_relevanssi_related_no_append":"","_relevanssi_related_not_related":"","_relevanssi_related_posts":"","_relevanssi_noindex_reason":"","_mi_skip_tracking":false,"_exactmetrics_sitenote_active":false,"_exactmetrics_sitenote_note":"","_exactmetrics_sitenote_category":0,"footnotes":"","_links_to":"","_links_to_target":""},"yoast_head":"<!-- This site is optimized with the Yoast SEO plugin v21.2 - https:\/\/yoast.com\/wordpress\/plugins\/seo\/ -->\n<title>Climate Change Effects on the Rideau Canal Skateway - Geotechnical Engineering and Infrastructure Research Group<\/title>\n<meta name=\"description\" content=\"Funding Agency National Capital Commission Canada &amp; Natural Sciences and Engineering Research Council Funding Program Research Contract Research Team\" \/>\n<meta name=\"robots\" content=\"index, follow, max-snippet:-1, max-image-preview:large, max-video-preview:-1\" \/>\n<link rel=\"canonical\" href=\"https:\/\/carleton.ca\/geirg\/about\/climate-change-effects-rideau-canal-skateway\/\" \/>\n<meta name=\"twitter:label1\" content=\"Est. reading time\" \/>\n\t<meta name=\"twitter:data1\" content=\"6 minutes\" \/>\n<script type=\"application\/ld+json\" class=\"yoast-schema-graph\">{\"@context\":\"https:\/\/schema.org\",\"@graph\":[{\"@type\":\"WebPage\",\"@id\":\"https:\/\/carleton.ca\/geirg\/about\/climate-change-effects-rideau-canal-skateway\/\",\"url\":\"https:\/\/carleton.ca\/geirg\/about\/climate-change-effects-rideau-canal-skateway\/\",\"name\":\"Climate Change Effects on the Rideau Canal Skateway - Geotechnical Engineering and Infrastructure Research Group\",\"isPartOf\":{\"@id\":\"https:\/\/carleton.ca\/geirg\/#website\"},\"datePublished\":\"2022-06-11T21:02:20+00:00\",\"dateModified\":\"2023-03-16T15:47:58+00:00\",\"description\":\"Funding Agency National Capital Commission Canada &amp; Natural Sciences and Engineering Research Council Funding Program Research Contract Research Team\",\"breadcrumb\":{\"@id\":\"https:\/\/carleton.ca\/geirg\/about\/climate-change-effects-rideau-canal-skateway\/#breadcrumb\"},\"inLanguage\":\"en-US\",\"potentialAction\":[{\"@type\":\"ReadAction\",\"target\":[\"https:\/\/carleton.ca\/geirg\/about\/climate-change-effects-rideau-canal-skateway\/\"]}]},{\"@type\":\"BreadcrumbList\",\"@id\":\"https:\/\/carleton.ca\/geirg\/about\/climate-change-effects-rideau-canal-skateway\/#breadcrumb\",\"itemListElement\":[{\"@type\":\"ListItem\",\"position\":1,\"name\":\"Home\",\"item\":\"https:\/\/carleton.ca\/geirg\/\"},{\"@type\":\"ListItem\",\"position\":2,\"name\":\"About GEIRG\",\"item\":\"https:\/\/carleton.ca\/geirg\/about\/\"},{\"@type\":\"ListItem\",\"position\":3,\"name\":\"Climate Change Effects on the Rideau Canal Skateway\"}]},{\"@type\":\"WebSite\",\"@id\":\"https:\/\/carleton.ca\/geirg\/#website\",\"url\":\"https:\/\/carleton.ca\/geirg\/\",\"name\":\"Geotechnical Engineering and Infrastructure Research Group\",\"description\":\"Carleton University\",\"potentialAction\":[{\"@type\":\"SearchAction\",\"target\":{\"@type\":\"EntryPoint\",\"urlTemplate\":\"https:\/\/carleton.ca\/geirg\/?s={search_term_string}\"},\"query-input\":\"required name=search_term_string\"}],\"inLanguage\":\"en-US\"}]}<\/script>\n<!-- \/ Yoast SEO plugin. -->","yoast_head_json":{"title":"Climate Change Effects on the Rideau Canal Skateway - Geotechnical Engineering and Infrastructure Research Group","description":"Funding Agency National Capital Commission Canada &amp; Natural Sciences and Engineering Research Council Funding Program Research Contract Research Team","robots":{"index":"index","follow":"follow","max-snippet":"max-snippet:-1","max-image-preview":"max-image-preview:large","max-video-preview":"max-video-preview:-1"},"canonical":"https:\/\/carleton.ca\/geirg\/about\/climate-change-effects-rideau-canal-skateway\/","twitter_misc":{"Est. reading time":"6 minutes"},"schema":{"@context":"https:\/\/schema.org","@graph":[{"@type":"WebPage","@id":"https:\/\/carleton.ca\/geirg\/about\/climate-change-effects-rideau-canal-skateway\/","url":"https:\/\/carleton.ca\/geirg\/about\/climate-change-effects-rideau-canal-skateway\/","name":"Climate Change Effects on the Rideau Canal Skateway - Geotechnical Engineering and Infrastructure Research Group","isPartOf":{"@id":"https:\/\/carleton.ca\/geirg\/#website"},"datePublished":"2022-06-11T21:02:20+00:00","dateModified":"2023-03-16T15:47:58+00:00","description":"Funding Agency National Capital Commission Canada &amp; Natural Sciences and Engineering Research Council Funding Program Research Contract Research Team","breadcrumb":{"@id":"https:\/\/carleton.ca\/geirg\/about\/climate-change-effects-rideau-canal-skateway\/#breadcrumb"},"inLanguage":"en-US","potentialAction":[{"@type":"ReadAction","target":["https:\/\/carleton.ca\/geirg\/about\/climate-change-effects-rideau-canal-skateway\/"]}]},{"@type":"BreadcrumbList","@id":"https:\/\/carleton.ca\/geirg\/about\/climate-change-effects-rideau-canal-skateway\/#breadcrumb","itemListElement":[{"@type":"ListItem","position":1,"name":"Home","item":"https:\/\/carleton.ca\/geirg\/"},{"@type":"ListItem","position":2,"name":"About GEIRG","item":"https:\/\/carleton.ca\/geirg\/about\/"},{"@type":"ListItem","position":3,"name":"Climate Change Effects on the Rideau Canal Skateway"}]},{"@type":"WebSite","@id":"https:\/\/carleton.ca\/geirg\/#website","url":"https:\/\/carleton.ca\/geirg\/","name":"Geotechnical Engineering and Infrastructure Research Group","description":"Carleton University","potentialAction":[{"@type":"SearchAction","target":{"@type":"EntryPoint","urlTemplate":"https:\/\/carleton.ca\/geirg\/?s={search_term_string}"},"query-input":"required name=search_term_string"}],"inLanguage":"en-US"}]}},"acf":{"banner_image_type":"none","banner_button":"no"},"_links":{"self":[{"href":"https:\/\/carleton.ca\/geirg\/wp-json\/wp\/v2\/pages\/504"}],"collection":[{"href":"https:\/\/carleton.ca\/geirg\/wp-json\/wp\/v2\/pages"}],"about":[{"href":"https:\/\/carleton.ca\/geirg\/wp-json\/wp\/v2\/types\/page"}],"author":[{"embeddable":true,"href":"https:\/\/carleton.ca\/geirg\/wp-json\/wp\/v2\/users\/5"}],"replies":[{"embeddable":true,"href":"https:\/\/carleton.ca\/geirg\/wp-json\/wp\/v2\/comments?post=504"}],"version-history":[{"count":3,"href":"https:\/\/carleton.ca\/geirg\/wp-json\/wp\/v2\/pages\/504\/revisions"}],"predecessor-version":[{"id":579,"href":"https:\/\/carleton.ca\/geirg\/wp-json\/wp\/v2\/pages\/504\/revisions\/579"}],"up":[{"embeddable":true,"href":"https:\/\/carleton.ca\/geirg\/wp-json\/wp\/v2\/pages\/124"}],"wp:attachment":[{"href":"https:\/\/carleton.ca\/geirg\/wp-json\/wp\/v2\/media?parent=504"}],"curies":[{"name":"wp","href":"https:\/\/api.w.org\/{rel}","templated":true}]}}