{"id":588,"date":"2022-04-30T11:49:07","date_gmt":"2022-04-30T15:49:07","guid":{"rendered":"https:\/\/carleton.ca\/gendesignsteam\/?page_id=588"},"modified":"2023-02-27T10:34:21","modified_gmt":"2023-02-27T15:34:21","slug":"id37-exploring-urban-childcare-infrastructures-to-support-womens-autonomy-in-argentina","status":"publish","type":"page","link":"https:\/\/carleton.ca\/gendesignsteam\/projects\/projects-in-latin-america\/id37-exploring-urban-childcare-infrastructures-to-support-womens-autonomy-in-argentina\/","title":{"rendered":"ID37: Exploring urban childcare infrastructures to support women&#8217;s autonomy in Argentina"},"content":{"rendered":"<p><strong>PRIMARY INVESTIGATOR:<\/strong> Professor Emerita Ana Fal\u00fa<\/p>\n<p><strong>Co-PRIMARY INVESTIGATOR:<\/strong> Mgt. Eva Lia Colombo<\/p>\n<p><strong>INSTITUTE:<\/strong> Centro de Intercambio y Servicios Para el Cono Sur Argentina (CISCSA) &#8211; Ciudades Feministas <a href=\"https:\/\/www.ciscsa.org.ar\/\">www.ciscsa.org.ar<\/a><\/p>\n<p>Summative video for project ID37 (Oct, 2022):<\/p>\n<div class=\"content__video\"><iframe loading=\"lazy\" title=\"ID37_Exploring urban childcare infrastructures to support women\u2019s autonomy in Argentina\" width=\"500\" height=\"281\" src=\"https:\/\/www.youtube.com\/embed\/yIAu6SYGSmU?feature=oembed\" frameborder=\"0\" allow=\"accelerometer; autoplay; clipboard-write; encrypted-media; gyroscope; picture-in-picture; web-share\" allowfullscreen><\/iframe><\/div>\n<p><a href=\"https:\/\/carleton.ca\/gendesignsteam\/wp-content\/uploads\/ID37_FINALprint_A2.pdf\"><img decoding=\"async\" loading=\"lazy\" class=\"alignnone wp-image-1239\" src=\"https:\/\/carleton.ca\/gendesignsteam\/wp-content\/uploads\/ID37_FINALprint_A2-240x339.png\" alt=\"\" width=\"962\" height=\"1358\" srcset=\"https:\/\/carleton.ca\/gendesignsteam\/wp-content\/uploads\/ID37_FINALprint_A2-240x339.png 240w, https:\/\/carleton.ca\/gendesignsteam\/wp-content\/uploads\/ID37_FINALprint_A2-400x566.png 400w, https:\/\/carleton.ca\/gendesignsteam\/wp-content\/uploads\/ID37_FINALprint_A2-160x226.png 160w, https:\/\/carleton.ca\/gendesignsteam\/wp-content\/uploads\/ID37_FINALprint_A2-360x509.png 360w\" sizes=\"(max-width: 962px) 100vw, 962px\" \/><\/a><\/p>\n<p>This <a href=\"https:\/\/carleton.ca\/gendesignsteam\/wp-content\/uploads\/ID37_FINALprint_A2_Spanish.pdf\">poster is also available to download in Spanish<\/a>.<\/p>\n<p><strong>Care cartography<\/strong>\u00a0<a href=\"https:\/\/mapee.com.ar\/ciscsa\/mapadelcuidado\/\">https:\/\/mapee.com.ar\/ciscsa\/mapadelcuidado\/ <\/a><\/p>\n<p>This interactive map proposes to advance in the identification and systematization of public, private and community care services and infrastructures in the city of C\u00f3rdoba, from the perspective of feminist urbanism and the conceptual approach of Women&#8217;s Right to the City. Are there -or not- public and\/or private care services and infrastructures to care for these populations -children from 0 to 3 years of age and older people over 65 years of age- and how are they distributed in the territory? This cartography is committed to promoting the incorporation of the gender perspective and women&#8217;s human rights in care policies. Maps and cartographies are graphic representation instruments that allow us to locate a variable amount of information: We can locate data, geolocate places, characterize types of populations and territories, among others.<\/p>\n<p><img decoding=\"async\" loading=\"lazy\" class=\"alignnone wp-image-1271\" src=\"https:\/\/carleton.ca\/gendesignsteam\/wp-content\/uploads\/ID37_Care\u00b4s-cartography-Julieta-Pollo-240x120.jpg\" alt=\"\" width=\"322\" height=\"161\" srcset=\"https:\/\/carleton.ca\/gendesignsteam\/wp-content\/uploads\/ID37_Care\u00b4s-cartography-Julieta-Pollo-240x120.jpg 240w, https:\/\/carleton.ca\/gendesignsteam\/wp-content\/uploads\/ID37_Care\u00b4s-cartography-Julieta-Pollo-400x200.jpg 400w, https:\/\/carleton.ca\/gendesignsteam\/wp-content\/uploads\/ID37_Care\u00b4s-cartography-Julieta-Pollo-160x80.jpg 160w, https:\/\/carleton.ca\/gendesignsteam\/wp-content\/uploads\/ID37_Care\u00b4s-cartography-Julieta-Pollo-768x383.jpg 768w, https:\/\/carleton.ca\/gendesignsteam\/wp-content\/uploads\/ID37_Care\u00b4s-cartography-Julieta-Pollo-360x180.jpg 360w, https:\/\/carleton.ca\/gendesignsteam\/wp-content\/uploads\/ID37_Care\u00b4s-cartography-Julieta-Pollo.jpg 1366w\" sizes=\"(max-width: 322px) 100vw, 322px\" \/>\u00a0\u00a0<img decoding=\"async\" loading=\"lazy\" class=\"alignnone size-medium wp-image-1270\" src=\"https:\/\/carleton.ca\/gendesignsteam\/wp-content\/uploads\/ID37_Woman-mapping-cares-infrastructures-of-her-neighbourhood-Julieta-Pollo-240x160.jpg\" alt=\"\" width=\"240\" height=\"160\" srcset=\"https:\/\/carleton.ca\/gendesignsteam\/wp-content\/uploads\/ID37_Woman-mapping-cares-infrastructures-of-her-neighbourhood-Julieta-Pollo-240x160.jpg 240w, https:\/\/carleton.ca\/gendesignsteam\/wp-content\/uploads\/ID37_Woman-mapping-cares-infrastructures-of-her-neighbourhood-Julieta-Pollo-400x267.jpg 400w, https:\/\/carleton.ca\/gendesignsteam\/wp-content\/uploads\/ID37_Woman-mapping-cares-infrastructures-of-her-neighbourhood-Julieta-Pollo-160x107.jpg 160w, https:\/\/carleton.ca\/gendesignsteam\/wp-content\/uploads\/ID37_Woman-mapping-cares-infrastructures-of-her-neighbourhood-Julieta-Pollo-768x512.jpg 768w, https:\/\/carleton.ca\/gendesignsteam\/wp-content\/uploads\/ID37_Woman-mapping-cares-infrastructures-of-her-neighbourhood-Julieta-Pollo-360x240.jpg 360w, https:\/\/carleton.ca\/gendesignsteam\/wp-content\/uploads\/ID37_Woman-mapping-cares-infrastructures-of-her-neighbourhood-Julieta-Pollo.jpg 893w\" sizes=\"(max-width: 240px) 100vw, 240px\" \/><\/p>\n<p><strong>Master Class &#8220;Care and Territories&#8221;<\/strong>\u00a0<a href=\"https:\/\/www.youtube.com\/watch?v=Nmk2qy68uZ0\">https:\/\/www.youtube.com\/watch?v=Nmk2qy68uZ0 <\/a><\/p>\n<p>In this class from the CISCSA Feminist Training Center, Ana Fal\u00fa, Eva L\u00eda Colombo, Roc\u00edo L\u00f3pez Arzuaga and Emilia Balacco (members of the work team of the care projects that we develop) address the issue of care in depth: they share concepts, data and reflections on the subject and tell how the work process was with the women of the Alberdi, Marechal and Villa P\u00e1ez neighbourhoods. In addition, they present the Cartography of Care: how was its realization process, what is the importance of cartographic tools for research and how to navigate this interactive map.<\/p>\n<p><strong>Document &#8220;Cities and neighbourhoods. Care infrastructures, gender and social redistribution in Argentina&#8221; <\/strong><\/p>\n<p>How much and how are the sexual division of labor and care tasks related to urban planning and public policies? How much does the territory intervene in its different and unequal urban fragments to reproduce gender inequalities and injustices? In this article, Ana Fal\u00fa and Eva Lia Colombo examine the theoretical approach to women&#8217;s right to the city, meaning the intersection of women and their conditions, with those located in the territories they inhabit. Also, the article gives an account of the methodology used to generate information on care in its different types, towards the analysis of the territories and the development of care cartographies or maps, to basically answer who cares in the city&#8217;s neighborhoods and shed light on territorial and gender injustices. The authors develop an in-depth analysis of the findings obtained through the mapping method, valuing the variable of the territory and its conditions together with those of women and their circumstances. The last section gives an account of the stories of the women caregivers who work in community spaces, as well as the women caregivers who make use of these services and infrastructures in three neighborhoods og C\u00f3rdoba City, Argentina. The document closes with a reflection on the necessary transformation in planning and urbanism from the contribution of feminism, in relation to the public and the private, the sexual division of labor, the concept of the use of time -asymmetrical and different in men and women. women- added to the vector of space and territory.<\/p>\n<p><a href=\"https:\/\/carleton.ca\/gendesignsteam\/wp-content\/uploads\/Publication-ID-37.pdf\"><img decoding=\"async\" loading=\"lazy\" class=\"alignnone size-medium wp-image-1272\" src=\"https:\/\/carleton.ca\/gendesignsteam\/wp-content\/uploads\/Publication-ID-37_cover-240x339.png\" alt=\"\" width=\"240\" height=\"339\" srcset=\"https:\/\/carleton.ca\/gendesignsteam\/wp-content\/uploads\/Publication-ID-37_cover-240x339.png 240w, https:\/\/carleton.ca\/gendesignsteam\/wp-content\/uploads\/Publication-ID-37_cover-400x565.png 400w, https:\/\/carleton.ca\/gendesignsteam\/wp-content\/uploads\/Publication-ID-37_cover-160x226.png 160w, https:\/\/carleton.ca\/gendesignsteam\/wp-content\/uploads\/Publication-ID-37_cover-768x1085.png 768w, https:\/\/carleton.ca\/gendesignsteam\/wp-content\/uploads\/Publication-ID-37_cover-1087x1536.png 1087w, https:\/\/carleton.ca\/gendesignsteam\/wp-content\/uploads\/Publication-ID-37_cover-360x509.png 360w, https:\/\/carleton.ca\/gendesignsteam\/wp-content\/uploads\/Publication-ID-37_cover.png 1241w\" sizes=\"(max-width: 240px) 100vw, 240px\" \/><\/a><\/p>\n<p>Find out more about this project through their social media channels and platforms:<\/p>\n<p>Website: <a href=\"https:\/\/www.ciscsa.org.ar\/cuidados\">https:\/\/www.ciscsa.org.ar\/cuidados<\/a><\/p>\n<p>Instagram: <a href=\"https:\/\/www.instagram.com\/ciscsa_cba\/\">https:\/\/www.instagram.com\/ciscsa_cba\/ <\/a><\/p>\n<p>Facebook: <a href=\"https:\/\/www.facebook.com\/ciscsacba\/\">https:\/\/www.facebook.com\/ciscsacba\/ <\/a><\/p>\n<p>Twitter: <a href=\"http:\/\/www.twitter.com\/ciscsacba\">https:\/\/twitter.com\/ciscsacba <\/a><\/p>\n<p>YouTube: <a href=\"https:\/\/www.youtube.com\/@CISCSA\/playlists\">https:\/\/www.youtube.com\/@CISCSA\/playlists <\/a><\/p>\n<p>Spotify: <a href=\"https:\/\/open.spotify.com\/show\/5yJ3UlgxALcU2Q4FdNDlLi\">https:\/\/open.spotify.com\/show\/5yJ3UlgxALcU2Q4FdNDlLi<\/a><\/p>\n<p><strong>SECTOR(S):<\/strong> <a href=\"https:\/\/carleton.ca\/gendesignsteam\/?s=infrastructure\">Infrastructure<\/a>, <a href=\"https:\/\/carleton.ca\/gendesignsteam\/?s=Built+Environment\">Built Environment and Housing<\/a><\/p>\n<p><strong>STEAM FIELD(S):<\/strong> <a href=\"https:\/\/carleton.ca\/gendesignsteam\/?s=science\">Science<\/a><\/p>\n<p>Read more about ID37 in <a href=\"https:\/\/carleton.ca\/gendesignsteam\/wp-content\/uploads\/Bulletin-1-GDSBulletin_IssueONE_Jan2021.pdf\">GDS Bulletin Issue One<\/a><\/p>\n<p><img decoding=\"async\" loading=\"lazy\" class=\"alignnone wp-image-777\" src=\"https:\/\/carleton.ca\/gendesignsteam\/wp-content\/uploads\/Infrastructure-Icon-Title--240x240.png\" alt=\"\" width=\"130\" height=\"130\" srcset=\"https:\/\/carleton.ca\/gendesignsteam\/wp-content\/uploads\/Infrastructure-Icon-Title--240x240.png 240w, https:\/\/carleton.ca\/gendesignsteam\/wp-content\/uploads\/Infrastructure-Icon-Title--400x400.png 400w, https:\/\/carleton.ca\/gendesignsteam\/wp-content\/uploads\/Infrastructure-Icon-Title--160x160.png 160w, https:\/\/carleton.ca\/gendesignsteam\/wp-content\/uploads\/Infrastructure-Icon-Title--768x768.png 768w, https:\/\/carleton.ca\/gendesignsteam\/wp-content\/uploads\/Infrastructure-Icon-Title--200x200.png 200w, https:\/\/carleton.ca\/gendesignsteam\/wp-content\/uploads\/Infrastructure-Icon-Title--360x360.png 360w, https:\/\/carleton.ca\/gendesignsteam\/wp-content\/uploads\/Infrastructure-Icon-Title-.png 1400w\" sizes=\"(max-width: 130px) 100vw, 130px\" \/><img decoding=\"async\" loading=\"lazy\" class=\"alignnone wp-image-778\" src=\"https:\/\/carleton.ca\/gendesignsteam\/wp-content\/uploads\/Built-Enviroment-Icon-Title-240x240.png\" alt=\"\" width=\"130\" height=\"130\" srcset=\"https:\/\/carleton.ca\/gendesignsteam\/wp-content\/uploads\/Built-Enviroment-Icon-Title-240x240.png 240w, https:\/\/carleton.ca\/gendesignsteam\/wp-content\/uploads\/Built-Enviroment-Icon-Title-400x400.png 400w, https:\/\/carleton.ca\/gendesignsteam\/wp-content\/uploads\/Built-Enviroment-Icon-Title-160x160.png 160w, https:\/\/carleton.ca\/gendesignsteam\/wp-content\/uploads\/Built-Enviroment-Icon-Title-768x768.png 768w, https:\/\/carleton.ca\/gendesignsteam\/wp-content\/uploads\/Built-Enviroment-Icon-Title-200x200.png 200w, https:\/\/carleton.ca\/gendesignsteam\/wp-content\/uploads\/Built-Enviroment-Icon-Title-360x360.png 360w, https:\/\/carleton.ca\/gendesignsteam\/wp-content\/uploads\/Built-Enviroment-Icon-Title.png 1400w\" sizes=\"(max-width: 130px) 100vw, 130px\" \/><img decoding=\"async\" loading=\"lazy\" class=\"alignnone wp-image-768\" src=\"https:\/\/carleton.ca\/gendesignsteam\/wp-content\/uploads\/Science-Icon-Title-240x240.png\" alt=\"\" width=\"130\" height=\"130\" srcset=\"https:\/\/carleton.ca\/gendesignsteam\/wp-content\/uploads\/Science-Icon-Title-240x240.png 240w, https:\/\/carleton.ca\/gendesignsteam\/wp-content\/uploads\/Science-Icon-Title-400x400.png 400w, https:\/\/carleton.ca\/gendesignsteam\/wp-content\/uploads\/Science-Icon-Title-160x160.png 160w, https:\/\/carleton.ca\/gendesignsteam\/wp-content\/uploads\/Science-Icon-Title-768x768.png 768w, https:\/\/carleton.ca\/gendesignsteam\/wp-content\/uploads\/Science-Icon-Title-200x200.png 200w, https:\/\/carleton.ca\/gendesignsteam\/wp-content\/uploads\/Science-Icon-Title-360x360.png 360w, https:\/\/carleton.ca\/gendesignsteam\/wp-content\/uploads\/Science-Icon-Title.png 1400w\" sizes=\"(max-width: 130px) 100vw, 130px\" \/><\/p>\n<p>Introductory video from project ID37 (Oct, 2020):<\/p>\n<div class=\"content__video\"><iframe loading=\"lazy\" title=\"ID 37-Exploring urban childcare infrastructures to support women\u2019s autonomy in Argentina\" width=\"500\" height=\"281\" src=\"https:\/\/www.youtube.com\/embed\/oysZUj-pCk4?feature=oembed\" frameborder=\"0\" allow=\"accelerometer; autoplay; clipboard-write; encrypted-media; gyroscope; picture-in-picture; web-share\" allowfullscreen><\/iframe><\/div>\n","protected":false},"excerpt":{"rendered":"<p>PRIMARY INVESTIGATOR: Professor Emerita Ana Fal\u00fa Co-PRIMARY INVESTIGATOR: Mgt. Eva Lia Colombo INSTITUTE: Centro de Intercambio y Servicios Para el Cono Sur Argentina (CISCSA) &#8211; Ciudades Feministas www.ciscsa.org.ar Summative video for project ID37 (Oct, 2022): This poster is also available to download in Spanish. Care cartography\u00a0https:\/\/mapee.com.ar\/ciscsa\/mapadelcuidado\/ This interactive map proposes to advance in the identification [&hellip;]<\/p>\n","protected":false},"author":7,"featured_media":0,"parent":116,"menu_order":0,"comment_status":"closed","ping_status":"closed","template":"","meta":{"_relevanssi_hide_post":"","_relevanssi_hide_content":"","_relevanssi_pin_for_all":"","_relevanssi_pin_keywords":"","_relevanssi_unpin_keywords":"","_relevanssi_related_keywords":"","_relevanssi_related_include_ids":"","_relevanssi_related_exclude_ids":"","_relevanssi_related_no_append":"","_relevanssi_related_not_related":"","_relevanssi_related_posts":"","_relevanssi_noindex_reason":"","_mi_skip_tracking":false,"_exactmetrics_sitenote_active":false,"_exactmetrics_sitenote_note":"","_exactmetrics_sitenote_category":0,"_monsterinsights_sitenote_active":false,"_monsterinsights_sitenote_note":"","_monsterinsights_sitenote_category":0,"footnotes":"","_links_to":"","_links_to_target":""},"yoast_head":"<!-- This site is optimized with the Yoast SEO plugin v21.2 - https:\/\/yoast.com\/wordpress\/plugins\/seo\/ -->\n<title>ID37: Exploring urban childcare infrastructures to support women&#039;s autonomy in Argentina - Gendered Design in STEAM<\/title>\n<meta name=\"description\" content=\"PRIMARY INVESTIGATOR: Professor Emerita Ana Fal\u00fa Co-PRIMARY INVESTIGATOR: Mgt. Eva Lia Colombo INSTITUTE: Centro de Intercambio y Servicios Para el Cono\" \/>\n<meta name=\"robots\" content=\"index, follow, max-snippet:-1, max-image-preview:large, max-video-preview:-1\" \/>\n<link rel=\"canonical\" href=\"https:\/\/carleton.ca\/gendesignsteam\/projects\/projects-in-latin-america\/id37-exploring-urban-childcare-infrastructures-to-support-womens-autonomy-in-argentina\/\" \/>\n<meta name=\"twitter:label1\" content=\"Est. reading time\" \/>\n\t<meta name=\"twitter:data1\" content=\"3 minutes\" \/>\n<script type=\"application\/ld+json\" class=\"yoast-schema-graph\">{\"@context\":\"https:\/\/schema.org\",\"@graph\":[{\"@type\":\"WebPage\",\"@id\":\"https:\/\/carleton.ca\/gendesignsteam\/projects\/projects-in-latin-america\/id37-exploring-urban-childcare-infrastructures-to-support-womens-autonomy-in-argentina\/\",\"url\":\"https:\/\/carleton.ca\/gendesignsteam\/projects\/projects-in-latin-america\/id37-exploring-urban-childcare-infrastructures-to-support-womens-autonomy-in-argentina\/\",\"name\":\"ID37: Exploring urban childcare infrastructures to support women's autonomy in Argentina - Gendered Design in STEAM\",\"isPartOf\":{\"@id\":\"https:\/\/carleton.ca\/gendesignsteam\/#website\"},\"datePublished\":\"2022-04-30T15:49:07+00:00\",\"dateModified\":\"2023-02-27T15:34:21+00:00\",\"description\":\"PRIMARY INVESTIGATOR: Professor Emerita Ana Fal\u00fa Co-PRIMARY INVESTIGATOR: Mgt. Eva Lia Colombo INSTITUTE: Centro de Intercambio y Servicios Para el Cono\",\"breadcrumb\":{\"@id\":\"https:\/\/carleton.ca\/gendesignsteam\/projects\/projects-in-latin-america\/id37-exploring-urban-childcare-infrastructures-to-support-womens-autonomy-in-argentina\/#breadcrumb\"},\"inLanguage\":\"en-US\",\"potentialAction\":[{\"@type\":\"ReadAction\",\"target\":[\"https:\/\/carleton.ca\/gendesignsteam\/projects\/projects-in-latin-america\/id37-exploring-urban-childcare-infrastructures-to-support-womens-autonomy-in-argentina\/\"]}]},{\"@type\":\"BreadcrumbList\",\"@id\":\"https:\/\/carleton.ca\/gendesignsteam\/projects\/projects-in-latin-america\/id37-exploring-urban-childcare-infrastructures-to-support-womens-autonomy-in-argentina\/#breadcrumb\",\"itemListElement\":[{\"@type\":\"ListItem\",\"position\":1,\"name\":\"Home\",\"item\":\"https:\/\/carleton.ca\/gendesignsteam\/\"},{\"@type\":\"ListItem\",\"position\":2,\"name\":\"Projects\",\"item\":\"https:\/\/carleton.ca\/gendesignsteam\/projects\/\"},{\"@type\":\"ListItem\",\"position\":3,\"name\":\"Projects in Latin America\",\"item\":\"https:\/\/carleton.ca\/gendesignsteam\/projects\/projects-in-latin-america\/\"},{\"@type\":\"ListItem\",\"position\":4,\"name\":\"ID37: Exploring urban childcare infrastructures to support women&#8217;s autonomy in Argentina\"}]},{\"@type\":\"WebSite\",\"@id\":\"https:\/\/carleton.ca\/gendesignsteam\/#website\",\"url\":\"https:\/\/carleton.ca\/gendesignsteam\/\",\"name\":\"Gendered Design in STEAM\",\"description\":\"Carleton University\",\"potentialAction\":[{\"@type\":\"SearchAction\",\"target\":{\"@type\":\"EntryPoint\",\"urlTemplate\":\"https:\/\/carleton.ca\/gendesignsteam\/?s={search_term_string}\"},\"query-input\":\"required name=search_term_string\"}],\"inLanguage\":\"en-US\"}]}<\/script>\n<!-- \/ Yoast SEO plugin. -->","yoast_head_json":{"title":"ID37: Exploring urban childcare infrastructures to support women's autonomy in Argentina - Gendered Design in STEAM","description":"PRIMARY INVESTIGATOR: Professor Emerita Ana Fal\u00fa Co-PRIMARY INVESTIGATOR: Mgt. Eva Lia Colombo INSTITUTE: Centro de Intercambio y Servicios Para el Cono","robots":{"index":"index","follow":"follow","max-snippet":"max-snippet:-1","max-image-preview":"max-image-preview:large","max-video-preview":"max-video-preview:-1"},"canonical":"https:\/\/carleton.ca\/gendesignsteam\/projects\/projects-in-latin-america\/id37-exploring-urban-childcare-infrastructures-to-support-womens-autonomy-in-argentina\/","twitter_misc":{"Est. reading time":"3 minutes"},"schema":{"@context":"https:\/\/schema.org","@graph":[{"@type":"WebPage","@id":"https:\/\/carleton.ca\/gendesignsteam\/projects\/projects-in-latin-america\/id37-exploring-urban-childcare-infrastructures-to-support-womens-autonomy-in-argentina\/","url":"https:\/\/carleton.ca\/gendesignsteam\/projects\/projects-in-latin-america\/id37-exploring-urban-childcare-infrastructures-to-support-womens-autonomy-in-argentina\/","name":"ID37: Exploring urban childcare infrastructures to support women's autonomy in Argentina - Gendered Design in STEAM","isPartOf":{"@id":"https:\/\/carleton.ca\/gendesignsteam\/#website"},"datePublished":"2022-04-30T15:49:07+00:00","dateModified":"2023-02-27T15:34:21+00:00","description":"PRIMARY INVESTIGATOR: Professor Emerita Ana Fal\u00fa Co-PRIMARY INVESTIGATOR: Mgt. Eva Lia Colombo INSTITUTE: Centro de Intercambio y Servicios Para el Cono","breadcrumb":{"@id":"https:\/\/carleton.ca\/gendesignsteam\/projects\/projects-in-latin-america\/id37-exploring-urban-childcare-infrastructures-to-support-womens-autonomy-in-argentina\/#breadcrumb"},"inLanguage":"en-US","potentialAction":[{"@type":"ReadAction","target":["https:\/\/carleton.ca\/gendesignsteam\/projects\/projects-in-latin-america\/id37-exploring-urban-childcare-infrastructures-to-support-womens-autonomy-in-argentina\/"]}]},{"@type":"BreadcrumbList","@id":"https:\/\/carleton.ca\/gendesignsteam\/projects\/projects-in-latin-america\/id37-exploring-urban-childcare-infrastructures-to-support-womens-autonomy-in-argentina\/#breadcrumb","itemListElement":[{"@type":"ListItem","position":1,"name":"Home","item":"https:\/\/carleton.ca\/gendesignsteam\/"},{"@type":"ListItem","position":2,"name":"Projects","item":"https:\/\/carleton.ca\/gendesignsteam\/projects\/"},{"@type":"ListItem","position":3,"name":"Projects in Latin America","item":"https:\/\/carleton.ca\/gendesignsteam\/projects\/projects-in-latin-america\/"},{"@type":"ListItem","position":4,"name":"ID37: Exploring urban childcare infrastructures to support women&#8217;s autonomy in Argentina"}]},{"@type":"WebSite","@id":"https:\/\/carleton.ca\/gendesignsteam\/#website","url":"https:\/\/carleton.ca\/gendesignsteam\/","name":"Gendered Design in STEAM","description":"Carleton University","potentialAction":[{"@type":"SearchAction","target":{"@type":"EntryPoint","urlTemplate":"https:\/\/carleton.ca\/gendesignsteam\/?s={search_term_string}"},"query-input":"required name=search_term_string"}],"inLanguage":"en-US"}]}},"acf":{"banner_image_type":"none","banner_button":"no"},"_links":{"self":[{"href":"https:\/\/carleton.ca\/gendesignsteam\/wp-json\/wp\/v2\/pages\/588"}],"collection":[{"href":"https:\/\/carleton.ca\/gendesignsteam\/wp-json\/wp\/v2\/pages"}],"about":[{"href":"https:\/\/carleton.ca\/gendesignsteam\/wp-json\/wp\/v2\/types\/page"}],"author":[{"embeddable":true,"href":"https:\/\/carleton.ca\/gendesignsteam\/wp-json\/wp\/v2\/users\/7"}],"replies":[{"embeddable":true,"href":"https:\/\/carleton.ca\/gendesignsteam\/wp-json\/wp\/v2\/comments?post=588"}],"version-history":[{"count":4,"href":"https:\/\/carleton.ca\/gendesignsteam\/wp-json\/wp\/v2\/pages\/588\/revisions"}],"predecessor-version":[{"id":1410,"href":"https:\/\/carleton.ca\/gendesignsteam\/wp-json\/wp\/v2\/pages\/588\/revisions\/1410"}],"up":[{"embeddable":true,"href":"https:\/\/carleton.ca\/gendesignsteam\/wp-json\/wp\/v2\/pages\/116"}],"wp:attachment":[{"href":"https:\/\/carleton.ca\/gendesignsteam\/wp-json\/wp\/v2\/media?parent=588"}],"curies":[{"name":"wp","href":"https:\/\/api.w.org\/{rel}","templated":true}]}}