{"id":159,"date":"2022-10-28T17:07:47","date_gmt":"2022-10-28T21:07:47","guid":{"rendered":"https:\/\/carleton.ca\/ghostmanagement\/?page_id=159"},"modified":"2022-11-01T15:42:52","modified_gmt":"2022-11-01T19:42:52","slug":"scientific-capture","status":"publish","type":"page","link":"https:\/\/carleton.ca\/ghostmanagement\/scientific-capture\/","title":{"rendered":"Scientific Capture"},"content":{"rendered":"<h2 style=\"text-align: center;\"><img decoding=\"async\" loading=\"lazy\" class=\"alignnone size-medium wp-image-201\" src=\"https:\/\/carleton.ca\/ghostmanagement\/wp-content\/uploads\/Screenshot-2022-10-27-173412-240x241.png\" alt=\"\" width=\"240\" height=\"241\" srcset=\"https:\/\/carleton.ca\/ghostmanagement\/wp-content\/uploads\/Screenshot-2022-10-27-173412-240x241.png 240w, https:\/\/carleton.ca\/ghostmanagement\/wp-content\/uploads\/Screenshot-2022-10-27-173412-400x402.png 400w, https:\/\/carleton.ca\/ghostmanagement\/wp-content\/uploads\/Screenshot-2022-10-27-173412-160x161.png 160w, https:\/\/carleton.ca\/ghostmanagement\/wp-content\/uploads\/Screenshot-2022-10-27-173412-200x200.png 200w, https:\/\/carleton.ca\/ghostmanagement\/wp-content\/uploads\/Screenshot-2022-10-27-173412-360x362.png 360w, https:\/\/carleton.ca\/ghostmanagement\/wp-content\/uploads\/Screenshot-2022-10-27-173412.png 463w\" sizes=\"(max-width: 240px) 100vw, 240px\" \/><\/h2>\n<h2 style=\"text-align: center;\">Scientific Capture<\/h2>\n<p>The notion of \u201cghost-management\u201d was first developed to show the extent of the use of ghostwriting and refers to a whole system of management behind closed doors used to influence scientific results in favor of corporate interests (Gagnon 2013; Sismondo 2007, 2018; Sismondo and Doucet 2010). Strategies to capture scientific knowledge and shape it to serve corporate interests can be classified in three categories:<\/p>\n<ol>\n<li>Inflating the number of favorable scientific publications,<\/li>\n<li>Suppressing the scientific results that could harm sales and<\/li>\n<li>Neutralizing independent academics and whistle-blowers.<\/li>\n<\/ol>\n<p>In industrial sectors such as pharmaceuticals and agro-chemicals, many studies found in scientific journals are written by ghostwriters or writing agencies paid for by larger corporations. These publications form part of carefully thought out publication plans that are essential to the success of promotional campaigns and the market launch of new products (Sismondo 2009). For example, internal documents from Pfizer revealed that between 1998 and 2000 the company directly initiated the writing of at least 85\u00a0scientific articles on the antidepressant drug <em>sertraline<\/em> (Zoloft). During this period, the entire scientific literature on this active substance only consisted of only 211\u00a0articles\u00a0(Sismondo 2007); in this way, Pfizer produced a raft of articles showing the drug in a positive light which lessened the impact and influence of the critical studies. In the same way, Wyeth (now owned by Pfizer) generated about 50 articles\u00a0in favour of hormone replacement therapy\u00a0(Fugh-Berman 2010). Merck developed a ghostwriting campaign to promote its now-infamous drug <em>rofecoxib<\/em> (Vioxx): 96\u00a0articles were published, some of which failed to mention patient deaths in the drug\u2019s clinical trials (Ross et al. 2008). GlaxoSmithKline ran a secret campaign to skew the literature in favour of its antidepressant drug <em>paroxetine<\/em> (Paxil). The campaign was called \u201cCase Study Publication for Peer-Review\u201d, or CASPPER for short, in reference to the well-known \u201cfriendly ghost\u201d (Edwards 2009).<\/p>\n<p>The second strategy is to restrain the disclosure of unfavourable results. In the pharmaceutical sector, private-sector clinical research produces private, confidential results as part of their intellectual property. They assume the right not to publish certain results, in the name of trade secrecy. And they are often not compelled by political and health authorities to make public the data obtained in clinical trials. Drug companies can therefore select what data they want to see published (Goldacre 2013).<\/p>\n<p>For example, major pharmaceutical companies have systematically failed to publish unfavourable studies on the &#8220;new generation\u201d of antidepressants, known as selective serotonin reuptake inhibitors (SSRIs). Of the 74\u00a0clinical trials that were conducted on these antidepressants, 38\u00a0produced positive results, while the other 36\u00a0showed the drug to have questionable or no efficacy. However, while 94% of the positive studies were published, only 8% of the unfavourable studies were published as negative results, and 15% of the negative studies were published in terms that suggested that the results were positive (Turner et al. 2008). Doctors reading the scientific literature got a biased view of the \u201cbenefits\u201d of SSRIs, which explains why they so readily systematically prescribed these antidepressants to their patients. The scientific data show that for 70% of the patients taking SSRI antidepressants, the drug is no more effective than a placebo\u00a0(Fournier et al., 2010), but unlike a placebo SSRIs are associated with serious adverse effects (e.g.\u00a0an increased risk of suicide). It is fair to argue that the selective production of ignorance has become constitutive of how pharmaceutical companies do science today.<\/p>\n<p>In the agro-chemical sector, declassified Monsanto documents from litigation reveal Monsanto-sponsored ghostwriting of articles published in toxicology journals and the lay media, interference in the peer review process, behind-the-scenes influence on retraction and the creation of a so-called academic website as a front for the defence of Monsanto products (Gillam 2017, 2021; McHenry 2018; Thacker 2022).<\/p>\n<p>A third strategy is to intimidate and neutralise independent researchers who produce studies that show the product in an unfavourable light. For example, in Merck\u2019s internal e-mails, which came out during lawsuits over the harm caused by its drug <em>rofecoxib<\/em> (Vioxx), it was revealed that the company had drawn up a hit list of &#8220;rogue&#8221; researchers who had criticised Vioxx. One e-mail recommended that the researchers on the hit list had to be \u201cdiscredited\u201d and \u201cneutralized\u201d. \u201cSeek them out and destroy them where they lived\u201d read one of the e-mails. This intimidation was the result of the work of an entire team that systematically monitored everything that was said about the product (Edwards 2009). Similarly, in the case of the antidiabetic drug <em>rosiglitazone<\/em> (Avandia), which was withdrawn from the market in 2010 for safety reasons, a report by the US Senate explained that the main strategy of GlaxoSmithKline executives when confronted with the publication of negative clinical results was to downplay the importance of these results and to intimidate independent researchers (US Senate Committee on Finance 2010). The <em>Monsanto Papers <\/em>also shed light on systematic intimidation and trolling strategies deployed against independent researchers (Gillam 2021; Seralini and Douzelet 2020). Internal documents also showed step by step strategies used by Monsanto to discredit investigative journalists criticizing their products (Foucart and Horel 2019; Gillam 2019).<\/p>\n<p>It is important to understand that these strategies apply not only to pharmaceuticals and agro-chemicals, but also to other sectors like tobacco, manufacturing, mining, transportation, alcohol, hospital, soft drinks, nuclear, and utility (Gagnon 2013; Wieland et al, 2014). Such strategies are no exception: a company that would refrain from these strategies in the name of ethics would simply lose their market shares (Gagnon 2013). If profits are affected by the scientific literature about the risks of the product, it is more than likely that dominant corporations in the sector will deploy strategies to capture science in order to build their intangible assets. For example, similar ghost-management strategies to capture science were used by tobacco companies to downplay the risks of dependence and cancer for their products while touting the benefits and self-confidence associated with smoking cigarettes (Proctor 2012).\u00a0 Sugar manufacturers and sugary food companies used similar strategies to downplay sugar&#8217;s role in heart disease and shift the focus to saturated fat (Kearns, Schmidt, and Glantz 2016). In another example, manufacturers of medical devices systematically concealed adverse effects associated withtheir products while promoting these products with false claims (Lenzer 2017).<\/p>\n<h3>References<\/h3>\n<p>Edwards, Jim. (2009a, May 6). <em>Merck Created Hit List to \u201cDestroy,\u201d \u201cNeutralize\u201d or \u201cDiscredit\u201d Dissenting Doctors<\/em>. http:\/\/www.cbsnews.com\/8301-505123_162-42841411\/merck-created-hit-list-to-destroy-neutralize-or-discredit-dissenting-doctors\/<\/p>\n<p>Edwards, Jim. (2009b, August 20). <em>\u201cCASSPER\u201d Was GSK\u2019s Friendly Ghostwriting Program on Paxil<\/em>. http:\/\/www.cbsnews.com\/8301-505123_162-42842602\/cassper-was-gsks-friendly-ghostwriting-program-on-paxil\/<\/p>\n<p>Foucart, St\u00e9phane &amp; Horel, St\u00e9phane. (2019, May 9). \u00ab\u202fFichier Monsanto\u202f\u00bb: Des dizaines de personnalit\u00e9s class\u00e9es ill\u00e9galement selon leur position sur le glyphosate. <em>Le Monde.fr<\/em>. https:\/\/www.lemonde.fr\/planete\/article\/2019\/05\/09\/fichier-monsanto-des-dizaines-de-personnalites-classees-illegalement-selon-leur-position-sur-le-glyphosate_5460190_3244.html<\/p>\n<p>Gagnon, M.-A. (2013). Corruption of pharmaceutical markets: Addressing the misalignment of financial incentives and public health. <em>The Journal of Law, Medicine &amp; Ethics: A Journal of the American Society of Law, Medicine &amp; Ethics<\/em>, <em>41<\/em>(3), 571\u2013580. https:\/\/doi.org\/10.1111\/jlme.12066<\/p>\n<p>Gillam, C. (2017). <em>Whitewash: The Story of a Weed Killer, Cancer, and the Corruption of Science<\/em>. Island Press.<\/p>\n<p>Gillam, C. (2021). <em>The Monsanto Papers: Deadly Secrets, Corporate Corruption, and One Man\u2019s Search for Justice<\/em>. Island Press.<\/p>\n<p>Gillam, Carey. (2019, March 27). <em>Monsanto Exec Reveals $17 Million Budget For Anti-IARC, Pro-Glyphosate Efforts<\/em>. U.S. Right to Know. https:\/\/usrtk.org\/monsanto-roundup-trial-tracker\/monsanto-executive-reveals-17-million-for-anti-iarc-pro-glyphosate-efforts\/<\/p>\n<p>Kearns, C. E., Schmidt, L. A., &amp; Glantz, S. A. (2016). Sugar Industry and Coronary Heart Disease Research: A Historical Analysis of Internal Industry Documents. <em>JAMA Internal Medicine<\/em>, <em>176<\/em>(11), 1680\u20131685. https:\/\/doi.org\/10.1001\/jamainternmed.2016.5394<\/p>\n<p>Lenzer. (2017). <em>The Danger Within Us by Jeanne Lenzer | Little, Brown and Company<\/em> (Little, Brown and Company). https:\/\/www.littlebrown.com\/titles\/jeanne-lenzer\/the-danger-within-us\/9780316343787\/<\/p>\n<p>McHenry, L. B. (2018). The Monsanto Papers: Poisoning the scientific well. <em>International Journal of Risk &amp; Safety in Medicine<\/em>, <em>29<\/em>(3\u20134), 193\u2013205. https:\/\/doi.org\/10.3233\/JRS-180028<\/p>\n<p>Proctor, R. N. (2012). <em>Golden Holocaust: Origins of the Cigarette Catastrophe and the Case for Abolition<\/em>.<\/p>\n<p>Ross, J. S., Hill, K. P., Egilman, D. S., &amp; Krumholz, H. M. (2008). Guest Authorship and Ghostwriting in Publications Related to Rofecoxib: A Case Study of Industry Documents From Rofecoxib Litigation. <em>JAMA<\/em>, <em>299<\/em>(15), 1800\u20131812. https:\/\/doi.org\/10.1001\/jama.299.15.1800<\/p>\n<p>Seralini, Gilles-\u00c9ric &amp; Douzelet, J\u00e9r\u00f4me. (2020). <em>Affaire Roundup \u00e0 la lumi\u00e8re des Monsanto papers<\/em>. https:\/\/www.gallimardmontreal.com\/catalogue\/livre\/affaire-roundup-a-la-lumiere-des-monsanto-papers-seralini-gilles-eric-9782330140588<\/p>\n<p>Sismondo, S. (2007). Ghost Management: How Much of the Medical Literature Is Shaped Behind the Scenes by the Pharmaceutical Industry? <em>PLOS Medicine<\/em>, <em>4<\/em>(9), e286. https:\/\/doi.org\/10.1371\/journal.pmed.0040286<\/p>\n<p>Sismondo, S. (2009). Ghosts in the Machine: Publication Planning in the Medical Sciences. <em>Social Studies of Science<\/em>, <em>39<\/em>(2), 171\u2013198. https:\/\/doi.org\/10.1177\/0306312708101047<\/p>\n<p>Sismondo, S. (2018). <em>Ghost-Managed Medicine: Big Pharma\u2019s Invisible Hands<\/em>. Mattering Press.<\/p>\n<p>Sismondo, S., &amp; Doucet, M. (2010). Publication Ethics and the Ghost Management of Medical Publication. <em>Bioethics<\/em>, <em>24<\/em>(6), 273\u2013283. https:\/\/doi.org\/10.1111\/j.1467-8519.2008.01702.x<\/p>\n<p>Thacker, P. D. (2022, May 3). Monsanto\u2019s Ghostwriting to Influence Science and Media [Substack newsletter]. <em>The DisInformation Chronicle<\/em>. https:\/\/disinformationchronicle.substack.com\/p\/monsantos-ghostwriting-to-influence<\/p>\n<p>US Senate Committee on Finance. (2010, February 20). <em>Grassley, Baucus Release Committee Report on Avandia | The United States Senate Committee on Finance<\/em>. https:\/\/www.finance.senate.gov\/release\/grassley-baucus-release-committee-report-on-avandia<\/p>\n","protected":false},"excerpt":{"rendered":"<p>Scientific Capture The notion of \u201cghost-management\u201d was first developed to show the extent of the use of ghostwriting and refers to a whole system of management behind closed doors used to influence scientific results in favor of corporate interests (Gagnon 2013; Sismondo 2007, 2018; Sismondo and Doucet 2010). Strategies to capture scientific knowledge and shape [&hellip;]<\/p>\n","protected":false},"author":10,"featured_media":0,"parent":0,"menu_order":0,"comment_status":"closed","ping_status":"closed","template":"","meta":{"_relevanssi_hide_post":"","_relevanssi_hide_content":"","_relevanssi_pin_for_all":"","_relevanssi_pin_keywords":"","_relevanssi_unpin_keywords":"","_relevanssi_related_keywords":"","_relevanssi_related_include_ids":"","_relevanssi_related_exclude_ids":"","_relevanssi_related_no_append":"","_relevanssi_related_not_related":"","_relevanssi_related_posts":"","_relevanssi_noindex_reason":"","_mi_skip_tracking":false,"_exactmetrics_sitenote_active":false,"_exactmetrics_sitenote_note":"","_exactmetrics_sitenote_category":0,"_monsterinsights_sitenote_active":false,"_monsterinsights_sitenote_note":"","_monsterinsights_sitenote_category":0,"footnotes":"","_links_to":"","_links_to_target":""},"yoast_head":"<!-- This site is optimized with the Yoast SEO plugin v21.2 - https:\/\/yoast.com\/wordpress\/plugins\/seo\/ -->\n<title>Scientific Capture - Ghost Management<\/title>\n<meta name=\"description\" content=\"Scientific Capture The notion of \u201cghost-management\u201d was first developed to show the extent of the use of ghostwriting and refers to a whole system of\" \/>\n<meta name=\"robots\" content=\"index, follow, max-snippet:-1, max-image-preview:large, max-video-preview:-1\" \/>\n<link rel=\"canonical\" href=\"https:\/\/carleton.ca\/ghostmanagement\/scientific-capture\/\" \/>\n<meta name=\"twitter:label1\" content=\"Est. reading time\" \/>\n\t<meta name=\"twitter:data1\" content=\"7 minutes\" \/>\n<script type=\"application\/ld+json\" class=\"yoast-schema-graph\">{\"@context\":\"https:\/\/schema.org\",\"@graph\":[{\"@type\":\"WebPage\",\"@id\":\"https:\/\/carleton.ca\/ghostmanagement\/scientific-capture\/\",\"url\":\"https:\/\/carleton.ca\/ghostmanagement\/scientific-capture\/\",\"name\":\"Scientific Capture - Ghost Management\",\"isPartOf\":{\"@id\":\"https:\/\/carleton.ca\/ghostmanagement\/#website\"},\"datePublished\":\"2022-10-28T21:07:47+00:00\",\"dateModified\":\"2022-11-01T19:42:52+00:00\",\"description\":\"Scientific Capture The notion of \u201cghost-management\u201d was first developed to show the extent of the use of ghostwriting and refers to a whole system of\",\"breadcrumb\":{\"@id\":\"https:\/\/carleton.ca\/ghostmanagement\/scientific-capture\/#breadcrumb\"},\"inLanguage\":\"en-US\",\"potentialAction\":[{\"@type\":\"ReadAction\",\"target\":[\"https:\/\/carleton.ca\/ghostmanagement\/scientific-capture\/\"]}]},{\"@type\":\"BreadcrumbList\",\"@id\":\"https:\/\/carleton.ca\/ghostmanagement\/scientific-capture\/#breadcrumb\",\"itemListElement\":[{\"@type\":\"ListItem\",\"position\":1,\"name\":\"Home\",\"item\":\"https:\/\/carleton.ca\/ghostmanagement\/\"},{\"@type\":\"ListItem\",\"position\":2,\"name\":\"Scientific Capture\"}]},{\"@type\":\"WebSite\",\"@id\":\"https:\/\/carleton.ca\/ghostmanagement\/#website\",\"url\":\"https:\/\/carleton.ca\/ghostmanagement\/\",\"name\":\"Ghost Management\",\"description\":\"Carleton University\",\"potentialAction\":[{\"@type\":\"SearchAction\",\"target\":{\"@type\":\"EntryPoint\",\"urlTemplate\":\"https:\/\/carleton.ca\/ghostmanagement\/?s={search_term_string}\"},\"query-input\":\"required name=search_term_string\"}],\"inLanguage\":\"en-US\"}]}<\/script>\n<!-- \/ Yoast SEO plugin. -->","yoast_head_json":{"title":"Scientific Capture - Ghost Management","description":"Scientific Capture The notion of \u201cghost-management\u201d was first developed to show the extent of the use of ghostwriting and refers to a whole system of","robots":{"index":"index","follow":"follow","max-snippet":"max-snippet:-1","max-image-preview":"max-image-preview:large","max-video-preview":"max-video-preview:-1"},"canonical":"https:\/\/carleton.ca\/ghostmanagement\/scientific-capture\/","twitter_misc":{"Est. reading time":"7 minutes"},"schema":{"@context":"https:\/\/schema.org","@graph":[{"@type":"WebPage","@id":"https:\/\/carleton.ca\/ghostmanagement\/scientific-capture\/","url":"https:\/\/carleton.ca\/ghostmanagement\/scientific-capture\/","name":"Scientific Capture - Ghost Management","isPartOf":{"@id":"https:\/\/carleton.ca\/ghostmanagement\/#website"},"datePublished":"2022-10-28T21:07:47+00:00","dateModified":"2022-11-01T19:42:52+00:00","description":"Scientific Capture The notion of \u201cghost-management\u201d was first developed to show the extent of the use of ghostwriting and refers to a whole system of","breadcrumb":{"@id":"https:\/\/carleton.ca\/ghostmanagement\/scientific-capture\/#breadcrumb"},"inLanguage":"en-US","potentialAction":[{"@type":"ReadAction","target":["https:\/\/carleton.ca\/ghostmanagement\/scientific-capture\/"]}]},{"@type":"BreadcrumbList","@id":"https:\/\/carleton.ca\/ghostmanagement\/scientific-capture\/#breadcrumb","itemListElement":[{"@type":"ListItem","position":1,"name":"Home","item":"https:\/\/carleton.ca\/ghostmanagement\/"},{"@type":"ListItem","position":2,"name":"Scientific Capture"}]},{"@type":"WebSite","@id":"https:\/\/carleton.ca\/ghostmanagement\/#website","url":"https:\/\/carleton.ca\/ghostmanagement\/","name":"Ghost Management","description":"Carleton University","potentialAction":[{"@type":"SearchAction","target":{"@type":"EntryPoint","urlTemplate":"https:\/\/carleton.ca\/ghostmanagement\/?s={search_term_string}"},"query-input":"required name=search_term_string"}],"inLanguage":"en-US"}]}},"acf":{"banner_image_type":"none","banner_button":"no"},"_links":{"self":[{"href":"https:\/\/carleton.ca\/ghostmanagement\/wp-json\/wp\/v2\/pages\/159"}],"collection":[{"href":"https:\/\/carleton.ca\/ghostmanagement\/wp-json\/wp\/v2\/pages"}],"about":[{"href":"https:\/\/carleton.ca\/ghostmanagement\/wp-json\/wp\/v2\/types\/page"}],"author":[{"embeddable":true,"href":"https:\/\/carleton.ca\/ghostmanagement\/wp-json\/wp\/v2\/users\/10"}],"replies":[{"embeddable":true,"href":"https:\/\/carleton.ca\/ghostmanagement\/wp-json\/wp\/v2\/comments?post=159"}],"version-history":[{"count":2,"href":"https:\/\/carleton.ca\/ghostmanagement\/wp-json\/wp\/v2\/pages\/159\/revisions"}],"predecessor-version":[{"id":202,"href":"https:\/\/carleton.ca\/ghostmanagement\/wp-json\/wp\/v2\/pages\/159\/revisions\/202"}],"wp:attachment":[{"href":"https:\/\/carleton.ca\/ghostmanagement\/wp-json\/wp\/v2\/media?parent=159"}],"curies":[{"name":"wp","href":"https:\/\/api.w.org\/{rel}","templated":true}]}}