{"id":366,"date":"2023-12-12T16:15:41","date_gmt":"2023-12-12T21:15:41","guid":{"rendered":"https:\/\/carleton.ca\/ghostmanagement\/?page_id=366"},"modified":"2024-10-14T18:31:59","modified_gmt":"2024-10-14T22:31:59","slug":"events-page-2-2","status":"publish","type":"page","link":"https:\/\/carleton.ca\/ghostmanagement\/events-page-2-2\/","title":{"rendered":"June 2023: 6th International Conference on Public Policy (ICPP6)"},"content":{"rendered":"<h2>Understanding \u201cGhost-Management\u201d: Investigating Corporate Strategies to Shape and Control Knowledge, Beliefs and Practices to the Detriment of Public Health<\/h2>\n<p>In different industrial sectors, such as pharmaceuticals, tobacco, oil and gas or agro-chemicals, ghost-management strategies seem to have become a new normal taken directly from playbooks fostered by corporate lobbies and consulting, public relations, or communications companies. Because of ghost-management activities, health care policy, especially when it came to health products or toxicology, has long been vulnerable to corporate strategies. The politicization of health care policy in a post-truth context seems to amplify these vulnerabilities to a whole new level.<\/p>\n<p>We hosted a panel at the 6th International Conference on Public Policy to discuss this matter further. We brought together people from different disciplines to talk about how to study and identify ghost-management strategies, so as to develop policy tools to counter these corporate dynamics detrimental to public health.<\/p>\n<p>The main research questions for the panel were:<\/p>\n<ol>\n<li>What practical tools can be used to investigate behind-the-scenes corporate\u2014including consulting and communication company\u2014strategies to maximize profits to the detriment of public health?<\/li>\n<li>What conceptual and methodological tools can better explore how businesses influence knowledge, ignorance, and professional practices, turning them into profitable assets?<\/li>\n<li>How can the answers to the above questions better inform the development of policy to safeguard public interests?<\/li>\n<\/ol>\n<h3>Legal Reforms Required to Protect Public Health and Ensure Disclosure of Ghost Management in Science and Medicine &#8211; Paul Thacker (Freelance Journalist)<\/h3>\n<div class=\"content__video\"><iframe loading=\"lazy\" title=\"ICPP6 2023: Understanding Ghost Management -  Paul Thacker\" width=\"500\" height=\"281\" src=\"https:\/\/www.youtube.com\/embed\/S29T-ba53pQ?feature=oembed\" frameborder=\"0\" allow=\"accelerometer; autoplay; clipboard-write; encrypted-media; gyroscope; picture-in-picture; web-share\" referrerpolicy=\"strict-origin-when-cross-origin\" allowfullscreen><\/iframe><\/div>\n<h3>Investigating How Platform Companies Influence Public Policies &#8211; Blue Miaoran Dong (Carleton University)<\/h3>\n<div class=\"content__video\"><iframe loading=\"lazy\" title=\"ICPP6 2023: Understanding Ghost Management - Blue Miaoran Dong\" width=\"500\" height=\"281\" src=\"https:\/\/www.youtube.com\/embed\/0iS2GyYR8I8?feature=oembed\" frameborder=\"0\" allow=\"accelerometer; autoplay; clipboard-write; encrypted-media; gyroscope; picture-in-picture; web-share\" referrerpolicy=\"strict-origin-when-cross-origin\" allowfullscreen><\/iframe><\/div>\n<h3>The Science of Influence: Roche\u2019s Scientific Networks of Influence over Regulations and Technology &#8211; Cecilia Rikap (City, University of London) and Marc-Andre Gagnon (Carleton University)<\/h3>\n<div class=\"content__video\"><iframe loading=\"lazy\" title=\"ICPP6 2023: Understanding Ghost Management - Cecilia Rikap and Marc Andr\u00e9 Gagnon\" width=\"500\" height=\"281\" src=\"https:\/\/www.youtube.com\/embed\/hoyHWZr-imo?feature=oembed\" frameborder=\"0\" allow=\"accelerometer; autoplay; clipboard-write; encrypted-media; gyroscope; picture-in-picture; web-share\" referrerpolicy=\"strict-origin-when-cross-origin\" allowfullscreen><\/iframe><\/div>\n<h3>Diet Pills and Disinformation: Lessons Learned from Legislative Efforts to Ban the Sale of Harmful Weight-Loss and Muscle-Building Supplements to Minors &#8211; Amanda Raffoul (Boston Children&#8217;s Hospital) and S. Bryn Austin (Harvard School of Public Health, USA)<\/h3>\n<div class=\"content__video\"><iframe loading=\"lazy\" title=\"ICPP6 2023: Understanding Ghost Management - Amanda Raffoul\" width=\"500\" height=\"281\" src=\"https:\/\/www.youtube.com\/embed\/viDAqbaPi-8?feature=oembed\" frameborder=\"0\" allow=\"accelerometer; autoplay; clipboard-write; encrypted-media; gyroscope; picture-in-picture; web-share\" referrerpolicy=\"strict-origin-when-cross-origin\" allowfullscreen><\/iframe><\/div>\n<h3>Exploring What the Scientific Literature Learned from Internal Company Documents in the Chemical Industry: A Scoping Review &#8211; Blue Miaoran Dong (Carleton University) and Marc-Andre Gagnon (Carleton University)<\/h3>\n<div class=\"content__video\"><iframe loading=\"lazy\" title=\"ICPP6 2023: Understanding Ghost Management - Blue Miaoran Dong and Marc Andr\u00e9 Gagnon\" width=\"500\" height=\"281\" src=\"https:\/\/www.youtube.com\/embed\/tqNYlunPiuQ?feature=oembed\" frameborder=\"0\" allow=\"accelerometer; autoplay; clipboard-write; encrypted-media; gyroscope; picture-in-picture; web-share\" referrerpolicy=\"strict-origin-when-cross-origin\" allowfullscreen><\/iframe><\/div>\n<h3>The Requirements and Challenges of Researching the Agrochemical Industry\u2019s Ghost-Management Strategies in Canada &#8211;\u00a0 Marie-H\u00e9l\u00e8ne Bacon (Universit\u00e9 du Qu\u00e9bec \u00e0 Montr\u00e9al) and Louise Vandelac (Universit\u00e9 du Qu\u00e9bec \u00e0 Montr\u00e9al)<\/h3>\n<div class=\"content__video\"><iframe loading=\"lazy\" title=\"ICPP6 2023: Understanding Ghost Management - Marie H\u00e9l\u00e8ne Bacon and Louise Vandelac\" width=\"500\" height=\"281\" src=\"https:\/\/www.youtube.com\/embed\/FmOwflYqd0A?feature=oembed\" frameborder=\"0\" allow=\"accelerometer; autoplay; clipboard-write; encrypted-media; gyroscope; picture-in-picture; web-share\" referrerpolicy=\"strict-origin-when-cross-origin\" allowfullscreen><\/iframe><\/div>\n<h3>Influence(s) in the Belgian Biopharmaceutical State &#8211; Lucas Bechoux (University of Li\u00e8ge)<\/h3>\n<div class=\"content__video\"><iframe loading=\"lazy\" title=\"ICPP6 2023: Understanding Ghost Management - Lucas Bechoux\" width=\"500\" height=\"281\" src=\"https:\/\/www.youtube.com\/embed\/H28n6HjAC7o?feature=oembed\" frameborder=\"0\" allow=\"accelerometer; autoplay; clipboard-write; encrypted-media; gyroscope; picture-in-picture; web-share\" referrerpolicy=\"strict-origin-when-cross-origin\" allowfullscreen><\/iframe><\/div>\n<h3>Epistemic Corruption, the Pharmaceutical Industry, and Key Opinion Leaders &#8211; Sergio Sismondo (Queen&#8217;s University, Canada)<\/h3>\n<div class=\"content__video\"><iframe loading=\"lazy\" title=\"ICPP6 2023: Understanding Ghost Management - Sergio Sismondo\" width=\"500\" height=\"281\" src=\"https:\/\/www.youtube.com\/embed\/06ZtW1ya6Os?feature=oembed\" frameborder=\"0\" allow=\"accelerometer; autoplay; clipboard-write; encrypted-media; gyroscope; picture-in-picture; web-share\" referrerpolicy=\"strict-origin-when-cross-origin\" allowfullscreen><\/iframe><\/div>\n<h3>Outsourcing Education: The Impacts of Industry Involvement in Practice-Based Education for Clinical Expertise &#8211; Quinn Grundy (University of Toronto), Dana Hart (University of Toronto), and Fiona Miller (University of Toronto)<\/h3>\n<div class=\"content__video\"><iframe loading=\"lazy\" title=\"ICPP6 2023: Understanding Ghost Management - Quinn Grundy\" width=\"500\" height=\"281\" src=\"https:\/\/www.youtube.com\/embed\/NKmBjPVEGj0?feature=oembed\" frameborder=\"0\" allow=\"accelerometer; autoplay; clipboard-write; encrypted-media; gyroscope; picture-in-picture; web-share\" referrerpolicy=\"strict-origin-when-cross-origin\" allowfullscreen><\/iframe><\/div>\n<h3>Investigating and Mapping Ghost Management at Work &#8211; Catherine Riva (Re-Check, Investigating and Mapping Health Affairs) Serena Tinari (Re-Check, Investigating and Mapping Health Affairs)<\/h3>\n<div class=\"content__video\"><iframe loading=\"lazy\" title=\"ICPP6 2023: Understanding Ghost Management - Catherine Riva and Serena Tinari\" width=\"500\" height=\"281\" src=\"https:\/\/www.youtube.com\/embed\/qMy5l8Gn6ec?feature=oembed\" frameborder=\"0\" allow=\"accelerometer; autoplay; clipboard-write; encrypted-media; gyroscope; picture-in-picture; web-share\" referrerpolicy=\"strict-origin-when-cross-origin\" allowfullscreen><\/iframe><\/div>\n<h3>Toxic Ignorance: Studying of Ghost-Management through the Lens of Risk Assessment Procedures and Knowledge &#8211; Emmanuel Henry (Universit\u00e9 Paris-Dauphine (Paris IX)) Henri Boullier (Centre National de la Recherche Scientifique (CNRS))<\/h3>\n<div class=\"content__video\"><iframe loading=\"lazy\" title=\"ICCP6 2023: Understanding Ghost Management - Emmanuel Henry\" width=\"500\" height=\"281\" src=\"https:\/\/www.youtube.com\/embed\/uLSQ_2YMjIw?feature=oembed\" frameborder=\"0\" allow=\"accelerometer; autoplay; clipboard-write; encrypted-media; gyroscope; picture-in-picture; web-share\" referrerpolicy=\"strict-origin-when-cross-origin\" allowfullscreen><\/iframe><\/div>\n","protected":false},"excerpt":{"rendered":"<p>Understanding \u201cGhost-Management\u201d: Investigating Corporate Strategies to Shape and Control Knowledge, Beliefs and Practices to the Detriment of Public Health In different industrial sectors, such as pharmaceuticals, tobacco, oil and gas or agro-chemicals, ghost-management strategies seem to have become a new normal taken directly from playbooks fostered by corporate lobbies and consulting, public relations, or communications [&hellip;]<\/p>\n","protected":false},"author":10,"featured_media":0,"parent":0,"menu_order":4,"comment_status":"closed","ping_status":"closed","template":"","meta":{"_relevanssi_hide_post":"","_relevanssi_hide_content":"","_relevanssi_pin_for_all":"","_relevanssi_pin_keywords":"","_relevanssi_unpin_keywords":"","_relevanssi_related_keywords":"","_relevanssi_related_include_ids":"","_relevanssi_related_exclude_ids":"","_relevanssi_related_no_append":"","_relevanssi_related_not_related":"","_relevanssi_related_posts":"","_relevanssi_noindex_reason":"","_mi_skip_tracking":false,"_exactmetrics_sitenote_active":false,"_exactmetrics_sitenote_note":"","_exactmetrics_sitenote_category":0,"_monsterinsights_sitenote_active":false,"_monsterinsights_sitenote_note":"","_monsterinsights_sitenote_category":0,"footnotes":"","_links_to":"","_links_to_target":""},"yoast_head":"<!-- This site is optimized with the Yoast SEO plugin v21.2 - https:\/\/yoast.com\/wordpress\/plugins\/seo\/ -->\n<title>June 2023: 6th International Conference on Public Policy (ICPP6) - Ghost Management<\/title>\n<meta name=\"description\" content=\"Understanding \u201cGhost-Management\u201d: Investigating Corporate Strategies to Shape and Control Knowledge, Beliefs and Practices to the Detriment of Public\" \/>\n<meta name=\"robots\" content=\"index, follow, max-snippet:-1, max-image-preview:large, max-video-preview:-1\" \/>\n<link rel=\"canonical\" href=\"https:\/\/carleton.ca\/ghostmanagement\/events-page-2-2\/\" \/>\n<meta name=\"twitter:label1\" content=\"Est. reading time\" \/>\n\t<meta name=\"twitter:data1\" content=\"3 minutes\" \/>\n<script type=\"application\/ld+json\" class=\"yoast-schema-graph\">{\"@context\":\"https:\/\/schema.org\",\"@graph\":[{\"@type\":\"WebPage\",\"@id\":\"https:\/\/carleton.ca\/ghostmanagement\/events-page-2-2\/\",\"url\":\"https:\/\/carleton.ca\/ghostmanagement\/events-page-2-2\/\",\"name\":\"June 2023: 6th International Conference on Public Policy (ICPP6) - Ghost Management\",\"isPartOf\":{\"@id\":\"https:\/\/carleton.ca\/ghostmanagement\/#website\"},\"datePublished\":\"2023-12-12T21:15:41+00:00\",\"dateModified\":\"2024-10-14T22:31:59+00:00\",\"description\":\"Understanding \u201cGhost-Management\u201d: Investigating Corporate Strategies to Shape and Control Knowledge, Beliefs and Practices to the Detriment of Public\",\"breadcrumb\":{\"@id\":\"https:\/\/carleton.ca\/ghostmanagement\/events-page-2-2\/#breadcrumb\"},\"inLanguage\":\"en-US\",\"potentialAction\":[{\"@type\":\"ReadAction\",\"target\":[\"https:\/\/carleton.ca\/ghostmanagement\/events-page-2-2\/\"]}]},{\"@type\":\"BreadcrumbList\",\"@id\":\"https:\/\/carleton.ca\/ghostmanagement\/events-page-2-2\/#breadcrumb\",\"itemListElement\":[{\"@type\":\"ListItem\",\"position\":1,\"name\":\"Home\",\"item\":\"https:\/\/carleton.ca\/ghostmanagement\/\"},{\"@type\":\"ListItem\",\"position\":2,\"name\":\"June 2023: 6th International Conference on Public Policy (ICPP6)\"}]},{\"@type\":\"WebSite\",\"@id\":\"https:\/\/carleton.ca\/ghostmanagement\/#website\",\"url\":\"https:\/\/carleton.ca\/ghostmanagement\/\",\"name\":\"Ghost Management\",\"description\":\"Carleton University\",\"potentialAction\":[{\"@type\":\"SearchAction\",\"target\":{\"@type\":\"EntryPoint\",\"urlTemplate\":\"https:\/\/carleton.ca\/ghostmanagement\/?s={search_term_string}\"},\"query-input\":\"required name=search_term_string\"}],\"inLanguage\":\"en-US\"}]}<\/script>\n<!-- \/ Yoast SEO plugin. -->","yoast_head_json":{"title":"June 2023: 6th International Conference on Public Policy (ICPP6) - Ghost Management","description":"Understanding \u201cGhost-Management\u201d: Investigating Corporate Strategies to Shape and Control Knowledge, Beliefs and Practices to the Detriment of Public","robots":{"index":"index","follow":"follow","max-snippet":"max-snippet:-1","max-image-preview":"max-image-preview:large","max-video-preview":"max-video-preview:-1"},"canonical":"https:\/\/carleton.ca\/ghostmanagement\/events-page-2-2\/","twitter_misc":{"Est. reading time":"3 minutes"},"schema":{"@context":"https:\/\/schema.org","@graph":[{"@type":"WebPage","@id":"https:\/\/carleton.ca\/ghostmanagement\/events-page-2-2\/","url":"https:\/\/carleton.ca\/ghostmanagement\/events-page-2-2\/","name":"June 2023: 6th International Conference on Public Policy (ICPP6) - Ghost Management","isPartOf":{"@id":"https:\/\/carleton.ca\/ghostmanagement\/#website"},"datePublished":"2023-12-12T21:15:41+00:00","dateModified":"2024-10-14T22:31:59+00:00","description":"Understanding \u201cGhost-Management\u201d: Investigating Corporate Strategies to Shape and Control Knowledge, Beliefs and Practices to the Detriment of Public","breadcrumb":{"@id":"https:\/\/carleton.ca\/ghostmanagement\/events-page-2-2\/#breadcrumb"},"inLanguage":"en-US","potentialAction":[{"@type":"ReadAction","target":["https:\/\/carleton.ca\/ghostmanagement\/events-page-2-2\/"]}]},{"@type":"BreadcrumbList","@id":"https:\/\/carleton.ca\/ghostmanagement\/events-page-2-2\/#breadcrumb","itemListElement":[{"@type":"ListItem","position":1,"name":"Home","item":"https:\/\/carleton.ca\/ghostmanagement\/"},{"@type":"ListItem","position":2,"name":"June 2023: 6th International Conference on Public Policy (ICPP6)"}]},{"@type":"WebSite","@id":"https:\/\/carleton.ca\/ghostmanagement\/#website","url":"https:\/\/carleton.ca\/ghostmanagement\/","name":"Ghost Management","description":"Carleton University","potentialAction":[{"@type":"SearchAction","target":{"@type":"EntryPoint","urlTemplate":"https:\/\/carleton.ca\/ghostmanagement\/?s={search_term_string}"},"query-input":"required name=search_term_string"}],"inLanguage":"en-US"}]}},"acf":{"banner_button":"no","banner_image_type":"none"},"_links":{"self":[{"href":"https:\/\/carleton.ca\/ghostmanagement\/wp-json\/wp\/v2\/pages\/366"}],"collection":[{"href":"https:\/\/carleton.ca\/ghostmanagement\/wp-json\/wp\/v2\/pages"}],"about":[{"href":"https:\/\/carleton.ca\/ghostmanagement\/wp-json\/wp\/v2\/types\/page"}],"author":[{"embeddable":true,"href":"https:\/\/carleton.ca\/ghostmanagement\/wp-json\/wp\/v2\/users\/10"}],"replies":[{"embeddable":true,"href":"https:\/\/carleton.ca\/ghostmanagement\/wp-json\/wp\/v2\/comments?post=366"}],"version-history":[{"count":3,"href":"https:\/\/carleton.ca\/ghostmanagement\/wp-json\/wp\/v2\/pages\/366\/revisions"}],"predecessor-version":[{"id":382,"href":"https:\/\/carleton.ca\/ghostmanagement\/wp-json\/wp\/v2\/pages\/366\/revisions\/382"}],"wp:attachment":[{"href":"https:\/\/carleton.ca\/ghostmanagement\/wp-json\/wp\/v2\/media?parent=366"}],"curies":[{"name":"wp","href":"https:\/\/api.w.org\/{rel}","templated":true}]}}