{"id":44,"date":"2022-04-11T10:26:34","date_gmt":"2022-04-11T14:26:34","guid":{"rendered":"https:\/\/carleton.ca\/ghostmanagement\/?page_id=44"},"modified":"2022-12-05T13:41:23","modified_gmt":"2022-12-05T18:41:23","slug":"events-page","status":"publish","type":"page","link":"https:\/\/carleton.ca\/ghostmanagement\/events-page\/","title":{"rendered":"Events and Recent Activity"},"content":{"rendered":"<section class=\"content-wrapper content-wrapper--shortcode\"><div class=\"u-post-reload\"><div class=\"news news--archive u-width-limited\"><a class=\"news__link  news__link--archive\" href=\"https:\/\/carleton.ca\/ghostmanagement\/2025\/call-for-papers-international-workshop-on-public-policy-5th-edition\/\"><p class=\"news__date news__date--archive\">Saturday, November 22, 2025<\/p><h3 class=\"news__heading u-hide-in-toc news__heading--archive\" rel=\"bookmark\">Call for Papers: International Workshops on Public Policy &#8211; 5th Edition<\/h3><p class=\"news__excerpt news__excerpt--archive\">International Workshops on Public Policy - 5th Edition Workshop: Corporate power and public policy: Shaping and controlling knowledge, practices, policies, and regulations Call for Papers: November 10, 2025 - January 20, 2026 How do corporations strategically shape knowledge, practices and attitudes to steer policy and influence agenda-setting?... <span class=\"news__more-link\">More<\/span><\/p><\/a><\/div><div class=\"news news--archive u-width-limited\"><a class=\"news__link  news__link--archive\" href=\"https:\/\/carleton.ca\/ghostmanagement\/2024\/workshop-for-journalists-learn-more-about-our-new-guidelines-for-investigative-reporting-in-the-pharmaceutical-industry-bilingual-options-provided\/\"><p class=\"news__date news__date--archive\">Monday, November 25, 2024<\/p><h3 class=\"news__heading u-hide-in-toc news__heading--archive\" rel=\"bookmark\">Workshop for Journalists! Learn More About our New Guidelines for Investigative Reporting in the Pharmaceutical Industry (Bilingual Options Provided)<\/h3><p class=\"news__excerpt news__excerpt--archive\">La version fran\u00e7aise suit la version anglaise, ci-dessous Workshop for Journalists! Learn More About Ghost Management at Work: A Practical Guide for the Investigation and Mapping of Health Affairs English: Wednesday, December 4th, 2024 from 10:00 to 11:00 AM Fran\u00e7ais: Lundi 2 d\u00e9cembre 2024 de 10:00 \u00e0 11:00 AM Virtual event Contact: Professor... <span class=\"news__more-link\">More<\/span><\/p><\/a><\/div><div class=\"news news--archive u-width-limited\"><a class=\"news__link  news__link--archive\" href=\"https:\/\/carleton.ca\/ghostmanagement\/2024\/new-article-and-podcast-pharmacare-and-access-to-medicines-in-canada-is-bill-c-64-a-step-in-the-right-direction\/\"><p class=\"news__date news__date--archive\">Sunday, November 17, 2024<\/p><h3 class=\"news__heading u-hide-in-toc news__heading--archive\" rel=\"bookmark\">New Article and Podcast: Pharmacare and Access to Medicines in Canada: Is Bill C-64 a Step in the Right Direction?<\/h3><p class=\"news__excerpt news__excerpt--archive\">&nbsp; New Article and Podcast: Pharmacare and Access to Medicines in Canada: Is Bill C-64 a Step in the Right Direction? by Marc-Andr\u00e9 Gagnon The provision of prescription drugs is typically a fundamental component of national health care systems, often viewed as an essential health service. Notably, every OECD country with universal health care... <span class=\"news__more-link\">More<\/span><\/p><\/a><\/div><div class=\"news news--archive u-width-limited\"><a class=\"news__link  news__link--archive\" href=\"https:\/\/carleton.ca\/ghostmanagement\/2024\/call-for-papers-7th-international-conference-on-public-policy-icpp7\/\"><p class=\"news__date news__date--archive\">Sunday, November 17, 2024<\/p><h3 class=\"news__heading u-hide-in-toc news__heading--archive\" rel=\"bookmark\">Call for Papers: 7th International Conference on Public Policy (ICPP7)<\/h3><p class=\"news__excerpt news__excerpt--archive\">7th International Conference on Public Policy (ICPP7) Panel: How to evaluate corporate initiatives to promote access to medicines and health technologies Call for Papers: November 18, 2024 - January 31, 2025 Since the 1960s, the World Health Organization has sought to promote the rational use of medicines and health technologies and developed... <span class=\"news__more-link\">More<\/span><\/p><\/a><\/div><div class=\"news news--archive u-width-limited\"><a class=\"news__link  news__link--archive\" href=\"https:\/\/carleton.ca\/ghostmanagement\/2024\/new-publication-ghost-management-at-work-a-practical-guide-for-the-investigation-and-mapping-of-health-affairs\/\"><p class=\"news__date news__date--archive\">Friday, November 1, 2024<\/p><h3 class=\"news__heading u-hide-in-toc news__heading--archive\" rel=\"bookmark\">New Publication: Ghost Management at Work: A Practical Guide for the Investigation and Mapping of Health Affairs<\/h3><p class=\"news__excerpt news__excerpt--archive\">New Publication: Ghost Management at Work: A Practical Guide for the Investigation and Mapping of Health Affairs by Catherine Riva - Investigative Journalist, Re-Check.ch Serena Tinari - Investigative Journalist, Re-Check.ch Marc-Andr\u00e9 Gagnon - Associate Professor, SPPA at Carleton University Members of our research team have published a new set... <span class=\"news__more-link\">More<\/span><\/p><\/a><\/div><div class=\"news news--archive u-width-limited\"><a class=\"news__link  news__link--archive\" href=\"https:\/\/carleton.ca\/ghostmanagement\/2023\/new-commentary-time-to-improve-2\/\"><p class=\"news__date news__date--archive\">Wednesday, November 29, 2023<\/p><h3 class=\"news__heading u-hide-in-toc news__heading--archive\" rel=\"bookmark\">New Publication: Prevalence and nature of manufacturer-sponsored patient support programs for prescription drugs in Canada: a cross-sectional study<\/h3><p class=\"news__excerpt news__excerpt--archive\">&nbsp; New Publication: Prevalence and nature of manufacturer-sponsored patient support programs for prescription drugs in Canada: a cross-sectional study by Quinn Grundy, Ashton Quanbury, Dana Hart, Shanzeh Chaudhry, Farideh Tavangar, Joel Lexchin, Marc-Andr\u00e9 Gagnon and Mina Tadrous Members of our research team and affiliates have published a... <span class=\"news__more-link\">More<\/span><\/p><\/a><\/div><div class=\"news news--archive u-width-limited\"><a class=\"news__link  news__link--archive\" href=\"https:\/\/carleton.ca\/ghostmanagement\/2023\/new-commentary-time-to-improve\/\"><p class=\"news__date news__date--archive\">Tuesday, November 28, 2023<\/p><h3 class=\"news__heading u-hide-in-toc news__heading--archive\" rel=\"bookmark\">New Commentary: Time to Improve Transparency at Health Canada\u2019s Pest Management Regulatory Agency<\/h3><p class=\"news__excerpt news__excerpt--archive\">&nbsp; New Commentary: Time to Improve Transparency at Health Canada\u2019s Pest Management Regulatory Agency by Marc-Andr\u00e9 Gagnon and Marie-H\u00e9l\u00e8ne Bacon Members of our research team have published a new commentary piece in CMAJ (the Canadian Medical Association Journal), a\u00a0peer-reviewed general medical journal\u00a0that publishes original research,... <span class=\"news__more-link\">More<\/span><\/p><\/a><\/div><div class=\"news news--archive u-width-limited\"><a class=\"news__link  news__link--archive\" href=\"https:\/\/carleton.ca\/ghostmanagement\/2023\/new-podcast-episode-patient-support-programs-2\/\"><p class=\"news__date news__date--archive\">Monday, November 27, 2023<\/p><h3 class=\"news__heading u-hide-in-toc news__heading--archive\" rel=\"bookmark\">New Podcast Episode: Marketing through Patient Support Programs<\/h3><p class=\"news__excerpt news__excerpt--archive\">New Podcast Episode: Marketing through Patient Support Programs New podcast episode alert! On our third episode,\u00a0Quinn Grundy explains to us what Patient Support Programs are and how they have become a central tool for the marketing of new drugs. Find the full episode at the link... <span class=\"news__more-link\">More<\/span><\/p><\/a><\/div><div class=\"news news--archive u-width-limited\"><a class=\"news__link  news__link--archive\" href=\"https:\/\/carleton.ca\/ghostmanagement\/2023\/new-podcast-episode-ghost-management-and-pharmacare\/\"><p class=\"news__date news__date--archive\">Friday, September 29, 2023<\/p><h3 class=\"news__heading u-hide-in-toc news__heading--archive\" rel=\"bookmark\">New Podcast Episode: Ghost Management and Pharmacare<\/h3><p class=\"news__excerpt news__excerpt--archive\">New Podcast Episode: Ghost Management and Pharmacare Our next podcast episode is out! Our second episode features political economist Marc-Andr\u00e9 Gagnon, who explains why drug coverage in Canada is fragmented and dysfunctional, allowing for different problematic strategies from drug companies, insurance companies and drug plans, and why so many... <span class=\"news__more-link\">More<\/span><\/p><\/a><\/div><div class=\"news news--archive u-width-limited\"><a class=\"news__link  news__link--archive\" href=\"https:\/\/carleton.ca\/ghostmanagement\/2023\/listen-now-the-ghost-management-podcast\/\"><p class=\"news__date news__date--archive\">Wednesday, April 19, 2023<\/p><h3 class=\"news__heading u-hide-in-toc news__heading--archive\" rel=\"bookmark\">Listen Now: the Ghost Management Podcast!<\/h3><p class=\"news__excerpt news__excerpt--archive\">Listen Now: the Ghost Management Podcast! The ghost management research group is excited to announce the launch of our new podcast: The Ghost Management Podcast; Understanding Corporate Capitalism in the XXIst Century! We will be interviewing guests from around the world who specialize in uncovering corporate tactics and understanding covert... <span class=\"news__more-link\">More<\/span><\/p><\/a><\/div><div class=\"news news--archive u-width-limited\"><a class=\"news__link  news__link--archive\" href=\"https:\/\/carleton.ca\/ghostmanagement\/2023\/new-publication-poisoning-regulation-research-health-and-the-environment-the-glyphosate-based-herbicides-case-in-canada\/\"><p class=\"news__date news__date--archive\">Wednesday, February 15, 2023<\/p><h3 class=\"news__heading u-hide-in-toc news__heading--archive\" rel=\"bookmark\">New Publication: Poisoning Regulation, Research, Health, and the Environment: The Glyphosate-Based Herbicides Case in Canada<\/h3><p class=\"news__excerpt news__excerpt--archive\">New Publication: Poisoning Regulation, Research, Health, and the Environment: The Glyphosate-Based Herbicides Case in Canada by Marie-H\u00e9l\u00e8ne Bacon, Louise Vandelac, Marc-Andr\u00e9 Gagnon, and Lise Parent Members of our research team have published a new article in Toxics, an international, peer-reviewed, open-access journal on all aspects of the... <span class=\"news__more-link\">More<\/span><\/p><\/a><\/div><div class=\"news news--archive u-width-limited\"><a class=\"news__link  news__link--archive\" href=\"https:\/\/carleton.ca\/ghostmanagement\/2022\/call-for-papers-6th-international-conference-on-public-policy-icpp6\/\"><p class=\"news__date news__date--archive\">Friday, November 25, 2022<\/p><h3 class=\"news__heading u-hide-in-toc news__heading--archive\" rel=\"bookmark\">6th International Conference on Public Policy (ICPP6)<\/h3><p class=\"news__excerpt news__excerpt--archive\">6th International Conference on Public Policy (ICPP6) Panel: Understanding \u201cghost-management\u201d: Investigating corporate strategies to shape and control knowledge, beliefs and practices to the detriment of public health Call for Papers: CLOSED as of January 31, 2023\u00a0 In different industrial sectors, such as pharmaceuticals, tobacco, oil and gas... <span class=\"news__more-link\">More<\/span><\/p><\/a><\/div><div class=\"news news--archive u-width-limited\"><a class=\"news__link  news__link--archive\" href=\"https:\/\/carleton.ca\/ghostmanagement\/2022\/call-for-papers-frontiers-in-medicine-special-issue\/\"><p class=\"news__date news__date--archive\">Friday, November 25, 2022<\/p><h3 class=\"news__heading u-hide-in-toc news__heading--archive\" rel=\"bookmark\">Call for Papers: Frontiers in Medicine Special Issue<\/h3><p class=\"news__excerpt news__excerpt--archive\">Call for Papers: Frontiers in Medicine - Special Issue Research Topic - Current Priorities in Health Research Agendas: Tensions Between Public and Commercial Interests in Prioritizing Biomedical, Social, and Environmental Aspects of Health Abstract Submission Deadline: 02 April 2023 Manuscript Submission Deadline: 02 August 2023 Predominant health... <span class=\"news__more-link\">More<\/span><\/p><\/a><\/div><\/div><div class=\"pagination u-clearfix\"><\/div><\/section>\n\n<div class=\"u-center-text\">\n\t<p>\n\t\t<a class=\"button__red button__red--solid\" href=\"https:\/\/carleton.ca\/ghostmanagement\/events-page-2\/\"  rel=\"noopener noreferrer\">Presentations from the April 2022 Symposium<\/a>\n\t<\/p>\n<\/div>\n\n","protected":false},"excerpt":{"rendered":"","protected":false},"author":7,"featured_media":0,"parent":0,"menu_order":4,"comment_status":"closed","ping_status":"closed","template":"","meta":{"_relevanssi_hide_post":"","_relevanssi_hide_content":"","_relevanssi_pin_for_all":"","_relevanssi_pin_keywords":"","_relevanssi_unpin_keywords":"","_relevanssi_related_keywords":"","_relevanssi_related_include_ids":"","_relevanssi_related_exclude_ids":"","_relevanssi_related_no_append":"","_relevanssi_related_not_related":"","_relevanssi_related_posts":"","_relevanssi_noindex_reason":"","_mi_skip_tracking":false,"_exactmetrics_sitenote_active":false,"_exactmetrics_sitenote_note":"","_exactmetrics_sitenote_category":0,"_monsterinsights_sitenote_active":false,"_monsterinsights_sitenote_note":"","_monsterinsights_sitenote_category":0,"footnotes":"","_links_to":"","_links_to_target":""},"yoast_head":"<!-- This site is optimized with the Yoast SEO plugin v21.2 - https:\/\/yoast.com\/wordpress\/plugins\/seo\/ -->\n<title>Events and Recent Activity - Ghost Management<\/title>\n<meta name=\"robots\" content=\"index, follow, max-snippet:-1, max-image-preview:large, max-video-preview:-1\" \/>\n<link rel=\"canonical\" href=\"https:\/\/carleton.ca\/ghostmanagement\/events-page\/\" \/>\n<meta name=\"twitter:label1\" content=\"Est. reading time\" \/>\n\t<meta name=\"twitter:data1\" content=\"1 minute\" \/>\n<script type=\"application\/ld+json\" class=\"yoast-schema-graph\">{\"@context\":\"https:\/\/schema.org\",\"@graph\":[{\"@type\":\"WebPage\",\"@id\":\"https:\/\/carleton.ca\/ghostmanagement\/events-page\/\",\"url\":\"https:\/\/carleton.ca\/ghostmanagement\/events-page\/\",\"name\":\"Events and Recent Activity - Ghost Management\",\"isPartOf\":{\"@id\":\"https:\/\/carleton.ca\/ghostmanagement\/#website\"},\"datePublished\":\"2022-04-11T14:26:34+00:00\",\"dateModified\":\"2022-12-05T18:41:23+00:00\",\"breadcrumb\":{\"@id\":\"https:\/\/carleton.ca\/ghostmanagement\/events-page\/#breadcrumb\"},\"inLanguage\":\"en-US\",\"potentialAction\":[{\"@type\":\"ReadAction\",\"target\":[\"https:\/\/carleton.ca\/ghostmanagement\/events-page\/\"]}]},{\"@type\":\"BreadcrumbList\",\"@id\":\"https:\/\/carleton.ca\/ghostmanagement\/events-page\/#breadcrumb\",\"itemListElement\":[{\"@type\":\"ListItem\",\"position\":1,\"name\":\"Home\",\"item\":\"https:\/\/carleton.ca\/ghostmanagement\/\"},{\"@type\":\"ListItem\",\"position\":2,\"name\":\"Events and Recent Activity\"}]},{\"@type\":\"WebSite\",\"@id\":\"https:\/\/carleton.ca\/ghostmanagement\/#website\",\"url\":\"https:\/\/carleton.ca\/ghostmanagement\/\",\"name\":\"Ghost Management\",\"description\":\"Carleton University\",\"potentialAction\":[{\"@type\":\"SearchAction\",\"target\":{\"@type\":\"EntryPoint\",\"urlTemplate\":\"https:\/\/carleton.ca\/ghostmanagement\/?s={search_term_string}\"},\"query-input\":\"required name=search_term_string\"}],\"inLanguage\":\"en-US\"}]}<\/script>\n<!-- \/ Yoast SEO plugin. -->","yoast_head_json":{"title":"Events and Recent Activity - Ghost Management","robots":{"index":"index","follow":"follow","max-snippet":"max-snippet:-1","max-image-preview":"max-image-preview:large","max-video-preview":"max-video-preview:-1"},"canonical":"https:\/\/carleton.ca\/ghostmanagement\/events-page\/","twitter_misc":{"Est. reading time":"1 minute"},"schema":{"@context":"https:\/\/schema.org","@graph":[{"@type":"WebPage","@id":"https:\/\/carleton.ca\/ghostmanagement\/events-page\/","url":"https:\/\/carleton.ca\/ghostmanagement\/events-page\/","name":"Events and Recent Activity - Ghost Management","isPartOf":{"@id":"https:\/\/carleton.ca\/ghostmanagement\/#website"},"datePublished":"2022-04-11T14:26:34+00:00","dateModified":"2022-12-05T18:41:23+00:00","breadcrumb":{"@id":"https:\/\/carleton.ca\/ghostmanagement\/events-page\/#breadcrumb"},"inLanguage":"en-US","potentialAction":[{"@type":"ReadAction","target":["https:\/\/carleton.ca\/ghostmanagement\/events-page\/"]}]},{"@type":"BreadcrumbList","@id":"https:\/\/carleton.ca\/ghostmanagement\/events-page\/#breadcrumb","itemListElement":[{"@type":"ListItem","position":1,"name":"Home","item":"https:\/\/carleton.ca\/ghostmanagement\/"},{"@type":"ListItem","position":2,"name":"Events and Recent Activity"}]},{"@type":"WebSite","@id":"https:\/\/carleton.ca\/ghostmanagement\/#website","url":"https:\/\/carleton.ca\/ghostmanagement\/","name":"Ghost Management","description":"Carleton University","potentialAction":[{"@type":"SearchAction","target":{"@type":"EntryPoint","urlTemplate":"https:\/\/carleton.ca\/ghostmanagement\/?s={search_term_string}"},"query-input":"required name=search_term_string"}],"inLanguage":"en-US"}]}},"acf":{"banner_image_type":"none","banner_button":"no"},"_links":{"self":[{"href":"https:\/\/carleton.ca\/ghostmanagement\/wp-json\/wp\/v2\/pages\/44"}],"collection":[{"href":"https:\/\/carleton.ca\/ghostmanagement\/wp-json\/wp\/v2\/pages"}],"about":[{"href":"https:\/\/carleton.ca\/ghostmanagement\/wp-json\/wp\/v2\/types\/page"}],"author":[{"embeddable":true,"href":"https:\/\/carleton.ca\/ghostmanagement\/wp-json\/wp\/v2\/users\/7"}],"replies":[{"embeddable":true,"href":"https:\/\/carleton.ca\/ghostmanagement\/wp-json\/wp\/v2\/comments?post=44"}],"version-history":[{"count":2,"href":"https:\/\/carleton.ca\/ghostmanagement\/wp-json\/wp\/v2\/pages\/44\/revisions"}],"predecessor-version":[{"id":294,"href":"https:\/\/carleton.ca\/ghostmanagement\/wp-json\/wp\/v2\/pages\/44\/revisions\/294"}],"wp:attachment":[{"href":"https:\/\/carleton.ca\/ghostmanagement\/wp-json\/wp\/v2\/media?parent=44"}],"curies":[{"name":"wp","href":"https:\/\/api.w.org\/{rel}","templated":true}]}}