{"id":31082,"date":"2021-09-03T15:11:44","date_gmt":"2021-09-03T19:11:44","guid":{"rendered":"https:\/\/carleton.ca\/go-isso\/?page_id=31082"},"modified":"2026-03-04T09:57:35","modified_gmt":"2026-03-04T14:57:35","slug":"profile-universite-paris-dauphine","status":"publish","type":"page","link":"https:\/\/carleton.ca\/go-isso\/exchange-partner-institutions\/profile-universite-paris-dauphine\/","title":{"rendered":"Profile Page &#8211; Universit\u00e9 Paris Dauphine"},"content":{"rendered":"\n<section class=\"w-screen px-6 cu-section cu-section--white ml-offset-center md:px-8 lg:px-14\">\n    <div class=\"space-y-6 cu-max-w-child-max  md:space-y-10 cu-prose-first-last\">\n\n        \n                    \n                    \n            \n    <div class=\"cu-wideimage relative flex items-center justify-center mx-auto px-8 overflow-hidden md:px-16 rounded-xl not-prose  my-6 md:my-12 first:mt-0 bg-opacity-50 bg-cover bg-cu-black-50 py-24 md:py-28 lg:py-36 xl:py-48\" style=\"background-image: url(https:\/\/carleton.ca\/go-isso\/wp-content\/uploads\/sites\/102\/2025\/07\/P_CarletonPhotography_CarletonCampus_01-08-24-22-1600x700.jpg); background-position: 50% 50%;\">\n\n                    <div class=\"absolute top-0 w-full h-screen\" style=\"background-color:rgba(0,0,0,0.600);\"><\/div>\n        \n        <div class=\"relative z-[2] max-w-4xl w-full flex flex-col items-center gap-2 cu-wideimage-image cu-zero-first-last\">\n            <header class=\"mx-auto mb-6 text-center text-white cu-pageheader cu-component-updated cu-pageheader--center md:mb-12\">\n\n                                    <h1 class=\"cu-prose-first-last font-semibold mb-2 text-3xl md:text-4xl lg:text-5xl lg:leading-[3.5rem] cu-pageheader--center text-center mx-auto after:left-px\">\n                        Profile Page &#8211; Universit\u00e9 Paris Dauphine\n                    <\/h1>\n                \n                            <\/header>\n        <\/div>\n\n            <\/div>\n\n    \n\n    <\/div>\n<\/section>\n\n\n\n<figure class=\"wp-block-image aligncenter is-resized\"><img decoding=\"async\" src=\"https:\/\/newyork.consulfrance.org\/local\/cache-vignettes\/L358xH141\/46d67729f2a4b6ff-01a9f.jpg?1589473917\" alt=\"Universit\u00e9 Paris-Dauphine creates an alumni chapter in New York - Consulat g\u00e9n\u00e9ral de France \u00e0 New York\" style=\"width:272px;height:auto\"\/><\/figure>\n\n\n\n<p><\/p>\n\n\n\n<figure class=\"wp-block-table\"><table class=\"has-fixed-layout\"><thead><tr><th><strong>Location<\/strong><\/th><th><strong>Language of Instruction<\/strong><\/th><th><strong>Open to<\/strong><\/th><th><strong>Level of Study<\/strong><\/th><\/tr><\/thead><tbody><tr><td>Paris, France<\/td><td>French, English<\/td><td>Sprott, Faculty of Public and Global Affairs<\/td><td>Undergraduate<\/td><\/tr><\/tbody><\/table><\/figure>\n\n\n\n<h4 id=\"fields-of-study\" class=\"wp-block-heading\">Fields of Study<\/h4>\n\n\n\n<p>Business and Management; Economics; Law; Social Sciences; Mathematics; Computer Science.<\/p>\n\n\n\n<h4 id=\"requirements\" class=\"wp-block-heading\">Requirements<\/h4>\n\n\n\n<p>Minimum 3.2 GPA out of a 4.0 scale. This is equivalent to a B+ or a CGPA of 8.7. Students who wish to complete courses in French must have a level of B2 in the language.<\/p>\n\n\n\n<section class=\"w-screen px-6 cu-section cu-section--white ml-offset-center md:px-8 lg:px-14\">\n    <div class=\"space-y-6 cu-max-w-child-5xl  md:space-y-10 cu-prose-first-last\">\n\n        \n    <div class=\"grid gap-6 mx-auto my-6 cu-column md:gap-10 md:grid-cols-2 md:my-10 first:mt-0\">\n        \n<div class=\"cu-column-content\">\n    \n\n<h4 id=\"learning-about-exchange\" class=\"wp-block-heading\">Learning about Exchange<\/h4>\n\n\n\n<ul class=\"wp-block-list\">\n<li><a href=\"https:\/\/carleton.ca\/go-isso\/wp-content\/uploads\/sites\/102\/2026\/03\/UPD_FactSheet.pdf\" target=\"_blank\" rel=\"noreferrer noopener\">Paris Dauphine Factsheet 2026-2027<\/a><\/li>\n\n\n\n<li><a href=\"https:\/\/dauphine.psl.eu\/en\/international\/come-study-at-dauphine\/exchange-students\" target=\"_blank\" rel=\"noopener noreferrer\">Paris Dauphine Exchange Website<\/a><\/li>\n\n\n\n<li><a href=\"https:\/\/central.carleton.ca\/prod\/pkg_isso_search_course_equiv.p_search_schools\" target=\"_blank\" rel=\"noreferrer noopener\">Course Equivalencies Database<\/a><\/li>\n<\/ul>\n\n\n<\/div>\n\n\n<div class=\"cu-column-content\">\n    \n\n<h4 id=\"preparing-for-exchange\" class=\"wp-block-heading\">Preparing for Exchange<\/h4>\n\n\n\n<ul class=\"wp-block-list\">\n<li><a href=\"https:\/\/psl.eu\/en\/lifepsl\/psl-housing-service\/accomodation-in-public-student-residencies?subject=\" target=\"_blank\" rel=\"noopener noreferrer\">Paris Dauphine Accommodations<\/a><\/li>\n\n\n\n<li><a href=\"https:\/\/france-visas.gouv.fr\/web\/france-visas\/visa-application-guidelines\" target=\"_blank\" rel=\"noopener noreferrer\">Embassy of France &#8211; Study Visa<\/a><\/li>\n<\/ul>\n\n\n<\/div>\n\n\n    <\/div>\n\n\n    <\/div>\n<\/section>\n\n\n\n<h4 id=\"term-dates\" class=\"wp-block-heading\">Term Dates<\/h4>\n\n\n\n<figure class=\"wp-block-table\"><table class=\"has-fixed-layout\"><thead><tr><th><strong>Fall Term<\/strong><\/th><th><strong>Winter Term<\/strong><\/th><\/tr><\/thead><tbody><tr><td>September to December (1st semester)<\/td><td>January to May (2nd semester)<\/td><\/tr><\/tbody><\/table><\/figure>\n\n\n\n<p>*The information provided on this page is subject to change. Please consult the Host Institution&#8217;s factsheet, the Host Institution&#8217;s website, or the Host Institution directly to confirm.<\/p>\n\n\n\n<h3 id=\"student-testimonials\" class=\"wp-block-heading\">Student Testimonials<\/h3>\n\n\n\n<section class=\"w-screen px-6 cu-section cu-section--white ml-offset-center md:px-8 lg:px-14\">\n    <div class=\"space-y-6 cu-max-w-child-5xl  md:space-y-10 cu-prose-first-last\">\n\n        \n    \n    <dl class=\"cu-description cu-component-updated\">\n        \n    <div class=\"grid pt-4 pb-3 border-b accordion border-cu-black-100 md:pt-6 md:pb-5 first:border-t\">\n        <dt class=\"font-semibold not-prose\">\n            <button class=\"flex items-center justify-between w-full text-left accordion__button\" aria-expanded=\"false\" aria-controls=\"accordion-campus-life\">\n                <span class=\"flex-1 ml-auto text-left break-words whitespace-normal cu-icon\">\n                    Campus Life\n                <\/span>\n                <svg xmlns=\"http:\/\/www.w3.org\/2000\/svg\" fill=\"none\" viewbox=\"0 0 24 24\" stroke-width=\"1.5\" stroke=\"currentColor\" aria-hidden=\"true\" data-slot=\"icon\" class=\"w-5 h-5 ml-auto transition-transform rotate-0 accordion__icon text-cu-black-500\">\n                    <path stroke-linecap=\"round\" stroke-linejoin=\"round\" d=\"M8.25 4.5l7.5 7.5-7.5 7.5\"><\/path>\n                <\/svg>\n            <\/button>\n        <\/dt>\n        <dd class=\"p-0 mt-0 cu-prose cu-prose-first-last accordion__content md:p-0 md:mt-0\" hidden=\"\" id=\"accordion-campus-life\">\n            \n\n<p>&#8220;At Carleton, the exchange office was always incredibly helpful in preparing me for the semester abroad and answering any questions I had. While I was in Paris, the university\u2019s international office was also very supportive and responsive, helping with everything from course selection to adjusting to life in a new country. The university had an active Erasmus group, as well as a broader Erasmus Paris network that brought together exchange students from all over the city. They organized bi-weekly events ranging from club nights and pub meetups to boat parties and daytime activities like picnics and city tours.&#8221; &#8211; <em class=\"myprefix-text-italic\">Winter 2025, Bachelor of Criminology and Criminal Justice<\/em><\/p>\n\n\n\n<p>&#8220;Wellness resources were available, as well as academic guidance. The exchange social life is very well-connected. You will not have trouble making friends.&#8221; <em>&#8211; Fall 2022, Bachelor of Public Affairs and Policy Management<\/em><\/p>\n\n\n        <\/dd>\n    <\/div>\n\n\n    <div class=\"grid pt-4 pb-3 border-b accordion border-cu-black-100 md:pt-6 md:pb-5 first:border-t\">\n        <dt class=\"font-semibold not-prose\">\n            <button class=\"flex items-center justify-between w-full text-left accordion__button\" aria-expanded=\"false\" aria-controls=\"accordion-academic-environment\">\n                <span class=\"flex-1 ml-auto text-left break-words whitespace-normal cu-icon\">\n                    Academic Environment\n                <\/span>\n                <svg xmlns=\"http:\/\/www.w3.org\/2000\/svg\" fill=\"none\" viewbox=\"0 0 24 24\" stroke-width=\"1.5\" stroke=\"currentColor\" aria-hidden=\"true\" data-slot=\"icon\" class=\"w-5 h-5 ml-auto transition-transform rotate-0 accordion__icon text-cu-black-500\">\n                    <path stroke-linecap=\"round\" stroke-linejoin=\"round\" d=\"M8.25 4.5l7.5 7.5-7.5 7.5\"><\/path>\n                <\/svg>\n            <\/button>\n        <\/dt>\n        <dd class=\"p-0 mt-0 cu-prose cu-prose-first-last accordion__content md:p-0 md:mt-0\" hidden=\"\" id=\"accordion-academic-environment\">\n            \n\n<p>&#8220;My experience finding courses at my host university was overall positive, but I would recommend acting quickly, once course selections are released, register as soon as possible because spots fill up fast. One of my biggest tips for future students is to take advantage of courses that aren\u2019t typically offered at Carleton (provided the credits will transfer of course). At Dauphine, for example, there were so many unique classes focused on French art, culture, and society, which felt especially meaningful to learn about while living in Paris. Professors tend to grade more strictly than at Carleton. While the teaching style and overall class structure were fairly similar, attendance policies were much stricter.&#8221; &#8211; <em class=\"myprefix-text-italic\">Winter 2025, Bachelor of Criminology and Criminal Justice<\/em><\/p>\n\n\n        <\/dd>\n    <\/div>\n\n\n    <div class=\"grid pt-4 pb-3 border-b accordion border-cu-black-100 md:pt-6 md:pb-5 first:border-t\">\n        <dt class=\"font-semibold not-prose\">\n            <button class=\"flex items-center justify-between w-full text-left accordion__button\" aria-expanded=\"false\" aria-controls=\"accordion-housing-experience\">\n                <span class=\"flex-1 ml-auto text-left break-words whitespace-normal cu-icon\">\n                    Housing Experience\n                <\/span>\n                <svg xmlns=\"http:\/\/www.w3.org\/2000\/svg\" fill=\"none\" viewbox=\"0 0 24 24\" stroke-width=\"1.5\" stroke=\"currentColor\" aria-hidden=\"true\" data-slot=\"icon\" class=\"w-5 h-5 ml-auto transition-transform rotate-0 accordion__icon text-cu-black-500\">\n                    <path stroke-linecap=\"round\" stroke-linejoin=\"round\" d=\"M8.25 4.5l7.5 7.5-7.5 7.5\"><\/path>\n                <\/svg>\n            <\/button>\n        <\/dt>\n        <dd class=\"p-0 mt-0 cu-prose cu-prose-first-last accordion__content md:p-0 md:mt-0\" hidden=\"\" id=\"accordion-housing-experience\">\n            \n\n<p>&#8220;I lived in CROUS housing, which is government-subsidized student accommodation that you apply for through your host university, they\u2019ll send you the necessary info as part of the exchange process. I didn\u2019t have to search for housing on my own, which made things a lot less stressful. I absolutely loved it and would highly recommend it to future students. I made some of my best friends through the residence, even though we weren\u2019t in the same classes. It was especially helpful during the first few weeks to have people to navigate the metro and go to school with. For future students, I highly recommend applying for CROUS housing as soon as the application opens, spots can be limited, and it\u2019s a great, affordable option that makes settling into a new city much easier.&#8221; &#8211; <em class=\"myprefix-text-italic\">Winter 2025, Bachelor of Criminology and Criminal Justice<\/em><\/p>\n\n\n\n<p>&#8220;I lived with one other housemate in La Defence. I was super happy with my decision.&#8221; <em>&#8211; Fall 2022, Bachelor of Public Affairs and Policy Management<\/em><\/p>\n\n\n        <\/dd>\n    <\/div>\n\n\n    <div class=\"grid pt-4 pb-3 border-b accordion border-cu-black-100 md:pt-6 md:pb-5 first:border-t\">\n        <dt class=\"font-semibold not-prose\">\n            <button class=\"flex items-center justify-between w-full text-left accordion__button\" aria-expanded=\"false\" aria-controls=\"accordion-setting-up-phone-and-bank-account\">\n                <span class=\"flex-1 ml-auto text-left break-words whitespace-normal cu-icon\">\n                    Setting Up Phone and Bank Account\n                <\/span>\n                <svg xmlns=\"http:\/\/www.w3.org\/2000\/svg\" fill=\"none\" viewbox=\"0 0 24 24\" stroke-width=\"1.5\" stroke=\"currentColor\" aria-hidden=\"true\" data-slot=\"icon\" class=\"w-5 h-5 ml-auto transition-transform rotate-0 accordion__icon text-cu-black-500\">\n                    <path stroke-linecap=\"round\" stroke-linejoin=\"round\" d=\"M8.25 4.5l7.5 7.5-7.5 7.5\"><\/path>\n                <\/svg>\n            <\/button>\n        <\/dt>\n        <dd class=\"p-0 mt-0 cu-prose cu-prose-first-last accordion__content md:p-0 md:mt-0\" hidden=\"\" id=\"accordion-setting-up-phone-and-bank-account\">\n            \n\n<p>&#8220;For banking, I used Wise, which worked really well. It\u2019s an online banking platform that acts as a prepaid debit card, you can easily transfer money from your Canadian account to your Wise account and use it in euros without foreign transaction fees. It also provides you with local European banking details, which is super helpful if anyone needs a French or EU account number for payments. Some of my friends used Revolut, which is similar and also a great option. For my phone, I went with a physical prepaid SIM card, which I bought at a tabac shop. It was really easy to set up, and I reloaded it monthly through an app for about 5 euros a month. It gave me a local French number, which was useful for things like delivery apps or metro subscriptions. While some of my friends used e-SIMs, they had to figure out how to include a French number, so I personally preferred the physical SIM route.&#8221; &#8211; <em class=\"myprefix-text-italic\">Winter 2025, Bachelor of Criminology and Criminal Justice<\/em><\/p>\n\n\n\n<p>&#8220;I used FREE mobile, you can set up an E-sim but you need an address. Use BNP Paribas if you are going to Universite Paris Dauphine, they have an agreement with them and they are the preferred bank for the students.&#8221;<em> &#8211; Fall 2022, Bachelor of Public Affairs and Policy Management<\/em><\/p>\n\n\n        <\/dd>\n    <\/div>\n\n\n    <div class=\"grid pt-4 pb-3 border-b accordion border-cu-black-100 md:pt-6 md:pb-5 first:border-t\">\n        <dt class=\"font-semibold not-prose\">\n            <button class=\"flex items-center justify-between w-full text-left accordion__button\" aria-expanded=\"false\" aria-controls=\"accordion-travel-tips\">\n                <span class=\"flex-1 ml-auto text-left break-words whitespace-normal cu-icon\">\n                    Travel Tips\n                <\/span>\n                <svg xmlns=\"http:\/\/www.w3.org\/2000\/svg\" fill=\"none\" viewbox=\"0 0 24 24\" stroke-width=\"1.5\" stroke=\"currentColor\" aria-hidden=\"true\" data-slot=\"icon\" class=\"w-5 h-5 ml-auto transition-transform rotate-0 accordion__icon text-cu-black-500\">\n                    <path stroke-linecap=\"round\" stroke-linejoin=\"round\" d=\"M8.25 4.5l7.5 7.5-7.5 7.5\"><\/path>\n                <\/svg>\n            <\/button>\n        <\/dt>\n        <dd class=\"p-0 mt-0 cu-prose cu-prose-first-last accordion__content md:p-0 md:mt-0\" hidden=\"\" id=\"accordion-travel-tips\">\n            \n\n<p>&#8220;One of my biggest travel tips is to book your trips well in advance, prices go up the closer you get to your travel date, especially for popular destinations. Also, don\u2019t assume trains are always the cheapest option; surprisingly, flying is often more affordable and faster for longer distances. Some of my favorite winter destinations were Budapest (my absolute favorite\u2014 loved everything about it), Prague, Vienna, Krakow, Bruges, and Edinburgh. For summer, I highly recommend Croatia\u2014especially Hvar and Split\u2014it was my favorite beach destination. Other amazing spots include Sardinia in Italy, Madrid, Barcelona, Ibiza, and anywhere in Greece. In addition to traveling around Europe, I highly recommend taking time to explore France itself\u2014it\u2019s (in my opinion) the most beautiful country in the world. Each region offers something unique, from the dramatic coastlines of North Brittany and Normandy, to the breathtaking Alps in the Rh\u00f4ne region. The Loire Valley is full of fairytale-like ch\u00e2teaux, while Provence bursts with color in the summer thanks to its famous lavender fields. And of course, the South of France, especially Cannes and Nice, is perfect for stunning beaches and a laid-back Mediterranean vibe. There\u2019s so much variety within the country, and being based in Paris makes it really easy to take weekend trips and experience it all.&#8221; &#8211; <em class=\"myprefix-text-italic\">Winter 2025, Bachelor of Criminology and Criminal Justice<\/em><\/p>\n\n\n        <\/dd>\n    <\/div>\n\n\n    <\/dl>\n\n\n    <\/div>\n<\/section>\n","protected":false},"excerpt":{"rendered":"<p>Location Language of Instruction Open to Level of Study Paris, France French, English Sprott, Faculty of Public and Global Affairs Undergraduate Fields of Study Business and Management; Economics; Law; Social Sciences; Mathematics; Computer Science. Requirements Minimum 3.2 GPA out of a 4.0 scale. This is equivalent to a B+ or a CGPA of 8.7. Students [&hellip;]<\/p>\n","protected":false},"author":2,"featured_media":0,"parent":30752,"menu_order":0,"comment_status":"closed","ping_status":"closed","template":"","meta":{"_acf_changed":false,"_cu_dining_location_slug":"","footnotes":"","_links_to":"","_links_to_target":""},"cu_page_type":[192],"class_list":["post-31082","page","type-page","status-publish","hentry","cu_page_type-general"],"acf":{"cu_post_thumbnail":""},"_links":{"self":[{"href":"https:\/\/carleton.ca\/go-isso\/wp-json\/wp\/v2\/pages\/31082","targetHints":{"allow":["GET"]}}],"collection":[{"href":"https:\/\/carleton.ca\/go-isso\/wp-json\/wp\/v2\/pages"}],"about":[{"href":"https:\/\/carleton.ca\/go-isso\/wp-json\/wp\/v2\/types\/page"}],"author":[{"embeddable":true,"href":"https:\/\/carleton.ca\/go-isso\/wp-json\/wp\/v2\/users\/2"}],"replies":[{"embeddable":true,"href":"https:\/\/carleton.ca\/go-isso\/wp-json\/wp\/v2\/comments?post=31082"}],"version-history":[{"count":5,"href":"https:\/\/carleton.ca\/go-isso\/wp-json\/wp\/v2\/pages\/31082\/revisions"}],"predecessor-version":[{"id":43992,"href":"https:\/\/carleton.ca\/go-isso\/wp-json\/wp\/v2\/pages\/31082\/revisions\/43992"}],"up":[{"embeddable":true,"href":"https:\/\/carleton.ca\/go-isso\/wp-json\/wp\/v2\/pages\/30752"}],"wp:attachment":[{"href":"https:\/\/carleton.ca\/go-isso\/wp-json\/wp\/v2\/media?parent=31082"}],"wp:term":[{"taxonomy":"cu_page_type","embeddable":true,"href":"https:\/\/carleton.ca\/go-isso\/wp-json\/wp\/v2\/cu_page_type?post=31082"}],"curies":[{"name":"wp","href":"https:\/\/api.w.org\/{rel}","templated":true}]}}