{"id":304,"date":"2020-07-29T16:15:05","date_gmt":"2020-07-29T20:15:05","guid":{"rendered":"https:\/\/carleton.ca\/hempopup\/?page_id=304"},"modified":"2020-07-29T16:15:05","modified_gmt":"2020-07-29T20:15:05","slug":"documents","status":"publish","type":"page","link":"https:\/\/carleton.ca\/hempopup\/virtual-museum\/documents\/","title":{"rendered":"Documents"},"content":{"rendered":"<section class=\"content-wrapper content-wrapper--shortcode\"><div class=\"u-post-reload\"><div class=\"news news--home u-width-limited\"><a class=\"news__link  news__link--home news__link--with-image\" href=\"https:\/\/carleton.ca\/hempopup\/2020\/dvur-kralove-scroll-czech-torah\/\"><img class=\"news__image\" src=\"https:\/\/carleton.ca\/hempopup\/wp-content\/uploads\/DVur-Kralove-Scroll-TH-300x230.jpg\" srcset=\"\" sizes=\"(max-width: 50em) 87vw, 680px\" alt=\"A thumbnail image to accompany the post\"><p class=\"news__date news__date--archive\">Wednesday, August 19, 2020<\/p><h3 class=\"news__heading u-hide-in-toc news__heading--archive\" rel=\"bookmark\">D\u2019V\u016fr Kr\u00e1lov\u00e9 Scroll \/ Czech Torah<\/h3><p class=\"news__excerpt news__excerpt--archive\">[Click the photos for larger images. Opens in a new window.] Name of the exhibit: D\u2019V\u016fr Kr\u00e1lov\u00e9 Scroll \/ Czech Torah Submitted by: Temple Israel (on loan to Temple Israel from the Memorial Scrolls Trust) Description: An excerpt... <span class=\"news__more-link\">More<\/span><\/p><\/a><\/div><div class=\"news news--home u-width-limited\"><a class=\"news__link  news__link--home news__link--with-image\" href=\"https:\/\/carleton.ca\/hempopup\/2020\/records-from-the-ottawa-jewish-archives\/\"><img class=\"news__image\" src=\"https:\/\/carleton.ca\/hempopup\/wp-content\/uploads\/Ottawa-Jewish-Archives-TH-300x230.jpg\" srcset=\"\" sizes=\"(max-width: 50em) 87vw, 680px\" alt=\"A thumbnail image to accompany the post\"><p class=\"news__date news__date--archive\">Wednesday, August 19, 2020<\/p><h3 class=\"news__heading u-hide-in-toc news__heading--archive\" rel=\"bookmark\">Records from the Ottawa Jewish Archives<\/h3><p class=\"news__excerpt news__excerpt--archive\">[Click one of the photos for a larger image. Opens in a new window.] Name of the exhibit: Records from the Ottawa Jewish Archives Submitted by: The Ottawa Jewish Archives Date of origin: 1940\u2019s Origin of the object: N\/A Description:... <span class=\"news__more-link\">More<\/span><\/p><\/a><\/div><div class=\"news news--home u-width-limited\"><a class=\"news__link  news__link--home news__link--with-image\" href=\"https:\/\/carleton.ca\/hempopup\/2020\/certificate-of-identity-issued-to-refugees\/\"><img class=\"news__image\" src=\"https:\/\/carleton.ca\/hempopup\/wp-content\/uploads\/Refugee-Certificate-TH-300x230.jpg\" srcset=\"\" sizes=\"(max-width: 50em) 87vw, 680px\" alt=\"A thumbnail image to accompany the post\"><p class=\"news__date news__date--archive\">Wednesday, August 19, 2020<\/p><h3 class=\"news__heading u-hide-in-toc news__heading--archive\" rel=\"bookmark\">Certificate of Identity Issued to Refugees<\/h3><p class=\"news__excerpt news__excerpt--archive\">[Click photos for larger images. Opens in a new window.] Name of the exhibit: Certificate of Identity Issued to Refugees Submitted by: Emil Lander Date of origin: June 30, 1948 Origin of the object: These certificates of... <span class=\"news__more-link\">More<\/span><\/p><\/a><\/div><div class=\"news news--home u-width-limited\"><a class=\"news__link  news__link--home news__link--with-image\" href=\"https:\/\/carleton.ca\/hempopup\/2020\/postcard-from-the-train-to-auschwitz-june-4-1944\/\"><img class=\"news__image\" src=\"https:\/\/carleton.ca\/hempopup\/wp-content\/uploads\/Staying-Human-TH-300x230.jpg\" srcset=\"\" sizes=\"(max-width: 50em) 87vw, 680px\" alt=\"A thumbnail image to accompany the post\"><p class=\"news__date news__date--archive\">Wednesday, August 19, 2020<\/p><h3 class=\"news__heading u-hide-in-toc news__heading--archive\" rel=\"bookmark\">Postcard from the train to Auschwitz, June 4, 1944<\/h3><p class=\"news__excerpt news__excerpt--archive\">[Click photos for larger images. Opens in a new window.] Name of the exhibit: Postcard from the train to Auschwitz, June 4, 1944 Submitted by: Anna Hercz Date of origin: June 4, 1944 Origin... <span class=\"news__more-link\">More<\/span><\/p><\/a><\/div><div class=\"news news--home u-width-limited\"><a class=\"news__link  news__link--home news__link--with-image\" href=\"https:\/\/carleton.ca\/hempopup\/2020\/photo-documents-and-articles-maternal-side-of-the-family\/\"><img class=\"news__image\" src=\"https:\/\/carleton.ca\/hempopup\/wp-content\/uploads\/Grumach-photo-TH-300x230.jpg\" srcset=\"\" sizes=\"(max-width: 50em) 87vw, 680px\" alt=\"A thumbnail image to accompany the post\"><p class=\"news__date news__date--archive\">Wednesday, August 19, 2020<\/p><h3 class=\"news__heading u-hide-in-toc news__heading--archive\" rel=\"bookmark\">Photo, documents, and articles (maternal side of the family)<\/h3><p class=\"news__excerpt news__excerpt--archive\">[Click photos for larger images. Opens in a new window.] Name of the exhibit: Photo, documents, and articles (maternal side of the family) Submitted by: Les Grumach Date of... <span class=\"news__more-link\">More<\/span><\/p><\/a><\/div><div class=\"news news--home u-width-limited\"><a class=\"news__link  news__link--home news__link--with-image\" href=\"https:\/\/carleton.ca\/hempopup\/2020\/last-correspondence\/\"><img class=\"news__image\" src=\"https:\/\/carleton.ca\/hempopup\/wp-content\/uploads\/Last-correspondence-TH-300x230.jpg\" srcset=\"\" sizes=\"(max-width: 50em) 87vw, 680px\" alt=\"A thumbnail image to accompany the post\"><p class=\"news__date news__date--archive\">Wednesday, August 19, 2020<\/p><h3 class=\"news__heading u-hide-in-toc news__heading--archive\" rel=\"bookmark\">Last Correspondence<\/h3><p class=\"news__excerpt news__excerpt--archive\">[Click photos for larger images. Opens in a new window.] Name of the exhibit: Last Correspondence Submitted by: Mina Cohn Date of origin: February 20, 1940 Origin of the object: Kanchuga, Poland. A Red Cross postcard and last... <span class=\"news__more-link\">More<\/span><\/p><\/a><\/div><div class=\"news news--home u-width-limited\"><a class=\"news__link  news__link--home news__link--with-image\" href=\"https:\/\/carleton.ca\/hempopup\/2020\/the-cohn-family-loss-of-german-citizenship\/\"><img class=\"news__image\" src=\"https:\/\/carleton.ca\/hempopup\/wp-content\/uploads\/The-Cohn-family-TH-300x230.jpg\" srcset=\"\" sizes=\"(max-width: 50em) 87vw, 680px\" alt=\"A thumbnail image to accompany the post\"><p class=\"news__date news__date--archive\">Wednesday, August 19, 2020<\/p><h3 class=\"news__heading u-hide-in-toc news__heading--archive\" rel=\"bookmark\">The COHN family Loss of German Citizenship<\/h3><p class=\"news__excerpt news__excerpt--archive\">[Click the photo for a larger image. Opens in a new window.] Name of the exhibit: The COHN family Loss of German Citizenship Submitted by: Harry Cohn Date of origin: February 6, 1940 Origin of the object: Bad Arolsen Germany... <span class=\"news__more-link\">More<\/span><\/p><\/a><\/div><div class=\"news news--home u-width-limited\"><a class=\"news__link  news__link--home news__link--with-image\" href=\"https:\/\/carleton.ca\/hempopup\/2020\/jewish-youth-do-you-want-to-live\/\"><img class=\"news__image\" src=\"https:\/\/carleton.ca\/hempopup\/wp-content\/uploads\/George-Gal-Speech-TH-300x230.jpg\" srcset=\"\" sizes=\"(max-width: 50em) 87vw, 680px\" alt=\"A thumbnail image to accompany the post\"><p class=\"news__date news__date--archive\">Monday, July 27, 2020<\/p><h3 class=\"news__heading u-hide-in-toc news__heading--archive\" rel=\"bookmark\">Jewish youth \u2013 Do you want to live?<\/h3><p class=\"news__excerpt news__excerpt--archive\">[Click the photo for a larger image. Opens in a new window.] Name of the exhibit: \u201cJewish youth \u2013 Do you want to live?\u201d Submitted by: Sarah Bleiwas and family Date of origin: April 28, 1939 Origin of the object: This is a speech... <span class=\"news__more-link\">More<\/span><\/p><\/a><\/div><\/div><div class=\"pagination u-clearfix\"><\/div><\/section>\n","protected":false},"excerpt":{"rendered":"","protected":false},"author":6,"featured_media":0,"parent":244,"menu_order":1,"comment_status":"closed","ping_status":"closed","template":"","meta":{"_relevanssi_hide_post":"","_relevanssi_hide_content":"","_relevanssi_pin_for_all":"","_relevanssi_pin_keywords":"","_relevanssi_unpin_keywords":"","_relevanssi_related_keywords":"","_relevanssi_related_include_ids":"","_relevanssi_related_exclude_ids":"","_relevanssi_related_no_append":"","_relevanssi_related_not_related":"","_relevanssi_related_posts":"","_relevanssi_noindex_reason":"","_mi_skip_tracking":false,"_exactmetrics_sitenote_active":false,"_exactmetrics_sitenote_note":"","_exactmetrics_sitenote_category":0,"footnotes":"","_links_to":"","_links_to_target":""},"yoast_head":"<!-- This site is optimized with the Yoast SEO plugin v21.2 - https:\/\/yoast.com\/wordpress\/plugins\/seo\/ -->\n<title>Documents - Holocaust Education Month Pop Up Museum 2018<\/title>\n<meta name=\"robots\" content=\"index, follow, max-snippet:-1, max-image-preview:large, max-video-preview:-1\" \/>\n<link rel=\"canonical\" href=\"https:\/\/carleton.ca\/hempopup\/virtual-museum\/documents\/\" \/>\n<meta name=\"twitter:label1\" content=\"Est. reading time\" \/>\n\t<meta name=\"twitter:data1\" content=\"1 minute\" \/>\n<script type=\"application\/ld+json\" class=\"yoast-schema-graph\">{\"@context\":\"https:\/\/schema.org\",\"@graph\":[{\"@type\":\"WebPage\",\"@id\":\"https:\/\/carleton.ca\/hempopup\/virtual-museum\/documents\/\",\"url\":\"https:\/\/carleton.ca\/hempopup\/virtual-museum\/documents\/\",\"name\":\"Documents - Holocaust Education Month Pop Up Museum 2018\",\"isPartOf\":{\"@id\":\"https:\/\/carleton.ca\/hempopup\/#website\"},\"datePublished\":\"2020-07-29T20:15:05+00:00\",\"dateModified\":\"2020-07-29T20:15:05+00:00\",\"breadcrumb\":{\"@id\":\"https:\/\/carleton.ca\/hempopup\/virtual-museum\/documents\/#breadcrumb\"},\"inLanguage\":\"en-US\",\"potentialAction\":[{\"@type\":\"ReadAction\",\"target\":[\"https:\/\/carleton.ca\/hempopup\/virtual-museum\/documents\/\"]}]},{\"@type\":\"BreadcrumbList\",\"@id\":\"https:\/\/carleton.ca\/hempopup\/virtual-museum\/documents\/#breadcrumb\",\"itemListElement\":[{\"@type\":\"ListItem\",\"position\":1,\"name\":\"Home\",\"item\":\"https:\/\/carleton.ca\/hempopup\/\"},{\"@type\":\"ListItem\",\"position\":2,\"name\":\"Holocaust Virtual Museum\",\"item\":\"https:\/\/carleton.ca\/hempopup\/virtual-museum\/\"},{\"@type\":\"ListItem\",\"position\":3,\"name\":\"Documents\"}]},{\"@type\":\"WebSite\",\"@id\":\"https:\/\/carleton.ca\/hempopup\/#website\",\"url\":\"https:\/\/carleton.ca\/hempopup\/\",\"name\":\"Holocaust Education Month Pop Up Museum 2018\",\"description\":\"Carleton University\",\"potentialAction\":[{\"@type\":\"SearchAction\",\"target\":{\"@type\":\"EntryPoint\",\"urlTemplate\":\"https:\/\/carleton.ca\/hempopup\/?s={search_term_string}\"},\"query-input\":\"required name=search_term_string\"}],\"inLanguage\":\"en-US\"}]}<\/script>\n<!-- \/ Yoast SEO plugin. -->","yoast_head_json":{"title":"Documents - Holocaust Education Month Pop Up Museum 2018","robots":{"index":"index","follow":"follow","max-snippet":"max-snippet:-1","max-image-preview":"max-image-preview:large","max-video-preview":"max-video-preview:-1"},"canonical":"https:\/\/carleton.ca\/hempopup\/virtual-museum\/documents\/","twitter_misc":{"Est. reading time":"1 minute"},"schema":{"@context":"https:\/\/schema.org","@graph":[{"@type":"WebPage","@id":"https:\/\/carleton.ca\/hempopup\/virtual-museum\/documents\/","url":"https:\/\/carleton.ca\/hempopup\/virtual-museum\/documents\/","name":"Documents - Holocaust Education Month Pop Up Museum 2018","isPartOf":{"@id":"https:\/\/carleton.ca\/hempopup\/#website"},"datePublished":"2020-07-29T20:15:05+00:00","dateModified":"2020-07-29T20:15:05+00:00","breadcrumb":{"@id":"https:\/\/carleton.ca\/hempopup\/virtual-museum\/documents\/#breadcrumb"},"inLanguage":"en-US","potentialAction":[{"@type":"ReadAction","target":["https:\/\/carleton.ca\/hempopup\/virtual-museum\/documents\/"]}]},{"@type":"BreadcrumbList","@id":"https:\/\/carleton.ca\/hempopup\/virtual-museum\/documents\/#breadcrumb","itemListElement":[{"@type":"ListItem","position":1,"name":"Home","item":"https:\/\/carleton.ca\/hempopup\/"},{"@type":"ListItem","position":2,"name":"Holocaust Virtual Museum","item":"https:\/\/carleton.ca\/hempopup\/virtual-museum\/"},{"@type":"ListItem","position":3,"name":"Documents"}]},{"@type":"WebSite","@id":"https:\/\/carleton.ca\/hempopup\/#website","url":"https:\/\/carleton.ca\/hempopup\/","name":"Holocaust Education Month Pop Up Museum 2018","description":"Carleton University","potentialAction":[{"@type":"SearchAction","target":{"@type":"EntryPoint","urlTemplate":"https:\/\/carleton.ca\/hempopup\/?s={search_term_string}"},"query-input":"required name=search_term_string"}],"inLanguage":"en-US"}]}},"acf":{"banner_image_type":"none","banner_button":"no"},"_links":{"self":[{"href":"https:\/\/carleton.ca\/hempopup\/wp-json\/wp\/v2\/pages\/304"}],"collection":[{"href":"https:\/\/carleton.ca\/hempopup\/wp-json\/wp\/v2\/pages"}],"about":[{"href":"https:\/\/carleton.ca\/hempopup\/wp-json\/wp\/v2\/types\/page"}],"author":[{"embeddable":true,"href":"https:\/\/carleton.ca\/hempopup\/wp-json\/wp\/v2\/users\/6"}],"replies":[{"embeddable":true,"href":"https:\/\/carleton.ca\/hempopup\/wp-json\/wp\/v2\/comments?post=304"}],"version-history":[{"count":1,"href":"https:\/\/carleton.ca\/hempopup\/wp-json\/wp\/v2\/pages\/304\/revisions"}],"predecessor-version":[{"id":305,"href":"https:\/\/carleton.ca\/hempopup\/wp-json\/wp\/v2\/pages\/304\/revisions\/305"}],"up":[{"embeddable":true,"href":"https:\/\/carleton.ca\/hempopup\/wp-json\/wp\/v2\/pages\/244"}],"wp:attachment":[{"href":"https:\/\/carleton.ca\/hempopup\/wp-json\/wp\/v2\/media?parent=304"}],"curies":[{"name":"wp","href":"https:\/\/api.w.org\/{rel}","templated":true}]}}