{"id":1169,"date":"2019-05-15T16:38:05","date_gmt":"2019-05-15T20:38:05","guid":{"rendered":"https:\/\/carleton.ca\/heritageengineering\/?page_id=1169"},"modified":"2019-05-15T16:38:05","modified_gmt":"2019-05-15T20:38:05","slug":"student-internships-summer-2019","status":"publish","type":"page","link":"https:\/\/carleton.ca\/heritageengineering\/internships\/student-internships-summer-2019\/","title":{"rendered":"Student Internships &#8211; Summer 2019"},"content":{"rendered":"<p>The following is a list of interns for the Summer 2019 semester:<\/p>\n<p><\/p>\n<p><strong>Adrian Soble, Masters, Architecture<\/strong><\/p>\n<p>Interning at WSP Ottawa office<\/p>\n<p>Adrian will work on building performance in heritage buildings, addressing such areas as thermal comfort and indoor air quality.<\/p>\n<p><\/p>\n<p><strong>Elyse Hamp, Masters, Engineering<\/strong><\/p>\n<p>Interning at University of Minho, Portugal<\/p>\n<p>Elyse will be working on a project for the preventive conservation of cultural heritage buildings in Braga and Guimaraes, Portugal including building inspections and reality capture.<\/p>\n<p><\/p>\n<p><strong>Etienne Berube, Masters, Archtiecture<\/strong><\/p>\n<p>Interning at Heritage Conservation Services, Public Services and Procurement Canada, Gatineau<\/p>\n<p>Etienne will work with HCS to develop case studies for a Heritage and Sustainability Guide.<\/p>\n<p><\/p>\n<p><strong>Jamie Marrs, Masters, Engineering<\/strong><\/p>\n<p>Interning at J.G.Cooke &amp; Associates, Engineers, Ottawa<\/p>\n<p>Jamie will be involved in masonry and structural design and restoration projects on heritage buildings in Ottawa, Halifax and Kingston.<\/p>\n<p><\/p>\n<p><strong>Kevin Complido, Masters, Architecture<\/strong><\/p>\n<p>Interning at ERA Architects, Ottawa office<\/p>\n<p>Kevin will work on various projects at this firm of heritage conservation architects, including the development of materials related to communicating historic values, interpretation and digital storytelling.<\/p>\n<p><\/p>\n<p><strong>Larissa Ide, Masters, Engineering<\/strong><\/p>\n<p>Interning at Stantec, Ottawa office<\/p>\n<p>Larissa will work on analysing the energy performance of heritage buildings, including developing computer simulations and hygrothermal analysis.<\/p>\n<p><\/p>\n<p><strong>Luke McElcheran, Masters, Architecture<\/strong><\/p>\n<p>Interning at Taylor Hazel Architects, Toronto<\/p>\n<p>Luke will be involved in various projects at this firm of heritage conservation architects in Toronto.<\/p>\n<p><\/p>\n<p><strong>Miquel Reina Ortiz, PhD, Architecture<\/strong><\/p>\n<p>Interning at 300.000 km\/s , a firm in Barcelona, Spain.<\/p>\n<p>Miquel will assist in creating a meta-data catalog of heritage assets in Barcelona and will document and map aspects of the historic city of Barcelona.<\/p>\n<p><\/p>\n<p><strong>Natalie Smith, Masters, Architecture<\/strong><\/p>\n<p>Interning at University of Minho, Portugal<\/p>\n<p>Natalie will conduct analysis and testing of traditional timber joints, and the design and construction of timber vaults.<\/p>\n<p><\/p>\n<p><strong>Robin Hoytema, Masters, Architecture<\/strong><\/p>\n<p>Interning at ERA Architects, Toronto office<\/p>\n<p>Robin be working on various adaptive reuse projects at this firm of heritage conservation architects in Toronto.<\/p>\n<p><\/p>\n<p><strong>Wafaa Baabou, PhD, D\u00e9partement de strat\u00e9gie, responsabilit\u00e9 sociale et environnementale at the Universit\u00e9 de Qu\u00e9bec \u00e0 Montr\u00e9al (UQAM)<\/strong><\/p>\n<p>Interning at Architecture Sans Fronti\u00e8res Qu\u00e9bec<\/p>\n<p>Wafaa will investigate the potential for reuse of deconstructed materials form heritage buildings and quantifying the benefits of reuse.<\/p>\n","protected":false},"excerpt":{"rendered":"<p>The following is a list of interns for the Summer 2019 semester: Adrian Soble, Masters, Architecture Interning at WSP Ottawa office Adrian will work on building performance in heritage buildings, addressing such areas as thermal comfort and indoor air quality. Elyse Hamp, Masters, Engineering Interning at University of Minho, Portugal Elyse will be working on [&hellip;]<\/p>\n","protected":false},"author":13,"featured_media":0,"parent":156,"menu_order":0,"comment_status":"closed","ping_status":"closed","template":"","meta":{"_relevanssi_hide_post":"","_relevanssi_hide_content":"","_relevanssi_pin_for_all":"","_relevanssi_pin_keywords":"","_relevanssi_unpin_keywords":"","_relevanssi_related_keywords":"","_relevanssi_related_include_ids":"","_relevanssi_related_exclude_ids":"","_relevanssi_related_no_append":"","_relevanssi_related_not_related":"","_relevanssi_related_posts":"","_relevanssi_noindex_reason":"","_mi_skip_tracking":false,"_exactmetrics_sitenote_active":false,"_exactmetrics_sitenote_note":"","_exactmetrics_sitenote_category":0,"footnotes":"","_links_to":"","_links_to_target":""},"yoast_head":"<!-- This site is optimized with the Yoast SEO plugin v21.2 - https:\/\/yoast.com\/wordpress\/plugins\/seo\/ -->\n<title>Student Internships - Summer 2019 - NSERC CREATE Heritage Engineering<\/title>\n<meta name=\"description\" content=\"The following is a list of interns for the Summer 2019 semester: &nbsp; Adrian Soble, Masters, Architecture Interning at WSP Ottawa office Adrian will\" \/>\n<meta name=\"robots\" content=\"index, follow, max-snippet:-1, max-image-preview:large, max-video-preview:-1\" \/>\n<link rel=\"canonical\" href=\"https:\/\/carleton.ca\/heritageengineering\/internships\/student-internships-summer-2019\/\" \/>\n<meta name=\"twitter:label1\" content=\"Est. reading time\" \/>\n\t<meta name=\"twitter:data1\" content=\"2 minutes\" \/>\n<script type=\"application\/ld+json\" class=\"yoast-schema-graph\">{\"@context\":\"https:\/\/schema.org\",\"@graph\":[{\"@type\":\"WebPage\",\"@id\":\"https:\/\/carleton.ca\/heritageengineering\/internships\/student-internships-summer-2019\/\",\"url\":\"https:\/\/carleton.ca\/heritageengineering\/internships\/student-internships-summer-2019\/\",\"name\":\"Student Internships - Summer 2019 - NSERC CREATE Heritage Engineering\",\"isPartOf\":{\"@id\":\"https:\/\/carleton.ca\/heritageengineering\/#website\"},\"datePublished\":\"2019-05-15T20:38:05+00:00\",\"dateModified\":\"2019-05-15T20:38:05+00:00\",\"description\":\"The following is a list of interns for the Summer 2019 semester: &nbsp; Adrian Soble, Masters, Architecture Interning at WSP Ottawa office Adrian will\",\"breadcrumb\":{\"@id\":\"https:\/\/carleton.ca\/heritageengineering\/internships\/student-internships-summer-2019\/#breadcrumb\"},\"inLanguage\":\"en-US\",\"potentialAction\":[{\"@type\":\"ReadAction\",\"target\":[\"https:\/\/carleton.ca\/heritageengineering\/internships\/student-internships-summer-2019\/\"]}]},{\"@type\":\"BreadcrumbList\",\"@id\":\"https:\/\/carleton.ca\/heritageengineering\/internships\/student-internships-summer-2019\/#breadcrumb\",\"itemListElement\":[{\"@type\":\"ListItem\",\"position\":1,\"name\":\"Home\",\"item\":\"https:\/\/carleton.ca\/heritageengineering\/\"},{\"@type\":\"ListItem\",\"position\":2,\"name\":\"Internships\",\"item\":\"https:\/\/carleton.ca\/heritageengineering\/internships\/\"},{\"@type\":\"ListItem\",\"position\":3,\"name\":\"Student Internships &#8211; Summer 2019\"}]},{\"@type\":\"WebSite\",\"@id\":\"https:\/\/carleton.ca\/heritageengineering\/#website\",\"url\":\"https:\/\/carleton.ca\/heritageengineering\/\",\"name\":\"NSERC CREATE Heritage Engineering\",\"description\":\"Carleton University\",\"potentialAction\":[{\"@type\":\"SearchAction\",\"target\":{\"@type\":\"EntryPoint\",\"urlTemplate\":\"https:\/\/carleton.ca\/heritageengineering\/?s={search_term_string}\"},\"query-input\":\"required name=search_term_string\"}],\"inLanguage\":\"en-US\"}]}<\/script>\n<!-- \/ Yoast SEO plugin. -->","yoast_head_json":{"title":"Student Internships - Summer 2019 - NSERC CREATE Heritage Engineering","description":"The following is a list of interns for the Summer 2019 semester: &nbsp; Adrian Soble, Masters, Architecture Interning at WSP Ottawa office Adrian will","robots":{"index":"index","follow":"follow","max-snippet":"max-snippet:-1","max-image-preview":"max-image-preview:large","max-video-preview":"max-video-preview:-1"},"canonical":"https:\/\/carleton.ca\/heritageengineering\/internships\/student-internships-summer-2019\/","twitter_misc":{"Est. reading time":"2 minutes"},"schema":{"@context":"https:\/\/schema.org","@graph":[{"@type":"WebPage","@id":"https:\/\/carleton.ca\/heritageengineering\/internships\/student-internships-summer-2019\/","url":"https:\/\/carleton.ca\/heritageengineering\/internships\/student-internships-summer-2019\/","name":"Student Internships - Summer 2019 - NSERC CREATE Heritage Engineering","isPartOf":{"@id":"https:\/\/carleton.ca\/heritageengineering\/#website"},"datePublished":"2019-05-15T20:38:05+00:00","dateModified":"2019-05-15T20:38:05+00:00","description":"The following is a list of interns for the Summer 2019 semester: &nbsp; Adrian Soble, Masters, Architecture Interning at WSP Ottawa office Adrian will","breadcrumb":{"@id":"https:\/\/carleton.ca\/heritageengineering\/internships\/student-internships-summer-2019\/#breadcrumb"},"inLanguage":"en-US","potentialAction":[{"@type":"ReadAction","target":["https:\/\/carleton.ca\/heritageengineering\/internships\/student-internships-summer-2019\/"]}]},{"@type":"BreadcrumbList","@id":"https:\/\/carleton.ca\/heritageengineering\/internships\/student-internships-summer-2019\/#breadcrumb","itemListElement":[{"@type":"ListItem","position":1,"name":"Home","item":"https:\/\/carleton.ca\/heritageengineering\/"},{"@type":"ListItem","position":2,"name":"Internships","item":"https:\/\/carleton.ca\/heritageengineering\/internships\/"},{"@type":"ListItem","position":3,"name":"Student Internships &#8211; Summer 2019"}]},{"@type":"WebSite","@id":"https:\/\/carleton.ca\/heritageengineering\/#website","url":"https:\/\/carleton.ca\/heritageengineering\/","name":"NSERC CREATE Heritage Engineering","description":"Carleton University","potentialAction":[{"@type":"SearchAction","target":{"@type":"EntryPoint","urlTemplate":"https:\/\/carleton.ca\/heritageengineering\/?s={search_term_string}"},"query-input":"required name=search_term_string"}],"inLanguage":"en-US"}]}},"acf":{"banner_image_type":"hosted","banner_button":"no","banner_hosted_image":"eng-arch","banner_opacity":"default"},"_links":{"self":[{"href":"https:\/\/carleton.ca\/heritageengineering\/wp-json\/wp\/v2\/pages\/1169"}],"collection":[{"href":"https:\/\/carleton.ca\/heritageengineering\/wp-json\/wp\/v2\/pages"}],"about":[{"href":"https:\/\/carleton.ca\/heritageengineering\/wp-json\/wp\/v2\/types\/page"}],"author":[{"embeddable":true,"href":"https:\/\/carleton.ca\/heritageengineering\/wp-json\/wp\/v2\/users\/13"}],"replies":[{"embeddable":true,"href":"https:\/\/carleton.ca\/heritageengineering\/wp-json\/wp\/v2\/comments?post=1169"}],"version-history":[{"count":3,"href":"https:\/\/carleton.ca\/heritageengineering\/wp-json\/wp\/v2\/pages\/1169\/revisions"}],"predecessor-version":[{"id":1172,"href":"https:\/\/carleton.ca\/heritageengineering\/wp-json\/wp\/v2\/pages\/1169\/revisions\/1172"}],"up":[{"embeddable":true,"href":"https:\/\/carleton.ca\/heritageengineering\/wp-json\/wp\/v2\/pages\/156"}],"wp:attachment":[{"href":"https:\/\/carleton.ca\/heritageengineering\/wp-json\/wp\/v2\/media?parent=1169"}],"curies":[{"name":"wp","href":"https:\/\/api.w.org\/{rel}","templated":true}]}}