{"id":65,"date":"2015-10-06T21:17:27","date_gmt":"2015-10-06T21:17:27","guid":{"rendered":"http:\/\/carleton.ca\/heritageengineering\/?page_id=65"},"modified":"2021-06-24T13:34:07","modified_gmt":"2021-06-24T17:34:07","slug":"program-participants","status":"publish","type":"page","link":"https:\/\/carleton.ca\/heritageengineering\/program-participants\/","title":{"rendered":"Participants"},"content":{"rendered":"<p><img decoding=\"async\" loading=\"lazy\" class=\"alignleft wp-image-616 size-full\" src=\"https:\/\/carleton.ca\/heritageengineering\/wp-content\/uploads\/BANNSERCCraeteHE008.jpg\" alt=\"BANNSERCCraeteHE008\" width=\"1600\" height=\"700\" srcset=\"https:\/\/carleton.ca\/heritageengineering\/wp-content\/uploads\/BANNSERCCraeteHE008.jpg 1600w, https:\/\/carleton.ca\/heritageengineering\/wp-content\/uploads\/BANNSERCCraeteHE008-160x70.jpg 160w, https:\/\/carleton.ca\/heritageengineering\/wp-content\/uploads\/BANNSERCCraeteHE008-240x105.jpg 240w, https:\/\/carleton.ca\/heritageengineering\/wp-content\/uploads\/BANNSERCCraeteHE008-768x336.jpg 768w, https:\/\/carleton.ca\/heritageengineering\/wp-content\/uploads\/BANNSERCCraeteHE008-400x175.jpg 400w, https:\/\/carleton.ca\/heritageengineering\/wp-content\/uploads\/BANNSERCCraeteHE008-360x158.jpg 360w\" sizes=\"(max-width: 1600px) 100vw, 1600px\" \/><\/p>\n<p><strong>Research Professors<\/strong><\/p>\n<p>The NSERC CREATE Heritage Engineering Program includes 11 research professors from Carleton University, Universit\u00e9 de Montr\u00e9al and Universit\u00e9 de Qu\u00e9bec a Montr\u00e9al. Researchers represent a range of disciplines, including: Civil &amp; Environmental Engineering, Mechanical Engineering, Computer &amp; Systems Engineering, Industrial Design, Information Technology, Architecture and Indigenous &amp; Canadian Studies. Their research and expertise encompasses the three research tracks of the program: <a href=\"http:\/\/carleton.ca\/heritageengineering\/heritage-engineering-research-tracks\/building-digitalization\/\" target=\"_blank\" rel=\"noopener noreferrer\">Building Digitalization<\/a>, <a href=\"http:\/\/carleton.ca\/heritageengineering\/research-tracks\/building-sustainability-simulation\/\" target=\"_blank\" rel=\"noopener noreferrer\">Building Sustainability Simulation<\/a> and <a href=\"http:\/\/carleton.ca\/heritageengineering\/building-rehabilitation\/\" target=\"_blank\" rel=\"noopener noreferrer\">Building Rehabilitation<\/a>.<\/p>\n<ul>\n<li><a href=\"http:\/\/carleton.ca\/heritageengineering\/program-participants\/research-professors\/\" target=\"_blank\" rel=\"noopener noreferrer\">Our research professors<\/a><\/li>\n<\/ul>\n<p><strong>Heritage Industry Collaborators<\/strong><\/p>\n<p>The NSERC CREATE Heritage Engineering Program includes 18 collaborators from private architecture and engineering firms, the Heritage Conservation Directorate of Public Works and Government Services Canada, The National Trust for Canada, and international organizations such as The Getty Institute. Collaborators support the program by providing internships for students, serving on the Program Committee, providing workshops on key subjects, and participating in the annual Heritage Forum.<\/p>\n<ul>\n<li><a href=\"http:\/\/carleton.ca\/heritageengineering\/industry-collaborators\/\" target=\"_blank\" rel=\"noopener noreferrer\">Our heritage industry collaborators<\/a><\/li>\n<li><a href=\"http:\/\/www.zeemaps.com\/view?group=1721642&amp;x=460.581193&amp;y=13.722442&amp;z=15\" target=\"_blank\" rel=\"noopener noreferrer\">A map of our collaborators<\/a><\/li>\n<\/ul>\n<p><strong>Students<\/strong><\/p>\n<p>The NSERC CREATE Heritage Engineering Program includes undergraduate and graduate students and post-doctoral fellows from a range of relevant disciplines, including: Civil &amp; Environmental Engineering, Mechanical Engineering, Computer &amp; Systems Engineering, Industrial Design, Information Technology, Architecture and Indigenous &amp; Canadian Studies. Students may participate while enrolled at Carleton University,\u00a0Universit\u00e9 de Montr\u00e9al, and Universit\u00e9 de Qu\u00e9bec \u00e0 Montr\u00e9al.<\/p>\n<p>NSERC CREATE Heritage Engineering provides graduate students and post-doctoral fellows with a training and internship experience in heritage conservation, in addition to and concurrent with their degree. Undergraduate students at Carleton University also receive training activities through the program.<\/p>\n<ul>\n<li><a href=\"http:\/\/carleton.ca\/heritageengineering\/program-participants\/current-students\/\">Our students and alumni (with links to graduate theses)<\/a><\/li>\n<\/ul>\n","protected":false},"excerpt":{"rendered":"<p>Research Professors The NSERC CREATE Heritage Engineering Program includes 11 research professors from Carleton University, Universit\u00e9 de Montr\u00e9al and Universit\u00e9 de Qu\u00e9bec a Montr\u00e9al. Researchers represent a range of disciplines, including: Civil &amp; Environmental Engineering, Mechanical Engineering, Computer &amp; Systems Engineering, Industrial Design, Information Technology, Architecture and Indigenous &amp; Canadian Studies. Their research and expertise [&hellip;]<\/p>\n","protected":false},"author":5,"featured_media":0,"parent":0,"menu_order":0,"comment_status":"closed","ping_status":"closed","template":"","meta":{"_relevanssi_hide_post":"","_relevanssi_hide_content":"","_relevanssi_pin_for_all":"","_relevanssi_pin_keywords":"","_relevanssi_unpin_keywords":"","_relevanssi_related_keywords":"","_relevanssi_related_include_ids":"","_relevanssi_related_exclude_ids":"","_relevanssi_related_no_append":"","_relevanssi_related_not_related":"","_relevanssi_related_posts":"","_relevanssi_noindex_reason":"","_mi_skip_tracking":false,"_exactmetrics_sitenote_active":false,"_exactmetrics_sitenote_note":"","_exactmetrics_sitenote_category":0,"footnotes":"","_links_to":"","_links_to_target":""},"yoast_head":"<!-- This site is optimized with the Yoast SEO plugin v21.2 - https:\/\/yoast.com\/wordpress\/plugins\/seo\/ -->\n<title>Participants - NSERC CREATE Heritage Engineering<\/title>\n<meta name=\"description\" content=\"Research Professors The NSERC CREATE Heritage Engineering Program includes 11 research professors from Carleton University, Universit\u00e9 de Montr\u00e9al and\" \/>\n<meta name=\"robots\" content=\"index, follow, max-snippet:-1, max-image-preview:large, max-video-preview:-1\" \/>\n<link rel=\"canonical\" href=\"https:\/\/carleton.ca\/heritageengineering\/program-participants\/\" \/>\n<meta name=\"twitter:label1\" content=\"Est. reading time\" \/>\n\t<meta name=\"twitter:data1\" content=\"1 minute\" \/>\n<script type=\"application\/ld+json\" class=\"yoast-schema-graph\">{\"@context\":\"https:\/\/schema.org\",\"@graph\":[{\"@type\":\"WebPage\",\"@id\":\"https:\/\/carleton.ca\/heritageengineering\/program-participants\/\",\"url\":\"https:\/\/carleton.ca\/heritageengineering\/program-participants\/\",\"name\":\"Participants - NSERC CREATE Heritage Engineering\",\"isPartOf\":{\"@id\":\"https:\/\/carleton.ca\/heritageengineering\/#website\"},\"datePublished\":\"2015-10-06T21:17:27+00:00\",\"dateModified\":\"2021-06-24T17:34:07+00:00\",\"description\":\"Research Professors The NSERC CREATE Heritage Engineering Program includes 11 research professors from Carleton University, Universit\u00e9 de Montr\u00e9al and\",\"breadcrumb\":{\"@id\":\"https:\/\/carleton.ca\/heritageengineering\/program-participants\/#breadcrumb\"},\"inLanguage\":\"en-US\",\"potentialAction\":[{\"@type\":\"ReadAction\",\"target\":[\"https:\/\/carleton.ca\/heritageengineering\/program-participants\/\"]}]},{\"@type\":\"BreadcrumbList\",\"@id\":\"https:\/\/carleton.ca\/heritageengineering\/program-participants\/#breadcrumb\",\"itemListElement\":[{\"@type\":\"ListItem\",\"position\":1,\"name\":\"Home\",\"item\":\"https:\/\/carleton.ca\/heritageengineering\/\"},{\"@type\":\"ListItem\",\"position\":2,\"name\":\"Participants\"}]},{\"@type\":\"WebSite\",\"@id\":\"https:\/\/carleton.ca\/heritageengineering\/#website\",\"url\":\"https:\/\/carleton.ca\/heritageengineering\/\",\"name\":\"NSERC CREATE Heritage Engineering\",\"description\":\"Carleton University\",\"potentialAction\":[{\"@type\":\"SearchAction\",\"target\":{\"@type\":\"EntryPoint\",\"urlTemplate\":\"https:\/\/carleton.ca\/heritageengineering\/?s={search_term_string}\"},\"query-input\":\"required name=search_term_string\"}],\"inLanguage\":\"en-US\"}]}<\/script>\n<!-- \/ Yoast SEO plugin. -->","yoast_head_json":{"title":"Participants - NSERC CREATE Heritage Engineering","description":"Research Professors The NSERC CREATE Heritage Engineering Program includes 11 research professors from Carleton University, Universit\u00e9 de Montr\u00e9al and","robots":{"index":"index","follow":"follow","max-snippet":"max-snippet:-1","max-image-preview":"max-image-preview:large","max-video-preview":"max-video-preview:-1"},"canonical":"https:\/\/carleton.ca\/heritageengineering\/program-participants\/","twitter_misc":{"Est. reading time":"1 minute"},"schema":{"@context":"https:\/\/schema.org","@graph":[{"@type":"WebPage","@id":"https:\/\/carleton.ca\/heritageengineering\/program-participants\/","url":"https:\/\/carleton.ca\/heritageengineering\/program-participants\/","name":"Participants - NSERC CREATE Heritage Engineering","isPartOf":{"@id":"https:\/\/carleton.ca\/heritageengineering\/#website"},"datePublished":"2015-10-06T21:17:27+00:00","dateModified":"2021-06-24T17:34:07+00:00","description":"Research Professors The NSERC CREATE Heritage Engineering Program includes 11 research professors from Carleton University, Universit\u00e9 de Montr\u00e9al and","breadcrumb":{"@id":"https:\/\/carleton.ca\/heritageengineering\/program-participants\/#breadcrumb"},"inLanguage":"en-US","potentialAction":[{"@type":"ReadAction","target":["https:\/\/carleton.ca\/heritageengineering\/program-participants\/"]}]},{"@type":"BreadcrumbList","@id":"https:\/\/carleton.ca\/heritageengineering\/program-participants\/#breadcrumb","itemListElement":[{"@type":"ListItem","position":1,"name":"Home","item":"https:\/\/carleton.ca\/heritageengineering\/"},{"@type":"ListItem","position":2,"name":"Participants"}]},{"@type":"WebSite","@id":"https:\/\/carleton.ca\/heritageengineering\/#website","url":"https:\/\/carleton.ca\/heritageengineering\/","name":"NSERC CREATE Heritage Engineering","description":"Carleton University","potentialAction":[{"@type":"SearchAction","target":{"@type":"EntryPoint","urlTemplate":"https:\/\/carleton.ca\/heritageengineering\/?s={search_term_string}"},"query-input":"required name=search_term_string"}],"inLanguage":"en-US"}]}},"acf":{"banner_image_type":"none","banner_button":"no"},"_links":{"self":[{"href":"https:\/\/carleton.ca\/heritageengineering\/wp-json\/wp\/v2\/pages\/65"}],"collection":[{"href":"https:\/\/carleton.ca\/heritageengineering\/wp-json\/wp\/v2\/pages"}],"about":[{"href":"https:\/\/carleton.ca\/heritageengineering\/wp-json\/wp\/v2\/types\/page"}],"author":[{"embeddable":true,"href":"https:\/\/carleton.ca\/heritageengineering\/wp-json\/wp\/v2\/users\/5"}],"replies":[{"embeddable":true,"href":"https:\/\/carleton.ca\/heritageengineering\/wp-json\/wp\/v2\/comments?post=65"}],"version-history":[{"count":4,"href":"https:\/\/carleton.ca\/heritageengineering\/wp-json\/wp\/v2\/pages\/65\/revisions"}],"predecessor-version":[{"id":1554,"href":"https:\/\/carleton.ca\/heritageengineering\/wp-json\/wp\/v2\/pages\/65\/revisions\/1554"}],"wp:attachment":[{"href":"https:\/\/carleton.ca\/heritageengineering\/wp-json\/wp\/v2\/media?parent=65"}],"curies":[{"name":"wp","href":"https:\/\/api.w.org\/{rel}","templated":true}]}}