{"id":70,"date":"2015-10-06T21:26:26","date_gmt":"2015-10-06T21:26:26","guid":{"rendered":"http:\/\/carleton.ca\/heritageengineering\/?page_id=70"},"modified":"2016-10-11T12:31:52","modified_gmt":"2016-10-11T16:31:52","slug":"research-professors","status":"publish","type":"page","link":"https:\/\/carleton.ca\/heritageengineering\/program-participants\/research-professors\/","title":{"rendered":"Research Professors"},"content":{"rendered":"<p><strong>The NSERC CREATE Heritage Engineering Program brings together eleven research professors from Carleton University, Universit\u00e9 de Montr\u00e9al and Universit\u00e9 de Qu\u00e9bec \u00e0 Montr\u00e9al:<\/strong><\/p>\n<p style=\"padding-left: 30px;\"><a href=\"https:\/\/carleton.ca\/cee\/people\/bucking-scott\/\" target=\"_blank\">Scott Bucking<\/a>, Department of Civil &amp; Environmental Engineering, Carleton University<\/p>\n<p style=\"padding-left: 30px;\"><a href=\"http:\/\/professeurs.uqam.ca\/component\/savrepertoireprofesseurs\/ficheProfesseur?mId=NMIXA1%252f1hME_\" target=\"_blank\">C\u00e9cile Bulle<\/a>, D\u00e9partement de strat\u00e9gie, responsabilit\u00e9 sociale et environnementale,\u00a0Universit\u00e9 de Qu\u00e9bec \u00e0 Montr\u00e9al<\/p>\n<p style=\"padding-left: 30px;\"><a href=\"http:\/\/www.patrimoinebati.umontreal.ca\/en\/researchers-and-students\/details\/membre\/christina.cameron\/\" target=\"_blank\">Christina Cameron<\/a>, Canada Research Chair in Built Heritage,\u00a0Universit\u00e9 de Montr\u00e9al<\/p>\n<p style=\"padding-left: 30px;\"><a href=\"https:\/\/carleton.ca\/cee\/people\/erochko-jeffrey\/\" target=\"_blank\">Jeffrey Erochko<\/a>, Department of Civil &amp; Environmental Engineering, Carleton University<\/p>\n<p style=\"padding-left: 30px;\"><a href=\"https:\/\/carleton.ca\/architecture\/people-archives\/mariana-esponda\/\" target=\"_blank\">Mariana Esponda<\/a>, Azrieli School of Architecture, Carleton University<\/p>\n<p style=\"padding-left: 30px;\"><a href=\"https:\/\/carleton.ca\/architecture\/people-archives\/stephen-fai\/\">Stephen Fai<\/a>, Director, Carleton Immersive Media Studio; Azrieli School of Architecture, cross-appointed to Department of Civil &amp; Environmental Engineering, Carleton University<\/p>\n<p style=\"padding-left: 30px;\"><a href=\"http:\/\/www.csit.carleton.ca\/~cjoslin\/\" target=\"_blank\">Chris Joslin<\/a>, School of Information Technology, Carleton University<\/p>\n<p style=\"padding-left: 30px;\"><a href=\"https:\/\/carleton.ca\/mae\/people\/jeremy-laliberte\/\" target=\"_blank\">Jeremy Lalibert\u00e9<\/a>, Department of Mechanical &amp; Aerospace Engineering, Carleton University<\/p>\n<p style=\"padding-left: 30px;\"><a href=\"http:\/\/carleton.ca\/cee\/people\/liam-obrien\/\" target=\"_blank\">Liam O\u2019Brien<\/a>, Department of Civil &amp; Environmental Engineering, Carleton University<\/p>\n<p style=\"padding-left: 30px;\"><a href=\"http:\/\/carleton.ca\/canadianstudies\/people\/susan-ross\/\" target=\"_blank\">Susan Ross<\/a>, School of Indigenous &amp; Canadian Studies, Carleton University<\/p>\n<p style=\"padding-left: 30px;\"><a href=\"https:\/\/carleton.ca\/cee\/people\/santana-quintero-mario\/\" target=\"_blank\">Mario Santana<\/a>, Department of Civil &amp; Environmental Engineering, Carleton University<\/p>\n<p style=\"padding-left: 30px;\">\n","protected":false},"excerpt":{"rendered":"<p>The NSERC CREATE Heritage Engineering Program brings together eleven research professors from Carleton University, Universit\u00e9 de Montr\u00e9al and Universit\u00e9 de Qu\u00e9bec \u00e0 Montr\u00e9al: Scott Bucking, Department of Civil &amp; Environmental Engineering, Carleton University C\u00e9cile Bulle, D\u00e9partement de strat\u00e9gie, responsabilit\u00e9 sociale et environnementale,\u00a0Universit\u00e9 de Qu\u00e9bec \u00e0 Montr\u00e9al Christina Cameron, Canada Research Chair in Built Heritage,\u00a0Universit\u00e9 de [&hellip;]<\/p>\n","protected":false},"author":5,"featured_media":0,"parent":65,"menu_order":0,"comment_status":"closed","ping_status":"closed","template":"","meta":{"_relevanssi_hide_post":"","_relevanssi_hide_content":"","_relevanssi_pin_for_all":"","_relevanssi_pin_keywords":"","_relevanssi_unpin_keywords":"","_relevanssi_related_keywords":"","_relevanssi_related_include_ids":"","_relevanssi_related_exclude_ids":"","_relevanssi_related_no_append":"","_relevanssi_related_not_related":"","_relevanssi_related_posts":"","_relevanssi_noindex_reason":"","_mi_skip_tracking":false,"_exactmetrics_sitenote_active":false,"_exactmetrics_sitenote_note":"","_exactmetrics_sitenote_category":0,"footnotes":"","_links_to":"","_links_to_target":""},"yoast_head":"<!-- This site is optimized with the Yoast SEO plugin v21.2 - https:\/\/yoast.com\/wordpress\/plugins\/seo\/ -->\n<title>Research Professors - NSERC CREATE Heritage Engineering<\/title>\n<meta name=\"description\" content=\"The NSERC CREATE Heritage Engineering Program brings together eleven research professors from Carleton University, Universit\u00e9 de Montr\u00e9al and Universit\u00e9\" \/>\n<meta name=\"robots\" content=\"index, follow, max-snippet:-1, max-image-preview:large, max-video-preview:-1\" \/>\n<link rel=\"canonical\" href=\"https:\/\/carleton.ca\/heritageengineering\/program-participants\/research-professors\/\" \/>\n<meta name=\"twitter:label1\" content=\"Est. reading time\" \/>\n\t<meta name=\"twitter:data1\" content=\"1 minute\" \/>\n<script type=\"application\/ld+json\" class=\"yoast-schema-graph\">{\"@context\":\"https:\/\/schema.org\",\"@graph\":[{\"@type\":\"WebPage\",\"@id\":\"https:\/\/carleton.ca\/heritageengineering\/program-participants\/research-professors\/\",\"url\":\"https:\/\/carleton.ca\/heritageengineering\/program-participants\/research-professors\/\",\"name\":\"Research Professors - NSERC CREATE Heritage Engineering\",\"isPartOf\":{\"@id\":\"https:\/\/carleton.ca\/heritageengineering\/#website\"},\"datePublished\":\"2015-10-06T21:26:26+00:00\",\"dateModified\":\"2016-10-11T16:31:52+00:00\",\"description\":\"The NSERC CREATE Heritage Engineering Program brings together eleven research professors from Carleton University, Universit\u00e9 de Montr\u00e9al and Universit\u00e9\",\"breadcrumb\":{\"@id\":\"https:\/\/carleton.ca\/heritageengineering\/program-participants\/research-professors\/#breadcrumb\"},\"inLanguage\":\"en-US\",\"potentialAction\":[{\"@type\":\"ReadAction\",\"target\":[\"https:\/\/carleton.ca\/heritageengineering\/program-participants\/research-professors\/\"]}]},{\"@type\":\"BreadcrumbList\",\"@id\":\"https:\/\/carleton.ca\/heritageengineering\/program-participants\/research-professors\/#breadcrumb\",\"itemListElement\":[{\"@type\":\"ListItem\",\"position\":1,\"name\":\"Home\",\"item\":\"https:\/\/carleton.ca\/heritageengineering\/\"},{\"@type\":\"ListItem\",\"position\":2,\"name\":\"Participants\",\"item\":\"https:\/\/carleton.ca\/heritageengineering\/program-participants\/\"},{\"@type\":\"ListItem\",\"position\":3,\"name\":\"Research Professors\"}]},{\"@type\":\"WebSite\",\"@id\":\"https:\/\/carleton.ca\/heritageengineering\/#website\",\"url\":\"https:\/\/carleton.ca\/heritageengineering\/\",\"name\":\"NSERC CREATE Heritage Engineering\",\"description\":\"Carleton University\",\"potentialAction\":[{\"@type\":\"SearchAction\",\"target\":{\"@type\":\"EntryPoint\",\"urlTemplate\":\"https:\/\/carleton.ca\/heritageengineering\/?s={search_term_string}\"},\"query-input\":\"required name=search_term_string\"}],\"inLanguage\":\"en-US\"}]}<\/script>\n<!-- \/ Yoast SEO plugin. -->","yoast_head_json":{"title":"Research Professors - NSERC CREATE Heritage Engineering","description":"The NSERC CREATE Heritage Engineering Program brings together eleven research professors from Carleton University, Universit\u00e9 de Montr\u00e9al and Universit\u00e9","robots":{"index":"index","follow":"follow","max-snippet":"max-snippet:-1","max-image-preview":"max-image-preview:large","max-video-preview":"max-video-preview:-1"},"canonical":"https:\/\/carleton.ca\/heritageengineering\/program-participants\/research-professors\/","twitter_misc":{"Est. reading time":"1 minute"},"schema":{"@context":"https:\/\/schema.org","@graph":[{"@type":"WebPage","@id":"https:\/\/carleton.ca\/heritageengineering\/program-participants\/research-professors\/","url":"https:\/\/carleton.ca\/heritageengineering\/program-participants\/research-professors\/","name":"Research Professors - NSERC CREATE Heritage Engineering","isPartOf":{"@id":"https:\/\/carleton.ca\/heritageengineering\/#website"},"datePublished":"2015-10-06T21:26:26+00:00","dateModified":"2016-10-11T16:31:52+00:00","description":"The NSERC CREATE Heritage Engineering Program brings together eleven research professors from Carleton University, Universit\u00e9 de Montr\u00e9al and Universit\u00e9","breadcrumb":{"@id":"https:\/\/carleton.ca\/heritageengineering\/program-participants\/research-professors\/#breadcrumb"},"inLanguage":"en-US","potentialAction":[{"@type":"ReadAction","target":["https:\/\/carleton.ca\/heritageengineering\/program-participants\/research-professors\/"]}]},{"@type":"BreadcrumbList","@id":"https:\/\/carleton.ca\/heritageengineering\/program-participants\/research-professors\/#breadcrumb","itemListElement":[{"@type":"ListItem","position":1,"name":"Home","item":"https:\/\/carleton.ca\/heritageengineering\/"},{"@type":"ListItem","position":2,"name":"Participants","item":"https:\/\/carleton.ca\/heritageengineering\/program-participants\/"},{"@type":"ListItem","position":3,"name":"Research Professors"}]},{"@type":"WebSite","@id":"https:\/\/carleton.ca\/heritageengineering\/#website","url":"https:\/\/carleton.ca\/heritageengineering\/","name":"NSERC CREATE Heritage Engineering","description":"Carleton University","potentialAction":[{"@type":"SearchAction","target":{"@type":"EntryPoint","urlTemplate":"https:\/\/carleton.ca\/heritageengineering\/?s={search_term_string}"},"query-input":"required name=search_term_string"}],"inLanguage":"en-US"}]}},"acf":{"banner_image_type":"none"},"_links":{"self":[{"href":"https:\/\/carleton.ca\/heritageengineering\/wp-json\/wp\/v2\/pages\/70"}],"collection":[{"href":"https:\/\/carleton.ca\/heritageengineering\/wp-json\/wp\/v2\/pages"}],"about":[{"href":"https:\/\/carleton.ca\/heritageengineering\/wp-json\/wp\/v2\/types\/page"}],"author":[{"embeddable":true,"href":"https:\/\/carleton.ca\/heritageengineering\/wp-json\/wp\/v2\/users\/5"}],"replies":[{"embeddable":true,"href":"https:\/\/carleton.ca\/heritageengineering\/wp-json\/wp\/v2\/comments?post=70"}],"version-history":[{"count":4,"href":"https:\/\/carleton.ca\/heritageengineering\/wp-json\/wp\/v2\/pages\/70\/revisions"}],"predecessor-version":[{"id":730,"href":"https:\/\/carleton.ca\/heritageengineering\/wp-json\/wp\/v2\/pages\/70\/revisions\/730"}],"up":[{"embeddable":true,"href":"https:\/\/carleton.ca\/heritageengineering\/wp-json\/wp\/v2\/pages\/65"}],"wp:attachment":[{"href":"https:\/\/carleton.ca\/heritageengineering\/wp-json\/wp\/v2\/media?parent=70"}],"curies":[{"name":"wp","href":"https:\/\/api.w.org\/{rel}","templated":true}]}}