{"id":13689,"date":"2015-12-02T10:10:41","date_gmt":"2015-12-02T15:10:41","guid":{"rendered":"http:\/\/carleton.ca\/history\/?page_id=13689"},"modified":"2024-07-03T19:46:58","modified_gmt":"2024-07-03T23:46:58","slug":"shannon-lectures-2015","status":"publish","type":"page","link":"https:\/\/carleton.ca\/history\/shannon-lecture\/shannon-lectures-2015\/","title":{"rendered":"Shannon Lectures (2015)"},"content":{"rendered":"\n<section class=\"w-screen px-6 cu-section cu-section--white ml-offset-center md:px-8 lg:px-14\">\n    <div class=\"space-y-6 cu-max-w-child-5xl  md:space-y-10 cu-prose-first-last\">\n\n            <div class=\"cu-textmedia flex flex-col lg:flex-row mx-auto gap-6 md:gap-10 my-6 md:my-12 first:mt-0 max-w-5xl\">\n        <div class=\"justify-start cu-textmedia-content cu-prose-first-last\" style=\"flex: 0 0 100%;\">\n            <header class=\"font-light prose-xl cu-pageheader md:prose-2xl cu-component-updated cu-prose-first-last\">\n                                    <h1 class=\"cu-prose-first-last font-semibold !mt-2 mb-4 md:mb-6 relative after:absolute after:h-px after:bottom-0 after:bg-cu-red after:left-px text-3xl md:text-4xl lg:text-5xl lg:leading-[3.5rem] pb-5 after:w-10 text-cu-black-700 not-prose\">\n                        Shannon Lectures (2015)\n                    <\/h1>\n                \n                                \n                            <\/header>\n\n                    <\/div>\n\n            <\/div>\n\n    <\/div>\n<\/section>\n\n<p>The <strong>Shannon Lectures in History<\/strong> is a series of thematically linked public lectures offered annually at Carleton University made possible through the Shannon Donation, a major anonymous gift from a friend of the Department of History. Click <a title=\"About the Shannon Lectures\" href=\"http:\/\/www.carleton.ca\/history\/news\/shannon-lecture\/shannon-lectures\/\">here<\/a> for further information about the Shannons.<\/p>\n\n\n\n<p>The Shannon Lecture Series for 2015 examines ways in which our understanding of the past is enhanced through performance. What does it mean when our histories take alternative forms such as film, theatre, re-enactment, cabaret, and virtual gaming? How does re-staging the past in these ways shape the history that is produced and how audiences experience the past? Our exploration of performed histories and historians as performers will be encouraged by five scholars and practitioners who will talk about their work in a series of Friday afternoon lectures: Lisa Peschel, Bruno Ramirez, Maxime Durand, Vanessa Agnew, and Peter Hinton.<\/p>\n\n\n\n<h2 id=\"performing-history-re-staging-the-past\" class=\"wp-block-heading\"><span style=\"line-height: 1.5;\">Performing History: Re-Staging the Past<br>\n<\/span><\/h2>\n\n\n\n<p>All lectures will take place in the Multi-Media Lab, Discovery Centre, MacOdrum Library starting at 1:30PMfollowed by a reception in the History Lounge (433PA).<\/p>\n\n\n\n<h3 id=\"friday-sept-18\" class=\"wp-block-heading\">Friday Sept 18<\/h3>\n\n\n\n<figure class=\"wp-block-image alignleft size-medium wp-image-12671\"><img loading=\"lazy\" decoding=\"async\" width=\"240\" height=\"332\" src=\"http:\/\/carleton.ca\/history\/wp-content\/uploads\/sites\/71\/Peschel-Visual-2-240x332.jpg\" alt=\"Cabaret scene illustrated\" class=\"wp-image-12671\" srcset=\"https:\/\/carleton.ca\/history\/wp-content\/uploads\/sites\/71\/Peschel-Visual-2-240x332.jpg 240w, https:\/\/carleton.ca\/history\/wp-content\/uploads\/sites\/71\/Peschel-Visual-2-160x221.jpg 160w, https:\/\/carleton.ca\/history\/wp-content\/uploads\/sites\/71\/Peschel-Visual-2-768x1062.jpg 768w, https:\/\/carleton.ca\/history\/wp-content\/uploads\/sites\/71\/Peschel-Visual-2-400x553.jpg 400w, https:\/\/carleton.ca\/history\/wp-content\/uploads\/sites\/71\/Peschel-Visual-2-360x498.jpg 360w\" sizes=\"auto, (max-width: 240px) 100vw, 240px\" \/><figcaption class=\"wp-element-caption\">Ferdinand Bloch: Terez\u00edn Cabaret, PT 3958, Terez\u00edn Memorial, Herman\u00b4s Collection, \u00a9 Zuzana Dvo\u0159\u00e1kov\u00e1<\/figcaption><\/figure>\n\n\n\n<p><strong>&#8220;Theatre and the Holocaust: Recently Rediscovered Scripts from the Terez\u00edn\/Theresienstadt Ghetto&#8221;<\/strong><\/p>\n\n\n\n<p>Dr Lisa Peschel (University of York, England)<\/p>\n\n\n\n<p><a href=\"http:\/\/carleton.ca\/history\/news\/shannon-lecture\/theatre-and-the-holocaust\/\">Read more about the talk and Dr. Peschel<\/a><\/p>\n\n\n\n<p><a href=\"http:\/\/carleton.ca\/history\/news\/shannon-lecture\/shannon-seminar-and-workshop-series-workshop-1\/\">Read more about the workshop<\/a><\/p>\n\n\n\n<h3 id=\"\" class=\"wp-block-heading\"><\/h3>\n\n\n\n<h3 id=\"\" class=\"wp-block-heading\"><\/h3>\n\n\n\n<h3 id=\"\" class=\"wp-block-heading\"><\/h3>\n\n\n\n<h3 id=\"\" class=\"wp-block-heading\"><\/h3>\n\n\n\n<h3 id=\"\" class=\"wp-block-heading\"><\/h3>\n\n\n\n<h3 id=\"\" class=\"wp-block-heading\"><\/h3>\n\n\n\n<h3 id=\"friday-oct-9\" class=\"wp-block-heading\">Friday Oct 9<\/h3>\n\n\n\n<figure class=\"wp-block-image alignleft size-medium wp-image-12835\"><img loading=\"lazy\" decoding=\"async\" width=\"240\" height=\"171\" src=\"http:\/\/carleton.ca\/history\/wp-content\/uploads\/sites\/71\/Ramirez-Visual-La-deroute-240x171.jpg\" alt=\"man in suit filmed by cameras\" class=\"wp-image-12835\" srcset=\"https:\/\/carleton.ca\/history\/wp-content\/uploads\/sites\/71\/Ramirez-Visual-La-deroute-240x171.jpg 240w, https:\/\/carleton.ca\/history\/wp-content\/uploads\/sites\/71\/Ramirez-Visual-La-deroute-160x114.jpg 160w, https:\/\/carleton.ca\/history\/wp-content\/uploads\/sites\/71\/Ramirez-Visual-La-deroute.jpg 320w\" sizes=\"auto, (max-width: 240px) 100vw, 240px\" \/><figcaption class=\"wp-element-caption\">La Deroute, Bruno Ramirez<\/figcaption><\/figure>\n\n\n\n<p><strong>&#8220;Through Images, Words, and Sounds: Filmic Narration and Public History&#8221;<\/strong><\/p>\n\n\n\n<p>Dr Bruno Ramirez (University of Montreal)<\/p>\n\n\n\n<p><a href=\"http:\/\/carleton.ca\/history\/news\/shannon-lecture\/filmic-narration-and-public-history\/\" target=\"_blank\" rel=\"noopener\">Read more about the talk and Dr Ramirez<\/a><\/p>\n\n\n\n<p><a href=\"http:\/\/carleton.ca\/history\/news\/shannon-lecture\/seminar-and-shannon-workshop-with-bruno-ramirez-universite-de-montreal\/\" target=\"_blank\" rel=\"noopener\">Read more about the workshop<\/a><\/p>\n\n\n\n<h3 id=\"\" class=\"wp-block-heading\"><\/h3>\n\n\n\n<h3 id=\"\" class=\"wp-block-heading\"><\/h3>\n\n\n\n<h3 id=\"friday-oct-23\" class=\"wp-block-heading\">Friday Oct 23<\/h3>\n\n\n\n<figure class=\"wp-block-image alignleft size-medium wp-image-12827\"><img loading=\"lazy\" decoding=\"async\" width=\"240\" height=\"239\" src=\"http:\/\/carleton.ca\/history\/wp-content\/uploads\/sites\/71\/assassins_creed_big_ben-240x239.jpeg\" alt=\"image of big ben from rooftop\" class=\"wp-image-12827\" srcset=\"https:\/\/carleton.ca\/history\/wp-content\/uploads\/sites\/71\/assassins_creed_big_ben-240x239.jpeg 240w, https:\/\/carleton.ca\/history\/wp-content\/uploads\/sites\/71\/assassins_creed_big_ben-600x600.jpeg 600w, https:\/\/carleton.ca\/history\/wp-content\/uploads\/sites\/71\/assassins_creed_big_ben-300x300.jpeg 300w, https:\/\/carleton.ca\/history\/wp-content\/uploads\/sites\/71\/assassins_creed_big_ben-160x159.jpeg 160w, https:\/\/carleton.ca\/history\/wp-content\/uploads\/sites\/71\/assassins_creed_big_ben-768x766.jpeg 768w, https:\/\/carleton.ca\/history\/wp-content\/uploads\/sites\/71\/assassins_creed_big_ben-400x399.jpeg 400w, https:\/\/carleton.ca\/history\/wp-content\/uploads\/sites\/71\/assassins_creed_big_ben-200x200.jpeg 200w, https:\/\/carleton.ca\/history\/wp-content\/uploads\/sites\/71\/assassins_creed_big_ben-360x359.jpeg 360w\" sizes=\"auto, (max-width: 240px) 100vw, 240px\" \/><figcaption class=\"wp-element-caption\">Scene from Assassin&#8217;s Creed Victory<\/figcaption><\/figure>\n\n\n\n<p><strong>&#8220;From Dreams to Realities: Performing History in the Assassin\u2019s Creed\u00ae Video Game Series&#8221;<\/strong><\/p>\n\n\n\n<p>Mr Maxime Durand (Ubisoft, Montreal)<\/p>\n\n\n\n<p><a href=\"http:\/\/carleton.ca\/history\/news\/shannon-lecture\/from-dreams-to-realities\/\" target=\"_blank\" rel=\"noopener\">Read more about the talk and Maxime Durand<\/a><\/p>\n\n\n\n<p><a href=\"http:\/\/carleton.ca\/history\/news\/shannon-lecture\/seminar-and-shannon-workshop-with-maxime-durand-ubisoft\/\" target=\"_blank\" rel=\"noopener\">Read more about the workshop<\/a><\/p>\n\n\n\n<h3 id=\"\" class=\"wp-block-heading\"><\/h3>\n\n\n\n<h3 id=\"\" class=\"wp-block-heading\"><\/h3>\n\n\n\n<h3 id=\"\" class=\"wp-block-heading\"><\/h3>\n\n\n\n<h3 id=\"friday-nov-13\" class=\"wp-block-heading\">Friday Nov 13<\/h3>\n\n\n\n<figure class=\"wp-block-image alignleft size-medium wp-image-12878\"><img loading=\"lazy\" decoding=\"async\" width=\"240\" height=\"316\" src=\"http:\/\/carleton.ca\/history\/wp-content\/uploads\/sites\/71\/reenacting_genocide-240x316.png\" alt=\"illustration with landscape and caption 'die freiheit der lehre'\" class=\"wp-image-12878\" srcset=\"https:\/\/carleton.ca\/history\/wp-content\/uploads\/sites\/71\/reenacting_genocide-240x316.png 240w, https:\/\/carleton.ca\/history\/wp-content\/uploads\/sites\/71\/reenacting_genocide-160x211.png 160w, https:\/\/carleton.ca\/history\/wp-content\/uploads\/sites\/71\/reenacting_genocide.png 243w\" sizes=\"auto, (max-width: 240px) 100vw, 240px\" \/><figcaption class=\"wp-element-caption\">\u00a9 Vanessa Agnew &#8216;Defending the Freedom to Teach the Armenian Genocide&#8217;<\/figcaption><\/figure>\n\n\n\n<p><strong>&#8220;Reenacting Genocide&#8221;<\/strong><\/p>\n\n\n\n<p>Dr Vanessa Agnew (University of Duisburg-Essen, Germany)<\/p>\n\n\n\n<p><a href=\"http:\/\/carleton.ca\/history\/news\/shannon-lecture\/reenacting-genocide\/\" target=\"_blank\" rel=\"noopener\">Read more about the talk and Dr Vanessa Agnew<\/a><\/p>\n\n\n\n<p><a href=\"http:\/\/carleton.ca\/history\/news\/shannon-lecture\/seminar-and-shannon-workshop-with-vanessa-agnew-university-of-duisburg-essen\/\" target=\"_blank\" rel=\"noopener\">Read more about the workshop<\/a><\/p>\n\n\n\n<h3 id=\"\" class=\"wp-block-heading\"><\/h3>\n\n\n\n<h3 id=\"\" class=\"wp-block-heading\"><\/h3>\n\n\n\n<h3 id=\"\" class=\"wp-block-heading\"><\/h3>\n\n\n\n<h3 id=\"\" class=\"wp-block-heading\"><\/h3>\n\n\n\n<h3 id=\"friday-nov-27\" class=\"wp-block-heading\">Friday Nov 27<\/h3>\n\n\n\n<figure class=\"wp-block-image alignleft size-medium wp-image-12829\"><img loading=\"lazy\" decoding=\"async\" width=\"240\" height=\"189\" src=\"http:\/\/carleton.ca\/history\/wp-content\/uploads\/sites\/71\/hinton_pygmalion1-240x189.jpeg\" alt=\"actors on stage performing pygmalion\" class=\"wp-image-12829\" srcset=\"https:\/\/carleton.ca\/history\/wp-content\/uploads\/sites\/71\/hinton_pygmalion1-240x189.jpeg 240w, https:\/\/carleton.ca\/history\/wp-content\/uploads\/sites\/71\/hinton_pygmalion1-160x126.jpeg 160w, https:\/\/carleton.ca\/history\/wp-content\/uploads\/sites\/71\/hinton_pygmalion1-400x315.jpeg 400w, https:\/\/carleton.ca\/history\/wp-content\/uploads\/sites\/71\/hinton_pygmalion1-360x283.jpeg 360w, https:\/\/carleton.ca\/history\/wp-content\/uploads\/sites\/71\/hinton_pygmalion1.jpeg 520w\" sizes=\"auto, (max-width: 240px) 100vw, 240px\" \/><figcaption class=\"wp-element-caption\">Scene from Pygmalion<\/figcaption><\/figure>\n\n\n\n<p><strong>&#8220;Why Shaw Now? A Modern Pygmalion&#8221;<\/strong><\/p>\n\n\n\n<p>Mr Peter Hinton (Shaw Festival Theatre)<\/p>\n\n\n\n<p><a href=\"http:\/\/carleton.ca\/history\/news\/shannon-lecture\/why-shaw-now-a-modern-pygmalion\/\" target=\"_blank\" rel=\"noopener\">Read more about the talk and Peter Hinton<\/a><\/p>\n\n\n\n<p><a href=\"http:\/\/carleton.ca\/history\/news\/shannon-lecture\/seminar-and-shannon-workshop-with-peter-hinton\/\" target=\"_blank\" rel=\"noopener\">Read more about the workshop<\/a><\/p>\n","protected":false},"excerpt":{"rendered":"<p>The Shannon Lectures in History is a series of thematically linked public lectures offered annually at Carleton University made possible through the Shannon Donation, a major anonymous gift from a friend of the Department of History. Click here for further information about the Shannons. The Shannon Lecture Series for 2015 examines ways in which our [&hellip;]<\/p>\n","protected":false},"author":2,"featured_media":0,"parent":58,"menu_order":0,"comment_status":"closed","ping_status":"closed","template":"","meta":{"_acf_changed":false,"_cu_dining_location_slug":"","footnotes":"","_links_to":"","_links_to_target":""},"cu_page_type":[303],"class_list":["post-13689","page","type-page","status-publish","hentry","cu_page_type-general"],"acf":{"cu_post_thumbnail":false},"_links":{"self":[{"href":"https:\/\/carleton.ca\/history\/wp-json\/wp\/v2\/pages\/13689","targetHints":{"allow":["GET"]}}],"collection":[{"href":"https:\/\/carleton.ca\/history\/wp-json\/wp\/v2\/pages"}],"about":[{"href":"https:\/\/carleton.ca\/history\/wp-json\/wp\/v2\/types\/page"}],"author":[{"embeddable":true,"href":"https:\/\/carleton.ca\/history\/wp-json\/wp\/v2\/users\/2"}],"replies":[{"embeddable":true,"href":"https:\/\/carleton.ca\/history\/wp-json\/wp\/v2\/comments?post=13689"}],"version-history":[{"count":4,"href":"https:\/\/carleton.ca\/history\/wp-json\/wp\/v2\/pages\/13689\/revisions"}],"predecessor-version":[{"id":13789,"href":"https:\/\/carleton.ca\/history\/wp-json\/wp\/v2\/pages\/13689\/revisions\/13789"}],"up":[{"embeddable":true,"href":"https:\/\/carleton.ca\/history\/wp-json\/wp\/v2\/pages\/58"}],"wp:attachment":[{"href":"https:\/\/carleton.ca\/history\/wp-json\/wp\/v2\/media?parent=13689"}],"wp:term":[{"taxonomy":"cu_page_type","embeddable":true,"href":"https:\/\/carleton.ca\/history\/wp-json\/wp\/v2\/cu_page_type?post=13689"}],"curies":[{"name":"wp","href":"https:\/\/api.w.org\/{rel}","templated":true}]}}