{"id":23583,"date":"2023-09-25T10:40:51","date_gmt":"2023-09-25T14:40:51","guid":{"rendered":"https:\/\/carleton.ca\/history\/?page_id=23583"},"modified":"2024-08-22T13:49:55","modified_gmt":"2024-08-22T17:49:55","slug":"shannon-lectures-fall-2023","status":"publish","type":"page","link":"https:\/\/carleton.ca\/history\/shannon-lectures-fall-2023\/","title":{"rendered":"Shannon Lectures \u2013 Fall 2023"},"content":{"rendered":"\n<section class=\"w-screen px-6 cu-section cu-section--white ml-offset-center md:px-8 lg:px-14\">\n    <div class=\"space-y-6 cu-max-w-child-5xl  md:space-y-10 cu-prose-first-last\">\n\n            <div class=\"cu-textmedia flex flex-col lg:flex-row mx-auto gap-6 md:gap-10 my-6 md:my-12 first:mt-0 max-w-5xl\">\n        <div class=\"justify-start cu-textmedia-content cu-prose-first-last\" style=\"flex: 0 0 100%;\">\n            <header class=\"font-light prose-xl cu-pageheader md:prose-2xl cu-component-updated cu-prose-first-last\">\n                                    <h1 class=\"cu-prose-first-last font-semibold !mt-2 mb-4 md:mb-6 relative after:absolute after:h-px after:bottom-0 after:bg-cu-red after:left-px text-3xl md:text-4xl lg:text-5xl lg:leading-[3.5rem] pb-5 after:w-10 text-cu-black-700 not-prose\">\n                        Shannon Lectures \u2013 Fall 2023\n                    <\/h1>\n                \n                                \n                            <\/header>\n\n                    <\/div>\n\n            <\/div>\n\n    <\/div>\n<\/section>\n\n\n\n<h2 id=\"shannon-lectures-fall-2023\" class=\"wp-block-heading\">Shannon Lectures, Fall 2023<\/h2>\n\n\n\n<p><strong>Convenor<\/strong>: Professor <a href=\"https:\/\/carleton.ca\/history\/people\/laura-madokoro\/\">Laura Madokoro<\/a><span style=\"font-size: 12.0pt; color: black;\">, Department of History, Carleton University.<\/span><\/p>\n\n\n\n<figure class=\"wp-block-image aligncenter\"><a href=\"https:\/\/carleton.ca\/history\/wp-content\/uploads\/sites\/71\/Shannon-Lecture-Promo-Poster-1-scaled.jpg\"><img loading=\"lazy\" decoding=\"async\" width=\"400\" height=\"218\" src=\"https:\/\/carleton.ca\/history\/wp-content\/uploads\/sites\/71\/Shannon-Lecture-Promo-Poster-1-400x218.jpg\" alt=\"Shannon Lecture Promo Poster\" class=\"wp-image-23643\" srcset=\"https:\/\/carleton.ca\/history\/wp-content\/uploads\/sites\/71\/Shannon-Lecture-Promo-Poster-1-400x218.jpg 400w, https:\/\/carleton.ca\/history\/wp-content\/uploads\/sites\/71\/Shannon-Lecture-Promo-Poster-1-240x131.jpg 240w, https:\/\/carleton.ca\/history\/wp-content\/uploads\/sites\/71\/Shannon-Lecture-Promo-Poster-1-160x87.jpg 160w, https:\/\/carleton.ca\/history\/wp-content\/uploads\/sites\/71\/Shannon-Lecture-Promo-Poster-1-768x419.jpg 768w, https:\/\/carleton.ca\/history\/wp-content\/uploads\/sites\/71\/Shannon-Lecture-Promo-Poster-1-1536x838.jpg 1536w, https:\/\/carleton.ca\/history\/wp-content\/uploads\/sites\/71\/Shannon-Lecture-Promo-Poster-1-2048x1117.jpg 2048w, https:\/\/carleton.ca\/history\/wp-content\/uploads\/sites\/71\/Shannon-Lecture-Promo-Poster-1-360x196.jpg 360w\" sizes=\"auto, (max-width: 400px) 100vw, 400px\" \/><\/a><\/figure>\n\n\n\n<p><strong><u>Rewriting Refuge<\/u><\/strong><\/p>\n\n\n\n<p>There are in Canada, as in other countries, many stories about refuge. Some of this history has been used to create powerful nation-building myths, which in turn have facilitated the inclusion of some and the exclusion of others. This edition of the Shannon Lecture Series, \u201cRewriting Refuge\u201d seeks to explore the history of sanctuary and protection in a new light; by considering the movements of Indigenous peoples, the activism of migrants themselves, the creation of borders, and transnational connections. Featuring scholars working in a range of geographic contexts and temporal periods, the Shannon Lecture Series, \u201cRewriting Refuge\u201d promises to offer important critical insights into both the past and the present-day.<\/p>\n\n\n\n<p>Refuge histories in Canada and elsewhere are included in nation-building myths \u2013 stories that are used to assert who does and does not belong. The 2023 Shannon Lecture Series, \u201cRewriting Refuge,\u201d explores these histories of sanctuary via Indigenous migrations, migrant activism, creating borders, and transnational connections. Ranging across geography and time, the featured lectures will offer critical insights into the past and present.<\/p>\n\n\n\n<p>The opening event on October 16 at 1:00pm will be held virtually. All other lectures will take place at Woodside Hall in the Carleton Dominion-Chalmers Centre. <strong class=\"myprefix-text-bold\">The lectures are expected to run from 7:00-8:30pm, and will be streamed as well.<\/strong><\/p>\n\n\n\n<hr class=\"wp-block-separator has-alpha-channel-opacity\"\/>\n\n\n\n<h2 id=\"past-lectures-in-this-series\" class=\"wp-block-heading\">Past Lectures in this Series<\/h2>\n\n\n\n<h3 id=\"opening-virtual-event\" class=\"wp-block-heading\">Opening Virtual Event:<\/h3>\n\n\n\n<h3 id=\"october-16-2023-refugees-and-the-right-to-research-panel\" class=\"wp-block-heading\">October 16, 2023: <a href=\"https:\/\/carleton.ca\/history\/cu_event\/refugees-and-the-right-to-research-shannon-launch-event-with-gerawork-teferra-marcia-schenck-kate-reed-and-christina-clark-kazak\/\">Refugees and the Right to Research Panel<\/a><\/h3>\n\n\n\n<div class=\"cu-section cu-section-5xl not-contained bg-white cu-prose\"><figure class=\"cu-embed cu-component not-contained mx-auto max-w-5xl\"><div class=\"relative w-full pb-[56.25%] overflow-hidden border border-cu-black-100\"><iframe title=\"Videos Embed\" src=\"https:\/\/www.youtube.com\/embed\/JkO32Azg5jc\" class=\"cu-embed-iframe\" allow=\"accelerometer; autoplay; clipboard-write; encrypted-media; gyroscope; picture-in-picture; web-share\" allowfullscreen><\/iframe><\/div><\/figure><\/div>\n\n\n\n<p><em>1 PM, online. Event took place on zoom. <\/em><\/p>\n\n\n\n<p>Gerawork Teferra, Marcia Schenck, Kate Reed and Christina Clark-Kazak<\/p>\n\n\n\n<p>There are in Canada, as in other countries, many stories about refuge. Some of this history has been used to create powerful nation-building myths, which in turn have facilitated the inclusion of some and the exclusion of others. This edition of the Shannon Lecture Series, \u201cRewriting Refuge\u201d seeks to explore the history of sanctuary and protection from new or neglected directions.<\/p>\n\n\n\n<p>The series will launch on 16 October 2023 with an afternoon virtual panel, 1300-1430 EST. Join a conversation that includes <a href=\"https:\/\/carleton.ca\/lerrn\/people\/kate-reed\/\">Kate Reed<\/a>, <a href=\"https:\/\/www.uni-potsdam.de\/en\/hi-globalgeschichte\/prof-dr-marcia-c-schenck\/zur-person\">Marcia Schenck<\/a> and <a href=\"https:\/\/imaginingfutures.world\/people\/gerawork-teferra\/\">Gerawok Teferra<\/a>, whose work in <a href=\"https:\/\/www.mqup.ca\/right-to-research--the-products-9780228014546.php\"><em>The Right to Research<\/em><\/a> brings refugee and host-community historians to the fore; and Dr. Christina Clark-Kazak, author of <a href=\"https:\/\/can01.safelinks.protection.outlook.com\/?url=https%3A%2F%2Futorontopress.com%2F9781487534226%2Fresearch-across-borders%2F&amp;data=05%7C01%7CSteveSchwinghamer%40cmail.carleton.ca%7C66e4bfe54378454498a808dbbacb859a%7C6ad91895de06485ebc51fce126cc8530%7C0%7C0%7C638309155496075511%7CUnknown%7CTWFpbGZsb3d8eyJWIjoiMC4wLjAwMDAiLCJQIjoiV2luMzIiLCJBTiI6Ik1haWwiLCJXVCI6Mn0%3D%7C3000%7C%7C%7C&amp;sdata=2aIrOPtLT%2Fo%2FZsVbZrHYxWU4MLahNDKitRGDc1RYjSc%3D&amp;reserved=0\"><em>Research Across Borders<\/em><\/a> on cross-border and cross-cultural methods.<\/p>\n\n\n\n<h3 id=\"_____\" class=\"wp-block-heading\">_____<\/h3>\n\n\n\n<h3 id=\"october-30-2023-taking-refuge-in-the-canada-us-borderlands\" class=\"wp-block-heading\">October 30, 2023: <a href=\"https:\/\/carleton.ca\/history\/cu_event\/shannon-lecture-1-with-benjamin-hoy\/\">Taking Refuge in the Canada-US Borderlands?<\/a><\/h3>\n\n\n\n<div class=\"cu-section cu-section-5xl not-contained bg-white cu-prose\"><figure class=\"cu-embed cu-component not-contained mx-auto max-w-5xl\"><div class=\"relative w-full pb-[56.25%] overflow-hidden border border-cu-black-100\"><iframe title=\"Videos Embed\" src=\"https:\/\/www.youtube.com\/embed\/lKMjLjoOlJY\" class=\"cu-embed-iframe\" allow=\"accelerometer; autoplay; clipboard-write; encrypted-media; gyroscope; picture-in-picture; web-share\" allowfullscreen><\/iframe><\/div><\/figure><\/div>\n\n\n\n<figure class=\"wp-block-image aligncenter\"><a href=\"https:\/\/carleton.ca\/history\/news\/shannon-lectures-fall-2023\/take-refuge-in-the-canada-us-borderlands\/\"><img loading=\"lazy\" decoding=\"async\" width=\"1280\" height=\"720\" src=\"https:\/\/carleton.ca\/history\/wp-content\/uploads\/sites\/71\/Take-Refuge-in-the-Canada-US-Borderlands.jpg\" alt=\"powerpoint presentation slides\" class=\"wp-image-23711\" srcset=\"https:\/\/carleton.ca\/history\/wp-content\/uploads\/sites\/71\/Take-Refuge-in-the-Canada-US-Borderlands.jpg 1280w, https:\/\/carleton.ca\/history\/wp-content\/uploads\/sites\/71\/Take-Refuge-in-the-Canada-US-Borderlands-240x135.jpg 240w, https:\/\/carleton.ca\/history\/wp-content\/uploads\/sites\/71\/Take-Refuge-in-the-Canada-US-Borderlands-400x225.jpg 400w, https:\/\/carleton.ca\/history\/wp-content\/uploads\/sites\/71\/Take-Refuge-in-the-Canada-US-Borderlands-160x90.jpg 160w, https:\/\/carleton.ca\/history\/wp-content\/uploads\/sites\/71\/Take-Refuge-in-the-Canada-US-Borderlands-768x432.jpg 768w, https:\/\/carleton.ca\/history\/wp-content\/uploads\/sites\/71\/Take-Refuge-in-the-Canada-US-Borderlands-360x203.jpg 360w\" sizes=\"auto, (max-width: 1280px) 100vw, 1280px\" \/><\/a><\/figure>\n\n\n\n<p>Benjamin Hoy<\/p>\n\n\n\n<h4 id=\"biography\" class=\"wp-block-heading\">Biography:<\/h4>\n\n\n\n<p>Benjamin Hoy is an Associate Professor of History and the Director of the HGIS Lab at the University of Saskatchewan.&nbsp;Hoy\u2019s first book, <em>A Line of Blood and Dirt: Creating the Canada-United States Border across Indigenous Lands&nbsp;<\/em>(Oxford University Press, 2021) examines the creation of the Canada-US border and its uneven effects on the&nbsp;communities who lived in its shadow from 1775 to 1930. Hoy&#8217;s broader research focuses on digital mapping (HGIS), game-based learning,&nbsp;and the history of everyday power along border regions.<\/p>\n\n\n\n<h3 id=\"_____\" class=\"wp-block-heading\">_____<\/h3>\n\n\n\n<h3 id=\"november-7-2023-promised-lands-indigenous-refuge-in-early-canada-and-beyond\" class=\"wp-block-heading\">November 7, 2023: <a href=\"https:\/\/carleton.ca\/history\/cu_event\/shannon-lecture-2-with-jean-francois-lozier\/\">Promised Lands? Indigenous Refuge in Early Canada and Beyond<\/a><\/h3>\n\n\n\n<div class=\"cu-section cu-section-5xl not-contained bg-white cu-prose\"><figure class=\"cu-embed cu-component not-contained mx-auto max-w-5xl\"><div class=\"relative w-full pb-[56.25%] overflow-hidden border border-cu-black-100\"><iframe title=\"Videos Embed\" src=\"https:\/\/www.youtube.com\/embed\/X2cJWjc2UQM\" class=\"cu-embed-iframe\" allow=\"accelerometer; autoplay; clipboard-write; encrypted-media; gyroscope; picture-in-picture; web-share\" allowfullscreen><\/iframe><\/div><\/figure><\/div>\n\n\n\n<p>Jean-Fran\u00e7ois Lozier<\/p>\n\n\n\n<h4 id=\"biography\" class=\"wp-block-heading\">Biography:<\/h4>\n\n\n\n<p>Jean-Fran\u00e7ois Lozier is Curator of French North America at the Canadian Museum of History.&nbsp; His research focuses on intercultural relations and circulations in Early Canada.&nbsp; He is the author of the book <em>Flesh Reborn: The Saint Lawrence Valley Mission Settlements through the Seventeenth Century<\/em> and is working on another on the Franco-Haudenosaunee \u201cGreat Peace\u201d of 1667.<\/p>\n\n\n\n<h3 id=\"_____\" class=\"wp-block-heading\">_____<\/h3>\n\n\n\n<h3 id=\"november-14-2023-sanctuarys-unruly-subjects-dissidents-fugitives-and-exiles-in-post-civil-rights-america\" class=\"wp-block-heading\">November 14, 2023: <a href=\"https:\/\/carleton.ca\/history\/cu_event\/shannon-lecture-3-with-aimee-villarreal\/\">Sanctuary\u2019s Unruly Subjects: Dissidents, Fugitives, and Exiles in Post-Civil Rights America<\/a><\/h3>\n\n\n\n<div class=\"cu-section cu-section-5xl not-contained bg-white cu-prose\"><figure class=\"cu-embed cu-component not-contained mx-auto max-w-5xl\"><div class=\"relative w-full pb-[56.25%] overflow-hidden border border-cu-black-100\"><iframe title=\"Videos Embed\" src=\"https:\/\/www.youtube.com\/embed\/zJJXD1BISWE\" class=\"cu-embed-iframe\" allow=\"accelerometer; autoplay; clipboard-write; encrypted-media; gyroscope; picture-in-picture; web-share\" allowfullscreen><\/iframe><\/div><\/figure><\/div>\n\n\n\n<p>Aimee Villarreal<\/p>\n\n\n\n<h4 id=\"biography\" class=\"wp-block-heading\">Biography:<\/h4>\n\n\n\n<p>Aimee M. Villarreal is an assistant professor of anthropology at Texas State University. As a Chicana with roots in New Mexico and Texas, she descends from farmworkers, faith healers, educators, and community workers whose collective spirit she brings to her teaching, scholarship, and creative projects. Her interdisciplinary work focuses on sanctuary practices, movements, and other radical acts of <em>rebeld\u00eda<\/em>&nbsp;for social justice, equity, and sustainable futures in the US-Mexico borderlands. Villarreal was part of the creative team that made the award-winning documentary animation,&nbsp;<a href=\"https:\/\/can01.safelinks.protection.outlook.com\/?url=https%3A%2F%2Fvimeo.com%2F75840615&amp;data=05%7C01%7CSteveSchwinghamer%40cmail.carleton.ca%7Cdc48cfc14a7f4a14886e08dba01147ad%7C6ad91895de06485ebc51fce126cc8530%7C0%7C0%7C638279768304643060%7CUnknown%7CTWFpbGZsb3d8eyJWIjoiMC4wLjAwMDAiLCJQIjoiV2luMzIiLCJBTiI6Ik1haWwiLCJXVCI6Mn0%3D%7C3000%7C%7C%7C&amp;sdata=ARh2sthpEDE45WiMYSytCsXwXIkNVM5TY%2BZzLdXNEhM%3D&amp;reserved=0\"><em>Frontera! Revolt and Rebellion on the R\u00edo Grande&nbsp;<\/em><\/a>(2014). Her forthcoming book&nbsp;<em>Sanctuaryscapes in the New Mexico Borderlands: Movements and Revivals Across the Secular-Religious Divide <\/em>(2024)<em>,<\/em>&nbsp;tells time-traveling stories about how people form bonds of solidarity, protection, and care in moments of social and political crisis.<\/p>\n\n\n\n<h3 id=\"_____\" class=\"wp-block-heading\">_____<\/h3>\n\n\n\n<h3 id=\"november-27-2023-follow-the-north-star-to-canada-draft-resisters-and-the-underground-railroad\" class=\"wp-block-heading\">November 27, 2023: <a href=\"https:\/\/carleton.ca\/history\/cu_event\/shannon-lecture-4-with-wendell-adjetey\/\">&#8216;Follow the North Star to Canada&#8217;: Draft Resisters and the Underground Railroad<\/a><\/h3>\n\n\n\n<div class=\"cu-section cu-section-5xl not-contained bg-white cu-prose\"><figure class=\"cu-embed cu-component not-contained mx-auto max-w-5xl\"><div class=\"relative w-full pb-[56.25%] overflow-hidden border border-cu-black-100\"><iframe title=\"Videos Embed\" src=\"https:\/\/www.youtube.com\/embed\/iEXDaq-a9lI\" class=\"cu-embed-iframe\" allow=\"accelerometer; autoplay; clipboard-write; encrypted-media; gyroscope; picture-in-picture; web-share\" allowfullscreen><\/iframe><\/div><\/figure><\/div>\n\n\n\n<p>Wendell Nii Laryea Adjetey<\/p>\n\n\n\n<h4 id=\"biography\" class=\"wp-block-heading\">Biography:<\/h4>\n\n\n\n<p>Wendell Nii Laryea Adjetey (<em>Nii Laryea Osabu I, Atr\u00e9kor Oblahii k\u00e8 Oblay\u00e9\u00e9 Mants\u00e8<\/em>) is William Dawson Chair and Assistant Professor of post-Reconstruction U.S. and African Diaspora history at McGill University. Author of <em>Cross-Border Cosmopolitans: The Making of a Pan-African North America<\/em>&nbsp;(UNC Press, 2023), Dr. Adjetey is the recipient of McGill&#8217;s H. Noel Fieldhouse Award for Distinguished Teaching, and the Principal&#8217;s Prize for Excellence in Teaching.<\/p>\n","protected":false},"excerpt":{"rendered":"<p>Shannon Lectures, Fall 2023 Convenor: Professor Laura Madokoro, Department of History, Carleton University. Rewriting Refuge There are in Canada, as in other countries, many stories about refuge. Some of this history has been used to create powerful nation-building myths, which in turn have facilitated the inclusion of some and the exclusion of others. This edition [&hellip;]<\/p>\n","protected":false},"author":2,"featured_media":0,"parent":0,"menu_order":0,"comment_status":"closed","ping_status":"closed","template":"","meta":{"_acf_changed":false,"_cu_dining_location_slug":"","footnotes":"","_links_to":"","_links_to_target":""},"cu_page_type":[303],"class_list":["post-23583","page","type-page","status-publish","hentry","cu_page_type-general"],"acf":{"cu_post_thumbnail":false},"_links":{"self":[{"href":"https:\/\/carleton.ca\/history\/wp-json\/wp\/v2\/pages\/23583","targetHints":{"allow":["GET"]}}],"collection":[{"href":"https:\/\/carleton.ca\/history\/wp-json\/wp\/v2\/pages"}],"about":[{"href":"https:\/\/carleton.ca\/history\/wp-json\/wp\/v2\/types\/page"}],"author":[{"embeddable":true,"href":"https:\/\/carleton.ca\/history\/wp-json\/wp\/v2\/users\/2"}],"replies":[{"embeddable":true,"href":"https:\/\/carleton.ca\/history\/wp-json\/wp\/v2\/comments?post=23583"}],"version-history":[{"count":5,"href":"https:\/\/carleton.ca\/history\/wp-json\/wp\/v2\/pages\/23583\/revisions"}],"predecessor-version":[{"id":24620,"href":"https:\/\/carleton.ca\/history\/wp-json\/wp\/v2\/pages\/23583\/revisions\/24620"}],"wp:attachment":[{"href":"https:\/\/carleton.ca\/history\/wp-json\/wp\/v2\/media?parent=23583"}],"wp:term":[{"taxonomy":"cu_page_type","embeddable":true,"href":"https:\/\/carleton.ca\/history\/wp-json\/wp\/v2\/cu_page_type?post=23583"}],"curies":[{"name":"wp","href":"https:\/\/api.w.org\/{rel}","templated":true}]}}