{"id":26739,"date":"2025-05-12T10:37:08","date_gmt":"2025-05-12T14:37:08","guid":{"rendered":"https:\/\/carleton.ca\/history\/?page_id=26739"},"modified":"2026-03-25T16:13:46","modified_gmt":"2026-03-25T20:13:46","slug":"hist-3113-society-and-revolution-in-france-1789-1799","status":"publish","type":"page","link":"https:\/\/carleton.ca\/history\/hist-3113-society-and-revolution-in-france-1789-1799\/","title":{"rendered":"HIST 3113: Society and Revolution in France, 1789-1799"},"content":{"rendered":"\n<section class=\"w-screen px-6 cu-section cu-section--white ml-offset-center md:px-8 lg:px-14\">\n    <div class=\"space-y-6 cu-max-w-child-5xl  md:space-y-10 cu-prose-first-last\">\n\n            <div class=\"cu-textmedia flex flex-col lg:flex-row mx-auto gap-6 md:gap-10 my-6 md:my-12 first:mt-0 max-w-5xl\">\n        <div class=\"justify-start cu-textmedia-content cu-prose-first-last\" style=\"flex: 0 0 100%;\">\n            <header class=\"font-light prose-xl cu-pageheader md:prose-2xl cu-component-updated cu-prose-first-last\">\n                                    <h1 class=\"cu-prose-first-last font-semibold !mt-2 mb-4 md:mb-6 relative after:absolute after:h-px after:bottom-0 after:bg-cu-red after:left-px text-3xl md:text-4xl lg:text-5xl lg:leading-[3.5rem] pb-5 after:w-10 text-cu-black-700 not-prose\">\n                        HIST 3113: Society and Revolution in France, 1789-1799\n                    <\/h1>\n                \n                                \n                            <\/header>\n\n                    <\/div>\n\n            <\/div>\n\n    <\/div>\n<\/section>\n\n\n\n<p><strong>HIST 3113: Society and Revolution in France, 1789-1799<br>Winter Term 2026<\/strong><\/p>\n\n\n\n<p><strong>Instructor:<\/strong> <a href=\"https:\/\/carleton.ca\/history\/cu-people\/roderick-phillips\/\">Professor Rod Phillips<\/a><\/p>\n\n\n\n<p><strong>Scope of the course<\/strong><\/p>\n\n\n\n<p>The French Revolution was not only central to the history of France and Europe but had impacts on the wider world. Its legacy includes images such as the guillotine, institutions such as the metric system, terms such as \u2018Terror\u2019, and the notions of \u2018Left\u2019 and \u2018Right\u2019 on the political spectrum. Some of the individuals associated with the Revolution are household names: Marie-Antoinette, Robespierre, Napoleon. In France, the Revolution is ever-present in the form of the national flag, the national day (Bastille Day, 14 July), the phrase \u2018Libert\u00e9 Egalit\u00e9 Fraternit\u00e9\u2019 (\u2018Liberty Equality Fraternity\u2019) on all public buildings, and the national anthem, <em>La Marseillaise<\/em>.&nbsp;&nbsp;&nbsp;<\/p>\n\n\n\n<figure class=\"wp-block-image alignleft size-full\"><img loading=\"lazy\" decoding=\"async\" width=\"306\" height=\"165\" src=\"https:\/\/carleton.ca\/history\/wp-content\/uploads\/sites\/71\/2025\/05\/image-2.jpeg\" alt=\"close up of a wall with a camera on it and the phrase \u2018Libert\u00e9 Egalit\u00e9 Fraternit\u00e9\u2019\" class=\"wp-image-26742\"\/><\/figure>\n\n\n\n<p>The dominant image of the French Revolution in the popular imagination is violence \u2013 think of the guillotine, the Terror, the European wars, the executions of Louis XVI and Marie-Antoinette, and Charles Dickens\u2019s <em>A Tale of Two Cities<\/em>. But that is only one of its dimensions. It was also a period when institutions of all kinds \u2013 political, legal, social, cultural, religious, and military \u2013 were fundamentally and often peacefully reformed.&nbsp;<\/p>\n\n\n\n<p>Some reforms are well known, such as the abolition of the monarchy, but other achievements of the French Revolution are not. It abolished slavery in France\u2019s colonies. It gave civil rights to Jews and Muslims. It separated Church and State for the first time in Europe. It reformed family law, giving women and men equality in inheritance, secularizing marriage, and permitting divorce for the first time in France. It criminalized violence against women. It decriminalized homosexuality. It created the first mass citizen-army. It began social welfare and pension schemes. It began to make education available to all. Reforms such as these affected all aspects of society, culture, and the economy in France and in many other parts of Europe.<\/p>\n\n\n\n<figure class=\"wp-block-image alignright size-full\"><img loading=\"lazy\" decoding=\"async\" width=\"767\" height=\"555\" src=\"https:\/\/carleton.ca\/history\/wp-content\/uploads\/sites\/71\/2025\/05\/image-1.png\" alt=\"artwork titled Le Divorce with a couple fighting over custody of a child in front of a judge\" class=\"wp-image-26743\" srcset=\"https:\/\/carleton.ca\/history\/wp-content\/uploads\/sites\/71\/2025\/05\/image-1.png 767w, https:\/\/carleton.ca\/history\/wp-content\/uploads\/sites\/71\/2025\/05\/image-1-512x370.png 512w, https:\/\/carleton.ca\/history\/wp-content\/uploads\/sites\/71\/2025\/05\/image-1-320x232.png 320w\" sizes=\"auto, (max-width: 767px) 100vw, 767px\" \/><\/figure>\n\n\n\n<p>The French Revolution is the most-studied decade in world history and there is a wealth of information in many languages on almost every aspect of it.&nbsp; We can\u2019t possibly cover everything in this course, and instead we will focus on a number of topics under the general heading of \u2018reforms\u2019.&nbsp; Topics will include building a nation, women\u2019s rights, religions, the family, education, food security, and poverty.<\/p>\n\n\n\n<p>In each case we will ask four questions: what was its status before the Revolution? How did the Revolutionaries view it? What did they do about it?&nbsp; What were the results?&nbsp; When we look at women\u2019s rights, for example, we will examine the status of women in France before the Revolution, the debates on and by women from 1789, the emergence of a women\u2019s rights movement, laws and policies affecting women, and the overall effects of the Revolution on women.<\/p>\n\n\n\n<figure class=\"wp-block-image alignleft size-full\"><img loading=\"lazy\" decoding=\"async\" width=\"469\" height=\"263\" src=\"https:\/\/carleton.ca\/history\/wp-content\/uploads\/sites\/71\/2025\/05\/image-2.png\" alt=\"artwork of women in pastel dresses carrying spears and going into war\n\" class=\"wp-image-26744\" srcset=\"https:\/\/carleton.ca\/history\/wp-content\/uploads\/sites\/71\/2025\/05\/image-2.png 469w, https:\/\/carleton.ca\/history\/wp-content\/uploads\/sites\/71\/2025\/05\/image-2-320x179.png 320w\" sizes=\"auto, (max-width: 469px) 100vw, 469px\" \/><\/figure>\n\n\n\n<p>The aim of the course is to give us a sense of how comprehensive and radical the Revolution attempted to be. It was not simply a matter of replacing one political system with another, but of transforming social relationships \u2013 what the Revolutionaries called \u2018regeneration\u2019. A regenerated France would be a nation of free citizens (Liberty) who enjoyed equal rights (Equality) and worked together to create a new society (Fraternity).&nbsp; As we will see, many of these aspirations failed \u2013 sometimes because they were unrealistically ambitious, sometimes because they were thwarted or annulled by the regimes of Napoleon and the restored monarchy that followed the Revolution. But they were intrinsic to the exciting revolutionary project that began in 1789.<\/p>\n\n\n\n<p><strong>Course format<\/strong><\/p>\n\n\n\n<p>This lecture course will meet in person once a week for three hours. There will be ample opportunity for discussions.<\/p>\n\n\n\n<p><strong>Aims of the course<\/strong><\/p>\n\n\n\n<p>While examining the course of the French Revolution, we will consider some of the questions historians and citizens confront today. How should we assess historical figures \u2013 in terms of their context or in terms of more recent values? Debates about removing statues and renaming places and institutions took place during the Revolution, when there was an attempt to remove all references to kings, nobles, saints, and other undesirables. Statues were torn down, and towns and streets were renamed. But then the Revolution experienced the same process, and we look at how it has been remembered, celebrated, and condemned. As we confront these questions we will engage with various media: printed texts, paintings, drawings, and sculptures.<\/p>\n\n\n\n<p><strong>Assessment<\/strong><\/p>\n\n\n\n<p>There will be one reading response, one essay, and a final (take-home) exam.&nbsp; All the readings for these assignments will be available on-line.<\/p>\n\n\n\n<p><strong>Textbook<\/strong><\/p>\n\n\n\n<p>To be decided<\/p>\n\n\n\n<p><strong>Questions<\/strong><\/p>\n\n\n\n<p>For more information, please contact me: <a href=\"mailto:roderick.phillips@carleton.ca\">roderick.phillips@carleton.ca<\/a><\/p>\n","protected":false},"excerpt":{"rendered":"<p>HIST 3113: Society and Revolution in France, 1789-1799Winter Term 2026 Instructor: Professor Rod Phillips Scope of the course The French Revolution was not only central to the history of France and Europe but had impacts on the wider world. Its legacy includes images such as the guillotine, institutions such as the metric system, terms such [&hellip;]<\/p>\n","protected":false},"author":212,"featured_media":0,"parent":0,"menu_order":0,"comment_status":"closed","ping_status":"closed","template":"","meta":{"_acf_changed":false,"_cu_dining_location_slug":"","footnotes":"","_links_to":"","_links_to_target":""},"cu_page_type":[216,213],"class_list":["post-26739","page","type-page","status-publish","hentry","cu_page_type-3000-level","cu_page_type-courses"],"acf":{"cu_post_thumbnail":""},"_links":{"self":[{"href":"https:\/\/carleton.ca\/history\/wp-json\/wp\/v2\/pages\/26739","targetHints":{"allow":["GET"]}}],"collection":[{"href":"https:\/\/carleton.ca\/history\/wp-json\/wp\/v2\/pages"}],"about":[{"href":"https:\/\/carleton.ca\/history\/wp-json\/wp\/v2\/types\/page"}],"author":[{"embeddable":true,"href":"https:\/\/carleton.ca\/history\/wp-json\/wp\/v2\/users\/212"}],"replies":[{"embeddable":true,"href":"https:\/\/carleton.ca\/history\/wp-json\/wp\/v2\/comments?post=26739"}],"version-history":[{"count":2,"href":"https:\/\/carleton.ca\/history\/wp-json\/wp\/v2\/pages\/26739\/revisions"}],"predecessor-version":[{"id":27495,"href":"https:\/\/carleton.ca\/history\/wp-json\/wp\/v2\/pages\/26739\/revisions\/27495"}],"wp:attachment":[{"href":"https:\/\/carleton.ca\/history\/wp-json\/wp\/v2\/media?parent=26739"}],"wp:term":[{"taxonomy":"cu_page_type","embeddable":true,"href":"https:\/\/carleton.ca\/history\/wp-json\/wp\/v2\/cu_page_type?post=26739"}],"curies":[{"name":"wp","href":"https:\/\/api.w.org\/{rel}","templated":true}]}}