{"id":36,"date":"2021-01-21T16:02:19","date_gmt":"2021-01-21T21:02:19","guid":{"rendered":"https:\/\/carleton.ca\/humour\/?page_id=36"},"modified":"2026-02-09T20:15:45","modified_gmt":"2026-02-10T01:15:45","slug":"comedie-club-soiree","status":"publish","type":"page","link":"https:\/\/carleton.ca\/humour\/comedie-club-soiree\/","title":{"rendered":"Com\u00e9die Clubs et Soir\u00e9es"},"content":{"rendered":"<h2>Com\u00e9die Clubs et Soir\u00e9es d\u2019humour au Qu\u00e9bec<\/h2>\n<ul>\n<li>InfoRire \u2013 Application pour trouver des spectacles et des soir\u00e9es d\u2019humour <a href=\"https:\/\/inforire.com\/fr\" target=\"_blank\" rel=\"noopener noreferrer\">site web<\/a><\/li>\n<li>RITA \u2013 R\u00e9pertoire des soir\u00e9es d\u2019humour <a href=\"https:\/\/www.instagram.com\/ritahumour\/\" target=\"_blank\" rel=\"noopener\">Instagram (Il n&#8217;y a plus de site web)<\/a><\/li>\n<li>Montr\u00e9al \u2013 Club Le Bordel, 312 rue Ontario Est<br \/>\n<a href=\"http:\/\/www.lebordel.ca\/\" target=\"_blank\" rel=\"noopener noreferrer\">site web<\/a>\u00a0\/\u00a0<a href=\"https:\/\/twitter.com\/bordelcomedie\" target=\"_blank\" rel=\"noopener noreferrer\">Tw@bordelcomedie<\/a><\/li>\n<li>Montr\u00e9al \u2013 Le Terminal Com\u00e9die Club, 1875 avenue du Mont-Royal Est<br \/>\n<a href=\"http:\/\/www.leterminalcomedieclub.com\/\" target=\"_blank\" rel=\"noopener noreferrer\">site web<\/a>\u00a0\/\u00a0<a href=\"https:\/\/facebook.com\/terminalcomedieclub\" target=\"_blank\" rel=\"noopener noreferrer\">Facebook<\/a>\u00a0\/ Tw@- \/\u00a0<a href=\"https:\/\/www.instagram.com\/Terminalcomedieclub\" target=\"_blank\" rel=\"noopener noreferrer\">Instagram<\/a><\/li>\n<li>Qu\u00e9bec \u2013 Com\u00e9diHa! Club, 2360 Chemin Ste-Foy<br \/>\n<a href=\"https:\/\/comedihaclub.com\/\" target=\"_blank\" rel=\"noopener noreferrer\">site web<\/a> \/\u00a0<a href=\"https:\/\/www.facebook.com\/comedihaclubofficiel\" target=\"_blank\" rel=\"noopener noreferrer\">Facebook<\/a>\u00a0\/ <a href=\"https:\/\/www.instagram.com\/lesaintjeancomedieclub\/\" target=\"_blank\" rel=\"noopener noreferrer\">Instagram<\/a><\/li>\n<li>Qu\u00e9bec \u2013 Le Saint-Jean Com\u00e9die Club, 774 rue Saint-Jean<br \/>\n<a href=\"https:\/\/lesaintjean.ca\/\" target=\"_blank\" rel=\"noopener noreferrer\">site web<\/a>\u00a0\/\u00a0<a href=\"https:\/\/www.facebook.com\/lesaintjeancomedieclub\" target=\"_blank\" rel=\"noopener noreferrer\">Facebook<\/a>\u00a0\/ <a href=\"https:\/\/www.instagram.com\/comedihaclub\/\" target=\"_blank\" rel=\"noopener noreferrer\">Instagram<\/a><\/li>\n<li>Liste r\u00e9sumant les soir\u00e9es d\u2019humour\u00a0<a href=\"http:\/\/www\/\" target=\"_blank\" rel=\"noopener noreferrer\">liste \u00e0 venir<\/a><\/li>\n<li>Montr\u00e9al \u2013 Humour et improvisation (liste de soir\u00e9es)\u00a0<a href=\"https:\/\/fr-ca.facebook.com\/Humour-et-Improvisation-%C3%A0-Montr%C3%A9al-890024527712807\/\" target=\"_blank\" rel=\"noopener noreferrer\">Facebook<\/a><\/li>\n<\/ul>\n<ul>\n<li>Montr\u00e9al \u2013 Antidote Bouffe V\u00e9gane, soir\u00e9e Humour Bouffe V\u00e9gane (mercredi)\u00a0<a href=\"https:\/\/fr-ca.facebook.com\/goantidote\/%E2%80%9C%20target=\" rel=\"noopener noreferrer\">Facebook<\/a><\/li>\n<li>Montr\u00e9al \u2013 Art Loft, soir\u00e9e Comedy at the Art Loft (bilingue) (vendredi)\u00a0<a href=\"https:\/\/fr-ca.facebook.com\/comedyattheartloft\/\" target=\"_blank\" rel=\"noopener noreferrer\">Facebook<\/a><\/li>\n<li>Montr\u00e9al \u2013 Bar Aux Trois devins, soir\u00e9e L\u2019humour aux Trois devins (suspendu)\u00a0<a href=\"https:\/\/fr-ca.facebook.com\/LHumourAuxTroisDevins\/\" target=\"_blank\" rel=\"noopener noreferrer\">Facebook<\/a><\/li>\n<li>Montr\u00e9al \u2013 Bar Backstage, soir\u00e9e d\u2019humour La Confiserie (dimanche)\u00a0<a href=\"https:\/\/fr-ca.facebook.com\/events\/1790398074551013\/\" target=\"_blank\" rel=\"noopener noreferrer\">Facebook<\/a><\/li>\n<li>Montr\u00e9al \u2013 Bar Benelux, soir\u00e9e Les funny lundi (lundi)\u00a0<a href=\"https:\/\/www.facebook.com\/lesfunnylundisaubenelux\/\" target=\"_blank\" rel=\"noopener noreferrer\">Facebook<\/a><\/li>\n<li>Montr\u00e9al \u2013 Bar Bootlegger L\u2019Authentique, soir\u00e9e Boot Comedie (dimanche)\u00a0<a href=\"https:\/\/www.facebook.com\/BootComedie\/\" target=\"_blank\" rel=\"noopener noreferrer\">Facebook<\/a><\/li>\n<li>Montr\u00e9al \u2013 Bar Brutus, soir\u00e9e Beau mardis d\u2019humour (mardi ?)\u00a0<a href=\"https:\/\/fr-ca.facebook.com\/events\/390283784662605\/\" target=\"_blank\" rel=\"noopener noreferrer\">Facebook<\/a><\/li>\n<li>Montr\u00e9al \u2013 Bar Chez Lozeau, soir\u00e9e Spotlight (mardi ?)\u00a0<a href=\"https:\/\/www.facebook.com\/Samediderire\/\" target=\"_blank\" rel=\"noopener noreferrer\">Facebook<\/a><\/li>\n<li>Montr\u00e9al \u2013 Bar Chez Lozeau, soir\u00e9e Samedi de rire (samedi)\u00a0<a href=\"https:\/\/www.facebook.com\/Samediderire\/\" target=\"_blank\" rel=\"noopener noreferrer\">Facebook<\/a><\/li>\n<li>Montr\u00e9al \u2013 Bar Don B Comber, soir\u00e9e Les mardis \u00e0 Nanas et Humour (mardi ?)\u00a0<a href=\"https:\/\/fr-ca.facebook.com\/pg\/donbcomber\/\" target=\"_blank\" rel=\"noopener noreferrer\">Facebook<\/a><\/li>\n<li>Montr\u00e9al \u2013 Bar L\u2019Abreuvoir, soir\u00e9e Les mercredis 100% humour (mercredi)\u00a0<a href=\"http:\/\/www.abreuvoir.ca\/mercredis-100-humour\/\" target=\"_blank\" rel=\"noopener noreferrer\">site web<\/a><\/li>\n<li>Montr\u00e9al \u2013 Bar L\u2019H\u00e9misph\u00e8re gauche, soir\u00e9e (?)\u00a0<a href=\"http:\/\/www.hemispheregauche.com\/\" target=\"_blank\" rel=\"noopener noreferrer\">site web<\/a><\/li>\n<li>Montr\u00e9al \u2013 Bar La Distillerie no 3, soir\u00e9e Les Mardis Distille\u2019Rit (mardi)\u00a0<a href=\"https:\/\/fr-ca.facebook.com\/events\/1642573725794993\/\" target=\"_blank\" rel=\"noopener noreferrer\">Facebook<\/a><\/li>\n<li>Montr\u00e9al \u2013 Bar le Champlain, soir\u00e9e T\u00e9treault dr\u00f4le (dimanche)\u00a0<a href=\"http:\/\/www.barlechamplain.ca\/\" target=\"_blank\" rel=\"noopener noreferrer\">site web<\/a><\/li>\n<li>Montr\u00e9al \u2013 Bar le Jockey, soir\u00e9e Les lundis de l\u2019humour (lundi)\u00a0<a href=\"https:\/\/fr-ca.facebook.com\/LesLundisDeLhumour\/\" target=\"_blank\" rel=\"noopener noreferrer\">Facebook<\/a><\/li>\n<li>Montr\u00e9al \u2013 Bar Le plan de match, Soir\u00e9e Dr\u00f4le de plan de match (mercredi)\u00a0<a href=\"https:\/\/www.facebook.com\/Droledeplandematch\/\" target=\"_blank\" rel=\"noopener noreferrer\">Facebook<\/a><\/li>\n<li>Montr\u00e9al \u2013 Bar Le Terminal, soir\u00e9e les Jeudis stand-up (jeudi)\u00a0<a href=\"http:\/\/barterminal.com\/\" target=\"_blank\" rel=\"noopener noreferrer\">site web<\/a><\/li>\n<li>Montr\u00e9al \u2013 Bar Le Vestiaire, soir\u00e9e Open mic Cabine d\u2019essayage (mardi)\u00a0<a href=\"https:\/\/www.facebook.com\/cabinedessayage\/\" target=\"_blank\" rel=\"noopener noreferrer\">Facebook<\/a><\/li>\n<li>Montr\u00e9al \u2013 Bar Medley Simple Malt, soir\u00e9e Mononcles et Moqueries (mercredi)\u00a0<a href=\"http:\/\/medleysimplemalt.com\/\" target=\"_blank\" rel=\"noopener noreferrer\">site web<\/a><\/li>\n<li>Montr\u00e9al \u2013 Bar Saint-Houblon, soir\u00e9e Mercredi rires garantis (mercredi)\u00a0<a href=\"https:\/\/www.facebook.com\/lesmercredisriresgarantis\/\" target=\"_blank\" rel=\"noopener noreferrer\">Facebook<\/a><\/li>\n<li>Montr\u00e9al \u2013 Bar UQAM, soir\u00e9e Les mardis Merci la vie (mardi)\u00a0<a href=\"https:\/\/www.facebook.com\/mardismercilavie\/\" target=\"_blank\" rel=\"noopener noreferrer\">Facebook<\/a><\/li>\n<li>Montr\u00e9al \u2013 Baron Samedi Bar, soir\u00e9e Les lundis du rire (suspendu ?)\u00a0<a href=\"https:\/\/www.facebook.com\/events\/1129485373743199\" target=\"_blank\" rel=\"noopener noreferrer\">Facebook<\/a><\/li>\n<li>Montr\u00e9al \u2013 Bistro Le Ste-Cath, soir\u00e9e Les Soir\u00e9es marrantes (samedi)\u00a0<a href=\"https:\/\/www.facebook.com\/Les-Soir%C3%A9es-Marrantes-137138192989065\/\" target=\"_blank\" rel=\"noopener noreferrer\">Facebook<\/a><\/li>\n<li>Montr\u00e9al \u2013 Bistro Mousse Caf\u00e9, soir\u00e9e Dr\u00f4le de mic (open mic) (jeudi ?)\u00a0<a href=\"https:\/\/fr-ca.facebook.com\/Bistro-Mousse-Caf%C3%A9-196083127085058\/\" target=\"_blank\" rel=\"noopener noreferrer\">Facebook<\/a><\/li>\n<li>Montr\u00e9al \u2013 Bistro Pub Major Tom, soir\u00e9e Les lundi de l\u2019humour sauvage (lundi)\u00a0<a href=\"https:\/\/www.facebook.com\/lundishumoursauvage\/\" target=\"_blank\" rel=\"noopener noreferrer\">Facebook<\/a><\/li>\n<li>Montr\u00e9al \u2013 Brasserie des Patriotes, soir\u00e9e HoMa fait rire (vendredi)\u00a0<a href=\"https:\/\/fr-ca.facebook.com\/VendredisHoma\/\" target=\"_blank\" rel=\"noopener noreferrer\">Facebook<\/a><\/li>\n<li>Montr\u00e9al \u2013 Broue Pub Brouhaha (Ahuntsic), soir\u00e9e Mardi de l\u2019humour (mardi)\u00a0<a href=\"http:\/\/www.brouepubbrouhaha.com\/events-news-ahuntsic\" target=\"_blank\" rel=\"noopener noreferrer\">site web<\/a>\u00a0\/\u00a0<a href=\"https:\/\/www.facebook.com\/humourbrouhahaahuntsic\/\" target=\"_blank\" rel=\"noopener noreferrer\">Facebook<\/a><\/li>\n<li>Montr\u00e9al \u2013 Broue Pub Brouhaha (Rosemont), soir\u00e9e Jeudi de l\u2019humour (jeudi)\u00a0<a href=\"http:\/\/www.brouepubbrouhaha.com\/events-news-rosemont\" target=\"_blank\" rel=\"noopener noreferrer\">site web<\/a>\u00a0\/\u00a0<a href=\"https:\/\/www.facebook.com\/humourbrouhaha\/\" target=\"_blank\" rel=\"noopener noreferrer\">Facebook<\/a><\/li>\n<li>Montr\u00e9al \u2013 Comedy Nest, Soir\u00e9e (en anglais) (tous ?)\u00a0<a href=\"http:\/\/www.comedynest.com\/\" target=\"_blank\" rel=\"noopener noreferrer\">site web<\/a><\/li>\n<li>Montr\u00e9al \u2013 Comedyworks, Soir\u00e9e Les Mercredis en fran\u00e7ais (mercredi)\u00a0<a href=\"https:\/\/www.facebook.com\/HumourComedyworksFrancais\/\" target=\"_blank\" rel=\"noopener noreferrer\">Facebook<\/a><\/li>\n<li>Montr\u00e9al \u2013 L\u2019Escogriffe Bar Spectacle, soir\u00e9e Le pas tard show (mardi)\u00a0<a href=\"https:\/\/carleton.ca\/www.facebook.com\/lepastardshow\/\" target=\"_blank\" rel=\"noopener noreferrer\">Facebook<\/a><\/li>\n<li>Montr\u00e9al \u2013 Le Sporting Club, soir\u00e9e La soir\u00e9e du si\u00e8cle (jeudi)\u00a0<a href=\"https:\/\/carleton.ca\/www.facebook.com\/lasoireedusiecle\/\" target=\"_blank\" rel=\"noopener noreferrer\">Facebook<\/a><\/li>\n<li>Montr\u00e9al \u2013 Lobby Bar, soir\u00e9e Les p\u2019tits mardis de l\u2019humour (?)\u00a0<a href=\"http:\/\/www.lobbybar.ca\/humour-a-montreal\/\" target=\"_blank\" rel=\"noopener noreferrer\">site web<\/a><\/li>\n<li>Montr\u00e9al \u2013 Loup blond, soir\u00e9e Gags a Shlag (jeudi)\u00a0<a href=\"https:\/\/carleton.ca\/www.facebook.com\/gagsashlag\/\" target=\"_blank\" rel=\"noopener noreferrer\">Facebook<\/a><\/li>\n<li>Montr\u00e9al \u2013 Pub St-Elizabeth, soir\u00e9e Lundi On fait l\u2019humour (lundi)\u00a0<a href=\"https:\/\/carleton.ca\/www.facebook.com\/onfaitlhumour\/\" target=\"_blank\" rel=\"noopener noreferrer\">Facebook<\/a><\/li>\n<li>Montr\u00e9al \u2013 Pub West Shefford, soir\u00e9e Les mardis de l\u2019humour au West Shefford (mardi)\u00a0<a href=\"https:\/\/www.facebook.com\/westshefford\/\" target=\"_blank\" rel=\"noopener noreferrer\">Facebook<\/a><\/li>\n<li>Montr\u00e9al \u2013 Pub Yiss, soir\u00e9e d\u2019humour La Confiserie (dimanche)\u00a0<a href=\"https:\/\/www.facebook.com\/SoireelaConfiserie\/\" target=\"_blank\" rel=\"noopener noreferrer\">Facebook<\/a><\/li>\n<li>Montr\u00e9al \u2013 Resto-bar Coin du Metro, soir\u00e9e Awaille dans ton coin (mercredi)\u00a0<a href=\"https:\/\/www.facebook.com\/AWailledanstoncoin\/\" target=\"_blank\" rel=\"noopener noreferrer\">Facebook<\/a><\/li>\n<li>Montr\u00e9al \u2013 Taverne Jarry, soir\u00e9e Je ris, donc je suis (mercredi)\u00a0<a href=\"https:\/\/fr-ca.facebook.com\/doncjesuis\/\" target=\"_blank\" rel=\"noopener noreferrer\">Facebook<\/a><\/li>\n<li>Laval \u2013 Cabaret Apollon, soir\u00e9e On fait l\u2019humour (mercredi ?)\u00a0<a href=\"http:\/\/cabaretapollon.electrostub.com\/event.cfm?id=188042\" target=\"_blank\" rel=\"noopener noreferrer\">site web<\/a>\u00a0\/\u00a0<a href=\"https:\/\/carleton.ca\/www.facebook.com\/onfaitlhumour\/\" target=\"_blank\" rel=\"noopener noreferrer\">Facebook<\/a><\/li>\n<li>Laval \u2013 Le Poutine Bar, soir\u00e9e 450 Comedy Club (mercredi)\u00a0<a href=\"https:\/\/lepoutinebar.com\/\" target=\"_blank\" rel=\"noopener noreferrer\">site web<\/a>\u00a0\/\u00a0<a href=\"https:\/\/carleton.ca\/www.facebook.com\/450comedyclub\/\" target=\"_blank\" rel=\"noopener noreferrer\">Facebook<\/a><\/li>\n<li>Longueuil \u2013 Bungalow Bar Salon, soir\u00e9e Mardi du rire (mardi)\u00a0<a href=\"https:\/\/www.facebook.com\/lesmardisdurire\/\" target=\"_blank\" rel=\"noopener noreferrer\">Facebook<\/a><\/li>\n<li>Beloeil \u2013 Brasseurs du moulin, soir\u00e9e Humour du moulin (mardi)\u00a0<a href=\"https:\/\/fr-ca.facebook.com\/humourdumoulin\/\" target=\"_blank\" rel=\"noopener noreferrer\">site web<\/a><\/li>\n<li>Saint-Jean-sur-Richelieu \u2013 La boite, soir\u00e9e La Boite en humour (jeudi?\u00a0<a href=\"http:\/\/laboitestjean.com\/\" target=\"_blank\" rel=\"noopener noreferrer\">site web<\/a><\/li>\n<li>Saint-Jean-sur-Richelieu \u2013 Bar Lagabi\u00e8re, soir\u00e9e Le Lagablague (?)\u00a0<a href=\"http:\/\/lagabiere.com\/\" target=\"_blank\" rel=\"noopener noreferrer\">site web<\/a><\/li>\n<li>Saint-Lazare \u2013 Bar Chez Maurice, soir\u00e9e L\u2019humour au Bar Chez Maurice (jeudi)\u00a0<a href=\"http:\/\/www.barchezmaurice.qc.ca\/0-francais\/01_spectacles_F\/humour_F.html\" target=\"_blank\" rel=\"noopener noreferrer\">site web<\/a><\/li>\n<li>Qu\u00e9bec \u2013 Bar Rideau Rouge, soir\u00e9e Dr\u00f4les de mercredis (?)\u00a0<a href=\"https:\/\/www.rideaurouge.ca\/\" target=\"_blank\" rel=\"noopener noreferrer\">site web<\/a><\/li>\n<li>Qu\u00e9bec \u2013 L\u2019Anti Bar et spectacles, soir\u00e9e Lundi de l\u2019Anti (?)\u00a0<a href=\"https:\/\/lanti.ca\/\" target=\"_blank\" rel=\"noopener noreferrer\">site web<\/a><\/li>\n<li>Rimouski &amp; Amqui, soir\u00e9e Microbrasseries<\/li>\n<li>Magog \u2013 Bar le Magog, soir\u00e9e Lundi du d\u00e9lire (?)\u00a0<a href=\"http:\/\/ici.radio-canada.ca\/nouvelle\/1075637\/campagne-sociofinancement-bar-le-magog-sherbrooke\" target=\"_blank\" rel=\"noopener noreferrer\">? Article incendie<\/a><\/li>\n<li>Gatineau \u2013 Bar Mardi Gras, soir\u00e9e Mercredis de l\u2019humour (mercredi)\u00a0<a href=\"http:\/\/www.mardigrasgatineau.com\/language\/fr\/\" target=\"_blank\" rel=\"noopener noreferrer\">site web<\/a><\/li>\n<\/ul>\n<h2>Com\u00e9die Clubs\u00a0English Canada anglophones<\/h2>\n<ul>\n<li>Absolute Comedy\u00a0<a href=\"http:\/\/www.absolutecomedy.ca\/\" target=\"_blank\" rel=\"noopener noreferrer\">website<\/a><br \/>\n(Ottawa, Toronto, Kingston)<\/li>\n<li>Comedy Mix\u00a0<a href=\"http:\/\/www.thecomedymix.com\/\" target=\"_blank\" rel=\"noopener noreferrer\">website<\/a><br \/>\n(Vancouver)<\/li>\n<li>Comic Nest\u00a0<a href=\"http:\/\/comedynest.com\/\" target=\"_blank\" rel=\"noopener noreferrer\">website<\/a><br \/>\n(Montreal)<\/li>\n<li>Comic Strip\u00a0<a href=\"http:\/\/www.thecomicstrip.ca\/\" target=\"_blank\" rel=\"noopener noreferrer\">website<\/a><br \/>\n(Edmonton)<\/li>\n<li>Hecklers Comedy\u00a0<a href=\"http:\/\/www.hecklersbarandgrill.com\/\" target=\"_blank\" rel=\"noopener noreferrer\">website<\/a><br \/>\n(Victoria)<\/li>\n<li>Laugh Shop Calgary\u00a0<a href=\"http:\/\/www.thelaughshopcalgary.com\/\" target=\"_blank\" rel=\"noopener noreferrer\">website<\/a><br \/>\n(Calgary)<\/li>\n<li>Rumors Comedy Club\u00a0<a href=\"http:\/\/www.rumorscomedyclub.com\/\" target=\"_blank\" rel=\"noopener noreferrer\">website<\/a><br \/>\n(Winnipeg)<\/li>\n<li>Yuk Yuks\u00a0<a href=\"http:\/\/www.yukyuks.com\/\" target=\"_blank\" rel=\"noopener noreferrer\">website<\/a><br \/>\n(Abbotsford, Burlington, Calgary, Edmonton, Halifax, London, Niagara Falls, Oshawa, Ottawa, Toronto, Vancouver, Vaughan)<\/li>\n<li><a href=\"http:\" target=\"_blank\" rel=\"noopener noreferrer\">website<\/a><\/li>\n<\/ul>\n<table border=\"0\" width=\"800\" cellspacing=\"0\" cellpadding=\"2\">\n<tbody>\n<tr class=\"DecreaseFontMore\" bgcolor=\"#cccccc\">\n<td>\u00a9\u00a0Francois Brouard &amp; GRIH, Tous droits r\u00e9serv\u00e9s \/ All rights reserved.<br \/>\nDerni\u00e8re mise-\u00e0-jour \/ Last update: February 9 f\u00e9vrier 2026<\/td>\n<\/tr>\n<\/tbody>\n<\/table>\n","protected":false},"excerpt":{"rendered":"<p>Com\u00e9die Clubs et Soir\u00e9es d\u2019humour au Qu\u00e9bec InfoRire \u2013 Application pour trouver des spectacles et des soir\u00e9es d\u2019humour site web RITA \u2013 R\u00e9pertoire des soir\u00e9es d\u2019humour Instagram (Il n&#8217;y a plus de site web) Montr\u00e9al \u2013 Club Le Bordel, 312 rue Ontario Est site web\u00a0\/\u00a0Tw@bordelcomedie Montr\u00e9al \u2013 Le Terminal Com\u00e9die Club, 1875 avenue du Mont-Royal [&hellip;]<\/p>\n","protected":false},"author":7,"featured_media":0,"parent":0,"menu_order":0,"comment_status":"closed","ping_status":"closed","template":"","meta":{"_relevanssi_hide_post":"","_relevanssi_hide_content":"","_relevanssi_pin_for_all":"","_relevanssi_pin_keywords":"","_relevanssi_unpin_keywords":"","_relevanssi_related_keywords":"","_relevanssi_related_include_ids":"","_relevanssi_related_exclude_ids":"","_relevanssi_related_no_append":"","_relevanssi_related_not_related":"","_relevanssi_related_posts":"","_relevanssi_noindex_reason":"","_mi_skip_tracking":false,"_exactmetrics_sitenote_active":false,"_exactmetrics_sitenote_note":"","_exactmetrics_sitenote_category":0,"_monsterinsights_sitenote_active":false,"_monsterinsights_sitenote_note":"","_monsterinsights_sitenote_category":0,"footnotes":"","_links_to":"","_links_to_target":""},"yoast_head":"<!-- This site is optimized with the Yoast SEO plugin v21.2 - https:\/\/yoast.com\/wordpress\/plugins\/seo\/ -->\n<title>Com\u00e9die Clubs et Soir\u00e9es - GRIH \u2013 Humour<\/title>\n<meta name=\"description\" content=\"Com\u00e9die Clubs et Soir\u00e9es d\u2019humour au Qu\u00e9bec InfoRire \u2013 Application pour trouver des spectacles et des soir\u00e9es d\u2019humour site web RITA \u2013 R\u00e9pertoire des\" \/>\n<meta name=\"robots\" content=\"index, follow, max-snippet:-1, max-image-preview:large, max-video-preview:-1\" \/>\n<link rel=\"canonical\" href=\"https:\/\/carleton.ca\/humour\/comedie-club-soiree\/\" \/>\n<meta name=\"twitter:label1\" content=\"Est. reading time\" \/>\n\t<meta name=\"twitter:data1\" content=\"4 minutes\" \/>\n<script type=\"application\/ld+json\" class=\"yoast-schema-graph\">{\"@context\":\"https:\/\/schema.org\",\"@graph\":[{\"@type\":\"WebPage\",\"@id\":\"https:\/\/carleton.ca\/humour\/comedie-club-soiree\/\",\"url\":\"https:\/\/carleton.ca\/humour\/comedie-club-soiree\/\",\"name\":\"Com\u00e9die Clubs et Soir\u00e9es - GRIH \u2013 Humour\",\"isPartOf\":{\"@id\":\"https:\/\/carleton.ca\/humour\/#website\"},\"datePublished\":\"2021-01-21T21:02:19+00:00\",\"dateModified\":\"2026-02-10T01:15:45+00:00\",\"description\":\"Com\u00e9die Clubs et Soir\u00e9es d\u2019humour au Qu\u00e9bec InfoRire \u2013 Application pour trouver des spectacles et des soir\u00e9es d\u2019humour site web RITA \u2013 R\u00e9pertoire des\",\"breadcrumb\":{\"@id\":\"https:\/\/carleton.ca\/humour\/comedie-club-soiree\/#breadcrumb\"},\"inLanguage\":\"en-US\",\"potentialAction\":[{\"@type\":\"ReadAction\",\"target\":[\"https:\/\/carleton.ca\/humour\/comedie-club-soiree\/\"]}]},{\"@type\":\"BreadcrumbList\",\"@id\":\"https:\/\/carleton.ca\/humour\/comedie-club-soiree\/#breadcrumb\",\"itemListElement\":[{\"@type\":\"ListItem\",\"position\":1,\"name\":\"Home\",\"item\":\"https:\/\/carleton.ca\/humour\/\"},{\"@type\":\"ListItem\",\"position\":2,\"name\":\"Com\u00e9die Clubs et Soir\u00e9es\"}]},{\"@type\":\"WebSite\",\"@id\":\"https:\/\/carleton.ca\/humour\/#website\",\"url\":\"https:\/\/carleton.ca\/humour\/\",\"name\":\"GRIH \u2013 Humour\",\"description\":\"Carleton University\",\"potentialAction\":[{\"@type\":\"SearchAction\",\"target\":{\"@type\":\"EntryPoint\",\"urlTemplate\":\"https:\/\/carleton.ca\/humour\/?s={search_term_string}\"},\"query-input\":\"required name=search_term_string\"}],\"inLanguage\":\"en-US\"}]}<\/script>\n<!-- \/ Yoast SEO plugin. -->","yoast_head_json":{"title":"Com\u00e9die Clubs et Soir\u00e9es - GRIH \u2013 Humour","description":"Com\u00e9die Clubs et Soir\u00e9es d\u2019humour au Qu\u00e9bec InfoRire \u2013 Application pour trouver des spectacles et des soir\u00e9es d\u2019humour site web RITA \u2013 R\u00e9pertoire des","robots":{"index":"index","follow":"follow","max-snippet":"max-snippet:-1","max-image-preview":"max-image-preview:large","max-video-preview":"max-video-preview:-1"},"canonical":"https:\/\/carleton.ca\/humour\/comedie-club-soiree\/","twitter_misc":{"Est. reading time":"4 minutes"},"schema":{"@context":"https:\/\/schema.org","@graph":[{"@type":"WebPage","@id":"https:\/\/carleton.ca\/humour\/comedie-club-soiree\/","url":"https:\/\/carleton.ca\/humour\/comedie-club-soiree\/","name":"Com\u00e9die Clubs et Soir\u00e9es - GRIH \u2013 Humour","isPartOf":{"@id":"https:\/\/carleton.ca\/humour\/#website"},"datePublished":"2021-01-21T21:02:19+00:00","dateModified":"2026-02-10T01:15:45+00:00","description":"Com\u00e9die Clubs et Soir\u00e9es d\u2019humour au Qu\u00e9bec InfoRire \u2013 Application pour trouver des spectacles et des soir\u00e9es d\u2019humour site web RITA \u2013 R\u00e9pertoire des","breadcrumb":{"@id":"https:\/\/carleton.ca\/humour\/comedie-club-soiree\/#breadcrumb"},"inLanguage":"en-US","potentialAction":[{"@type":"ReadAction","target":["https:\/\/carleton.ca\/humour\/comedie-club-soiree\/"]}]},{"@type":"BreadcrumbList","@id":"https:\/\/carleton.ca\/humour\/comedie-club-soiree\/#breadcrumb","itemListElement":[{"@type":"ListItem","position":1,"name":"Home","item":"https:\/\/carleton.ca\/humour\/"},{"@type":"ListItem","position":2,"name":"Com\u00e9die Clubs et Soir\u00e9es"}]},{"@type":"WebSite","@id":"https:\/\/carleton.ca\/humour\/#website","url":"https:\/\/carleton.ca\/humour\/","name":"GRIH \u2013 Humour","description":"Carleton University","potentialAction":[{"@type":"SearchAction","target":{"@type":"EntryPoint","urlTemplate":"https:\/\/carleton.ca\/humour\/?s={search_term_string}"},"query-input":"required name=search_term_string"}],"inLanguage":"en-US"}]}},"acf":{"banner_image_type":"none","banner_button":"no"},"_links":{"self":[{"href":"https:\/\/carleton.ca\/humour\/wp-json\/wp\/v2\/pages\/36"}],"collection":[{"href":"https:\/\/carleton.ca\/humour\/wp-json\/wp\/v2\/pages"}],"about":[{"href":"https:\/\/carleton.ca\/humour\/wp-json\/wp\/v2\/types\/page"}],"author":[{"embeddable":true,"href":"https:\/\/carleton.ca\/humour\/wp-json\/wp\/v2\/users\/7"}],"replies":[{"embeddable":true,"href":"https:\/\/carleton.ca\/humour\/wp-json\/wp\/v2\/comments?post=36"}],"version-history":[{"count":3,"href":"https:\/\/carleton.ca\/humour\/wp-json\/wp\/v2\/pages\/36\/revisions"}],"predecessor-version":[{"id":514,"href":"https:\/\/carleton.ca\/humour\/wp-json\/wp\/v2\/pages\/36\/revisions\/514"}],"wp:attachment":[{"href":"https:\/\/carleton.ca\/humour\/wp-json\/wp\/v2\/media?parent=36"}],"curies":[{"name":"wp","href":"https:\/\/api.w.org\/{rel}","templated":true}]}}