{"id":52,"date":"2021-01-21T16:15:35","date_gmt":"2021-01-21T21:15:35","guid":{"rendered":"https:\/\/carleton.ca\/humour\/?page_id=52"},"modified":"2021-11-18T18:03:12","modified_gmt":"2021-11-18T23:03:12","slug":"gerance-production-et-promotion","status":"publish","type":"page","link":"https:\/\/carleton.ca\/humour\/gerance-production-et-promotion\/","title":{"rendered":"G\u00e9rance, Production et Promotion"},"content":{"rendered":"<h3><a id=\"sect12.1\" name=\"sect12.1\"><\/a>G\u00e9rants, agents et producteurs<\/h3>\n<ul>\n<li>6e Sens Productions\u00a0<a href=\"http:\/\/www.sixiemesens.ca\/\" target=\"_blank\" rel=\"noopener noreferrer\">site web<\/a><br \/>\n(Lise Dion, Val Belzil, Les Grandes Crues (Eve C\u00f4t\u00e9, Marie-Lyne Joncas), Alex Roy)<\/li>\n<li>Agence Atman\u00a0<a href=\"http:\/\/www.agenceatman.com\/\" target=\"_blank\" rel=\"noopener noreferrer\">site web<\/a><br \/>\n(Alex Perron)<\/li>\n<li>Agence ComediHa!\u00a0<a href=\"http:\/\/www.comediha.com\/\" target=\"_blank\" rel=\"noopener noreferrer\">site web<\/a><br \/>\n(Kev Adams, Jean-Michel Anctil, Mike Beaudoin, Pascal Cameron, Mathieu Cyr, \u00c9tienne Dano, Les Denis Drolet, Franky, Andr\u00e9-Philippe Gagnon, Maryl\u00e8ne Gendron, M\u00e9lanie Ghanim\u00e9, Jean-Michel Martel, Olivier Martineau, Benoit Paquette, Rebecca Potvin-Gravel, Jean-Fran\u00e7ois Proven\u00e7al, Rabii Rammal, Cathleen Rouleau, St\u00e9phane Raymond, F\u00e9lix Turcotte)<\/li>\n<li>Agence Sicaroche (site web-)<br \/>\n(Coco Belliveau)<\/li>\n<li>Agence SPM\u00a0<a href=\"http:\/\/www.agencespm.com\/\" target=\"_blank\" rel=\"noopener noreferrer\">site web<\/a><br \/>\n(Les Appendices, Dave Belisle, Jean-Fran\u00e7ois Chagnon, Julien Corriveau, Jean-Thomas Jobin, Didier Lambert, Daphn\u00e9 L\u00e9tourneau, Kim L\u00e9vesque-Lizotte, Dominic Montplaisir, Brian Piton, Alec Pronovost, Arnaud Soly)<\/li>\n<li>Attraction Images\u00a0<a href=\"http:\/\/www.attractionimages.ca\/\" target=\"_blank\" rel=\"noopener noreferrer\">site web<\/a><\/li>\n<li>Authentique Productions\u00a0<a href=\"http:\/\/www.authentiqueproductions.com\/\" target=\"_blank\" rel=\"noopener noreferrer\">site web<\/a><br \/>\n(Guy Nantel, Jonathan Roberge)<\/li>\n<li>Avanti\u00a0<a href=\"http:\/\/www.avanticinevideo.com\/\" target=\"_blank\" rel=\"noopener noreferrer\">site web<\/a><br \/>\n?<br \/>\n(David Beaucage, Liliane Blanco Binette, Sam Boisvert, Martin Cloutier, Dominic et Martin, Fred Dub\u00e9, St\u00e9phane Fallu, Pierre H\u00e9bert, Katherine Levac, Danick Martineau, Jean-Fran\u00e7ois Mercier, Christine Morency, Dominic Sillon)<\/li>\n<li>Bang Management\u00a0<a href=\"http:\/\/www.bangmanagement.com\/\" target=\"_blank\" rel=\"noopener noreferrer\">site web<\/a><br \/>\n(Pascal Babin, Yannick De Martino, St\u00e9phane Fallu, Daniel Grenier, Philippe Laprise, Les Pics Bois, Pierre-Luc Pomerleau, Pierre-Yves Roy-Desmarais, Rosalie Vaillancourt, Guillaume Wagner, Mike Ward)<\/li>\n<li>Concertium\u00a0<a href=\"http:\/\/www.concertium.ca\/\" target=\"_blank\" rel=\"noopener noreferrer\">site web<\/a><br \/>\n(Rita Baga, Michel Barrette, David Beaucage, Sam Boisvert, Gabrielle Caron, Dominic et Martin, Cathy Gauthier, Daniel Grenier, Pierre H\u00e9bert, Jean-Thomas Jobin, Katherine Levac, Thomas Levac, Olivier Martineau, Jean-Fran\u00e7ois Mercier, Christine Morency, Martin Petit, Silvi Tourigny, Guillaume Wagner, Mike Ward)<\/li>\n<li>Dominique gestion artistique\u00a0<a href=\"http:\/\/www.gestionartistique.com\/\" target=\"_blank\" rel=\"noopener noreferrer\">site web<\/a><br \/>\n(R\u00e9al B\u00e9land)<\/li>\n<li>Encore\u00a0<a href=\"http:\/\/www.riezencore.com\/\" target=\"_blank\" rel=\"noopener noreferrer\">site web<\/a><br \/>\n(Anne-\u00c9lizabeth Boss\u00e9, Fabien Cloutier, Cathy Gauthier, Mario Jean, Martin Matte, Claudine Mercier, Marc Messier, Reda Saoui, Arnaud Soly, Vincent C, Mike Ward)<\/li>\n<li>Engage un humoriste\u00a0<a href=\"http:\/\/www.engageunhumoriste.com\/\" target=\"_blank\" rel=\"noopener noreferrer\">site web<\/a><br \/>\n(Rolly Assal, Josiane Aubuchon, Nic Audet, Yan Bilodeau, Alexandre Bisaillon, Charles Beauchesne, Dhana\u00e9 A. Beaulieu, Sam Boisvert, Colin Boudrias, Serge-Yvan Bourque, Brick et Brack, Charles Brunet, Chauff\u00e9 \u00c9clair\u00e9, Jo C\u00f4t\u00e9, M\u00e9lanie Couture, Samuel Cyr, Mikael Dallaire, Simon Delisle, Charles Deschamps, Ryan Doucette, Mathieu Dufour, Christophe Dup\u00e9r\u00e9, Antoine Durocher, Anais Favron, V\u00e9ronique Isabel Filion, Alexandre Forest, P-O Forget, Virgine Fortin, Jey Fournier, Derrick Frenette, Alph\u00e9 Gagn\u00e9, Dave Gaudet, Franck Grenier, Joe Gu\u00e9rin, S\u00e9bastien Hach\u00e9, Jean-Thomas Jobin, Sinem Kara, Eddy King, Didier Lambert, Jay Lalibert\u00e9, J\u00e9r\u00e9mie Larouche, Daphn\u00e9 L\u00e9tourneau, Pascal Mailloux, Nadine Massie, Isabelle M\u00e9nard, Marko M\u00e9tivier, Dave Morgan, Pascal Morrissette, Neev, Jacob Ospian-Echeverria, Charles Pellerin, Mike Paterson, Brian Piton, St\u00e9phane Poirier, Antoni Remillard, Pierre-Bruno Rivard, Alex Roof, Sexe Ill\u00e9gal, Arnaud Soly, Daniel Tirado, Silvi Tourigny, Julien Tremblay, Richardson Z\u00e9phir, )<\/li>\n<li>Entourage\u00a0<a href=\"http:\/\/www.groupe-entourage.com\/\" target=\"_blank\" rel=\"noopener noreferrer\">site web<\/a><br \/>\n(Florian Bruckner, Jo Cormier, J\u00e9r\u00e9my Demay, Philippe Laprise, Max Leblanc,\u00a0Peter MacLeod, Fran\u00e7ois Massicotte, Mariana Mazza, P-A M\u00e9thot, Messmer, Guy Nantel, Dominic Paquet, Pierre-Luc Pomerleau, Jonathan Roberge, Alex Roof, Billy Tellier, Mario Tessier, Martin Vachon, Richrdson Z\u00e9phir)<\/li>\n<li>Evenko\u00a0<a href=\"http:\/\/www.evenko.ca\/\" target=\"_blank\" rel=\"noopener noreferrer\">site web<\/a><br \/>\n(Alexandre Barrette, Val\u00e9rie Blais, Philippe Bond, Fabien Cloutier, Korine C\u00f6t\u00e9, Derrick Frenette, Cathy Gauthier, Mario Jean, Anthony Kavanagh, Sylvain Larocque, Claudine Mercier, Fran\u00e7ois Morency, Yves P Pelletier, Martin Perizzolo, Alex Perron, Sugar Sammy, Mike Ward)<\/li>\n<li>Fun Media\u00a0<a href=\"http:\/\/www.funmedia.ca\/\" target=\"_blank\" rel=\"noopener noreferrer\">site web<\/a><br \/>\n(Adib Alkhalidey, Marie-Christine Lachance)<\/li>\n<li>Groupe Fair-Play\u00a0<a href=\"http:\/\/groupefairplay.com\/\" target=\"_blank\" rel=\"noopener noreferrer\">site web<\/a><\/li>\n<li>GULP Guy L\u00e9vesque Productions\u00a0<a href=\"http:\/\/www.gulp.ca\/\" target=\"_blank\" rel=\"noopener noreferrer\">site web<\/a><br \/>\n(Nicolas Audet, Sylvain Larocque, Billy Tellier)<\/li>\n<li>Hainault, maison de g\u00e9rance et repr\u00e9sentation\u00a0<a href=\"http:\/\/www.hainault.ca\/\" target=\"_blank\" rel=\"noopener noreferrer\">site web<\/a><br \/>\n(Pascal Barriault, Fran\u00e7ois Bellefeuille, Simon Cohen, Michelle Desrochers, Simon Gouache, Maude Landry, Louis T, L\u00e9a Str\u00e9liski)<\/li>\n<li>Juste pour rire\u00a0<a href=\"http:\/\/www.hahaha.com\/\" target=\"_blank\" rel=\"noopener noreferrer\">site web hahaha<\/a>\u00a0\/\u00a0<a href=\"http:\/\/www.justepourrire.com\/\" target=\"_blank\" rel=\"noopener noreferrer\">site web JPR<\/a><br \/>\n(Alexandre Bisaillon, Charles Beauchesne, Eve C\u00f4t\u00e9, M\u00e9lanie Couture, Mathieu Dufour, Alexandre Forest, Virginie Fortin, Jean-S\u00e9bastien Girard, Sinem Kara, Eddy King, Didier Lambert, J\u00e9r\u00e9mie Larouche, Didier Lambert, Maxim Martin, Neev, Laurent Paquin, Jean-Marc Parent, Justine Philie, Odr\u00e9e Rousseau, St\u00e9phane Rousseau, Andr\u00e9 Sauv\u00e9, Sexe Ill\u00e9gal, Michel Sigouin, Julien Tremblay)<\/li>\n<li>KO (Productions KOTV, KOSc\u00e8ne)\u00a0<a href=\"http:\/\/www.kotv.ca\/\" target=\"_blank\" rel=\"noopener noreferrer\">site web KOTV<\/a>\u00a0\/\u00a0<a href=\"http:\/\/www.koscene.ca\/\" target=\"_blank\" rel=\"noopener noreferrer\">site web KOSc\u00e8ne<\/a><br \/>\n(Jean-Michel Anctil, Rachid Badouri, R\u00e9al B\u00e9land, Brick et Brack, Sam Cyr, Yannick De Martino, Chlo\u00e9e Deblois, Antoine Desjardins, \u00c9mile Khoury, Les Morissette, Florence Nadeau, Mathieu Pepper, Phil Roy, Pierre-Yves Roy-Desmarais)<\/li>\n<li>Laurie Du Temple Quirion\u00a0<a href=\"http:\/\/www.jaydutemple.com\/\" target=\"_blank\" rel=\"noopener noreferrer\">site web<\/a><br \/>\n(Jay Du Temple)<\/li>\n<li>Maxime G\u00e9rance Artistique\u00a0<a href=\"http:\/\/www.maximegerance.com\/\" target=\"_blank\" rel=\"noopener noreferrer\">site web<\/a><br \/>\n(Sam Boisvert, Sam Breton, Alexandre Forest, Guillaume Pineault, Joseph Saint-Gelais)<\/li>\n<li>MLM Martin Langlois Management\u00a0<a href=\"http:\/\/www.martinlanglois.com\/\" target=\"_blank\" rel=\"noopener noreferrer\">site web<\/a><br \/>\n(Fran\u00e7ois Morency)<\/li>\n<li>PGI Pierre Gravel International\u00a0<a href=\"http:\/\/www.pierregravel.com\/\" target=\"_blank\" rel=\"noopener noreferrer\">site web<\/a><br \/>\n(Etienne Langevin, Fran\u00e7ois Massicotte, Martin Petit)<\/li>\n<li>Phaneuf, producteur\u00a0<a href=\"http:\/\/www.phaneuf.ca\/\" target=\"_blank\" rel=\"noopener noreferrer\">site web<\/a><br \/>\n(Fran\u00e7ois Bellefeuille, Fran\u00e7ois Boulianne, Sam Breton, Jo Cormier, Michelle Desrochers, Simon Gouache, Patrick Groulx, Louis-Jos\u00e9 Houde, Maude Landry, Simon Leblanc, Matthieu Pepper, Guillaume Pineault, Louis T)<\/li>\n<li>Productions Elise Caron\u00a0<a href=\"http:\/\/www.elisecaron.ca\/\" target=\"_blank\" rel=\"noopener noreferrer\">site web<\/a><br \/>\n(Simon Leblanc)<\/li>\n<li>Productions Feedback\u00a0<a href=\"http:\/\/www.productionsfeedback.com\/\" target=\"_blank\" rel=\"noopener noreferrer\">site web<\/a><br \/>\n(Josiane Aubuchon, Yan Bilodeau, Alexandre Bisaillon, Mathieu Dufour, Simon Laroche, Pascal Morrissette, Michel Sigouin)<\/li>\n<li>Productions Jacques K. Primeau\u00a0<a href=\"http:\/\/productionsjacqueskprimeau.com\/\" target=\"_blank\" rel=\"noopener noreferrer\">site web<\/a><br \/>\n(Andr\u00e9 Ducharme, Guy A. Lepage, Richard Z. Sirois, Rock et Belles Oreilles, Yves Pelletier)<\/li>\n<li>Productions Premi\u00e8re Sc\u00e8ne PPS Canada\u00a0<a href=\"http:\/\/www.ppscanada.com\/\" target=\"_blank\" rel=\"noopener noreferrer\">site web<\/a><br \/>\n(St\u00e9phane B\u00e9langer, Alain Choquette, Crampe en masse, Genevi\u00e8ve C\u00f4t\u00e9, Duo Funik, Genevi\u00e8ve Gagnon, S\u00e9bastien Gagn\u00e9, Mathieu Gratton, Francois Massicotte, Marianna Mazza, Peter McLeaod, Marko M\u00e9tivier, P-A M\u00e9thot, Michel Mpambara, Guy Nantel, Dominc Paquet, Martin Rozon, Billy Tellier, Mario Tessier, Martin Vachon)<\/li>\n<li>Productions Tram\u00a0<a href=\"http:\/\/www.tram.ca\/\" target=\"_blank\" rel=\"noopener noreferrer\">site web<\/a><br \/>\n(Pascal Babin, St\u00e9phane Fallu, Philippe Laprise, S\u00e9bastien Ouellet, Pierre-Luc Pomerleau)<\/li>\n<li>Sph\u00e8re M\u00e9dia Plus\u00a0<a href=\"http:\/\/spheremedia.ca\/\" target=\"_blank\" rel=\"noopener noreferrer\">site web<\/a><\/li>\n<li>La Tribu\u00a0<a href=\"http:\/\/www.latribu.ca\/\" target=\"_blank\" rel=\"noopener noreferrer\">site web<\/a><br \/>\n(R\u00e9al B\u00e9land, Mehdi Bousaidan, Simon Delisle, Philippe-Audrey Larue-St-Jacques, Rosalie Vaillancourt)<\/li>\n<li>Z\u00e9ro Musique\u00a0<a href=\"http:\/\/www.zeromusic.com\/\" target=\"_blank\" rel=\"noopener noreferrer\">site web<\/a><br \/>\n(Alexandre Barrette, Korine C\u00f4t\u00e9, Fran\u00e7ois P\u00e9russe, Antoni Remillard)<\/li>\n<li>Zone 3\u00a0<a href=\"http:\/\/www.zone3.ca\/\" target=\"_blank\" rel=\"noopener noreferrer\">site web<\/a><\/li>\n<\/ul>\n<h3><a id=\"sect12.2\" name=\"sect12.2\"><\/a>Promotion et Relations de presse<\/h3>\n<ul>\n<li>Annexe Communications\u00a0<a href=\"https:\/\/www.annexecommunications.com\/\" target=\"_blank\" rel=\"noopener noreferrer\">site web<\/a><\/li>\n<li>Roy &amp; Turner Communications\u00a0<a href=\"http:\/\/www.roy-turner.com\/\" target=\"_blank\" rel=\"noopener noreferrer\">site web<\/a><\/li>\n<\/ul>\n<table border=\"0\" width=\"800\" cellspacing=\"0\" cellpadding=\"2\">\n<tbody>\n<tr class=\"DecreaseFontMore\" bgcolor=\"#cccccc\">\n<td>\u00a9\u00a0Francois Brouard &amp; GRIH, Tous droits r\u00e9serv\u00e9s \/ All rights reserved.<br \/>\nDerni\u00e8re mise-\u00e0-jour \/ Last update: November 18 novembre 2021<\/td>\n<\/tr>\n<\/tbody>\n<\/table>\n","protected":false},"excerpt":{"rendered":"<p>G\u00e9rants, agents et producteurs 6e Sens Productions\u00a0site web (Lise Dion, Val Belzil, Les Grandes Crues (Eve C\u00f4t\u00e9, Marie-Lyne Joncas), Alex Roy) Agence Atman\u00a0site web (Alex Perron) Agence ComediHa!\u00a0site web (Kev Adams, Jean-Michel Anctil, Mike Beaudoin, Pascal Cameron, Mathieu Cyr, \u00c9tienne Dano, Les Denis Drolet, Franky, Andr\u00e9-Philippe Gagnon, Maryl\u00e8ne Gendron, M\u00e9lanie Ghanim\u00e9, Jean-Michel Martel, Olivier Martineau, [&hellip;]<\/p>\n","protected":false},"author":7,"featured_media":0,"parent":0,"menu_order":0,"comment_status":"closed","ping_status":"closed","template":"","meta":{"_relevanssi_hide_post":"","_relevanssi_hide_content":"","_relevanssi_pin_for_all":"","_relevanssi_pin_keywords":"","_relevanssi_unpin_keywords":"","_relevanssi_related_keywords":"","_relevanssi_related_include_ids":"","_relevanssi_related_exclude_ids":"","_relevanssi_related_no_append":"","_relevanssi_related_not_related":"","_relevanssi_related_posts":"","_relevanssi_noindex_reason":"","_mi_skip_tracking":false,"_exactmetrics_sitenote_active":false,"_exactmetrics_sitenote_note":"","_exactmetrics_sitenote_category":0,"_monsterinsights_sitenote_active":false,"_monsterinsights_sitenote_note":"","_monsterinsights_sitenote_category":0,"footnotes":"","_links_to":"","_links_to_target":""},"yoast_head":"<!-- This site is optimized with the Yoast SEO plugin v21.2 - https:\/\/yoast.com\/wordpress\/plugins\/seo\/ -->\n<title>G\u00e9rance, Production et Promotion - GRIH \u2013 Humour<\/title>\n<meta name=\"description\" content=\"G\u00e9rants, agents et producteurs 6e Sens Productions\u00a0site web (Lise Dion, Val Belzil, Les Grandes Crues (Eve C\u00f4t\u00e9, Marie-Lyne Joncas), Alex Roy) Agence\" \/>\n<meta name=\"robots\" content=\"index, follow, max-snippet:-1, max-image-preview:large, max-video-preview:-1\" \/>\n<link rel=\"canonical\" href=\"https:\/\/carleton.ca\/humour\/gerance-production-et-promotion\/\" \/>\n<meta name=\"twitter:label1\" content=\"Est. reading time\" \/>\n\t<meta name=\"twitter:data1\" content=\"5 minutes\" \/>\n<script type=\"application\/ld+json\" class=\"yoast-schema-graph\">{\"@context\":\"https:\/\/schema.org\",\"@graph\":[{\"@type\":\"WebPage\",\"@id\":\"https:\/\/carleton.ca\/humour\/gerance-production-et-promotion\/\",\"url\":\"https:\/\/carleton.ca\/humour\/gerance-production-et-promotion\/\",\"name\":\"G\u00e9rance, Production et Promotion - GRIH \u2013 Humour\",\"isPartOf\":{\"@id\":\"https:\/\/carleton.ca\/humour\/#website\"},\"datePublished\":\"2021-01-21T21:15:35+00:00\",\"dateModified\":\"2021-11-18T23:03:12+00:00\",\"description\":\"G\u00e9rants, agents et producteurs 6e Sens Productions\u00a0site web (Lise Dion, Val Belzil, Les Grandes Crues (Eve C\u00f4t\u00e9, Marie-Lyne Joncas), Alex Roy) Agence\",\"breadcrumb\":{\"@id\":\"https:\/\/carleton.ca\/humour\/gerance-production-et-promotion\/#breadcrumb\"},\"inLanguage\":\"en-US\",\"potentialAction\":[{\"@type\":\"ReadAction\",\"target\":[\"https:\/\/carleton.ca\/humour\/gerance-production-et-promotion\/\"]}]},{\"@type\":\"BreadcrumbList\",\"@id\":\"https:\/\/carleton.ca\/humour\/gerance-production-et-promotion\/#breadcrumb\",\"itemListElement\":[{\"@type\":\"ListItem\",\"position\":1,\"name\":\"Home\",\"item\":\"https:\/\/carleton.ca\/humour\/\"},{\"@type\":\"ListItem\",\"position\":2,\"name\":\"G\u00e9rance, Production et Promotion\"}]},{\"@type\":\"WebSite\",\"@id\":\"https:\/\/carleton.ca\/humour\/#website\",\"url\":\"https:\/\/carleton.ca\/humour\/\",\"name\":\"GRIH \u2013 Humour\",\"description\":\"Carleton University\",\"potentialAction\":[{\"@type\":\"SearchAction\",\"target\":{\"@type\":\"EntryPoint\",\"urlTemplate\":\"https:\/\/carleton.ca\/humour\/?s={search_term_string}\"},\"query-input\":\"required name=search_term_string\"}],\"inLanguage\":\"en-US\"}]}<\/script>\n<!-- \/ Yoast SEO plugin. -->","yoast_head_json":{"title":"G\u00e9rance, Production et Promotion - GRIH \u2013 Humour","description":"G\u00e9rants, agents et producteurs 6e Sens Productions\u00a0site web (Lise Dion, Val Belzil, Les Grandes Crues (Eve C\u00f4t\u00e9, Marie-Lyne Joncas), Alex Roy) Agence","robots":{"index":"index","follow":"follow","max-snippet":"max-snippet:-1","max-image-preview":"max-image-preview:large","max-video-preview":"max-video-preview:-1"},"canonical":"https:\/\/carleton.ca\/humour\/gerance-production-et-promotion\/","twitter_misc":{"Est. reading time":"5 minutes"},"schema":{"@context":"https:\/\/schema.org","@graph":[{"@type":"WebPage","@id":"https:\/\/carleton.ca\/humour\/gerance-production-et-promotion\/","url":"https:\/\/carleton.ca\/humour\/gerance-production-et-promotion\/","name":"G\u00e9rance, Production et Promotion - GRIH \u2013 Humour","isPartOf":{"@id":"https:\/\/carleton.ca\/humour\/#website"},"datePublished":"2021-01-21T21:15:35+00:00","dateModified":"2021-11-18T23:03:12+00:00","description":"G\u00e9rants, agents et producteurs 6e Sens Productions\u00a0site web (Lise Dion, Val Belzil, Les Grandes Crues (Eve C\u00f4t\u00e9, Marie-Lyne Joncas), Alex Roy) Agence","breadcrumb":{"@id":"https:\/\/carleton.ca\/humour\/gerance-production-et-promotion\/#breadcrumb"},"inLanguage":"en-US","potentialAction":[{"@type":"ReadAction","target":["https:\/\/carleton.ca\/humour\/gerance-production-et-promotion\/"]}]},{"@type":"BreadcrumbList","@id":"https:\/\/carleton.ca\/humour\/gerance-production-et-promotion\/#breadcrumb","itemListElement":[{"@type":"ListItem","position":1,"name":"Home","item":"https:\/\/carleton.ca\/humour\/"},{"@type":"ListItem","position":2,"name":"G\u00e9rance, Production et Promotion"}]},{"@type":"WebSite","@id":"https:\/\/carleton.ca\/humour\/#website","url":"https:\/\/carleton.ca\/humour\/","name":"GRIH \u2013 Humour","description":"Carleton University","potentialAction":[{"@type":"SearchAction","target":{"@type":"EntryPoint","urlTemplate":"https:\/\/carleton.ca\/humour\/?s={search_term_string}"},"query-input":"required name=search_term_string"}],"inLanguage":"en-US"}]}},"acf":{"banner_image_type":"none","banner_button":"no"},"_links":{"self":[{"href":"https:\/\/carleton.ca\/humour\/wp-json\/wp\/v2\/pages\/52"}],"collection":[{"href":"https:\/\/carleton.ca\/humour\/wp-json\/wp\/v2\/pages"}],"about":[{"href":"https:\/\/carleton.ca\/humour\/wp-json\/wp\/v2\/types\/page"}],"author":[{"embeddable":true,"href":"https:\/\/carleton.ca\/humour\/wp-json\/wp\/v2\/users\/7"}],"replies":[{"embeddable":true,"href":"https:\/\/carleton.ca\/humour\/wp-json\/wp\/v2\/comments?post=52"}],"version-history":[{"count":3,"href":"https:\/\/carleton.ca\/humour\/wp-json\/wp\/v2\/pages\/52\/revisions"}],"predecessor-version":[{"id":218,"href":"https:\/\/carleton.ca\/humour\/wp-json\/wp\/v2\/pages\/52\/revisions\/218"}],"wp:attachment":[{"href":"https:\/\/carleton.ca\/humour\/wp-json\/wp\/v2\/media?parent=52"}],"curies":[{"name":"wp","href":"https:\/\/api.w.org\/{rel}","templated":true}]}}