{"id":54,"date":"2021-01-21T16:17:17","date_gmt":"2021-01-21T21:17:17","guid":{"rendered":"https:\/\/carleton.ca\/humour\/?page_id=54"},"modified":"2021-01-21T17:40:12","modified_gmt":"2021-01-21T22:40:12","slug":"diffuseur-salles","status":"publish","type":"page","link":"https:\/\/carleton.ca\/humour\/diffuseur-salles\/","title":{"rendered":"Diffuseur et salles"},"content":{"rendered":"<h2>Salles de spectacle au Qu\u00e9bec<br \/>\n(selon les r\u00e9gions administratives) <\/h2>\n<h3><a id=\"sect13.1\" name=\"sect13.1\"><\/a>Abitibi-T\u00e9miscamingue<\/h3>\n<ul>\n<li>Theatre des Eskers (Amos)<\/li>\n<li>Salle Desjardins (Lasarre)<\/li>\n<li>Salle Centre communautaire (Lebel-sur-Qu\u00e9villon)<\/li>\n<li>Theatre Megalab (Malartic)\u00a0<a href=\"http:\/\/www.theatremeglab.com\/\" target=\"_blank\" rel=\"noopener noreferrer\">site web<\/a><\/li>\n<li>Theatre du Cuivre (Rouyn-Noranda)<\/li>\n<li>Salle Dottori (T\u00e9miscaming)<\/li>\n<li>Theatre Telebec (Val d\u2019Or)\u00a0<a href=\"http:\/\/www.theatretelebec.com\/\" target=\"_blank\" rel=\"noopener noreferrer\">site web<\/a><\/li>\n<li>Theatre du Rift (Ville Marie)\u00a0<a href=\"http:\/\/www.lerift.ca\/\">site web<\/a><\/li>\n<\/ul>\n<h3><a id=\"sect13.2\" name=\"sect13.2\"><\/a>Bas Saint-Laurent<\/h3>\n<ul>\n<li>Salle Jean Cossette (Amqui)\u00a0<a href=\"http:\/\/diffusionmordicus.ca\/\" target=\"_blank\" rel=\"noopener noreferrer\">site web<\/a><\/li>\n<li>Centre culturel Georges-Deschenes (D\u00e9gelis)\u00a0<a href=\"http:\/\/www.les4scenes.com\/\" target=\"_blank\" rel=\"noopener noreferrer\">site web<\/a><\/li>\n<li>Salle Andr\u00e9 Gagnon (La Pocati\u00e8re)\u00a0<a href=\"http:\/\/www.salleandregagnon.com\/\" target=\"_blank\" rel=\"noopener noreferrer\">site web<\/a><\/li>\n<li>Centre d\u2019art; CEGEP Lucien Bellemare; Polyvalente Albert B. Lavoie (Matane)\u00a0<a href=\"http:\/\/www.kameleart.com\/\" target=\"_blank\" rel=\"noopener noreferrer\">site web<\/a><\/li>\n<li>(Rimouski)\u00a0<a href=\"http:\/\/www.spectart.com\/\" target=\"_blank\" rel=\"noopener noreferrer\">site web<\/a><\/li>\n<li>(Rivi\u00e8re-du-loup)\u00a0<a href=\"http:\/\/www.rdlenspectacles.com\/\" target=\"_blank\" rel=\"noopener noreferrer\">site web<\/a><\/li>\n<\/ul>\n<h3><a id=\"sect13.3\" name=\"sect13.3\"><\/a>Capitale Nationale<\/h3>\n<ul>\n<li>Hotel La Ferme (Baie Saint-Paul)\u00a0<a href=\"http:\/\/www.lemassif.com\/\" target=\"_blank\" rel=\"noopener noreferrer\">site web<\/a><\/li>\n<li>Salle JN Plante (Disra\u00e9li)\u00a0<a href=\"http:\/\/www.cabaretdesarts.ca\/\" target=\"_blank\" rel=\"noopener noreferrer\">site web<\/a><\/li>\n<li>Salle Luc Plamondon (Donnaconna)\u00a0<a href=\"http:\/\/www.spectart.ca\/\" target=\"_blank\" rel=\"noopener noreferrer\">site web<\/a><\/li>\n<li>Le Capitole de Qu\u00e9bec (Qu\u00e9bec)\u00a0<a href=\"http:\/\/www.lecapitole.com\/\" target=\"_blank\" rel=\"noopener noreferrer\">site web<\/a><\/li>\n<li>Centre d\u2019art La Chapelle (Qu\u00e9bec)\u00a0<a href=\"http:\/\/www.centredartlachapelle.com\/\" target=\"_blank\" rel=\"noopener noreferrer\">site web<\/a><\/li>\n<li>Centre Vid\u00e9otron (Qu\u00e9bec)\u00a0<a href=\"http:\/\/www.lecentrevideotron.ca\/\" target=\"_blank\" rel=\"noopener noreferrer\">site web<\/a><\/li>\n<li>Grand theatre de Qu\u00e9bec (Qu\u00e9bec)\u00a0<a href=\"http:\/\/www.grandtheatre.qc.ca\/\" target=\"_blank\" rel=\"noopener noreferrer\">site web<\/a><\/li>\n<li>Imp\u00e9rial de Qu\u00e9bec (Qu\u00e9bec)\u00a0<a href=\"http:\/\/www.imperialdequebec.com\/\" target=\"_blank\" rel=\"noopener noreferrer\">site web<\/a><\/li>\n<li>LaSc\u00e8ne Lebourgneuf (Qu\u00e9bec)\u00a0<a href=\"http:\/\/www.lascenelebourgneuf.com\/\" target=\"_blank\" rel=\"noopener noreferrer\">site web<\/a><\/li>\n<li>Salle Albert Rousseau (Qu\u00e9bec)\u00a0<a href=\"http:\/\/www.salleabertrousseau.com\/\" target=\"_blank\" rel=\"noopener noreferrer\">site web<\/a><\/li>\n<li>Theatre Petit Champlain (Qu\u00e9bec)\u00a0<a href=\"http:\/\/www.theatrepetitchamplain.com\/\" target=\"_blank\" rel=\"noopener noreferrer\">site web<\/a><\/li>\n<li>Domaine Forget (Saint-Ir\u00e9n\u00e9e)\u00a0<a href=\"http:\/\/www.domaineforget.com\/\" target=\"_blank\" rel=\"noopener noreferrer\">site web<\/a><\/li>\n<\/ul>\n<h3><a id=\"sect13.4\" name=\"sect13.4\"><\/a>Centre du Qu\u00e9bec<\/h3>\n<ul>\n<li>Theatre Belcourt (Baie-du-Febvre)\u00a0<a href=\"http:\/\/www.theatrebelcourt.com\/\" target=\"_blank\" rel=\"noopener noreferrer\">site web<\/a><\/li>\n<li>Maison des arts Desjardins (Drummondville)\u00a0<a href=\"http:\/\/www.artsdrummondville.com\/\" target=\"_blank\" rel=\"noopener noreferrer\">site web<\/a><\/li>\n<li>Centre culturel de Victoriaville (Victoriaville)\u00a0<a href=\"http:\/\/www.diffusionmomentum.com\/\" target=\"_blank\" rel=\"noopener noreferrer\">site web<\/a><\/li>\n<li>Le carr\u00e9 150 (Victoriaville)\u00a0<a href=\"http:\/\/www.lecarre150.com\/\" target=\"_blank\" rel=\"noopener noreferrer\">site web<\/a><\/li>\n<\/ul>\n<h3><a id=\"sect13.5\" name=\"sect13.5\"><\/a>Chaudi\u00e8re-Appalaches<\/h3>\n<ul>\n<li>CEGEP de L\u00e9vis-Lauzon (L\u00e9vis)\u00a0<a href=\"http:\/\/www.diffusionculturelledelevis.ca\/\" target=\"_blank\" rel=\"noopener noreferrer\">site web<\/a><\/li>\n<li>L\u2019Anglicane (L\u00e9vis)\u00a0<a href=\"http:\/\/www.langlicane.com\/\" target=\"_blank\" rel=\"noopener noreferrer\">site web<\/a><\/li>\n<li>Salle Edwin B\u00e9langer (Montmagny)\u00a0<a href=\"http:\/\/www.adls.ca\/\" target=\"_blank\" rel=\"noopener noreferrer\">site web<\/a><\/li>\n<li>Salle M\u00e9chatigan (Ste-Marie de Beauce)\u00a0<a href=\"http:\/\/www.ovascene.com\/\" target=\"_blank\" rel=\"noopener noreferrer\">site web<\/a><\/li>\n<li>CEGEP Beauce-Appalaches \u2013 Auditrium Desjardins (St-Georeges de Beauce)\u00a0<a href=\"http:\/\/www.lesamantsdelascene.com\/\" target=\"_blank\" rel=\"noopener noreferrer\">site web<\/a><\/li>\n<li>Salle Dussault (Thetford Mines)\u00a0<a href=\"http:\/\/www.spectart.ca\/\" target=\"_blank\" rel=\"noopener noreferrer\">site web<\/a><\/li>\n<\/ul>\n<h3><a id=\"sect13.6\" name=\"sect13.6\"><\/a>C\u00f4te Nord<\/h3>\n<ul>\n<li>Centre des arts de Baie-Comeau (Baie-Comeau)\u00a0<a href=\"http:\/\/www.centredesartsbc.com\/\" target=\"_blank\" rel=\"noopener noreferrer\">site web<\/a><\/li>\n<li>(Fermont)\u00a0<a href=\"http:\/\/www.speactacles-fermont.com\/\" target=\"_blank\" rel=\"noopener noreferrer\">site web<\/a><\/li>\n<li>Salle Jean marc Dion (Sept-Iles)\u00a0<a href=\"http:\/\/www.spectacles-sept-iles.com\/\" target=\"_blank\" rel=\"noopener noreferrer\">site web<\/a><\/li>\n<\/ul>\n<h3><a id=\"sect13.7\" name=\"sect13.7\"><\/a>Estrie<\/h3>\n<ul>\n<li>Theatre Bromont (Bromont)\u00a0<a href=\"http:\/\/www.theatrebromont.com\/\" target=\"_blank\" rel=\"noopener noreferrer\">site web<\/a><\/li>\n<li>Pavillon des arts (Coaticook)\u00a0<a href=\"http:\/\/www.pavillondesarts.qc.ca\/\" target=\"_blank\" rel=\"noopener noreferrer\">site web<\/a><\/li>\n<li>(Lac Megantic)\u00a0<a href=\"http:\/\/www.comiteculturelmegantic.com\/\" target=\"_blank\" rel=\"noopener noreferrer\">site web<\/a><\/li>\n<li>Vieux Clocher de Magog (Magog)\u00a0<a href=\"http:\/\/www.vieuxclocher.com\/\" target=\"_blank\" rel=\"noopener noreferrer\">site web<\/a><\/li>\n<li>Salle Maurice O\u2019Bready (Sherbrooke)\u00a0<a href=\"http:\/\/www.centrecultureludes.ca\/\" target=\"_blank\" rel=\"noopener noreferrer\">site web<\/a><\/li>\n<li>Theatre Granada (Sherbrooke)\u00a0<a href=\"http:\/\/www.theatregranada.com\/\" target=\"_blank\" rel=\"noopener noreferrer\">site web<\/a><\/li>\n<\/ul>\n<h3><a id=\"sect13.8\" name=\"sect13.8\"><\/a>Gasp\u00e9sie<\/h3>\n<ul>\n<li>(Chandler)\u00a0<a href=\"http:\/\/www.sapinart.net\/\" target=\"_blank\" rel=\"noopener noreferrer\">site web<\/a><\/li>\n<li>(Gasp\u00e9)\u00a0<a href=\"http:\/\/www.cdspectacles.com\/\" target=\"_blank\" rel=\"noopener noreferrer\">site web<\/a><\/li>\n<li>(New Richmond)\u00a0<a href=\"http:\/\/www.spectaclesnewrichmond.com\/\" target=\"_blank\" rel=\"noopener noreferrer\">site web<\/a><\/li>\n<li>(Sainte-Anne des Monts)\u00a0<a href=\"http:\/\/www.lasallecomble.com\/\" target=\"_blank\" rel=\"noopener noreferrer\">site web<\/a><\/li>\n<\/ul>\n<h3><a id=\"sect13.9\" name=\"sect13.9\"><\/a>Lanaudi\u00e8re<\/h3>\n<ul>\n<li>Salle Rolland-Brunelle (Joliette)\u00a0<a href=\"http:\/\/www.spectaclesjoliette.com\/\" target=\"_blank\" rel=\"noopener noreferrer\">site web<\/a><\/li>\n<li>Theatre Hector Charland (L\u2019Assomption)\u00a0<a href=\"http:\/\/www.hector-charland.com\/\" target=\"_blank\" rel=\"noopener noreferrer\">site web<\/a><\/li>\n<li>Caf\u00e9 culturel de la Chasse-Galerie (Lavaltrie)\u00a0<a href=\"http:\/\/www.chasse-galerie.ca\/\" target=\"_blank\" rel=\"noopener noreferrer\">site web<\/a><\/li>\n<li>Theatre du Vieux-Terrebone; Salle du Moulinet (Terrebonne)\u00a0<a href=\"http:\/\/www.theatreduvieuxterrebonne.com\/\" target=\"_blank\" rel=\"noopener noreferrer\">site web<\/a><\/li>\n<\/ul>\n<h3><a id=\"sect13.10\" name=\"sect13.10\"><\/a>Laurentides<\/h3>\n<ul>\n<li>Salle Pierre Legault (Rosem\u00e8re)\u00a0<a href=\"http:\/\/www.odyscene.com\/\" target=\"_blank\" rel=\"noopener noreferrer\">site web<\/a><\/li>\n<li>Theatre Le Patriote (Saint-Agathe des Monts)\u00a0<a href=\"http:\/\/www.theatrepatriote.com\/\" target=\"_blank\" rel=\"noopener noreferrer\">site web<\/a><\/li>\n<li>Salle Augustin Norbert Morin (Sainte-Ad\u00e8le)\u00a0<a href=\"http:\/\/www.salleanm.ca\/\" target=\"_blank\" rel=\"noopener noreferrer\">site web<\/a><\/li>\n<li>Theatre Lionel-Groulx; Cabaret de l\u2019Eglise Sacr\u00e9-Coeur (Sainte-Th\u00e9r\u00e8se)\u00a0<a href=\"http:\/\/www.odyscene.com\/\" target=\"_blank\" rel=\"noopener noreferrer\">site web<\/a><\/li>\n<li>La Petite Eglise (Saint-Eustache)\u00a0<a href=\"http:\/\/www.lapetiteeglise.com\/\" target=\"_blank\" rel=\"noopener noreferrer\">site web<\/a><\/li>\n<li>Le Zenith (Saint-Eustache)\u00a0<a href=\"http:\/\/www.lezenithsteustache.ca\/\" target=\"_blank\" rel=\"noopener noreferrer\">site web<\/a><\/li>\n<li>Th\u00e9\u00e2tre Gilles Vigneault (Saint-Jerome)\u00a0<a href=\"https:\/\/theatregillesvigneault.com\/\" target=\"_blank\" rel=\"noopener noreferrer\">site web<\/a><\/li>\n<li>TGV (auparavant Salle Andr\u00e9-Provost; Salle Anthony Lessard) (Saint-Jerome)\u00a0<a href=\"http:\/\/www.enscene.ca\/\" target=\"_blank\" rel=\"noopener noreferrer\">site web<\/a><\/li>\n<li>Theatre du Marais; Eglise St-Norbert (Val-Morin)\u00a0<a href=\"http:\/\/theatredumarais.com\/\" target=\"_blank\" rel=\"noopener noreferrer\">site web<\/a><\/li>\n<\/ul>\n<h3><a id=\"sect13.11\" name=\"sect13.11\"><\/a>Laval<\/h3>\n<ul>\n<li>Salle Andr\u00e9-Mathieu; maison des arts (Laval)\u00a0<a href=\"http:\/\/www.salleandremathieu.com\/\" target=\"_blank\" rel=\"noopener noreferrer\">site web<\/a><\/li>\n<li>Theatre Marcellin-Champagnat (Laval)\u00a0<a href=\"http:\/\/www.theatremc.ca\/\" target=\"_blank\" rel=\"noopener noreferrer\">site web<\/a><\/li>\n<\/ul>\n<h3><a id=\"sect13.12\" name=\"sect13.12\"><\/a>Mauricie<\/h3>\n<ul>\n<li>Salle La Forestiere (La Tuque)\u00a0<a href=\"http:\/\/www.complexeculturelfelixleclerc.com\/\" target=\"_blank\" rel=\"noopener noreferrer\">site web<\/a><\/li>\n<li>(Shawinigan)\u00a0<a href=\"http:\/\/www.cultureshawinigan.ca\/\" target=\"_blank\" rel=\"noopener noreferrer\">site web<\/a><\/li>\n<li>Salle J Anthonio Thompson; CEGEP TR (Trois-Rivieres)\u00a0<a href=\"http:\/\/www.enspectacle.ca\/\" target=\"_blank\" rel=\"noopener noreferrer\">site web<\/a><\/li>\n<\/ul>\n<h3><a id=\"sect13.13\" name=\"sect13.13\"><\/a>Mont\u00e9r\u00e9gie<\/h3>\n<ul>\n<li>Salle Laurent Paquin (Acton Vale)\u00a0<a href=\"http:\/\/www.sallelaurentpaquin.com\/\" target=\"_blank\" rel=\"noopener noreferrer\">site web<\/a><\/li>\n<li>Centre culturel de Beloeil (Beloeil)\u00a0<a href=\"http:\/\/diffusioncoulisse.ca\/\" target=\"_blank\" rel=\"noopener noreferrer\">site web<\/a><\/li>\n<li>(Boucherville)\u00a0<a href=\"http:\/\/maguymusik.com\/\" target=\"_blank\" rel=\"noopener noreferrer\">site web<\/a><\/li>\n<li>Le Club Dix 30 (Brossard)\u00a0<a href=\"http:\/\/www.leclubdix30.com\/\" target=\"_blank\" rel=\"noopener noreferrer\">site web<\/a><\/li>\n<li>L\u2019Etoile Banque Nationale (Brossard)\u00a0<a href=\"http:\/\/www.letoilebanquenationale.ca\/\" target=\"_blank\" rel=\"noopener noreferrer\">site web<\/a><\/li>\n<li>Palace de Granby (Granby)\u00a0<a href=\"http:\/\/www.palacedegranby.com\/\" target=\"_blank\" rel=\"noopener noreferrer\">site web<\/a><\/li>\n<li>Salle Richard Sauvageau (Laprairie)\u00a0<a href=\"http:\/\/www.sallerichardsauvageau.com\/\" target=\"_blank\" rel=\"noopener noreferrer\">site web<\/a><\/li>\n<li>Theatre de la ville (Longueuil)\u00a0<a href=\"http:\/\/www.theatredelaville.qc.ca\/\" target=\"_blank\" rel=\"noopener noreferrer\">site web<\/a><\/li>\n<li>Centre des arts Juliette-Lassonde (Saint-Hyacinthe)\u00a0<a href=\"http:\/\/www.centredesarts.ca\/\" target=\"_blank\" rel=\"noopener noreferrer\">site web<\/a><\/li>\n<li>Theatre des deux rives; Cabaret-Theatre Vieux Saint-Jean (St-Jean sur Richelieu)\u00a0<a href=\"http:\/\/www.spec.qc.ca\/\" target=\"_blank\" rel=\"noopener noreferrer\">site web<\/a><\/li>\n<li>Hotel Les Trois Tilleuls (Saint-Marc-sur-Richelieu)\u00a0<a href=\"https:\/\/www.lestroistilleuls.com\/\" target=\"_blank\" rel=\"noopener noreferrer\">site web<\/a><\/li>\n<li>Salle Albert Dumouchel (Salaberry-de-Valleyfield)\u00a0<a href=\"http:\/\/www.valspec.qc.ca\/\" target=\"_blank\" rel=\"noopener noreferrer\">site web<\/a><\/li>\n<li>Theatre du Chenal-du-Moine (Sorel-Tracy)\u00a0<a href=\"http:\/\/www.icicestdrole.com\/\" target=\"_blank\" rel=\"noopener noreferrer\">site web<\/a><\/li>\n<li>Centre Marcel Dulude (St-Bruno)\u00a0<a href=\"http:\/\/www.stbruno.ca\/centre-marcel-dulude\" target=\"_blank\" rel=\"noopener noreferrer\">site web<\/a><\/li>\n<li>Pavillon des arts de la sc\u00e8ne (Varennes)\u00a0<a href=\"http:\/\/maguymusik.com\/\" target=\"_blank\" rel=\"noopener noreferrer\">site web<\/a><\/li>\n<\/ul>\n<h3><a id=\"sect13.14\" name=\"sect13.14\"><\/a>Montr\u00e9al<\/h3>\n<ul>\n<li>Centre Bell (Montr\u00e9al)\u00a0<a href=\"http:\/\/www.centrebell.ca\/\" target=\"_blank\" rel=\"noopener noreferrer\">site web<\/a><\/li>\n<li>Centre Pierre P\u00e9ladeau (Montr\u00e9al)\u00a0<a href=\"http:\/\/www.centrepierrepeladeau.uqam.ca\/\" target=\"_blank\" rel=\"noopener noreferrer\">site web<\/a><\/li>\n<li>Le G\u00e9su (Montr\u00e9al)\u00a0<a href=\"http:\/\/www.legesu.com\/\" target=\"_blank\" rel=\"noopener noreferrer\">site web<\/a><\/li>\n<li>La Tulipe (Montr\u00e9al)\u00a0<a href=\"http:\/\/www.latulipe.ca\/\" target=\"_blank\" rel=\"noopener noreferrer\">site web<\/a><\/li>\n<li>Monument National (Montr\u00e9al)\u00a0<a href=\"http:\/\/www.monumentnational.com\/\" target=\"_blank\" rel=\"noopener noreferrer\">site web<\/a><\/li>\n<li>Olympia de Montr\u00e9al (Montr\u00e9al)\u00a0<a href=\"http:\/\/www.olympiamontreal.com\/\" target=\"_blank\" rel=\"noopener noreferrer\">site web<\/a><\/li>\n<li>La Place des arts (Montr\u00e9al)\u00a0<a href=\"http:\/\/www.laplacedesarts.com\/\" target=\"_blank\" rel=\"noopener noreferrer\">site web<\/a><\/li>\n<li>Salle Olivier Guimond (Montr\u00e9al)\u00a0<a href=\"http:\/\/www.salleolivierguimond.com\/\" target=\"_blank\" rel=\"noopener noreferrer\">site web<\/a><\/li>\n<li>Salle Pauline Julien (Montr\u00e9al)\u00a0<a href=\"http:\/\/www.pauline-julien.com\/\" target=\"_blank\" rel=\"noopener noreferrer\">site web<\/a><\/li>\n<li>Theatre Desjardins Jean Grimaldi \u2013 Lasalle (Montr\u00e9al)\u00a0<a href=\"http:\/\/www.theatredesjardins.com\/\" target=\"_blank\" rel=\"noopener noreferrer\">site web<\/a><\/li>\n<li>Theatre Outremont (Montr\u00e9al)\u00a0<a href=\"http:\/\/www.theatreoutremont.ca\/\" target=\"_blank\" rel=\"noopener noreferrer\">site web<\/a><\/li>\n<li>Theatre St-Denis (Montr\u00e9al)\u00a0<a href=\"http:\/\/www.theatrestdenis.com\/\" target=\"_blank\" rel=\"noopener noreferrer\">site web<\/a><\/li>\n<\/ul>\n<h3><a id=\"sect13.15\" name=\"sect13.15\"><\/a>Nord du Qu\u00e9bec<\/h3>\n<ul>\n<li>(Chibougamau)\u00a0<a href=\"http:\/\/www.ville.chibougamau.qc.ca\/\" target=\"_blank\" rel=\"noopener noreferrer\">site web<\/a><\/li>\n<\/ul>\n<h3><a id=\"sect13.16\" name=\"sect13.16\"><\/a>Outaouais<\/h3>\n<ul>\n<li>CEGEP Outaouais (Gatineau)\u00a0<a href=\"http:\/\/www.cegepoutaouais.qc.ca\/\" target=\"_blank\" rel=\"noopener noreferrer\">site web<\/a><\/li>\n<li>Salle Desjardins du Carrefour culturel EStacade (Gatineau)\u00a0<a href=\"http:\/\/www.salledesjardins.ca\/\" target=\"_blank\" rel=\"noopener noreferrer\">site web<\/a><\/li>\n<li>Salle Odyss\u00e9e (Gatineau)\u00a0<a href=\"http:\/\/www.maisondelaculture.ca\/\" target=\"_blank\" rel=\"noopener noreferrer\">site web<\/a><\/li>\n<li>Theatre du Casino (Gatineau)\u00a0<a href=\"http:\/\/www.theatreducasino.ca\/\" target=\"_blank\" rel=\"noopener noreferrer\">site web<\/a><\/li>\n<li>Cit\u00e9 \u00e9tudiante de la Haute-Gatineau (Maniwaki)\u00a0<a href=\"http:\/\/www.cehg.qc.ca\/\" target=\"_blank\" rel=\"noopener noreferrer\">site web<\/a><\/li>\n<li>Maison de la culture de la Vall\u00e9e de la gatineau (Maniwaki)\u00a0<a href=\"http:\/\/www.mcvg.org\/\" target=\"_blank\" rel=\"noopener noreferrer\">site web<\/a><\/li>\n<\/ul>\n<h3><a id=\"sect13.17\" name=\"sect13.17\"><\/a>Saguenay-Lac-St-Jean<\/h3>\n<ul>\n<li>La Boite a Bleuets (Alma)\u00a0<a href=\"http:\/\/www.boiteableuets.com\/\" target=\"_blank\" rel=\"noopener noreferrer\">site web<\/a><\/li>\n<li>Salle Michel Cot\u00e9 (Alma)\u00a0<a href=\"http:\/\/www.almaspectacles.com\/\" target=\"_blank\" rel=\"noopener noreferrer\">site web<\/a><\/li>\n<li>Salle Desjardins Maria-Chapdeleine (Dolbeau-Mistassini)\u00a0<a href=\"http:\/\/www.comitedesspectacles.com\/\" target=\"_blank\" rel=\"noopener noreferrer\">site web<\/a><\/li>\n<li>Le Meteore (Dolbeau-Mistassini)\u00a0<a href=\"http:\/\/www.meteore.ca\/\" target=\"_blank\" rel=\"noopener noreferrer\">site web<\/a><\/li>\n<li>Theatre Banque Nationale; Theatre du Palais Municipal (Saguenay)\u00a0<a href=\"http:\/\/www.diffusion.saguenay.ca\/\" target=\"_blank\" rel=\"noopener noreferrer\">site web<\/a><\/li>\n<\/ul>\n<h3><a id=\"sect13.18\" name=\"sect13.18\"><\/a>Autres<\/h3>\n<ul>\n<li>ROSEQ\u00a0<a href=\"http:\/\/www.roseq.qc.ca\/\" target=\"_blank\" rel=\"noopener noreferrer\">site web<\/a><\/li>\n<li>RIDEAU\u00a0<a href=\"http:\/\/www.rideau-inc.qc.ca\/\" target=\"_blank\" rel=\"noopener noreferrer\">site web<\/a><\/li>\n<li>R\u00e9seau Sc\u00e8nes\u00a0<a href=\"http:\/\/www.reseauscenes.com\/\" target=\"_blank\" rel=\"noopener noreferrer\">site web<\/a><\/li>\n<\/ul>\n<table border=\"0\" width=\"800\" cellspacing=\"0\" cellpadding=\"2\">\n<tbody>\n<tr class=\"DecreaseFontMore\" bgcolor=\"#cccccc\">\n<td>\u00a9\u00a0Francois Brouard &amp; GRIH, Tous droits r\u00e9serv\u00e9s \/ All rights reserved.<br \/>\nDerni\u00e8re mise-\u00e0-jour \/ Last update: January 21 janvier 2021<\/td>\n<\/tr>\n<\/tbody>\n<\/table>\n","protected":false},"excerpt":{"rendered":"<p>Salles de spectacle au Qu\u00e9bec (selon les r\u00e9gions administratives) Abitibi-T\u00e9miscamingue Theatre des Eskers (Amos) Salle Desjardins (Lasarre) Salle Centre communautaire (Lebel-sur-Qu\u00e9villon) Theatre Megalab (Malartic)\u00a0site web Theatre du Cuivre (Rouyn-Noranda) Salle Dottori (T\u00e9miscaming) Theatre Telebec (Val d\u2019Or)\u00a0site web Theatre du Rift (Ville Marie)\u00a0site web Bas Saint-Laurent Salle Jean Cossette (Amqui)\u00a0site web Centre culturel Georges-Deschenes (D\u00e9gelis)\u00a0site web [&hellip;]<\/p>\n","protected":false},"author":7,"featured_media":0,"parent":0,"menu_order":0,"comment_status":"closed","ping_status":"closed","template":"","meta":{"_relevanssi_hide_post":"","_relevanssi_hide_content":"","_relevanssi_pin_for_all":"","_relevanssi_pin_keywords":"","_relevanssi_unpin_keywords":"","_relevanssi_related_keywords":"","_relevanssi_related_include_ids":"","_relevanssi_related_exclude_ids":"","_relevanssi_related_no_append":"","_relevanssi_related_not_related":"","_relevanssi_related_posts":"","_relevanssi_noindex_reason":"","_mi_skip_tracking":false,"_exactmetrics_sitenote_active":false,"_exactmetrics_sitenote_note":"","_exactmetrics_sitenote_category":0,"_monsterinsights_sitenote_active":false,"_monsterinsights_sitenote_note":"","_monsterinsights_sitenote_category":0,"footnotes":"","_links_to":"","_links_to_target":""},"yoast_head":"<!-- This site is optimized with the Yoast SEO plugin v21.2 - https:\/\/yoast.com\/wordpress\/plugins\/seo\/ -->\n<title>Diffuseur et salles - GRIH \u2013 Humour<\/title>\n<meta name=\"description\" content=\"Salles de spectacle au Qu\u00e9bec (selon les r\u00e9gions administratives) Abitibi-T\u00e9miscamingue Theatre des Eskers (Amos) Salle Desjardins (Lasarre) Salle Centre\" \/>\n<meta name=\"robots\" content=\"index, follow, max-snippet:-1, max-image-preview:large, max-video-preview:-1\" \/>\n<link rel=\"canonical\" href=\"https:\/\/carleton.ca\/humour\/diffuseur-salles\/\" \/>\n<meta name=\"twitter:label1\" content=\"Est. reading time\" \/>\n\t<meta name=\"twitter:data1\" content=\"4 minutes\" \/>\n<script type=\"application\/ld+json\" class=\"yoast-schema-graph\">{\"@context\":\"https:\/\/schema.org\",\"@graph\":[{\"@type\":\"WebPage\",\"@id\":\"https:\/\/carleton.ca\/humour\/diffuseur-salles\/\",\"url\":\"https:\/\/carleton.ca\/humour\/diffuseur-salles\/\",\"name\":\"Diffuseur et salles - GRIH \u2013 Humour\",\"isPartOf\":{\"@id\":\"https:\/\/carleton.ca\/humour\/#website\"},\"datePublished\":\"2021-01-21T21:17:17+00:00\",\"dateModified\":\"2021-01-21T22:40:12+00:00\",\"description\":\"Salles de spectacle au Qu\u00e9bec (selon les r\u00e9gions administratives) Abitibi-T\u00e9miscamingue Theatre des Eskers (Amos) Salle Desjardins (Lasarre) Salle Centre\",\"breadcrumb\":{\"@id\":\"https:\/\/carleton.ca\/humour\/diffuseur-salles\/#breadcrumb\"},\"inLanguage\":\"en-US\",\"potentialAction\":[{\"@type\":\"ReadAction\",\"target\":[\"https:\/\/carleton.ca\/humour\/diffuseur-salles\/\"]}]},{\"@type\":\"BreadcrumbList\",\"@id\":\"https:\/\/carleton.ca\/humour\/diffuseur-salles\/#breadcrumb\",\"itemListElement\":[{\"@type\":\"ListItem\",\"position\":1,\"name\":\"Home\",\"item\":\"https:\/\/carleton.ca\/humour\/\"},{\"@type\":\"ListItem\",\"position\":2,\"name\":\"Diffuseur et salles\"}]},{\"@type\":\"WebSite\",\"@id\":\"https:\/\/carleton.ca\/humour\/#website\",\"url\":\"https:\/\/carleton.ca\/humour\/\",\"name\":\"GRIH \u2013 Humour\",\"description\":\"Carleton University\",\"potentialAction\":[{\"@type\":\"SearchAction\",\"target\":{\"@type\":\"EntryPoint\",\"urlTemplate\":\"https:\/\/carleton.ca\/humour\/?s={search_term_string}\"},\"query-input\":\"required name=search_term_string\"}],\"inLanguage\":\"en-US\"}]}<\/script>\n<!-- \/ Yoast SEO plugin. -->","yoast_head_json":{"title":"Diffuseur et salles - GRIH \u2013 Humour","description":"Salles de spectacle au Qu\u00e9bec (selon les r\u00e9gions administratives) Abitibi-T\u00e9miscamingue Theatre des Eskers (Amos) Salle Desjardins (Lasarre) Salle Centre","robots":{"index":"index","follow":"follow","max-snippet":"max-snippet:-1","max-image-preview":"max-image-preview:large","max-video-preview":"max-video-preview:-1"},"canonical":"https:\/\/carleton.ca\/humour\/diffuseur-salles\/","twitter_misc":{"Est. reading time":"4 minutes"},"schema":{"@context":"https:\/\/schema.org","@graph":[{"@type":"WebPage","@id":"https:\/\/carleton.ca\/humour\/diffuseur-salles\/","url":"https:\/\/carleton.ca\/humour\/diffuseur-salles\/","name":"Diffuseur et salles - GRIH \u2013 Humour","isPartOf":{"@id":"https:\/\/carleton.ca\/humour\/#website"},"datePublished":"2021-01-21T21:17:17+00:00","dateModified":"2021-01-21T22:40:12+00:00","description":"Salles de spectacle au Qu\u00e9bec (selon les r\u00e9gions administratives) Abitibi-T\u00e9miscamingue Theatre des Eskers (Amos) Salle Desjardins (Lasarre) Salle Centre","breadcrumb":{"@id":"https:\/\/carleton.ca\/humour\/diffuseur-salles\/#breadcrumb"},"inLanguage":"en-US","potentialAction":[{"@type":"ReadAction","target":["https:\/\/carleton.ca\/humour\/diffuseur-salles\/"]}]},{"@type":"BreadcrumbList","@id":"https:\/\/carleton.ca\/humour\/diffuseur-salles\/#breadcrumb","itemListElement":[{"@type":"ListItem","position":1,"name":"Home","item":"https:\/\/carleton.ca\/humour\/"},{"@type":"ListItem","position":2,"name":"Diffuseur et salles"}]},{"@type":"WebSite","@id":"https:\/\/carleton.ca\/humour\/#website","url":"https:\/\/carleton.ca\/humour\/","name":"GRIH \u2013 Humour","description":"Carleton University","potentialAction":[{"@type":"SearchAction","target":{"@type":"EntryPoint","urlTemplate":"https:\/\/carleton.ca\/humour\/?s={search_term_string}"},"query-input":"required name=search_term_string"}],"inLanguage":"en-US"}]}},"acf":{"banner_image_type":"none","banner_button":"no"},"_links":{"self":[{"href":"https:\/\/carleton.ca\/humour\/wp-json\/wp\/v2\/pages\/54"}],"collection":[{"href":"https:\/\/carleton.ca\/humour\/wp-json\/wp\/v2\/pages"}],"about":[{"href":"https:\/\/carleton.ca\/humour\/wp-json\/wp\/v2\/types\/page"}],"author":[{"embeddable":true,"href":"https:\/\/carleton.ca\/humour\/wp-json\/wp\/v2\/users\/7"}],"replies":[{"embeddable":true,"href":"https:\/\/carleton.ca\/humour\/wp-json\/wp\/v2\/comments?post=54"}],"version-history":[{"count":3,"href":"https:\/\/carleton.ca\/humour\/wp-json\/wp\/v2\/pages\/54\/revisions"}],"predecessor-version":[{"id":105,"href":"https:\/\/carleton.ca\/humour\/wp-json\/wp\/v2\/pages\/54\/revisions\/105"}],"wp:attachment":[{"href":"https:\/\/carleton.ca\/humour\/wp-json\/wp\/v2\/media?parent=54"}],"curies":[{"name":"wp","href":"https:\/\/api.w.org\/{rel}","templated":true}]}}