{"id":61,"date":"2021-01-21T16:22:25","date_gmt":"2021-01-21T21:22:25","guid":{"rendered":"https:\/\/carleton.ca\/humour\/?page_id=61"},"modified":"2021-01-21T17:06:12","modified_gmt":"2021-01-21T22:06:12","slug":"autres","status":"publish","type":"page","link":"https:\/\/carleton.ca\/humour\/autres\/","title":{"rendered":"Autres"},"content":{"rendered":"<h2>Autres liens \u2013 sites au Qu\u00e9bec<\/h2>\n<h3><a id=\"sect14.1\" name=\"sect14.1\"><\/a>Magazines qu\u00e9b\u00e9cois<\/h3>\n<ul>\n<li>Safarir\u00a0<a href=\"http:\/\/www.safarir.com\/\" target=\"_blank\" rel=\"noopener noreferrer\">site web<\/a><\/li>\n<li>D\u00e9lire\u00a0<a href=\"http:\/\/www.delire.qc.ca\/\" target=\"_blank\" rel=\"noopener noreferrer\">site web<\/a><\/li>\n<\/ul>\n<h3><a id=\"sect14.2\" name=\"sect14.2\"><\/a>Blog<\/h3>\n<ul>\n<li>Marie Jetset \u2013 Les coulisses du rire\u00a0<a href=\"https:\/\/mariejetset.wordpress.com\/\" target=\"_blank\" rel=\"noopener noreferrer\">site web<\/a>\u00a0\/\u00a0<a href=\"https:\/\/twitter.com\/mariejetset\" target=\"_blank\" rel=\"noopener noreferrer\">Twitter@mariejetset<\/a><\/li>\n<li>Le Bothum.biz (actif ?)\u00a0<a href=\"http:\/\/www.lebothum.biz\/\" target=\"_blank\" rel=\"noopener noreferrer\">site web<\/a><\/li>\n<\/ul>\n<h2>Autres liens<\/h2>\n<ul>\n<li>50 best stand-up comics of all time, Matthew Love,\u00a0<i>Rolling Stone<\/i>, February 14, 2017\u00a0<a href=\"https:\/\/www.rollingstone.com\/culture\/lists\/50-best-stand-up-comics-of-all-time-w464199\" target=\"_blank\" rel=\"noopener noreferrer\">article<\/a><\/li>\n<\/ul>\n<p><\/p>\n<table border=\"0\" width=\"800\" cellspacing=\"0\" cellpadding=\"2\">\n<tbody>\n<tr class=\"DecreaseFontMore\" bgcolor=\"#cccccc\">\n<td>\u00a9\u00a0Francois Brouard &#038; GRIH, Tous droits r\u00e9serv\u00e9s \/ All rights reserved.<br \/>\nDerni\u00e8re mise-\u00e0-jour \/ Last update: January 21 janvier 2021<\/td>\n<\/tr>\n<\/tbody>\n<\/table>\n","protected":false},"excerpt":{"rendered":"<p>Autres liens \u2013 sites au Qu\u00e9bec Magazines qu\u00e9b\u00e9cois Safarir\u00a0site web D\u00e9lire\u00a0site web Blog Marie Jetset \u2013 Les coulisses du rire\u00a0site web\u00a0\/\u00a0Twitter@mariejetset Le Bothum.biz (actif ?)\u00a0site web Autres liens 50 best stand-up comics of all time, Matthew Love,\u00a0Rolling Stone, February 14, 2017\u00a0article \u00a9\u00a0Francois Brouard &#038; GRIH, Tous droits r\u00e9serv\u00e9s \/ All rights reserved. Derni\u00e8re mise-\u00e0-jour \/ [&hellip;]<\/p>\n","protected":false},"author":7,"featured_media":0,"parent":0,"menu_order":0,"comment_status":"closed","ping_status":"closed","template":"","meta":{"_relevanssi_hide_post":"","_relevanssi_hide_content":"","_relevanssi_pin_for_all":"","_relevanssi_pin_keywords":"","_relevanssi_unpin_keywords":"","_relevanssi_related_keywords":"","_relevanssi_related_include_ids":"","_relevanssi_related_exclude_ids":"","_relevanssi_related_no_append":"","_relevanssi_related_not_related":"","_relevanssi_related_posts":"","_relevanssi_noindex_reason":"","_mi_skip_tracking":false,"_exactmetrics_sitenote_active":false,"_exactmetrics_sitenote_note":"","_exactmetrics_sitenote_category":0,"_monsterinsights_sitenote_active":false,"_monsterinsights_sitenote_note":"","_monsterinsights_sitenote_category":0,"footnotes":"","_links_to":"","_links_to_target":""},"yoast_head":"<!-- This site is optimized with the Yoast SEO plugin v21.2 - https:\/\/yoast.com\/wordpress\/plugins\/seo\/ -->\n<title>Autres - GRIH \u2013 Humour<\/title>\n<meta name=\"description\" content=\"Autres liens \u2013 sites au Qu\u00e9bec Magazines qu\u00e9b\u00e9cois Safarir\u00a0site web D\u00e9lire\u00a0site web Blog Marie Jetset \u2013 Les coulisses du rire\u00a0site\" \/>\n<meta name=\"robots\" content=\"index, follow, max-snippet:-1, max-image-preview:large, max-video-preview:-1\" \/>\n<link rel=\"canonical\" href=\"https:\/\/carleton.ca\/humour\/autres\/\" \/>\n<script type=\"application\/ld+json\" class=\"yoast-schema-graph\">{\"@context\":\"https:\/\/schema.org\",\"@graph\":[{\"@type\":\"WebPage\",\"@id\":\"https:\/\/carleton.ca\/humour\/autres\/\",\"url\":\"https:\/\/carleton.ca\/humour\/autres\/\",\"name\":\"Autres - GRIH \u2013 Humour\",\"isPartOf\":{\"@id\":\"https:\/\/carleton.ca\/humour\/#website\"},\"datePublished\":\"2021-01-21T21:22:25+00:00\",\"dateModified\":\"2021-01-21T22:06:12+00:00\",\"description\":\"Autres liens \u2013 sites au Qu\u00e9bec Magazines qu\u00e9b\u00e9cois Safarir\u00a0site web D\u00e9lire\u00a0site web Blog Marie Jetset \u2013 Les coulisses du rire\u00a0site\",\"breadcrumb\":{\"@id\":\"https:\/\/carleton.ca\/humour\/autres\/#breadcrumb\"},\"inLanguage\":\"en-US\",\"potentialAction\":[{\"@type\":\"ReadAction\",\"target\":[\"https:\/\/carleton.ca\/humour\/autres\/\"]}]},{\"@type\":\"BreadcrumbList\",\"@id\":\"https:\/\/carleton.ca\/humour\/autres\/#breadcrumb\",\"itemListElement\":[{\"@type\":\"ListItem\",\"position\":1,\"name\":\"Home\",\"item\":\"https:\/\/carleton.ca\/humour\/\"},{\"@type\":\"ListItem\",\"position\":2,\"name\":\"Autres\"}]},{\"@type\":\"WebSite\",\"@id\":\"https:\/\/carleton.ca\/humour\/#website\",\"url\":\"https:\/\/carleton.ca\/humour\/\",\"name\":\"GRIH \u2013 Humour\",\"description\":\"Carleton University\",\"potentialAction\":[{\"@type\":\"SearchAction\",\"target\":{\"@type\":\"EntryPoint\",\"urlTemplate\":\"https:\/\/carleton.ca\/humour\/?s={search_term_string}\"},\"query-input\":\"required name=search_term_string\"}],\"inLanguage\":\"en-US\"}]}<\/script>\n<!-- \/ Yoast SEO plugin. -->","yoast_head_json":{"title":"Autres - GRIH \u2013 Humour","description":"Autres liens \u2013 sites au Qu\u00e9bec Magazines qu\u00e9b\u00e9cois Safarir\u00a0site web D\u00e9lire\u00a0site web Blog Marie Jetset \u2013 Les coulisses du rire\u00a0site","robots":{"index":"index","follow":"follow","max-snippet":"max-snippet:-1","max-image-preview":"max-image-preview:large","max-video-preview":"max-video-preview:-1"},"canonical":"https:\/\/carleton.ca\/humour\/autres\/","schema":{"@context":"https:\/\/schema.org","@graph":[{"@type":"WebPage","@id":"https:\/\/carleton.ca\/humour\/autres\/","url":"https:\/\/carleton.ca\/humour\/autres\/","name":"Autres - GRIH \u2013 Humour","isPartOf":{"@id":"https:\/\/carleton.ca\/humour\/#website"},"datePublished":"2021-01-21T21:22:25+00:00","dateModified":"2021-01-21T22:06:12+00:00","description":"Autres liens \u2013 sites au Qu\u00e9bec Magazines qu\u00e9b\u00e9cois Safarir\u00a0site web D\u00e9lire\u00a0site web Blog Marie Jetset \u2013 Les coulisses du rire\u00a0site","breadcrumb":{"@id":"https:\/\/carleton.ca\/humour\/autres\/#breadcrumb"},"inLanguage":"en-US","potentialAction":[{"@type":"ReadAction","target":["https:\/\/carleton.ca\/humour\/autres\/"]}]},{"@type":"BreadcrumbList","@id":"https:\/\/carleton.ca\/humour\/autres\/#breadcrumb","itemListElement":[{"@type":"ListItem","position":1,"name":"Home","item":"https:\/\/carleton.ca\/humour\/"},{"@type":"ListItem","position":2,"name":"Autres"}]},{"@type":"WebSite","@id":"https:\/\/carleton.ca\/humour\/#website","url":"https:\/\/carleton.ca\/humour\/","name":"GRIH \u2013 Humour","description":"Carleton University","potentialAction":[{"@type":"SearchAction","target":{"@type":"EntryPoint","urlTemplate":"https:\/\/carleton.ca\/humour\/?s={search_term_string}"},"query-input":"required name=search_term_string"}],"inLanguage":"en-US"}]}},"acf":{"banner_image_type":"none","banner_button":"no"},"_links":{"self":[{"href":"https:\/\/carleton.ca\/humour\/wp-json\/wp\/v2\/pages\/61"}],"collection":[{"href":"https:\/\/carleton.ca\/humour\/wp-json\/wp\/v2\/pages"}],"about":[{"href":"https:\/\/carleton.ca\/humour\/wp-json\/wp\/v2\/types\/page"}],"author":[{"embeddable":true,"href":"https:\/\/carleton.ca\/humour\/wp-json\/wp\/v2\/users\/7"}],"replies":[{"embeddable":true,"href":"https:\/\/carleton.ca\/humour\/wp-json\/wp\/v2\/comments?post=61"}],"version-history":[{"count":3,"href":"https:\/\/carleton.ca\/humour\/wp-json\/wp\/v2\/pages\/61\/revisions"}],"predecessor-version":[{"id":71,"href":"https:\/\/carleton.ca\/humour\/wp-json\/wp\/v2\/pages\/61\/revisions\/71"}],"wp:attachment":[{"href":"https:\/\/carleton.ca\/humour\/wp-json\/wp\/v2\/media?parent=61"}],"curies":[{"name":"wp","href":"https:\/\/api.w.org\/{rel}","templated":true}]}}