{"id":81,"date":"2021-01-21T17:14:07","date_gmt":"2021-01-21T22:14:07","guid":{"rendered":"https:\/\/carleton.ca\/humour\/?page_id=81"},"modified":"2021-01-21T17:16:01","modified_gmt":"2021-01-21T22:16:01","slug":"intervenants","status":"publish","type":"page","link":"https:\/\/carleton.ca\/humour\/intervenants\/","title":{"rendered":"Intervenants"},"content":{"rendered":"<h2>Intervenants associ\u00e9s \u00e0 l\u2019industrie de l\u2019humour QC<\/h2>\n<h3><a id=\"sect4.1\" name=\"sect4.1\"><\/a>Intervenants de soutien \u2013 recherche et formation<\/h3>\n<ul>\n<li>Observatoire de l\u2019humour (OH)\u00a0<a href=\"http:\/\/www.observatoiredelhumour.org\/\" target=\"_blank\" rel=\"noopener noreferrer\">site web<\/a><\/li>\n<li>Groupe de recherche sur l\u2019industrie de l\u2019humour (GRIH), associ\u00e9 au SCSE-CSES\u00a0<a href=\"http:\/\/carleton.ca\/profbrouard\/humour\" target=\"_blank\" rel=\"noopener noreferrer\">site web<\/a>\u00a0\/\u00a0<a href=\"https:\/\/twitter.com\/industriehumour\" target=\"_blank\" rel=\"noopener noreferrer\">Tw@IndustrieHumour<\/a><\/li>\n<li>Observatoire de la culture et des communications du Qu\u00e9bec (OCCQ)\u00a0<a href=\"http:\/\/www.stat.gouv.qc.ca\/statistiques\/culture\/index.html\" target=\"_blank\" rel=\"noopener noreferrer\">site web<\/a><\/li>\n<li>\u00c9cole nationale de l\u2019humour (ENH)\u00a0<a href=\"http:\/\/www.enh.qc.ca\/\" target=\"_blank\" rel=\"noopener noreferrer\">site web<\/a>\u00a0\/\u00a0<a href=\"https:\/\/twitter.com\/Ecolehumour\" target=\"_blank\" rel=\"noopener noreferrer\">Tw@Ecolehumour<\/a>\u00a0\/\u00a0<a href=\"https:\/\/twitter.com\/loulouricher\" target=\"_blank\" rel=\"noopener noreferrer\">Tw@loulouricher<\/a><\/li>\n<li>Les Atelier Danielle Fichaud (sp\u00e9cial humoristes)\u00a0<a href=\"http:\/\/www.lesateliersdaniellefichaud.com\/\" target=\"_blank\" rel=\"noopener noreferrer\">site web<\/a><\/li>\n<\/ul>\n<h3><a id=\"sect4.2\" name=\"sect4.2\"><\/a>Intervenants de soutien \u2013 associations<\/h3>\n<ul>\n<li>Association des professionnels de l\u2019industrie de l\u2019humour (APIH)\u00a0<a href=\"http:\/\/www.apih.ca\/\" target=\"_blank\" rel=\"noopener noreferrer\">site web<\/a>\u00a0\/\u00a0<a href=\"https:\/\/twitter.com\/AssociationPIH\" target=\"_blank\" rel=\"noopener noreferrer\">Tw@AssociationPIH<\/a>\u00a0\/\u00a0<a href=\"https:\/\/twitter.com\/APIH_Note\" target=\"_blank\" rel=\"noopener noreferrer\">Tw@APIH_Note<\/a><\/li>\n<li>Association qu\u00e9b\u00e9coise de l\u2019industrie du disque, du spectacle et de la vid\u00e9o (ADISQ)\u00a0<a href=\"http:\/\/www.adisq.com\/\" target=\"_blank\" rel=\"noopener noreferrer\">site web<\/a><\/li>\n<li>Humoristes Associ\u00e9s (HA) (inactif)\u00a0<a href=\"http:\/\/www.humoristesassocies.com\/\" target=\"_blank\" rel=\"noopener noreferrer\">site web<\/a><\/li>\n<li>Union des artistes (UDA)\u00a0<a href=\"http:\/\/www.uda.ca\/\" target=\"_blank\" rel=\"noopener noreferrer\">site web<\/a><\/li>\n<li>ARTISTI\u00a0<a href=\"http:\/\/www.artisti.ca\/\" target=\"_blank\" rel=\"noopener noreferrer\">site web<\/a><\/li>\n<li>Alliance of Canadian Cinema, Television and Radio Artists (ACTRA)\u00a0<a href=\"http:\/\/www.actra.ca\/\" target=\"_blank\" rel=\"noopener noreferrer\">site web national<\/a>\u00a0<a href=\"http:\/\/www.actramontreal.ca\/\" target=\"_blank\" rel=\"noopener noreferrer\">site web Montr\u00e9al<\/a><\/li>\n<li>Soci\u00e9t\u00e9 des auteurs de radio, t\u00e9l\u00e9vision et cin\u00e9ma (SARTEC)\u00a0<a href=\"http:\/\/www.sartec.qc.ca\/\" target=\"_blank\" rel=\"noopener noreferrer\">site web<\/a><\/li>\n<li>Association des professionnels des arts de la sc\u00e8ne du Qu\u00e9bec (APASQ)\u00a0<a href=\"http:\/\/www.apasq.org\/\" target=\"_blank\" rel=\"noopener noreferrer\">site web<\/a><\/li>\n<li>Association professionnelle des repr\u00e9sentants d\u2019artistes du Qu\u00e9bec (APRAQ)\u00a0<a href=\"https:\/\/apraq.ca\/\" target=\"_blank\" rel=\"noopener noreferrer\">site web<\/a><\/li>\n<li>Association qu\u00e9b\u00e9coise des agents artistiques (AQAA)\u00a0<a href=\"https:\/\/agents-artistiques.ca\/\" target=\"_blank\" rel=\"noopener noreferrer\">site web<\/a><\/li>\n<li>Alliance internationale des employ\u00e9s de sc\u00e8ne, de th\u00e9\u00e2tre et de cin\u00e9ma des \u00c9tats-Unis, de ses territoires et du Canada \/ International Alliance of Theatrical Stage Employees, Moving Picture Technicians, Artists and Allied Crafts\u00a0of the United States, its Territories and Canada (AIEST \/ IATSE)\u00a0<a href=\"http:\/\/www.iatse56.com\/\" target=\"_blank\" rel=\"noopener noreferrer\">site web 56<\/a>\u00a0\/\u00a0<a href=\"http:\/\/www.iatselocal262.com\/\" target=\"_blank\" rel=\"noopener noreferrer\">site web 262<\/a>\u00a0\/\u00a0<a href=\"http:\/\/www.iatse514.net\/\" target=\"_blank\" rel=\"noopener noreferrer\">site web 514<\/a><\/li>\n<li>Alliance qu\u00e9b\u00e9coise des techniciens de l\u2019image et du son (AQTIS)\u00a0<a href=\"http:\/\/www.aqtis.qc.ca\/\" target=\"_blank\" rel=\"noopener noreferrer\">site web<\/a><\/li>\n<li>Centre qu\u00e9b\u00e9cois de l\u2019Institut canadien des technologies sc\u00e9nographiques (CQICTS)\u00a0<a href=\"https:\/\/www.citt.org\/quebec.html\" target=\"_blank\" rel=\"noopener noreferrer\">site web<\/a><\/li>\n<li>Institut canadien des technologies sc\u00e9nographiques (ICTS) \/ Canadian Institute for Theatre Technology (CITT)\u00a0<a href=\"https:\/\/www.citt.org\/index_Fr.html\" target=\"_blank\" rel=\"noopener noreferrer\">site web FR<\/a>\u00a0\/\u00a0<a href=\"https:\/\/www.citt.org\/\" target=\"_blank\" rel=\"noopener noreferrer\">site web EN<\/a><\/li>\n<li>Guilde des musiciens et musiciennes du Qu\u00e9bec (GMMQ)\u00a0<a href=\"http:\/\/www.gmmq.com\/\" target=\"_blank\" rel=\"noopener noreferrer\">site web<\/a><\/li>\n<li>Agence canadienne des droits de reproduction musicaux lt\u00e9e \/ Canadian Musical Reproduction Rights Agency Ltd (CMRRA)\u00a0<a href=\"http:\/\/www.cmrra.ca\/\" target=\"_blank\" rel=\"noopener noreferrer\">site web<\/a><\/li>\n<li>Soci\u00e9t\u00e9 du droit de reproduction des auteurs compositeurs et \u00e9diteurs au Canada \/ Society for reproduction rights of authors, composers and publishers in Canada (SODRAC)\u00a0<a href=\"http:\/\/www.sodrac.ca\/\" target=\"_blank\" rel=\"noopener noreferrer\">site web<\/a><\/li>\n<li>Soci\u00e9t\u00e9 canadienne des auteurs, compositeurs et \u00e9diteurs de musique \/ Society of Composers, Authors and Music Publishers of Canada (SOCAN)\u00a0<a href=\"http:\/\/www.socan.ca\/\" target=\"_blank\" rel=\"noopener noreferrer\">site web<\/a><\/li>\n<li>Comp\u00e9tence Culture \u2013 Comit\u00e9 sectoriel de main d\u2019oeuvre en culture (auparavant Conseil qu\u00e9b\u00e9cois des resources humaines en culture (CQRHC))\u00a0<a href=\"http:\/\/www.competenceculture.ca\/\" target=\"_blank\" rel=\"noopener noreferrer\">site web<\/a><\/li>\n<li>Conseil des ressources humaines du secteur culturel \/ Cultural Human Resources Council (CRHSC \/ CHRC)\u00a0<a href=\"http:\/\/www.culturalhrc.ca\/\" target=\"_blank\" rel=\"noopener noreferrer\">site web<\/a><br \/>\nTables rondes intersectorielles sur la relance\u00a0<a href=\"http:\/\/culturalhrc.ca\/fr\/trir\" target=\"_blank\" rel=\"noopener noreferrer\">(TRIR)<\/a>\u00a0\/ Cross Sectoral Recovery Roundtables\u00a0<a href=\"http:\/\/culturalhrc.ca\/csrr\" target=\"_blank\" rel=\"noopener noreferrer\">(CSRR)<\/a><\/li>\n<li>Association des diffuseurs de salles de spectacles (RIDEAU)\u00a0<a href=\"https:\/\/associationrideau.ca\/\" target=\"_blank\" rel=\"noopener noreferrer\">site web<\/a><\/li>\n<li>R\u00e9seau des Organisateurs de Spectacles de l\u2019Est du Qu\u00e9bec (ROSEQ)\u00a0<a href=\"https:\/\/www.roseq.qc.ca\/\" target=\"_blank\" rel=\"noopener noreferrer\">site web<\/a><\/li>\n<li>Festivals et \u00c9v\u00e8nements Qu\u00e9bec (FEQ) &amp; Soci\u00e9t\u00e9 des Attractions Touristiques du Qu\u00e9bec (SATQ)\u00a0<a href=\"http:\/\/www.attractionsevenements.com\/\" target=\"_blank\" rel=\"noopener noreferrer\">site web<\/a><\/li>\n<li>Regroupement des \u00c9v\u00e8nements Majeurs Internationaux (R\u00c9MI)\u00a0<a href=\"http:\/\/remi.qc.ca\/\" target=\"_blank\" rel=\"noopener noreferrer\">site web<\/a><\/li>\n<\/ul>\n<h3><a id=\"sect4.3\" name=\"sect4.3\"><\/a>Intervenants de soutien \u2013 organismes gouvernementaux<\/h3>\n<ul>\n<li>Minist\u00e8re de la Culture et des Communications du Gouvernement du Qu\u00e9bec (MCCQ)\u00a0<a href=\"http:\/\/www.mcc.gouv.qc.ca\/\" target=\"_blank\" rel=\"noopener noreferrer\">site web<\/a><\/li>\n<li>Soci\u00e9t\u00e9 de d\u00e9veloppement des entreprises culturelles (SODEC)\u00a0<a href=\"http:\/\/www.sodec.gouv.qc.ca\/\" target=\"_blank\" rel=\"noopener noreferrer\">site web<\/a><\/li>\n<li>Conseil des arts et des lettres du Qu\u00e9bec (CALQ)\u00a0<a href=\"http:\/\/www.calq.gouv.qc.ca\/\" target=\"_blank\" rel=\"noopener noreferrer\">site web<\/a><\/li>\n<li>Patrimoine canadien du Gouvernement du Canada\u00a0<a href=\"http:\/\/www.pch.gc.ca\/\" target=\"_blank\" rel=\"noopener noreferrer\">site web<\/a><\/li>\n<li>Conseil des ressources humaines du secteur culturel (CRHSC)\u00a0<a href=\"https:\/\/www.culturalhrc.ca\/fr\" target=\"_blank\" rel=\"noopener noreferrer\">site web FR<\/a>\u00a0\/\u00a0<a href=\"https:\/\/www.culturalhrc.ca\/\" target=\"_blank\" rel=\"noopener noreferrer\">website EN<\/a><\/li>\n<li>Conseil des arts du Canada (CAC)\u00a0<a href=\"http:\/\/www.conseildesarts.ca\/\" target=\"_blank\" rel=\"noopener noreferrer\">site web<\/a><\/li>\n<li>Conseil des arts de Montr\u00e9al\u00a0<a href=\"http:\/\/www.artsmontreal.org\/\" target=\"_blank\" rel=\"noopener noreferrer\">site web<\/a><\/li>\n<li>Conseil des arts de Longueuil\u00a0<a href=\"http:\/\/www.conseildesartsdelongueuil.ca\/\" target=\"_blank\" rel=\"noopener noreferrer\">site web\u00a0<\/a><\/li>\n<li>Conseil des arts de Saguenay\u00a0<a href=\"http:\/\/www.conseildesartssaguenay.com\/\" target=\"_blank\" rel=\"noopener noreferrer\">site web<\/a><\/li>\n<\/ul>\n<h2><a id=\"sect5\" name=\"sect5\"><\/a>Intervenants associ\u00e9s \u00e0 l\u2019industrie de l\u2019humour CAN<\/h2>\n<ul>\n<li>Canadian Association of Stand-up Comedians (CASC)\u00a0<a href=\"http:\/\/canadianstandup.ca\/\" target=\"_blank\" rel=\"noopener noreferrer\">web site<\/a>\u00a0\/\u00a0<a href=\"https:\/\/www.facebook.com\/canadianstandup\/\" target=\"_blank\" rel=\"noopener noreferrer\">Facebook<\/a><\/li>\n<li>The Foundation of Canadian Comedy (CANCOM)\u00a0<a href=\"http:\/\/cancomedy.ca\/\" target=\"_blank\" rel=\"noopener noreferrer\">web site<\/a>\u00a0\/\u00a0<a href=\"https:\/\/www.facebook.com\/FoundationForCanadianComedy\/\" target=\"_blank\" rel=\"noopener noreferrer\">Facebook<\/a><br \/>\nCANCOM (2020).\u00a0<i>Profile and Value Chain Analysis: Ontario Comedy Content Creators<\/i>, report prepared by Nordicity, November, 62p.\u00a0<a href=\"https:\/\/carleton.ca\/profbrouard\/wp-content\/uploads\/ReportCANCOMComedyProfileONCreators202011FINAL.pdf\" target=\"_blank\" rel=\"noopener noreferrer\">PDF<\/a>\u00a0\/\u00a0<a href=\"https:\/\/www.facebook.com\/786751574865331\/posts\/1596916127182201\/\" target=\"_blank\" rel=\"noopener noreferrer\">video presentation<\/a><\/li>\n<\/ul>\n<h2><a id=\"sect6\" name=\"sect6\"><\/a>Lois qu\u00e9b\u00e9coises et canadiennes<\/h2>\n<ul>\n<li>Loi sur le statut professionnel et les conditions d\u2019engagement des artistes de la sc\u00e8ne, du disque et du cin\u00e9ma (L.R.Q., chapitre S-32.1)\u00a0<a href=\"http:\/\/legisquebec.gouv.qc.ca\/fr\/ShowDoc\/cs\/S-32.1\" target=\"_blank\" rel=\"noopener noreferrer\">lien<\/a><\/li>\n<li>Loi sur le statut professionnel des artistes des arts visuels, des m\u00e9tiers d\u2019art et de la litt\u00e9rature et sur leurs contrats avec les diffuseurs (L.R.Q., chapitre S-32.01)\u00a0<a href=\"http:\/\/legisquebec.gouv.qc.ca\/fr\/ShowDoc\/cs\/S-32.01\" target=\"_blank\" rel=\"noopener noreferrer\">lien<\/a><\/li>\n<li>Loi sur le statut de l\u2019artiste (L.C., chapitre 33)\u00a0<a href=\"http:\/\/laws-lois.justice.gc.ca\/fra\/lois\/S-19.6\/\" target=\"_blank\" rel=\"noopener noreferrer\">lien<\/a>\u00a0ainsi que le R\u00e8glement sur les cat\u00e9gories professionnelles (Loi sur le statut de l\u2019artiste) DORS\/99-191\u00a0<a href=\"http:\/\/laws-lois.justice.gc.ca\/fra\/reglements\/DORS-99-191\/page-1.html\" target=\"_blank\" rel=\"noopener noreferrer\">lien<\/a><\/li>\n<li>Loi sur le droit d\u2019auteur (L.R.C., 1985, chapitre C-42)\u00a0<a href=\"http:\/\/lois.justice.gc.ca\/fra\/lois\/C-42\/\" target=\"_blank\" rel=\"noopener noreferrer\">lien<\/a><\/li>\n<\/ul>\n<p><\/p>\n<table border=\"0\" width=\"800\" cellspacing=\"0\" cellpadding=\"2\">\n<tbody>\n<tr class=\"DecreaseFontMore\" bgcolor=\"#cccccc\">\n<td>\u00a9\u00a0Francois Brouard &amp; GRIH, Tous droits r\u00e9serv\u00e9s \/ All rights reserved.<br \/>\nDerni\u00e8re mise-\u00e0-jour \/ Last update: January 21 janvier 2021<\/td>\n<\/tr>\n<\/tbody>\n<\/table>\n","protected":false},"excerpt":{"rendered":"<p>Intervenants associ\u00e9s \u00e0 l\u2019industrie de l\u2019humour QC Intervenants de soutien \u2013 recherche et formation Observatoire de l\u2019humour (OH)\u00a0site web Groupe de recherche sur l\u2019industrie de l\u2019humour (GRIH), associ\u00e9 au SCSE-CSES\u00a0site web\u00a0\/\u00a0Tw@IndustrieHumour Observatoire de la culture et des communications du Qu\u00e9bec (OCCQ)\u00a0site web \u00c9cole nationale de l\u2019humour (ENH)\u00a0site web\u00a0\/\u00a0Tw@Ecolehumour\u00a0\/\u00a0Tw@loulouricher Les Atelier Danielle Fichaud (sp\u00e9cial humoristes)\u00a0site web [&hellip;]<\/p>\n","protected":false},"author":7,"featured_media":0,"parent":0,"menu_order":0,"comment_status":"closed","ping_status":"closed","template":"","meta":{"_relevanssi_hide_post":"","_relevanssi_hide_content":"","_relevanssi_pin_for_all":"","_relevanssi_pin_keywords":"","_relevanssi_unpin_keywords":"","_relevanssi_related_keywords":"","_relevanssi_related_include_ids":"","_relevanssi_related_exclude_ids":"","_relevanssi_related_no_append":"","_relevanssi_related_not_related":"","_relevanssi_related_posts":"","_relevanssi_noindex_reason":"","_mi_skip_tracking":false,"_exactmetrics_sitenote_active":false,"_exactmetrics_sitenote_note":"","_exactmetrics_sitenote_category":0,"_monsterinsights_sitenote_active":false,"_monsterinsights_sitenote_note":"","_monsterinsights_sitenote_category":0,"footnotes":"","_links_to":"","_links_to_target":""},"yoast_head":"<!-- This site is optimized with the Yoast SEO plugin v21.2 - https:\/\/yoast.com\/wordpress\/plugins\/seo\/ -->\n<title>Intervenants - GRIH \u2013 Humour<\/title>\n<meta name=\"description\" content=\"Intervenants associ\u00e9s \u00e0 l\u2019industrie de l\u2019humour QC Intervenants de soutien \u2013 recherche et formation Observatoire de l\u2019humour (OH)\u00a0site web Groupe de\" \/>\n<meta name=\"robots\" content=\"index, follow, max-snippet:-1, max-image-preview:large, max-video-preview:-1\" \/>\n<link rel=\"canonical\" href=\"https:\/\/carleton.ca\/humour\/intervenants\/\" \/>\n<meta name=\"twitter:label1\" content=\"Est. reading time\" \/>\n\t<meta name=\"twitter:data1\" content=\"4 minutes\" \/>\n<script type=\"application\/ld+json\" class=\"yoast-schema-graph\">{\"@context\":\"https:\/\/schema.org\",\"@graph\":[{\"@type\":\"WebPage\",\"@id\":\"https:\/\/carleton.ca\/humour\/intervenants\/\",\"url\":\"https:\/\/carleton.ca\/humour\/intervenants\/\",\"name\":\"Intervenants - GRIH \u2013 Humour\",\"isPartOf\":{\"@id\":\"https:\/\/carleton.ca\/humour\/#website\"},\"datePublished\":\"2021-01-21T22:14:07+00:00\",\"dateModified\":\"2021-01-21T22:16:01+00:00\",\"description\":\"Intervenants associ\u00e9s \u00e0 l\u2019industrie de l\u2019humour QC Intervenants de soutien \u2013 recherche et formation Observatoire de l\u2019humour (OH)\u00a0site web Groupe de\",\"breadcrumb\":{\"@id\":\"https:\/\/carleton.ca\/humour\/intervenants\/#breadcrumb\"},\"inLanguage\":\"en-US\",\"potentialAction\":[{\"@type\":\"ReadAction\",\"target\":[\"https:\/\/carleton.ca\/humour\/intervenants\/\"]}]},{\"@type\":\"BreadcrumbList\",\"@id\":\"https:\/\/carleton.ca\/humour\/intervenants\/#breadcrumb\",\"itemListElement\":[{\"@type\":\"ListItem\",\"position\":1,\"name\":\"Home\",\"item\":\"https:\/\/carleton.ca\/humour\/\"},{\"@type\":\"ListItem\",\"position\":2,\"name\":\"Intervenants\"}]},{\"@type\":\"WebSite\",\"@id\":\"https:\/\/carleton.ca\/humour\/#website\",\"url\":\"https:\/\/carleton.ca\/humour\/\",\"name\":\"GRIH \u2013 Humour\",\"description\":\"Carleton University\",\"potentialAction\":[{\"@type\":\"SearchAction\",\"target\":{\"@type\":\"EntryPoint\",\"urlTemplate\":\"https:\/\/carleton.ca\/humour\/?s={search_term_string}\"},\"query-input\":\"required name=search_term_string\"}],\"inLanguage\":\"en-US\"}]}<\/script>\n<!-- \/ Yoast SEO plugin. -->","yoast_head_json":{"title":"Intervenants - GRIH \u2013 Humour","description":"Intervenants associ\u00e9s \u00e0 l\u2019industrie de l\u2019humour QC Intervenants de soutien \u2013 recherche et formation Observatoire de l\u2019humour (OH)\u00a0site web Groupe de","robots":{"index":"index","follow":"follow","max-snippet":"max-snippet:-1","max-image-preview":"max-image-preview:large","max-video-preview":"max-video-preview:-1"},"canonical":"https:\/\/carleton.ca\/humour\/intervenants\/","twitter_misc":{"Est. reading time":"4 minutes"},"schema":{"@context":"https:\/\/schema.org","@graph":[{"@type":"WebPage","@id":"https:\/\/carleton.ca\/humour\/intervenants\/","url":"https:\/\/carleton.ca\/humour\/intervenants\/","name":"Intervenants - GRIH \u2013 Humour","isPartOf":{"@id":"https:\/\/carleton.ca\/humour\/#website"},"datePublished":"2021-01-21T22:14:07+00:00","dateModified":"2021-01-21T22:16:01+00:00","description":"Intervenants associ\u00e9s \u00e0 l\u2019industrie de l\u2019humour QC Intervenants de soutien \u2013 recherche et formation Observatoire de l\u2019humour (OH)\u00a0site web Groupe de","breadcrumb":{"@id":"https:\/\/carleton.ca\/humour\/intervenants\/#breadcrumb"},"inLanguage":"en-US","potentialAction":[{"@type":"ReadAction","target":["https:\/\/carleton.ca\/humour\/intervenants\/"]}]},{"@type":"BreadcrumbList","@id":"https:\/\/carleton.ca\/humour\/intervenants\/#breadcrumb","itemListElement":[{"@type":"ListItem","position":1,"name":"Home","item":"https:\/\/carleton.ca\/humour\/"},{"@type":"ListItem","position":2,"name":"Intervenants"}]},{"@type":"WebSite","@id":"https:\/\/carleton.ca\/humour\/#website","url":"https:\/\/carleton.ca\/humour\/","name":"GRIH \u2013 Humour","description":"Carleton University","potentialAction":[{"@type":"SearchAction","target":{"@type":"EntryPoint","urlTemplate":"https:\/\/carleton.ca\/humour\/?s={search_term_string}"},"query-input":"required name=search_term_string"}],"inLanguage":"en-US"}]}},"acf":{"banner_image_type":"none","banner_button":"no"},"_links":{"self":[{"href":"https:\/\/carleton.ca\/humour\/wp-json\/wp\/v2\/pages\/81"}],"collection":[{"href":"https:\/\/carleton.ca\/humour\/wp-json\/wp\/v2\/pages"}],"about":[{"href":"https:\/\/carleton.ca\/humour\/wp-json\/wp\/v2\/types\/page"}],"author":[{"embeddable":true,"href":"https:\/\/carleton.ca\/humour\/wp-json\/wp\/v2\/users\/7"}],"replies":[{"embeddable":true,"href":"https:\/\/carleton.ca\/humour\/wp-json\/wp\/v2\/comments?post=81"}],"version-history":[{"count":3,"href":"https:\/\/carleton.ca\/humour\/wp-json\/wp\/v2\/pages\/81\/revisions"}],"predecessor-version":[{"id":84,"href":"https:\/\/carleton.ca\/humour\/wp-json\/wp\/v2\/pages\/81\/revisions\/84"}],"wp:attachment":[{"href":"https:\/\/carleton.ca\/humour\/wp-json\/wp\/v2\/media?parent=81"}],"curies":[{"name":"wp","href":"https:\/\/api.w.org\/{rel}","templated":true}]}}